{"id":9935,"date":"2024-03-07T13:47:22","date_gmt":"2024-03-07T12:47:22","guid":{"rendered":"https:\/\/www.cosmundus.com\/?page_id=9935"},"modified":"2024-03-07T13:47:22","modified_gmt":"2024-03-07T12:47:22","slug":"bassa-bergamasca","status":"publish","type":"page","link":"https:\/\/www.cosmundus.com\/it\/destinations\/bassa-bergamasca\/","title":{"rendered":"Bassa Bergamasca"},"content":{"rendered":"<p class=\"has-text-align-right\">&lt;&lt;\u00a0<a href=\"https:\/\/www.cosmundus.com\/it\/atlas\/europe\/southern-europe\/italy\/northwest-italy\/lombardy\/\">Lombardia<\/a><\/p>\n\n\n\n<p class=\"translation-block\">A sud di <a href=\"https:\/\/www.cosmundus.com\/it\/destinations\/bergamo\/\" class=\"ek-link\" target=\"_self\">Bergamo<\/a> si trova un'area conosciuta come Bassa Bergamasca, parte dell'ampia Pianura Padana. Quest'area comprende diversi centri agricoli e industriali, alcuni dei quali ospitano interessanti attrazioni storiche.<\/p>\n\n\n\n<div class=\"wp-block-group\"><div class=\"wp-block-group__inner-container is-layout-constrained wp-block-group-is-layout-constrained\"><div style=\"border: 1px solid #8ed1fc; border-radius: 0%; background-color: inherit; \" class=\"ub-styled-box ub-bordered-box wp-block-ub-styled-box\" id=\"ub-styled-box-371a2c8c-a895-4d27-a20b-5a7cd178c6a4\">\n<p class=\"has-medium-font-size\" id=\"ub-styled-box-bordered-content-9829ef2a-7e42-4db6-82a4-8126f56e73c9\">Posti da vedere nella Bassa Bergamasca<\/p>\n\n\n<div class=\"wp-block-aioseo-table-of-contents\"><ul><li><a class=\"aioseo-toc-item\" href=\"#caravaggio\">Caravaggio<\/a><ul><li><a class=\"aioseo-toc-item\" href=\"#sanctuary-of-santa-maria-del-fonte\">Santuario di Santa Maria del Fonte<\/a><\/li><li><a class=\"aioseo-toc-item\" href=\"#church-of-santi-fermo-e-rustico\">Chiesa dei Santi Fermo e Rustico<\/a><\/li><\/ul><\/li><li><a class=\"aioseo-toc-item\" href=\"#treviglio\">Treviglio<\/a><ul><li><a class=\"aioseo-toc-item\" href=\"#basilica-of-san-martino-e-santa-maria-assunta\">Basilica di San Martino e Santa Maria Assunta<\/a><\/li><\/ul><\/li><li><a class=\"aioseo-toc-item\" href=\"#pagazzano\">Pagazzano<\/a><ul><li><a class=\"aioseo-toc-item\" href=\"#visconti-castle-of-pagazzano\">Castello Visconteo di Pagazzano<\/a><\/li><\/ul><\/li><li><a class=\"aioseo-toc-item\" href=\"#capriate-san-gervasio\">Capriate San Gervasio<\/a><ul><li><a class=\"aioseo-toc-item\" href=\"#crespi-dadda\">Crespi d&#8217;Adda<\/a><\/li><\/ul><\/li><li><a class=\"aioseo-toc-item\" href=\"#cavernago\">Cavernago<\/a><ul><li><a class=\"aioseo-toc-item\" href=\"#malpaga-castle\">Castello di Malpaga<\/a><\/li><\/ul><\/li><\/ul><\/div>\n\n<\/div><\/div><\/div>\n\n\n\n<h2 class=\"wp-block-heading\" id=\"caravaggio\"><strong>Caravaggio<\/strong><\/h2>\n\n\n\n<p class=\"translation-block\">Caravaggio \u00e8 un comune situato nella pianura della Provincia di Bergamo, vicino a Treviglio. Paese di origini antiche, \u00e8 stato per secoli uno dei principali centri della zona. Oggi \u00e8 noto soprattutto per il suo santuario e per il pittore Michelangelo Merisi da Caravaggio, meglio conosciuto semplicemente come Caravaggio, la cui famiglia era originaria di questo paese.<\/p>\n\n\n<div class=\"wp-block-ub-divider ub_divider ub-divider-orientation-horizontal\" id=\"ub_divider_e15d547a-1f92-4582-9ae4-21f6ad61cf5f\"><div class=\"ub_divider_wrapper\" style=\"position: relative; margin-bottom: 2px; width: 100%; height: 2px; \" data-divider-alignment=\"center\"><div class=\"ub_divider_line\" style=\"border-top: 2px solid #ccc; margin-top: 2px; \"><\/div><\/div><\/div>\n\n\n<h4 class=\"wp-block-heading\" id=\"sanctuary-of-santa-maria-del-fonte\"><strong>Santuario di Santa Maria del Fonte<\/strong><\/h4>\n\n\n\n<p class=\"translation-block\">Il Santuario di Santa Maria del Fonte \u00e8 un complesso religioso situato nella campagna a sud-ovest di Caravaggio. Il santuario fu fondato sul luogo di un'apparizione mariana avvenuta nel 1432. L'attuale struttura fu eretta a partire dal sedicesimo secolo, con alcune aggiunte successive. Il santuario presenta ricche decorazioni barocche e numerosi affreschi e altre opere d'arte.<\/p>\n\n\n\n<div class=\"wp-block-columns is-layout-flex wp-container-core-columns-is-layout-9d6595d7 wp-block-columns-is-layout-flex\">\n<div class=\"wp-block-column is-layout-flow wp-block-column-is-layout-flow\" style=\"flex-basis:85%\">\n<p>Indirizzo: Viale Giovanni XXIII, 24043 Caravaggio BG<br>Coordinate: 45.4813, 9.6305<\/p>\n<\/div>\n\n\n\n<div class=\"wp-block-column is-layout-flow wp-block-column-is-layout-flow\" style=\"flex-basis:15%\">\n<p class=\"has-text-align-right\"><a href=\"https:\/\/goo.gl\/maps\/R8D2J6LRhE71Vk3Z8\" target=\"_blank\" aria-label=\" (opens in a new tab)\" rel=\"noreferrer noopener\" class=\"ek-link\">Google Maps<\/a><\/p>\n<\/div>\n<\/div>\n\n\n<div class=\"wp-block-ub-divider ub_divider ub-divider-orientation-horizontal\" id=\"ub_divider_1e8501af-7c1c-459c-90b7-2579b8afd8ce\"><div class=\"ub_divider_wrapper\" style=\"position: relative; margin-bottom: 2px; width: 100%; height: 2px; \" data-divider-alignment=\"center\"><div class=\"ub_divider_line\" style=\"border-top: 2px solid #ccc; margin-top: 2px; \"><\/div><\/div><\/div>\n\n\n<h4 class=\"wp-block-heading\" id=\"church-of-santi-fermo-e-rustico\"><strong>Chiesa dei Santi Fermo e Rustico<\/strong><\/h4>\n\n\n\n<p>La Chiesa dei Santi Fermo e Rustico \u00e8 una chiesa gotica eretta a Caravaggio durante il Basso Medioevo. Gli interni della chiesa presentano numerose cappelle ornate, affreschi e monumenti funerari.<\/p>\n\n\n\n<div class=\"wp-block-columns is-layout-flex wp-container-core-columns-is-layout-9d6595d7 wp-block-columns-is-layout-flex\">\n<div class=\"wp-block-column is-layout-flow wp-block-column-is-layout-flow\" style=\"flex-basis:85%\">\n<p>Indirizzo: Piazza Santi Fermo e Rustico, 6, 24043 Caravaggio BG<br>Coordinate: 45.4968, 9.6451<\/p>\n<\/div>\n\n\n\n<div class=\"wp-block-column is-layout-flow wp-block-column-is-layout-flow\" style=\"flex-basis:15%\">\n<p class=\"has-text-align-right\"><a href=\"https:\/\/goo.gl\/maps\/7Zfz1aeuq3dn2Ljv6\" target=\"_blank\" aria-label=\" (opens in a new tab)\" rel=\"noreferrer noopener\" class=\"ek-link\">Google Maps<\/a><\/p>\n<\/div>\n<\/div>\n\n\n<div style=\"margin-top: var(--wp--preset--spacing--40); margin-bottom: var(--wp--preset--spacing--40); \" class=\"wp-block-ub-divider ub_divider ub-divider-orientation-horizontal\" id=\"ub_divider_ceda2b42-5442-4ef4-803f-aa103bf5b122\"><div class=\"ub_divider_wrapper\" style=\"position: relative; margin-bottom: 10px; width: 100%; height: 10px; \" data-divider-alignment=\"center\"><div class=\"ub_divider_line\" style=\"border-top: 2px solid #000000; margin-top: 10px; \"><\/div><\/div><\/div>\n\n\n<h2 class=\"wp-block-heading\" id=\"treviglio\"><strong>Treviglio<\/strong><\/h2>\n\n\n\n<p class=\"translation-block\">Treviglio \u00e8 una citt\u00e0 situata nella pianura a sud-ovest di Bergamo, e il secondo comune pi\u00f9 popoloso della provincia. Fondata nell'Alto Medioevo, Treviglio fu governata da Milano per gran parte della sua storia, e oggi \u00e8 un importante centro agricolo e industriale.<\/p>\n\n\n<div class=\"wp-block-ub-divider ub_divider ub-divider-orientation-horizontal\" id=\"ub_divider_e557c3a4-9c40-4be0-997f-7fab95b5184b\"><div class=\"ub_divider_wrapper\" style=\"position: relative; margin-bottom: 2px; width: 100%; height: 2px; \" data-divider-alignment=\"center\"><div class=\"ub_divider_line\" style=\"border-top: 2px solid #ccc; margin-top: 2px; \"><\/div><\/div><\/div>\n\n\n<h4 class=\"wp-block-heading\" id=\"basilica-of-san-martino-e-santa-maria-assunta\"><strong>Basilica di San Martino e Santa Maria Assunta<\/strong><\/h4>\n\n\n\n<p>La Basilica di San Martino e Santa Maria Assunta \u00e8 il principale sito religioso di Treviglio. L'attuale struttura gotica fu edificata su una precedente chiesa romanica a partire dal quindicesimo secolo. La chiesa ospita varie opere d'arte, in particolare un polittico di Bernardo Zenale\u00a0e\u00a0Bernardino Butinone, realizzato nel 1485 e considerato tra le pi\u00f9 grandi opere del Rinascimento lombardo.<\/p>\n\n\n\n<div class=\"wp-block-columns is-layout-flex wp-container-core-columns-is-layout-9d6595d7 wp-block-columns-is-layout-flex\">\n<div class=\"wp-block-column is-layout-flow wp-block-column-is-layout-flow\" style=\"flex-basis:85%\">\n<p>Indirizzo: Via S. Martino, 3, 24047 Treviglio BG<br>Coordinate: 45.5214, 9.5930<\/p>\n<\/div>\n\n\n\n<div class=\"wp-block-column is-layout-flow wp-block-column-is-layout-flow\" style=\"flex-basis:15%\">\n<p class=\"has-text-align-right\"><a href=\"https:\/\/goo.gl\/maps\/RPJ42LSAdQhdqir86\" target=\"_blank\" aria-label=\" (opens in a new tab)\" rel=\"noreferrer noopener\" class=\"ek-link\">Google Maps<\/a><\/p>\n<\/div>\n<\/div>\n\n\n<div style=\"margin-top: var(--wp--preset--spacing--40); margin-bottom: var(--wp--preset--spacing--40); \" class=\"wp-block-ub-divider ub_divider ub-divider-orientation-horizontal\" id=\"ub_divider_f94bc4c1-1a54-4f89-a08e-3f9acb4b7749\"><div class=\"ub_divider_wrapper\" style=\"position: relative; margin-bottom: 10px; width: 100%; height: 10px; \" data-divider-alignment=\"center\"><div class=\"ub_divider_line\" style=\"border-top: 2px solid #000000; margin-top: 10px; \"><\/div><\/div><\/div>\n\n\n<h2 class=\"wp-block-heading\" id=\"pagazzano\"><strong>Pagazzano<\/strong><\/h2>\n\n\n\n<p class=\"translation-block\">Pagazzano \u00e8 un paesino a est di Treviglio in Provincia di Bergamo, meglio conosciuto per il suo castello.<\/p>\n\n\n<div class=\"wp-block-ub-divider ub_divider ub-divider-orientation-horizontal\" id=\"ub_divider_4ce0eac1-3bec-4f30-8a7e-096207cf4af3\"><div class=\"ub_divider_wrapper\" style=\"position: relative; margin-bottom: 2px; width: 100%; height: 2px; \" data-divider-alignment=\"center\"><div class=\"ub_divider_line\" style=\"border-top: 2px solid #ccc; margin-top: 2px; \"><\/div><\/div><\/div>\n\n\n<h4 class=\"wp-block-heading\" id=\"visconti-castle-of-pagazzano\"><strong>Castello Visconteo di Pagazzano<\/strong><\/h4>\n\n\n\n<p class=\"translation-block\">Il Castello Visconteo di Pagazzano fu originariamente costruito come fortificazione nel Basso Medioevo, e fu poi rimaneggiato nel corso del quindicesimo secolo. La struttura \u00e8 ben conservata e circondata da un fossato, e al suo interno ospita alcuni antichi affreschi.<\/p>\n\n\n\n<div class=\"wp-block-columns is-layout-flex wp-container-core-columns-is-layout-9d6595d7 wp-block-columns-is-layout-flex\">\n<div class=\"wp-block-column is-layout-flow wp-block-column-is-layout-flow\" style=\"flex-basis:85%\">\n<p>Indirizzo: Piazza Castello, 1, 24040 Pagazzano BG<br>Coordinate: 45.5319, 9.6700<\/p>\n<\/div>\n\n\n\n<div class=\"wp-block-column is-layout-flow wp-block-column-is-layout-flow\" style=\"flex-basis:15%\">\n<p class=\"has-text-align-right\"><a href=\"https:\/\/goo.gl\/maps\/oske2NFijcSNNa9W8\" target=\"_blank\" aria-label=\" (opens in a new tab)\" rel=\"noreferrer noopener\" class=\"ek-link\">Google Maps<\/a><\/p>\n<\/div>\n<\/div>\n\n\n<div style=\"margin-top: var(--wp--preset--spacing--40); margin-bottom: var(--wp--preset--spacing--40); \" class=\"wp-block-ub-divider ub_divider ub-divider-orientation-horizontal\" id=\"ub_divider_146da848-0a07-431e-9e9f-da70f9cbaa2b\"><div class=\"ub_divider_wrapper\" style=\"position: relative; margin-bottom: 10px; width: 100%; height: 10px; \" data-divider-alignment=\"center\"><div class=\"ub_divider_line\" style=\"border-top: 2px solid #000000; margin-top: 10px; \"><\/div><\/div><\/div>\n\n\n<h2 class=\"wp-block-heading\" id=\"capriate-san-gervasio\"><strong>Capriate San Gervasio<\/strong><\/h2>\n\n\n\n<p class=\"translation-block\">Capriate San Gervasio \u00e8 un paese situato lungo il fiume Adda in Provincia di Bergamo. \u00c8 noto soprattutto per la frazione di Crespi d'Adda, che fa parte del comune di Capriate San Gervasio.<\/p>\n\n\n<div class=\"wp-block-ub-divider ub_divider ub-divider-orientation-horizontal\" id=\"ub_divider_2fa5a323-7316-411d-8918-eed45b8affc0\"><div class=\"ub_divider_wrapper\" style=\"position: relative; margin-bottom: 2px; width: 100%; height: 2px; \" data-divider-alignment=\"center\"><div class=\"ub_divider_line\" style=\"border-top: 2px solid #ccc; margin-top: 2px; \"><\/div><\/div><\/div>\n\n\n<h4 class=\"wp-block-heading\" id=\"crespi-dadda\"><strong>Crespi d&#8217;Adda<\/strong><\/h4>\n\n\n\n<p>Crespi d'Adda \u00e8 un paesino situato lungo il fiume Adda a sud di Capriate San Gervasio. \u00c8 uno degli esempi meglio conservati di villaggio operaio ottocentesco, e come tale \u00e8 stato inserito tra i Patrimoni dell'Umanit\u00e0 dell'UNESCO. Il paese sorse tra la fine dell'Ottocento e l'inizio del Novecento intorno a un cotonificio, circondato dalle case degli operai e da vari servizi pubblici. Successivamente il villaggio sub\u00ec un declino e la maggior parte degli edifici fu venduta a privati a partire dagli anni Settanta.<\/p>\n\n\n\n<div class=\"wp-block-columns is-layout-flex wp-container-core-columns-is-layout-9d6595d7 wp-block-columns-is-layout-flex\">\n<div class=\"wp-block-column is-layout-flow wp-block-column-is-layout-flow\" style=\"flex-basis:85%\">\n<p>Indirizzo: Corso Alessandro Manzoni, 18, 24042 Capriate San Gervasio BG<br>Coordinate: 45.5981, 9.5351<\/p>\n<\/div>\n\n\n\n<div class=\"wp-block-column is-layout-flow wp-block-column-is-layout-flow\" style=\"flex-basis:15%\">\n<p class=\"has-text-align-right\"><a href=\"https:\/\/goo.gl\/maps\/B5pUreRaiu56A4cC8\" target=\"_blank\" aria-label=\" (opens in a new tab)\" rel=\"noreferrer noopener\" class=\"ek-link\">Google Maps<\/a><\/p>\n<\/div>\n<\/div>\n\n\n<div style=\"margin-top: var(--wp--preset--spacing--40); margin-bottom: var(--wp--preset--spacing--40); \" class=\"wp-block-ub-divider ub_divider ub-divider-orientation-horizontal\" id=\"ub_divider_c42f70de-6f80-47cd-aae3-8a8ad82d5966\"><div class=\"ub_divider_wrapper\" style=\"position: relative; margin-bottom: 10px; width: 100%; height: 10px; \" data-divider-alignment=\"center\"><div class=\"ub_divider_line\" style=\"border-top: 2px solid #000000; margin-top: 10px; \"><\/div><\/div><\/div>\n\n\n<h2 class=\"wp-block-heading\" id=\"cavernago\"><strong>Cavernago<\/strong><\/h2>\n\n\n\n<p class=\"translation-block\">Cavernago \u00e8 un piccolo paese nella campagna a sud-est di Bergamo, meglio noto per lo storico castello situato nelle vicinanze.<\/p>\n\n\n<div class=\"wp-block-ub-divider ub_divider ub-divider-orientation-horizontal\" id=\"ub_divider_25231731-b86a-478c-a128-b0b6606dfca7\"><div class=\"ub_divider_wrapper\" style=\"position: relative; margin-bottom: 2px; width: 100%; height: 2px; \" data-divider-alignment=\"center\"><div class=\"ub_divider_line\" style=\"border-top: 2px solid #ccc; margin-top: 2px; \"><\/div><\/div><\/div>\n\n\n<h4 class=\"wp-block-heading\" id=\"malpaga-castle\"><strong>Castello di Malpaga<\/strong><\/h4>\n\n\n\n<p>Il Castello di Malpaga \u00e8 uno storico castello situato nei pressi di Cavernago. Il castello fu eretto nel corso del quindicesimo secolo su una precedente fortificazione, e successivamente rimaneggiato. Il Castello di Malpaga \u00e8 noto per ospitare varie sale riccamente affrescate, dipinte dall'artista rinascimentale Il Romanino. Anche le pareti del cortile interno del castello presentano affreschi del Romanino.<\/p>\n\n\n\n<div class=\"wp-block-columns is-layout-flex wp-container-core-columns-is-layout-9d6595d7 wp-block-columns-is-layout-flex\">\n<div class=\"wp-block-column is-layout-flow wp-block-column-is-layout-flow\" style=\"flex-basis:85%\">\n<p>Indirizzo: Via Guglielmo Marconi, 20, 24050 Cavernago BG<br>Coordinate: 45.6162, 9.7585<\/p>\n<\/div>\n\n\n\n<div class=\"wp-block-column is-layout-flow wp-block-column-is-layout-flow\" style=\"flex-basis:15%\">\n<p class=\"has-text-align-right\"><a href=\"https:\/\/goo.gl\/maps\/j3e1oU8HZ7hxgbX56\" target=\"_blank\" aria-label=\" (opens in a new tab)\" rel=\"noreferrer noopener\" class=\"ek-link\">Google Maps<\/a><\/p>\n<\/div>\n<\/div>","protected":false},"excerpt":{"rendered":"<p>&lt;&lt;\u00a0Lombardy South of Bergamo is an area known as Bassa Bergamasca, part of the wide Po Valley. This area includes several agricultural and industrial centers, some of which house intersting historic attractions. Caravaggio Caravaggio is a town located in the plains of the Province of Bergamo, near Treviglio. A town of ancient origins, it has been one of the main centers in the area for centuries. Today it is best known for its sanctuary and for painter Michelangelo Merisi da Caravaggio, best known simply as Caravaggio, whose family was from this town. Sanctuary of Santa Maria del Fonte The Sanctuary of Santa Maria del Fonte (Santuario di Santa Maria del Fonte) is a religious complex located in the countryside southwest of Caravaggio. The sanctuary was founded on the site of a Marian apparition that happened in 1432. The current structure was erected starting in the 16th century, with some later additions. The sanctuary features rich Baroque decorations and numerous frescoes and other artworks. Address: Viale Giovanni XXIII, 24043 Caravaggio BGCoordinates: 45.4813, 9.6305 Google Maps Church of Santi Fermo e Rustico The Church of Santi Fermo e Rustico is a Gothic church erected in Caravaggio during the Late Middle Ages. The interiors of the church feature many adorned chapels, and numerous frescoes and funerary monuments. Address: Piazza Santi Fermo e Rustico, 6, 24043 Caravaggio BGCoordinates: 45.4968, 9.6451 Google Maps Treviglio Treviglio is a city located in the plain southwest of Bergamo, and the second most populous town in the province. Founded in the Early Middle Ages, Treviglio was ruled by Milan for most of its history, and now it is an important agricultural and industrial center. Basilica of San Martino e Santa Maria Assunta The Basilica of San Martino e Santa Maria Assunta is the main religious site in Treviglio. The current Gothic structure was built over a previous Romanesque church starting in the 15th century. The church houses various artworks, most notably a polyptych by Bernardo Zenale&nbsp;and&nbsp;Bernardino Butinone, made in 1485 and considered among the greatest works of the Lombard Renaissance. Address: Via S. Martino, 3, 24047 Treviglio BGCoordinates: 45.5214, 9.5930 Google Maps Pagazzano Pagazzano is a small town east of Treviglio in the Province of Bergamo, best known for its castle. Visconti Castle of Pagazzano The Visconti Castle of Pagazzano (Castello Visconteo di Pagazzano) was originally built as a fortification in the Late Middle Ages, and was later reworked during the 15th century. The structure is well preserved and surrounded by a moat, and its interiors host some ancient frescoes. Address: Piazza Castello, 1, 24040 Pagazzano BGCoordinates: 45.5319, 9.6700 Google Maps Capriate San Gervasio Capriate San Gervasio is a town located along the Adda river in the Province of Bergamo. It is best known for the village of Crespi d&#8217;Adda, which forms part of the municipality of Capriate San Gervasio. Crespi d&#8217;Adda Crespi d&#8217;Adda is a small village located along the Adda river south of Capriate San Gervasio. It is one of the best preserved examples of 19th-century factory town, and as such it has been listed among the UNESCO World Heritage sites. The town was built in the late 19th century and early 20th century around a cotton mill, surrounded by the houses of the workers and various public services. The village later declined and most of the buildings were sold to privates starting in the 1970s. Address: Corso Alessandro Manzoni, 18, 24042 Capriate San Gervasio BGCoordinates: 45.5981, 9.5351 Google Maps Cavernago Cavernago is a small town in the countryside southeast of Bergamo, best known for the historic castle located nearby. Malpaga Castle The Malpaga Castle is a historic castle located near Cavernago. The castle was erected during the 15th century over a previous fortification, and was later reworked. The Malpaga Castle is known for housing various richly frescoed halls, painted by Renaissance artist Il Romanino. The walls of the internal courtyard of the castle also feature frescoes by Il Romanino. Address: Via Guglielmo Marconi, 20, 24050 Cavernago BGCoordinates: 45.6162, 9.7585 Google Maps<\/p>","protected":false},"author":1,"featured_media":0,"parent":932,"menu_order":0,"comment_status":"closed","ping_status":"closed","template":"","meta":{"_editorskit_title_hidden":false,"_editorskit_reading_time":0,"_editorskit_is_block_options_detached":false,"_editorskit_block_options_position":"{}","om_disable_all_campaigns":false,"_uag_custom_page_level_css":"","advgb_blocks_editor_width":"","advgb_blocks_columns_visual_guide":"","_monsterinsights_skip_tracking":false,"_monsterinsights_sitenote_active":false,"_monsterinsights_sitenote_note":"","_monsterinsights_sitenote_category":0,"footnotes":""},"class_list":["post-9935","page","type-page","status-publish","hentry"],"aioseo_notices":[],"featured_image_src":null,"uagb_featured_image_src":{"full":false,"thumbnail":false,"medium":false,"medium_large":false,"large":false,"1536x1536":false,"2048x2048":false,"trp-custom-language-flag":false,"xs-thumb":false,"post-thumbnail":false,"minimalistblogger-grid":false,"minimalistblogger-slider":false,"minimalistblogger-small":false},"uagb_author_info":{"display_name":"Stefano Cammisa","author_link":"https:\/\/www.cosmundus.com\/it\/author\/stefano-cammisa\/"},"uagb_comment_info":0,"uagb_excerpt":"&lt;&lt;\u00a0Lombardy South of Bergamo is an area known as Bassa Bergamasca, part of the wide Po Valley. This area includes several agricultural and industrial centers, some of which house intersting historic attractions. Caravaggio Caravaggio is a town located in the plains of the Province of Bergamo, near Treviglio. A town of ancient origins, it has&hellip;","coauthors":[],"author_meta":{"author_link":"https:\/\/www.cosmundus.com\/it\/author\/stefano-cammisa\/","display_name":"Stefano Cammisa"},"relative_dates":{"created":"Pubblicato 2 anni fa","modified":"Aggiornato 2 anni fa"},"absolute_dates":{"created":"Pubblicato il 7 Marzo 2024","modified":"Aggiornato il 7 Marzo 2024"},"absolute_dates_time":{"created":"Pubblicato il 7 Marzo 2024 1:47 pm","modified":"Aggiornato il 7 Marzo 2024 1:47 pm"},"featured_img_caption":"","featured_img":false,"series_order":"","_links":{"self":[{"href":"https:\/\/www.cosmundus.com\/it\/wp-json\/wp\/v2\/pages\/9935","targetHints":{"allow":["GET"]}}],"collection":[{"href":"https:\/\/www.cosmundus.com\/it\/wp-json\/wp\/v2\/pages"}],"about":[{"href":"https:\/\/www.cosmundus.com\/it\/wp-json\/wp\/v2\/types\/page"}],"author":[{"embeddable":true,"href":"https:\/\/www.cosmundus.com\/it\/wp-json\/wp\/v2\/users\/1"}],"replies":[{"embeddable":true,"href":"https:\/\/www.cosmundus.com\/it\/wp-json\/wp\/v2\/comments?post=9935"}],"version-history":[{"count":2,"href":"https:\/\/www.cosmundus.com\/it\/wp-json\/wp\/v2\/pages\/9935\/revisions"}],"predecessor-version":[{"id":9940,"href":"https:\/\/www.cosmundus.com\/it\/wp-json\/wp\/v2\/pages\/9935\/revisions\/9940"}],"up":[{"embeddable":true,"href":"https:\/\/www.cosmundus.com\/it\/wp-json\/wp\/v2\/pages\/932"}],"wp:attachment":[{"href":"https:\/\/www.cosmundus.com\/it\/wp-json\/wp\/v2\/media?parent=9935"}],"curies":[{"name":"wp","href":"https:\/\/api.w.org\/{rel}","templated":true}]}}