{"id":9908,"date":"2024-03-07T10:38:36","date_gmt":"2024-03-07T09:38:36","guid":{"rendered":"https:\/\/www.cosmundus.com\/?page_id=9908"},"modified":"2024-10-07T11:57:36","modified_gmt":"2024-10-07T09:57:36","slug":"lomellina-and-oltrepo-pavese","status":"publish","type":"page","link":"https:\/\/www.cosmundus.com\/it\/destinations\/lomellina-and-oltrepo-pavese\/","title":{"rendered":"Lomellina e Oltrep\u00f2 Pavese"},"content":{"rendered":"<p class=\"has-text-align-right\">&lt;&lt;&nbsp;<a href=\"https:\/\/www.cosmundus.com\/it\/atlas\/europe\/southern-europe\/italy\/northwest-italy\/lombardy\/\">Lombardia<\/a><\/p>\n\n\n\n<p class=\"translation-block\">La Provincia di <a href=\"https:\/\/www.cosmundus.com\/it\/destinations\/pavese\/#pavia\" class=\"ek-link\" target=\"_self\">Pavia<\/a> comprende le regioni storiche della Lomellina e dell'Oltrep\u00f2 Pavese. La Lomellina \u00e8 la parte nord-occidentale della provincia, e si trova nella Pianura Padana. Questa \u00e8 una zona a vocazione agricola, e il centro principale della regione \u00e8 Vigevano. L'Oltrep\u00f2 Pavese si trova a sud del Po e la sua citt\u00e0 pi\u00f9 grande \u00e8 Voghera. Da nord a sud, quest'area comprende la pianura vicino al fiume Po, una zona collinare ed infine un tratto della catena appenninica.<\/p>\n\n\n\n<div class=\"wp-block-group\"><div class=\"wp-block-group__inner-container is-layout-constrained wp-block-group-is-layout-constrained\"><div style=\"border: 1px solid #8ed1fc; border-radius: 0%; background-color: inherit; \" class=\"ub-styled-box ub-bordered-box wp-block-ub-styled-box\" id=\"ub-styled-box-796ec8e4-16f8-47b7-bce4-11858cffc5ad\">\n<p class=\"has-medium-font-size\" id=\"ub-styled-box-bordered-content-f2cc69fd-7eea-4fa7-ac02-3f4725b56533\">Posti da vedere in Lomellina e nell'Oltrep\u00f2 Pavese<\/p>\n\n\n<div class=\"wp-block-aioseo-table-of-contents\"><ul><li><a class=\"aioseo-toc-item\" href=\"#vigevano\">Vigevano<\/a><ul><li><a class=\"aioseo-toc-item\" href=\"#sforza-castle-of-vigevano\">Castello Sforzesco di Vigevano<\/a><\/li><li><a class=\"aioseo-toc-item\" href=\"#vigevano-cathedral\">Duomo di Vigevano<\/a><\/li><\/ul><\/li><li><a class=\"aioseo-toc-item\" href=\"#palestro\">Palestro<\/a><ul><li><a class=\"aioseo-toc-item\" href=\"#ossuary-of-palestro\">Ossario di Palestro<\/a><\/li><\/ul><\/li><li><a class=\"aioseo-toc-item\" href=\"#voghera\">Voghera<\/a><ul><li><a class=\"aioseo-toc-item\" href=\"#duomo-of-voghera\">Duomo di Voghera<\/a><\/li><li><a class=\"aioseo-toc-item\" href=\"#visconti-castle-of-voghera\">Castello Visconteo di Voghera<\/a><\/li><li><a class=\"aioseo-toc-item\" href=\"#caserma-vittorio-emanuele-ii\">Caserma Vittorio Emanuele II<\/a><\/li><\/ul><\/li><li><a class=\"aioseo-toc-item\" href=\"#montesegale\">Montesegale<\/a><ul><li><a class=\"aioseo-toc-item\" href=\"#montesegale-castle\">Castello di Montesegale<\/a><\/li><\/ul><\/li><\/ul><\/div>\n\n<\/div><\/div><\/div>\n\n\n\n<h2 class=\"wp-block-heading\" id=\"vigevano\"><strong>Vigevano<\/strong><\/h2>\n\n\n\n<p class=\"translation-block\">Vigevano \u00e8 la seconda citt\u00e0 pi\u00f9 grande della Provincia di Pavia, e il centro principale della regione storica della Lomellina. Fondata nell'Alto Medioevo, fu contesa per secoli tra Pavia e <a href=\"https:\/\/www.cosmundus.com\/it\/destinations\/milan\/\" class=\"ek-link\" target=\"_self\">Milano<\/a>. Dopo un periodo come libero comune, Vigevano fu conquistata da Milano e rimase la citt\u00e0 pi\u00f9 importante della zona. Oggi \u00e8 principalmente un centro agricolo con alcune attrazioni storiche.<\/p>\n\n\n<div class=\"wp-block-ub-divider ub_divider ub-divider-orientation-horizontal\" id=\"ub_divider_58cd6c02-1970-4254-a81c-09a3ceecc6a8\"><div class=\"ub_divider_wrapper\" style=\"position: relative; margin-bottom: 2px; width: 100%; height: 2px; \" data-divider-alignment=\"center\"><div class=\"ub_divider_line\" style=\"border-top: 2px solid #ccc; margin-top: 2px; \"><\/div><\/div><\/div>\n\n\n<h4 class=\"wp-block-heading\" id=\"sforza-castle-of-vigevano\"><strong>Castello Sforzesco di Vigevano<\/strong><\/h4>\n\n\n\n<p class=\"translation-block\">Il Castello Sforzesco di Vigevano \u00e8 un complesso fortificato nel centro di Vigevano. Costruito in pi\u00f9 fasi durante l'Alto Medioevo, fu trasformato nel quindicesimo secolo nella residenza della famiglia regnante degli Sforza. Il castello presenta un'alta torre civica e una serie di palazzi storici e fortificazioni collegati tra loro. Il complesso include la Pinacoteca Casimiro Ottone<\/strong>, il <strong>Museo Internazionale della Calzatura<\/strong>, che ospita una collezione di calzature storiche, e il <strong>Museo Archeologico Nazionale della Lomellina<\/strong>, con vari reperti archeologici locali.<\/p>\n\n\n\n<div class=\"wp-block-columns is-layout-flex wp-container-core-columns-is-layout-9d6595d7 wp-block-columns-is-layout-flex\">\n<div class=\"wp-block-column is-layout-flow wp-block-column-is-layout-flow\" style=\"flex-basis:85%\">\n<p>Indirizzo: Piazza Ducale, 20, 27029 Vigevano PV<br>Coordinate: 45.3170, 8.8572<\/p>\n<\/div>\n\n\n\n<div class=\"wp-block-column is-layout-flow wp-block-column-is-layout-flow\" style=\"flex-basis:15%\">\n<p class=\"has-text-align-right\"><a href=\"https:\/\/goo.gl\/maps\/Huhzpt2VvyEG37pQ6\" target=\"_blank\" aria-label=\" (opens in a new tab)\" rel=\"noreferrer noopener\" class=\"ek-link\">Google Maps<\/a><\/p>\n<\/div>\n<\/div>\n\n\n<div class=\"wp-block-ub-divider ub_divider ub-divider-orientation-horizontal\" id=\"ub_divider_8f09b2f0-de4f-4937-9646-29a2d558eee9\"><div class=\"ub_divider_wrapper\" style=\"position: relative; margin-bottom: 2px; width: 100%; height: 2px; \" data-divider-alignment=\"center\"><div class=\"ub_divider_line\" style=\"border-top: 2px solid #ccc; margin-top: 2px; \"><\/div><\/div><\/div>\n\n\n<h4 class=\"wp-block-heading\" id=\"vigevano-cathedral\"><strong>Duomo di Vigevano<\/strong><\/h4>\n\n\n\n<p>Anche noto come: Cattedrale di Sant\u2019Ambrogio<\/p>\n\n\n\n<p class=\"translation-block\">Il Duomo di Vigevano \u00e8 la chiesa principale della citt\u00e0, eretta tra il sedicesimo e il diciassettesimo secolo. La chiesa presenta una facciata concava e vari affreschi, opere d'arte e decorazioni manieriste. Adiacente alla chiesa si trova il <strong>Museo del Tesoro del Duomo di Vigevano<\/strong>, una raccolta di pezzi storici di arte sacra, arazzi e molte altre opere d'arte. La cattedrale si affaccia sulla grande <strong>Piazza Ducale<\/strong>, la piazza principale di Vigevano.<\/p>\n\n\n\n<div class=\"wp-block-columns is-layout-flex wp-container-core-columns-is-layout-9d6595d7 wp-block-columns-is-layout-flex\">\n<div class=\"wp-block-column is-layout-flow wp-block-column-is-layout-flow\" style=\"flex-basis:85%\">\n<p>Indirizzo: Piazza Ducale, 27029 Vigevano PV<br>Coordinate: 45.3171, 8.8589<\/p>\n<\/div>\n\n\n\n<div class=\"wp-block-column is-layout-flow wp-block-column-is-layout-flow\" style=\"flex-basis:15%\">\n<p class=\"has-text-align-right\"><a href=\"https:\/\/goo.gl\/maps\/YdAJhMgZiX5qd68X9\" target=\"_blank\" aria-label=\" (opens in a new tab)\" rel=\"noreferrer noopener\" class=\"ek-link\">Google Maps<\/a><\/p>\n<\/div>\n<\/div>\n\n\n<div style=\"margin-top: var(--wp--preset--spacing--40); margin-bottom: var(--wp--preset--spacing--40); \" class=\"wp-block-ub-divider ub_divider ub-divider-orientation-horizontal\" id=\"ub_divider_2e2e5085-e978-48b2-b3fc-326cfe64e79a\"><div class=\"ub_divider_wrapper\" style=\"position: relative; margin-bottom: 10px; width: 100%; height: 10px; \" data-divider-alignment=\"center\"><div class=\"ub_divider_line\" style=\"border-top: 2px solid #000000; margin-top: 10px; \"><\/div><\/div><\/div>\n\n\n<h2 class=\"wp-block-heading\" id=\"palestro\"><strong>Palestro<\/strong><\/h2>\n\n\n\n<p class=\"translation-block\">Palestro \u00e8 un paesino in Provincia di Pavia, vicino a <a href=\"https:\/\/www.cosmundus.com\/it\/destinations\/vercelli\/\" class=\"ek-link\" target=\"_self\">Vercelli<\/a>. L'insediamento \u00e8 noto per la battaglia di Palestro, in cui l'esercito sardo e francese sconfisse gli austriaci nel 1859, durante la seconda guerra d'indipendenza italiana.<\/p>\n\n\n<div class=\"wp-block-ub-divider ub_divider ub-divider-orientation-horizontal\" id=\"ub_divider_85ea1250-700b-4fac-8ddc-cbeeeb54904e\"><div class=\"ub_divider_wrapper\" style=\"position: relative; margin-bottom: 2px; width: 100%; height: 2px; \" data-divider-alignment=\"center\"><div class=\"ub_divider_line\" style=\"border-top: 2px solid #ccc; margin-top: 2px; \"><\/div><\/div><\/div>\n\n\n<h4 class=\"wp-block-heading\" id=\"ossuary-of-palestro\"><strong>Ossario di Palestro<\/strong><\/h4>\n\n\n\n<p class=\"translation-block\">L'Ossario di Palestro \u00e8 un grande monumento ai caduti eretto nei pressi di Palestro alla fine dell'Ottocento per commemorare la battaglia di Palestro che qui fu combattuta qui nel 1859. Sia l'esterno che l'interno del monumento sono riccamente decorati.<\/p>\n\n\n\n<div class=\"wp-block-columns is-layout-flex wp-container-core-columns-is-layout-9d6595d7 wp-block-columns-is-layout-flex\">\n<div class=\"wp-block-column is-layout-flow wp-block-column-is-layout-flow\" style=\"flex-basis:85%\">\n<p>Indirizzo: S.da Provinciale ex S.da Statale 596 dei Cairoli, 97, 27030 Palestro PV<br>Coordinate: 45.3034, 8.5242<\/p>\n<\/div>\n\n\n\n<div class=\"wp-block-column is-layout-flow wp-block-column-is-layout-flow\" style=\"flex-basis:15%\">\n<p class=\"has-text-align-right\"><a href=\"https:\/\/goo.gl\/maps\/Hcfb9jezaowbc4Co7\" target=\"_blank\" aria-label=\" (opens in a new tab)\" rel=\"noreferrer noopener\" class=\"ek-link\">Google Maps<\/a><\/p>\n<\/div>\n<\/div>\n\n\n<div style=\"margin-top: var(--wp--preset--spacing--40); margin-bottom: var(--wp--preset--spacing--40); \" class=\"wp-block-ub-divider ub_divider ub-divider-orientation-horizontal\" id=\"ub_divider_9935b822-61dc-4bfd-8343-ce93cb42c714\"><div class=\"ub_divider_wrapper\" style=\"position: relative; margin-bottom: 10px; width: 100%; height: 10px; \" data-divider-alignment=\"center\"><div class=\"ub_divider_line\" style=\"border-top: 2px solid #000000; margin-top: 10px; \"><\/div><\/div><\/div>\n\n\n<h2 class=\"wp-block-heading\" id=\"voghera\"><strong>Voghera<\/strong><\/h2>\n\n\n\n<p class=\"translation-block\">Voghera \u00e8 una citt\u00e0 situata a sud di Pavia, e il centro pi\u00f9 importante dell'Oltrep\u00f2 Pavese. Citt\u00e0 di origini antiche, si afferma nel Basso Medioevo come centro del commercio locale. Governata per secoli da Milano, fu presa dal Regno di <a href=\"https:\/\/www.cosmundus.com\/it\/atlas\/europe\/southern-europe\/italy\/insular-italy\/sardinia\/\" class=\"ek-link\" target=\"_self\">Sardegna<\/a> nel 1743, ed entr\u00f2 a far parte della Lombardia dopo l'Unit\u00e0 d'Italia.<\/p>\n\n\n<div class=\"wp-block-ub-divider ub_divider ub-divider-orientation-horizontal\" id=\"ub_divider_0166fd01-24f4-4f91-996d-8444fbf6c262\"><div class=\"ub_divider_wrapper\" style=\"position: relative; margin-bottom: 2px; width: 100%; height: 2px; \" data-divider-alignment=\"center\"><div class=\"ub_divider_line\" style=\"border-top: 2px solid #ccc; margin-top: 2px; \"><\/div><\/div><\/div>\n\n\n<h4 class=\"wp-block-heading\" id=\"duomo-of-voghera\"><strong>Duomo di Voghera<\/strong><\/h4>\n\n\n\n<p>Il Duomo di Voghera \u00e8 il principale luogo religioso della citt\u00e0. Questa chiesa rinascimentale fu costruita a partire dal diciassettesimo secolo in sostituzione di un edificio precedente. La chiesa presenta una grande cupola e ospita alcune interessanti opere d'arte e reliquie.<\/p>\n\n\n\n<div class=\"wp-block-columns is-layout-flex wp-container-core-columns-is-layout-9d6595d7 wp-block-columns-is-layout-flex\">\n<div class=\"wp-block-column is-layout-flow wp-block-column-is-layout-flow\" style=\"flex-basis:85%\">\n<p>Indirizzo: Piazza Duomo, 92, 27058 Voghera PV<br>Coordinate: 44.9928, 9.0091<\/p>\n<\/div>\n\n\n\n<div class=\"wp-block-column is-layout-flow wp-block-column-is-layout-flow\" style=\"flex-basis:15%\">\n<p class=\"has-text-align-right\"><a href=\"https:\/\/goo.gl\/maps\/BRSX5C1cRiabXxgD9\" target=\"_blank\" aria-label=\" (opens in a new tab)\" rel=\"noreferrer noopener\" class=\"ek-link\">Google Maps<\/a><\/p>\n<\/div>\n<\/div>\n\n\n<div class=\"wp-block-ub-divider ub_divider ub-divider-orientation-horizontal\" id=\"ub_divider_bc4ae75b-1c29-4674-8a3c-fe4d049a51f1\"><div class=\"ub_divider_wrapper\" style=\"position: relative; margin-bottom: 2px; width: 100%; height: 2px; \" data-divider-alignment=\"center\"><div class=\"ub_divider_line\" style=\"border-top: 2px solid #ccc; margin-top: 2px; \"><\/div><\/div><\/div>\n\n\n<h4 class=\"wp-block-heading\" id=\"visconti-castle-of-voghera\"><strong>Castello Visconteo di Voghera<\/strong><\/h4>\n\n\n\n<p class=\"translation-block\">Il Castello Visconteo di Voghera \u00e8 un castello medievale eretto nel quattordicesimo secolo a Voghera. Il castello fu successivamente rimaneggiato e adibito a palazzo residenziale e poi a carcere. Oggi restaurato, il castello conserva degli antichi affreschi e alcune sale sono visitabili.<\/p>\n\n\n\n<div class=\"wp-block-columns is-layout-flex wp-container-core-columns-is-layout-9d6595d7 wp-block-columns-is-layout-flex\">\n<div class=\"wp-block-column is-layout-flow wp-block-column-is-layout-flow\" style=\"flex-basis:85%\">\n<p>Indirizzo: P.za Liberazione, 27058 Voghera PV<br>Coordinate: 44.9894, 9.0092<\/p>\n<\/div>\n\n\n\n<div class=\"wp-block-column is-layout-flow wp-block-column-is-layout-flow\" style=\"flex-basis:15%\">\n<p class=\"has-text-align-right\"><a href=\"https:\/\/goo.gl\/maps\/WEUzpeupZBC3k3Qg8\" target=\"_blank\" aria-label=\" (opens in a new tab)\" rel=\"noreferrer noopener\" class=\"ek-link\">Google Maps<\/a><\/p>\n<\/div>\n<\/div>\n\n\n<div class=\"wp-block-ub-divider ub_divider ub-divider-orientation-horizontal\" id=\"ub_divider_7fec8d4d-96f4-477a-997c-a43cd2cd95b7\"><div class=\"ub_divider_wrapper\" style=\"position: relative; margin-bottom: 2px; width: 100%; height: 2px; \" data-divider-alignment=\"center\"><div class=\"ub_divider_line\" style=\"border-top: 2px solid #ccc; margin-top: 2px; \"><\/div><\/div><\/div>\n\n\n<h4 class=\"wp-block-heading\" id=\"caserma-vittorio-emanuele-ii\"><strong>Caserma Vittorio Emanuele II<\/strong><\/h4>\n\n\n\n<p class=\"translation-block\">La Caserma Vittorio Emanuele II \u00e8 un ex complesso militare eretto a Voghera nel corso dell'Ottocento. Oggi parte dell'edificio ospita il <strong>Museo Storico di Voghera Giuseppe Beccari<\/strong>, un museo di storia militare che conserva alcuni pezzi importanti, e il <strong>Museo di Scienze Naturali di Voghera<\/strong>, che include collezioni di zoologia, paleontologia, mineralogia e botanica.<\/p>\n\n\n\n<div class=\"wp-block-columns is-layout-flex wp-container-core-columns-is-layout-9d6595d7 wp-block-columns-is-layout-flex\">\n<div class=\"wp-block-column is-layout-flow wp-block-column-is-layout-flow\" style=\"flex-basis:85%\">\n<p>Indirizzo: Via Gramsci, 1 bis, 27058 Voghera PV<br>Coordinate: 44.9904, 9.0054<\/p>\n<\/div>\n\n\n\n<div class=\"wp-block-column is-layout-flow wp-block-column-is-layout-flow\" style=\"flex-basis:15%\">\n<p class=\"has-text-align-right\"><a href=\"https:\/\/goo.gl\/maps\/Jd12eTKRWC3Dz5TXA\" target=\"_blank\" aria-label=\" (opens in a new tab)\" rel=\"noreferrer noopener\" class=\"ek-link\">Google Maps<\/a><\/p>\n<\/div>\n<\/div>\n\n\n<div style=\"margin-top: var(--wp--preset--spacing--40); margin-bottom: var(--wp--preset--spacing--40); \" class=\"wp-block-ub-divider ub_divider ub-divider-orientation-horizontal\" id=\"ub_divider_412a0f9b-fe90-4caa-b9ef-619913bcc601\"><div class=\"ub_divider_wrapper\" style=\"position: relative; margin-bottom: 10px; width: 100%; height: 10px; \" data-divider-alignment=\"center\"><div class=\"ub_divider_line\" style=\"border-top: 2px solid #000000; margin-top: 10px; \"><\/div><\/div><\/div>\n\n\n<h2 class=\"wp-block-heading\" id=\"montesegale\"><strong>Montesegale<\/strong><\/h2>\n\n\n\n<p class=\"translation-block\">Montesegale \u00e8 una paesino in Provincia di Pavia, situato tra le colline dell'Oltrep\u00f2 Pavese.<\/p>\n\n\n<div class=\"wp-block-ub-divider ub_divider ub-divider-orientation-horizontal\" id=\"ub_divider_8f429fe5-16ae-455f-a499-46d4b510b662\"><div class=\"ub_divider_wrapper\" style=\"position: relative; margin-bottom: 2px; width: 100%; height: 2px; \" data-divider-alignment=\"center\"><div class=\"ub_divider_line\" style=\"border-top: 2px solid #ccc; margin-top: 2px; \"><\/div><\/div><\/div>\n\n\n<h4 class=\"wp-block-heading\" id=\"montesegale-castle\"><strong>Castello di Montesegale<\/strong><\/h4>\n\n\n\n<p>Il Castello di Montesegale \u00e8 una grande fortificazione situata su un colle a Montesegale. Originariamente eretto nel Basso Medioevo, fu pi\u00f9 volte rimaneggiato e restaurato e presenta edifici di epoche diverse circondati da imponenti mura.<\/p>\n\n\n\n<div class=\"wp-block-columns is-layout-flex wp-container-core-columns-is-layout-9d6595d7 wp-block-columns-is-layout-flex\">\n<div class=\"wp-block-column is-layout-flow wp-block-column-is-layout-flow\" style=\"flex-basis:85%\">\n<p>Indirizzo: Castello di Montesegale, 27052 Montesegale PV<br>Coordinate: 44.9071, 9.1264<\/p>\n<\/div>\n\n\n\n<div class=\"wp-block-column is-layout-flow wp-block-column-is-layout-flow\" style=\"flex-basis:15%\">\n<p class=\"has-text-align-right\"><a href=\"https:\/\/goo.gl\/maps\/5YxNj4Nzun7EuqXn9\" target=\"_blank\" aria-label=\" (opens in a new tab)\" rel=\"noreferrer noopener\" class=\"ek-link\">Google Maps<\/a><\/p>\n<\/div>\n<\/div>","protected":false},"excerpt":{"rendered":"<p>&lt;&lt;&nbsp;Lombardy The Province of Pavia includes the historic regions of Lomellina and Oltrep\u00f2 Pavese. Lomellina is the northwestern part of the province, and it is part of the Po Valley. This is an agricultural area, and the main center here is Vigevano. The Oltrep\u00f2 Pavese is located south of the Po river and its largest town is Voghera. From north to south, this area includes the plain near the Po river, a hilly region, and finally a section of the Apennine mountains. Vigevano Vigevano is the second largest city in the Province of Pavia, and the main center of the historical region of Lomellina. Founded in the Early Middle Ages, it was contested for centuries between Pavia and Milan. After a period as a free comune, Vigevano was conquered by Milan and remained the most important city in the area. Now it is mainly an agricultural center featuring some historic attractions. Sforza Castle of Vigevano The Sforza Castle of Vigevano (Castello Sforzesco di Vigevano) is a fortified complex in the center of Vigevano. Built in various phases during the Late Middle Ages, it was transformed into the residence of the ruling Sforza family in the 15th century. The castle features a tall civic tower and a series of connected historic palaces and fortifications. The complex houses the art gallery Pinacoteca Casimiro Ottone, the International Footwear Museum (Museo Internazionale della Calzatura), which hosts a collection of historic footwear, and the National Archaeological Museum of Lomellina (Museo Archeologico Nazionale della Lomellina), featuring various local archaeological findings. Address: Piazza Ducale, 20, 27029 Vigevano PVCoordinates: 45.3170, 8.8572 Google Maps Vigevano Cathedral Also known as: Cathedral of Sant&#8217;Ambrogio The Vigevano Cathedral (Duomo di Vigevano) is the main church in the city, erected between the 16th and 17th century. The church features a concave facade and various Mannerist frescoes, artworks, and decorations. Adjacent to the church is the Museo del Tesoro del Duomo di Vigevano, a collection of historic pieces of religious art, tapestries, and many other artworks. The cathedral faces the large Piazza Ducale, the main square of Vigevano. Address: Piazza Ducale, 27029 Vigevano PVCoordinates: 45.3171, 8.8589 Google Maps Palestro Palestro is a small town in the Province of Pavia, near Vercelli. The settlement is best known for the Battle of Palestro, in which the Sardinian and French army defeated the Austrians in 1859, during the Second Italian War of Independence. Ossuary of Palestro The Ossuary of Palestro (Ossario di Palestro) is a large war memorial erected near Palestro at the end of the 19th century to commemorate the Battle of Palestro that was fought here in 1859. Both the exterior and interior of the monument are richly decorated. Address: S.da Provinciale ex S.da Statale 596 dei Cairoli, 97, 27030 Palestro PVCoordinates: 45.3034, 8.5242 Google Maps Voghera Voghera is a city located south of Pavia, and the most important town in the Oltrep\u00f2 Pavese. A city of ancient origins, it rose to prominence in the Late Middle Ages as a center of local trade. Ruled for centuries by Milan, it was taken by the Kingdom of Sardinia in 1743, and it became part of Lombardy after the unification of Italy. Duomo of Voghera The Duomo of Voghera is the main religious site in the city. This Renaissance chruch was built starting in the 17th century to replace a previous building. The church features a large dome and it houses a few interesting artworks and relics. Address: Piazza Duomo, 92, 27058 Voghera PVCoordinates: 44.9928, 9.0091 Google Maps Visconti Castle of Voghera The Visconti Castle of Voghera (Castello Visconteo di Voghera) is a medieval castle erected during the 14th century in Voghera. The castle was later reworked and used as a residential palace and then as a prison. Now restored, the castle features a few ancient frescoes and some halls can be visited. Address: P.za Liberazione, 27058 Voghera PVCoordinates: 44.9894, 9.0092 Google Maps Caserma Vittorio Emanuele II The Caserma Vittorio Emanuele II is a former military complex erected in Voghera during the 19th century. Now part of the building hosts the Giuseppe Beccari Historical Museum of Voghera (Museo Storico di Voghera Giuseppe Beccari), a museum of military history that features some important pieces, and the Natural History Museum of Voghera (Museo di Scienze Naturali di Voghera), which hosts collections of zoology, paleontology, mineralogy, and botany. Address: Via Gramsci, 1 bis, 27058 Voghera PVCoordinates: 44.9904, 9.0054 Google Maps Montesegale Montesegale is a small hamlet in the Province of Pavia, located among the hills of the Oltrep\u00f2 Pavese. Montesegale Castle The Montesegale Castle is a large fortification located on a hill in Montesegale. Originally erected in the Late Middle Ages, it was reworked and restored various times and it features buildings of different eras surrounded by imposing walls. Address: Castello di Montesegale, 27052 Montesegale PVCoordinates: 44.9071, 9.1264 Google Maps<\/p>","protected":false},"author":1,"featured_media":0,"parent":932,"menu_order":0,"comment_status":"closed","ping_status":"closed","template":"","meta":{"_editorskit_title_hidden":false,"_editorskit_reading_time":0,"_editorskit_is_block_options_detached":false,"_editorskit_block_options_position":"{}","om_disable_all_campaigns":false,"_uag_custom_page_level_css":"","advgb_blocks_editor_width":"","advgb_blocks_columns_visual_guide":"","_monsterinsights_skip_tracking":false,"_monsterinsights_sitenote_active":false,"_monsterinsights_sitenote_note":"","_monsterinsights_sitenote_category":0,"footnotes":""},"class_list":["post-9908","page","type-page","status-publish","hentry"],"aioseo_notices":[],"featured_image_src":null,"uagb_featured_image_src":{"full":false,"thumbnail":false,"medium":false,"medium_large":false,"large":false,"1536x1536":false,"2048x2048":false,"trp-custom-language-flag":false,"xs-thumb":false,"post-thumbnail":false,"minimalistblogger-grid":false,"minimalistblogger-slider":false,"minimalistblogger-small":false},"uagb_author_info":{"display_name":"Stefano Cammisa","author_link":"https:\/\/www.cosmundus.com\/it\/author\/stefano-cammisa\/"},"uagb_comment_info":0,"uagb_excerpt":"&lt;&lt;&nbsp;Lombardy The Province of Pavia includes the historic regions of Lomellina and Oltrep\u00f2 Pavese. Lomellina is the northwestern part of the province, and it is part of the Po Valley. This is an agricultural area, and the main center here is Vigevano. The Oltrep\u00f2 Pavese is located south of the Po river and its largest&hellip;","coauthors":[],"author_meta":{"author_link":"https:\/\/www.cosmundus.com\/it\/author\/stefano-cammisa\/","display_name":"Stefano Cammisa"},"relative_dates":{"created":"Pubblicato 2 anni fa","modified":"Aggiornato 2 anni fa"},"absolute_dates":{"created":"Pubblicato il 7 Marzo 2024","modified":"Aggiornato il 7 Ottobre 2024"},"absolute_dates_time":{"created":"Pubblicato il 7 Marzo 2024 10:38 am","modified":"Aggiornato il 7 Ottobre 2024 11:57 am"},"featured_img_caption":"","featured_img":false,"series_order":"","_links":{"self":[{"href":"https:\/\/www.cosmundus.com\/it\/wp-json\/wp\/v2\/pages\/9908","targetHints":{"allow":["GET"]}}],"collection":[{"href":"https:\/\/www.cosmundus.com\/it\/wp-json\/wp\/v2\/pages"}],"about":[{"href":"https:\/\/www.cosmundus.com\/it\/wp-json\/wp\/v2\/types\/page"}],"author":[{"embeddable":true,"href":"https:\/\/www.cosmundus.com\/it\/wp-json\/wp\/v2\/users\/1"}],"replies":[{"embeddable":true,"href":"https:\/\/www.cosmundus.com\/it\/wp-json\/wp\/v2\/comments?post=9908"}],"version-history":[{"count":2,"href":"https:\/\/www.cosmundus.com\/it\/wp-json\/wp\/v2\/pages\/9908\/revisions"}],"predecessor-version":[{"id":11959,"href":"https:\/\/www.cosmundus.com\/it\/wp-json\/wp\/v2\/pages\/9908\/revisions\/11959"}],"up":[{"embeddable":true,"href":"https:\/\/www.cosmundus.com\/it\/wp-json\/wp\/v2\/pages\/932"}],"wp:attachment":[{"href":"https:\/\/www.cosmundus.com\/it\/wp-json\/wp\/v2\/media?parent=9908"}],"curies":[{"name":"wp","href":"https:\/\/api.w.org\/{rel}","templated":true}]}}