{"id":9890,"date":"2024-03-06T14:29:06","date_gmt":"2024-03-06T13:29:06","guid":{"rendered":"https:\/\/www.cosmundus.com\/?page_id=9890"},"modified":"2024-03-06T14:29:07","modified_gmt":"2024-03-06T13:29:07","slug":"lodigiano","status":"publish","type":"page","link":"https:\/\/www.cosmundus.com\/it\/destinations\/lodigiano\/","title":{"rendered":"Lodigiano"},"content":{"rendered":"<p class=\"has-text-align-right\">&lt;&lt;\u00a0<a href=\"https:\/\/www.cosmundus.com\/it\/atlas\/europe\/southern-europe\/italy\/northwest-italy\/lombardy\/\">Lombardia<\/a><\/p>\n\n\n\n<p class=\"translation-block\">Il territorio della Provincia di Lodi, o Lodigiano, \u00e8 situato al centro della Pianura Padana a sud-est di <a href=\"https:\/\/www.cosmundus.com\/it\/destinations\/milan\/\" class=\"ek-link\" target=\"_self\">Milano<\/a>. L'intera provincia \u00e8 una pianura con alcuni centri agricoli, ed \u00e8 in gran parte situata tra i fiumi Lambro e Adda. Delle attrazioni storiche si possono trovare a Lodi e in alcune altre citt\u00e0.<\/p>\n\n\n\n<div class=\"wp-block-group\"><div class=\"wp-block-group__inner-container is-layout-constrained wp-block-group-is-layout-constrained\"><div style=\"border: 1px solid #8ed1fc; border-radius: 0%; background-color: inherit; \" class=\"ub-styled-box ub-bordered-box wp-block-ub-styled-box\" id=\"ub-styled-box-06a8036d-e396-4e28-af12-b6b644712093\">\n<p class=\"has-medium-font-size\" id=\"ub-styled-box-bordered-content-08af567b-8624-4684-afad-c24db7e2e69d\">Posti da vedere nel Lodigiano<\/p>\n\n\n<div class=\"wp-block-aioseo-table-of-contents\"><ul><li><a class=\"aioseo-toc-item\" href=\"#lodi\">Lodi<\/a><ul><li><a class=\"aioseo-toc-item\" href=\"#lodi-cathedral\">\u272a Duomo di Lodi<\/a><\/li><li><a class=\"aioseo-toc-item\" href=\"#civic-temple-of-beata-vergine-incoronata\">\u272a Tempio Civico della Beata Vergine Incoronata<\/a><\/li><li><a class=\"aioseo-toc-item\" href=\"#church-of-san-francesco\">Chiesa di San Francesco<\/a><\/li><li><a class=\"aioseo-toc-item\" href=\"#paolo-gorini-anatomical-collection\">Collezione Anatomica Paolo Gorini<\/a><\/li><li><a class=\"aioseo-toc-item\" href=\"#visconti-castle-of-lodi\">Castello Visconteo di Lodi<\/a><\/li><\/ul><\/li><li><a class=\"aioseo-toc-item\" href=\"#lodi-vecchio\">Lodi Vecchio<\/a><ul><li><a class=\"aioseo-toc-item\" href=\"#archaeological-area-of-laus-pompeia\">Area Archeologica di Laus Pompeia<\/a><\/li><\/ul><\/li><li><a class=\"aioseo-toc-item\" href=\"#santangelo-lodigiano\">Sant\u2019Angelo Lodigiano<\/a><ul><li><a class=\"aioseo-toc-item\" href=\"#santangelo-lodigiano-castle\">Castello di Sant\u2019Angelo Lodigiano<\/a><\/li><\/ul><\/li><\/ul><\/div>\n\n<\/div><\/div><\/div>\n\n\n\n<h2 class=\"wp-block-heading\" id=\"lodi\"><strong>Lodi<\/strong><\/h2>\n\n\n\n<p class=\"translation-block\">Lodi \u00e8 una citt\u00e0 situata vicino al fiume Adda a sud-est di Milano. Il paese fu fondato nel 1158 dall'imperatore Federico Barbarossa, dopo che il precedente insediamento, oggi noto come Lodi Vecchio, fu distrutto dai milanesi. Lodi fin\u00ec poi sotto il dominio di Milano e divenne un centro importante durante il Rinascimento. La Pace di Lodi fu firmata qui nel 1454 dai pi\u00f9 potenti stati italiani, garantendo alla penisola quattro decenni di stabilit\u00e0 e permettendo alle arti e alla letteratura di fiorire. Dopo l'Unit\u00e0 d'Italia il paese si svilupp\u00f2 come centro agricolo e industriale.<\/p>\n\n\n<div class=\"wp-block-ub-divider ub_divider ub-divider-orientation-horizontal\" id=\"ub_divider_e5427007-00f0-4ad7-8e3d-5a48da92ca68\"><div class=\"ub_divider_wrapper\" style=\"position: relative; margin-bottom: 2px; width: 100%; height: 2px; \" data-divider-alignment=\"center\"><div class=\"ub_divider_line\" style=\"border-top: 2px solid #ccc; margin-top: 2px; \"><\/div><\/div><\/div>\n\n\n<h4 class=\"wp-block-heading\" id=\"lodi-cathedral\"><strong>\u272a Duomo di Lodi<\/strong><\/h4>\n\n\n\n<p>Anche noto come: Basilica Cattedrale della Vergine Assunta<\/p>\n\n\n\n<p class=\"translation-block\">Il Duomo di Lodi \u00e8 la chiesa principale della citt\u00e0, costruito tra il dodicesimo e il tredicesimo secolo in stile romanico e successivamente ampliato. La chiesa presenta una facciata romanica con un elaborato rosone e alcuni elementi gotici e rinascimentali. I suoi interni presentano varie opere d'arte e una cripta. L'adiacente <strong>Palazzo Vescovile<\/strong> ospita il <strong>Museo Diocesano d'Arte Sacra<\/strong>, una ricca collezione di opere d'arte e paramenti liturgici. Attiguo alla cattedrale \u00e8 anche il <strong>Broletto<\/strong>, sede del municipio sin dal tredicesimo secolo. La chiesa si affaccia su <strong>Piazza della Vittoria<\/strong>, la piazza principale di Lodi, circondata da portici e palazzi storici.<\/p>\n\n\n\n<div class=\"wp-block-columns is-layout-flex wp-container-core-columns-is-layout-9d6595d7 wp-block-columns-is-layout-flex\">\n<div class=\"wp-block-column is-layout-flow wp-block-column-is-layout-flow\" style=\"flex-basis:85%\">\n<p>Indirizzo: Piazza della Vittoria, 4\/10, 26900 Lodi LO<br>Coordinate: 45.3142, 9.5028<\/p>\n<\/div>\n\n\n\n<div class=\"wp-block-column is-layout-flow wp-block-column-is-layout-flow\" style=\"flex-basis:15%\">\n<p class=\"has-text-align-right\"><a href=\"https:\/\/goo.gl\/maps\/HnUr15puo1RAxwJ49\" target=\"_blank\" aria-label=\" (opens in a new tab)\" rel=\"noreferrer noopener\" class=\"ek-link\">Google Maps<\/a><\/p>\n<\/div>\n<\/div>\n\n\n<div class=\"wp-block-ub-divider ub_divider ub-divider-orientation-horizontal\" id=\"ub_divider_0ad969bf-4b57-491d-8203-96deecd71319\"><div class=\"ub_divider_wrapper\" style=\"position: relative; margin-bottom: 2px; width: 100%; height: 2px; \" data-divider-alignment=\"center\"><div class=\"ub_divider_line\" style=\"border-top: 2px solid #ccc; margin-top: 2px; \"><\/div><\/div><\/div>\n\n\n<h4 class=\"wp-block-heading\" id=\"civic-temple-of-beata-vergine-incoronata\"><strong>\u272a Tempio Civico della Beata Vergine Incoronata<\/strong><\/h4>\n\n\n\n<p class=\"translation-block\">Il Tempio Civico della Beata Vergine Incoronata \u00e8 una chiesa rinascimentale situata nel centro di Lodi. Eretta tra il quindicesimo e il sedicesimo secolo, la chiesa \u00e8 a pianta ottagonale. Il tempio \u00e8 noto per i suoi splendidi interni, ricchi di sontuosi affreschi e decorazioni. La chiesa ospita anche il <strong>Museo del Tesoro del Tempio dell'Incoronata<\/strong>, un museo di oggetti religiosi storici.<\/p>\n\n\n\n<div class=\"wp-block-columns is-layout-flex wp-container-core-columns-is-layout-9d6595d7 wp-block-columns-is-layout-flex\">\n<div class=\"wp-block-column is-layout-flow wp-block-column-is-layout-flow\" style=\"flex-basis:85%\">\n<p>Indirizzo: Via Incoronata, 23, 26900 Lodi LO<br>Coordinate: 45.3147, 9.5017<\/p>\n<\/div>\n\n\n\n<div class=\"wp-block-column is-layout-flow wp-block-column-is-layout-flow\" style=\"flex-basis:15%\">\n<p class=\"has-text-align-right\"><a href=\"https:\/\/goo.gl\/maps\/JpDy52pSADgiR3UCA\" target=\"_blank\" aria-label=\" (opens in a new tab)\" rel=\"noreferrer noopener\" class=\"ek-link\">Google Maps<\/a><\/p>\n<\/div>\n<\/div>\n\n\n<div class=\"wp-block-ub-divider ub_divider ub-divider-orientation-horizontal\" id=\"ub_divider_5d033d3d-b502-427b-9bf4-eda22ed5b8a2\"><div class=\"ub_divider_wrapper\" style=\"position: relative; margin-bottom: 2px; width: 100%; height: 2px; \" data-divider-alignment=\"center\"><div class=\"ub_divider_line\" style=\"border-top: 2px solid #ccc; margin-top: 2px; \"><\/div><\/div><\/div>\n\n\n<h4 class=\"wp-block-heading\" id=\"church-of-san-francesco\"><strong>Chiesa di San Francesco<\/strong><\/h4>\n\n\n\n<p>La Chiesa di San Francesco \u00e8 una chiesa romanico-gotica costruita tra il tredicesimo e il quattordicesimo secolo a Lodi. L'edificio presenta una peculiare facciata con due finestre a cielo aperto. La chiesa conserva numerosi affreschi e dipinti antichi, insieme ad alcuni monumenti funebri.<\/p>\n\n\n\n<div class=\"wp-block-columns is-layout-flex wp-container-core-columns-is-layout-9d6595d7 wp-block-columns-is-layout-flex\">\n<div class=\"wp-block-column is-layout-flow wp-block-column-is-layout-flow\" style=\"flex-basis:85%\">\n<p>Indirizzo: Piazza Ospitale, 26900 Lodi LO<br>Coordinate: 45.3146, 9.5079<\/p>\n<\/div>\n\n\n\n<div class=\"wp-block-column is-layout-flow wp-block-column-is-layout-flow\" style=\"flex-basis:15%\">\n<p class=\"has-text-align-right\"><a href=\"https:\/\/goo.gl\/maps\/5viKFaq5Y41wZXXh6\" target=\"_blank\" aria-label=\" (opens in a new tab)\" rel=\"noreferrer noopener\" class=\"ek-link\">Google Maps<\/a><\/p>\n<\/div>\n<\/div>\n\n\n<div class=\"wp-block-ub-divider ub_divider ub-divider-orientation-horizontal\" id=\"ub_divider_3b7f6452-119e-47fb-8dff-f7c073f0bf91\"><div class=\"ub_divider_wrapper\" style=\"position: relative; margin-bottom: 2px; width: 100%; height: 2px; \" data-divider-alignment=\"center\"><div class=\"ub_divider_line\" style=\"border-top: 2px solid #ccc; margin-top: 2px; \"><\/div><\/div><\/div>\n\n\n<h4 class=\"wp-block-heading\" id=\"paolo-gorini-anatomical-collection\"><strong>Collezione Anatomica Paolo Gorini<\/strong><\/h4>\n\n\n\n<p class=\"translation-block\">La Collezione Anatomica Paolo Gorini \u00e8 un museo che ospita diversi modelli anatomici ottocenteschi ricavati da cadaveri reali. Il museo \u00e8 ospitato in un ex ospedale caratterizzato da varie sale affrescate.<\/p>\n\n\n\n<div class=\"wp-block-columns is-layout-flex wp-container-core-columns-is-layout-9d6595d7 wp-block-columns-is-layout-flex\">\n<div class=\"wp-block-column is-layout-flow wp-block-column-is-layout-flow\" style=\"flex-basis:85%\">\n<p>Indirizzo: Via Agostino Bassi, 1, 26900 Lodi LO<br>Coordinate: 45.3138, 9.5080<\/p>\n<\/div>\n\n\n\n<div class=\"wp-block-column is-layout-flow wp-block-column-is-layout-flow\" style=\"flex-basis:15%\">\n<p class=\"has-text-align-right\"><a href=\"https:\/\/goo.gl\/maps\/qdJxCg6nsdi2vJK5A\" target=\"_blank\" aria-label=\" (opens in a new tab)\" rel=\"noreferrer noopener\" class=\"ek-link\">Google Maps<\/a><\/p>\n<\/div>\n<\/div>\n\n\n<div class=\"wp-block-ub-divider ub_divider ub-divider-orientation-horizontal\" id=\"ub_divider_5fb526fd-dae1-4bef-921e-9aff12ec7c08\"><div class=\"ub_divider_wrapper\" style=\"position: relative; margin-bottom: 2px; width: 100%; height: 2px; \" data-divider-alignment=\"center\"><div class=\"ub_divider_line\" style=\"border-top: 2px solid #ccc; margin-top: 2px; \"><\/div><\/div><\/div>\n\n\n<h4 class=\"wp-block-heading\" id=\"visconti-castle-of-lodi\"><strong>Castello Visconteo di Lodi<\/strong><\/h4>\n\n\n\n<p class=\"translation-block\">Il Castello Visconteo di Lodi \u00e8 un antico castello originariamente eretto durante il Basso Medioevo a Lodi. Per secoli la principale fortificazione della zona, fu in seguito parzialmente demolito e ora funge da stazione di polizia. L'attrazione principale del castello \u00e8 il <strong>Torrione<\/strong>, una torre a pianta circolare oggi utilizzata come cisterna per l'acqua.<\/p>\n\n\n\n<div class=\"wp-block-columns is-layout-flex wp-container-core-columns-is-layout-9d6595d7 wp-block-columns-is-layout-flex\">\n<div class=\"wp-block-column is-layout-flow wp-block-column-is-layout-flow\" style=\"flex-basis:85%\">\n<p>Indirizzo: Via di Porta Regale, 2, 26900 Lodi LO<br>Coordinate: 45.3123 9.4987<\/p>\n<\/div>\n\n\n\n<div class=\"wp-block-column is-layout-flow wp-block-column-is-layout-flow\" style=\"flex-basis:15%\">\n<p class=\"has-text-align-right\"><a href=\"https:\/\/goo.gl\/maps\/XVpDZojdTnbf8DZP7\" target=\"_blank\" aria-label=\" (opens in a new tab)\" rel=\"noreferrer noopener\" class=\"ek-link\">Google Maps<\/a><\/p>\n<\/div>\n<\/div>\n\n\n<div style=\"margin-top: var(--wp--preset--spacing--40); margin-bottom: var(--wp--preset--spacing--40); \" class=\"wp-block-ub-divider ub_divider ub-divider-orientation-horizontal\" id=\"ub_divider_448bd442-726d-44f0-88c5-dbf4211852f3\"><div class=\"ub_divider_wrapper\" style=\"position: relative; margin-bottom: 10px; width: 100%; height: 10px; \" data-divider-alignment=\"center\"><div class=\"ub_divider_line\" style=\"border-top: 2px solid #000000; margin-top: 10px; \"><\/div><\/div><\/div>\n\n\n<h2 class=\"wp-block-heading\" id=\"lodi-vecchio\"><strong>Lodi Vecchio<\/strong><\/h2>\n\n\n\n<p class=\"translation-block\">Lodi Vecchio \u00e8 una piccola citt\u00e0 a ovest di Lodi. Fondata in tempi antichi, fu un'importante citt\u00e0 romana con il nome di <em>Laus Pompeia<\/em>. Contesa tra le potenze locali durante il Medioevo, fu distrutta dai Milanesi nel 1111. La nuova citt\u00e0 di Lodi fu successivamente ricostruita nelle vicinanze. Nel corso dei secoli successivi, sul sito dell'antica citt\u00e0 sorse un nuovo borgo, che prese il nome di Lodi Vecchio.<\/p>\n\n\n<div class=\"wp-block-ub-divider ub_divider ub-divider-orientation-horizontal\" id=\"ub_divider_e36f0ac4-b4ee-4890-973a-029e27254eae\"><div class=\"ub_divider_wrapper\" style=\"position: relative; margin-bottom: 2px; width: 100%; height: 2px; \" data-divider-alignment=\"center\"><div class=\"ub_divider_line\" style=\"border-top: 2px solid #ccc; margin-top: 2px; \"><\/div><\/div><\/div>\n\n\n<h4 class=\"wp-block-heading\" id=\"archaeological-area-of-laus-pompeia\"><strong>Area Archeologica di Laus Pompeia<\/strong><\/h4>\n\n\n\n<p class=\"translation-block\">A Lodi Vecchio sono visibili alcuni ruderi dell'antica citt\u00e0 di <em>Laus Pompeia<\/em>. Questi includono i resti di alcune strutture romane e l'ex cattedrale del paese. L'area archeologica ospita un piccolo museo con alcuni reperti rinvenuti in citt\u00e0.<\/p>\n\n\n\n<div class=\"wp-block-columns is-layout-flex wp-container-core-columns-is-layout-9d6595d7 wp-block-columns-is-layout-flex\">\n<div class=\"wp-block-column is-layout-flow wp-block-column-is-layout-flow\" style=\"flex-basis:85%\">\n<p>Indirizzo: Vicolo Corte Bassa, 14, 26855 Lodi Vecchio LO<br>Coordinate: 45.2985, 9.4221<\/p>\n<\/div>\n\n\n\n<div class=\"wp-block-column is-layout-flow wp-block-column-is-layout-flow\" style=\"flex-basis:15%\">\n<p class=\"has-text-align-right\"><a href=\"https:\/\/goo.gl\/maps\/YEpDHX7pQgoBcYTF6\" target=\"_blank\" aria-label=\" (opens in a new tab)\" rel=\"noreferrer noopener\" class=\"ek-link\">Google Maps<\/a><\/p>\n<\/div>\n<\/div>\n\n\n<div style=\"margin-top: var(--wp--preset--spacing--40); margin-bottom: var(--wp--preset--spacing--40); \" class=\"wp-block-ub-divider ub_divider ub-divider-orientation-horizontal\" id=\"ub_divider_c15306e1-8d0a-43c1-aaa6-f882513c501e\"><div class=\"ub_divider_wrapper\" style=\"position: relative; margin-bottom: 10px; width: 100%; height: 10px; \" data-divider-alignment=\"center\"><div class=\"ub_divider_line\" style=\"border-top: 2px solid #000000; margin-top: 10px; \"><\/div><\/div><\/div>\n\n\n<h2 class=\"wp-block-heading\" id=\"santangelo-lodigiano\"><strong>Sant\u2019Angelo Lodigiano<\/strong><\/h2>\n\n\n\n<p class=\"translation-block\">Sant'Angelo Lodigiano \u00e8 un paese in Provincia di Lodi. L'insediamento sorse nel Basso Medioevo come sede di un piccolo feudo.<\/p>\n\n\n<div class=\"wp-block-ub-divider ub_divider ub-divider-orientation-horizontal\" id=\"ub_divider_e4562018-b2fd-4e4c-bc1c-659ba650cf19\"><div class=\"ub_divider_wrapper\" style=\"position: relative; margin-bottom: 2px; width: 100%; height: 2px; \" data-divider-alignment=\"center\"><div class=\"ub_divider_line\" style=\"border-top: 2px solid #ccc; margin-top: 2px; \"><\/div><\/div><\/div>\n\n\n<h4 class=\"wp-block-heading\" id=\"santangelo-lodigiano-castle\"><strong>Castello di Sant\u2019Angelo Lodigiano<\/strong><\/h4>\n\n\n\n<p>Il Castello di Sant'Angelo Lodigiano \u00e8 una fortificazione eretta nel Basso Medioevo. Per secoli residenza dei signori locali, oggi \u00e8 stato trasformato in un complesso museale. Il castello ospita un museo di storia locale con arredi e armi antiche, e sezioni dedicate alla storia dell'agricoltura e del pane.<\/p>\n\n\n\n<div class=\"wp-block-columns is-layout-flex wp-container-core-columns-is-layout-9d6595d7 wp-block-columns-is-layout-flex\">\n<div class=\"wp-block-column is-layout-flow wp-block-column-is-layout-flow\" style=\"flex-basis:85%\">\n<p>Indirizzo: Piazza Bolognini, 2, 26866 Sant\u2019Angelo Lodigiano LO<br>Coordinate: 45.2392, 9.4081<\/p>\n<\/div>\n\n\n\n<div class=\"wp-block-column is-layout-flow wp-block-column-is-layout-flow\" style=\"flex-basis:15%\">\n<p class=\"has-text-align-right\"><a href=\"https:\/\/goo.gl\/maps\/Uav7gmd5pyFaPVri7\" target=\"_blank\" aria-label=\" (opens in a new tab)\" rel=\"noreferrer noopener\" class=\"ek-link\">Google Maps<\/a><\/p>\n<\/div>\n<\/div>","protected":false},"excerpt":{"rendered":"<p>&lt;&lt;\u00a0Lombardy The territory of the Province of Lodi, or Lodigiano, is located in the middle of the Po Valley southeast of Milan. The entire province is a plain with a few agricultural centers, mostly located between the rivers Lambro and Adda. A few historic attractions can be found in Lodi and some other towns. Lodi Lodi is a city located near the Adda river southeast of Milan. The town was founded in 1158 by Emperor Frederick Barbarossa, after the previous settlement, now known as Lodi Vecchio, was destroyed by the Milanese. Lodi eventually came under the rule of Milan, and became an important center during the Renaissance. The Peace of Lodi was signed here in 1454 by the most powerful Italian states, granting the peninsula four decades of stability and allowing arts and literature to flourish. After the Italian unification the town developed as an agricultural and industrial center. \u272a Lodi Cathedral Also known as: Basilica Cathedral of Vergine Assunta The Lodi Cathedral (Duomo di Lodi) is the main church of the city, built between the 12th and 13th century in Romanesque style and later expanded. The church features a Romanesque facade with an elaborate rose window and some Gothic and Renaissance elements. Its interiors feature various artworks and a crypt. The adjacent Palazzo Vescovile houses the Diocesan Museum of Sacred Art (Museo Diocesano d&#8217;Arte Sacra), a rich collection of artworks and liturgical garments. Also adjacent to the cathedral is the Broletto, the 13th-century town hall that still hosts the seat of the local municipality. The church faces Piazza della Vittoria, the main square of Lodi, which is surrounded by porticos and historic buildings. Address: Piazza della Vittoria, 4\/10, 26900 Lodi LOCoordinates: 45.3142, 9.5028 Google Maps \u272a Civic Temple of Beata Vergine Incoronata The Civic Temple of Beata Vergine Incoronata (Tempio Civico della Beata Vergine Incoronata) is a Renaissance church located in the center of Lodi. Erected between the 15th and 16th century, the church has an octagonal plan. The temple is known for its splendid interiors, filled with sumptuous frescoes and decorations. The church also houses the Museo del Tesoro del Tempio dell&#8217;Incoronata, a museum of historic religious objects. Address: Via Incoronata, 23, 26900 Lodi LOCoordinates: 45.3147, 9.5017 Google Maps Church of San Francesco The Church of San Francesco is a Romanesque and Gothic church built between the 13th and 14th century in Lodi. The building features a peculiar facade with two open sky windows. The church houses several ancient frescoes and paintings, along with some funerary monuments. Address: Piazza Ospitale, 26900 Lodi LOCoordinates: 45.3146, 9.5079 Google Maps Paolo Gorini Anatomical Collection The Paolo Gorini Anatomical Collection (Collezione Anatomica Paolo Gorini) is a museum housing several 19th-century anatomical models made from real corpses. The museum is hosted in a former hospital featuring various frescoed halls. Address: Via Agostino Bassi, 1, 26900 Lodi LOCoordinates: 45.3138, 9.5080 Google Maps Visconti Castle of Lodi The Visconti Castle of Lodi (Castello Visconteo di Lodi) is a former castle originally erected during the Late Middle Ages in Lodi. For centuries the main fortification in the area, it was later partially demolished and now serves as a police station. The main attraction of the castle is the Torrione, a rounded tower now used as a water tank. Address: Via di Porta Regale, 2, 26900 Lodi LOCoordinates: 45.3123 9.4987 Google Maps Lodi Vecchio Lodi Vecchio is a small town just west of Lodi. Founded in ancient times, it was an important Roman city with the name Laus Pompeia. Contested between local powers during the Middle Ages, it was destroyed by the Milanese in 1111. The new city of Lodi was later rebuilt nearby. Over the following centuries, a new village emerged on the site of the ancient city, and became known as Lodi Vecchio (&#8220;Old Lodi&#8221;). Archaeological Area of Laus Pompeia A few ruins of the ancient city of Laus Pompeia can be seen in Lodi Vecchio. These include the remains of some Roman structures and the former cathedral of the town. The archaeological area hosts a small museum with some findings unearthed in the city. Address: Vicolo Corte Bassa, 14, 26855 Lodi Vecchio LOCoordinates: 45.2985, 9.4221 Google Maps Sant\u2019Angelo Lodigiano Sant&#8217;Angelo Lodigiano is a town in the Province of Lodi. The settlement emerged during the Late Middle Ages as the seat of a small fief. Sant&#8217;Angelo Lodigiano Castle The Sant&#8217;Angelo Lodigiano Castle is a fortification erected in the Late Middle Ages. For centuries the residence of the local lords, now it has been turned into a museum complex. The castle houses a museum of local history with ancient furnishings and weapons, and sections dedicated to the history of agriculture and bread. Address: Piazza Bolognini, 2, 26866 Sant&#8217;Angelo Lodigiano LOCoordinates: 45.2392, 9.4081 Google Maps<\/p>","protected":false},"author":1,"featured_media":0,"parent":932,"menu_order":0,"comment_status":"closed","ping_status":"closed","template":"","meta":{"_editorskit_title_hidden":false,"_editorskit_reading_time":0,"_editorskit_is_block_options_detached":false,"_editorskit_block_options_position":"{}","om_disable_all_campaigns":false,"_uag_custom_page_level_css":"","advgb_blocks_editor_width":"","advgb_blocks_columns_visual_guide":"","_monsterinsights_skip_tracking":false,"_monsterinsights_sitenote_active":false,"_monsterinsights_sitenote_note":"","_monsterinsights_sitenote_category":0,"footnotes":""},"class_list":["post-9890","page","type-page","status-publish","hentry"],"aioseo_notices":[],"featured_image_src":null,"uagb_featured_image_src":{"full":false,"thumbnail":false,"medium":false,"medium_large":false,"large":false,"1536x1536":false,"2048x2048":false,"trp-custom-language-flag":false,"xs-thumb":false,"post-thumbnail":false,"minimalistblogger-grid":false,"minimalistblogger-slider":false,"minimalistblogger-small":false},"uagb_author_info":{"display_name":"Stefano Cammisa","author_link":"https:\/\/www.cosmundus.com\/it\/author\/stefano-cammisa\/"},"uagb_comment_info":0,"uagb_excerpt":"&lt;&lt;\u00a0Lombardy The territory of the Province of Lodi, or Lodigiano, is located in the middle of the Po Valley southeast of Milan. The entire province is a plain with a few agricultural centers, mostly located between the rivers Lambro and Adda. A few historic attractions can be found in Lodi and some other towns. Lodi&hellip;","coauthors":[],"author_meta":{"author_link":"https:\/\/www.cosmundus.com\/it\/author\/stefano-cammisa\/","display_name":"Stefano Cammisa"},"relative_dates":{"created":"Pubblicato 2 anni fa","modified":"Aggiornato 2 anni fa"},"absolute_dates":{"created":"Pubblicato il 6 Marzo 2024","modified":"Aggiornato il 6 Marzo 2024"},"absolute_dates_time":{"created":"Pubblicato il 6 Marzo 2024 2:29 pm","modified":"Aggiornato il 6 Marzo 2024 2:29 pm"},"featured_img_caption":"","featured_img":false,"series_order":"","_links":{"self":[{"href":"https:\/\/www.cosmundus.com\/it\/wp-json\/wp\/v2\/pages\/9890","targetHints":{"allow":["GET"]}}],"collection":[{"href":"https:\/\/www.cosmundus.com\/it\/wp-json\/wp\/v2\/pages"}],"about":[{"href":"https:\/\/www.cosmundus.com\/it\/wp-json\/wp\/v2\/types\/page"}],"author":[{"embeddable":true,"href":"https:\/\/www.cosmundus.com\/it\/wp-json\/wp\/v2\/users\/1"}],"replies":[{"embeddable":true,"href":"https:\/\/www.cosmundus.com\/it\/wp-json\/wp\/v2\/comments?post=9890"}],"version-history":[{"count":2,"href":"https:\/\/www.cosmundus.com\/it\/wp-json\/wp\/v2\/pages\/9890\/revisions"}],"predecessor-version":[{"id":9894,"href":"https:\/\/www.cosmundus.com\/it\/wp-json\/wp\/v2\/pages\/9890\/revisions\/9894"}],"up":[{"embeddable":true,"href":"https:\/\/www.cosmundus.com\/it\/wp-json\/wp\/v2\/pages\/932"}],"wp:attachment":[{"href":"https:\/\/www.cosmundus.com\/it\/wp-json\/wp\/v2\/media?parent=9890"}],"curies":[{"name":"wp","href":"https:\/\/api.w.org\/{rel}","templated":true}]}}