{"id":9738,"date":"2024-03-03T12:58:49","date_gmt":"2024-03-03T11:58:49","guid":{"rendered":"https:\/\/www.cosmundus.com\/?page_id=9738"},"modified":"2024-03-03T12:58:49","modified_gmt":"2024-03-03T11:58:49","slug":"pinerolese","status":"publish","type":"page","link":"https:\/\/www.cosmundus.com\/it\/destinations\/pinerolese\/","title":{"rendered":"Pinerolese"},"content":{"rendered":"<p class=\"has-text-align-right\">&lt;&lt;\u00a0<a href=\"https:\/\/www.cosmundus.com\/it\/atlas\/europe\/southern-europe\/italy\/northwest-italy\/piedmont\/\">Piemonte<\/a><\/p>\n\n\n\n<p class=\"translation-block\">Il Pinerolese \u00e8 una regione situata attorno alla citt\u00e0 di Pinerolo, nella zona sud-ovest della Citt\u00e0 Metropolitana di <a href=\"https:\/\/www.cosmundus.com\/it\/destinations\/turin\/\" class=\"ek-link\" target=\"_self\">Torino<\/a>. Quest'area comprende diversi paesi situati ai piedi delle montagne, come Pinerolo, e alcune valli tra le Alpi. Queste sono conosciute come Valli Valdesi a causa della storica presenza dei Valdesi, un movimento religioso fondato nel Medioevo che cerc\u00f2 di riformare il Cristianesimo.<\/p>\n\n\n\n<div class=\"wp-block-group\"><div class=\"wp-block-group__inner-container is-layout-constrained wp-block-group-is-layout-constrained\"><div style=\"border: 1px solid #8ed1fc; border-radius: 0%; background-color: inherit; \" class=\"ub-styled-box ub-bordered-box wp-block-ub-styled-box\" id=\"ub-styled-box-f954c81d-6940-41e1-94b1-e3d4204cd702\">\n<p class=\"has-medium-font-size\" id=\"ub-styled-box-bordered-content-47130854-4c47-4d4a-bb9d-8812ea795ddd\">Posti da vedere nel Pinerolese<\/p>\n\n\n<div class=\"wp-block-aioseo-table-of-contents\"><ul><li><a class=\"aioseo-toc-item\" href=\"#pinerolo\">Pinerolo<\/a><ul><li><a class=\"aioseo-toc-item\" href=\"#pinerolo-cathedral\">Duomo di Pinerolo<\/a><\/li><li><a class=\"aioseo-toc-item\" href=\"#basilica-of-san-maurizio\">Basilica di San Maurizio<\/a><\/li><\/ul><\/li><li><a class=\"aioseo-toc-item\" href=\"#cavour\">Cavour<\/a><ul><li><a class=\"aioseo-toc-item\" href=\"#rocca-of-cavour\">Rocca di Cavour<\/a><\/li><\/ul><\/li><li><a class=\"aioseo-toc-item\" href=\"#fenestrelle\">Fenestrelle<\/a><ul><li><a class=\"aioseo-toc-item\" href=\"#fenestrelle-fort\">\u272a Forte di Fenestrelle<\/a><\/li><\/ul><\/li><\/ul><\/div>\n\n<\/div><\/div><\/div>\n\n\n\n<h2 class=\"wp-block-heading\" id=\"pinerolo\"><strong>Pinerolo<\/strong><\/h2>\n\n\n\n<p class=\"translation-block\">Pinerolo \u00e8 una citt\u00e0 situata ai piedi delle montagne a sud-ovest di Torino. Il paese sorse nel Medioevo e fu importante per la sua posizione strategica. Nel Basso Medioevo fu la capitale dei domini della famiglia Acaja in Piemonte. In seguito Pinerolo fu occupata pi\u00f9 volte dalla Francia, ma torn\u00f2 sempre ai Savoia. La citt\u00e0 si svilupp\u00f2 come centro industriale nel diciannovesimo e ventesimo secolo.<\/p>\n\n\n<div class=\"wp-block-ub-divider ub_divider ub-divider-orientation-horizontal\" id=\"ub_divider_0af408cf-752b-42dc-ace2-228b084ad91a\"><div class=\"ub_divider_wrapper\" style=\"position: relative; margin-bottom: 2px; width: 100%; height: 2px; \" data-divider-alignment=\"center\"><div class=\"ub_divider_line\" style=\"border-top: 2px solid #ccc; margin-top: 2px; \"><\/div><\/div><\/div>\n\n\n<h4 class=\"wp-block-heading\" id=\"pinerolo-cathedral\"><strong>Duomo di Pinerolo<\/strong><\/h4>\n\n\n\n<p>Anche noto come: Cattedrale di San Donato<\/p>\n\n\n\n<p class=\"translation-block\">Il Duomo di Pinerolo \u00e8 il principale edificio religioso di Pinerolo, situato nella piazza principale della citt\u00e0. La chiesa fu originariamente eretta nel decimo secolo e completamente ricostruita nel quindicesimo secolo, mentre la facciata fu rifatta nel diciannovesimo secolo. La chiesa ospita alcune opere d'arte e i suoi interni sono completamente ricoperti di bellissimi affreschi.<\/p>\n\n\n\n<div class=\"wp-block-columns is-layout-flex wp-container-core-columns-is-layout-9d6595d7 wp-block-columns-is-layout-flex\">\n<div class=\"wp-block-column is-layout-flow wp-block-column-is-layout-flow\" style=\"flex-basis:85%\">\n<p>Indirizzo: Piazza S. Donato, 14, 10064 Pinerolo TO<br>Coordinate: 44.8857, 7.3299<\/p>\n<\/div>\n\n\n\n<div class=\"wp-block-column is-layout-flow wp-block-column-is-layout-flow\" style=\"flex-basis:15%\">\n<p class=\"has-text-align-right\"><a href=\"https:\/\/goo.gl\/maps\/t8TsY5XsRW4mmk9u8\" target=\"_blank\" aria-label=\" (opens in a new tab)\" rel=\"noreferrer noopener\" class=\"ek-link\">Google Maps<\/a><\/p>\n<\/div>\n<\/div>\n\n\n<div class=\"wp-block-ub-divider ub_divider ub-divider-orientation-horizontal\" id=\"ub_divider_79e09f5b-3335-413b-9acd-75aa266610d4\"><div class=\"ub_divider_wrapper\" style=\"position: relative; margin-bottom: 2px; width: 100%; height: 2px; \" data-divider-alignment=\"center\"><div class=\"ub_divider_line\" style=\"border-top: 2px solid #ccc; margin-top: 2px; \"><\/div><\/div><\/div>\n\n\n<h4 class=\"wp-block-heading\" id=\"basilica-of-san-maurizio\"><strong>Basilica di San Maurizio<\/strong><\/h4>\n\n\n\n<p>La Basilica di San Maurizio \u00e8 una chiesa storica situata su un colle che domina su Pinerolo. Eretta nel Medioevo, fu successivamente ricostruita e rimaneggiata. La chiesa presenta un campanile romanico costruito nel quattordicesimo secolo e alcuni interessanti affreschi e opere d'arte.<\/p>\n\n\n\n<div class=\"wp-block-columns is-layout-flex wp-container-core-columns-is-layout-9d6595d7 wp-block-columns-is-layout-flex\">\n<div class=\"wp-block-column is-layout-flow wp-block-column-is-layout-flow\" style=\"flex-basis:85%\">\n<p>Indirizzo: Piazzale S. Maurizio, 2, 10064 Pinerolo TO<br>Coordinate: 44.8893, 7.3268<\/p>\n<\/div>\n\n\n\n<div class=\"wp-block-column is-layout-flow wp-block-column-is-layout-flow\" style=\"flex-basis:15%\">\n<p class=\"has-text-align-right\"><a href=\"https:\/\/goo.gl\/maps\/acbBVB7kai5j4MZK8\" target=\"_blank\" aria-label=\" (opens in a new tab)\" rel=\"noreferrer noopener\" class=\"ek-link\">Google Maps<\/a><\/p>\n<\/div>\n<\/div>\n\n\n<div style=\"margin-top: var(--wp--preset--spacing--40); margin-bottom: var(--wp--preset--spacing--40); \" class=\"wp-block-ub-divider ub_divider ub-divider-orientation-horizontal\" id=\"ub_divider_d60073a3-1ac2-4c07-9380-56856f706f36\"><div class=\"ub_divider_wrapper\" style=\"position: relative; margin-bottom: 10px; width: 100%; height: 10px; \" data-divider-alignment=\"center\"><div class=\"ub_divider_line\" style=\"border-top: 2px solid #000000; margin-top: 10px; \"><\/div><\/div><\/div>\n\n\n<h2 class=\"wp-block-heading\" id=\"cavour\"><strong>Cavour<\/strong><\/h2>\n\n\n\n<p class=\"translation-block\">Cavour \u00e8 un paese situato accanto a un piccolo rilievo a sud di Pinerolo nella Citt\u00e0 Metropolitana di Torino. Abitato fin dall'antichit\u00e0, divenne un importante insediamento grazie al vicino castello, distrutto nel 1690. Oggi il piccolo paese \u00e8 ricordato per il suo legame con la nobile famiglia Benso, di cui faceva parte lo statista ottocentesco Camillo Benso, conte di Cavour.<\/p>\n\n\n<div class=\"wp-block-ub-divider ub_divider ub-divider-orientation-horizontal\" id=\"ub_divider_eeb51af7-1284-419a-ba11-2eb9f8d1d58b\"><div class=\"ub_divider_wrapper\" style=\"position: relative; margin-bottom: 2px; width: 100%; height: 2px; \" data-divider-alignment=\"center\"><div class=\"ub_divider_line\" style=\"border-top: 2px solid #ccc; margin-top: 2px; \"><\/div><\/div><\/div>\n\n\n<h4 class=\"wp-block-heading\" id=\"rocca-of-cavour\"><strong>Rocca di Cavour<\/strong><\/h4>\n\n\n\n<p>La Rocca di Cavour \u00e8 un colle che domina sul paese di Cavour. Questo era il sito di un castello medievale, distrutto dai francesi nel 1690. Grazie alla sua posizione nella Pianura Padana, la cima della collina offre una splendida vista sulla pianura circostante e sulle Alpi.<\/p>\n\n\n\n<div class=\"wp-block-columns is-layout-flex wp-container-core-columns-is-layout-9d6595d7 wp-block-columns-is-layout-flex\">\n<div class=\"wp-block-column is-layout-flow wp-block-column-is-layout-flow\" style=\"flex-basis:85%\">\n<p>Indirizzo: Rocca di Cavour, 10061 Cavour TO<br>Coordinate: 44.7804, 7.3743<\/p>\n<\/div>\n\n\n\n<div class=\"wp-block-column is-layout-flow wp-block-column-is-layout-flow\" style=\"flex-basis:15%\">\n<p class=\"has-text-align-right\"><a href=\"https:\/\/goo.gl\/maps\/yNZU9QDD6Hebu2Wa9\" target=\"_blank\" aria-label=\" (opens in a new tab)\" rel=\"noreferrer noopener\" class=\"ek-link\">Google Maps<\/a><\/p>\n<\/div>\n<\/div>\n\n\n<div style=\"margin-top: var(--wp--preset--spacing--40); margin-bottom: var(--wp--preset--spacing--40); \" class=\"wp-block-ub-divider ub_divider ub-divider-orientation-horizontal\" id=\"ub_divider_b8979b6b-19b2-4bbb-ba8a-53f9e3697391\"><div class=\"ub_divider_wrapper\" style=\"position: relative; margin-bottom: 10px; width: 100%; height: 10px; \" data-divider-alignment=\"center\"><div class=\"ub_divider_line\" style=\"border-top: 2px solid #000000; margin-top: 10px; \"><\/div><\/div><\/div>\n\n\n<h2 class=\"wp-block-heading\" id=\"fenestrelle\"><strong>Fenestrelle<\/strong><\/h2>\n\n\n\n<p class=\"translation-block\">Fenestrelle \u00e8 un villaggio situato in una valle tra le montagne ad ovest di Torino. \u00c8 conosciuto per la sua grande fortezza.<\/p>\n\n\n<div class=\"wp-block-ub-divider ub_divider ub-divider-orientation-horizontal\" id=\"ub_divider_0999f023-1b15-4b65-ad33-7903119d3747\"><div class=\"ub_divider_wrapper\" style=\"position: relative; margin-bottom: 2px; width: 100%; height: 2px; \" data-divider-alignment=\"center\"><div class=\"ub_divider_line\" style=\"border-top: 2px solid #ccc; margin-top: 2px; \"><\/div><\/div><\/div>\n\n\n<h4 class=\"wp-block-heading\" id=\"fenestrelle-fort\"><strong>\u272a Forte di Fenestrelle<\/strong><\/h4>\n\n\n\n<p class=\"translation-block\">Il Forte di Fenestrelle \u00e8 il complesso fortificato alpino pi\u00f9 grande d'Europa, situato in posizione strategica a guardia di una vallata che collega la Pianura Padana con la Francia. Eretta a partire dal diciottesimo secolo, la fortezza si ingrand\u00ec inglobando varie fortificazioni che corrono per oltre tre chilometri lungo il fianco di una montagna. Per secoli \u00e8 stato tra i forti pi\u00f9 importanti della regione ed \u00e8 stato utilizzato anche come carcere. Ora \u00e8 stato restaurato e si possono visitare varie sezioni.<\/p>\n\n\n\n<div class=\"wp-block-columns is-layout-flex wp-container-core-columns-is-layout-9d6595d7 wp-block-columns-is-layout-flex\">\n<div class=\"wp-block-column is-layout-flow wp-block-column-is-layout-flow\" style=\"flex-basis:85%\">\n<p>Indirizzo: Via del Forte, 10060 Fenestrelle TO<br>Coordinate: 45.0298, 7.0603<\/p>\n<\/div>\n\n\n\n<div class=\"wp-block-column is-layout-flow wp-block-column-is-layout-flow\" style=\"flex-basis:15%\">\n<p class=\"has-text-align-right\"><a href=\"https:\/\/goo.gl\/maps\/JEEHEnYDqGdGcRjo9\" target=\"_blank\" aria-label=\" (opens in a new tab)\" rel=\"noreferrer noopener\" class=\"ek-link\">Google Maps<\/a><\/p>\n<\/div>\n<\/div>","protected":false},"excerpt":{"rendered":"<p>&lt;&lt;\u00a0Piedmont The Pinerolese is a region located around the town of Pinerolo, in the southwest of the Metropolitan City of Turin. This area includes various towns located at the foot of the mountains, such as Pinerolo, and some valleys among the Alps. These are known as Waldensian Valleys (Valli Valdesi) because of the historic presence of the Waldensians, a religious movement founded in the Middle Ages that sought to reform Christianity. Pinerolo Pinerolo is a city located at the foot of the mountains southwest of Turin. The town emerged in the Middle Ages and it was important because of its strategic position. In the Late Middle Ages it was the capital of the domains of the Acaja family in Piedmont. Later, Pinerolo was occupied by France various times, but it always returned to the Savoy dynasty. The town developed as an industrial center in the 19th and 20th century. Pinerolo Cathedral Also known as: Cathedral of San Donato The Pinerolo Cathedral (Duomo di Pinerolo) is the main religious building of Pinerolo, located in the main square of the city. The church was originally erected in the 10th century and completely rebuilt in the 15th century, while the facade was remade in the 19th century. The church hosts some artworks and its interiors are completely filled with beautiful frescoes. Address: Piazza S. Donato, 14, 10064 Pinerolo TOCoordinates: 44.8857, 7.3299 Google Maps Basilica of San Maurizio The Basilica of San Maurizio is a historic church located on a hill overlooking Pinerolo. Erected in the Middle Ages, it was later rebuilt and reworked. The church features a Romanesque bell tower built in the 14th century and a few interesting frescoes and artworks. Address: Piazzale S. Maurizio, 2, 10064 Pinerolo TOCoordinates: 44.8893, 7.3268 Google Maps Cavour Cavour is a town located next to a small relief south of Pinerolo in the Metropolitan City of Turin. Inhabited since ancient times, it became an important settlement due to the nearby castle, which was destroyed in 1690. Now the small town is remembered for its link with the noble Benso family, of which the 19th-century statesman Camillo Benso, Count of Cavour, was part. Rocca of Cavour The Rocca of Cavour is a hill which dominates over the town of Cavour. This was the site of a medieval castle, destroyed by the French in 1690. Due to its position in the Po Valley, the top of the hill offers a great view of the surrounding plains and the Alps. Address: Rocca di Cavour, 10061 Cavour TOCoordinates: 44.7804, 7.3743 Google Maps Fenestrelle Fenestrelle is a hamlet located in a valley among the mountains west of Turin. It is best known for its large fortress. \u272a Fenestrelle Fort The Fenestrelle Fort (Forte di Fenestrelle) is the largest alpine fortified complex in Europe, located on a strategic position guarding a valley connecting the Po Valley with France. Erected starting in the 18th century, the fortress grew to include various fortifications running for over three kilometers along the side of a mountain. For centuries, it was among the most important forts in the region and it was also used as a prison. Now it has been restored and various sections can be visited. Address: Via del Forte, 10060 Fenestrelle TOCoordinates: 45.0298, 7.0603 Google Maps<\/p>","protected":false},"author":1,"featured_media":0,"parent":932,"menu_order":0,"comment_status":"closed","ping_status":"closed","template":"","meta":{"_editorskit_title_hidden":false,"_editorskit_reading_time":0,"_editorskit_is_block_options_detached":false,"_editorskit_block_options_position":"{}","om_disable_all_campaigns":false,"_uag_custom_page_level_css":"","advgb_blocks_editor_width":"","advgb_blocks_columns_visual_guide":"","_monsterinsights_skip_tracking":false,"_monsterinsights_sitenote_active":false,"_monsterinsights_sitenote_note":"","_monsterinsights_sitenote_category":0,"footnotes":""},"class_list":["post-9738","page","type-page","status-publish","hentry"],"aioseo_notices":[],"featured_image_src":null,"uagb_featured_image_src":{"full":false,"thumbnail":false,"medium":false,"medium_large":false,"large":false,"1536x1536":false,"2048x2048":false,"trp-custom-language-flag":false,"xs-thumb":false,"post-thumbnail":false,"minimalistblogger-grid":false,"minimalistblogger-slider":false,"minimalistblogger-small":false},"uagb_author_info":{"display_name":"Stefano Cammisa","author_link":"https:\/\/www.cosmundus.com\/it\/author\/stefano-cammisa\/"},"uagb_comment_info":0,"uagb_excerpt":"&lt;&lt;\u00a0Piedmont The Pinerolese is a region located around the town of Pinerolo, in the southwest of the Metropolitan City of Turin. This area includes various towns located at the foot of the mountains, such as Pinerolo, and some valleys among the Alps. These are known as Waldensian Valleys (Valli Valdesi) because of the historic presence&hellip;","coauthors":[],"author_meta":{"author_link":"https:\/\/www.cosmundus.com\/it\/author\/stefano-cammisa\/","display_name":"Stefano Cammisa"},"relative_dates":{"created":"Pubblicato 2 anni fa","modified":"Aggiornato 2 anni fa"},"absolute_dates":{"created":"Pubblicato il 3 Marzo 2024","modified":"Aggiornato il 3 Marzo 2024"},"absolute_dates_time":{"created":"Pubblicato il 3 Marzo 2024 12:58 pm","modified":"Aggiornato il 3 Marzo 2024 12:58 pm"},"featured_img_caption":"","featured_img":false,"series_order":"","_links":{"self":[{"href":"https:\/\/www.cosmundus.com\/it\/wp-json\/wp\/v2\/pages\/9738","targetHints":{"allow":["GET"]}}],"collection":[{"href":"https:\/\/www.cosmundus.com\/it\/wp-json\/wp\/v2\/pages"}],"about":[{"href":"https:\/\/www.cosmundus.com\/it\/wp-json\/wp\/v2\/types\/page"}],"author":[{"embeddable":true,"href":"https:\/\/www.cosmundus.com\/it\/wp-json\/wp\/v2\/users\/1"}],"replies":[{"embeddable":true,"href":"https:\/\/www.cosmundus.com\/it\/wp-json\/wp\/v2\/comments?post=9738"}],"version-history":[{"count":2,"href":"https:\/\/www.cosmundus.com\/it\/wp-json\/wp\/v2\/pages\/9738\/revisions"}],"predecessor-version":[{"id":9759,"href":"https:\/\/www.cosmundus.com\/it\/wp-json\/wp\/v2\/pages\/9738\/revisions\/9759"}],"up":[{"embeddable":true,"href":"https:\/\/www.cosmundus.com\/it\/wp-json\/wp\/v2\/pages\/932"}],"wp:attachment":[{"href":"https:\/\/www.cosmundus.com\/it\/wp-json\/wp\/v2\/media?parent=9738"}],"curies":[{"name":"wp","href":"https:\/\/api.w.org\/{rel}","templated":true}]}}