{"id":9699,"date":"2024-03-03T10:49:58","date_gmt":"2024-03-03T09:49:58","guid":{"rendered":"https:\/\/www.cosmundus.com\/?page_id=9699"},"modified":"2024-03-03T10:50:57","modified_gmt":"2024-03-03T09:50:57","slug":"cusio","status":"publish","type":"page","link":"https:\/\/www.cosmundus.com\/it\/destinations\/cusio\/","title":{"rendered":"Cusio"},"content":{"rendered":"<p class=\"has-text-align-right\">&lt;&lt;\u00a0<a href=\"https:\/\/www.cosmundus.com\/it\/atlas\/europe\/southern-europe\/italy\/northwest-italy\/piedmont\/\">Piemonte<\/a><\/p>\n\n\n\n<p class=\"translation-block\">Il Cusio \u00e8 la regione che circonda il Lago d'Orta, divisa tra le province di <a href=\"https:\/\/www.cosmundus.com\/it\/destinations\/novarese\/#novara\" class=\"ek-link\" target=\"_self\">Novara<\/a> e del <a href=\"https:\/\/www.cosmundus.com\/it\/destinations\/verbano-and-vergante\/\" class=\"ek-link\" target=\"_self\">Verbano<\/a>-Cusio-<a href=\"https:\/\/www.cosmundus.com\/it\/destinations\/ossola\/\" class=\"ek-link\" target=\"_self\">Ossola<\/a>. Nota per le sua bellezza naturali, questa regione comprende numerose splendide cittadine lungo le sponde del lago e tra le colline e le montagne. L'attrazione pi\u00f9 notevole in quest'area \u00e8 la piccola Isola di San Giulio, situata nel mezzo del Lago d'Orta.<\/p>\n\n\n\n<div class=\"wp-block-group\"><div class=\"wp-block-group__inner-container is-layout-constrained wp-block-group-is-layout-constrained\"><div style=\"border: 1px solid #8ed1fc; border-radius: 0%; background-color: inherit; \" class=\"ub-styled-box ub-bordered-box wp-block-ub-styled-box\" id=\"ub-styled-box-a726b1a1-2ba2-44d5-b6f3-7c078014294e\">\n<p class=\"has-medium-font-size\" id=\"ub-styled-box-bordered-content-b3ccc389-b69f-4124-9019-262b7806123b\">Posti da vedere nel Cusio<\/p>\n\n\n<div class=\"wp-block-aioseo-table-of-contents\"><ul><li><a class=\"aioseo-toc-item\" href=\"#orta-san-giulio\">Orta San Giulio<\/a><ul><li><a class=\"aioseo-toc-item\" href=\"#san-giulio-island\">\u272a Isola di San Giulio<\/a><\/li><li><a class=\"aioseo-toc-item\" href=\"#orta-san-giulio-promenade\">Lungolago di Orta San Giulio<\/a><\/li><li><a class=\"aioseo-toc-item\" href=\"#sacro-monte-di-orta\">Sacro Monte di Orta<\/a><\/li><\/ul><\/li><li><a class=\"aioseo-toc-item\" href=\"#omegna\">Omegna<\/a><ul><li><a class=\"aioseo-toc-item\" href=\"#church-of-santambrogio\">Chiesa di Sant\u2019Ambrogio<\/a><\/li><\/ul><\/li><li><a class=\"aioseo-toc-item\" href=\"#madonna-del-sasso\">Madonna del Sasso<\/a><ul><li><a class=\"aioseo-toc-item\" href=\"#sanctuary-of-madonna-del-sasso\">Santuario di Madonna del Sasso<\/a><\/li><\/ul><\/li><\/ul><\/div>\n\n<\/div><\/div><\/div>\n\n\n\n<h2 class=\"wp-block-heading\" id=\"orta-san-giulio\"><strong>Orta San Giulio<\/strong><\/h2>\n\n\n\n<p class=\"translation-block\">Orta San Giulio \u00e8 un piccolo paese situato sulle sponde del Lago d'Orta in Provincia di Novara. Fiorente borgo e per secoli centro principale della zona, Orta San Giulio \u00e8 oggi una meta turistica grazie alla sua posizione e al suo bellissimo ambiente.<\/p>\n\n\n<div class=\"wp-block-ub-divider ub_divider ub-divider-orientation-horizontal\" id=\"ub_divider_e5621c57-54ca-4e50-b504-4863f29566fc\"><div class=\"ub_divider_wrapper\" style=\"position: relative; margin-bottom: 2px; width: 100%; height: 2px; \" data-divider-alignment=\"center\"><div class=\"ub_divider_line\" style=\"border-top: 2px solid #ccc; margin-top: 2px; \"><\/div><\/div><\/div>\n\n\n<h4 class=\"wp-block-heading\" id=\"san-giulio-island\"><strong>\u272a Isola di San Giulio<\/strong><\/h4>\n\n\n\n<p class=\"translation-block\">L'Isola di San Giulio \u00e8 una piccola isola situata nel mezzo del Lago d'Orta, nei pressi di Orta San Giulio. Questa pittoresca isola \u00e8 uno dei luoghi pi\u00f9 emblematici del Piemonte e una popolare attrazione turistica. Su quest'isola sorse nell'Alto Medioevo una chiesa, poi sostituita nel dodicesimo secolo dall'attuale <strong>Basilica di San Giulio<\/strong>. Questa basilica romanica ospita diverse opere d'arte tra cui un ambone medievale, una serie di antichi affreschi e numerose decorazioni barocche. L'<strong>Abbazia Mater Ecclesiae<\/strong> domina gran parte dell'isola. Fondata nel 1973 e ospitata in alcuni edifici storici, \u00e8 attualmente abitata da suore.<\/p>\n\n\n\n<div class=\"wp-block-columns is-layout-flex wp-container-core-columns-is-layout-9d6595d7 wp-block-columns-is-layout-flex\">\n<div class=\"wp-block-column is-layout-flow wp-block-column-is-layout-flow\" style=\"flex-basis:85%\">\n<p>Indirizzo: Isola San Giulio, 28016 Orta San Giulio NO<br>Coordinate: 45.7960, 8.3999<\/p>\n<\/div>\n\n\n\n<div class=\"wp-block-column is-layout-flow wp-block-column-is-layout-flow\" style=\"flex-basis:15%\">\n<p class=\"has-text-align-right\"><a href=\"https:\/\/goo.gl\/maps\/At1Gade9UmwvfhBA6\" target=\"_blank\" aria-label=\" (opens in a new tab)\" rel=\"noreferrer noopener\" class=\"ek-link\">Google Maps<\/a><\/p>\n<\/div>\n<\/div>\n\n\n<div class=\"wp-block-ub-divider ub_divider ub-divider-orientation-horizontal\" id=\"ub_divider_5919aa19-8fbb-4c16-a16b-b059f62d88cf\"><div class=\"ub_divider_wrapper\" style=\"position: relative; margin-bottom: 2px; width: 100%; height: 2px; \" data-divider-alignment=\"center\"><div class=\"ub_divider_line\" style=\"border-top: 2px solid #ccc; margin-top: 2px; \"><\/div><\/div><\/div>\n\n\n<h4 class=\"wp-block-heading\" id=\"orta-san-giulio-promenade\"><strong>Lungolago di Orta San Giulio<\/strong><\/h4>\n\n\n\n<p class=\"translation-block\">Il lungolago di Orta San Giulio offre una splendida vista sul Lago d'Orta e sul suo bellissimo ambiente naturale. Diverse attrazioni ed edifici storici adornano la strada, che ha \u00e8 incentrata attorno a <strong>Piazza Motta<\/strong>, la piazza principale di Orta San Giulio. Questa piazza ospita il <strong>Palazzotto<\/strong>, o <strong>Palazzo della Comunit\u00e0<\/strong>, un palazzo del sedicesimo secolo che un tempo ospitava il governo locale.<\/p>\n\n\n\n<div class=\"wp-block-columns is-layout-flex wp-container-core-columns-is-layout-9d6595d7 wp-block-columns-is-layout-flex\">\n<div class=\"wp-block-column is-layout-flow wp-block-column-is-layout-flow\" style=\"flex-basis:85%\">\n<p>Indirizzo: Piazza Motta, 28016 Orta San Giulio NO<br>Coordinate: 45.7981, 8.4059<\/p>\n<\/div>\n\n\n\n<div class=\"wp-block-column is-layout-flow wp-block-column-is-layout-flow\" style=\"flex-basis:15%\">\n<p class=\"has-text-align-right\"><a href=\"https:\/\/goo.gl\/maps\/G8K8hSHiLRx1FGsD7\" target=\"_blank\" aria-label=\" (opens in a new tab)\" rel=\"noreferrer noopener\" class=\"ek-link\">Google Maps<\/a><\/p>\n<\/div>\n<\/div>\n\n\n<div class=\"wp-block-ub-divider ub_divider ub-divider-orientation-horizontal\" id=\"ub_divider_63e24cdb-18d2-4c69-95a8-b7b0628eca46\"><div class=\"ub_divider_wrapper\" style=\"position: relative; margin-bottom: 2px; width: 100%; height: 2px; \" data-divider-alignment=\"center\"><div class=\"ub_divider_line\" style=\"border-top: 2px solid #ccc; margin-top: 2px; \"><\/div><\/div><\/div>\n\n\n<h4 class=\"wp-block-heading\" id=\"sacro-monte-di-orta\"><strong>Sacro Monte di Orta<\/strong><\/h4>\n\n\n\n<p class=\"translation-block\">Il Sacro Monte di Orta \u00e8 uno dei Sacri Monti, una serie di siti storici religiosi situati in Piemonte e <a href=\"https:\/\/www.cosmundus.com\/it\/atlas\/europe\/southern-europe\/italy\/northwest-italy\/lombardy\/\" class=\"ek-link\" target=\"_self\">Lombardia<\/a>. Il complesso occupa una collina che domina sul Lago d'Orta e fu eretto tra il sedicesimo e il diciottesimo secolo. Il sito comprende molte cappelle riccamente decorate con statue e affreschi raffiguranti la vita di San Francesco d'<a href=\"https:\/\/www.cosmundus.com\/it\/destinations\/assisi\/\" class=\"ek-link\" target=\"_self\">Assisi<\/a>. Insieme agli altri Sacri Monti, il Sacro Monte di Orta \u00e8 un Patrimonio dell'Umanit\u00e0 dell'UNESCO.<\/p>\n\n\n\n<div class=\"wp-block-columns is-layout-flex wp-container-core-columns-is-layout-9d6595d7 wp-block-columns-is-layout-flex\">\n<div class=\"wp-block-column is-layout-flow wp-block-column-is-layout-flow\" style=\"flex-basis:85%\">\n<p>Indirizzo: Via al Sacro Monte, 28016 Orta San Giulio NO<br>Coordinate: 45.7965, 8.4100<\/p>\n<\/div>\n\n\n\n<div class=\"wp-block-column is-layout-flow wp-block-column-is-layout-flow\" style=\"flex-basis:15%\">\n<p class=\"has-text-align-right\"><a href=\"https:\/\/goo.gl\/maps\/vSWm7KkuX8eqiJCY6\" target=\"_blank\" aria-label=\" (opens in a new tab)\" rel=\"noreferrer noopener\" class=\"ek-link\">Google Maps<\/a><\/p>\n<\/div>\n<\/div>\n\n\n<div style=\"margin-top: var(--wp--preset--spacing--40); margin-bottom: var(--wp--preset--spacing--40); \" class=\"wp-block-ub-divider ub_divider ub-divider-orientation-horizontal\" id=\"ub_divider_adca86f1-729e-48c2-897e-ef3e583b1899\"><div class=\"ub_divider_wrapper\" style=\"position: relative; margin-bottom: 10px; width: 100%; height: 10px; \" data-divider-alignment=\"center\"><div class=\"ub_divider_line\" style=\"border-top: 2px solid #000000; margin-top: 10px; \"><\/div><\/div><\/div>\n\n\n<h2 class=\"wp-block-heading\" id=\"omegna\"><strong>Omegna<\/strong><\/h2>\n\n\n\n<p>Omegna \u00e8 un paese situato all'estremit\u00e0 settentrionale del Lago d'Orta nella Provincia del Verbano-Cusio-Ossola. Il paese sorse durante l'Alto Medioevo e, a partire dall'Ottocento, \u00e8 un fiorente centro industriale, ma anche una meta turistica.<\/p>\n\n\n<div class=\"wp-block-ub-divider ub_divider ub-divider-orientation-horizontal\" id=\"ub_divider_995acfd4-4016-4696-a7d3-9eed136b7c8b\"><div class=\"ub_divider_wrapper\" style=\"position: relative; margin-bottom: 2px; width: 100%; height: 2px; \" data-divider-alignment=\"center\"><div class=\"ub_divider_line\" style=\"border-top: 2px solid #ccc; margin-top: 2px; \"><\/div><\/div><\/div>\n\n\n<h4 class=\"wp-block-heading\" id=\"church-of-santambrogio\"><strong>Chiesa di Sant\u2019Ambrogio<\/strong><\/h4>\n\n\n\n<p>La Chiesa di Sant'Ambrogio \u00e8 il principale luogo religioso di Omegna, situata nel centro del paese. Originariamente costruita nel decimo secolo e successivamente rimaneggiata, presenta un alto campanile del tredicesimo secolo. I suoi interni sono impreziositi da varie decorazioni barocche e ospitano alcune opere d'arte.<\/p>\n\n\n\n<div class=\"wp-block-columns is-layout-flex wp-container-core-columns-is-layout-9d6595d7 wp-block-columns-is-layout-flex\">\n<div class=\"wp-block-column is-layout-flow wp-block-column-is-layout-flow\" style=\"flex-basis:85%\">\n<p>Indirizzo: Piazza Filippo Maria Beltrami, 28887 Omegna VB<br>Coordinate: 45.8771, 8.4092<\/p>\n<\/div>\n\n\n\n<div class=\"wp-block-column is-layout-flow wp-block-column-is-layout-flow\" style=\"flex-basis:15%\">\n<p class=\"has-text-align-right\"><a href=\"https:\/\/goo.gl\/maps\/MLBes44k4phvR9hW6\" target=\"_blank\" aria-label=\" (opens in a new tab)\" rel=\"noreferrer noopener\" class=\"ek-link\">Google Maps<\/a><\/p>\n<\/div>\n<\/div>\n\n\n<div style=\"margin-top: var(--wp--preset--spacing--40); margin-bottom: var(--wp--preset--spacing--40); \" class=\"wp-block-ub-divider ub_divider ub-divider-orientation-horizontal\" id=\"ub_divider_10b0d382-f384-46fd-bc1a-34de110c207d\"><div class=\"ub_divider_wrapper\" style=\"position: relative; margin-bottom: 10px; width: 100%; height: 10px; \" data-divider-alignment=\"center\"><div class=\"ub_divider_line\" style=\"border-top: 2px solid #000000; margin-top: 10px; \"><\/div><\/div><\/div>\n\n\n<h2 class=\"wp-block-heading\" id=\"madonna-del-sasso\"><strong>Madonna del Sasso<\/strong><\/h2>\n\n\n\n<p>Madonna del Sasso \u00e8 un comune della Provincia del Verbano-Cusio-Ossola, formato da alcuni paesini vicino al Lago d'Orta. Prende il nome da uno storico santuario.<\/p>\n\n\n<div class=\"wp-block-ub-divider ub_divider ub-divider-orientation-horizontal\" id=\"ub_divider_26a8d2d9-0a95-4ee4-8c62-a228897c891e\"><div class=\"ub_divider_wrapper\" style=\"position: relative; margin-bottom: 2px; width: 100%; height: 2px; \" data-divider-alignment=\"center\"><div class=\"ub_divider_line\" style=\"border-top: 2px solid #ccc; margin-top: 2px; \"><\/div><\/div><\/div>\n\n\n<h4 class=\"wp-block-heading\" id=\"sanctuary-of-madonna-del-sasso\"><strong>Santuario di Madonna del Sasso<\/strong><\/h4>\n\n\n\n<p class=\"translation-block\">Il Santuario della Madonna del Sasso \u00e8 uno storico sito religioso situato sulla sommit\u00e0 di uno sperone roccioso con una vista spettacolare sul Lago d'Orta e sulle montagne circostanti. La chiesa fu edificata nel corso del diciottesimo secolo e presenta decorazioni barocche.<\/p>\n\n\n\n<div class=\"wp-block-columns is-layout-flex wp-container-core-columns-is-layout-9d6595d7 wp-block-columns-is-layout-flex\">\n<div class=\"wp-block-column is-layout-flow wp-block-column-is-layout-flow\" style=\"flex-basis:85%\">\n<p>Indirizzo: Via Panoramica, 28894 Madonna del Sasso VB<br>Coordinate: 45.7882, 8.3742<\/p>\n<\/div>\n\n\n\n<div class=\"wp-block-column is-layout-flow wp-block-column-is-layout-flow\" style=\"flex-basis:15%\">\n<p class=\"has-text-align-right\"><a href=\"https:\/\/goo.gl\/maps\/wv4B4b42QjAs7VB88\" target=\"_blank\" aria-label=\" (opens in a new tab)\" rel=\"noreferrer noopener\" class=\"ek-link\">Google Maps<\/a><\/p>\n<\/div>\n<\/div>","protected":false},"excerpt":{"rendered":"<p>&lt;&lt;\u00a0Piedmont Cusio is the region surrounding Lake Orta, divided between the provinces of Novara and Verbano-Cusio-Ossola. Known for its natural beauty, this region includes many gorgeous towns along the shores of the lake and among the hills and mountains. The most notable attraction here is the small San Giulio Island, located in the middle of Lake Orta. Orta San Giulio Orta San Giulio is a small town located on the shores of Lake Orta in the Province of Novara. A flourishing village and for centuries the main center in the area, Orta San Giulio is now a tourist destination thanks to its position and beautiful environment. \u272a San Giulio Island San Giulio Island is a small island located in the middle of Lake Orta, near Orta San Giulio. This picturesque island is one of the most iconic sights in Piedmont and a popular tourist attraction. A church was built on this island in the Early Middle Ages, and it was later replaced by the current Basilica of San Giulio in the 12th century. This Romanesque basilica hosts various artworks including a medieval ambon, a series of ancient frescoes, and numerous Baroque decorations. The Mater Ecclesiae Abbey (Abbazia Mater Ecclesiae) dominates most of the island. Founded in 1973 and hosted in a few historic buildings, it is currently inhabited by nuns. Address: Isola San Giulio, 28016 Orta San Giulio NOCoordinates: 45.7960, 8.3999 Google Maps Orta San Giulio Promenade The lakeside promenade of Orta San Giulio offers a great view over Lake Orta and its beautiful natural environment. Various attractions and historical buildings adorn the road, which is centered around Piazza Motta, the main square of Orta San Giulio. This plaza hosts the Palazzotto, or Palazzo della Comunit\u00e0, a 16th-century palace that once hosted the local government. Address: Piazza Motta, 28016 Orta San Giulio NOCoordinates: 45.7981, 8.4059 Google Maps Sacro Monte di Orta The Sacro Monte di Orta is one of the Sacri Monti, a series of historic religious sites located in Piedmont and Lombardy. The complex occupies a hill overlooking Lake Orta and it was erected between the 16th and 18th century. The site includes many richly decorated chapels with statues and frescoes depicting the life of Saint Francis of Assisi. Along with the other Sacri Monti, the Sacro Monte di Orta is a UNESCO World Heritage Site. Address: Via al Sacro Monte, 28016 Orta San Giulio NOCoordinates: 45.7965, 8.4100 Google Maps Omegna Omegna is a town located at the northern end of Lake Orta in the Province of Verbano-Cusio-Ossola. The town emerged during the Late Middle Ages and, since the 19th century, it has been a flourishing industrial center, but also a tourist destination. Church of Sant&#8217;Ambrogio The Church of Sant&#8217;Ambrogio is the main religious site in Omegna, located in the center of the town. Originally built during the 10th century and later reworked, it features a tall 13th-century bell tower. Its interiors are adorned with various Baroque decorations and host a few artworks. Address: Piazza Filippo Maria Beltrami, 28887 Omegna VBCoordinates: 45.8771, 8.4092 Google Maps Madonna del Sasso Madonna del Sasso is a municipality in the Province of Verbano-Cusio-Ossola, formed by a few small villages near Lake Orta. It takes its name from a historic sanctuary. Sanctuary of Madonna del Sasso The Sanctuary of Madonna del Sasso (Santuario di Madonna del Sasso) is a historic religious site located on top of a rocky spur with a spectacular view over Lake Orta and the surrounding mountains. The church was built during the 18th century and it features Baroque decorations. Address: Via Panoramica, 28894 Madonna del Sasso VBCoordinates: 45.7882, 8.3742 Google Maps<\/p>","protected":false},"author":1,"featured_media":0,"parent":932,"menu_order":0,"comment_status":"closed","ping_status":"closed","template":"","meta":{"_editorskit_title_hidden":false,"_editorskit_reading_time":0,"_editorskit_is_block_options_detached":false,"_editorskit_block_options_position":"{}","om_disable_all_campaigns":false,"_uag_custom_page_level_css":"","advgb_blocks_editor_width":"","advgb_blocks_columns_visual_guide":"","_monsterinsights_skip_tracking":false,"_monsterinsights_sitenote_active":false,"_monsterinsights_sitenote_note":"","_monsterinsights_sitenote_category":0,"footnotes":""},"class_list":["post-9699","page","type-page","status-publish","hentry"],"aioseo_notices":[],"featured_image_src":null,"uagb_featured_image_src":{"full":false,"thumbnail":false,"medium":false,"medium_large":false,"large":false,"1536x1536":false,"2048x2048":false,"trp-custom-language-flag":false,"xs-thumb":false,"post-thumbnail":false,"minimalistblogger-grid":false,"minimalistblogger-slider":false,"minimalistblogger-small":false},"uagb_author_info":{"display_name":"Stefano Cammisa","author_link":"https:\/\/www.cosmundus.com\/it\/author\/stefano-cammisa\/"},"uagb_comment_info":0,"uagb_excerpt":"&lt;&lt;\u00a0Piedmont Cusio is the region surrounding Lake Orta, divided between the provinces of Novara and Verbano-Cusio-Ossola. Known for its natural beauty, this region includes many gorgeous towns along the shores of the lake and among the hills and mountains. The most notable attraction here is the small San Giulio Island, located in the middle of&hellip;","coauthors":[],"author_meta":{"author_link":"https:\/\/www.cosmundus.com\/it\/author\/stefano-cammisa\/","display_name":"Stefano Cammisa"},"relative_dates":{"created":"Pubblicato 2 anni fa","modified":"Aggiornato 2 anni fa"},"absolute_dates":{"created":"Pubblicato il 3 Marzo 2024","modified":"Aggiornato il 3 Marzo 2024"},"absolute_dates_time":{"created":"Pubblicato il 3 Marzo 2024 10:49 am","modified":"Aggiornato il 3 Marzo 2024 10:50 am"},"featured_img_caption":"","featured_img":false,"series_order":"","_links":{"self":[{"href":"https:\/\/www.cosmundus.com\/it\/wp-json\/wp\/v2\/pages\/9699","targetHints":{"allow":["GET"]}}],"collection":[{"href":"https:\/\/www.cosmundus.com\/it\/wp-json\/wp\/v2\/pages"}],"about":[{"href":"https:\/\/www.cosmundus.com\/it\/wp-json\/wp\/v2\/types\/page"}],"author":[{"embeddable":true,"href":"https:\/\/www.cosmundus.com\/it\/wp-json\/wp\/v2\/users\/1"}],"replies":[{"embeddable":true,"href":"https:\/\/www.cosmundus.com\/it\/wp-json\/wp\/v2\/comments?post=9699"}],"version-history":[{"count":3,"href":"https:\/\/www.cosmundus.com\/it\/wp-json\/wp\/v2\/pages\/9699\/revisions"}],"predecessor-version":[{"id":9715,"href":"https:\/\/www.cosmundus.com\/it\/wp-json\/wp\/v2\/pages\/9699\/revisions\/9715"}],"up":[{"embeddable":true,"href":"https:\/\/www.cosmundus.com\/it\/wp-json\/wp\/v2\/pages\/932"}],"wp:attachment":[{"href":"https:\/\/www.cosmundus.com\/it\/wp-json\/wp\/v2\/media?parent=9699"}],"curies":[{"name":"wp","href":"https:\/\/api.w.org\/{rel}","templated":true}]}}