{"id":9668,"date":"2024-03-01T14:21:32","date_gmt":"2024-03-01T13:21:32","guid":{"rendered":"https:\/\/www.cosmundus.com\/?page_id=9668"},"modified":"2024-03-17T10:55:32","modified_gmt":"2024-03-17T09:55:32","slug":"alps-of-cuneo","status":"publish","type":"page","link":"https:\/\/www.cosmundus.com\/it\/destinations\/alps-of-cuneo\/","title":{"rendered":"Alpi Cuneesi"},"content":{"rendered":"<p class=\"has-text-align-right\">&lt;&lt;&nbsp;<a href=\"https:\/\/www.cosmundus.com\/it\/atlas\/europe\/southern-europe\/italy\/northwest-italy\/piedmont\/\">Piemonte<\/a><\/p>\n\n\n\n<p class=\"translation-block\">La porzione occidentale e meridionale della Provincia di <a href=\"https:\/\/www.cosmundus.com\/it\/destinations\/cuneese\/#cuneo\" class=\"ek-link\" target=\"_self\">Cuneo<\/a> presenta numerose valli tra le Alpi. Qui si trovano diversi piccoli paesi di montagna e popolari destinazioni turistiche. Questa zona \u00e8 nota anche per la bellezza del suo ambiente naturale.<\/p>\n\n\n\n<div class=\"wp-block-group\"><div class=\"wp-block-group__inner-container is-layout-constrained wp-block-group-is-layout-constrained\"><div style=\"border: 1px solid #8ed1fc; border-radius: 0%; background-color: inherit; \" class=\"ub-styled-box ub-bordered-box wp-block-ub-styled-box\" id=\"ub-styled-box-c2609473-03ba-4007-a303-d29072da1f18\">\n<p class=\"has-medium-font-size\" id=\"ub-styled-box-bordered-content-ac082875-aa0d-49f4-9ed0-ab458b243a77\">Posti da vedere nelle Alpi Cuneesi<\/p>\n\n\n<div class=\"wp-block-aioseo-table-of-contents\"><ul><li><a class=\"aioseo-toc-item\" href=\"#valle-po\">Valle Po<\/a><ul><li><a class=\"aioseo-toc-item\" href=\"#pian-del-re\">Pian del Re<\/a><\/li><\/ul><\/li><li><a class=\"aioseo-toc-item\" href=\"#valle-grana\">Valle Grana<\/a><ul><li><a class=\"aioseo-toc-item\" href=\"#silk-mill-of-caraglio\">Filatoio di Caraglio<\/a><\/li><li><a class=\"aioseo-toc-item\" href=\"#sanctuary-of-san-magno\">Santuario di San Magno<\/a><\/li><\/ul><\/li><li><a class=\"aioseo-toc-item\" href=\"#vinadio\">Vinadio<\/a><ul><li><a class=\"aioseo-toc-item\" href=\"#forte-albertino-of-vinadio\">Forte Albertino di Vinadio<\/a><\/li><li><a class=\"aioseo-toc-item\" href=\"#bagni-di-vinadio\">Bagni di Vinadio<\/a><\/li><li><a class=\"aioseo-toc-item\" href=\"#sanctuary-of-santanna\">Santuario di Sant\u2019Anna<\/a><\/li><\/ul><\/li><li><a class=\"aioseo-toc-item\" href=\"#valle-vermenagna\">Valle Vermenagna<\/a><ul><li><a class=\"aioseo-toc-item\" href=\"#limone-piemonte\">Limone Piemonte<\/a><\/li><\/ul><\/li><\/ul><\/div>\n\n<\/div><\/div><\/div>\n\n\n\n<h2 class=\"wp-block-heading\" id=\"valle-po\"><strong>Valle Po<\/strong><\/h2>\n\n\n\n<p class=\"translation-block\">La Valle Po \u00e8 una valle tra le Alpi a ovest di <a href=\"https:\/\/www.cosmundus.com\/it\/destinations\/cuneese\/#saluzzo\" class=\"ek-link\" target=\"_self\">Saluzzo<\/a>, attraversata dal tratto iniziale del Po, il fiume pi\u00f9 lungo d'Italia.<\/p>\n\n\n<div class=\"wp-block-ub-divider ub_divider ub-divider-orientation-horizontal\" id=\"ub_divider_0907cc4d-1f58-4f69-b58d-d1dfe036df08\"><div class=\"ub_divider_wrapper\" style=\"position: relative; margin-bottom: 2px; width: 100%; height: 2px; \" data-divider-alignment=\"center\"><div class=\"ub_divider_line\" style=\"border-top: 2px solid #ccc; margin-top: 2px; \"><\/div><\/div><\/div>\n\n\n<h4 class=\"wp-block-heading\" id=\"pian-del-re\"><strong>Pian del Re<\/strong><\/h4>\n\n\n\n<p>Pian del Re \u00e8 una localit\u00e0 all'estremit\u00e0 della Valle Po, nel comune di Crissolo vicino al confine tra Italia e Francia. Il sito \u00e8 famoso per ospitare la sorgente del fiume Po, situata alle pendici del Monviso, la montagna pi\u00f9 alta delle Alpi Cozie. La zona \u00e8 un punto di partenza per escursioni verso le vicine montagne.<\/p>\n\n\n\n<div class=\"wp-block-columns is-layout-flex wp-container-core-columns-is-layout-9d6595d7 wp-block-columns-is-layout-flex\">\n<div class=\"wp-block-column is-layout-flow wp-block-column-is-layout-flow\" style=\"flex-basis:85%\">\n<p>Indirizzo: Pian del Re, 12030 Crissolo CN<br>Coordinate: 44.7005, 7.0925<\/p>\n<\/div>\n\n\n\n<div class=\"wp-block-column is-layout-flow wp-block-column-is-layout-flow\" style=\"flex-basis:15%\">\n<p class=\"has-text-align-right\"><a href=\"https:\/\/goo.gl\/maps\/6SCuA6V5Bz7FFXSi7\" target=\"_blank\" aria-label=\" (opens in a new tab)\" rel=\"noreferrer noopener\" class=\"ek-link\">Google Maps<\/a><\/p>\n<\/div>\n<\/div>\n\n\n<div style=\"margin-top: var(--wp--preset--spacing--40); margin-bottom: var(--wp--preset--spacing--40); \" class=\"wp-block-ub-divider ub_divider ub-divider-orientation-horizontal\" id=\"ub_divider_ad7129c0-7e2a-4245-982d-1cbabf7f251d\"><div class=\"ub_divider_wrapper\" style=\"position: relative; margin-bottom: 10px; width: 100%; height: 10px; \" data-divider-alignment=\"center\"><div class=\"ub_divider_line\" style=\"border-top: 2px solid #000000; margin-top: 10px; \"><\/div><\/div><\/div>\n\n\n<h2 class=\"wp-block-heading\" id=\"valle-grana\"><strong>Valle Grana<\/strong><\/h2>\n\n\n\n<p class=\"translation-block\">La Valle Grana \u00e8 una valle situata tra le Alpi a ovest di Cuneo, attraversato dal torrente Grana. Nella valle si trovano alcuni piccoli centri con delle attrazioni storiche, e l'area \u00e8 famosa anche per la produzione di formaggio.<\/p>\n\n\n<div class=\"wp-block-ub-divider ub_divider ub-divider-orientation-horizontal\" id=\"ub_divider_32fc9c7b-02e9-425e-9fed-6c78f22379f1\"><div class=\"ub_divider_wrapper\" style=\"position: relative; margin-bottom: 2px; width: 100%; height: 2px; \" data-divider-alignment=\"center\"><div class=\"ub_divider_line\" style=\"border-top: 2px solid #ccc; margin-top: 2px; \"><\/div><\/div><\/div>\n\n\n<h4 class=\"wp-block-heading\" id=\"silk-mill-of-caraglio\"><strong>Filatoio di Caraglio<\/strong><\/h4>\n\n\n\n<p class=\"translation-block\">Il Filatoio di Caraglio \u00e8 uno dei siti industriali storici meglio conservati d'Europa, e si trova a Caraglio, paese nella pianura all'inizio della Valle Grana. Questo edificio \u00e8 stato uno dei primi mulini da seta in Europa, eretto tra il 1676 e il 1678, e ha operato fino al 1936. Dopo essere stato restaurato, l'edificio ospita oggi un museo che spiega come funzionava il mulino e mette in mostra i macchinari storici coinvolti nella produzione.<\/p>\n\n\n\n<div class=\"wp-block-columns is-layout-flex wp-container-core-columns-is-layout-9d6595d7 wp-block-columns-is-layout-flex\">\n<div class=\"wp-block-column is-layout-flow wp-block-column-is-layout-flow\" style=\"flex-basis:85%\">\n<p>Indirizzo: Via Giacomo Matteotti, 40, 12023 Caraglio CN<br>Coordinate: 44.4252, 7.4276<\/p>\n<\/div>\n\n\n\n<div class=\"wp-block-column is-layout-flow wp-block-column-is-layout-flow\" style=\"flex-basis:15%\">\n<p class=\"has-text-align-right\"><a href=\"https:\/\/goo.gl\/maps\/e55vAxKDF1WT1Dmb7\" target=\"_blank\" aria-label=\" (opens in a new tab)\" rel=\"noreferrer noopener\" class=\"ek-link\">Google Maps<\/a><\/p>\n<\/div>\n<\/div>\n\n\n<div class=\"wp-block-ub-divider ub_divider ub-divider-orientation-horizontal\" id=\"ub_divider_a336c252-b304-4f43-9db9-e7a80faaa951\"><div class=\"ub_divider_wrapper\" style=\"position: relative; margin-bottom: 2px; width: 100%; height: 2px; \" data-divider-alignment=\"center\"><div class=\"ub_divider_line\" style=\"border-top: 2px solid #ccc; margin-top: 2px; \"><\/div><\/div><\/div>\n\n\n<h4 class=\"wp-block-heading\" id=\"sanctuary-of-san-magno\"><strong>Santuario di San Magno<\/strong><\/h4>\n\n\n\n<p class=\"translation-block\">Il Santuario di San Magno \u00e8 un luogo religioso situato tra i monti nei pressi di Castelmagno, in Valle Grana. Il santuario fu eretto a partire dal quindicesimo secolo, e fu ampliato pi\u00f9 volte fino al diciannovesimo secolo. La chiesa ospita alcune cappelle ornate da bellissimi affreschi storici e una lapide con iscrizioni romane.<\/p>\n\n\n\n<div class=\"wp-block-columns is-layout-flex wp-container-core-columns-is-layout-9d6595d7 wp-block-columns-is-layout-flex\">\n<div class=\"wp-block-column is-layout-flow wp-block-column-is-layout-flow\" style=\"flex-basis:85%\">\n<p>Indirizzo: Via Don Giacomo Mascarello, 1, 12020 Castelmagno CN<br>Coordinate: 44.4007, 7.1710<\/p>\n<\/div>\n\n\n\n<div class=\"wp-block-column is-layout-flow wp-block-column-is-layout-flow\" style=\"flex-basis:15%\">\n<p class=\"has-text-align-right\"><a href=\"https:\/\/goo.gl\/maps\/aJ46ZrkoNp1HS8CX9\" target=\"_blank\" aria-label=\" (opens in a new tab)\" rel=\"noreferrer noopener\" class=\"ek-link\">Google Maps<\/a><\/p>\n<\/div>\n<\/div>\n\n\n<div style=\"margin-top: var(--wp--preset--spacing--40); margin-bottom: var(--wp--preset--spacing--40); \" class=\"wp-block-ub-divider ub_divider ub-divider-orientation-horizontal\" id=\"ub_divider_86ba562a-aed4-4393-a652-6465ec8030db\"><div class=\"ub_divider_wrapper\" style=\"position: relative; margin-bottom: 10px; width: 100%; height: 10px; \" data-divider-alignment=\"center\"><div class=\"ub_divider_line\" style=\"border-top: 2px solid #000000; margin-top: 10px; \"><\/div><\/div><\/div>\n\n\n<h2 class=\"wp-block-heading\" id=\"vinadio\"><strong>Vinadio<\/strong><\/h2>\n\n\n\n<p class=\"translation-block\">Vinadio \u00e8 un paese situato in una valle tra le Alpi in Provincia di Cuneo. \u00c8 conosciuto come meta turistica grazie alla sua posizione e alle sue terme.<\/p>\n\n\n<div class=\"wp-block-ub-divider ub_divider ub-divider-orientation-horizontal\" id=\"ub_divider_6a046667-6775-4849-96c6-143942bd1ddf\"><div class=\"ub_divider_wrapper\" style=\"position: relative; margin-bottom: 2px; width: 100%; height: 2px; \" data-divider-alignment=\"center\"><div class=\"ub_divider_line\" style=\"border-top: 2px solid #ccc; margin-top: 2px; \"><\/div><\/div><\/div>\n\n\n<h4 class=\"wp-block-heading\" id=\"forte-albertino-of-vinadio\"><strong>Forte Albertino di Vinadio<\/strong><\/h4>\n\n\n\n<p>Il Forte Albertino \u00e8 una fortezza ottocentesca eretta a Vinadio per controllare la strada che conduce al Passo della Maddalena che porta verso la Francia. Il forte comprende varie mura e fortificazioni ed era adibito a prigione e caserma militare. Ora restaurato, \u00e8 visitabile.<\/p>\n\n\n\n<div class=\"wp-block-columns is-layout-flex wp-container-core-columns-is-layout-9d6595d7 wp-block-columns-is-layout-flex\">\n<div class=\"wp-block-column is-layout-flow wp-block-column-is-layout-flow\" style=\"flex-basis:85%\">\n<p>Indirizzo: Piazza Vittorio Veneto, 8, 12010 Vinadio CN<br>Coordinate: 44.3073, 7.1728<\/p>\n<\/div>\n\n\n\n<div class=\"wp-block-column is-layout-flow wp-block-column-is-layout-flow\" style=\"flex-basis:15%\">\n<p class=\"has-text-align-right\"><a href=\"https:\/\/goo.gl\/maps\/WXdGGUHb69xejv1N8\" target=\"_blank\" aria-label=\" (opens in a new tab)\" rel=\"noreferrer noopener\" class=\"ek-link\">Google Maps<\/a><\/p>\n<\/div>\n<\/div>\n\n\n<div class=\"wp-block-ub-divider ub_divider ub-divider-orientation-horizontal\" id=\"ub_divider_64f0e6cb-ae01-4123-a4c4-5ae5ba5a77aa\"><div class=\"ub_divider_wrapper\" style=\"position: relative; margin-bottom: 2px; width: 100%; height: 2px; \" data-divider-alignment=\"center\"><div class=\"ub_divider_line\" style=\"border-top: 2px solid #ccc; margin-top: 2px; \"><\/div><\/div><\/div>\n\n\n<h4 class=\"wp-block-heading\" id=\"bagni-di-vinadio\"><strong>Bagni di Vinadio<\/strong><\/h4>\n\n\n\n<p>Bagni di Vinadio \u00e8 un piccolo borgo di montagna vicino a Vinadio, famoso per essere una delle localit\u00e0 termali pi\u00f9 frequentate della regione. Il villaggio \u00e8 anche un punto di partenza per escursioni nelle vicine montagne.<\/p>\n\n\n\n<div class=\"wp-block-columns is-layout-flex wp-container-core-columns-is-layout-9d6595d7 wp-block-columns-is-layout-flex\">\n<div class=\"wp-block-column is-layout-flow wp-block-column-is-layout-flow\" style=\"flex-basis:85%\">\n<p>Indirizzo: Bagni di Vinadio, 2, 12010 Bagni di Vinadio CN<br>Coordinate: 44.2888, 7.0778<\/p>\n<\/div>\n\n\n\n<div class=\"wp-block-column is-layout-flow wp-block-column-is-layout-flow\" style=\"flex-basis:15%\">\n<p class=\"has-text-align-right\"><a href=\"https:\/\/goo.gl\/maps\/HxQ9x8iNR6TWCveJA\" target=\"_blank\" aria-label=\" (opens in a new tab)\" rel=\"noreferrer noopener\" class=\"ek-link\">Google Maps<\/a><\/p>\n<\/div>\n<\/div>\n\n\n<div class=\"wp-block-ub-divider ub_divider ub-divider-orientation-horizontal\" id=\"ub_divider_7def47e0-3145-418f-8b8f-8766084e8e55\"><div class=\"ub_divider_wrapper\" style=\"position: relative; margin-bottom: 2px; width: 100%; height: 2px; \" data-divider-alignment=\"center\"><div class=\"ub_divider_line\" style=\"border-top: 2px solid #ccc; margin-top: 2px; \"><\/div><\/div><\/div>\n\n\n<h4 class=\"wp-block-heading\" id=\"sanctuary-of-santanna\"><strong>Santuario di Sant\u2019Anna<\/strong><\/h4>\n\n\n\n<p class=\"translation-block\">Il Santuario di Sant'Anna \u00e8 un luogo religioso situato tra le montagne vicino a Vinadio, vicino al confine con la Francia. La chiesa fu costruita in stile barocco nel diciassettesimo secolo e, con i suoi 2.035 metri sul livello del mare, \u00e8 uno dei siti religiosi pi\u00f9 alti d'Europa.<\/p>\n\n\n\n<div class=\"wp-block-columns is-layout-flex wp-container-core-columns-is-layout-9d6595d7 wp-block-columns-is-layout-flex\">\n<div class=\"wp-block-column is-layout-flow wp-block-column-is-layout-flow\" style=\"flex-basis:85%\">\n<p>Indirizzo: Santuario Sant\u2019Anna di Vinadio, 12010 Sant\u2019Anna CN<br>Coordinate: 44.2317, 7.1059<\/p>\n<\/div>\n\n\n\n<div class=\"wp-block-column is-layout-flow wp-block-column-is-layout-flow\" style=\"flex-basis:15%\">\n<p class=\"has-text-align-right\"><a href=\"https:\/\/goo.gl\/maps\/NiJ66cRed1vcnEfi7\" target=\"_blank\" aria-label=\" (opens in a new tab)\" rel=\"noreferrer noopener\" class=\"ek-link\">Google Maps<\/a><\/p>\n<\/div>\n<\/div>\n\n\n<div style=\"margin-top: var(--wp--preset--spacing--40); margin-bottom: var(--wp--preset--spacing--40); \" class=\"wp-block-ub-divider ub_divider ub-divider-orientation-horizontal\" id=\"ub_divider_f09a932e-09b1-4989-abe4-120a8e4961b0\"><div class=\"ub_divider_wrapper\" style=\"position: relative; margin-bottom: 10px; width: 100%; height: 10px; \" data-divider-alignment=\"center\"><div class=\"ub_divider_line\" style=\"border-top: 2px solid #000000; margin-top: 10px; \"><\/div><\/div><\/div>\n\n\n<h2 class=\"wp-block-heading\" id=\"valle-vermenagna\"><strong>Valle Vermenagna<\/strong><\/h2>\n\n\n\n<p class=\"translation-block\">La Valle Vermenagna \u00e8 una valle situata a sud di Cuneo, che segna il confine tra le Alpi Marittime e le Alpi Liguri. La valle conduce al Colle di Tenda che collega l'Italia con la Francia.<\/p>\n\n\n<div class=\"wp-block-ub-divider ub_divider ub-divider-orientation-horizontal\" id=\"ub_divider_4b1bdd6f-b2a4-4be7-a6bc-c4e893b3e624\"><div class=\"ub_divider_wrapper\" style=\"position: relative; margin-bottom: 2px; width: 100%; height: 2px; \" data-divider-alignment=\"center\"><div class=\"ub_divider_line\" style=\"border-top: 2px solid #ccc; margin-top: 2px; \"><\/div><\/div><\/div>\n\n\n<h4 class=\"wp-block-heading\" id=\"limone-piemonte\"><strong>Limone Piemonte<\/strong><\/h4>\n\n\n\n<p class=\"translation-block\">Limone Piemonte \u00e8 un paese della Valle Vermenagna e una rinomata stazione sciistica. \u00c8 salito alla ribalta dalla fine dell'Ottocento grazie alla sua posizione lungo la ferrovia che collega Cuneo con <a href=\"https:\/\/www.cosmundus.com\/it\/destinations\/riviera-dei-fiori\/#ventimiglia\" class=\"ek-link\" target=\"_self\">Ventimiglia<\/a>, diventando una delle mete invernali pi\u00f9 frequentate della regione. Limone Piemonte presenta anche alcuni edifici medievali come la <strong>Chiesa di San Pietro in Vincoli<\/strong>.<\/p>\n\n\n\n<div class=\"wp-block-columns is-layout-flex wp-container-core-columns-is-layout-9d6595d7 wp-block-columns-is-layout-flex\">\n<div class=\"wp-block-column is-layout-flow wp-block-column-is-layout-flow\" style=\"flex-basis:85%\">\n<p>Indirizzo: Via Roma, 30, 12015 Limone Piemonte CN<br>Coordinate: 44.2014, 7.5762<\/p>\n<\/div>\n\n\n\n<div class=\"wp-block-column is-layout-flow wp-block-column-is-layout-flow\" style=\"flex-basis:15%\">\n<p class=\"has-text-align-right\"><a href=\"https:\/\/goo.gl\/maps\/we3SXLMK4NeqRHmM6\" target=\"_blank\" aria-label=\" (opens in a new tab)\" rel=\"noreferrer noopener\" class=\"ek-link\">Google Maps<\/a><\/p>\n<\/div>\n<\/div>","protected":false},"excerpt":{"rendered":"<p>&lt;&lt;&nbsp;Piedmont The western and southern portions of the Province of Cuneo feature many valleys among the Alps. Here are several small mountain towns and popular tourist destinations. This area is also known for the beauty of its natural environment. Valle Po Valle Po is a valley among the Alps west of Saluzzo, crossed by the initial section of the Po, the longest river in Italy. Pian del Re Pian del Re is a location at the end of Valle Po, in the municipality of Crissolo close to the border between Italy and France. The site is famous for hosting the source of the Po river, located on the slopes of Monviso, the highest mountain of the Cottian Alps. The area is a starting point for excursions toward the nearby mountains. Address: Pian del Re, 12030 Crissolo CNCoordinates: 44.7005, 7.0925 Google Maps Valle Grana Valle Grana is a valley located among the Alps west of Cuneo, crossed by the Grana stream. A few small towns with some historic attractions are located in the valley, which is also famous for the production of cheese. Silk Mill of Caraglio The Silk Mill of Caraglio (Filatoio di Caraglio) is one of the best preserved historic industrial sites in Europe, and it is located in Caraglio, a town in the plain at the start of Valle Grana. This building was one of the first silk mills in Europe, erected between 1676 and 1678, and it operated until 1936. After being restored, the building now hosts a museum that explains how the mill used to operate and showcases the historic machinery involved in the process. Address: Via Giacomo Matteotti, 40, 12023 Caraglio CNCoordinates: 44.4252, 7.4276 Google Maps Sanctuary of San Magno The Sanctuary of San Magno (Santuario di San Magno) is a religious site located among the mountains near Castelmagno, in Valle Grana. The sanctuary was erected starting in the 15th century, and it was expanded various times until the 19th century. The church houses some chapels adorned with beautiful historic frescoes and a stone with Roman inscriptions. Address: Via Don Giacomo Mascarello, 1, 12020 Castelmagno CNCoordinates: 44.4007, 7.1710 Google Maps Vinadio Vinadio is a town located in a valley among the Alps in the Province of Cuneo. It is known as a tourist destination thanks to its position and its thermal baths. Forte Albertino of Vinadio The Forte Albertino is a 19th-century fortress erected in Vinadio to control the road leading to the Maddalena Pass which crosses into France. The fort includes various walls and fortifications and it was used as prison and military barracks. Now restored, it can be visited. Address: Piazza Vittorio Veneto, 8, 12010 Vinadio CNCoordinates: 44.3073, 7.1728 Google Maps Bagni di Vinadio Bagni di Vinadio is a small hamlet in the mountains near Vinadio, famous for being one of the most popular spa resorts in the region. The village is also a starting point for hiking in the nearby mountains. Address: Bagni di Vinadio, 2, 12010 Bagni di Vinadio CNCoordinates: 44.2888, 7.0778 Google Maps Sanctuary of Sant&#8217;Anna The Sanctuary of Sant&#8217;Anna (Santuario di Sant&#8217;Anna) is a religious site located among the mountains near Vinadio, close to the border with France. The church was built in Baroque style during the 17th century and, standing at 2,035 meters above sea level, it is one of the highest religious sites in Europe. Address: Santuario Sant&#8217;Anna di Vinadio, 12010 Sant&#8217;Anna CNCoordinates: 44.2317, 7.1059 Google Maps Valle Vermenagna Valle Vermenagna is a valley located south of Cuneo, which marks the border between the Maritime Alps and the Ligurian Alps. The valley leads to the Colle di Tenda\/Col de Tende mountain pass that links Italy with France. Limone Piemonte Limone Piemonte is a town in Valle Vermenagna and a popular ski resort. It rose to prominence since the late 19th century thanks to its position along the railway connecting Cuneo with Ventimiglia, becoming one of the busiest winter destinations in the region. Limone Piemonte also features some medieval buildings such as the Church of San Pietro in Vincoli. Address: Via Roma, 30, 12015 Limone Piemonte CNCoordinates: 44.2014, 7.5762 Google Maps<\/p>","protected":false},"author":1,"featured_media":0,"parent":932,"menu_order":0,"comment_status":"closed","ping_status":"closed","template":"","meta":{"_editorskit_title_hidden":false,"_editorskit_reading_time":0,"_editorskit_is_block_options_detached":false,"_editorskit_block_options_position":"{}","om_disable_all_campaigns":false,"_uag_custom_page_level_css":"","advgb_blocks_editor_width":"","advgb_blocks_columns_visual_guide":"","_monsterinsights_skip_tracking":false,"_monsterinsights_sitenote_active":false,"_monsterinsights_sitenote_note":"","_monsterinsights_sitenote_category":0,"footnotes":""},"class_list":["post-9668","page","type-page","status-publish","hentry"],"aioseo_notices":[],"featured_image_src":null,"uagb_featured_image_src":{"full":false,"thumbnail":false,"medium":false,"medium_large":false,"large":false,"1536x1536":false,"2048x2048":false,"trp-custom-language-flag":false,"xs-thumb":false,"post-thumbnail":false,"minimalistblogger-grid":false,"minimalistblogger-slider":false,"minimalistblogger-small":false},"uagb_author_info":{"display_name":"Stefano Cammisa","author_link":"https:\/\/www.cosmundus.com\/it\/author\/stefano-cammisa\/"},"uagb_comment_info":0,"uagb_excerpt":"&lt;&lt;&nbsp;Piedmont The western and southern portions of the Province of Cuneo feature many valleys among the Alps. Here are several small mountain towns and popular tourist destinations. This area is also known for the beauty of its natural environment. Valle Po Valle Po is a valley among the Alps west of Saluzzo, crossed by the&hellip;","coauthors":[],"author_meta":{"author_link":"https:\/\/www.cosmundus.com\/it\/author\/stefano-cammisa\/","display_name":"Stefano Cammisa"},"relative_dates":{"created":"Pubblicato 2 anni fa","modified":"Aggiornato 2 anni fa"},"absolute_dates":{"created":"Pubblicato il 1 Marzo 2024","modified":"Aggiornato il 17 Marzo 2024"},"absolute_dates_time":{"created":"Pubblicato il 1 Marzo 2024 2:21 pm","modified":"Aggiornato il 17 Marzo 2024 10:55 am"},"featured_img_caption":"","featured_img":false,"series_order":"","_links":{"self":[{"href":"https:\/\/www.cosmundus.com\/it\/wp-json\/wp\/v2\/pages\/9668","targetHints":{"allow":["GET"]}}],"collection":[{"href":"https:\/\/www.cosmundus.com\/it\/wp-json\/wp\/v2\/pages"}],"about":[{"href":"https:\/\/www.cosmundus.com\/it\/wp-json\/wp\/v2\/types\/page"}],"author":[{"embeddable":true,"href":"https:\/\/www.cosmundus.com\/it\/wp-json\/wp\/v2\/users\/1"}],"replies":[{"embeddable":true,"href":"https:\/\/www.cosmundus.com\/it\/wp-json\/wp\/v2\/comments?post=9668"}],"version-history":[{"count":4,"href":"https:\/\/www.cosmundus.com\/it\/wp-json\/wp\/v2\/pages\/9668\/revisions"}],"predecessor-version":[{"id":10223,"href":"https:\/\/www.cosmundus.com\/it\/wp-json\/wp\/v2\/pages\/9668\/revisions\/10223"}],"up":[{"embeddable":true,"href":"https:\/\/www.cosmundus.com\/it\/wp-json\/wp\/v2\/pages\/932"}],"wp:attachment":[{"href":"https:\/\/www.cosmundus.com\/it\/wp-json\/wp\/v2\/media?parent=9668"}],"curies":[{"name":"wp","href":"https:\/\/api.w.org\/{rel}","templated":true}]}}