{"id":9659,"date":"2024-03-01T12:40:13","date_gmt":"2024-03-01T11:40:13","guid":{"rendered":"https:\/\/www.cosmundus.com\/?page_id=9659"},"modified":"2024-03-01T12:40:14","modified_gmt":"2024-03-01T11:40:14","slug":"biellese","status":"publish","type":"page","link":"https:\/\/www.cosmundus.com\/it\/destinations\/biellese\/","title":{"rendered":"Biellese"},"content":{"rendered":"<p class=\"has-text-align-right\">&lt;&lt;\u00a0<a href=\"https:\/\/www.cosmundus.com\/it\/atlas\/europe\/southern-europe\/italy\/northwest-italy\/piedmont\/\">Piemonte<\/a><\/p>\n\n\n\n<p>La piccola Provincia di Biella, o Biellese, \u00e8 prevalentemente montuosa. Il capoluogo e la maggior parte delle principali localit\u00e0 si trovano giusto ai piedi delle montagne, mentre l'attrazione principale di questa zona, il Santuario di Oropa, si trova tra le Alpi.<\/p>\n\n\n\n<div class=\"wp-block-group\"><div class=\"wp-block-group__inner-container is-layout-constrained wp-block-group-is-layout-constrained\"><div style=\"border: 1px solid #8ed1fc; border-radius: 0%; background-color: inherit; \" class=\"ub-styled-box ub-bordered-box wp-block-ub-styled-box\" id=\"ub-styled-box-c96ab474-fe46-46bf-9538-6ae391617737\">\n<p class=\"has-medium-font-size\" id=\"ub-styled-box-bordered-content-712da83e-adf1-43e4-88f9-922baef4fca4\">Posti da vedere nel Biellese<\/p>\n\n\n<div class=\"wp-block-aioseo-table-of-contents\"><ul><li><a class=\"aioseo-toc-item\" href=\"#biella\">Biella<\/a><ul><li><a class=\"aioseo-toc-item\" href=\"#piazzo\">Piazzo<\/a><\/li><li><a class=\"aioseo-toc-item\" href=\"#biella-cathedral\">Duomo di Biella<\/a><\/li><li><a class=\"aioseo-toc-item\" href=\"#basilica-of-san-sebastiano\">Basilica di San Sebastiano<\/a><\/li><\/ul><\/li><li><a class=\"aioseo-toc-item\" href=\"#oropa\">Oropa<\/a><ul><li><a class=\"aioseo-toc-item\" href=\"#sanctuary-of-oropa\">\u272a Santuario di Oropa<\/a><\/li><\/ul><\/li><li><a class=\"aioseo-toc-item\" href=\"#candelo\">Candelo<\/a><ul><li><a class=\"aioseo-toc-item\" href=\"#ricetto-of-candelo\">Ricetto di Candelo<\/a><\/li><\/ul><\/li><\/ul><\/div>\n\n<\/div><\/div><\/div>\n\n\n\n<h2 class=\"wp-block-heading\" id=\"biella\"><strong>Biella<\/strong><\/h2>\n\n\n\n<p>Biella \u00e8 una citt\u00e0 situata ai piedi delle Alpi piemontesi. Il paese sorse durante il Medioevo e fu conteso per secoli tra le potenze locali, ma fu governato perlopi\u00f9 dai Savoia. Biella divenne nota in epoca moderna come importante sito per la produzione della lana, e nell'Ottocento si trasform\u00f2 in un centro industriale, ruolo che la citt\u00e0 conserva ancora oggi. Il Santuario di Oropa si trova sulle vicine montagne.<\/p>\n\n\n<div class=\"wp-block-ub-divider ub_divider ub-divider-orientation-horizontal\" id=\"ub_divider_da1f381f-6760-4200-8bdd-9773ba38c474\"><div class=\"ub_divider_wrapper\" style=\"position: relative; margin-bottom: 2px; width: 100%; height: 2px; \" data-divider-alignment=\"center\"><div class=\"ub_divider_line\" style=\"border-top: 2px solid #ccc; margin-top: 2px; \"><\/div><\/div><\/div>\n\n\n<h4 class=\"wp-block-heading\" id=\"piazzo\"><strong>Piazzo<\/strong><\/h4>\n\n\n\n<p class=\"translation-block\">Piazzo \u00e8 il quartiere medievale di Biella, situato su una collina e collegato al resto della citt\u00e0 con una funicolare inaugurata nel 1885. Questa zona \u00e8 incentrata su <strong>Piazza Cisterna<\/strong> ed \u00e8 impreziosita da vari storici palazzi decorati. Sulle strade che portano verso Piazzo \u00e8 ancora possibile vedere le tre antiche porte cittadine note come <strong>Porta di Ghiara<\/strong>, <strong>Porta d\u2019Andorno<\/strong> e <strong>Porta della Torrazza<\/strong>.<\/p>\n\n\n\n<div class=\"wp-block-columns is-layout-flex wp-container-core-columns-is-layout-9d6595d7 wp-block-columns-is-layout-flex\">\n<div class=\"wp-block-column is-layout-flow wp-block-column-is-layout-flow\" style=\"flex-basis:85%\">\n<p>Indirizzo: Piazza della Cisterna, 13900 Biella BI<br>Coordinate: 45.5661, 8.0452<\/p>\n<\/div>\n\n\n\n<div class=\"wp-block-column is-layout-flow wp-block-column-is-layout-flow\" style=\"flex-basis:15%\">\n<p class=\"has-text-align-right\"><a href=\"https:\/\/goo.gl\/maps\/S3gJPegEsubaFxAf9\" target=\"_blank\" aria-label=\" (opens in a new tab)\" rel=\"noreferrer noopener\" class=\"ek-link\">Google Maps<\/a><\/p>\n<\/div>\n<\/div>\n\n\n<div class=\"wp-block-ub-divider ub_divider ub-divider-orientation-horizontal\" id=\"ub_divider_d144f66b-49d5-4e42-8fe3-faa2eaa28b00\"><div class=\"ub_divider_wrapper\" style=\"position: relative; margin-bottom: 2px; width: 100%; height: 2px; \" data-divider-alignment=\"center\"><div class=\"ub_divider_line\" style=\"border-top: 2px solid #ccc; margin-top: 2px; \"><\/div><\/div><\/div>\n\n\n<h4 class=\"wp-block-heading\" id=\"biella-cathedral\"><strong>Duomo di Biella<\/strong><\/h4>\n\n\n\n<p>Anche noto come: Cattedrale di Santo Stefano<\/p>\n\n\n\n<p class=\"translation-block\">Il Duomo di Biella \u00e8 la chiesa pi\u00f9 importante della citt\u00e0, situata sulla centrale <strong>Piazza Duomo<\/strong>. La chiesa fu costruita a partire dal 1402, ma pesantemente rimaneggiata in stile neogotico durante il diciottesimo e diciannovesimo secolo. La facciata \u00e8 ornata da un ampio porticato, mentre l'interno ospita vari affreschi e opere d'arte. Adiacente alla chiesa si trova un <strong>Battistero<\/strong> romanico medievale, che conserva antichi affreschi e decorazioni.<\/p>\n\n\n\n<div class=\"wp-block-columns is-layout-flex wp-container-core-columns-is-layout-9d6595d7 wp-block-columns-is-layout-flex\">\n<div class=\"wp-block-column is-layout-flow wp-block-column-is-layout-flow\" style=\"flex-basis:85%\">\n<p>Indirizzo: Piazza Duomo, 13900 Biella BI<br>Coordinate: 45.5661, 8.0534<\/p>\n<\/div>\n\n\n\n<div class=\"wp-block-column is-layout-flow wp-block-column-is-layout-flow\" style=\"flex-basis:15%\">\n<p class=\"has-text-align-right\"><a href=\"https:\/\/goo.gl\/maps\/i5GVYZjVcMZSsTcf8\" target=\"_blank\" aria-label=\" (opens in a new tab)\" rel=\"noreferrer noopener\" class=\"ek-link\">Google Maps<\/a><\/p>\n<\/div>\n<\/div>\n\n\n<div class=\"wp-block-ub-divider ub_divider ub-divider-orientation-horizontal\" id=\"ub_divider_893dc353-cf47-42fa-94aa-56ce58b7756c\"><div class=\"ub_divider_wrapper\" style=\"position: relative; margin-bottom: 2px; width: 100%; height: 2px; \" data-divider-alignment=\"center\"><div class=\"ub_divider_line\" style=\"border-top: 2px solid #ccc; margin-top: 2px; \"><\/div><\/div><\/div>\n\n\n<h4 class=\"wp-block-heading\" id=\"basilica-of-san-sebastiano\"><strong>Basilica di San Sebastiano<\/strong><\/h4>\n\n\n\n<p class=\"translation-block\">La Basilica di San Sebastiano \u00e8 una chiesa rinascimentale eretta nel sedicesimo secolo a Biella. La chiesa \u00e8 nota soprattutto per ospitare varie interessanti opere d'arte di artisti piemontesi. L'ex monastero adiacente alla basilica ospita oggi il <strong>Museo del Territorio<\/strong>, un museo di storia e arte locale. La collezione del museo comprende vari reperti archeologici, provenienti non solo da Biella ma anche dall'Egitto e dall'America, e una ricca esposizione di bellissime opere d'arte.<\/p>\n\n\n\n<div class=\"wp-block-columns is-layout-flex wp-container-core-columns-is-layout-9d6595d7 wp-block-columns-is-layout-flex\">\n<div class=\"wp-block-column is-layout-flow wp-block-column-is-layout-flow\" style=\"flex-basis:85%\">\n<p>Indirizzo: Via Quintino Sella, 54-56, 13900 Biella BI<br>Coordinate: 45.5639, 8.0497<\/p>\n<\/div>\n\n\n\n<div class=\"wp-block-column is-layout-flow wp-block-column-is-layout-flow\" style=\"flex-basis:15%\">\n<p class=\"has-text-align-right\"><a href=\"https:\/\/goo.gl\/maps\/AmYD1yQeq5yNyRCj8\" target=\"_blank\" aria-label=\" (opens in a new tab)\" rel=\"noreferrer noopener\" class=\"ek-link\">Google Maps<\/a><\/p>\n<\/div>\n<\/div>\n\n\n<div style=\"margin-top: var(--wp--preset--spacing--40); margin-bottom: var(--wp--preset--spacing--40); \" class=\"wp-block-ub-divider ub_divider ub-divider-orientation-horizontal\" id=\"ub_divider_db556835-368b-4389-9e3a-33c2602fd0e1\"><div class=\"ub_divider_wrapper\" style=\"position: relative; margin-bottom: 10px; width: 100%; height: 10px; \" data-divider-alignment=\"center\"><div class=\"ub_divider_line\" style=\"border-top: 2px solid #000000; margin-top: 10px; \"><\/div><\/div><\/div>\n\n\n<h2 class=\"wp-block-heading\" id=\"oropa\"><strong>Oropa<\/strong><\/h2>\n\n\n\n<p>Oropa \u00e8 un sito religioso situato tra le montagne vicino a Biella, famoso per il suo grande santuario e per il bellissimo ambiente naturale che lo circonda.<\/p>\n\n\n<div class=\"wp-block-ub-divider ub_divider ub-divider-orientation-horizontal\" id=\"ub_divider_5f9350e3-1e58-4432-aae2-fc9d16351ffe\"><div class=\"ub_divider_wrapper\" style=\"position: relative; margin-bottom: 2px; width: 100%; height: 2px; \" data-divider-alignment=\"center\"><div class=\"ub_divider_line\" style=\"border-top: 2px solid #ccc; margin-top: 2px; \"><\/div><\/div><\/div>\n\n\n<h4 class=\"wp-block-heading\" id=\"sanctuary-of-oropa\"><strong>\u272a Santuario di Oropa<\/strong><\/h4>\n\n\n\n<p class=\"translation-block\">Il Santuario di Oropa \u00e8 un importante complesso religioso situato sulle montagne vicino a Biella. Qui si venera una statua della Madonna Nera del tredicesimo secolo. Secondo la tradizione il santuario sarebbe stato fondato nel quarto secolo, ma le prime chiese furono probabilmente erette qui qualche secolo dopo. Il santuario fu gradualmente ampliato con l'aggiunta di vari edifici. Tra questi ci sono gli appartamenti reali dei Savoia, oggi sede di un museo, e la settecentesca Porta Regia progettata da Filippo Juvarra. Tra l'Ottocento e il Novecento fu aggiunta al complesso una nuova grande chiesa, detta <strong>Basilica Superiore<\/strong>. Il santuario \u00e8 circondato da 19 cappelle che formano il <strong>Sacro Monte di Oropa<\/strong>, uno dei Sacri Monti del Piemonte e della <a href=\"https:\/\/www.cosmundus.com\/it\/atlas\/europe\/southern-europe\/italy\/northwest-italy\/lombardy\/\" target=\"_self\">Lombardia<\/a>, una serie di siti religiosi situati tra le montagne delle due regioni.<\/p>\n\n\n\n<div class=\"wp-block-columns is-layout-flex wp-container-core-columns-is-layout-9d6595d7 wp-block-columns-is-layout-flex\">\n<div class=\"wp-block-column is-layout-flow wp-block-column-is-layout-flow\" style=\"flex-basis:85%\">\n<p>Indirizzo: Via Santuario D\u2019Oropa, 480, 13900 Oropa BI<br>Coordinate: 45.6261, 7.9824<\/p>\n<\/div>\n\n\n\n<div class=\"wp-block-column is-layout-flow wp-block-column-is-layout-flow\" style=\"flex-basis:15%\">\n<p class=\"has-text-align-right\"><a href=\"https:\/\/goo.gl\/maps\/kFQHjJkTirinA8dM8\" target=\"_blank\" aria-label=\" (opens in a new tab)\" rel=\"noreferrer noopener\" class=\"ek-link\">Google Maps<\/a><\/p>\n<\/div>\n<\/div>\n\n\n<div style=\"margin-top: var(--wp--preset--spacing--40); margin-bottom: var(--wp--preset--spacing--40); \" class=\"wp-block-ub-divider ub_divider ub-divider-orientation-horizontal\" id=\"ub_divider_c8668c63-af8f-4929-9fa8-c81691d81fa0\"><div class=\"ub_divider_wrapper\" style=\"position: relative; margin-bottom: 10px; width: 100%; height: 10px; \" data-divider-alignment=\"center\"><div class=\"ub_divider_line\" style=\"border-top: 2px solid #000000; margin-top: 10px; \"><\/div><\/div><\/div>\n\n\n<h2 class=\"wp-block-heading\" id=\"candelo\"><strong>Candelo<\/strong><\/h2>\n\n\n\n<p class=\"translation-block\">Candelo \u00e8 una cittadina situata a est di Biella, nota per ospitare un'area fortificata ben conservata risalente al Medioevo.<\/p>\n\n\n<div class=\"wp-block-ub-divider ub_divider ub-divider-orientation-horizontal\" id=\"ub_divider_fcc3abb0-4673-45f3-959f-c77da3ced783\"><div class=\"ub_divider_wrapper\" style=\"position: relative; margin-bottom: 2px; width: 100%; height: 2px; \" data-divider-alignment=\"center\"><div class=\"ub_divider_line\" style=\"border-top: 2px solid #ccc; margin-top: 2px; \"><\/div><\/div><\/div>\n\n\n<h4 class=\"wp-block-heading\" id=\"ricetto-of-candelo\"><strong>Ricetto di Candelo<\/strong><\/h4>\n\n\n\n<p>Un ricetto \u00e8 un'area fortificata medievale che si trova principalmente nei paesi del Piemonte. L'esempio meglio conservato di ricetto si trova a Candelo. Eretto durante il Basso Medioevo, ospita numerosi piccoli edifici circondati da mura e fortificazioni. Analogamente ad altri ricetti, non era abitato, ma utilizzato solo per conservare al sicuro le merci e occasionalmente come riparo per gli abitanti del paese. Ora il ricetto \u00e8 una meta turistica talvolta utilizzata per ospitare eventi e attivit\u00e0 culturali.<\/p>\n\n\n\n<div class=\"wp-block-columns is-layout-flex wp-container-core-columns-is-layout-9d6595d7 wp-block-columns-is-layout-flex\">\n<div class=\"wp-block-column is-layout-flow wp-block-column-is-layout-flow\" style=\"flex-basis:85%\">\n<p>Indirizzo: Piazza Castello, 31A, 13878 Candelo BI<br>Coordinate: 45.5459, 8.1130<\/p>\n<\/div>\n\n\n\n<div class=\"wp-block-column is-layout-flow wp-block-column-is-layout-flow\" style=\"flex-basis:15%\">\n<p class=\"has-text-align-right\"><a href=\"https:\/\/goo.gl\/maps\/V8vu4736SDZSrkGL6\" target=\"_blank\" aria-label=\" (opens in a new tab)\" rel=\"noreferrer noopener\" class=\"ek-link\">Google Maps<\/a><\/p>\n<\/div>\n<\/div>","protected":false},"excerpt":{"rendered":"<p>&lt;&lt;\u00a0Piedmont The small Province of Biella, or Biellese, is mostly mountainous. The provincial capital and most of the main towns are located just at the foot of the mountains, while the main attraction in this area, the Sanctuary of Oropa, is located among the Alps. Biella Biella is a city located at the foot of the Alps of Piedmont. The town emerged during the Middle Ages and was contested for centuries between local powers, but it was mostly ruled by the House of Savoy. Biella became known in the Modern Era as an important site for wool production, and in the 19th century it turned into an industrial center, a role that the city keeps to this day. The Sanctuary of\u00a0Oropa\u00a0is located on the nearby mountains. Piazzo Piazzo is the medieval neighborhood of Biella, located on a hill and connected to the rest of the city with a funicular that was inaugurated in 1885. This area is centered around Piazza Cisterna and it is adorned with various historic decorated palaces. The three ancient city gates known as Porta di Ghiara, Porta d&#8217;Andorno, and Porta della Torrazza can still be seen on the roads leading toward Piazzo. Address: Piazza della Cisterna, 13900 Biella BICoordinates: 45.5661, 8.0452 Google Maps Biella Cathedral Also known as: Cathedral of Santo Stefano The Biella Cathedral (Duomo di Biella) is the most important church in the city, located on the central Piazza Duomo. The church was built starting in 1402, but heavily reworked in Gothic Revival style during the 18th and 19th century. The facade is adorned with a large portico, while the interior hosts various frescoes and artworks. Adjacent to the church is a medieval Romanesque Baptistery, which houses some ancient frescoes and decorations. Address: Piazza Duomo, 13900 Biella BICoordinates: 45.5661, 8.0534 Google Maps Basilica of San Sebastiano The Basilica of San Sebastiano is a Renaissance church erected during the 16th century in Biella. The church is best known for hosting various interesting artworks by Piedmontese artists. The former monastery adjacent to the basilica now hosts the Museum of the Territory (Museo del Territorio), a museum of local history and art. The collection of the museum includes various archaeolgical findings, not only from Biella but also from Egypt and America, and a rich exhibition of beautiful artworks. Address: Via Quintino Sella, 54-56, 13900 Biella BICoordinates: 45.5639, 8.0497 Google Maps Oropa Oropa is a religious site located among the mountains near\u00a0Biella, famous for its large sanctuary and the beautiful natural environment that surrounds it. \u272a Sanctuary of Oropa The Sanctuary of Oropa is an important religious complex located on the mountains near Biella. A 13th-century statue of the Black Madonna is venerated here. According to tradition, the sanctuary was founded in the 4th century, but the first churches were probably erected here a few centuries later. The sanctuary was gradually expanded with the addition of various buildings. Among these are the royal apartments of the House of Savoy, now hosting a museum, and the 18th-century Porta Regia designed by Filippo Juvarra. Between the 19th and 20th century, a new large church, known as Basilica Superiore, was added to the complex. The sanctuary is surrounded by 19 chapels that form the Sacro Monte di Oropa, one of the Sacri Monti of Piedmont and Lombardy, a series of religious sites located among the mountains across the two regions. Address: Via Santuario D&#8217;Oropa, 480, 13900 Oropa BICoordinates: 45.6261, 7.9824 Google Maps Candelo Candelo is a town located just east of Biella, known for hosting a well-preserved fortified area dating from the Middle Ages. Ricetto of Candelo A ricetto is a medieval fortified area mostly found in the villages of Piedmont. The best preserved example of a ricetto is located in Candelo. Erected during the Late Middle Ages, it houses numerous tiny buildings surrounded by walls and fortifications. Similarly to other ricetti, it was not inhabited, but only used to safely store goods and occasionally as shelter for the inhabitants of the village. Now the ricetto is a tourist destination sometimes used to host cultural events and activities. Address: Piazza Castello, 31A, 13878 Candelo BICoordinates: 45.5459, 8.1130 Google Maps<\/p>","protected":false},"author":1,"featured_media":0,"parent":932,"menu_order":0,"comment_status":"closed","ping_status":"closed","template":"","meta":{"_editorskit_title_hidden":false,"_editorskit_reading_time":0,"_editorskit_is_block_options_detached":false,"_editorskit_block_options_position":"{}","om_disable_all_campaigns":false,"_uag_custom_page_level_css":"","advgb_blocks_editor_width":"","advgb_blocks_columns_visual_guide":"","_monsterinsights_skip_tracking":false,"_monsterinsights_sitenote_active":false,"_monsterinsights_sitenote_note":"","_monsterinsights_sitenote_category":0,"footnotes":""},"class_list":["post-9659","page","type-page","status-publish","hentry"],"aioseo_notices":[],"featured_image_src":null,"uagb_featured_image_src":{"full":false,"thumbnail":false,"medium":false,"medium_large":false,"large":false,"1536x1536":false,"2048x2048":false,"trp-custom-language-flag":false,"xs-thumb":false,"post-thumbnail":false,"minimalistblogger-grid":false,"minimalistblogger-slider":false,"minimalistblogger-small":false},"uagb_author_info":{"display_name":"Stefano Cammisa","author_link":"https:\/\/www.cosmundus.com\/it\/author\/stefano-cammisa\/"},"uagb_comment_info":0,"uagb_excerpt":"&lt;&lt;\u00a0Piedmont The small Province of Biella, or Biellese, is mostly mountainous. The provincial capital and most of the main towns are located just at the foot of the mountains, while the main attraction in this area, the Sanctuary of Oropa, is located among the Alps. Biella Biella is a city located at the foot of&hellip;","coauthors":[],"author_meta":{"author_link":"https:\/\/www.cosmundus.com\/it\/author\/stefano-cammisa\/","display_name":"Stefano Cammisa"},"relative_dates":{"created":"Pubblicato 2 anni fa","modified":"Aggiornato 2 anni fa"},"absolute_dates":{"created":"Pubblicato il 1 Marzo 2024","modified":"Aggiornato il 1 Marzo 2024"},"absolute_dates_time":{"created":"Pubblicato il 1 Marzo 2024 12:40 pm","modified":"Aggiornato il 1 Marzo 2024 12:40 pm"},"featured_img_caption":"","featured_img":false,"series_order":"","_links":{"self":[{"href":"https:\/\/www.cosmundus.com\/it\/wp-json\/wp\/v2\/pages\/9659","targetHints":{"allow":["GET"]}}],"collection":[{"href":"https:\/\/www.cosmundus.com\/it\/wp-json\/wp\/v2\/pages"}],"about":[{"href":"https:\/\/www.cosmundus.com\/it\/wp-json\/wp\/v2\/types\/page"}],"author":[{"embeddable":true,"href":"https:\/\/www.cosmundus.com\/it\/wp-json\/wp\/v2\/users\/1"}],"replies":[{"embeddable":true,"href":"https:\/\/www.cosmundus.com\/it\/wp-json\/wp\/v2\/comments?post=9659"}],"version-history":[{"count":1,"href":"https:\/\/www.cosmundus.com\/it\/wp-json\/wp\/v2\/pages\/9659\/revisions"}],"predecessor-version":[{"id":9666,"href":"https:\/\/www.cosmundus.com\/it\/wp-json\/wp\/v2\/pages\/9659\/revisions\/9666"}],"up":[{"embeddable":true,"href":"https:\/\/www.cosmundus.com\/it\/wp-json\/wp\/v2\/pages\/932"}],"wp:attachment":[{"href":"https:\/\/www.cosmundus.com\/it\/wp-json\/wp\/v2\/media?parent=9659"}],"curies":[{"name":"wp","href":"https:\/\/api.w.org\/{rel}","templated":true}]}}