{"id":9379,"date":"2024-02-26T14:24:01","date_gmt":"2024-02-26T13:24:01","guid":{"rendered":"https:\/\/www.cosmundus.com\/?page_id=9379"},"modified":"2024-02-26T14:25:00","modified_gmt":"2024-02-26T13:25:00","slug":"burgraviato-and-val-venosta","status":"publish","type":"page","link":"https:\/\/www.cosmundus.com\/it\/destinations\/burgraviato-and-val-venosta\/","title":{"rendered":"Burgraviato e Val Venosta"},"content":{"rendered":"<p class=\"has-text-align-right\">&lt;&lt; <a href=\"https:\/\/www.cosmundus.com\/it\/atlas\/europe\/southern-europe\/italy\/northeast-italy\/trentino-alto-adige\/\" class=\"ek-link\">Trentino-Alto Adige<\/a><\/p>\n\n\n\n<p class=\"translation-block\">Il Burgraviato (Burggrafenamt in tedesco) \u00e8 una regione storica situata a ovest di <a href=\"https:\/\/www.cosmundus.com\/it\/destinations\/bolzano\/\" class=\"ek-link\" target=\"_self\">Bolzano<\/a>. Questa zona comprende la citt\u00e0 di Merano. Pi\u00f9 a ovest si trova la Val Venosta (Vinschgau in tedesco), una delle valli pi\u00f9 popolari delle Alpi italiane, nota per il suo bellissimo ambiente naturale. Sia il Burgraviato che la Val Venosta sono attraversate dal fiume Adige.<\/p>\n\n\n\n<div class=\"wp-block-group\"><div class=\"wp-block-group__inner-container is-layout-constrained wp-block-group-is-layout-constrained\"><div style=\"border: 1px solid #8ed1fc; border-radius: 0%; background-color: inherit; \" class=\"ub-styled-box ub-bordered-box wp-block-ub-styled-box\" id=\"ub-styled-box-57b55860-e24f-434d-88ca-93151c63c1db\">\n<p class=\"has-medium-font-size\" id=\"ub-styled-box-bordered-content-b0b57ab5-d039-47ca-b3b6-adfd48c23e1a\">Posti da vedere nel Burgraviato e in Val Venosta<\/p>\n\n\n<div class=\"wp-block-aioseo-table-of-contents\"><ul><li><a class=\"aioseo-toc-item\" href=\"#merano\">Merano\/Meran<\/a><ul><li><a class=\"aioseo-toc-item\" href=\"#palais-mamming-museum\">Palais Mamming Museum<\/a><\/li><li><a class=\"aioseo-toc-item\" href=\"#kunst-meran\">Kunst Meran\/Merano Arte<\/a><\/li><li><a class=\"aioseo-toc-item\" href=\"#trauttmansdorff-castle\">Castel Trauttmansdorff\/Schloss Trauttmansdorff<\/a><\/li><li><a class=\"aioseo-toc-item\" href=\"#womens-museum\">Museo delle Donne\/Frauenmuseum<\/a><\/li><\/ul><\/li><li><a class=\"aioseo-toc-item\" href=\"#tirolo\">Tirolo\/Tirol<\/a><ul><li><a class=\"aioseo-toc-item\" href=\"#tyrol-castle\">Castel Tirolo\/Schloss Tirol<\/a><\/li><\/ul><\/li><li><a class=\"aioseo-toc-item\" href=\"#val-venosta\">Val Venosta\/Vinschgau<\/a><ul><li><a class=\"aioseo-toc-item\" href=\"#lago-di-resia\">\u272a\u00a0Lago di Resia\/Reschensee<\/a><\/li><li><a class=\"aioseo-toc-item\" href=\"#glorenza\">Glorenza\/Glurns<\/a><\/li><li><a class=\"aioseo-toc-item\" href=\"#marienberg-abbey\">Abbazia di Monte Maria\/Abtei Marienberg<\/a><\/li><\/ul><\/li><\/ul><\/div>\n\n<\/div><\/div><\/div>\n\n\n\n<h2 class=\"wp-block-heading\" id=\"merano\"><strong>Merano\/Meran<\/strong><\/h2>\n\n\n\n<p>Merano (Meran in tedesco) \u00e8 una delle principali citt\u00e0 dell'Alto Adige, situata in una valle a nord-ovest di Bolzano. Abitata gi\u00e0 al tempo dei Romani, Merano si svilupp\u00f2 nel Medioevo. Fu capoluogo della Contea del Tirolo fino al 1420, quando i conti si trasferirono a Innsbruck, ma mantenne formalmente questo status fino al 1848. Durante il suo periodo come centro principale del Tirolo, fior\u00ec come centro commerciale che collegava l'Italia alla Germania. Dopo la prima guerra mondiale entr\u00f2 a far parte dell'Italia insieme a tutto l'Alto Adige. Merano \u00e8 una rinomata localit\u00e0 termale e un'ambita meta turistica fin dall'Ottocento, quando era gi\u00e0 apprezzata dai nobili per il suo clima mite.<\/p>\n\n\n<div class=\"wp-block-ub-divider ub_divider ub-divider-orientation-horizontal\" id=\"ub_divider_db6a4168-aa2a-4b01-ba64-91a99ff08cb0\"><div class=\"ub_divider_wrapper\" style=\"position: relative; margin-bottom: 2px; width: 100%; height: 2px; \" data-divider-alignment=\"center\"><div class=\"ub_divider_line\" style=\"border-top: 2px solid #ccc; margin-top: 2px; \"><\/div><\/div><\/div>\n\n\n<h4 class=\"wp-block-heading\" id=\"palais-mamming-museum\"><strong>Palais Mamming Museum<\/strong><\/h4>\n\n\n\n<p>Il Palais Mamming Museum \u00e8 il museo civico di Merano, ospitato in un palazzo storico nel centro della citt\u00e0. Il museo ospita una mostra sulla storia e l'arte locale, insieme a migliaia di altri oggetti provenienti da tutto il mondo, ottenuti attraverso varie donazioni.<\/p>\n\n\n\n<div class=\"wp-block-columns is-layout-flex wp-container-core-columns-is-layout-9d6595d7 wp-block-columns-is-layout-flex\">\n<div class=\"wp-block-column is-layout-flow wp-block-column-is-layout-flow\" style=\"flex-basis:85%\">\n<p>Indirizzo: Piazza Duomo, 6, 39012 Merano BZ<br>Coordinate: 46.6715, 11.1661<\/p>\n<\/div>\n\n\n\n<div class=\"wp-block-column is-layout-flow wp-block-column-is-layout-flow\" style=\"flex-basis:15%\">\n<p class=\"has-text-align-right\"><a href=\"https:\/\/goo.gl\/maps\/6x92rbjE9docv98k7\" target=\"_blank\" aria-label=\" (opens in a new tab)\" rel=\"noreferrer noopener\" class=\"ek-link\">Google Maps<\/a><\/p>\n<\/div>\n<\/div>\n\n\n<div class=\"wp-block-ub-divider ub_divider ub-divider-orientation-horizontal\" id=\"ub_divider_ef03a32b-a6d8-4355-bffa-237d01f0492e\"><div class=\"ub_divider_wrapper\" style=\"position: relative; margin-bottom: 2px; width: 100%; height: 2px; \" data-divider-alignment=\"center\"><div class=\"ub_divider_line\" style=\"border-top: 2px solid #ccc; margin-top: 2px; \"><\/div><\/div><\/div>\n\n\n<h4 class=\"wp-block-heading\" id=\"kunst-meran\"><strong>Kunst Meran\/Merano Arte<\/strong><\/h4>\n\n\n\n<p>Kunst Meran\/Merano Arte \u00e8 un museo d'arte contemporanea situato nel centro di Merano. Ospita una collezione che si concentra in particolare sugli artisti locali e ospita spesso mostre.<\/p>\n\n\n\n<div class=\"wp-block-columns is-layout-flex wp-container-core-columns-is-layout-9d6595d7 wp-block-columns-is-layout-flex\">\n<div class=\"wp-block-column is-layout-flow wp-block-column-is-layout-flow\" style=\"flex-basis:85%\">\n<p>Indirizzo: Via Portici, 163, 39012 Merano BZ<br>Coordinate: 46.6716, 11.1624<\/p>\n<\/div>\n\n\n\n<div class=\"wp-block-column is-layout-flow wp-block-column-is-layout-flow\" style=\"flex-basis:15%\">\n<p class=\"has-text-align-right\"><a href=\"https:\/\/goo.gl\/maps\/gYnmLQ4pezdfrV9h7\" target=\"_blank\" aria-label=\" (opens in a new tab)\" rel=\"noreferrer noopener\" class=\"ek-link\">Google Maps<\/a><\/p>\n<\/div>\n<\/div>\n\n\n<div class=\"wp-block-ub-divider ub_divider ub-divider-orientation-horizontal\" id=\"ub_divider_56072b08-7d65-4a8b-bedd-70a7b8e992fd\"><div class=\"ub_divider_wrapper\" style=\"position: relative; margin-bottom: 2px; width: 100%; height: 2px; \" data-divider-alignment=\"center\"><div class=\"ub_divider_line\" style=\"border-top: 2px solid #ccc; margin-top: 2px; \"><\/div><\/div><\/div>\n\n\n<h4 class=\"wp-block-heading\" id=\"trauttmansdorff-castle\"><strong>Castel Trauttmansdorff\/Schloss Trauttmansdorff<\/strong><\/h4>\n\n\n\n<p class=\"translation-block\">Castel Trauttmansdorff\/Schloss Trauttmansdorff \u00e8 una fortificazione del quattordicesimo secolo appena fuori Merano e circondata da un bellissimo giardino botanico. Il castello ospita anche il <strong>Touriseum<\/strong>, un singolare museo sulla storia del turismo.<\/p>\n\n\n\n<div class=\"wp-block-columns is-layout-flex wp-container-core-columns-is-layout-9d6595d7 wp-block-columns-is-layout-flex\">\n<div class=\"wp-block-column is-layout-flow wp-block-column-is-layout-flow\" style=\"flex-basis:85%\">\n<p>Indirizzo: Strada Provinciale 8 Merano \u2013 Scena, 39012 Merano BZ<br>Coordinate: 46.6608, 11.1851<\/p>\n<\/div>\n\n\n\n<div class=\"wp-block-column is-layout-flow wp-block-column-is-layout-flow\" style=\"flex-basis:15%\">\n<p class=\"has-text-align-right\"><a href=\"https:\/\/goo.gl\/maps\/AXGkkMrVmSpWxrTeA\" target=\"_blank\" aria-label=\" (opens in a new tab)\" rel=\"noreferrer noopener\" class=\"ek-link\">Google Maps<\/a><\/p>\n<\/div>\n<\/div>\n\n\n<div class=\"wp-block-ub-divider ub_divider ub-divider-orientation-horizontal\" id=\"ub_divider_a1038cdd-1ff8-43a3-bdd8-e7d37eaa7f89\"><div class=\"ub_divider_wrapper\" style=\"position: relative; margin-bottom: 2px; width: 100%; height: 2px; \" data-divider-alignment=\"center\"><div class=\"ub_divider_line\" style=\"border-top: 2px solid #ccc; margin-top: 2px; \"><\/div><\/div><\/div>\n\n\n<h4 class=\"wp-block-heading\" id=\"womens-museum\"><strong>Museo delle Donne\/Frauenmuseum<\/strong><\/h4>\n\n\n\n<p class=\"translation-block\">Il Museo delle Donne di Merano si trova in un ex monastero nel centro della citt\u00e0. Ospita una mostra sulla storia delle donne, con una collezione di oggetti di uso quotidiano e vari libri e documenti.<\/p>\n\n\n\n<div class=\"wp-block-columns is-layout-flex wp-container-core-columns-is-layout-9d6595d7 wp-block-columns-is-layout-flex\">\n<div class=\"wp-block-column is-layout-flow wp-block-column-is-layout-flow\" style=\"flex-basis:85%\">\n<p>Indirizzo: Via Mainardo, 2, 39012 Merano BZ<br>Coordinate: 46.6729, 11.1588<\/p>\n<\/div>\n\n\n\n<div class=\"wp-block-column is-layout-flow wp-block-column-is-layout-flow\" style=\"flex-basis:15%\">\n<p class=\"has-text-align-right\"><a href=\"https:\/\/goo.gl\/maps\/5Y7gBo1x9Hdniq95A\" target=\"_blank\" aria-label=\" (opens in a new tab)\" rel=\"noreferrer noopener\" class=\"ek-link\">Google Maps<\/a><\/p>\n<\/div>\n<\/div>\n\n\n<div style=\"margin-top: var(--wp--preset--spacing--40); margin-bottom: var(--wp--preset--spacing--40); \" class=\"wp-block-ub-divider ub_divider ub-divider-orientation-horizontal\" id=\"ub_divider_04bca799-f2d9-452f-93f3-351577199d69\"><div class=\"ub_divider_wrapper\" style=\"position: relative; margin-bottom: 10px; width: 100%; height: 10px; \" data-divider-alignment=\"center\"><div class=\"ub_divider_line\" style=\"border-top: 2px solid #000000; margin-top: 10px; \"><\/div><\/div><\/div>\n\n\n<h2 class=\"wp-block-heading\" id=\"tirolo\"><strong>Tirolo\/Tirol<\/strong><\/h2>\n\n\n\n<p>Tirolo (Tirol in tedesco) \u00e8 un piccolo paese situato appena a nord di Merano. \u00c8 noto per essere il luogo da cui l'intera regione del Tirolo ha preso il nome.<\/p>\n\n\n<div class=\"wp-block-ub-divider ub_divider ub-divider-orientation-horizontal\" id=\"ub_divider_751b3904-2596-41c8-80ae-1f5430568713\"><div class=\"ub_divider_wrapper\" style=\"position: relative; margin-bottom: 2px; width: 100%; height: 2px; \" data-divider-alignment=\"center\"><div class=\"ub_divider_line\" style=\"border-top: 2px solid #ccc; margin-top: 2px; \"><\/div><\/div><\/div>\n\n\n<h4 class=\"wp-block-heading\" id=\"tyrol-castle\"><strong>Castel Tirolo\/Schloss Tirol<\/strong><\/h4>\n\n\n\n<p class=\"translation-block\">Il Castel Tirolo \u00e8 una fortificazione medievale nei pressi della citt\u00e0 di Tirolo. Costruito intorno all'undicesimo secolo, fu residenza dei conti del Tirolo fino al 1420, e cos\u00ec l'intera regione da loro governata prese il nome da questo luogo. Il castello conserva ancora alcune delle decorazioni e delle opere d'arte medievali, e ora ospita un museo sulla storia e la cultura dell'Alto Adige.<\/p>\n\n\n\n<div class=\"wp-block-columns is-layout-flex wp-container-core-columns-is-layout-9d6595d7 wp-block-columns-is-layout-flex\">\n<div class=\"wp-block-column is-layout-flow wp-block-column-is-layout-flow\" style=\"flex-basis:85%\">\n<p>Indirizzo: Via del Castello, 24, 39019 Tirolo BZ<br>Coordinate: 46.6942, 11.1447<\/p>\n<\/div>\n\n\n\n<div class=\"wp-block-column is-layout-flow wp-block-column-is-layout-flow\" style=\"flex-basis:15%\">\n<p class=\"has-text-align-right\"><a href=\"https:\/\/goo.gl\/maps\/zgf54sjwvmyzhHFk8\" target=\"_blank\" aria-label=\" (opens in a new tab)\" rel=\"noreferrer noopener\" class=\"ek-link\">Google Maps<\/a><\/p>\n<\/div>\n<\/div>\n\n\n<div style=\"margin-top: var(--wp--preset--spacing--40); margin-bottom: var(--wp--preset--spacing--40); \" class=\"wp-block-ub-divider ub_divider ub-divider-orientation-horizontal\" id=\"ub_divider_a9021c32-cf19-4fb1-8b7e-0a79062103ad\"><div class=\"ub_divider_wrapper\" style=\"position: relative; margin-bottom: 10px; width: 100%; height: 10px; \" data-divider-alignment=\"center\"><div class=\"ub_divider_line\" style=\"border-top: 2px solid #000000; margin-top: 10px; \"><\/div><\/div><\/div>\n\n\n<h2 class=\"wp-block-heading\" id=\"val-venosta\"><strong>Val Venosta\/Vinschgau<\/strong><\/h2>\n\n\n\n<p>La Val Venosta (Vinschgau in tedesco) \u00e8 una valle nella parte nord-occidentale dell'Alto Adige. Si estende dal passo di Resia a Merano, ed \u00e8 attraversata dal fiume Adige. La zona \u00e8 di lingua tedesca ed \u00e8 famosa per il suo tranquillo ambiente naturale e le bellissime montagne. Il capoluogo della valle \u00e8 Silandro.<\/p>\n\n\n<div class=\"wp-block-ub-divider ub_divider ub-divider-orientation-horizontal\" id=\"ub_divider_6a83d6c8-83e0-442d-817f-e8c6baa7cd40\"><div class=\"ub_divider_wrapper\" style=\"position: relative; margin-bottom: 2px; width: 100%; height: 2px; \" data-divider-alignment=\"center\"><div class=\"ub_divider_line\" style=\"border-top: 2px solid #ccc; margin-top: 2px; \"><\/div><\/div><\/div>\n\n\n<h4 class=\"wp-block-heading\" id=\"lago-di-resia\"><strong><strong>\u272a&nbsp;<\/strong>Lago di Resia\/Reschensee<\/strong><\/h4>\n\n\n\n<p>Il Lago di Resia\/Reschensee \u00e8 un lago artificiale situato a sud del passo di Resia. Il lago si \u00e8 formato dopo la costruzione di una diga, sommergendo alcuni villaggi. Ora \u00e8 famoso non solo per il suo bellissimo ambiente, ma soprattutto per l'antico campanile che spunta dall'acqua vicino alla citt\u00e0 di Curon Venosta\/Graun im Vinschgau, uno dei luoghi pi\u00f9 emblematici dell'Alto Adige.<\/p>\n\n\n\n<div class=\"wp-block-columns is-layout-flex wp-container-core-columns-is-layout-9d6595d7 wp-block-columns-is-layout-flex\">\n<div class=\"wp-block-column is-layout-flow wp-block-column-is-layout-flow\" style=\"flex-basis:85%\">\n<p>Indirizzo: Lago di Resia, 39027 Curon Venosta BZ<br>Coordinate: 46.8047, 10.5310<\/p>\n<\/div>\n\n\n\n<div class=\"wp-block-column is-layout-flow wp-block-column-is-layout-flow\" style=\"flex-basis:15%\">\n<p class=\"has-text-align-right\"><a href=\"https:\/\/goo.gl\/maps\/tkGe5eNeffUFGJfC7\" target=\"_blank\" aria-label=\" (opens in a new tab)\" rel=\"noreferrer noopener\" class=\"ek-link\">Google Maps<\/a><\/p>\n<\/div>\n<\/div>\n\n\n<div class=\"wp-block-ub-divider ub_divider ub-divider-orientation-horizontal\" id=\"ub_divider_9cd6f0ba-d40e-4f06-b173-b7e2c7532daa\"><div class=\"ub_divider_wrapper\" style=\"position: relative; margin-bottom: 2px; width: 100%; height: 2px; \" data-divider-alignment=\"center\"><div class=\"ub_divider_line\" style=\"border-top: 2px solid #ccc; margin-top: 2px; \"><\/div><\/div><\/div>\n\n\n<h4 class=\"wp-block-heading\" id=\"glorenza\"><strong>Glorenza\/Glurns<\/strong><\/h4>\n\n\n\n<p>Glorenza \u00e8 un piccolo paese della Val Venosta, circondato da mura medievali. Fu il capoluogo della valle nel Basso Medioevo e le mura furono costruite dopo che Glorenza fu danneggiata durante una guerra nel 1499. Oggi le fortificazioni ben conservate e l'atmosfera medievale del centro storico ne fanno un'interessante meta turistica.<\/p>\n\n\n\n<div class=\"wp-block-columns is-layout-flex wp-container-core-columns-is-layout-9d6595d7 wp-block-columns-is-layout-flex\">\n<div class=\"wp-block-column is-layout-flow wp-block-column-is-layout-flow\" style=\"flex-basis:85%\">\n<p>Indirizzo: Stadtplatz 11, 39020, Glorenza BZ<br>Coordinate: 46.6705, 10.5527<\/p>\n<\/div>\n\n\n\n<div class=\"wp-block-column is-layout-flow wp-block-column-is-layout-flow\" style=\"flex-basis:15%\">\n<p class=\"has-text-align-right\"><a href=\"https:\/\/goo.gl\/maps\/2z7tP22V9ZkAzh8t9\" target=\"_blank\" aria-label=\" (opens in a new tab)\" rel=\"noreferrer noopener\" class=\"ek-link\">Google Maps<\/a><\/p>\n<\/div>\n<\/div>\n\n\n<div class=\"wp-block-ub-divider ub_divider ub-divider-orientation-horizontal\" id=\"ub_divider_3cd12fec-9075-4d3e-bb6f-0e2976da4245\"><div class=\"ub_divider_wrapper\" style=\"position: relative; margin-bottom: 2px; width: 100%; height: 2px; \" data-divider-alignment=\"center\"><div class=\"ub_divider_line\" style=\"border-top: 2px solid #ccc; margin-top: 2px; \"><\/div><\/div><\/div>\n\n\n<h4 class=\"wp-block-heading\" id=\"marienberg-abbey\"><strong>Abbazia di Monte Maria\/Abtei Marienberg<\/strong><\/h4>\n\n\n\n<p class=\"translation-block\">L'Abbazia di Monte Maria \u00e8 un'abbazia benedettina situata su una collina sopra la cittadina di Burgusio\/Burgeis. \u00c8 uno dei monasteri pi\u00f9 importanti e antichi della regione, fondato nel nono secolo. La maggior parte delle strutture attuali risale al diciassettesimo secolo, quando fu pesantemente restaurata. L'abbazia \u00e8 stata successivamente trasformata in una scuola e ora funge da museo.<\/p>\n\n\n\n<div class=\"wp-block-columns is-layout-flex wp-container-core-columns-is-layout-9d6595d7 wp-block-columns-is-layout-flex\">\n<div class=\"wp-block-column is-layout-flow wp-block-column-is-layout-flow\" style=\"flex-basis:85%\">\n<p>Indirizzo: Schlinig 1, 39024 Malles Venosta BZ<br>Coordinate: 46.7060, 10.5204<\/p>\n<\/div>\n\n\n\n<div class=\"wp-block-column is-layout-flow wp-block-column-is-layout-flow\" style=\"flex-basis:15%\">\n<p class=\"has-text-align-right\"><a href=\"https:\/\/goo.gl\/maps\/8Jujpy19iGHFvT3Q6\" target=\"_blank\" aria-label=\" (opens in a new tab)\" rel=\"noreferrer noopener\" class=\"ek-link\">Google Maps<\/a><\/p>\n<\/div>\n<\/div>","protected":false},"excerpt":{"rendered":"<p>&lt;&lt; Trentino-Alto Adige The Burgraviato (Burggrafenamt in German) is a historical region located west of Bolzano. This area includes the town of Merano. Further west is Val Venosta (Vinschgau in German), one of the most popular valleys in the Italian Alps, known for its beautiful natural environment. Both Burgraviato and Val Venosta are crossed by the Adige river. Merano\/Meran Merano (Meran in German) is one of the main cities in South Tyrol, located in a valley northwest of Bolzano. Already inhabited during the time of the Romans, Merano developed in the Middle Ages. It was the capital of the County of Tyrol until 1420, when the counts moved to Innsbruck, but it formally kept this status until 1848. During its time as the main center of Tyrol, it flourished as a commercial hub connecting Italy to Germany. It joined Italy along with all of South Tyrol after World War I. Merano is a renowned spa resort and a popular tourist destination since the 19th century, when it was already appreciated by nobles for its mild climate. Palais Mamming Museum Palais Mamming Museum is the civic museum of Merano, houses in a historic palace in the center of the town. The museum hosts an exhibition on local history and art, along with thousands of other objects from all over the world, obtained through various donations. Address: Piazza Duomo, 6, 39012 Merano BZCoordinates: 46.6715, 11.1661 Google Maps Kunst Meran\/Merano Arte Kunst Meran\/Merano Arte is a contemporary art museum located in the center of Merano. It houses a collection especially focused on local artists and it often hosts exhibitions. Address: Via Portici, 163, 39012 Merano BZCoordinates: 46.6716, 11.1624 Google Maps Trauttmansdorff Castle Trauttmansdorff Castle (Castel Trauttmansdorff\/Schloss Trauttmansdorff) is a 14th-century fortification just outside Merano and surrounded by a beautiful botanical garden. The castle also hosts the Touriseum, a peculiar museum on the history of tourism. Address: Strada Provinciale 8 Merano &#8211; Scena, 39012 Merano BZCoordinates: 46.6608, 11.1851 Google Maps Women&#8217;s Museum The Women&#8217;s Museum of Merano (Museo delle Donne\/Frauenmuseum) is located in a former monastery in the center of the city. It houses an exhibition on the history of women, with a collection of everyday objects and various books and documents. Address: Via Mainardo, 2, 39012 Merano BZCoordinates: 46.6729, 11.1588 Google Maps Tirolo\/Tirol Tirolo (Tirol in German) is a small town located just north of Merano. It is known for being the place from which the entire region of Tyrol got its name. Tyrol Castle The Tyrol Castle (Castel Tirolo\/Schloss Tirol) is a medieval fortification near the town of Tirolo. Built around the 11th century, it was the residence of the counts of Tyrol until 1420, and so the entire region they governed took the name from this place. The castle still preserves some of the medieval decorations and artworks, and now it hosts a museum on the history and culture of South Tyrol. Address: Via del Castello, 24, 39019 Tirolo BZCoordinates: 46.6942, 11.1447 Google Maps Val Venosta\/Vinschgau Val Venosta (Vinschgau in German) is a valley in the northwestern part of South Tyrol. It stretches from the Reschen Pass to Merano, and it is crossed by the Adige river. The area is German-speaking and it is famous for its quiet natural environment and beautiful mountains. The capital of the valley is Silandro\/Schlanders. \u272a&nbsp;Lago di Resia\/Reschensee Lago di Resia\/Reschensee is an artificial lake located south of the Reschen Pass. The lake was formed after the construction of a dam, submerging some villages. Now it is famous not only for its beautiful environment, but mostly for the ancient bell tower sticking out of the water near the town of Curon Venosta\/Graun im Vinschgau, one of the most iconic sights in South Tyrol. Address: Lago di Resia, 39027 Curon Venosta BZCoordinates: 46.8047, 10.5310 Google Maps Glorenza\/Glurns Glorenza is a small town in Val Venosta, surrounded by medieval walls. It was the main town of the valley in the Late Middle Ages, and the walls were built after Glorenza was damaged during a war in 1499. Now the well preserved fortifications and medieval feeling of the old town make it an interesting tourist destination. Address: Stadtplatz 11, 39020, Glorenza BZCoordinates: 46.6705, 10.5527 Google Maps Marienberg Abbey The Marienberg Abbey (Abbazia di Monte Maria\/Abtei Marienberg) is a Bendictine abbey located on a hill above the small town of Burgusio\/Burgeis. It is one of the most important and oldest monasteries in the region, founded in the 9th century. Most of the current structures dates from the 17th century, when it was heavily restored. The abbey was later turned into a school and now serves as a museum. Address: Schlinig 1, 39024 Malles Venosta BZCoordinates: 46.7060, 10.5204 Google Maps<\/p>","protected":false},"author":1,"featured_media":0,"parent":932,"menu_order":0,"comment_status":"closed","ping_status":"closed","template":"","meta":{"_editorskit_title_hidden":false,"_editorskit_reading_time":0,"_editorskit_is_block_options_detached":false,"_editorskit_block_options_position":"{}","om_disable_all_campaigns":false,"_uag_custom_page_level_css":"","advgb_blocks_editor_width":"","advgb_blocks_columns_visual_guide":"","_monsterinsights_skip_tracking":false,"_monsterinsights_sitenote_active":false,"_monsterinsights_sitenote_note":"","_monsterinsights_sitenote_category":0,"footnotes":""},"class_list":["post-9379","page","type-page","status-publish","hentry"],"aioseo_notices":[],"featured_image_src":null,"uagb_featured_image_src":{"full":false,"thumbnail":false,"medium":false,"medium_large":false,"large":false,"1536x1536":false,"2048x2048":false,"trp-custom-language-flag":false,"xs-thumb":false,"post-thumbnail":false,"minimalistblogger-grid":false,"minimalistblogger-slider":false,"minimalistblogger-small":false},"uagb_author_info":{"display_name":"Stefano Cammisa","author_link":"https:\/\/www.cosmundus.com\/it\/author\/stefano-cammisa\/"},"uagb_comment_info":0,"uagb_excerpt":"&lt;&lt; Trentino-Alto Adige The Burgraviato (Burggrafenamt in German) is a historical region located west of Bolzano. This area includes the town of Merano. Further west is Val Venosta (Vinschgau in German), one of the most popular valleys in the Italian Alps, known for its beautiful natural environment. Both Burgraviato and Val Venosta are crossed by&hellip;","coauthors":[],"author_meta":{"author_link":"https:\/\/www.cosmundus.com\/it\/author\/stefano-cammisa\/","display_name":"Stefano Cammisa"},"relative_dates":{"created":"Pubblicato 2 anni fa","modified":"Aggiornato 2 anni fa"},"absolute_dates":{"created":"Pubblicato il 26 Febbraio 2024","modified":"Aggiornato il 26 Febbraio 2024"},"absolute_dates_time":{"created":"Pubblicato il 26 Febbraio 2024 2:24 pm","modified":"Aggiornato il 26 Febbraio 2024 2:25 pm"},"featured_img_caption":"","featured_img":false,"series_order":"","_links":{"self":[{"href":"https:\/\/www.cosmundus.com\/it\/wp-json\/wp\/v2\/pages\/9379","targetHints":{"allow":["GET"]}}],"collection":[{"href":"https:\/\/www.cosmundus.com\/it\/wp-json\/wp\/v2\/pages"}],"about":[{"href":"https:\/\/www.cosmundus.com\/it\/wp-json\/wp\/v2\/types\/page"}],"author":[{"embeddable":true,"href":"https:\/\/www.cosmundus.com\/it\/wp-json\/wp\/v2\/users\/1"}],"replies":[{"embeddable":true,"href":"https:\/\/www.cosmundus.com\/it\/wp-json\/wp\/v2\/comments?post=9379"}],"version-history":[{"count":5,"href":"https:\/\/www.cosmundus.com\/it\/wp-json\/wp\/v2\/pages\/9379\/revisions"}],"predecessor-version":[{"id":9404,"href":"https:\/\/www.cosmundus.com\/it\/wp-json\/wp\/v2\/pages\/9379\/revisions\/9404"}],"up":[{"embeddable":true,"href":"https:\/\/www.cosmundus.com\/it\/wp-json\/wp\/v2\/pages\/932"}],"wp:attachment":[{"href":"https:\/\/www.cosmundus.com\/it\/wp-json\/wp\/v2\/media?parent=9379"}],"curies":[{"name":"wp","href":"https:\/\/api.w.org\/{rel}","templated":true}]}}