{"id":9326,"date":"2024-02-26T11:19:06","date_gmt":"2024-02-26T10:19:06","guid":{"rendered":"https:\/\/www.cosmundus.com\/?page_id=9326"},"modified":"2024-02-26T11:19:07","modified_gmt":"2024-02-26T10:19:07","slug":"val-di-non-and-val-di-sole","status":"publish","type":"page","link":"https:\/\/www.cosmundus.com\/it\/destinations\/val-di-non-and-val-di-sole\/","title":{"rendered":"Val di Non e Val di Sole"},"content":{"rendered":"<p class=\"has-text-align-right\">&lt;&lt;\u00a0<a href=\"https:\/\/www.cosmundus.com\/it\/atlas\/europe\/southern-europe\/italy\/northeast-italy\/trentino-alto-adige\/\">Trentino-Alto Adige<\/a><\/p>\n\n\n\n<p>La parte nordoccidentale del Trentino \u00e8 caratterizzata da due importanti valli: la Val di Non e la Val di Sole. Queste due valli sono attraversate dal fiume Noce, e sono talvolta conosciute insieme come Valli del Noce. Entrambe le valli hanno una ricca storia e cultura e presentano numerosi monumenti storici tra le splendide montagne.<\/p>\n\n\n\n<div class=\"wp-block-group\"><div class=\"wp-block-group__inner-container is-layout-constrained wp-block-group-is-layout-constrained\"><div style=\"border: 1px solid #8ed1fc; border-radius: 0%; background-color: inherit; \" class=\"ub-styled-box ub-bordered-box wp-block-ub-styled-box\" id=\"ub-styled-box-e63c10e6-663a-4494-93f6-0c12aa1daca7\">\n<p class=\"has-medium-font-size\" id=\"ub-styled-box-bordered-content-32730bb7-08cb-4557-ad0f-cacfe7dd82cd\">Posti da vedere in Val di Non e Val di Sole<\/p>\n\n\n<div class=\"wp-block-aioseo-table-of-contents\"><ul><li><a class=\"aioseo-toc-item\" href=\"#val-di-non\">Val di Non<\/a><ul><li><a class=\"aioseo-toc-item\" href=\"#sanctuary-of-san-romedio\">\u272a\u00a0Santuario di San Romedio<\/a><\/li><li><a class=\"aioseo-toc-item\" href=\"#rhaetian-museum\">Museo Retico<\/a><\/li><li><a class=\"aioseo-toc-item\" href=\"#palazzo-assessorile\">Palazzo Assessorile<\/a><\/li><li><a class=\"aioseo-toc-item\" href=\"#cles-castle\">Castel Cles<\/a><\/li><li><a class=\"aioseo-toc-item\" href=\"#thun-castle\">Castel Thun<\/a><\/li><\/ul><\/li><li><a class=\"aioseo-toc-item\" href=\"#val-di-sole\">Val di Sole<\/a><ul><li><a class=\"aioseo-toc-item\" href=\"#museo-della-civilta-solandra\">Museo della Civilt\u00e0 Solandra<\/a><\/li><\/ul><\/li><\/ul><\/div>\n\n<\/div><\/div><\/div>\n\n\n\n<h2 class=\"wp-block-heading\" id=\"val-di-non\"><strong>Val di Non<\/strong><\/h2>\n\n\n\n<p>La Val di Non \u00e8 una vallata in Trentino, situata a nord di <a href=\"https:\/\/www.cosmundus.com\/it\/destinations\/trento\/\" class=\"ek-link\">Trento<\/a> e attraversata dal torrente Noce. Il centro pi\u00f9 importante della Val di Non \u00e8 Cles, situata nei pressi del Lago di Santa Giustina al centro della valle. La zona era abitata fin dall'antichit\u00e0 ed \u00e8 nota per i suoi vari castelli medievali e per il bellissimo paesaggio, ma \u00e8 anche famosa per la produzione di mele.<\/p>\n\n\n<div class=\"wp-block-ub-divider ub_divider ub-divider-orientation-horizontal\" id=\"ub_divider_1358d28f-2e68-41bf-a926-8d180832e5b0\"><div class=\"ub_divider_wrapper\" style=\"position: relative; margin-bottom: 2px; width: 100%; height: 2px; \" data-divider-alignment=\"center\"><div class=\"ub_divider_line\" style=\"border-top: 2px solid #ccc; margin-top: 2px; \"><\/div><\/div><\/div>\n\n\n<h4 class=\"wp-block-heading\" id=\"sanctuary-of-san-romedio\"><strong><strong>\u272a&nbsp;<\/strong>Santuario di San Romedio<\/strong><\/h4>\n\n\n\n<p>Il Santuario di San Romedio \u00e8 un complesso religioso situato tra le montagne della Val di Non, vicino al paese di Sanzeno, ma nel comune di Predaia. Il santuario \u00e8 raggiungibile da Sanzeno con un sentiero che attraversa il bellissimo ambiente. Il complesso \u00e8 composto da cinque chiese costruite tra l'undicesimo e il ventesimo secolo sulle ripide rocce, ed \u00e8 un popolare luogo di pellegrinaggio.<\/p>\n\n\n\n<div class=\"wp-block-columns is-layout-flex wp-container-core-columns-is-layout-9d6595d7 wp-block-columns-is-layout-flex\">\n<div class=\"wp-block-column is-layout-flow wp-block-column-is-layout-flow\" style=\"flex-basis:85%\">\n<p>Indirizzo: Via S. Romedio, 1, 38010 Sanzeno TN<br>Coordinate: 46.3689, 11.1064<\/p>\n<\/div>\n\n\n\n<div class=\"wp-block-column is-layout-flow wp-block-column-is-layout-flow\" style=\"flex-basis:15%\">\n<p class=\"has-text-align-right\"><a href=\"https:\/\/goo.gl\/maps\/3sz2hFCaXUZxwX7k9\" target=\"_blank\" aria-label=\" (opens in a new tab)\" rel=\"noreferrer noopener\" class=\"ek-link\">Google Maps<\/a><\/p>\n<\/div>\n<\/div>\n\n\n<div class=\"wp-block-ub-divider ub_divider ub-divider-orientation-horizontal\" id=\"ub_divider_c20baadb-e59f-4ac8-99d1-db17a08e2d1e\"><div class=\"ub_divider_wrapper\" style=\"position: relative; margin-bottom: 2px; width: 100%; height: 2px; \" data-divider-alignment=\"center\"><div class=\"ub_divider_line\" style=\"border-top: 2px solid #ccc; margin-top: 2px; \"><\/div><\/div><\/div>\n\n\n<h4 class=\"wp-block-heading\" id=\"rhaetian-museum\"><strong>Museo Retico<\/strong><\/h4>\n\n\n\n<p class=\"translation-block\">Il Museo Retico \u00e8 una mostra sulla storia e l'archeologia della Val di Non. La collezione si concentra principalmente sull'insediamento preistorico retico, ma ospita reperti che vanno dal Paleolitico all'Alto Medioevo. Nei pressi del museo inizia il percorso verso il Santuario di San Romedio.<\/p>\n\n\n\n<div class=\"wp-block-columns is-layout-flex wp-container-core-columns-is-layout-9d6595d7 wp-block-columns-is-layout-flex\">\n<div class=\"wp-block-column is-layout-flow wp-block-column-is-layout-flow\" style=\"flex-basis:85%\">\n<p>Indirizzo: Via Rezia, 87, 38010 Sanzeno TN<br>Coordinate: 46.3702, 11.0807<\/p>\n<\/div>\n\n\n\n<div class=\"wp-block-column is-layout-flow wp-block-column-is-layout-flow\" style=\"flex-basis:15%\">\n<p class=\"has-text-align-right\"><a href=\"https:\/\/goo.gl\/maps\/6BHXK54H8gFR2jhH8\" target=\"_blank\" aria-label=\" (opens in a new tab)\" rel=\"noreferrer noopener\" class=\"ek-link\">Google Maps<\/a><\/p>\n<\/div>\n<\/div>\n\n\n<div class=\"wp-block-ub-divider ub_divider ub-divider-orientation-horizontal\" id=\"ub_divider_8f4e393a-19ef-44ee-ae84-4555abc3bb9d\"><div class=\"ub_divider_wrapper\" style=\"position: relative; margin-bottom: 2px; width: 100%; height: 2px; \" data-divider-alignment=\"center\"><div class=\"ub_divider_line\" style=\"border-top: 2px solid #ccc; margin-top: 2px; \"><\/div><\/div><\/div>\n\n\n<h4 class=\"wp-block-heading\" id=\"palazzo-assessorile\"><strong>Palazzo Assessorile<\/strong><\/h4>\n\n\n\n<p>Il Palazzo Assessorile \u00e8 un palazzo medievale nel centro di Cles, un tempo residenza di nobili famiglie e sede del governo locale. Presenta vari affreschi antichi ed \u00e8 ora utilizzato per ospitare mostre.<\/p>\n\n\n\n<div class=\"wp-block-columns is-layout-flex wp-container-core-columns-is-layout-9d6595d7 wp-block-columns-is-layout-flex\">\n<div class=\"wp-block-column is-layout-flow wp-block-column-is-layout-flow\" style=\"flex-basis:85%\">\n<p>Indirizzo: Piazza Municipio, 21, 38023 Cles TN<br>Coordinate: 46.3653, 11.0343<\/p>\n<\/div>\n\n\n\n<div class=\"wp-block-column is-layout-flow wp-block-column-is-layout-flow\" style=\"flex-basis:15%\">\n<p class=\"has-text-align-right\"><a href=\"https:\/\/goo.gl\/maps\/YncfiakPa6nzHxA66\" target=\"_blank\" aria-label=\" (opens in a new tab)\" rel=\"noreferrer noopener\" class=\"ek-link\">Google Maps<\/a><\/p>\n<\/div>\n<\/div>\n\n\n<div class=\"wp-block-ub-divider ub_divider ub-divider-orientation-horizontal\" id=\"ub_divider_bff9b4db-91d3-4153-8431-a83c59467b2e\"><div class=\"ub_divider_wrapper\" style=\"position: relative; margin-bottom: 2px; width: 100%; height: 2px; \" data-divider-alignment=\"center\"><div class=\"ub_divider_line\" style=\"border-top: 2px solid #ccc; margin-top: 2px; \"><\/div><\/div><\/div>\n\n\n<h4 class=\"wp-block-heading\" id=\"cles-castle\"><strong>Castel Cles<\/strong><\/h4>\n\n\n\n<p>Castel Cles \u00e8 un castello medievale situato su un colle che domina Cles e il Lago di Santa Giustina. La sua struttura attuale risale al sedicesimo secolo, quando il precedente castello fu restaurato e ampliato, trasformandolo in un palazzo fortificato.<\/p>\n\n\n\n<div class=\"wp-block-columns is-layout-flex wp-container-core-columns-is-layout-9d6595d7 wp-block-columns-is-layout-flex\">\n<div class=\"wp-block-column is-layout-flow wp-block-column-is-layout-flow\" style=\"flex-basis:85%\">\n<p>Indirizzo: Via del Castello, 38023 Cles TN<br>Coordinate: 46.3705, 11.0416<\/p>\n<\/div>\n\n\n\n<div class=\"wp-block-column is-layout-flow wp-block-column-is-layout-flow\" style=\"flex-basis:15%\">\n<p class=\"has-text-align-right\"><a href=\"https:\/\/goo.gl\/maps\/URkxUt61sLsYGcidA\" target=\"_blank\" aria-label=\" (opens in a new tab)\" rel=\"noreferrer noopener\" class=\"ek-link\">Google Maps<\/a><\/p>\n<\/div>\n<\/div>\n\n\n<div class=\"wp-block-ub-divider ub_divider ub-divider-orientation-horizontal\" id=\"ub_divider_caa0eacd-a74f-4d41-873a-4f5d404a697d\"><div class=\"ub_divider_wrapper\" style=\"position: relative; margin-bottom: 2px; width: 100%; height: 2px; \" data-divider-alignment=\"center\"><div class=\"ub_divider_line\" style=\"border-top: 2px solid #ccc; margin-top: 2px; \"><\/div><\/div><\/div>\n\n\n<h4 class=\"wp-block-heading\" id=\"thun-castle\"><strong>Castel Thun<\/strong><\/h4>\n\n\n\n<p>Castel Thun \u00e8 un palazzo medievale fortificato situato nei pressi di Vigo di Ton. Un tempo residenza della nobile famiglia Thun, che restaur\u00f2 una precedente fortezza, Castel Thun \u00e8 stato recentemente restaurato ed \u00e8 oggi uno dei castelli meglio conservati del Trentino. Oggi funge da museo.<\/p>\n\n\n\n<div class=\"wp-block-columns is-layout-flex wp-container-core-columns-is-layout-9d6595d7 wp-block-columns-is-layout-flex\">\n<div class=\"wp-block-column is-layout-flow wp-block-column-is-layout-flow\" style=\"flex-basis:85%\">\n<p>Indirizzo: Via Castel Thun, 1, 38010 Vigo di Ton TN<br>Coordinate: 46.2731, 11.0902<\/p>\n<\/div>\n\n\n\n<div class=\"wp-block-column is-layout-flow wp-block-column-is-layout-flow\" style=\"flex-basis:15%\">\n<p class=\"has-text-align-right\"><a href=\"https:\/\/goo.gl\/maps\/suZKjQy7eh4n8zsi9\" target=\"_blank\" aria-label=\" (opens in a new tab)\" rel=\"noreferrer noopener\" class=\"ek-link\">Google Maps<\/a><\/p>\n<\/div>\n<\/div>\n\n\n<div style=\"margin-top: var(--wp--preset--spacing--40); margin-bottom: var(--wp--preset--spacing--40); \" class=\"wp-block-ub-divider ub_divider ub-divider-orientation-horizontal\" id=\"ub_divider_da65c5c5-4780-42de-ba54-06cd46417a70\"><div class=\"ub_divider_wrapper\" style=\"position: relative; margin-bottom: 10px; width: 100%; height: 10px; \" data-divider-alignment=\"center\"><div class=\"ub_divider_line\" style=\"border-top: 2px solid #000000; margin-top: 10px; \"><\/div><\/div><\/div>\n\n\n<h2 class=\"wp-block-heading\" id=\"val-di-sole\"><strong>Val di Sole<\/strong><\/h2>\n\n\n\n<p class=\"translation-block\">La Val di Sole \u00e8 una stretta valle tra le montagne del Trentino nord-occidentale. \u00c8 attraversata dal fiume Noce che sfocia ad est nella vicina Val di Non. Ad ovest la valle si chiude verso il Passo del Tonale, che la connette con la <a href=\"https:\/\/www.cosmundus.com\/it\/atlas\/europe\/southern-europe\/italy\/northwest-italy\/lombardy\/\" class=\"ek-link\" target=\"_self\">Lombardia<\/a>. Il capoluogo della Val di Sole \u00e8 Mal\u00e9.<\/p>\n\n\n<div class=\"wp-block-ub-divider ub_divider ub-divider-orientation-horizontal\" id=\"ub_divider_895c2171-75e3-4864-8986-c9c3af339810\"><div class=\"ub_divider_wrapper\" style=\"position: relative; margin-bottom: 2px; width: 100%; height: 2px; \" data-divider-alignment=\"center\"><div class=\"ub_divider_line\" style=\"border-top: 2px solid #ccc; margin-top: 2px; \"><\/div><\/div><\/div>\n\n\n<h4 class=\"wp-block-heading\" id=\"museo-della-civilta-solandra\"><strong>Museo della Civilt\u00e0 Solandra<\/strong><\/h4>\n\n\n\n<p>Il Museo della Civilt\u00e0 Solandra \u00e8 un museo etnografico a Mal\u00e9 incentrato sulla cultura tradizionale della Val di Sole. Il museo espone una collezione di oggetti storici e ospita mostre sulla storia locale.<\/p>\n\n\n\n<div class=\"wp-block-columns is-layout-flex wp-container-core-columns-is-layout-9d6595d7 wp-block-columns-is-layout-flex\">\n<div class=\"wp-block-column is-layout-flow wp-block-column-is-layout-flow\" style=\"flex-basis:85%\">\n<p>Indirizzo: Via Trento, 40, 38027 Mal\u00e8 TN<br>Coordinate: 46.3542, 10.9139<\/p>\n<\/div>\n\n\n\n<div class=\"wp-block-column is-layout-flow wp-block-column-is-layout-flow\" style=\"flex-basis:15%\">\n<p class=\"has-text-align-right\"><a href=\"https:\/\/goo.gl\/maps\/Jnrmi8NbSqoWJYqR8\" target=\"_blank\" aria-label=\" (opens in a new tab)\" rel=\"noreferrer noopener\" class=\"ek-link\">Google Maps<\/a><\/p>\n<\/div>\n<\/div>","protected":false},"excerpt":{"rendered":"<p>&lt;&lt;\u00a0Trentino-Alto Adige The northwestern part of Trentino features two important valleys: Val di Non and Val di Sole. These two valleys are crossed by the Noce river, and are sometimes known together as Valli del Noce. Both valleys have a rich history and culture, and feature several historic landmarks among the beautiful mountains. Val di Non Val di Non is a valley in Trentino, located north of Trento and crossed by the Noce stream. The most important town in Val di Non is Cles, located near Lake Santa Giustina at the center of the valley. The area was inhabited since ancient times and it is known for its various medieval castles and beautiful landscape, but it is also famous for the production of apples. \u272a&nbsp;Sanctuary of San Romedio The Sanctuary of San Romedio is a religious complex located among the mountains of Val di Non, near the town of Sanzeno, but in the municipality of Predaia. The sanctuary can be reached from Sanzeno with a pathway that goes through the beautiful environment. The complex is made of five churches built between the 11th and 20th century on the steep rocks, and it is a popular pilgrimage site. Address: Via S. Romedio, 1, 38010 Sanzeno TNCoordinates: 46.3689, 11.1064 Google Maps Rhaetian Museum The Rhaetian Museum (Museo Retico) is an exhibition on the history and archaeology of Val di Non. The collection focuses mostly on the prehistoric Rhaetian settlement, but it hosts finding spanning from the Paleolithic to the Early Middle Ages. The pathway to the Sanctuary of San Romedio begins near the museum. Address: Via Rezia, 87, 38010 Sanzeno TNCoordinates: 46.3702, 11.0807 Google Maps Palazzo Assessorile Palazzo Assessorile is a medieval palace in the center of Cles, once residence of noble families and seat of the local government. It features various ancient frescoes and it is now used to host exhibitions. Address: Piazza Municipio, 21, 38023 Cles TNCoordinates: 46.3653, 11.0343 Google Maps Cles Castle The Cles Castle is a medieval castle located on a hill overlooking Cles and Lake Santa Giustina. Its current structure dates from the 16th century, when the previous castle was restored and expanded, turning it into a fortified palace. Address: Via del Castello, 38023 Cles TNCoordinates: 46.3705, 11.0416 Google Maps Thun Castle The Thun Castle is a medieval fortified palace located near Vigo di Ton. Once the residence of the noble Thun family, who restored a previous fortress, the Thun Castle has been recently restored and it is now one of the best preserved castles in Trentino. Today it serves as a museum. Address: Via Castel Thun, 1, 38010 Vigo di Ton TNCoordinates: 46.2731, 11.0902 Google Maps Val di Sole Val di Sole is a narrow valley among the mountains of northwestern Trentino. It is crossed by the Noce river that flows east into the nearby Val di Non. To the west, the valley closes toward the Tonale Pass, which crosses into Lombardy. The main town in Val di Sole is Mal\u00e9. Museo della Civilt\u00e0 Solandra Museo della Civilt\u00e0 Solandra is an ethnographic museum in Mal\u00e9 focused on the traditional culture of Val di Sole. The museum showcases a collection of historic objects and exhibitions on local history. Address: Via Trento, 40, 38027 Mal\u00e8 TNCoordinates: 46.3542, 10.9139 Google Maps<\/p>","protected":false},"author":1,"featured_media":0,"parent":932,"menu_order":0,"comment_status":"closed","ping_status":"closed","template":"","meta":{"_editorskit_title_hidden":false,"_editorskit_reading_time":0,"_editorskit_is_block_options_detached":false,"_editorskit_block_options_position":"{}","om_disable_all_campaigns":false,"_uag_custom_page_level_css":"","advgb_blocks_editor_width":"","advgb_blocks_columns_visual_guide":"","_monsterinsights_skip_tracking":false,"_monsterinsights_sitenote_active":false,"_monsterinsights_sitenote_note":"","_monsterinsights_sitenote_category":0,"footnotes":""},"class_list":["post-9326","page","type-page","status-publish","hentry"],"aioseo_notices":[],"featured_image_src":null,"uagb_featured_image_src":{"full":false,"thumbnail":false,"medium":false,"medium_large":false,"large":false,"1536x1536":false,"2048x2048":false,"trp-custom-language-flag":false,"xs-thumb":false,"post-thumbnail":false,"minimalistblogger-grid":false,"minimalistblogger-slider":false,"minimalistblogger-small":false},"uagb_author_info":{"display_name":"Stefano Cammisa","author_link":"https:\/\/www.cosmundus.com\/it\/author\/stefano-cammisa\/"},"uagb_comment_info":0,"uagb_excerpt":"&lt;&lt;\u00a0Trentino-Alto Adige The northwestern part of Trentino features two important valleys: Val di Non and Val di Sole. These two valleys are crossed by the Noce river, and are sometimes known together as Valli del Noce. Both valleys have a rich history and culture, and feature several historic landmarks among the beautiful mountains. Val di&hellip;","coauthors":[],"author_meta":{"author_link":"https:\/\/www.cosmundus.com\/it\/author\/stefano-cammisa\/","display_name":"Stefano Cammisa"},"relative_dates":{"created":"Pubblicato 2 anni fa","modified":"Aggiornato 2 anni fa"},"absolute_dates":{"created":"Pubblicato il 26 Febbraio 2024","modified":"Aggiornato il 26 Febbraio 2024"},"absolute_dates_time":{"created":"Pubblicato il 26 Febbraio 2024 11:19 am","modified":"Aggiornato il 26 Febbraio 2024 11:19 am"},"featured_img_caption":"","featured_img":false,"series_order":"","_links":{"self":[{"href":"https:\/\/www.cosmundus.com\/it\/wp-json\/wp\/v2\/pages\/9326","targetHints":{"allow":["GET"]}}],"collection":[{"href":"https:\/\/www.cosmundus.com\/it\/wp-json\/wp\/v2\/pages"}],"about":[{"href":"https:\/\/www.cosmundus.com\/it\/wp-json\/wp\/v2\/types\/page"}],"author":[{"embeddable":true,"href":"https:\/\/www.cosmundus.com\/it\/wp-json\/wp\/v2\/users\/1"}],"replies":[{"embeddable":true,"href":"https:\/\/www.cosmundus.com\/it\/wp-json\/wp\/v2\/comments?post=9326"}],"version-history":[{"count":2,"href":"https:\/\/www.cosmundus.com\/it\/wp-json\/wp\/v2\/pages\/9326\/revisions"}],"predecessor-version":[{"id":9343,"href":"https:\/\/www.cosmundus.com\/it\/wp-json\/wp\/v2\/pages\/9326\/revisions\/9343"}],"up":[{"embeddable":true,"href":"https:\/\/www.cosmundus.com\/it\/wp-json\/wp\/v2\/pages\/932"}],"wp:attachment":[{"href":"https:\/\/www.cosmundus.com\/it\/wp-json\/wp\/v2\/media?parent=9326"}],"curies":[{"name":"wp","href":"https:\/\/api.w.org\/{rel}","templated":true}]}}