{"id":9325,"date":"2024-02-26T11:00:15","date_gmt":"2024-02-26T10:00:15","guid":{"rendered":"https:\/\/www.cosmundus.com\/?page_id=9325"},"modified":"2024-02-26T11:02:22","modified_gmt":"2024-02-26T10:02:22","slug":"val-di-fiemme-val-di-fassa-and-primiero","status":"publish","type":"page","link":"https:\/\/www.cosmundus.com\/it\/destinations\/val-di-fiemme-val-di-fassa-and-primiero\/","title":{"rendered":"Val di Fiemme, Val di Fassa e Primiero"},"content":{"rendered":"<p class=\"has-text-align-right\">&lt;&lt; <a href=\"https:\/\/www.cosmundus.com\/it\/atlas\/europe\/southern-europe\/italy\/northeast-italy\/trentino-alto-adige\/\" class=\"ek-link\">Trentino-Alto Adige<\/a><\/p>\n\n\n\n<p>Val di Fiemme, Val di Fassa e Primiero sono tre valli situate tra le Alpi del Trentino orientale. Questa zona \u00e8 conosciuta per le sue bellissime montagne e comprende alcuni dei massicci pi\u00f9 importanti delle Dolomiti. Qui si trovano diverse localit\u00e0 sciistiche rinomate, ma anche i tanti piccoli villaggi tradizionali offrono attrazioni interessanti.<\/p>\n\n\n\n<div class=\"wp-block-group\"><div class=\"wp-block-group__inner-container is-layout-constrained wp-block-group-is-layout-constrained\"><div style=\"border: 1px solid #8ed1fc; border-radius: 0%; background-color: inherit; \" class=\"ub-styled-box ub-bordered-box wp-block-ub-styled-box\" id=\"ub-styled-box-aefd8ea8-e9cc-4836-90c8-cd35a3b2bb21\">\n<p class=\"has-medium-font-size\" id=\"ub-styled-box-bordered-content-3c3d5c30-f7d7-4094-b8a2-d2bdce22ea09\">Posti da vedere in Val di Fiemme, Val di Fassa e Primiero<\/p>\n\n\n<div class=\"wp-block-aioseo-table-of-contents\"><ul><li><a class=\"aioseo-toc-item\" href=\"#val-di-fiemme\">Val di Fiemme<\/a><ul><li><a class=\"aioseo-toc-item\" href=\"#palazzo-della-magnifica-comunita-di-fiemme\">Palazzo della Magnifica Comunit\u00e0 di Fiemme<\/a><\/li><li><a class=\"aioseo-toc-item\" href=\"#geological-museum-of-the-dolomites\">Museo Geologico delle Dolomiti<\/a><\/li><li><a class=\"aioseo-toc-item\" href=\"#visitor-center-of-the-paneveggio-pale-di-san-martino-natural-park\">Centro Visitatori del Parco Naturale Paneveggio Pale di San Martino<\/a><\/li><\/ul><\/li><li><a class=\"aioseo-toc-item\" href=\"#val-di-fassa\">Val di Fassa\/Val de Fascia<\/a><ul><li><a class=\"aioseo-toc-item\" href=\"#canazei\">\u272a\u00a0Canazei\/Cianac\u00e9i<\/a><\/li><li><a class=\"aioseo-toc-item\" href=\"#ladin-museum-of-fassa\">Museo Ladino di Fassa\/Museo Ladin de Fascia<\/a><\/li><\/ul><\/li><li><a class=\"aioseo-toc-item\" href=\"#primiero\">Primiero<\/a><ul><li><a class=\"aioseo-toc-item\" href=\"#pale-di-san-martino\">\u272a\u00a0Pale di San Martino<\/a><\/li><li><a class=\"aioseo-toc-item\" href=\"#san-martino-di-castrozza\">\u272a\u00a0San Martino di Castrozza<\/a><\/li><\/ul><\/li><\/ul><\/div>\n\n<\/div><\/div><\/div>\n\n\n\n<h2 class=\"wp-block-heading\" id=\"val-di-fiemme\"><strong>Val di Fiemme<\/strong><\/h2>\n\n\n\n<p>La Val di Fiemme \u00e8 una delle principali vallate del Trentino, situata tra le Dolomiti e attraversata dal torrente Avisio. Fin dal Medioevo i paesi della valle hanno fatto parte della Magnifica Comunit\u00e0 di Fiemme, che governava il territorio sotto il dominio di altre potenze pi\u00f9 grandi. La Val di Fiemme \u00e8 oggi una rinomata localit\u00e0 turistica, famosa per le sue stazioni sciistiche e le splendide montagne, e ha ospitato numerosi eventi sportivi invernali. Il capoluogo storico della valle \u00e8 Cavalese, ma il comune pi\u00f9 grande \u00e8 Predazzo.<\/p>\n\n\n<div class=\"wp-block-ub-divider ub_divider ub-divider-orientation-horizontal\" id=\"ub_divider_42b70528-f8c7-406d-85ef-ef71fa6e36b0\"><div class=\"ub_divider_wrapper\" style=\"position: relative; margin-bottom: 2px; width: 100%; height: 2px; \" data-divider-alignment=\"center\"><div class=\"ub_divider_line\" style=\"border-top: 2px solid #ccc; margin-top: 2px; \"><\/div><\/div><\/div>\n\n\n<h4 class=\"wp-block-heading\" id=\"palazzo-della-magnifica-comunita-di-fiemme\"><strong><strong>Palazzo della Magnifica Comunit\u00e0 di Fiemme<\/strong><\/strong><\/h4>\n\n\n\n<p>Il Palazzo della Magnifica Comunit\u00e0 di Fiemme \u00e8 la sede storica della Magnifica Comunit\u00e0 di Fiemme, situato a Cavalese. L'edificio fu eretto nel tredicesimo secolo, ed \u00e8 stato successivamente decorato con numerosi affreschi che ne occupano anche la facciata. Ora funge principalmente da museo e galleria d'arte.<\/p>\n\n\n\n<div class=\"wp-block-columns is-layout-flex wp-container-core-columns-is-layout-9d6595d7 wp-block-columns-is-layout-flex\">\n<div class=\"wp-block-column is-layout-flow wp-block-column-is-layout-flow\" style=\"flex-basis:85%\">\n<p>Indirizzo: Via Scario, 1, 38033 Cavalese TN<br>Coordinate: 46.2915, 11.4594<\/p>\n<\/div>\n\n\n\n<div class=\"wp-block-column is-layout-flow wp-block-column-is-layout-flow\" style=\"flex-basis:15%\">\n<p class=\"has-text-align-right\"><a href=\"https:\/\/goo.gl\/maps\/yfzRgAJbGybphZg38\" target=\"_blank\" aria-label=\" (opens in a new tab)\" rel=\"noreferrer noopener\" class=\"ek-link\">Google Maps<\/a><\/p>\n<\/div>\n<\/div>\n\n\n<div class=\"wp-block-ub-divider ub_divider ub-divider-orientation-horizontal\" id=\"ub_divider_978578e6-546d-4933-a12d-4602397c6110\"><div class=\"ub_divider_wrapper\" style=\"position: relative; margin-bottom: 2px; width: 100%; height: 2px; \" data-divider-alignment=\"center\"><div class=\"ub_divider_line\" style=\"border-top: 2px solid #ccc; margin-top: 2px; \"><\/div><\/div><\/div>\n\n\n<h4 class=\"wp-block-heading\" id=\"geological-museum-of-the-dolomites\"><strong><strong>Museo Geologico delle Dolomiti<\/strong><\/strong><\/h4>\n\n\n\n<p class=\"translation-block\">Il Museo Geologico delle Dolomiti \u00e8 un museo di scienze naturali a Predazzo, incentrato sull'ambiente unico delle Dolomiti. Il museo ospita una vasta collezione di fossili e altri reperti che mostrano la storia geologica delle montagne circostanti.<\/p>\n\n\n\n<div class=\"wp-block-columns is-layout-flex wp-container-core-columns-is-layout-9d6595d7 wp-block-columns-is-layout-flex\">\n<div class=\"wp-block-column is-layout-flow wp-block-column-is-layout-flow\" style=\"flex-basis:85%\">\n<p>Indirizzo: Piazza SS. Filippo e Giacomo, 1, 38037 Predazzo TN<br>Coordinate: 46.3123, 11.6035<\/p>\n<\/div>\n\n\n\n<div class=\"wp-block-column is-layout-flow wp-block-column-is-layout-flow\" style=\"flex-basis:15%\">\n<p class=\"has-text-align-right\"><a href=\"https:\/\/goo.gl\/maps\/hWNaqAwtetXBtgsK9\" target=\"_blank\" aria-label=\" (opens in a new tab)\" rel=\"noreferrer noopener\" class=\"ek-link\">Google Maps<\/a><\/p>\n<\/div>\n<\/div>\n\n\n<div class=\"wp-block-ub-divider ub_divider ub-divider-orientation-horizontal\" id=\"ub_divider_6839b739-0e2a-4b34-95b0-d48d3479bd04\"><div class=\"ub_divider_wrapper\" style=\"position: relative; margin-bottom: 2px; width: 100%; height: 2px; \" data-divider-alignment=\"center\"><div class=\"ub_divider_line\" style=\"border-top: 2px solid #ccc; margin-top: 2px; \"><\/div><\/div><\/div>\n\n\n<h4 class=\"wp-block-heading\" id=\"visitor-center-of-the-paneveggio-pale-di-san-martino-natural-park\"><strong>Centro Visitatori del Parco Naturale Paneveggio Pale di San Martino<\/strong><\/h4>\n\n\n\n<p>Questo centro visitatori ospita una mostra sull'ambiente del Parco Naturale Panaveggio Pale di San Martino. La mostra \u00e8 particolarmente incentrata sulla flora e la fauna delle lussureggianti foreste di questo parco.<\/p>\n\n\n\n<div class=\"wp-block-columns is-layout-flex wp-container-core-columns-is-layout-9d6595d7 wp-block-columns-is-layout-flex\">\n<div class=\"wp-block-column is-layout-flow wp-block-column-is-layout-flow\" style=\"flex-basis:85%\">\n<p>Indirizzo: SS50, 11, 38037 Paneveggio TN<br>Coordinate: 46.3088, 11.7463<\/p>\n<\/div>\n\n\n\n<div class=\"wp-block-column is-layout-flow wp-block-column-is-layout-flow\" style=\"flex-basis:15%\">\n<p class=\"has-text-align-right\"><a href=\"https:\/\/goo.gl\/maps\/A4HGtGkd9b5tF1Wv7\" target=\"_blank\" aria-label=\" (opens in a new tab)\" rel=\"noreferrer noopener\" class=\"ek-link\">Google Maps<\/a><\/p>\n<\/div>\n<\/div>\n\n\n<div style=\"margin-top: var(--wp--preset--spacing--40); margin-bottom: var(--wp--preset--spacing--40); \" class=\"wp-block-ub-divider ub_divider ub-divider-orientation-horizontal\" id=\"ub_divider_9927c961-e682-40e2-8ed6-63792a2dc606\"><div class=\"ub_divider_wrapper\" style=\"position: relative; margin-bottom: 10px; width: 100%; height: 10px; \" data-divider-alignment=\"center\"><div class=\"ub_divider_line\" style=\"border-top: 2px solid #000000; margin-top: 10px; \"><\/div><\/div><\/div>\n\n\n<h2 class=\"wp-block-heading\" id=\"val-di-fassa\"><strong>Val di Fassa\/Val de Fascia<\/strong><\/h2>\n\n\n\n<p class=\"translation-block\">La Val di Fassa (Val de Fascia in ladino) \u00e8 una valle del Trentino nord-orientale, attraversata dal torrente Avisio che sfocia nella Val di Fiemme. La valle \u00e8 circondata da alcune delle montagne pi\u00f9 importanti delle Dolomiti, ed \u00e8 quindi una popolare destinazione turistica. La Val di Fassa \u00e8 prevalentemente abitata dalla comunit\u00e0 ladina, e la maggior parte delle persone parla ladino. I sei comuni della valle formano il Comun General de Fascia, con capoluogo San Giovanni di Fassa (S\u00e8n Jan).<\/p>\n\n\n<div class=\"wp-block-ub-divider ub_divider ub-divider-orientation-horizontal\" id=\"ub_divider_2dceb03a-74e1-4420-afa2-a03bf4f5fcc5\"><div class=\"ub_divider_wrapper\" style=\"position: relative; margin-bottom: 2px; width: 100%; height: 2px; \" data-divider-alignment=\"center\"><div class=\"ub_divider_line\" style=\"border-top: 2px solid #ccc; margin-top: 2px; \"><\/div><\/div><\/div>\n\n\n<h4 class=\"wp-block-heading\" id=\"canazei\"><strong><strong>\u272a&nbsp;<\/strong>Canazei\/Cianac\u00e9i<\/strong><\/h4>\n\n\n\n<p class=\"translation-block\">Canazei (Cianac\u00e9i in ladino) \u00e8 la principale meta turistica della Val di Fassa. Si trova vicino ad alcune delle montagne pi\u00f9 imponenti delle Dolomiti, e proprio sotto la <a href=\"https:\/\/www.cosmundus.com\/it\/destinations\/agordino-ampezzo-and-cadore\/#marmolada\" class=\"ek-link\" target=\"_self\">Marmolada<\/a>, ed \u00e8 quindi il punto di partenza per passeggiate ed escursioni. Canazei \u00e8 anche un'importante stazione sciistica e una famosa localit\u00e0 per gli sport di montagna. La citt\u00e0 ospita anche alcune chiese ed edifici storici.<\/p>\n\n\n\n<div class=\"wp-block-columns is-layout-flex wp-container-core-columns-is-layout-9d6595d7 wp-block-columns-is-layout-flex\">\n<div class=\"wp-block-column is-layout-flow wp-block-column-is-layout-flow\" style=\"flex-basis:85%\">\n<p>Indirizzo: Via Roma, 12, 38032 Canazei TN<br>Coordinate: 46.4768, 11.7713<\/p>\n<\/div>\n\n\n\n<div class=\"wp-block-column is-layout-flow wp-block-column-is-layout-flow\" style=\"flex-basis:15%\">\n<p class=\"has-text-align-right\"><a href=\"https:\/\/goo.gl\/maps\/LsRrsgMvczftRBzF7\" target=\"_blank\" aria-label=\" (opens in a new tab)\" rel=\"noreferrer noopener\" class=\"ek-link\">Google Maps<\/a><\/p>\n<\/div>\n<\/div>\n\n\n<div class=\"wp-block-ub-divider ub_divider ub-divider-orientation-horizontal\" id=\"ub_divider_7318cf46-4f67-4033-a22b-56ecb30ae56c\"><div class=\"ub_divider_wrapper\" style=\"position: relative; margin-bottom: 2px; width: 100%; height: 2px; \" data-divider-alignment=\"center\"><div class=\"ub_divider_line\" style=\"border-top: 2px solid #ccc; margin-top: 2px; \"><\/div><\/div><\/div>\n\n\n<h4 class=\"wp-block-heading\" id=\"ladin-museum-of-fassa\"><strong>Museo Ladino di Fassa\/Museo Ladin de Fascia<\/strong><\/h4>\n\n\n\n<p class=\"translation-block\">Il Museo Ladino di Fassa \u00e8 un museo etnografico a Vigo di Fassa (Vich) che ospita mostre sulle singolari tradizioni ladine della Val di Fassa. Il museo ospita vari oggetti storici e funge anche da istituzione culturale per promuovere la cultura e la lingua ladina.<\/p>\n\n\n\n<div class=\"wp-block-columns is-layout-flex wp-container-core-columns-is-layout-9d6595d7 wp-block-columns-is-layout-flex\">\n<div class=\"wp-block-column is-layout-flow wp-block-column-is-layout-flow\" style=\"flex-basis:85%\">\n<p>Indirizzo: Str. de S\u00e8n Jan, 9, 38036 S\u00e8n Jan di Fassa, TN<br>Coordinate: 46.4232, 11.6798<\/p>\n<\/div>\n\n\n\n<div class=\"wp-block-column is-layout-flow wp-block-column-is-layout-flow\" style=\"flex-basis:15%\">\n<p class=\"has-text-align-right\"><a href=\"https:\/\/goo.gl\/maps\/P8Z4yn1G3zvW4ZRs6\" target=\"_blank\" aria-label=\" (opens in a new tab)\" rel=\"noreferrer noopener\" class=\"ek-link\">Google Maps<\/a><\/p>\n<\/div>\n<\/div>\n\n\n<div style=\"margin-top: var(--wp--preset--spacing--40); margin-bottom: var(--wp--preset--spacing--40); \" class=\"wp-block-ub-divider ub_divider ub-divider-orientation-horizontal\" id=\"ub_divider_58ea15b9-a379-4027-852e-47f964d793ec\"><div class=\"ub_divider_wrapper\" style=\"position: relative; margin-bottom: 10px; width: 100%; height: 10px; \" data-divider-alignment=\"center\"><div class=\"ub_divider_line\" style=\"border-top: 2px solid #000000; margin-top: 10px; \"><\/div><\/div><\/div>\n\n\n<h2 class=\"wp-block-heading\" id=\"primiero\"><strong>Primiero<\/strong><\/h2>\n\n\n\n<p>Il Primiero \u00e8 una valle del Trentino situata sul versante occidentale del Gruppo delle Pale e ospita alcuni paesi di montagna. Un'ampia porzione del territorio fa parte del Parco Naturale Panaveggio Pale di San Martino ed \u00e8 noto per il suo meraviglioso ambiente. La zona ospita anche alcune delle localit\u00e0 sciistiche pi\u00f9 famose della regione ed \u00e8 una popolare meta turistica. Il centro pi\u00f9 importante della valle \u00e8 Fiera di Primiero, frazione del comune di Primiero San Martino di Castrozza.<\/p>\n\n\n<div class=\"wp-block-ub-divider ub_divider ub-divider-orientation-horizontal\" id=\"ub_divider_5d1b7b9d-8a30-47d6-92b7-b7a77dd0fbe5\"><div class=\"ub_divider_wrapper\" style=\"position: relative; margin-bottom: 2px; width: 100%; height: 2px; \" data-divider-alignment=\"center\"><div class=\"ub_divider_line\" style=\"border-top: 2px solid #ccc; margin-top: 2px; \"><\/div><\/div><\/div>\n\n\n<h4 class=\"wp-block-heading\" id=\"pale-di-san-martino\"><strong><strong>\u272a&nbsp;<\/strong>Pale di San Martino<\/strong><\/h4>\n\n\n\n<p>Le Pale di San Martino sono il massiccio pi\u00f9 grande delle Dolomiti, che si estende lungo il confine tra Trentino e <a href=\"https:\/\/www.cosmundus.com\/it\/atlas\/europe\/southern-europe\/italy\/northeast-italy\/veneto\/\" class=\"ek-link\">Veneto<\/a>. L'intero sistema \u00e8 particolarmente rinomato come una delle zone pi\u00f9 belle delle Alpi ed \u00e8 stato inserito, insieme ad altre parti delle Dolomiti, nella lista dei Patrimoni dell'Umanit\u00e0 dell'UNESCO.<\/p>\n\n\n\n<div class=\"wp-block-columns is-layout-flex wp-container-core-columns-is-layout-9d6595d7 wp-block-columns-is-layout-flex\">\n<div class=\"wp-block-column is-layout-flow wp-block-column-is-layout-flow\" style=\"flex-basis:85%\">\n<p>Indirizzo: Pale di San Martino, 38054 Tonadico TN<br>Coordinate: 46.2335, 11.8833<\/p>\n<\/div>\n\n\n\n<div class=\"wp-block-column is-layout-flow wp-block-column-is-layout-flow\" style=\"flex-basis:15%\">\n<p class=\"has-text-align-right\"><a href=\"https:\/\/goo.gl\/maps\/SDKPikL6kEPEzrEY8\" target=\"_blank\" aria-label=\" (opens in a new tab)\" rel=\"noreferrer noopener\" class=\"ek-link\">Google Maps<\/a><\/p>\n<\/div>\n<\/div>\n\n\n<div class=\"wp-block-ub-divider ub_divider ub-divider-orientation-horizontal\" id=\"ub_divider_0061fce7-1953-4b24-b0f9-ad6ecbe3ddb8\"><div class=\"ub_divider_wrapper\" style=\"position: relative; margin-bottom: 2px; width: 100%; height: 2px; \" data-divider-alignment=\"center\"><div class=\"ub_divider_line\" style=\"border-top: 2px solid #ccc; margin-top: 2px; \"><\/div><\/div><\/div>\n\n\n<h4 class=\"wp-block-heading\" id=\"san-martino-di-castrozza\"><strong><strong><strong>\u272a&nbsp;<\/strong><\/strong>San Martino di Castrozza<\/strong><\/h4>\n\n\n\n<p>San Martino di Castrozza \u00e8 una delle localit\u00e0 sciistiche pi\u00f9 apprezzate del Trentino, data la sua posizione proprio sotto le Pale di San Martino. Il piccolo paese di montagna \u00e8 il punto di partenza per escursioni nelle Dolomiti e ospita numerose piste da sci.<\/p>\n\n\n\n<div class=\"wp-block-columns is-layout-flex wp-container-core-columns-is-layout-9d6595d7 wp-block-columns-is-layout-flex\">\n<div class=\"wp-block-column is-layout-flow wp-block-column-is-layout-flow\" style=\"flex-basis:85%\">\n<p>Indirizzo: Via Passo Rolle, 165, 38054 San Martino di Castrozza TN<br>Coordinate: 46.2621, 11.8020<\/p>\n<\/div>\n\n\n\n<div class=\"wp-block-column is-layout-flow wp-block-column-is-layout-flow\" style=\"flex-basis:15%\">\n<p class=\"has-text-align-right\"><a href=\"https:\/\/goo.gl\/maps\/gggj4SrxovCnZijE8\" target=\"_blank\" aria-label=\" (opens in a new tab)\" rel=\"noreferrer noopener\" class=\"ek-link\">Google Maps<\/a><\/p>\n<\/div>\n<\/div>","protected":false},"excerpt":{"rendered":"<p>&lt;&lt; Trentino-Alto Adige Val di Fiemme, Val di Fassa, and Primiero are three valleys located among the Alps of eastern Trentino. This area is known for its beautiful mountains, and includes some of the most prominent massifs of the Dolomites. Various popular ski resorts are located here, but the many small traditional villages also offer interesting attractions. Val di Fiemme Val di Fiemme is one of the main valleys in Trentino, located among the Dolomites and crossed by the Avisio stream. Since the Middle Ages, the villages of the valley have formed part of the Magnifica Comunit\u00e0 di Fiemme, that governed the area under the rule of other larger powers. Val di Fiemme is now a popular tourist destination, famous for its ski resorts and gorgeous mountains, and it has hosted many winter sports events. The historic capital of the valley is Cavalese, but the largest town is Predazzo. Palazzo della Magnifica Comunit\u00e0 di Fiemme The Palazzo della Magnifica Comunit\u00e0 di Fiemme is the historic seat of the Magnifica Comunit\u00e0 di Fiemme, located in Cavalese. The building was erected in the 13th century, and it has been decorated later with many frescoes that also occupy its facade. Now it serves mainly as a museum and art gallery. Address: Via Scario, 1, 38033 Cavalese TNCoordinates: 46.2915, 11.4594 Google Maps Geological Museum of the Dolomites The Geological Museum of the Dolomites (Museo Geologico delle Dolomiti) is a natural sciences museum in Predazzo, focused on the unique environment of the Dolomites. The museum hosts a large collection of fossils and other findings that showcase the geological history of the surrounding mountains. Address: Piazza SS. Filippo e Giacomo, 1, 38037 Predazzo TNCoordinates: 46.3123, 11.6035 Google Maps Visitor Center of the Paneveggio Pale di San Martino Natural Park This visitor center hosts an exhibition on the environment of the Panaveggio Pale di San Martino Natural Park. The exhibition is especially focused on the flora and fauna of the lush forests of this park. Address: SS50, 11, 38037 Paneveggio TNCoordinates: 46.3088, 11.7463 Google Maps Val di Fassa\/Val de Fascia Val di Fassa (Val de Fascia in Ladin) is a valley in the northeast of Trentino, crossed by the Avisio stream that flows into Val di Fiemme. The valley is surrounded by some of the most prominent mountains of the Dolomites, and so it is a popular toruist destination. Val di Fassa is mostly inhabited by the Ladin community, and the majority of people speak Ladin. The six municipalities of the valley form the Comun General de Fascia, with its capital in San Giovanni di Fassa (S\u00e8n Jan). \u272a&nbsp;Canazei\/Cianac\u00e9i Canazei (Cianac\u00e9i in Ladin) is the main tourist destination of Val di Fassa. It is located near some of the most prominent mountains of the Dolomites, and just under the Marmolada, and so it is the base station for hikes and excursions. Canazei is also an important ski resort and a famous location for mountain sports. The town itself hosts a few historic churches and buildings. Address: Via Roma, 12, 38032 Canazei TNCoordinates: 46.4768, 11.7713 Google Maps Ladin Museum of Fassa The Ladin Museum of Fassa (Museo Ladino di Fassa\/Museo Ladin de Fascia) is an ethnographic museum in Vigo di Fassa (Vich) that hosts exhibitions on the unique Ladin traditions in Val di Fassa. The museum houses various historic objects and also serves as a cultural institution to promote the Ladin culture and language. Address: Str. de S\u00e8n Jan, 9, 38036 S\u00e8n Jan di Fassa, TNCoordinates: 46.4232, 11.6798 Google Maps Primiero Primiero is a valley in Trentino located on the western side of the Pala group of the Dolomites and it houses a few mountain villages. A large portion of the territory is part of the Panaveggio Pale di San Martino Natural Park and it is noted for its wonderful environment. The area also hosts some of the most famous ski resorts in the region and it is a popular tourist destination. The most important town in the valley is Fiera di Primiero, in the municipality of Primiero San Martino di Castrozza. \u272a&nbsp;Pale di San Martino The Pale di San Martino is the largest massif in the Dolomites, stretching along the border between Trentino and Veneto. The entire system is especially renowned as one of the most beautiful areas of the Alps and it has been included, along with other parts of the Dolomites, in the list of UNESCO World Heritage Sites. Address: Pale di San Martino, 38054 Tonadico TNCoordinates: 46.2335, 11.8833 Google Maps \u272a&nbsp;San Martino di Castrozza San Martino di Castrozza is one of the most popular ski resorts in Trentino, due do its position just under the Pale di San Martino. The small mountain village is a starting point for excursions in the Dolomites and it hosts several ski trails. Address: Via Passo Rolle, 165, 38054 San Martino di Castrozza TNCoordinates: 46.2621, 11.8020 Google Maps<\/p>","protected":false},"author":1,"featured_media":0,"parent":932,"menu_order":0,"comment_status":"closed","ping_status":"closed","template":"","meta":{"_editorskit_title_hidden":false,"_editorskit_reading_time":0,"_editorskit_is_block_options_detached":false,"_editorskit_block_options_position":"{}","om_disable_all_campaigns":false,"_uag_custom_page_level_css":"","advgb_blocks_editor_width":"","advgb_blocks_columns_visual_guide":"","_monsterinsights_skip_tracking":false,"_monsterinsights_sitenote_active":false,"_monsterinsights_sitenote_note":"","_monsterinsights_sitenote_category":0,"footnotes":""},"class_list":["post-9325","page","type-page","status-publish","hentry"],"aioseo_notices":[],"featured_image_src":null,"uagb_featured_image_src":{"full":false,"thumbnail":false,"medium":false,"medium_large":false,"large":false,"1536x1536":false,"2048x2048":false,"trp-custom-language-flag":false,"xs-thumb":false,"post-thumbnail":false,"minimalistblogger-grid":false,"minimalistblogger-slider":false,"minimalistblogger-small":false},"uagb_author_info":{"display_name":"Stefano Cammisa","author_link":"https:\/\/www.cosmundus.com\/it\/author\/stefano-cammisa\/"},"uagb_comment_info":0,"uagb_excerpt":"&lt;&lt; Trentino-Alto Adige Val di Fiemme, Val di Fassa, and Primiero are three valleys located among the Alps of eastern Trentino. This area is known for its beautiful mountains, and includes some of the most prominent massifs of the Dolomites. Various popular ski resorts are located here, but the many small traditional villages also offer&hellip;","coauthors":[],"author_meta":{"author_link":"https:\/\/www.cosmundus.com\/it\/author\/stefano-cammisa\/","display_name":"Stefano Cammisa"},"relative_dates":{"created":"Pubblicato 2 anni fa","modified":"Aggiornato 2 anni fa"},"absolute_dates":{"created":"Pubblicato il 26 Febbraio 2024","modified":"Aggiornato il 26 Febbraio 2024"},"absolute_dates_time":{"created":"Pubblicato il 26 Febbraio 2024 11:00 am","modified":"Aggiornato il 26 Febbraio 2024 11:02 am"},"featured_img_caption":"","featured_img":false,"series_order":"","_links":{"self":[{"href":"https:\/\/www.cosmundus.com\/it\/wp-json\/wp\/v2\/pages\/9325","targetHints":{"allow":["GET"]}}],"collection":[{"href":"https:\/\/www.cosmundus.com\/it\/wp-json\/wp\/v2\/pages"}],"about":[{"href":"https:\/\/www.cosmundus.com\/it\/wp-json\/wp\/v2\/types\/page"}],"author":[{"embeddable":true,"href":"https:\/\/www.cosmundus.com\/it\/wp-json\/wp\/v2\/users\/1"}],"replies":[{"embeddable":true,"href":"https:\/\/www.cosmundus.com\/it\/wp-json\/wp\/v2\/comments?post=9325"}],"version-history":[{"count":4,"href":"https:\/\/www.cosmundus.com\/it\/wp-json\/wp\/v2\/pages\/9325\/revisions"}],"predecessor-version":[{"id":9338,"href":"https:\/\/www.cosmundus.com\/it\/wp-json\/wp\/v2\/pages\/9325\/revisions\/9338"}],"up":[{"embeddable":true,"href":"https:\/\/www.cosmundus.com\/it\/wp-json\/wp\/v2\/pages\/932"}],"wp:attachment":[{"href":"https:\/\/www.cosmundus.com\/it\/wp-json\/wp\/v2\/media?parent=9325"}],"curies":[{"name":"wp","href":"https:\/\/api.w.org\/{rel}","templated":true}]}}