{"id":9260,"date":"2024-02-25T10:50:39","date_gmt":"2024-02-25T09:50:39","guid":{"rendered":"https:\/\/www.cosmundus.com\/?page_id=9260"},"modified":"2024-02-25T10:50:40","modified_gmt":"2024-02-25T09:50:40","slug":"karst-and-trieste-coast","status":"publish","type":"page","link":"https:\/\/www.cosmundus.com\/it\/destinations\/karst-and-trieste-coast\/","title":{"rendered":"Carso e Costa Triestina"},"content":{"rendered":"<p class=\"has-text-align-right\">&lt;&lt;&nbsp;<a href=\"https:\/\/www.cosmundus.com\/it\/atlas\/europe\/southern-europe\/italy\/northeast-italy\/friuli-venezia-giulia\/\">Friuli Venezia Giulia<\/a><\/p>\n\n\n\n<p class=\"translation-block\">La Provincia di <a href=\"https:\/\/www.cosmundus.com\/it\/destinations\/trieste\/\" class=\"ek-link\" target=\"_self\">Trieste<\/a> forma una stretta striscia di terra lungo la costa adriatica. La maggior parte di questo territorio fa parte del Carso, una regione montuosa che si estende fino alla Slovenia. La costa frastagliata a nord di Trieste \u00e8 caratterizzata da alte scogliere dove il Carso incontra il mare. Invece Muggia, situata a sud di Trieste, si trova all'estremit\u00e0 settentrionale della penisola istriana, ora in gran parte in Slovenia e Croazia.<\/p>\n\n\n\n<div class=\"wp-block-group\"><div class=\"wp-block-group__inner-container is-layout-constrained wp-block-group-is-layout-constrained\"><div style=\"border: 1px solid #8ed1fc; border-radius: 0%; background-color: inherit; \" class=\"ub-styled-box ub-bordered-box wp-block-ub-styled-box\" id=\"ub-styled-box-27e64b86-b872-4ce3-9a8d-23a268c71909\">\n<p class=\"has-medium-font-size\" id=\"ub-styled-box-bordered-content-d037fc36-7fa8-4cb4-8180-e74abb8f0c6b\">Posti da vedere nel Carso e sulla Costa Triestina<\/p>\n\n\n<div class=\"wp-block-aioseo-table-of-contents\"><ul><li><a class=\"aioseo-toc-item\" href=\"#muggia\">Muggia<\/a><ul><li><a class=\"aioseo-toc-item\" href=\"#duomo-of-muggia\">Duomo di Muggia<\/a><\/li><\/ul><\/li><li><a class=\"aioseo-toc-item\" href=\"#sgonico\">Sgonico\/Zgonik<\/a><ul><li><a class=\"aioseo-toc-item\" href=\"#grotta-gigante\">\u272a Grotta Gigante<\/a><\/li><\/ul><\/li><li><a class=\"aioseo-toc-item\" href=\"#duino\">Duino\/Devin<\/a><ul><li><a class=\"aioseo-toc-item\" href=\"#duino-castle\">Castello di Duino<\/a><\/li><li><a class=\"aioseo-toc-item\" href=\"#falesie-di-duino-nature-reserve\">Riserva Naturale delle Falesie di Duino<\/a><\/li><\/ul><\/li><\/ul><\/div>\n\n<\/div><\/div><\/div>\n\n\n\n<h2 class=\"wp-block-heading\" id=\"muggia\"><strong>Muggia<\/strong><\/h2>\n\n\n\n<p>Muggia \u00e8 una citt\u00e0 sulla costa a sud di Trieste, al confine con la Slovenia. Fu un villaggio preistorico e una citt\u00e0 romana, e si svilupp\u00f2 soprattutto durante la dominazione veneziana e austriaca. L'influenza di queste due culture \u00e8 visibile ancora oggi in molti edifici di Muggia.<\/p>\n\n\n<div class=\"wp-block-ub-divider ub_divider ub-divider-orientation-horizontal\" id=\"ub_divider_de88338a-e7dd-4913-b06e-d014f5d43f42\"><div class=\"ub_divider_wrapper\" style=\"position: relative; margin-bottom: 2px; width: 100%; height: 2px; \" data-divider-alignment=\"center\"><div class=\"ub_divider_line\" style=\"border-top: 2px solid #ccc; margin-top: 2px; \"><\/div><\/div><\/div>\n\n\n<h4 class=\"wp-block-heading\" id=\"duomo-of-muggia\"><strong>Duomo di Muggia<\/strong><\/h4>\n\n\n\n<p>Il Duomo \u00e8 il principale edificio religioso di Muggia, situato nella piazza principale del paese. Fu costruita originariamente come chiesa romanica nel tredicesimo secolo, ma la facciata, mirabile esempio di architettura gotica veneziana, fu aggiunta successivamente, nel quindicesimo secolo.<\/p>\n\n\n\n<div class=\"wp-block-columns is-layout-flex wp-container-core-columns-is-layout-9d6595d7 wp-block-columns-is-layout-flex\">\n<div class=\"wp-block-column is-layout-flow wp-block-column-is-layout-flow\" style=\"flex-basis:85%\">\n<p>Indirizzo: Calle Farra Luca, 1, 34015 Muggia TS<br>Coordinate: 45.6042, 13.7678<\/p>\n<\/div>\n\n\n\n<div class=\"wp-block-column is-layout-flow wp-block-column-is-layout-flow\" style=\"flex-basis:15%\">\n<p class=\"has-text-align-right\"><a href=\"https:\/\/goo.gl\/maps\/39WsEomftj1rk4fF6\" target=\"_blank\" aria-label=\" (opens in a new tab)\" rel=\"noreferrer noopener\" class=\"ek-link\">Google Maps<\/a><\/p>\n<\/div>\n<\/div>\n\n\n<div style=\"margin-top: var(--wp--preset--spacing--40); margin-bottom: var(--wp--preset--spacing--40); \" class=\"wp-block-ub-divider ub_divider ub-divider-orientation-horizontal\" id=\"ub_divider_73d8e1da-3e3f-4388-a990-b4e84e50473f\"><div class=\"ub_divider_wrapper\" style=\"position: relative; margin-bottom: 10px; width: 100%; height: 10px; \" data-divider-alignment=\"center\"><div class=\"ub_divider_line\" style=\"border-top: 2px solid #000000; margin-top: 10px; \"><\/div><\/div><\/div>\n\n\n<h2 class=\"wp-block-heading\" id=\"sgonico\"><strong>Sgonico\/Zgonik<\/strong><\/h2>\n\n\n\n<p>Sgonico (Zgonik in sloveno) \u00e8 un piccolo paese nel Carso vicino a Trieste e il suo comune comprende diversi villaggi della zona. \u00c8 uno dei pochi comuni italiani a maggioranza slovena.<\/p>\n\n\n<div class=\"wp-block-ub-divider ub_divider ub-divider-orientation-horizontal\" id=\"ub_divider_4af8ecaa-be4e-492d-bd32-a8f74a75dc5e\"><div class=\"ub_divider_wrapper\" style=\"position: relative; margin-bottom: 2px; width: 100%; height: 2px; \" data-divider-alignment=\"center\"><div class=\"ub_divider_line\" style=\"border-top: 2px solid #ccc; margin-top: 2px; \"><\/div><\/div><\/div>\n\n\n<h4 class=\"wp-block-heading\" id=\"grotta-gigante\"><strong>\u272a Grotta Gigante<\/strong><\/h4>\n\n\n\n<p>La Grotta Gigante \u00e8 un enorme sistema di grotte situato nei pressi di Sgonico, appena fuori da Trieste. \u00c8 una delle pi\u00f9 grandi grotte aperte ai turisti al mondo e presenta un'ampia apertura e molte spettacolari formazioni rocciose. All'interno della grotta si trovano due lunghi pendoli utilizzati per misurare i movimenti della Terra.<\/p>\n\n\n\n<div class=\"wp-block-columns is-layout-flex wp-container-core-columns-is-layout-9d6595d7 wp-block-columns-is-layout-flex\">\n<div class=\"wp-block-column is-layout-flow wp-block-column-is-layout-flow\" style=\"flex-basis:85%\">\n<p>Indirizzo: Borgo Grotta Gigante, 42 \/ A, 34010 Sgonico TS<br>Coordinate: 45.7096, 13.7645<\/p>\n<\/div>\n\n\n\n<div class=\"wp-block-column is-layout-flow wp-block-column-is-layout-flow\" style=\"flex-basis:15%\">\n<p class=\"has-text-align-right\"><a href=\"https:\/\/goo.gl\/maps\/QmYisaokYDAnobh6A\" target=\"_blank\" aria-label=\" (opens in a new tab)\" rel=\"noreferrer noopener\" class=\"ek-link\">Google Maps<\/a><\/p>\n<\/div>\n<\/div>\n\n\n<div style=\"margin-top: var(--wp--preset--spacing--40); margin-bottom: var(--wp--preset--spacing--40); \" class=\"wp-block-ub-divider ub_divider ub-divider-orientation-horizontal\" id=\"ub_divider_391c85a7-d773-4876-8fa0-030c7f90eeb0\"><div class=\"ub_divider_wrapper\" style=\"position: relative; margin-bottom: 10px; width: 100%; height: 10px; \" data-divider-alignment=\"center\"><div class=\"ub_divider_line\" style=\"border-top: 2px solid #000000; margin-top: 10px; \"><\/div><\/div><\/div>\n\n\n<h2 class=\"wp-block-heading\" id=\"duino\"><strong>Duino\/Devin<\/strong><\/h2>\n\n\n\n<p>Duino (Devin in sloveno) \u00e8 una localit\u00e0 costiera in Provincia di Trieste, e parte del comune di Duino-Aurisina. Essendo sulla strada tra <a href=\"https:\/\/www.cosmundus.com\/it\/destinations\/gorizia-bisiacaria-and-grado\/#monfalcone\" class=\"ek-link\">Monfalcone<\/a> e Trieste, la sua storia \u00e8 da sempre legata a queste due citt\u00e0. \u00c8 nota per il suo bellissimo paesaggio con alte scogliere a picco sul mare.<\/p>\n\n\n<div class=\"wp-block-ub-divider ub_divider ub-divider-orientation-horizontal\" id=\"ub_divider_329c18ee-e4b5-4507-aa74-016cf40caa35\"><div class=\"ub_divider_wrapper\" style=\"position: relative; margin-bottom: 2px; width: 100%; height: 2px; \" data-divider-alignment=\"center\"><div class=\"ub_divider_line\" style=\"border-top: 2px solid #ccc; margin-top: 2px; \"><\/div><\/div><\/div>\n\n\n<h4 class=\"wp-block-heading\" id=\"duino-castle\"><strong>Castello di Duino<\/strong><\/h4>\n\n\n\n<p class=\"translation-block\">Il Castello di Duino \u00e8 una fortificazione a picco sul Golfo di Trieste. Fu costruito nel quattordicesimo secolo, ed \u00e8 sempre stato la residenza di famiglie nobili. Durante il suo soggiorno qui nel 1911 e 1912, il poeta boemo-austriaco Rainer Maria Rilke inizi\u00f2 a scrivere la sua opera pi\u00f9 famosa, le <em>Elegie duinesi<\/em>. Ora \u00e8 aperto al pubblico e ospita un museo. Su una vicina rupe si trovano i ruderi di una precedente fortificazione nota come <strong>Castello Vecchio<\/strong>.<\/p>\n\n\n\n<div class=\"wp-block-columns is-layout-flex wp-container-core-columns-is-layout-9d6595d7 wp-block-columns-is-layout-flex\">\n<div class=\"wp-block-column is-layout-flow wp-block-column-is-layout-flow\" style=\"flex-basis:85%\">\n<p>Indirizzo: Frazione Duino, 32, 34011 Duino Aurisina-Devin Nabre\u017eina TS<br>Coordinate: 45.7719, 13.6039<\/p>\n<\/div>\n\n\n\n<div class=\"wp-block-column is-layout-flow wp-block-column-is-layout-flow\" style=\"flex-basis:15%\">\n<p class=\"has-text-align-right\"><a href=\"https:\/\/goo.gl\/maps\/ushY2XhtfQFCAdZb9\" target=\"_blank\" aria-label=\" (opens in a new tab)\" rel=\"noreferrer noopener\" class=\"ek-link\">Google Maps<\/a><\/p>\n<\/div>\n<\/div>\n\n\n<div class=\"wp-block-ub-divider ub_divider ub-divider-orientation-horizontal\" id=\"ub_divider_737e8d37-0b61-4638-a632-346715cad026\"><div class=\"ub_divider_wrapper\" style=\"position: relative; margin-bottom: 2px; width: 100%; height: 2px; \" data-divider-alignment=\"center\"><div class=\"ub_divider_line\" style=\"border-top: 2px solid #ccc; margin-top: 2px; \"><\/div><\/div><\/div>\n\n\n<h4 class=\"wp-block-heading\" id=\"falesie-di-duino-nature-reserve\"><strong>Riserva Naturale delle Falesie di Duino<\/strong><\/h4>\n\n\n\n<p class=\"translation-block\">Le scogliere che formano la costa tra i comuni di Duino e Sistiana fanno parte di una riserva naturale. In questo parco si snoda il <strong>Sentiero Rilke<\/strong>, un percorso panoramico con una vista spettacolare sul Golfo di Trieste, intitolato al poeta Rainer Maria Rilke, che soggiorn\u00f2 nel Castello di Duino tra il 1911 e il 1912.<\/p>\n\n\n\n<div class=\"wp-block-columns is-layout-flex wp-container-core-columns-is-layout-9d6595d7 wp-block-columns-is-layout-flex\">\n<div class=\"wp-block-column is-layout-flow wp-block-column-is-layout-flow\" style=\"flex-basis:85%\">\n<p>Indirizzo: Riserva naturale regionale delle Falesie di Duino, 34011 Duino TS<br>Coordinate: 45.7720, 13.6135<\/p>\n<\/div>\n\n\n\n<div class=\"wp-block-column is-layout-flow wp-block-column-is-layout-flow\" style=\"flex-basis:15%\">\n<p class=\"has-text-align-right\"><a href=\"https:\/\/goo.gl\/maps\/Scs197JTnqksmgUx6\" target=\"_blank\" aria-label=\" (opens in a new tab)\" rel=\"noreferrer noopener\" class=\"ek-link\">Google Maps<\/a><\/p>\n<\/div>\n<\/div>","protected":false},"excerpt":{"rendered":"<p>&lt;&lt;&nbsp;Friuli Venezia Giulia The Province of Trieste forms a narrow strip of land along the Adriatic coast. Most of this territory is part of the Karst Plateau, a mountainous region that stretches into Slovenia. The rugged coast north of Trieste features tall cliffs where the Karst meets the sea. Meanwhile Muggia, located south of Trieste, is at the northern end of the Istria peninsula, now mostly part of Slovenia and Croatia. Muggia Muggia is a town located along the coast south of Trieste, at the border with Slovenia. It was a prehistoric village and a Roman town, and it developed especially during the Venetian and Austrian rule. The influence of these two cultures can be still seen today in many buildings of Muggia. Duomo of Muggia The Duomo is the main religious building in Muggia, located in the main square of the town. It was built originally as a Romanesque church in the 13th century, but the facade, a wonderful example of Venetian Gothic architecture, was added later, in the 15th century. Address: Calle Farra Luca, 1, 34015 Muggia TSCoordinates: 45.6042, 13.7678 Google Maps Sgonico\/Zgonik Sgonico (Zgonik in Slovene) is a small town in the Karst near Trieste and its municipality includes various villages in the area. It is one of the few Italian municipalities with a majority Slovene population. \u272a Grotta Gigante Grotta Gigante (&#8220;Giant Cave&#8221;) is a huge cave system located near Sgonico, just outside Trieste. It is one of the largest caves open to tourists in the world, and it features a wide hall and many spectacular rock formations. Two long pendulums used to measure the Earth&#8217;s movements are located inside the cave. Address: Borgo Grotta Gigante, 42 \/ A, 34010 Sgonico TSCoordinates: 45.7096, 13.7645 Google Maps Duino\/Devin Duino (Devin in Slovene) is a seaside town in the Province of Trieste, and part of the municipality of Duino-Aurisina. Being on the road between Monfalcone and Trieste, its history has always been linked with these two cities. It is noted for its beautiful environment with tall cliffs overlooking the sea. Duino Castle The Duino Castle is a cliffside fortification overlooking the Gulf of Trieste. It was built in the 14th-century, and it has always been the residence of noble families. While staying here in 1911 and 1912, Bohemian-Austrian poet Rainer Maria Rilke started writing his most famous work, the Duino Elegies. Now it is open to the public and it hosts a museum. On a nearby cliff there are the ruins of a previous fortification known as Old Castle. Address: Frazione Duino, 32, 34011 Duino Aurisina-Devin Nabre\u017eina TSCoordinates: 45.7719, 13.6039 Google Maps Falesie di Duino Nature Reserve The cliffs that form the coast between the towns of Duino and Sistiana are part of a nature reserve (Riserva Naturale delle Falesie di Duino). Running through this park is the Rilke Path, a scenic footpath with spectacular views over the Gulf of Trieste, and named after poet Rainer Maria Rilke, who stayed in the Duino Castle between 1911 and 1912. Address: Riserva naturale regionale delle Falesie di Duino, 34011 Duino TSCoordinates: 45.7720, 13.6135 Google Maps<\/p>","protected":false},"author":1,"featured_media":0,"parent":932,"menu_order":0,"comment_status":"closed","ping_status":"closed","template":"","meta":{"_editorskit_title_hidden":false,"_editorskit_reading_time":0,"_editorskit_is_block_options_detached":false,"_editorskit_block_options_position":"{}","om_disable_all_campaigns":false,"_uag_custom_page_level_css":"","advgb_blocks_editor_width":"","advgb_blocks_columns_visual_guide":"","_monsterinsights_skip_tracking":false,"_monsterinsights_sitenote_active":false,"_monsterinsights_sitenote_note":"","_monsterinsights_sitenote_category":0,"footnotes":""},"class_list":["post-9260","page","type-page","status-publish","hentry"],"aioseo_notices":[],"featured_image_src":null,"uagb_featured_image_src":{"full":false,"thumbnail":false,"medium":false,"medium_large":false,"large":false,"1536x1536":false,"2048x2048":false,"trp-custom-language-flag":false,"xs-thumb":false,"post-thumbnail":false,"minimalistblogger-grid":false,"minimalistblogger-slider":false,"minimalistblogger-small":false},"uagb_author_info":{"display_name":"Stefano Cammisa","author_link":"https:\/\/www.cosmundus.com\/it\/author\/stefano-cammisa\/"},"uagb_comment_info":0,"uagb_excerpt":"&lt;&lt;&nbsp;Friuli Venezia Giulia The Province of Trieste forms a narrow strip of land along the Adriatic coast. Most of this territory is part of the Karst Plateau, a mountainous region that stretches into Slovenia. The rugged coast north of Trieste features tall cliffs where the Karst meets the sea. Meanwhile Muggia, located south of Trieste,&hellip;","coauthors":[],"author_meta":{"author_link":"https:\/\/www.cosmundus.com\/it\/author\/stefano-cammisa\/","display_name":"Stefano Cammisa"},"relative_dates":{"created":"Pubblicato 2 anni fa","modified":"Aggiornato 2 anni fa"},"absolute_dates":{"created":"Pubblicato il 25 Febbraio 2024","modified":"Aggiornato il 25 Febbraio 2024"},"absolute_dates_time":{"created":"Pubblicato il 25 Febbraio 2024 10:50 am","modified":"Aggiornato il 25 Febbraio 2024 10:50 am"},"featured_img_caption":"","featured_img":false,"series_order":"","_links":{"self":[{"href":"https:\/\/www.cosmundus.com\/it\/wp-json\/wp\/v2\/pages\/9260","targetHints":{"allow":["GET"]}}],"collection":[{"href":"https:\/\/www.cosmundus.com\/it\/wp-json\/wp\/v2\/pages"}],"about":[{"href":"https:\/\/www.cosmundus.com\/it\/wp-json\/wp\/v2\/types\/page"}],"author":[{"embeddable":true,"href":"https:\/\/www.cosmundus.com\/it\/wp-json\/wp\/v2\/users\/1"}],"replies":[{"embeddable":true,"href":"https:\/\/www.cosmundus.com\/it\/wp-json\/wp\/v2\/comments?post=9260"}],"version-history":[{"count":3,"href":"https:\/\/www.cosmundus.com\/it\/wp-json\/wp\/v2\/pages\/9260\/revisions"}],"predecessor-version":[{"id":9274,"href":"https:\/\/www.cosmundus.com\/it\/wp-json\/wp\/v2\/pages\/9260\/revisions\/9274"}],"up":[{"embeddable":true,"href":"https:\/\/www.cosmundus.com\/it\/wp-json\/wp\/v2\/pages\/932"}],"wp:attachment":[{"href":"https:\/\/www.cosmundus.com\/it\/wp-json\/wp\/v2\/media?parent=9260"}],"curies":[{"name":"wp","href":"https:\/\/api.w.org\/{rel}","templated":true}]}}