{"id":924,"date":"2024-10-07T10:50:58","date_gmt":"2024-10-07T08:50:58","guid":{"rendered":"https:\/\/www.cosmundus.com\/?page_id=924"},"modified":"2024-10-07T10:50:58","modified_gmt":"2024-10-07T08:50:58","slug":"sardinia","status":"publish","type":"page","link":"https:\/\/www.cosmundus.com\/it\/atlas\/europe\/southern-europe\/italy\/insular-italy\/sardinia\/","title":{"rendered":"Sardegna"},"content":{"rendered":"<p class=\"has-text-align-right\">&lt;&lt; <a href=\"https:\/\/www.cosmundus.com\/it\/atlas\/europe\/southern-europe\/italy\/insular-italy\/\" class=\"ek-link\">Italia Insulare<\/a><\/p>\n\n\n\n<p class=\"translation-block\">La Sardegna \u00e8 la seconda isola pi\u00f9 grande del Mar Mediterraneo, dopo la <a href=\"https:\/\/www.cosmundus.com\/it\/atlas\/europe\/southern-europe\/italy\/insular-italy\/sicily\/\" class=\"ek-link\" target=\"_self\">Sicilia<\/a>, e una regione d'Italia. Abitata per la prima volta in epoca preistorica, la Sardegna era un tempo la patria della civilt\u00e0 nuragica, che costru\u00ec migliaia di strutture megalitiche note come nuraghi in tutta l'isola. La Sardegna fu poi colonizzata dai Fenici e dai Cartaginesi, prima di essere presa dai Romani nel terzo secolo a.C.. Dopo la caduta dell'Impero Romano d'Occidente, la Sardegna fu governata dai Vandali e fece poi parte dell'Impero Bizantino fino all'undicesimo secolo. L'isola fu poi divisa tra quattro regni noti come Giudicati: il Giudicato di Cagliari, il Giudicato di Arborea, il Giudicato di Gallura e il Giudicato di Torres. Dopo una serie di guerre che coinvolsero anche le repubbliche marinare di <a href=\"https:\/\/www.cosmundus.com\/it\/destinations\/genoa\/\" class=\"ek-link\" target=\"_self\">Genova<\/a> e <a href=\"https:\/\/www.cosmundus.com\/it\/destinations\/pisa\/\" class=\"ek-link\" target=\"_self\">Pisa<\/a>, l'intera isola cadde sotto il controllo degli Aragonesi, come Regno di Sardegna. L'isola rimase sotto il dominio spagnolo fino al diciottesimo secolo e, dopo una breve occupazione austriaca, pass\u00f2 ai Savoia. Regno di Sardegna divenne il nome di tutti i possedimenti dei Savoia e questo stato guid\u00f2 le guerre di unificazione italiana, quindi la Sardegna divenne parte dell'Italia. La Sardegna \u00e8 oggi un'importante destinazione turistica grazie alle sue numerose e bellissime spiagge con acque limpide e al suo ambiente incontaminato, ma anche per i suoi siti archeologici. La Sardegna \u00e8 anche nota per la sua cultura e lingua uniche.<\/p>\n\n\n\n<h3 class=\"wp-block-heading\">Destinazioni in Sardegna<\/h3>\n\n\n<div class=\"wp-block-ub-content-toggle wp-block-ub-content-toggle-block\" id=\"ub-content-toggle-block-dcc72d9e-f9b2-4b1c-a18c-ea94360982af\" data-mobilecollapse=\"true\" data-desktopcollapse=\"true\" data-preventcollapse=\"false\" data-showonlyone=\"false\">\n<div class=\"wp-block-ub-content-toggle-accordion\" style=\"border-color: #f1f1f1; \" id=\"ub-content-toggle-panel-block-82fd376e-6ad7-4e63-9909-3c53e5e4bbcd\">\n\t\t\t<div class=\"wp-block-ub-content-toggle-accordion-title-wrap\" style=\"background-color: #f1f1f1;\" aria-controls=\"ub-content-toggle-panel-0-dcc72d9e-f9b2-4b1c-a18c-ea94360982af\" tabindex=\"0\">\n\t\t\t<p class=\"wp-block-ub-content-toggle-accordion-title ub-content-toggle-title-dcc72d9e-f9b2-4b1c-a18c-ea94360982af\" style=\"color: #000000; \">Citt\u00e0 Metropolitana di Cagliari<\/p>\n\t\t\t<div class=\"wp-block-ub-content-toggle-accordion-toggle-wrap right\" style=\"color: #000000;\"><span class=\"wp-block-ub-content-toggle-accordion-state-indicator wp-block-ub-chevron-down\"><\/span><\/div>\n\t\t<\/div>\n\t\t\t<div role=\"region\" aria-expanded=\"false\" class=\"wp-block-ub-content-toggle-accordion-content-wrap ub-hide\" id=\"ub-content-toggle-panel-0-dcc72d9e-f9b2-4b1c-a18c-ea94360982af\">\n\n<ul class=\"wp-block-list\">\n<li><a href=\"https:\/\/www.cosmundus.com\/it\/destinations\/cagliari\/\" class=\"ek-link\">Cagliari<\/a><\/li>\n\n\n\n<li><a href=\"https:\/\/www.cosmundus.com\/it\/destinations\/southern-sardinia\/\" class=\"ek-link\">Sardegna Meridionale<\/a>\n<ul class=\"wp-block-list\">\n<li><a href=\"https:\/\/www.cosmundus.com\/it\/destinations\/southern-sardinia\/#quartucciu\" class=\"ek-link\">Quartucciu<\/a><\/li>\n\n\n\n<li><a href=\"https:\/\/www.cosmundus.com\/it\/destinations\/southern-sardinia\/#uta\" class=\"ek-link\">Uta<\/a><\/li>\n\n\n\n<li><a href=\"https:\/\/www.cosmundus.com\/it\/destinations\/southern-sardinia\/#sarroch\" class=\"ek-link\">Sarroch<\/a><\/li>\n\n\n\n<li><a href=\"https:\/\/www.cosmundus.com\/it\/destinations\/southern-sardinia\/#pula\" class=\"ek-link\">Pula<\/a><\/li>\n<\/ul>\n<\/li>\n<\/ul>\n\n<\/div>\n\t\t<\/div>\n\n<div class=\"wp-block-ub-content-toggle-accordion\" style=\"border-color: #f1f1f1; \" id=\"ub-content-toggle-panel-block-f0a85b88-940b-4de5-8de0-4f245110fb4a\">\n\t\t\t<div class=\"wp-block-ub-content-toggle-accordion-title-wrap\" style=\"background-color: #f1f1f1;\" aria-controls=\"ub-content-toggle-panel-1-dcc72d9e-f9b2-4b1c-a18c-ea94360982af\" tabindex=\"0\">\n\t\t\t<p class=\"wp-block-ub-content-toggle-accordion-title ub-content-toggle-title-dcc72d9e-f9b2-4b1c-a18c-ea94360982af\" style=\"color: #000000; \">Provincia di Nuoro<\/p>\n\t\t\t<div class=\"wp-block-ub-content-toggle-accordion-toggle-wrap right\" style=\"color: #000000;\"><span class=\"wp-block-ub-content-toggle-accordion-state-indicator wp-block-ub-chevron-down\"><\/span><\/div>\n\t\t<\/div>\n\t\t\t<div role=\"region\" aria-expanded=\"false\" class=\"wp-block-ub-content-toggle-accordion-content-wrap ub-hide\" id=\"ub-content-toggle-panel-1-dcc72d9e-f9b2-4b1c-a18c-ea94360982af\">\n\n<ul class=\"wp-block-list\">\n<li><a href=\"https:\/\/www.cosmundus.com\/it\/destinations\/nuorese\/\" class=\"ek-link\">Nuorese<\/a>\n<ul class=\"wp-block-list\">\n<li><a href=\"https:\/\/www.cosmundus.com\/it\/destinations\/nuorese\/#nuoro\" class=\"ek-link\">Nuoro<\/a><\/li>\n\n\n\n<li><a href=\"https:\/\/www.cosmundus.com\/it\/destinations\/nuorese\/#oliena\" class=\"ek-link\">Oliena<\/a><\/li>\n\n\n\n<li><a href=\"https:\/\/www.cosmundus.com\/it\/destinations\/nuorese\/#dorgali\" class=\"ek-link\">Dorgali<\/a><\/li>\n\n\n\n<li><a href=\"https:\/\/www.cosmundus.com\/it\/destinations\/nuorese\/#orosei\" class=\"ek-link\">Orosei<\/a><\/li>\n\n\n\n<li><a href=\"https:\/\/www.cosmundus.com\/it\/destinations\/nuorese\/#orune\" class=\"ek-link\">Orune<\/a><\/li>\n\n\n\n<li><a href=\"https:\/\/www.cosmundus.com\/it\/destinations\/nuorese\/#bitti\" class=\"ek-link\">Bitti<\/a><\/li>\n\n\n\n<li><a href=\"https:\/\/www.cosmundus.com\/it\/destinations\/nuorese\/#orani\" class=\"ek-link\">Orani<\/a><\/li>\n\n\n\n<li><a href=\"https:\/\/www.cosmundus.com\/it\/destinations\/nuorese\/#atzara\" class=\"ek-link\">Atzara<\/a><\/li>\n<\/ul>\n<\/li>\n\n\n\n<li><a href=\"https:\/\/www.cosmundus.com\/it\/destinations\/ogliastra\/\" class=\"ek-link\">Ogliastra<\/a>\n<ul class=\"wp-block-list\">\n<li><a href=\"https:\/\/www.cosmundus.com\/it\/destinations\/ogliastra\/#tortoli\" class=\"ek-link\">Tortol\u00ec<\/a><\/li>\n\n\n\n<li><a href=\"https:\/\/www.cosmundus.com\/it\/destinations\/ogliastra\/#lanusei\" class=\"ek-link\">Lanusei<\/a><\/li>\n\n\n\n<li><a href=\"https:\/\/www.cosmundus.com\/it\/destinations\/ogliastra\/#ulassai\" class=\"ek-link\">Ulassai<\/a><\/li>\n\n\n\n<li><a href=\"https:\/\/www.cosmundus.com\/it\/destinations\/ogliastra\/#urzulei\" class=\"ek-link\">Urzulei<\/a><\/li>\n<\/ul>\n<\/li>\n<\/ul>\n\n<\/div>\n\t\t<\/div>\n\n<div class=\"wp-block-ub-content-toggle-accordion\" style=\"border-color: #f1f1f1; \" id=\"ub-content-toggle-panel-block-0beaa834-ae3e-46fc-b81e-457910c23965\">\n\t\t\t<div class=\"wp-block-ub-content-toggle-accordion-title-wrap\" style=\"background-color: #f1f1f1;\" aria-controls=\"ub-content-toggle-panel-2-dcc72d9e-f9b2-4b1c-a18c-ea94360982af\" tabindex=\"0\">\n\t\t\t<p class=\"wp-block-ub-content-toggle-accordion-title ub-content-toggle-title-dcc72d9e-f9b2-4b1c-a18c-ea94360982af\" style=\"color: #000000; \">Provincia di Oristano<\/p>\n\t\t\t<div class=\"wp-block-ub-content-toggle-accordion-toggle-wrap right\" style=\"color: #000000;\"><span class=\"wp-block-ub-content-toggle-accordion-state-indicator wp-block-ub-chevron-down\"><\/span><\/div>\n\t\t<\/div>\n\t\t\t<div role=\"region\" aria-expanded=\"false\" class=\"wp-block-ub-content-toggle-accordion-content-wrap ub-hide\" id=\"ub-content-toggle-panel-2-dcc72d9e-f9b2-4b1c-a18c-ea94360982af\">\n\n<ul class=\"wp-block-list\">\n<li><a href=\"https:\/\/www.cosmundus.com\/it\/destinations\/oristanese\/\" class=\"ek-link\">Oristanese<\/a>\n<ul class=\"wp-block-list\">\n<li><a href=\"https:\/\/www.cosmundus.com\/it\/destinations\/oristanese\/#oristano\" class=\"ek-link\">Oristano<\/a><\/li>\n\n\n\n<li><a href=\"https:\/\/www.cosmundus.com\/it\/destinations\/oristanese\/#santa-giusta\" class=\"ek-link\">Santa Giusta<\/a><\/li>\n\n\n\n<li><a href=\"https:\/\/www.cosmundus.com\/it\/destinations\/oristanese\/#cabras\" class=\"ek-link\">Cabras<\/a><\/li>\n\n\n\n<li><a href=\"https:\/\/www.cosmundus.com\/it\/destinations\/oristanese\/#laconi\" class=\"ek-link\">Laconi<\/a><\/li>\n\n\n\n<li><a href=\"https:\/\/www.cosmundus.com\/it\/destinations\/oristanese\/#fordongianus\" class=\"ek-link\">Fordongianus<\/a><\/li>\n\n\n\n<li><a href=\"https:\/\/www.cosmundus.com\/it\/destinations\/oristanese\/#paulilatino\" class=\"ek-link\">Paulilatino<\/a><\/li>\n\n\n\n<li><a href=\"https:\/\/www.cosmundus.com\/it\/destinations\/oristanese\/#abbasanta\" class=\"ek-link\">Abbasanta<\/a><\/li>\n\n\n\n<li><a href=\"https:\/\/www.cosmundus.com\/it\/destinations\/oristanese\/#ghilarza\" class=\"ek-link\">Ghilarza<\/a><\/li>\n\n\n\n<li><a href=\"https:\/\/www.cosmundus.com\/it\/destinations\/oristanese\/#sedilo\" class=\"ek-link\">Sedilo<\/a><\/li>\n\n\n\n<li><a href=\"https:\/\/www.cosmundus.com\/it\/destinations\/oristanese\/#bosa\" class=\"ek-link\">Bosa<\/a><\/li>\n<\/ul>\n<\/li>\n<\/ul>\n\n<\/div>\n\t\t<\/div>\n\n<div class=\"wp-block-ub-content-toggle-accordion\" style=\"border-color: #f1f1f1; \" id=\"ub-content-toggle-panel-block-783b7409-f56f-4b73-b7d3-dd35e6fc9bd6\">\n\t\t\t<div class=\"wp-block-ub-content-toggle-accordion-title-wrap\" style=\"background-color: #f1f1f1;\" aria-controls=\"ub-content-toggle-panel-3-dcc72d9e-f9b2-4b1c-a18c-ea94360982af\" tabindex=\"0\">\n\t\t\t<p class=\"wp-block-ub-content-toggle-accordion-title ub-content-toggle-title-dcc72d9e-f9b2-4b1c-a18c-ea94360982af\" style=\"color: #000000; \">Provincia di Sassari<\/p>\n\t\t\t<div class=\"wp-block-ub-content-toggle-accordion-toggle-wrap right\" style=\"color: #000000;\"><span class=\"wp-block-ub-content-toggle-accordion-state-indicator wp-block-ub-chevron-down\"><\/span><\/div>\n\t\t<\/div>\n\t\t\t<div role=\"region\" aria-expanded=\"false\" class=\"wp-block-ub-content-toggle-accordion-content-wrap ub-hide\" id=\"ub-content-toggle-panel-3-dcc72d9e-f9b2-4b1c-a18c-ea94360982af\">\n\n<ul class=\"wp-block-list\">\n<li><a href=\"https:\/\/www.cosmundus.com\/it\/destinations\/sassari\/\" class=\"ek-link\">Sassari<\/a><\/li>\n\n\n\n<li><a href=\"https:\/\/www.cosmundus.com\/it\/destinations\/alghero\/\" class=\"ek-link\">Alghero<\/a><\/li>\n\n\n\n<li><a href=\"https:\/\/www.cosmundus.com\/it\/destinations\/northwestern-sardinia\/\" class=\"ek-link\">Sardegna Nord-Occidentale<\/a>\n<ul class=\"wp-block-list\">\n<li><a href=\"https:\/\/www.cosmundus.com\/it\/destinations\/northwestern-sardinia\/#porto-torres\" class=\"ek-link\">Porto Torres<\/a><\/li>\n\n\n\n<li><a href=\"https:\/\/www.cosmundus.com\/it\/destinations\/northwestern-sardinia\/#stintino\" class=\"ek-link\">Stintino<\/a><\/li>\n\n\n\n<li><a href=\"https:\/\/www.cosmundus.com\/it\/destinations\/northwestern-sardinia\/#castelsardo\" class=\"ek-link\">Castelsardo<\/a><\/li>\n\n\n\n<li><a href=\"https:\/\/www.cosmundus.com\/it\/destinations\/northwestern-sardinia\/#tergu\" class=\"ek-link\">Tergu<\/a><\/li>\n\n\n\n<li><a href=\"https:\/\/www.cosmundus.com\/it\/destinations\/northwestern-sardinia\/#sedini\" class=\"ek-link\">Sedini<\/a><\/li>\n\n\n\n<li><a href=\"https:\/\/www.cosmundus.com\/it\/destinations\/northwestern-sardinia\/#codrongianos\" class=\"ek-link\">Codrongianos<\/a><\/li>\n\n\n\n<li><a href=\"https:\/\/www.cosmundus.com\/it\/destinations\/northwestern-sardinia\/#ardara\" class=\"ek-link\">Ardara<\/a><\/li>\n\n\n\n<li><a href=\"https:\/\/www.cosmundus.com\/it\/destinations\/northwestern-sardinia\/#ozieri\" class=\"ek-link\">Ozieri<\/a><\/li>\n\n\n\n<li><a href=\"https:\/\/www.cosmundus.com\/it\/destinations\/northwestern-sardinia\/#mores\" class=\"ek-link\">Mores<\/a><\/li>\n\n\n\n<li><a href=\"https:\/\/www.cosmundus.com\/it\/destinations\/northwestern-sardinia\/#siligo\" class=\"ek-link\">Siligo<\/a><\/li>\n\n\n\n<li><a href=\"https:\/\/www.cosmundus.com\/it\/destinations\/northwestern-sardinia\/#borutta\" class=\"ek-link\">Borutta<\/a><\/li>\n\n\n\n<li><a href=\"https:\/\/www.cosmundus.com\/it\/destinations\/northwestern-sardinia\/#torralba\" class=\"ek-link\">Torralba<\/a><\/li>\n\n\n\n<li><a href=\"https:\/\/www.cosmundus.com\/it\/destinations\/northwestern-sardinia\/#bonorva\" class=\"ek-link\">Bonorva<\/a><\/li>\n<\/ul>\n<\/li>\n\n\n\n<li><a href=\"https:\/\/www.cosmundus.com\/it\/destinations\/northeastern-sardinia\/\" class=\"ek-link\">Sardegna Nord-Orientale<\/a>\n<ul class=\"wp-block-list\">\n<li><a href=\"https:\/\/www.cosmundus.com\/it\/destinations\/northeastern-sardinia\/#olbia\" class=\"ek-link\">Olbia<\/a><\/li>\n\n\n\n<li><a href=\"https:\/\/www.cosmundus.com\/it\/destinations\/northeastern-sardinia\/#golfo-aranci\" class=\"ek-link\">Golfo Aranci<\/a><\/li>\n\n\n\n<li><a href=\"https:\/\/www.cosmundus.com\/it\/destinations\/northeastern-sardinia\/#arzachena\" class=\"ek-link\">Arzachena<\/a><\/li>\n\n\n\n<li><a href=\"https:\/\/www.cosmundus.com\/it\/destinations\/northeastern-sardinia\/#palau\" class=\"ek-link\">Palau<\/a><\/li>\n\n\n\n<li><a href=\"https:\/\/www.cosmundus.com\/it\/destinations\/northeastern-sardinia\/#santa-teresa-gallura\" class=\"ek-link\">Santa Teresa Gallura<\/a><\/li>\n\n\n\n<li><a href=\"https:\/\/www.cosmundus.com\/it\/destinations\/northeastern-sardinia\/#tempio-pausania\" class=\"ek-link\">Tempio Pausania<\/a><\/li>\n\n\n\n<li><a href=\"https:\/\/www.cosmundus.com\/it\/destinations\/northeastern-sardinia\/#aggius\" class=\"ek-link\">Aggius<\/a><\/li>\n<\/ul>\n<\/li>\n\n\n\n<li><a href=\"https:\/\/www.cosmundus.com\/it\/destinations\/la-maddalena\/\" class=\"ek-link\">La Maddalena<\/a><\/li>\n<\/ul>\n\n<\/div>\n\t\t<\/div>\n\n<div class=\"wp-block-ub-content-toggle-accordion\" style=\"border-color: #f1f1f1; \" id=\"ub-content-toggle-panel-block-0784df4d-6597-4c4f-8d77-c4797799f23d\">\n\t\t\t<div class=\"wp-block-ub-content-toggle-accordion-title-wrap\" style=\"background-color: #f1f1f1;\" aria-controls=\"ub-content-toggle-panel-4-dcc72d9e-f9b2-4b1c-a18c-ea94360982af\" tabindex=\"0\">\n\t\t\t<p class=\"wp-block-ub-content-toggle-accordion-title ub-content-toggle-title-dcc72d9e-f9b2-4b1c-a18c-ea94360982af\" style=\"color: #000000; \">Provincia del Sud Sardegna<\/p>\n\t\t\t<div class=\"wp-block-ub-content-toggle-accordion-toggle-wrap right\" style=\"color: #000000;\"><span class=\"wp-block-ub-content-toggle-accordion-state-indicator wp-block-ub-chevron-down\"><\/span><\/div>\n\t\t<\/div>\n\t\t\t<div role=\"region\" aria-expanded=\"false\" class=\"wp-block-ub-content-toggle-accordion-content-wrap ub-hide\" id=\"ub-content-toggle-panel-4-dcc72d9e-f9b2-4b1c-a18c-ea94360982af\">\n\n<ul class=\"wp-block-list\">\n<li><a href=\"https:\/\/www.cosmundus.com\/it\/destinations\/sulcis-iglesiente\/\" class=\"ek-link\">Sulcis Iglesiente<\/a>\n<ul class=\"wp-block-list\">\n<li><a href=\"https:\/\/www.cosmundus.com\/it\/destinations\/sulcis-iglesiente\/#carbonia\" class=\"ek-link\">Carbonia<\/a><\/li>\n\n\n\n<li><a href=\"https:\/\/www.cosmundus.com\/it\/destinations\/sulcis-iglesiente\/#gonnesa\" class=\"ek-link\">Gonnesa<\/a><\/li>\n\n\n\n<li><a href=\"https:\/\/www.cosmundus.com\/it\/destinations\/sulcis-iglesiente\/#iglesias\" class=\"ek-link\">Iglesias<\/a><\/li>\n\n\n\n<li><a href=\"https:\/\/www.cosmundus.com\/it\/destinations\/sulcis-iglesiente\/#domusnovas\" class=\"ek-link\">Domusnovas<\/a><\/li>\n\n\n\n<li><a href=\"https:\/\/www.cosmundus.com\/it\/destinations\/sulcis-iglesiente\/#fluminimaggiore\" class=\"ek-link\">Fluminimaggiore<\/a><\/li>\n\n\n\n<li><a href=\"https:\/\/www.cosmundus.com\/it\/destinations\/sulcis-iglesiente\/#santantioco\" class=\"ek-link\">Sant&#8217;Antioco<\/a><\/li>\n\n\n\n<li><a href=\"https:\/\/www.cosmundus.com\/it\/destinations\/sulcis-iglesiente\/#carloforte\" class=\"ek-link\">Carloforte<\/a><\/li>\n\n\n\n<li><a href=\"https:\/\/www.cosmundus.com\/it\/destinations\/sulcis-iglesiente\/#tratalias\" class=\"ek-link\">Tratalias<\/a><\/li>\n\n\n\n<li><a href=\"https:\/\/www.cosmundus.com\/it\/destinations\/sulcis-iglesiente\/#villaperuccio\" class=\"ek-link\">Villaperuccio<\/a><\/li>\n\n\n\n<li><a href=\"https:\/\/www.cosmundus.com\/it\/destinations\/sulcis-iglesiente\/#santadi\" class=\"ek-link\">Santadi<\/a><\/li>\n\n\n\n<li><a href=\"https:\/\/www.cosmundus.com\/it\/destinations\/sulcis-iglesiente\/#santanna-arresi\" class=\"ek-link\">Sant&#8217;Anna Arresi<\/a><\/li>\n<\/ul>\n<\/li>\n\n\n\n<li><a href=\"https:\/\/www.cosmundus.com\/it\/destinations\/medio-campidano\/\" class=\"ek-link\">Medio Campidano<\/a>\n<ul class=\"wp-block-list\">\n<li><a href=\"https:\/\/www.cosmundus.com\/it\/destinations\/medio-campidano\/#villacidro\" class=\"ek-link\">Villacidro<\/a><\/li>\n\n\n\n<li><a href=\"https:\/\/www.cosmundus.com\/it\/destinations\/medio-campidano\/#guspini\" class=\"ek-link\">Guspini<\/a><\/li>\n\n\n\n<li><a href=\"https:\/\/www.cosmundus.com\/it\/destinations\/medio-campidano\/#arbus\" class=\"ek-link\">Arbus<\/a><\/li>\n\n\n\n<li><a href=\"https:\/\/www.cosmundus.com\/it\/destinations\/medio-campidano\/#sanluri\" class=\"ek-link\">Sanluri<\/a><\/li>\n\n\n\n<li><a href=\"https:\/\/www.cosmundus.com\/it\/destinations\/medio-campidano\/#sardara\" class=\"ek-link\">Sardara<\/a><\/li>\n\n\n\n<li><a href=\"https:\/\/www.cosmundus.com\/it\/destinations\/medio-campidano\/#villanovaforru\" class=\"ek-link\">Villanovaforru<\/a><\/li>\n\n\n\n<li><a href=\"https:\/\/www.cosmundus.com\/it\/destinations\/medio-campidano\/#villanovafranca\" class=\"ek-link\">Villanovafranca<\/a><\/li>\n\n\n\n<li><a href=\"https:\/\/www.cosmundus.com\/it\/destinations\/medio-campidano\/#las-plassas\" class=\"ek-link\">Las Plassas<\/a><\/li>\n\n\n\n<li><a href=\"https:\/\/www.cosmundus.com\/it\/destinations\/medio-campidano\/#barumini\" class=\"ek-link\">Barumini<\/a><\/li>\n\n\n\n<li><a href=\"https:\/\/www.cosmundus.com\/it\/destinations\/medio-campidano\/#tuili\" class=\"ek-link\">Tuili<\/a><\/li>\n\n\n\n<li><a href=\"https:\/\/www.cosmundus.com\/it\/destinations\/medio-campidano\/#gesturi\" class=\"ek-link\">Gesturi<\/a><\/li>\n<\/ul>\n<\/li>\n\n\n\n<li><a href=\"https:\/\/www.cosmundus.com\/it\/destinations\/southern-sardinia\/\" class=\"ek-link\">Sardegna Meridionale<\/a>\n<ul class=\"wp-block-list\">\n<li><a href=\"https:\/\/www.cosmundus.com\/it\/destinations\/southern-sardinia\/#domus-de-maria\" class=\"ek-link\">Domus de Maria<\/a><\/li>\n\n\n\n<li><a href=\"https:\/\/www.cosmundus.com\/it\/destinations\/southern-sardinia\/#siliqua\" class=\"ek-link\">Siliqua<\/a><\/li>\n\n\n\n<li><a href=\"https:\/\/www.cosmundus.com\/it\/destinations\/southern-sardinia\/#dolianova\" class=\"ek-link\">Dolianova<\/a><\/li>\n\n\n\n<li><a href=\"https:\/\/www.cosmundus.com\/it\/destinations\/southern-sardinia\/#villasimius\" class=\"ek-link\">Villasimius<\/a><\/li>\n\n\n\n<li><a href=\"https:\/\/www.cosmundus.com\/it\/destinations\/southern-sardinia\/#muravera\" class=\"ek-link\">Muravera<\/a><\/li>\n\n\n\n<li><a href=\"https:\/\/www.cosmundus.com\/it\/destinations\/southern-sardinia\/#ballao\" class=\"ek-link\">Ballao<\/a><\/li>\n\n\n\n<li><a href=\"https:\/\/www.cosmundus.com\/it\/destinations\/southern-sardinia\/#goni\" class=\"ek-link\">Goni<\/a><\/li>\n\n\n\n<li><a href=\"https:\/\/www.cosmundus.com\/it\/destinations\/southern-sardinia\/#orroli\" class=\"ek-link\">Orroli<\/a><\/li>\n\n\n\n<li><a href=\"https:\/\/www.cosmundus.com\/it\/destinations\/southern-sardinia\/#serri\" class=\"ek-link\">Serri<\/a><\/li>\n\n\n\n<li><a href=\"https:\/\/www.cosmundus.com\/it\/destinations\/southern-sardinia\/#isili\" class=\"ek-link\">Isili<\/a><\/li>\n\n\n\n<li><a href=\"https:\/\/www.cosmundus.com\/it\/destinations\/southern-sardinia\/#esterzili\" class=\"ek-link\">Esterzili<\/a><\/li>\n<\/ul>\n<\/li>\n<\/ul>\n\n<\/div>\n\t\t<\/div>\n<\/div>\n\n\n<div style=\"height:20px\" aria-hidden=\"true\" class=\"wp-block-spacer\"><\/div>\n\n\n\n<h4 class=\"wp-block-heading has-text-align-center\"><strong>Mappa della Sardegna<\/strong><\/h4>\n\n\n<div class=\"wp-block-image\">\n<figure class=\"aligncenter size-large is-resized\"><a href=\"https:\/\/www.cosmundus.com\/wp-content\/uploads\/2024\/10\/Sardinia_it.png\"><img fetchpriority=\"high\" decoding=\"async\" width=\"1024\" height=\"1024\" src=\"https:\/\/www.cosmundus.com\/wp-content\/uploads\/2024\/10\/Sardinia_it.png\" alt=\"\" class=\"wp-image-11849\" style=\"object-fit:cover;width:512px;height:512px\" srcset=\"https:\/\/www.cosmundus.com\/wp-content\/uploads\/2024\/10\/Sardinia_it.png 3688w, https:\/\/www.cosmundus.com\/wp-content\/uploads\/2024\/10\/Sardinia_it-300x300.png 300w, https:\/\/www.cosmundus.com\/wp-content\/uploads\/2024\/10\/Sardinia_it-1024x1024.png 1024w, https:\/\/www.cosmundus.com\/wp-content\/uploads\/2024\/10\/Sardinia_it-150x150.png 150w, https:\/\/www.cosmundus.com\/wp-content\/uploads\/2024\/10\/Sardinia_it-768x768.png 768w, https:\/\/www.cosmundus.com\/wp-content\/uploads\/2024\/10\/Sardinia_it-1536x1536.png 1536w, https:\/\/www.cosmundus.com\/wp-content\/uploads\/2024\/10\/Sardinia_it-2048x2048.png 2048w, https:\/\/www.cosmundus.com\/wp-content\/uploads\/2024\/10\/Sardinia_it-12x12.png 12w, https:\/\/www.cosmundus.com\/wp-content\/uploads\/2024\/10\/Sardinia_it-64x64.png 64w, https:\/\/www.cosmundus.com\/wp-content\/uploads\/2024\/10\/Sardinia_it-850x850.png 850w\" sizes=\"(max-width: 1024px) 100vw, 1024px\" \/><\/a><\/figure><\/div>\n\n\n<div style=\"height:20px\" aria-hidden=\"true\" class=\"wp-block-spacer\"><\/div>\n\n\n\n<h4 class=\"wp-block-heading has-text-align-center\"><strong>Mappa di tutti i posti in Sardegna, suddivisi per provincia<\/strong><\/h4>\n\n\n<p style=\"text-align: center;\"><iframe src=\"https:\/\/www.google.com\/maps\/d\/u\/0\/embed?mid=1AjkkCD3SYZ8KrOXi8r7atYI1EPdowww&#038;ehbc=2E312F\" width=\"640\" height=\"480\"><\/iframe><\/p>","protected":false},"excerpt":{"rendered":"<p>&lt;&lt; Insular Italy Sardinia is the second largest island in the Mediterranean Sea, after Sicily, and a region of Italy. First inhabited in prehistoric times, Sardinia was once home of the Nuragic civilization, which built thousands of megalithic structures known as nuraghe throughout the island. Sardinia was later colonized by the Phoenicians and the Carthaginians, before being taken by the Romans in the 3rd century BCE. After the fall of the Western Roman Empire, Sardinia was ruled by the Vandals, and was then part of the Byzantine Empire until the 11th century. The island was then divided between four kingdoms known as Judicates: the Judicate of Cagliari, the Judicate of Arborea, the Judicate of Gallura, and the Judicate of Torres. After a series of wars that also involved the maritime republics of Genoa and Pisa, the entire island fell under the control of the Aragonese, as the Kingdom of Sardinia. The island remained under Spanish rule until the 18th century, and after a brief Austrian occupation, it passed to the House of Savoy. Kingdom of Sardinia became the name of all the possessions of the Savoy, and this state led the wars of Italian unification, so Sardinia became a part of Italy. Sardinia is now a major tourist destination thanks to its numerous beautiful beaches with clear waters and its pristine environment, but also for its archaeological sites. Sardinia is also known for its unique culture and language. Destinations in Sardinia Map of Sardinia Map of all places in Sardinia, subdivided by province<\/p>","protected":false},"author":1,"featured_media":0,"parent":781,"menu_order":0,"comment_status":"closed","ping_status":"closed","template":"","meta":{"_editorskit_title_hidden":false,"_editorskit_reading_time":1,"_editorskit_is_block_options_detached":false,"_editorskit_block_options_position":"{}","om_disable_all_campaigns":false,"_uag_custom_page_level_css":"","advgb_blocks_editor_width":"","advgb_blocks_columns_visual_guide":"","_monsterinsights_skip_tracking":false,"_monsterinsights_sitenote_active":false,"_monsterinsights_sitenote_note":"","_monsterinsights_sitenote_category":0,"footnotes":""},"class_list":["post-924","page","type-page","status-publish","hentry"],"aioseo_notices":[],"featured_image_src":null,"uagb_featured_image_src":{"full":false,"thumbnail":false,"medium":false,"medium_large":false,"large":false,"1536x1536":false,"2048x2048":false,"trp-custom-language-flag":false,"xs-thumb":false,"post-thumbnail":false,"minimalistblogger-grid":false,"minimalistblogger-slider":false,"minimalistblogger-small":false},"uagb_author_info":{"display_name":"Stefano Cammisa","author_link":"https:\/\/www.cosmundus.com\/it\/author\/stefano-cammisa\/"},"uagb_comment_info":0,"uagb_excerpt":"&lt;&lt; Insular Italy Sardinia is the second largest island in the Mediterranean Sea, after Sicily, and a region of Italy. First inhabited in prehistoric times, Sardinia was once home of the Nuragic civilization, which built thousands of megalithic structures known as nuraghe throughout the island. Sardinia was later colonized by the Phoenicians and the Carthaginians,&hellip;","coauthors":[],"author_meta":{"author_link":"https:\/\/www.cosmundus.com\/it\/author\/stefano-cammisa\/","display_name":"Stefano Cammisa"},"relative_dates":{"created":"Pubblicato 2 anni fa","modified":"Aggiornato 2 anni fa"},"absolute_dates":{"created":"Pubblicato il 7 Ottobre 2024","modified":"Aggiornato il 7 Ottobre 2024"},"absolute_dates_time":{"created":"Pubblicato il 7 Ottobre 2024 10:50 am","modified":"Aggiornato il 7 Ottobre 2024 10:50 am"},"featured_img_caption":"","featured_img":false,"series_order":"","_links":{"self":[{"href":"https:\/\/www.cosmundus.com\/it\/wp-json\/wp\/v2\/pages\/924","targetHints":{"allow":["GET"]}}],"collection":[{"href":"https:\/\/www.cosmundus.com\/it\/wp-json\/wp\/v2\/pages"}],"about":[{"href":"https:\/\/www.cosmundus.com\/it\/wp-json\/wp\/v2\/types\/page"}],"author":[{"embeddable":true,"href":"https:\/\/www.cosmundus.com\/it\/wp-json\/wp\/v2\/users\/1"}],"replies":[{"embeddable":true,"href":"https:\/\/www.cosmundus.com\/it\/wp-json\/wp\/v2\/comments?post=924"}],"version-history":[{"count":11,"href":"https:\/\/www.cosmundus.com\/it\/wp-json\/wp\/v2\/pages\/924\/revisions"}],"predecessor-version":[{"id":11928,"href":"https:\/\/www.cosmundus.com\/it\/wp-json\/wp\/v2\/pages\/924\/revisions\/11928"}],"up":[{"embeddable":true,"href":"https:\/\/www.cosmundus.com\/it\/wp-json\/wp\/v2\/pages\/781"}],"wp:attachment":[{"href":"https:\/\/www.cosmundus.com\/it\/wp-json\/wp\/v2\/media?parent=924"}],"curies":[{"name":"wp","href":"https:\/\/api.w.org\/{rel}","templated":true}]}}