{"id":910,"date":"2024-10-07T09:48:34","date_gmt":"2024-10-07T07:48:34","guid":{"rendered":"https:\/\/www.cosmundus.com\/?page_id=910"},"modified":"2024-10-07T09:48:34","modified_gmt":"2024-10-07T07:48:34","slug":"campania","status":"publish","type":"page","link":"https:\/\/www.cosmundus.com\/it\/atlas\/europe\/southern-europe\/italy\/south-italy\/campania\/","title":{"rendered":"Campania"},"content":{"rendered":"<p class=\"has-text-align-right\">&lt;&lt; <a href=\"https:\/\/www.cosmundus.com\/it\/atlas\/europe\/southern-europe\/italy\/south-italy\/\" class=\"ek-link\">Italia Meridionale<\/a><\/p>\n\n\n\n<p class=\"translation-block\">La Campania \u00e8 una regione dell'Italia, situata nel sud del paese tra il Mar Tirreno e gli Appennini, confinante con <a href=\"https:\/\/www.cosmundus.com\/it\/atlas\/europe\/southern-europe\/italy\/central-italy\/lazio\/\" class=\"ek-link\" target=\"_self\">Lazio<\/a>, <a href=\"https:\/\/www.cosmundus.com\/it\/atlas\/europe\/southern-europe\/italy\/south-italy\/molise\/\" class=\"ek-link\" target=\"_self\">Molise<\/a>, <a href=\"https:\/\/www.cosmundus.com\/it\/atlas\/europe\/southern-europe\/italy\/south-italy\/apulia\/\" class=\"ek-link\" target=\"_self\">Puglia<\/a> e <a href=\"https:\/\/www.cosmundus.com\/it\/atlas\/europe\/southern-europe\/italy\/south-italy\/basilicata\/\" class=\"ek-link\" target=\"_self\">Basilicata<\/a>. La regione \u00e8 abitata fin dalla preistoria, e ospit\u00f2 popolazioni italiche come i Sanniti, gli Osci e gli Etruschi, mentre i Greci colonizzarono le zone costiere. La regione fu successivamente conquistata dai Romani e fior\u00ec come una delle aree pi\u00f9 ricche dell'Impero Romano. Nell'Alto Medioevo la Campania fu divisa tra Bizantini e Longobardi, con alcuni stati indipendenti lungo la costa, finch\u00e9 i Normanni conquistarono tutta l'Italia meridionale e fondarono il Regno di <a href=\"https:\/\/www.cosmundus.com\/it\/atlas\/europe\/southern-europe\/italy\/insular-italy\/sicily\/\" class=\"ek-link\" target=\"_self\">Sicilia<\/a>. Il Regno di Napoli si separ\u00f2 dalla Sicilia nel 1282 e fu governato dagli Angioini, dagli Aragonesi e dai Borboni, con periodi sotto il dominio francese e spagnolo. Durante questo periodo, Napoli divenne una delle citt\u00e0 pi\u00f9 grandi d'Europa. Dopo la Rivoluzione francese, il Regno di Napoli si riun\u00ec alla Sicilia per formare il Regno delle Due Sicilie, che in seguito entr\u00f2 a far parte dell'Italia quando il paese fu unificato. La regione \u00e8 una delle pi\u00f9 popolose del paese e la pi\u00f9 produttiva dell'Italia meridionale. La Campania \u00e8 anche una delle regioni pi\u00f9 visitate d'Italia, grazie alle sue innumerevoli attrazioni storiche, che includono siti archeologici di fama mondiale, e all'impareggiabile bellezza delle sue coste, isole e montagne. La regione \u00e8 anche conosciuta per la sua cultura unica, in particolare il suo cibo, la sua musica e la sua storia.<\/p>\n\n\n\n<h3 class=\"wp-block-heading\">Destinazioni in Campania<\/h3>\n\n\n<div class=\"wp-block-ub-content-toggle wp-block-ub-content-toggle-block\" id=\"ub-content-toggle-block-ef4e6d52-d5ed-44d9-b91d-b5aea9df91af\" data-mobilecollapse=\"true\" data-desktopcollapse=\"true\" data-preventcollapse=\"false\" data-showonlyone=\"false\">\n<div class=\"wp-block-ub-content-toggle-accordion\" style=\"border-color: #f1f1f1; \" id=\"ub-content-toggle-panel-block-3a794fca-adc7-4361-8106-7c571968d35b\">\n\t\t\t<div class=\"wp-block-ub-content-toggle-accordion-title-wrap\" style=\"background-color: #f1f1f1;\" aria-controls=\"ub-content-toggle-panel-0-ef4e6d52-d5ed-44d9-b91d-b5aea9df91af\" tabindex=\"0\">\n\t\t\t<p class=\"wp-block-ub-content-toggle-accordion-title ub-content-toggle-title-ef4e6d52-d5ed-44d9-b91d-b5aea9df91af\" style=\"color: #000000; \">Provincia di Avellino<\/p>\n\t\t\t<div class=\"wp-block-ub-content-toggle-accordion-toggle-wrap right\" style=\"color: #000000;\"><span class=\"wp-block-ub-content-toggle-accordion-state-indicator wp-block-ub-chevron-down\"><\/span><\/div>\n\t\t<\/div>\n\t\t\t<div role=\"region\" aria-expanded=\"false\" class=\"wp-block-ub-content-toggle-accordion-content-wrap ub-hide\" id=\"ub-content-toggle-panel-0-ef4e6d52-d5ed-44d9-b91d-b5aea9df91af\">\n\n<ul class=\"wp-block-list\">\n<li><a href=\"https:\/\/www.cosmundus.com\/it\/destinations\/irpinia\/\" class=\"ek-link\">Irpinia<\/a>\n<ul class=\"wp-block-list\">\n<li><a href=\"https:\/\/www.cosmundus.com\/it\/destinations\/irpinia\/#avellino\" class=\"ek-link\">Avellino<\/a><\/li>\n\n\n\n<li><a href=\"https:\/\/www.cosmundus.com\/it\/destinations\/irpinia\/#mercogliano\" class=\"ek-link\">Mercogliano<\/a><\/li>\n\n\n\n<li><a href=\"https:\/\/www.cosmundus.com\/it\/destinations\/irpinia\/#avella\" class=\"ek-link\">Avella<\/a><\/li>\n\n\n\n<li><a href=\"https:\/\/www.cosmundus.com\/it\/destinations\/irpinia\/#mirabella-eclano\" class=\"ek-link\">Mirabella Eclano<\/a><\/li>\n\n\n\n<li><a href=\"https:\/\/www.cosmundus.com\/it\/destinations\/irpinia\/#ariano-irpino\" class=\"ek-link\">Ariano Irpino<\/a><\/li>\n\n\n\n<li><a href=\"https:\/\/www.cosmundus.com\/it\/destinations\/irpinia\/#bisaccia\" class=\"ek-link\">Bisaccia<\/a><\/li>\n\n\n\n<li><a href=\"https:\/\/www.cosmundus.com\/it\/destinations\/irpinia\/#santangelo-dei-lombardi\" class=\"ek-link\">Sant&#8217;Angelo dei Lombardi<\/a><\/li>\n\n\n\n<li><a href=\"https:\/\/www.cosmundus.com\/it\/destinations\/irpinia\/#conza-della-campania\" class=\"ek-link\">Conza della Campania<\/a><\/li>\n\n\n\n<li><a href=\"https:\/\/www.cosmundus.com\/it\/destinations\/irpinia\/#caposele\" class=\"ek-link\">Caposele<\/a><\/li>\n<\/ul>\n<\/li>\n<\/ul>\n\n<\/div>\n\t\t<\/div>\n\n<div class=\"wp-block-ub-content-toggle-accordion\" style=\"border-color: #f1f1f1; \" id=\"ub-content-toggle-panel-block-76263108-f668-47fc-b0cf-3e7995c81002\">\n\t\t\t<div class=\"wp-block-ub-content-toggle-accordion-title-wrap\" style=\"background-color: #f1f1f1;\" aria-controls=\"ub-content-toggle-panel-1-ef4e6d52-d5ed-44d9-b91d-b5aea9df91af\" tabindex=\"0\">\n\t\t\t<p class=\"wp-block-ub-content-toggle-accordion-title ub-content-toggle-title-ef4e6d52-d5ed-44d9-b91d-b5aea9df91af\" style=\"color: #000000; \">Provincia di Benevento<\/p>\n\t\t\t<div class=\"wp-block-ub-content-toggle-accordion-toggle-wrap right\" style=\"color: #000000;\"><span class=\"wp-block-ub-content-toggle-accordion-state-indicator wp-block-ub-chevron-down\"><\/span><\/div>\n\t\t<\/div>\n\t\t\t<div role=\"region\" aria-expanded=\"false\" class=\"wp-block-ub-content-toggle-accordion-content-wrap ub-hide\" id=\"ub-content-toggle-panel-1-ef4e6d52-d5ed-44d9-b91d-b5aea9df91af\">\n\n<ul class=\"wp-block-list\">\n<li><a href=\"https:\/\/www.cosmundus.com\/it\/destinations\/beneventano\/\" class=\"ek-link\">Beneventano<\/a>\n<ul class=\"wp-block-list\">\n<li><a href=\"https:\/\/www.cosmundus.com\/it\/destinations\/beneventano\/#benevento\" class=\"ek-link\">Benevento<\/a><\/li>\n\n\n\n<li><a href=\"https:\/\/www.cosmundus.com\/it\/destinations\/beneventano\/#pietrelcina\" class=\"ek-link\">Pietrelcina<\/a><\/li>\n\n\n\n<li><a href=\"https:\/\/www.cosmundus.com\/it\/destinations\/beneventano\/#montesarchio\" class=\"ek-link\">Montesarchio<\/a><\/li>\n\n\n\n<li><a href=\"https:\/\/www.cosmundus.com\/it\/destinations\/beneventano\/#bucciano\" class=\"ek-link\">Bucciano<\/a><\/li>\n\n\n\n<li><a href=\"https:\/\/www.cosmundus.com\/it\/destinations\/beneventano\/#santagata-de-goti\" class=\"ek-link\">Sant&#8217;Agata de&#8217; Goti<\/a><\/li>\n\n\n\n<li><a href=\"https:\/\/www.cosmundus.com\/it\/destinations\/beneventano\/#telese-terme\" class=\"ek-link\">Telese Terme<\/a><\/li>\n\n\n\n<li><a href=\"https:\/\/www.cosmundus.com\/it\/destinations\/beneventano\/#san-salvatore-telesino\" class=\"ek-link\">San Salvatore Telesino<\/a><\/li>\n<\/ul>\n<\/li>\n<\/ul>\n\n<\/div>\n\t\t<\/div>\n\n<div class=\"wp-block-ub-content-toggle-accordion\" style=\"border-color: #f1f1f1; \" id=\"ub-content-toggle-panel-block-a2636d4e-1e1e-4c5f-99dc-0c9dd6a8ab0f\">\n\t\t\t<div class=\"wp-block-ub-content-toggle-accordion-title-wrap\" style=\"background-color: #f1f1f1;\" aria-controls=\"ub-content-toggle-panel-2-ef4e6d52-d5ed-44d9-b91d-b5aea9df91af\" tabindex=\"0\">\n\t\t\t<p class=\"wp-block-ub-content-toggle-accordion-title ub-content-toggle-title-ef4e6d52-d5ed-44d9-b91d-b5aea9df91af\" style=\"color: #000000; \">Provincia di Caserta<\/p>\n\t\t\t<div class=\"wp-block-ub-content-toggle-accordion-toggle-wrap right\" style=\"color: #000000;\"><span class=\"wp-block-ub-content-toggle-accordion-state-indicator wp-block-ub-chevron-down\"><\/span><\/div>\n\t\t<\/div>\n\t\t\t<div role=\"region\" aria-expanded=\"false\" class=\"wp-block-ub-content-toggle-accordion-content-wrap ub-hide\" id=\"ub-content-toggle-panel-2-ef4e6d52-d5ed-44d9-b91d-b5aea9df91af\">\n\n<ul class=\"wp-block-list\">\n<li><a href=\"https:\/\/www.cosmundus.com\/it\/destinations\/casertano\/\" class=\"ek-link\">Casertano<\/a>\n<ul class=\"wp-block-list\">\n<li><a href=\"https:\/\/www.cosmundus.com\/it\/destinations\/casertano\/#caserta\" class=\"ek-link\">Caserta<\/a><\/li>\n\n\n\n<li><a href=\"https:\/\/www.cosmundus.com\/it\/destinations\/casertano\/#valle-di-maddaloni\" class=\"ek-link\">Valle di Maddaloni<\/a><\/li>\n\n\n\n<li><a href=\"https:\/\/www.cosmundus.com\/it\/destinations\/casertano\/#santa-maria-capua-vetere\" class=\"ek-link\">Santa Maria Capua Vetere<\/a><\/li>\n\n\n\n<li><a href=\"https:\/\/www.cosmundus.com\/it\/destinations\/casertano\/#capua\" class=\"ek-link\">Capua<\/a><\/li>\n\n\n\n<li><a href=\"https:\/\/www.cosmundus.com\/it\/destinations\/casertano\/#san-tammaro\" class=\"ek-link\">San Tammaro<\/a><\/li>\n\n\n\n<li><a href=\"https:\/\/www.cosmundus.com\/it\/destinations\/casertano\/#aversa\" class=\"ek-link\">Aversa<\/a><\/li>\n\n\n\n<li><a href=\"https:\/\/www.cosmundus.com\/it\/destinations\/casertano\/#succivo\" class=\"ek-link\">Succivo<\/a><\/li>\n\n\n\n<li><a href=\"https:\/\/www.cosmundus.com\/it\/destinations\/casertano\/#mondragone\" class=\"ek-link\">Mondragone<\/a><\/li>\n\n\n\n<li><a href=\"https:\/\/www.cosmundus.com\/it\/destinations\/casertano\/#sessa-aurunca\" class=\"ek-link\">Sessa Aurunca<\/a><\/li>\n\n\n\n<li><a href=\"https:\/\/www.cosmundus.com\/it\/destinations\/casertano\/#teano\" class=\"ek-link\">Teano<\/a><\/li>\n\n\n\n<li><a href=\"https:\/\/www.cosmundus.com\/it\/destinations\/casertano\/#piedimonte-matese\" class=\"ek-link\">Piedimonte Matese<\/a><\/li>\n<\/ul>\n<\/li>\n<\/ul>\n\n<\/div>\n\t\t<\/div>\n\n<div class=\"wp-block-ub-content-toggle-accordion\" style=\"border-color: #f1f1f1; \" id=\"ub-content-toggle-panel-block-789715ce-dab1-439e-9dce-c910eabcbb9d\">\n\t\t\t<div class=\"wp-block-ub-content-toggle-accordion-title-wrap\" style=\"background-color: #f1f1f1;\" aria-controls=\"ub-content-toggle-panel-3-ef4e6d52-d5ed-44d9-b91d-b5aea9df91af\" tabindex=\"0\">\n\t\t\t<p class=\"wp-block-ub-content-toggle-accordion-title ub-content-toggle-title-ef4e6d52-d5ed-44d9-b91d-b5aea9df91af\" style=\"color: #000000; \">Citt\u00e0 Metropolitana di Napoli<\/p>\n\t\t\t<div class=\"wp-block-ub-content-toggle-accordion-toggle-wrap right\" style=\"color: #000000;\"><span class=\"wp-block-ub-content-toggle-accordion-state-indicator wp-block-ub-chevron-down\"><\/span><\/div>\n\t\t<\/div>\n\t\t\t<div role=\"region\" aria-expanded=\"false\" class=\"wp-block-ub-content-toggle-accordion-content-wrap ub-hide\" id=\"ub-content-toggle-panel-3-ef4e6d52-d5ed-44d9-b91d-b5aea9df91af\">\n\n<ul class=\"wp-block-list\">\n<li><a href=\"https:\/\/www.cosmundus.com\/it\/destinations\/naples\/\" class=\"ek-link\">Napoli<\/a><\/li>\n\n\n\n<li><a href=\"https:\/\/www.cosmundus.com\/it\/destinations\/campanian-archipelago\/\" class=\"ek-link\">Arcipelago Campano<\/a>\n<ul class=\"wp-block-list\">\n<li><a href=\"https:\/\/www.cosmundus.com\/it\/destinations\/campanian-archipelago\/#capri\" class=\"ek-link\">Capri<\/a><\/li>\n\n\n\n<li><a href=\"https:\/\/www.cosmundus.com\/it\/destinations\/campanian-archipelago\/#ischia\" class=\"ek-link\">Ischia<\/a><\/li>\n\n\n\n<li><a href=\"https:\/\/www.cosmundus.com\/it\/destinations\/campanian-archipelago\/#procida\" class=\"ek-link\">Procida<\/a><\/li>\n<\/ul>\n<\/li>\n\n\n\n<li><a href=\"https:\/\/www.cosmundus.com\/it\/destinations\/vesuvian-area\/\" class=\"ek-link\">Area Vesuviana<\/a>\n<ul class=\"wp-block-list\">\n<li><a href=\"https:\/\/www.cosmundus.com\/it\/destinations\/vesuvian-area\/#pompei\" class=\"ek-link\">Pompei<\/a><\/li>\n\n\n\n<li><a href=\"https:\/\/www.cosmundus.com\/it\/destinations\/vesuvian-area\/#boscoreale\" class=\"ek-link\">Boscoreale<\/a><\/li>\n\n\n\n<li><a href=\"https:\/\/www.cosmundus.com\/it\/destinations\/vesuvian-area\/#torre-annunziata\" class=\"ek-link\">Torre Annunziata<\/a><\/li>\n\n\n\n<li><a href=\"https:\/\/www.cosmundus.com\/it\/destinations\/vesuvian-area\/#ercolano\" class=\"ek-link\">Ercolano<\/a><\/li>\n\n\n\n<li><a href=\"https:\/\/www.cosmundus.com\/it\/destinations\/vesuvian-area\/#portici\" class=\"ek-link\">Portici<\/a><\/li>\n\n\n\n<li><a href=\"https:\/\/www.cosmundus.com\/it\/destinations\/vesuvian-area\/#nola\" class=\"ek-link\">Nola<\/a><\/li>\n<\/ul>\n<\/li>\n\n\n\n<li><a href=\"https:\/\/www.cosmundus.com\/it\/destinations\/sorrento-peninsula\/\" class=\"ek-link\">Penisola Sorrentina<\/a>\n<ul class=\"wp-block-list\">\n<li><a href=\"https:\/\/www.cosmundus.com\/it\/destinations\/sorrento-peninsula\/#sorrento\" class=\"ek-link\">Sorrento<\/a><\/li>\n\n\n\n<li><a href=\"https:\/\/www.cosmundus.com\/it\/destinations\/sorrento-peninsula\/#massa-lubrense\" class=\"ek-link\">Massa Lubrense<\/a><\/li>\n\n\n\n<li><a href=\"https:\/\/www.cosmundus.com\/it\/destinations\/sorrento-peninsula\/#vico-equense\" class=\"ek-link\">Vico Equense<\/a><\/li>\n\n\n\n<li><a href=\"https:\/\/www.cosmundus.com\/it\/destinations\/sorrento-peninsula\/#castellammare-di-stabia\" class=\"ek-link\">Castellammare di Stabia<\/a><\/li>\n<\/ul>\n<\/li>\n\n\n\n<li><a href=\"https:\/\/www.cosmundus.com\/it\/destinations\/phlegraean-fields-and-northern-suburbs-of-naples\/\" class=\"ek-link\">Campi Flegrei e Periferia Settentrionale di Napoli<\/a>\n<ul class=\"wp-block-list\">\n<li><a href=\"https:\/\/www.cosmundus.com\/it\/destinations\/phlegraean-fields-and-northern-suburbs-of-naples\/#pozzuoli\" class=\"ek-link\">Pozzuoli<\/a><\/li>\n\n\n\n<li><a href=\"https:\/\/www.cosmundus.com\/it\/destinations\/phlegraean-fields-and-northern-suburbs-of-naples\/#bacoli\" class=\"ek-link\">Bacoli<\/a><\/li>\n\n\n\n<li><a href=\"https:\/\/www.cosmundus.com\/it\/destinations\/phlegraean-fields-and-northern-suburbs-of-naples\/#lago-patria\" class=\"ek-link\">Lago Patria<\/a><\/li>\n\n\n\n<li><a href=\"https:\/\/www.cosmundus.com\/it\/destinations\/phlegraean-fields-and-northern-suburbs-of-naples\/#santantimo\" class=\"ek-link\">Sant&#8217;Antimo<\/a><\/li>\n\n\n\n<li><a href=\"https:\/\/www.cosmundus.com\/it\/destinations\/phlegraean-fields-and-northern-suburbs-of-naples\/#acerra\" class=\"ek-link\">Acerra<\/a><\/li>\n<\/ul>\n<\/li>\n<\/ul>\n\n<\/div>\n\t\t<\/div>\n\n<div class=\"wp-block-ub-content-toggle-accordion\" style=\"border-color: #f1f1f1; \" id=\"ub-content-toggle-panel-block-2f5b5faf-971e-49d2-892a-2e7948333c65\">\n\t\t\t<div class=\"wp-block-ub-content-toggle-accordion-title-wrap\" style=\"background-color: #f1f1f1;\" aria-controls=\"ub-content-toggle-panel-4-ef4e6d52-d5ed-44d9-b91d-b5aea9df91af\" tabindex=\"0\">\n\t\t\t<p class=\"wp-block-ub-content-toggle-accordion-title ub-content-toggle-title-ef4e6d52-d5ed-44d9-b91d-b5aea9df91af\" style=\"color: #000000; \">Provincia di Salerno<\/p>\n\t\t\t<div class=\"wp-block-ub-content-toggle-accordion-toggle-wrap right\" style=\"color: #000000;\"><span class=\"wp-block-ub-content-toggle-accordion-state-indicator wp-block-ub-chevron-down\"><\/span><\/div>\n\t\t<\/div>\n\t\t\t<div role=\"region\" aria-expanded=\"false\" class=\"wp-block-ub-content-toggle-accordion-content-wrap ub-hide\" id=\"ub-content-toggle-panel-4-ef4e6d52-d5ed-44d9-b91d-b5aea9df91af\">\n\n<ul class=\"wp-block-list\">\n<li><a href=\"https:\/\/www.cosmundus.com\/it\/destinations\/salerno\/\" class=\"ek-link\">Salerno<\/a><\/li>\n\n\n\n<li><a href=\"https:\/\/www.cosmundus.com\/it\/destinations\/amalfi-coast\/\" class=\"ek-link\">Costiera Amalfitana<\/a>\n<ul class=\"wp-block-list\">\n<li><a href=\"https:\/\/www.cosmundus.com\/it\/destinations\/amalfi-coast\/#positano\" class=\"ek-link\">Positano<\/a><\/li>\n\n\n\n<li><a href=\"https:\/\/www.cosmundus.com\/it\/destinations\/amalfi-coast\/#furore\" class=\"ek-link\">Furore<\/a><\/li>\n\n\n\n<li><a href=\"https:\/\/www.cosmundus.com\/it\/destinations\/amalfi-coast\/#conca-dei-marini\" class=\"ek-link\">Conca dei Marini<\/a><\/li>\n\n\n\n<li><a href=\"https:\/\/www.cosmundus.com\/it\/destinations\/amalfi-coast\/#amalfi\" class=\"ek-link\">Amalfi<\/a><\/li>\n\n\n\n<li><a href=\"https:\/\/www.cosmundus.com\/it\/destinations\/amalfi-coast\/#atrani\" class=\"ek-link\">Atrani<\/a><\/li>\n\n\n\n<li><a href=\"https:\/\/www.cosmundus.com\/it\/destinations\/amalfi-coast\/#ravello\" class=\"ek-link\">Ravello<\/a><\/li>\n\n\n\n<li><a href=\"https:\/\/www.cosmundus.com\/it\/destinations\/amalfi-coast\/#minori\" class=\"ek-link\">Minori<\/a><\/li>\n\n\n\n<li><a href=\"https:\/\/www.cosmundus.com\/it\/destinations\/amalfi-coast\/#maiori\" class=\"ek-link\">Maiori<\/a><\/li>\n\n\n\n<li><a href=\"https:\/\/www.cosmundus.com\/it\/destinations\/amalfi-coast\/#vietri-sul-mare\" class=\"ek-link\">Vietri sul Mare<\/a><\/li>\n<\/ul>\n<\/li>\n\n\n\n<li><a href=\"https:\/\/www.cosmundus.com\/it\/destinations\/salernitano\/\" class=\"ek-link\">Salernitano<\/a>\n<ul class=\"wp-block-list\">\n<li><a href=\"https:\/\/www.cosmundus.com\/it\/destinations\/salernitano\/#sarno\" class=\"ek-link\">Sarno<\/a><\/li>\n\n\n\n<li><a href=\"https:\/\/www.cosmundus.com\/it\/destinations\/salernitano\/#nocera-inferiore\" class=\"ek-link\">Nocera Inferiore<\/a><\/li>\n\n\n\n<li><a href=\"https:\/\/www.cosmundus.com\/it\/destinations\/salernitano\/#nocera-superiore\" class=\"ek-link\">Nocera Superiore<\/a><\/li>\n\n\n\n<li><a href=\"https:\/\/www.cosmundus.com\/it\/destinations\/salernitano\/#cava-de-tirreni\" class=\"ek-link\">Cava de&#8217; Tirreni<\/a><\/li>\n\n\n\n<li><a href=\"https:\/\/www.cosmundus.com\/it\/destinations\/salernitano\/#pontecagnano-faiano\" class=\"ek-link\">Pontecagnano Faiano<\/a><\/li>\n\n\n\n<li><a href=\"https:\/\/www.cosmundus.com\/it\/destinations\/salernitano\/#battipaglia\" class=\"ek-link\">Battipaglia<\/a><\/li>\n\n\n\n<li><a href=\"https:\/\/www.cosmundus.com\/it\/destinations\/salernitano\/#eboli\" class=\"ek-link\">Eboli<\/a><\/li>\n\n\n\n<li><a href=\"https:\/\/www.cosmundus.com\/it\/destinations\/salernitano\/#buccino\" class=\"ek-link\">Buccino<\/a><\/li>\n<\/ul>\n<\/li>\n\n\n\n<li><a href=\"https:\/\/www.cosmundus.com\/it\/destinations\/cilento\/\" class=\"ek-link\">Cilento<\/a>\n<ul class=\"wp-block-list\">\n<li><a href=\"https:\/\/www.cosmundus.com\/it\/destinations\/cilento\/#capaccio-paestum\" class=\"ek-link\">Capaccio Paestum<\/a><\/li>\n\n\n\n<li><a href=\"https:\/\/www.cosmundus.com\/it\/destinations\/cilento\/#agropoli\" class=\"ek-link\">Agropoli<\/a><\/li>\n\n\n\n<li><a href=\"https:\/\/www.cosmundus.com\/it\/destinations\/cilento\/#castellabate\" class=\"ek-link\">Castellabate<\/a><\/li>\n\n\n\n<li><a href=\"https:\/\/www.cosmundus.com\/it\/destinations\/cilento\/#pollica\" class=\"ek-link\">Pollica<\/a><\/li>\n\n\n\n<li><a href=\"https:\/\/www.cosmundus.com\/it\/destinations\/cilento\/#ascea\" class=\"ek-link\">Ascea<\/a><\/li>\n\n\n\n<li><a href=\"https:\/\/www.cosmundus.com\/it\/destinations\/cilento\/#palinuro\" class=\"ek-link\">Palinuro<\/a><\/li>\n\n\n\n<li><a href=\"https:\/\/www.cosmundus.com\/it\/destinations\/cilento\/#camerota\" class=\"ek-link\">Camerota<\/a><\/li>\n\n\n\n<li><a href=\"https:\/\/www.cosmundus.com\/it\/destinations\/cilento\/#santa-marina\" class=\"ek-link\">Santa Marina<\/a><\/li>\n\n\n\n<li><a href=\"https:\/\/www.cosmundus.com\/it\/destinations\/cilento\/#sapri\" class=\"ek-link\">Sapri<\/a><\/li>\n\n\n\n<li><a href=\"https:\/\/www.cosmundus.com\/it\/destinations\/cilento\/#castelcivita\" class=\"ek-link\">Castelcivita<\/a><\/li>\n\n\n\n<li><a href=\"https:\/\/www.cosmundus.com\/it\/destinations\/cilento\/#pertosa\" class=\"ek-link\">Pertosa<\/a><\/li>\n\n\n\n<li><a href=\"https:\/\/www.cosmundus.com\/it\/destinations\/cilento\/#padula\" class=\"ek-link\">Padula<\/a><\/li>\n<\/ul>\n<\/li>\n<\/ul>\n\n<\/div>\n\t\t<\/div>\n<\/div>\n\n\n<div style=\"height:20px\" aria-hidden=\"true\" class=\"wp-block-spacer\"><\/div>\n\n\n\n<h4 class=\"wp-block-heading has-text-align-center\"><strong>Mappa della Campania<\/strong><\/h4>\n\n\n<div class=\"wp-block-image\">\n<figure class=\"aligncenter size-large is-resized\"><a href=\"https:\/\/www.cosmundus.com\/wp-content\/uploads\/2024\/04\/Campania_it.png\"><img fetchpriority=\"high\" decoding=\"async\" width=\"1024\" height=\"1024\" src=\"https:\/\/www.cosmundus.com\/wp-content\/uploads\/2024\/04\/Campania_it.png\" alt=\"\" class=\"wp-image-10729\" style=\"object-fit:cover;width:512px;height:512px\" srcset=\"https:\/\/www.cosmundus.com\/wp-content\/uploads\/2024\/04\/Campania_it.png 3802w, https:\/\/www.cosmundus.com\/wp-content\/uploads\/2024\/04\/Campania_it-300x300.png 300w, https:\/\/www.cosmundus.com\/wp-content\/uploads\/2024\/04\/Campania_it-1024x1024.png 1024w, https:\/\/www.cosmundus.com\/wp-content\/uploads\/2024\/04\/Campania_it-150x150.png 150w, https:\/\/www.cosmundus.com\/wp-content\/uploads\/2024\/04\/Campania_it-768x768.png 768w, https:\/\/www.cosmundus.com\/wp-content\/uploads\/2024\/04\/Campania_it-1536x1536.png 1536w, https:\/\/www.cosmundus.com\/wp-content\/uploads\/2024\/04\/Campania_it-2048x2048.png 2048w, https:\/\/www.cosmundus.com\/wp-content\/uploads\/2024\/04\/Campania_it-12x12.png 12w, https:\/\/www.cosmundus.com\/wp-content\/uploads\/2024\/04\/Campania_it-64x64.png 64w, https:\/\/www.cosmundus.com\/wp-content\/uploads\/2024\/04\/Campania_it-850x850.png 850w\" sizes=\"(max-width: 1024px) 100vw, 1024px\" \/><\/a><\/figure><\/div>\n\n\n<div style=\"height:20px\" aria-hidden=\"true\" class=\"wp-block-spacer\"><\/div>\n\n\n\n<h4 class=\"wp-block-heading has-text-align-center\"><strong>Mappa di tutti i posti in Campania, suddivisi per provincia<\/strong><\/h4>\n\n\n<p style=\"text-align: center;\"><iframe src=\"https:\/\/www.google.com\/maps\/d\/u\/0\/embed?mid=1IrQh-TJ8gZcwT4d11SQokZw18pOl_J0&#038;ehbc=2E312F\" width=\"640\" height=\"480\"><\/iframe><\/p>","protected":false},"excerpt":{"rendered":"<p>&lt;&lt; South Italy Campania is a region of Italy, located in the south of the country between the Tyrrhenian Sea and the Apennines, bordering Lazio, Molise, Apulia, and Basilicata. The region has been inhabited since prehistoric times, and hosted Italic peoples like the Samnites, the Osci, and the Etruscans, while the Greeks colonized the coastal areas. The region was later taken by the Romans, and flourished as one of the richest areas of the Roman Empire. In the Early Middle Ages, Campania was divided between Byzantines and Lombards, with some independent states along the coast, until the Normans conquered all of Southern Italy and established the Kingdom of Sicily. The Kingdom of Naples split from Sicily in 1282, and was governed by the Angevins, the Aragonese, and the Bourbons, with periods under French and Spanish rule. Naples became one of the largest cities in Europe during this time. After the French Revolution, the Kingdom of Naples reunited with Sicily to form the Kingdom of the Two Sicilies, which later became part of the newly unified Italy. The region is one of the most populous in the country, and the most productive in Southern Italy. Campania is also one of the most visited regions in Italy, thanks to its countless historic attractions, which include world-famous archaeological sites, and the unparalleled beauty of its coastline, islands, and mountains. The region is also known for its unique culture, most notably its food, music, and history. Destinations in Campania Map of Campania Map of all places in Campania, subdivided by province<\/p>","protected":false},"author":1,"featured_media":0,"parent":784,"menu_order":0,"comment_status":"closed","ping_status":"closed","template":"","meta":{"_editorskit_title_hidden":false,"_editorskit_reading_time":1,"_editorskit_is_block_options_detached":false,"_editorskit_block_options_position":"{}","om_disable_all_campaigns":false,"_uag_custom_page_level_css":"","advgb_blocks_editor_width":"","advgb_blocks_columns_visual_guide":"","_monsterinsights_skip_tracking":false,"_monsterinsights_sitenote_active":false,"_monsterinsights_sitenote_note":"","_monsterinsights_sitenote_category":0,"footnotes":""},"class_list":["post-910","page","type-page","status-publish","hentry"],"aioseo_notices":[],"featured_image_src":null,"uagb_featured_image_src":{"full":false,"thumbnail":false,"medium":false,"medium_large":false,"large":false,"1536x1536":false,"2048x2048":false,"trp-custom-language-flag":false,"xs-thumb":false,"post-thumbnail":false,"minimalistblogger-grid":false,"minimalistblogger-slider":false,"minimalistblogger-small":false},"uagb_author_info":{"display_name":"Stefano Cammisa","author_link":"https:\/\/www.cosmundus.com\/it\/author\/stefano-cammisa\/"},"uagb_comment_info":0,"uagb_excerpt":"&lt;&lt; South Italy Campania is a region of Italy, located in the south of the country between the Tyrrhenian Sea and the Apennines, bordering Lazio, Molise, Apulia, and Basilicata. The region has been inhabited since prehistoric times, and hosted Italic peoples like the Samnites, the Osci, and the Etruscans, while the Greeks colonized the coastal&hellip;","coauthors":[],"author_meta":{"author_link":"https:\/\/www.cosmundus.com\/it\/author\/stefano-cammisa\/","display_name":"Stefano Cammisa"},"relative_dates":{"created":"Pubblicato 2 anni fa","modified":"Aggiornato 2 anni fa"},"absolute_dates":{"created":"Pubblicato il 7 Ottobre 2024","modified":"Aggiornato il 7 Ottobre 2024"},"absolute_dates_time":{"created":"Pubblicato il 7 Ottobre 2024 9:48 am","modified":"Aggiornato il 7 Ottobre 2024 9:48 am"},"featured_img_caption":"","featured_img":false,"series_order":"","_links":{"self":[{"href":"https:\/\/www.cosmundus.com\/it\/wp-json\/wp\/v2\/pages\/910","targetHints":{"allow":["GET"]}}],"collection":[{"href":"https:\/\/www.cosmundus.com\/it\/wp-json\/wp\/v2\/pages"}],"about":[{"href":"https:\/\/www.cosmundus.com\/it\/wp-json\/wp\/v2\/types\/page"}],"author":[{"embeddable":true,"href":"https:\/\/www.cosmundus.com\/it\/wp-json\/wp\/v2\/users\/1"}],"replies":[{"embeddable":true,"href":"https:\/\/www.cosmundus.com\/it\/wp-json\/wp\/v2\/comments?post=910"}],"version-history":[{"count":24,"href":"https:\/\/www.cosmundus.com\/it\/wp-json\/wp\/v2\/pages\/910\/revisions"}],"predecessor-version":[{"id":11868,"href":"https:\/\/www.cosmundus.com\/it\/wp-json\/wp\/v2\/pages\/910\/revisions\/11868"}],"up":[{"embeddable":true,"href":"https:\/\/www.cosmundus.com\/it\/wp-json\/wp\/v2\/pages\/784"}],"wp:attachment":[{"href":"https:\/\/www.cosmundus.com\/it\/wp-json\/wp\/v2\/media?parent=910"}],"curies":[{"name":"wp","href":"https:\/\/api.w.org\/{rel}","templated":true}]}}