{"id":909,"date":"2024-10-07T10:23:33","date_gmt":"2024-10-07T08:23:33","guid":{"rendered":"https:\/\/www.cosmundus.com\/?page_id=909"},"modified":"2024-10-07T10:23:34","modified_gmt":"2024-10-07T08:23:34","slug":"calabria","status":"publish","type":"page","link":"https:\/\/www.cosmundus.com\/it\/atlas\/europe\/southern-europe\/italy\/south-italy\/calabria\/","title":{"rendered":"Calabria"},"content":{"rendered":"<p class=\"has-text-align-right\">&lt;&lt; <a href=\"https:\/\/www.cosmundus.com\/it\/atlas\/europe\/southern-europe\/italy\/south-italy\/\" class=\"ek-link\">Italia Meridionale<\/a><\/p>\n\n\n\n<p class=\"translation-block\">La Calabria \u00e8 la regione pi\u00f9 meridionale dell'Italia continentale, confinante con la <a href=\"https:\/\/www.cosmundus.com\/it\/atlas\/it\/europe\/southern-europe\/italy\/south-italy\/basilicata\/\" class=\"ek-link\" target=\"_self\">Basilicata<\/a> a nord e separata dalla <a href=\"https:\/\/www.cosmundus.com\/it\/atlas\/europe\/southern-europe\/italy\/insular-italy\/sicily\/\" target=\"_self\">Sicilia<\/a> dallo Stretto di <a href=\"https:\/\/www.cosmundus.com\/it\/destinations\/messina\/\" target=\"_self\">Messina<\/a>. La regione \u00e8 prevalentemente montuosa, e presenta i grandi massicci del Pollino, della Sila e dell'Aspromonte, mentre alcune piccole pianure si trovano lungo le coste sul Mar Tirreno e sul Mar Ionio. Abitata fin dalla preistoria, la Calabria fu colonizzata dai Greci, che diedero alla regione il nome Italia, che fu poi esteso a tutta la penisola italiana. La regione fior\u00ec durante l'epoca greca e rimase importante sotto i Romani e i Bizantini. Successivamente la Calabria fu governata dai Normanni e fece parte del Regno di Sicilia e poi del Regno di <a href=\"https:\/\/www.cosmundus.com\/it\/destinations\/naples\/\" target=\"_self\">Napoli<\/a> prima di unirsi all'Italia appena unificata. Per secoli la Calabria \u00e8 stata il principale centro di produzione della seta in Europa, ma la sua importanza diminu\u00ec a partire dal diciottesimo secolo. La regione \u00e8 rimasta a lungo sottosviluppata, ma negli ultimi decenni il turismo \u00e8 in aumento. La Calabria \u00e8 conosciuta per le sue localit\u00e0 balneari lungo la costa e per le bellissime montagne nell'entroterra. La regione ospita anche molti monumenti storici e numerose antiche rovine.<\/p>\n\n\n\n<h3 class=\"wp-block-heading\">Destinazioni in Calabria<\/h3>\n\n\n<div class=\"wp-block-ub-content-toggle wp-block-ub-content-toggle-block\" id=\"ub-content-toggle-block-452199a8-77a2-48a8-9b11-d71ca864e865\" data-mobilecollapse=\"true\" data-desktopcollapse=\"true\" data-preventcollapse=\"false\" data-showonlyone=\"false\">\n<div class=\"wp-block-ub-content-toggle-accordion\" style=\"border-color: #f1f1f1; \" id=\"ub-content-toggle-panel-block-db35f282-38e8-4320-b136-7f107f4e8cb4\">\n\t\t\t<div class=\"wp-block-ub-content-toggle-accordion-title-wrap\" style=\"background-color: #f1f1f1;\" aria-controls=\"ub-content-toggle-panel-0-452199a8-77a2-48a8-9b11-d71ca864e865\" tabindex=\"0\">\n\t\t\t<p class=\"wp-block-ub-content-toggle-accordion-title ub-content-toggle-title-452199a8-77a2-48a8-9b11-d71ca864e865\" style=\"color: #000000; \">Provincia di Catanzaro<\/p>\n\t\t\t<div class=\"wp-block-ub-content-toggle-accordion-toggle-wrap right\" style=\"color: #000000;\"><span class=\"wp-block-ub-content-toggle-accordion-state-indicator wp-block-ub-chevron-down\"><\/span><\/div>\n\t\t<\/div>\n\t\t\t<div role=\"region\" aria-expanded=\"false\" class=\"wp-block-ub-content-toggle-accordion-content-wrap ub-hide\" id=\"ub-content-toggle-panel-0-452199a8-77a2-48a8-9b11-d71ca864e865\">\n\n<ul class=\"wp-block-list\">\n<li><a href=\"https:\/\/www.cosmundus.com\/it\/destinations\/central-calabria\/\" class=\"ek-link\">Calabria Centrale<\/a>\n<ul class=\"wp-block-list\">\n<li><a href=\"https:\/\/www.cosmundus.com\/it\/destinations\/central-calabria\/#catanzaro\" class=\"ek-link\">Catanzaro<\/a><\/li>\n\n\n\n<li><a href=\"https:\/\/www.cosmundus.com\/it\/destinations\/central-calabria\/#taverna\" class=\"ek-link\">Taverna<\/a><\/li>\n\n\n\n<li><a href=\"https:\/\/www.cosmundus.com\/it\/destinations\/central-calabria\/#lamezia-terme\" class=\"ek-link\">Lamezia Terme<\/a><\/li>\n\n\n\n<li><a href=\"https:\/\/www.cosmundus.com\/it\/destinations\/central-calabria\/#borgia\" class=\"ek-link\">Borgia<\/a><\/li>\n\n\n\n<li><a href=\"https:\/\/www.cosmundus.com\/it\/destinations\/central-calabria\/#soverato\" class=\"ek-link\">Soverato<\/a><\/li>\n<\/ul>\n<\/li>\n<\/ul>\n\n<\/div>\n\t\t<\/div>\n\n<div class=\"wp-block-ub-content-toggle-accordion\" style=\"border-color: #f1f1f1; \" id=\"ub-content-toggle-panel-block-bb3b0776-afd8-444e-a777-8cdb75819673\">\n\t\t\t<div class=\"wp-block-ub-content-toggle-accordion-title-wrap\" style=\"background-color: #f1f1f1;\" aria-controls=\"ub-content-toggle-panel-1-452199a8-77a2-48a8-9b11-d71ca864e865\" tabindex=\"0\">\n\t\t\t<p class=\"wp-block-ub-content-toggle-accordion-title ub-content-toggle-title-452199a8-77a2-48a8-9b11-d71ca864e865\" style=\"color: #000000; \">Provincia di Cosenza<\/p>\n\t\t\t<div class=\"wp-block-ub-content-toggle-accordion-toggle-wrap right\" style=\"color: #000000;\"><span class=\"wp-block-ub-content-toggle-accordion-state-indicator wp-block-ub-chevron-down\"><\/span><\/div>\n\t\t<\/div>\n\t\t\t<div role=\"region\" aria-expanded=\"false\" class=\"wp-block-ub-content-toggle-accordion-content-wrap ub-hide\" id=\"ub-content-toggle-panel-1-452199a8-77a2-48a8-9b11-d71ca864e865\">\n\n<ul class=\"wp-block-list\">\n<li><a href=\"https:\/\/www.cosmundus.com\/it\/destinations\/northern-calabria\/\" class=\"ek-link\">Calabria Settentrionale<\/a>\n<ul class=\"wp-block-list\">\n<li><a href=\"https:\/\/www.cosmundus.com\/it\/destinations\/northern-calabria\/#cosenza\" class=\"ek-link\">Cosenza<\/a><\/li>\n\n\n\n<li><a href=\"https:\/\/www.cosmundus.com\/it\/destinations\/northern-calabria\/#rende\" class=\"ek-link\">Rende<\/a><\/li>\n\n\n\n<li><a href=\"https:\/\/www.cosmundus.com\/it\/destinations\/northern-calabria\/#fiumefreddo-bruzio\" class=\"ek-link\">Fiumefreddo Bruzio<\/a><\/li>\n\n\n\n<li><a href=\"https:\/\/www.cosmundus.com\/it\/destinations\/northern-calabria\/#paola\" class=\"ek-link\">Paola<\/a><\/li>\n\n\n\n<li><a href=\"https:\/\/www.cosmundus.com\/it\/destinations\/northern-calabria\/#diamante\" class=\"ek-link\">Diamante<\/a><\/li>\n\n\n\n<li><a href=\"https:\/\/www.cosmundus.com\/it\/destinations\/northern-calabria\/#scalea\" class=\"ek-link\">Scalea<\/a><\/li>\n\n\n\n<li><a href=\"https:\/\/www.cosmundus.com\/it\/destinations\/northern-calabria\/#praia-a-mare\" class=\"ek-link\">Praia a Mare<\/a><\/li>\n\n\n\n<li><a href=\"https:\/\/www.cosmundus.com\/it\/destinations\/northern-calabria\/#papasidero\" class=\"ek-link\">Papasidero<\/a><\/li>\n\n\n\n<li><a href=\"https:\/\/www.cosmundus.com\/it\/destinations\/northern-calabria\/#cerchiara-di-calabria\" class=\"ek-link\">Cerchiara di Calabria<\/a><\/li>\n\n\n\n<li><a href=\"https:\/\/www.cosmundus.com\/it\/destinations\/northern-calabria\/#rocca-imperiale\" class=\"ek-link\">Rocca Imperiale<\/a><\/li>\n\n\n\n<li><a href=\"https:\/\/www.cosmundus.com\/it\/destinations\/northern-calabria\/#roseto-capo-spulico\" class=\"ek-link\">Roseto Capo Spulico<\/a><\/li>\n\n\n\n<li><a href=\"https:\/\/www.cosmundus.com\/it\/destinations\/northern-calabria\/#sibari\" class=\"ek-link\">Sibari<\/a><\/li>\n\n\n\n<li><a href=\"https:\/\/www.cosmundus.com\/it\/destinations\/northern-calabria\/#corigliano-calabro\" class=\"ek-link\">Corigliano Calabro<\/a><\/li>\n\n\n\n<li><a href=\"https:\/\/www.cosmundus.com\/it\/destinations\/northern-calabria\/#rossano\" class=\"ek-link\">Rossano<\/a><\/li>\n\n\n\n<li><a href=\"https:\/\/www.cosmundus.com\/it\/destinations\/northern-calabria\/#san-giovanni-in-fiore\" class=\"ek-link\">San Giovanni in Fiore<\/a><\/li>\n<\/ul>\n<\/li>\n<\/ul>\n\n<\/div>\n\t\t<\/div>\n\n<div class=\"wp-block-ub-content-toggle-accordion\" style=\"border-color: #f1f1f1; \" id=\"ub-content-toggle-panel-block-e8b459c4-c220-421d-b632-45ef485bf350\">\n\t\t\t<div class=\"wp-block-ub-content-toggle-accordion-title-wrap\" style=\"background-color: #f1f1f1;\" aria-controls=\"ub-content-toggle-panel-2-452199a8-77a2-48a8-9b11-d71ca864e865\" tabindex=\"0\">\n\t\t\t<p class=\"wp-block-ub-content-toggle-accordion-title ub-content-toggle-title-452199a8-77a2-48a8-9b11-d71ca864e865\" style=\"color: #000000; \">Provincia di Crotone<\/p>\n\t\t\t<div class=\"wp-block-ub-content-toggle-accordion-toggle-wrap right\" style=\"color: #000000;\"><span class=\"wp-block-ub-content-toggle-accordion-state-indicator wp-block-ub-chevron-down\"><\/span><\/div>\n\t\t<\/div>\n\t\t\t<div role=\"region\" aria-expanded=\"false\" class=\"wp-block-ub-content-toggle-accordion-content-wrap ub-hide\" id=\"ub-content-toggle-panel-2-452199a8-77a2-48a8-9b11-d71ca864e865\">\n\n<ul class=\"wp-block-list\">\n<li><a href=\"https:\/\/www.cosmundus.com\/it\/destinations\/crotonese\/\" class=\"ek-link\">Crotonese<\/a>\n<ul class=\"wp-block-list\">\n<li><a href=\"https:\/\/www.cosmundus.com\/it\/destinations\/crotonese\/#crotone\" class=\"ek-link\">Crotone<\/a><\/li>\n\n\n\n<li><a href=\"https:\/\/www.cosmundus.com\/it\/destinations\/crotonese\/#isola-di-capo-rizzuto\" class=\"ek-link\">Isola di Capo Rizzuto<\/a><\/li>\n\n\n\n<li><a href=\"https:\/\/www.cosmundus.com\/it\/destinations\/crotonese\/#santa-severina\" class=\"ek-link\">Santa Severina<\/a><\/li>\n<\/ul>\n<\/li>\n<\/ul>\n\n<\/div>\n\t\t<\/div>\n\n<div class=\"wp-block-ub-content-toggle-accordion\" style=\"border-color: #f1f1f1; \" id=\"ub-content-toggle-panel-block-5cdeb682-57bc-46b1-98b4-6bef615b4ebf\">\n\t\t\t<div class=\"wp-block-ub-content-toggle-accordion-title-wrap\" style=\"background-color: #f1f1f1;\" aria-controls=\"ub-content-toggle-panel-3-452199a8-77a2-48a8-9b11-d71ca864e865\" tabindex=\"0\">\n\t\t\t<p class=\"wp-block-ub-content-toggle-accordion-title ub-content-toggle-title-452199a8-77a2-48a8-9b11-d71ca864e865\" style=\"color: #000000; \">Citt\u00e0 Metropolitana di Reggio Calabria<\/p>\n\t\t\t<div class=\"wp-block-ub-content-toggle-accordion-toggle-wrap right\" style=\"color: #000000;\"><span class=\"wp-block-ub-content-toggle-accordion-state-indicator wp-block-ub-chevron-down\"><\/span><\/div>\n\t\t<\/div>\n\t\t\t<div role=\"region\" aria-expanded=\"false\" class=\"wp-block-ub-content-toggle-accordion-content-wrap ub-hide\" id=\"ub-content-toggle-panel-3-452199a8-77a2-48a8-9b11-d71ca864e865\">\n\n<ul class=\"wp-block-list\">\n<li><a href=\"https:\/\/www.cosmundus.com\/it\/destinations\/southern-calabria\/\" class=\"ek-link\">Calabria Meridionale<\/a>\n<ul class=\"wp-block-list\">\n<li><a href=\"https:\/\/www.cosmundus.com\/it\/destinations\/southern-calabria\/#reggio-calabria\" class=\"ek-link\">Reggio Calabria<\/a><\/li>\n\n\n\n<li><a href=\"https:\/\/www.cosmundus.com\/it\/destinations\/southern-calabria\/#motta-san-giovanni\" class=\"ek-link\">Motta San Giovanni<\/a><\/li>\n\n\n\n<li><a href=\"https:\/\/www.cosmundus.com\/it\/destinations\/southern-calabria\/#melito-di-porto-salvo\" class=\"ek-link\">Melito di Porto Salvo<\/a><\/li>\n\n\n\n<li><a href=\"https:\/\/www.cosmundus.com\/it\/destinations\/southern-calabria\/#bova\" class=\"ek-link\">Bova<\/a><\/li>\n\n\n\n<li><a href=\"https:\/\/www.cosmundus.com\/it\/destinations\/southern-calabria\/#bova-marina\" class=\"ek-link\">Bova Marina<\/a><\/li>\n\n\n\n<li><a href=\"https:\/\/www.cosmundus.com\/it\/destinations\/southern-calabria\/#locri\" class=\"ek-link\">Locri<\/a><\/li>\n\n\n\n<li><a href=\"https:\/\/www.cosmundus.com\/it\/destinations\/southern-calabria\/#gerace\" class=\"ek-link\">Gerace<\/a><\/li>\n\n\n\n<li><a href=\"https:\/\/www.cosmundus.com\/it\/destinations\/southern-calabria\/#mammola\" class=\"ek-link\">Mammola<\/a><\/li>\n\n\n\n<li><a href=\"https:\/\/www.cosmundus.com\/it\/destinations\/southern-calabria\/#monasterace\" class=\"ek-link\">Monasterace<\/a><\/li>\n\n\n\n<li><a href=\"https:\/\/www.cosmundus.com\/it\/destinations\/southern-calabria\/#stilo\" class=\"ek-link\">Stilo<\/a><\/li>\n\n\n\n<li><a href=\"https:\/\/www.cosmundus.com\/it\/destinations\/southern-calabria\/#rosarno\" class=\"ek-link\">Rosarno<\/a><\/li>\n\n\n\n<li><a href=\"https:\/\/www.cosmundus.com\/it\/destinations\/southern-calabria\/#gioia-tauro\" class=\"ek-link\">Gioia Tauro<\/a><\/li>\n\n\n\n<li><a href=\"https:\/\/www.cosmundus.com\/it\/destinations\/southern-calabria\/#palmi\" class=\"ek-link\">Palmi<\/a><\/li>\n\n\n\n<li><a href=\"https:\/\/www.cosmundus.com\/it\/destinations\/southern-calabria\/#scilla\" class=\"ek-link\">Scilla<\/a><\/li>\n\n\n\n<li><a href=\"https:\/\/www.cosmundus.com\/it\/destinations\/southern-calabria\/#santo-stefano-in-aspromonte\" class=\"ek-link\">Santo Stefano in Aspromonte<\/a><\/li>\n<\/ul>\n<\/li>\n<\/ul>\n\n<\/div>\n\t\t<\/div>\n\n<div class=\"wp-block-ub-content-toggle-accordion\" style=\"border-color: #f1f1f1; \" id=\"ub-content-toggle-panel-block-89377d6a-7b5d-4fe2-84fe-27faa5a1ff6f\">\n\t\t\t<div class=\"wp-block-ub-content-toggle-accordion-title-wrap\" style=\"background-color: #f1f1f1;\" aria-controls=\"ub-content-toggle-panel-4-452199a8-77a2-48a8-9b11-d71ca864e865\" tabindex=\"0\">\n\t\t\t<p class=\"wp-block-ub-content-toggle-accordion-title ub-content-toggle-title-452199a8-77a2-48a8-9b11-d71ca864e865\" style=\"color: #000000; \">Provincia di Vibo Valentia<\/p>\n\t\t\t<div class=\"wp-block-ub-content-toggle-accordion-toggle-wrap right\" style=\"color: #000000;\"><span class=\"wp-block-ub-content-toggle-accordion-state-indicator wp-block-ub-chevron-down\"><\/span><\/div>\n\t\t<\/div>\n\t\t\t<div role=\"region\" aria-expanded=\"false\" class=\"wp-block-ub-content-toggle-accordion-content-wrap ub-hide\" id=\"ub-content-toggle-panel-4-452199a8-77a2-48a8-9b11-d71ca864e865\">\n\n<ul class=\"wp-block-list\">\n<li><a href=\"https:\/\/www.cosmundus.com\/it\/destinations\/vibonese\/\" class=\"ek-link\">Vibonese<\/a>\n<ul class=\"wp-block-list\">\n<li><a href=\"https:\/\/www.cosmundus.com\/it\/destinations\/vibonese\/#vibo-valentia\" class=\"ek-link\">Vibo Valentia<\/a><\/li>\n\n\n\n<li><a href=\"https:\/\/www.cosmundus.com\/it\/destinations\/vibonese\/#pizzo\" class=\"ek-link\">Pizzo<\/a><\/li>\n\n\n\n<li><a href=\"https:\/\/www.cosmundus.com\/it\/destinations\/vibonese\/#tropea\" class=\"ek-link\">Tropea<\/a><\/li>\n\n\n\n<li><a href=\"https:\/\/www.cosmundus.com\/it\/destinations\/vibonese\/#serra-san-bruno\" class=\"ek-link\">Serra San Bruno<\/a><\/li>\n<\/ul>\n<\/li>\n<\/ul>\n\n<\/div>\n\t\t<\/div>\n<\/div>\n\n\n<div style=\"height:20px\" aria-hidden=\"true\" class=\"wp-block-spacer\"><\/div>\n\n\n\n<h4 class=\"wp-block-heading has-text-align-center\"><strong>Mappa della Calabria<\/strong><\/h4>\n\n\n<div class=\"wp-block-image\">\n<figure class=\"aligncenter size-large is-resized\"><a href=\"https:\/\/www.cosmundus.com\/wp-content\/uploads\/2024\/06\/Calabria_it.png\"><img fetchpriority=\"high\" decoding=\"async\" width=\"1024\" height=\"1024\" src=\"https:\/\/www.cosmundus.com\/wp-content\/uploads\/2024\/06\/Calabria_it.png\" alt=\"\" class=\"wp-image-11217\" style=\"object-fit:cover;width:512px;height:512px\" srcset=\"https:\/\/www.cosmundus.com\/wp-content\/uploads\/2024\/06\/Calabria_it.png 3903w, https:\/\/www.cosmundus.com\/wp-content\/uploads\/2024\/06\/Calabria_it-300x300.png 300w, https:\/\/www.cosmundus.com\/wp-content\/uploads\/2024\/06\/Calabria_it-1024x1024.png 1024w, https:\/\/www.cosmundus.com\/wp-content\/uploads\/2024\/06\/Calabria_it-150x150.png 150w, https:\/\/www.cosmundus.com\/wp-content\/uploads\/2024\/06\/Calabria_it-768x768.png 768w, https:\/\/www.cosmundus.com\/wp-content\/uploads\/2024\/06\/Calabria_it-1536x1536.png 1536w, https:\/\/www.cosmundus.com\/wp-content\/uploads\/2024\/06\/Calabria_it-2048x2048.png 2048w, https:\/\/www.cosmundus.com\/wp-content\/uploads\/2024\/06\/Calabria_it-12x12.png 12w, https:\/\/www.cosmundus.com\/wp-content\/uploads\/2024\/06\/Calabria_it-64x64.png 64w, https:\/\/www.cosmundus.com\/wp-content\/uploads\/2024\/06\/Calabria_it-850x850.png 850w\" sizes=\"(max-width: 1024px) 100vw, 1024px\" \/><\/a><\/figure><\/div>\n\n\n<div style=\"height:20px\" aria-hidden=\"true\" class=\"wp-block-spacer\"><\/div>\n\n\n\n<h4 class=\"wp-block-heading has-text-align-center\"><strong>Mappa di tutti i posti in Calabria, suddivisi per provincia<\/strong><\/h4>\n\n\n<p style=\"text-align: center;\"><iframe src=\"https:\/\/www.google.com\/maps\/d\/u\/0\/embed?mid=1AvgkkqAkVurSLUlAC0npwlW0Dis4n28&#038;ehbc=2E312F\" width=\"640\" height=\"480\"><\/iframe><\/p>","protected":false},"excerpt":{"rendered":"<p>&lt;&lt; South Italy Calabria is the southernmost region of continental Italy, bordering Basilicata to the north and separated from Sicily by the Strait of Messina. The region is mostly mountainous, and features the large massifs of the Pollino, the Sila, and the Aspromonte, while some small plains are along the coasts on the Tyrrhenian Sea and the Ionian Sea. Inhabited since prehistory, Calabria was colonized by the Greeks, who gave the region the name Italia, which was later extended to the entire Italian peninsula. The region flourished during the Greek era, and remained important under the Romans and the Byzantines. Calabria was later ruled by the Normans and was part of the Kingdom of Sicily and then the Kingdom of Naples before joining the newly unfied Italy. For centuries, Calabria was the main center of silk production in Europe, but its importance declined since the 18th century. The region has remained underdeveloped for a long time, but tourism has been on the rise in the past few decades. Calabria is known for its seaside resorts along the coast, and the beautiful mountains of its interior. The region also hosts numerous historic landmarks and several ancient ruins. Destinations in Calabria Map of Calabria Map of all places in Calabria, subdivided by province<\/p>","protected":false},"author":1,"featured_media":0,"parent":784,"menu_order":0,"comment_status":"closed","ping_status":"closed","template":"","meta":{"_editorskit_title_hidden":false,"_editorskit_reading_time":1,"_editorskit_is_block_options_detached":false,"_editorskit_block_options_position":"{}","om_disable_all_campaigns":false,"_uag_custom_page_level_css":"","advgb_blocks_editor_width":"","advgb_blocks_columns_visual_guide":"","_monsterinsights_skip_tracking":false,"_monsterinsights_sitenote_active":false,"_monsterinsights_sitenote_note":"","_monsterinsights_sitenote_category":0,"footnotes":""},"class_list":["post-909","page","type-page","status-publish","hentry"],"aioseo_notices":[],"featured_image_src":null,"uagb_featured_image_src":{"full":false,"thumbnail":false,"medium":false,"medium_large":false,"large":false,"1536x1536":false,"2048x2048":false,"trp-custom-language-flag":false,"xs-thumb":false,"post-thumbnail":false,"minimalistblogger-grid":false,"minimalistblogger-slider":false,"minimalistblogger-small":false},"uagb_author_info":{"display_name":"Stefano Cammisa","author_link":"https:\/\/www.cosmundus.com\/it\/author\/stefano-cammisa\/"},"uagb_comment_info":0,"uagb_excerpt":"&lt;&lt; South Italy Calabria is the southernmost region of continental Italy, bordering Basilicata to the north and separated from Sicily by the Strait of Messina. The region is mostly mountainous, and features the large massifs of the Pollino, the Sila, and the Aspromonte, while some small plains are along the coasts on the Tyrrhenian Sea&hellip;","coauthors":[],"author_meta":{"author_link":"https:\/\/www.cosmundus.com\/it\/author\/stefano-cammisa\/","display_name":"Stefano Cammisa"},"relative_dates":{"created":"Pubblicato 2 anni fa","modified":"Aggiornato 2 anni fa"},"absolute_dates":{"created":"Pubblicato il 7 Ottobre 2024","modified":"Aggiornato il 7 Ottobre 2024"},"absolute_dates_time":{"created":"Pubblicato il 7 Ottobre 2024 10:23 am","modified":"Aggiornato il 7 Ottobre 2024 10:23 am"},"featured_img_caption":"","featured_img":false,"series_order":"","_links":{"self":[{"href":"https:\/\/www.cosmundus.com\/it\/wp-json\/wp\/v2\/pages\/909","targetHints":{"allow":["GET"]}}],"collection":[{"href":"https:\/\/www.cosmundus.com\/it\/wp-json\/wp\/v2\/pages"}],"about":[{"href":"https:\/\/www.cosmundus.com\/it\/wp-json\/wp\/v2\/types\/page"}],"author":[{"embeddable":true,"href":"https:\/\/www.cosmundus.com\/it\/wp-json\/wp\/v2\/users\/1"}],"replies":[{"embeddable":true,"href":"https:\/\/www.cosmundus.com\/it\/wp-json\/wp\/v2\/comments?post=909"}],"version-history":[{"count":13,"href":"https:\/\/www.cosmundus.com\/it\/wp-json\/wp\/v2\/pages\/909\/revisions"}],"predecessor-version":[{"id":11904,"href":"https:\/\/www.cosmundus.com\/it\/wp-json\/wp\/v2\/pages\/909\/revisions\/11904"}],"up":[{"embeddable":true,"href":"https:\/\/www.cosmundus.com\/it\/wp-json\/wp\/v2\/pages\/784"}],"wp:attachment":[{"href":"https:\/\/www.cosmundus.com\/it\/wp-json\/wp\/v2\/media?parent=909"}],"curies":[{"name":"wp","href":"https:\/\/api.w.org\/{rel}","templated":true}]}}