{"id":908,"date":"2024-10-07T10:17:22","date_gmt":"2024-10-07T08:17:22","guid":{"rendered":"https:\/\/www.cosmundus.com\/?page_id=908"},"modified":"2024-10-07T10:17:22","modified_gmt":"2024-10-07T08:17:22","slug":"basilicata","status":"publish","type":"page","link":"https:\/\/www.cosmundus.com\/it\/atlas\/europe\/southern-europe\/italy\/south-italy\/basilicata\/","title":{"rendered":"Basilicata"},"content":{"rendered":"<p class=\"has-text-align-right\">&lt;&lt; <a href=\"https:\/\/www.cosmundus.com\/it\/atlas\/europe\/southern-europe\/italy\/south-italy\/\" class=\"ek-link\">Italia Meridionale<\/a><\/p>\n\n\n\n<p class=\"translation-block\">La Basilicata \u00e8 una regione dell'Italia Meridionale, stretta tra <a href=\"https:\/\/www.cosmundus.com\/it\/atlas\/europe\/southern-europe\/italy\/south-italy\/campania\/\" class=\"ek-link\" target=\"_self\">Campania<\/a>, <a href=\"https:\/\/www.cosmundus.com\/it\/atlas\/europe\/southern-europe\/italy\/south-italy\/apulia\/\" class=\"ek-link\" target=\"_self\">Puglia<\/a> e <a href=\"https:\/\/www.cosmundus.com\/it\/atlas\/europe\/southern-europe\/italy\/south-italy\/calabria\/\" class=\"ek-link\" target=\"_self\">Calabria<\/a>. La regione tocca sia il Mar Ionio che il Mar Tirreno, mentre il suo territorio \u00e8 prevalentemente occupato da colline e montagne, con l'unica pianura lungo la costa orientale. La Basilicata \u00e8 stata abitata fin dal Paleolitico, ed fu la patria dei Lucani, un'antica trib\u00f9 italica, mentre le zone costiere furono colonizzate dai Greci. La regione fu successivamente conquistata dai Romani e durante il Medioevo fu sotto il dominio bizantino, longobardo e normanno, con alcune aree occupate anche dagli Arabi. Per secoli questo territorio fu parte del Regno di <a href=\"https:\/\/www.cosmundus.com\/it\/destinations\/naples\/\" target=\"_self\">Napoli<\/a> e poi del Regno delle Due Sicilie , fino all'unificazione dell'Italia. In seguito la Basilicata fu una delle zone pi\u00f9 colpite dal brigantaggio, con banditi che per anni si opposero al governo italiano. Negli ultimi decenni la Basilicata ha visto un'impennata del turismo, grazie ai famosi Sassi di Matera, localit\u00e0 balneari come Maratea e Metaponto, e diverse piccole citt\u00e0 e siti storici situati tra le montagne. La regione \u00e8 anche conosciuta per il suo ambiente naturale stupendo e in gran parte incontaminato.<\/p>\n\n\n\n<h3 class=\"wp-block-heading\">Destinazioni in Basilicata<\/h3>\n\n\n<div class=\"wp-block-ub-content-toggle wp-block-ub-content-toggle-block\" id=\"ub-content-toggle-block-0e4d0d90-2b26-48cd-9c61-53611be37954\" data-mobilecollapse=\"true\" data-desktopcollapse=\"true\" data-preventcollapse=\"false\" data-showonlyone=\"false\">\n<div class=\"wp-block-ub-content-toggle-accordion\" style=\"border-color: #f1f1f1; \" id=\"ub-content-toggle-panel-block-d237d1ee-cbac-4821-8d0e-318962defbdf\">\n\t\t\t<div class=\"wp-block-ub-content-toggle-accordion-title-wrap\" style=\"background-color: #f1f1f1;\" aria-controls=\"ub-content-toggle-panel-0-0e4d0d90-2b26-48cd-9c61-53611be37954\" tabindex=\"0\">\n\t\t\t<p class=\"wp-block-ub-content-toggle-accordion-title ub-content-toggle-title-0e4d0d90-2b26-48cd-9c61-53611be37954\" style=\"color: #000000; \">Provincia di Matera<\/p>\n\t\t\t<div class=\"wp-block-ub-content-toggle-accordion-toggle-wrap right\" style=\"color: #000000;\"><span class=\"wp-block-ub-content-toggle-accordion-state-indicator wp-block-ub-chevron-down\"><\/span><\/div>\n\t\t<\/div>\n\t\t\t<div role=\"region\" aria-expanded=\"false\" class=\"wp-block-ub-content-toggle-accordion-content-wrap ub-hide\" id=\"ub-content-toggle-panel-0-0e4d0d90-2b26-48cd-9c61-53611be37954\">\n\n<ul class=\"wp-block-list\">\n<li><a href=\"https:\/\/www.cosmundus.com\/it\/destinations\/matera\/\" class=\"ek-link\">Matera<\/a><\/li>\n\n\n\n<li><a href=\"https:\/\/www.cosmundus.com\/it\/destinations\/eastern-basilicata\/\" class=\"ek-link\">Basilicata Orientale<\/a>\n<ul class=\"wp-block-list\">\n<li><a href=\"https:\/\/www.cosmundus.com\/it\/destinations\/eastern-basilicata\/#metaponto\" class=\"ek-link\">Metaponto<\/a><\/li>\n\n\n\n<li><a href=\"https:\/\/www.cosmundus.com\/it\/destinations\/eastern-basilicata\/#policoro\" class=\"ek-link\">Policoro<\/a><\/li>\n\n\n\n<li><a href=\"https:\/\/www.cosmundus.com\/it\/destinations\/eastern-basilicata\/#tursi\" class=\"ek-link\">Tursi<\/a><\/li>\n\n\n\n<li><a href=\"https:\/\/www.cosmundus.com\/it\/destinations\/eastern-basilicata\/#craco\" class=\"ek-link\">Craco<\/a><\/li>\n\n\n\n<li><a href=\"https:\/\/www.cosmundus.com\/it\/destinations\/eastern-basilicata\/#montescaglioso\" class=\"ek-link\">Montescaglioso<\/a><\/li>\n\n\n\n<li><a href=\"https:\/\/www.cosmundus.com\/it\/destinations\/eastern-basilicata\/#miglionico\" class=\"ek-link\">Miglionico<\/a><\/li>\n\n\n\n<li><a href=\"https:\/\/www.cosmundus.com\/it\/destinations\/eastern-basilicata\/#tricarico\" class=\"ek-link\">Tricarico<\/a><\/li>\n\n\n\n<li><a href=\"https:\/\/www.cosmundus.com\/it\/destinations\/eastern-basilicata\/#irsina\" class=\"ek-link\">Irsina<\/a><\/li>\n<\/ul>\n<\/li>\n<\/ul>\n\n<\/div>\n\t\t<\/div>\n\n<div class=\"wp-block-ub-content-toggle-accordion\" style=\"border-color: #f1f1f1; \" id=\"ub-content-toggle-panel-block-68be8ad3-1332-4a86-8b6d-ee2d41bb6962\">\n\t\t\t<div class=\"wp-block-ub-content-toggle-accordion-title-wrap\" style=\"background-color: #f1f1f1;\" aria-controls=\"ub-content-toggle-panel-1-0e4d0d90-2b26-48cd-9c61-53611be37954\" tabindex=\"0\">\n\t\t\t<p class=\"wp-block-ub-content-toggle-accordion-title ub-content-toggle-title-0e4d0d90-2b26-48cd-9c61-53611be37954\" style=\"color: #000000; \">Provincia di Potenza<\/p>\n\t\t\t<div class=\"wp-block-ub-content-toggle-accordion-toggle-wrap right\" style=\"color: #000000;\"><span class=\"wp-block-ub-content-toggle-accordion-state-indicator wp-block-ub-chevron-down\"><\/span><\/div>\n\t\t<\/div>\n\t\t\t<div role=\"region\" aria-expanded=\"false\" class=\"wp-block-ub-content-toggle-accordion-content-wrap ub-hide\" id=\"ub-content-toggle-panel-1-0e4d0d90-2b26-48cd-9c61-53611be37954\">\n\n<ul class=\"wp-block-list\">\n<li><a href=\"https:\/\/www.cosmundus.com\/it\/destinations\/northwestern-basilicata\/\" class=\"ek-link\">Basilicata Nord-Occidentale<\/a>\n<ul class=\"wp-block-list\">\n<li><a href=\"https:\/\/www.cosmundus.com\/it\/destinations\/northwestern-basilicata\/#potenza\" class=\"ek-link\">Potenza<\/a><\/li>\n\n\n\n<li><a href=\"https:\/\/www.cosmundus.com\/it\/destinations\/northwestern-basilicata\/#vaglio-basilicata\" class=\"ek-link\">Vaglio Basilicata<\/a><\/li>\n\n\n\n<li><a href=\"https:\/\/www.cosmundus.com\/it\/destinations\/northwestern-basilicata\/#acerenza\" class=\"ek-link\">Acerenza<\/a><\/li>\n\n\n\n<li><a href=\"https:\/\/www.cosmundus.com\/it\/destinations\/northwestern-basilicata\/#genzano-di-lucania\" class=\"ek-link\">Genzano di Lucania<\/a><\/li>\n\n\n\n<li><a href=\"https:\/\/www.cosmundus.com\/it\/destinations\/northwestern-basilicata\/#castel-lagopesole\" class=\"ek-link\">Castel Lagopesole<\/a><\/li>\n\n\n\n<li><a href=\"https:\/\/www.cosmundus.com\/it\/destinations\/northwestern-basilicata\/#venosa\" class=\"ek-link\">Venosa<\/a><\/li>\n\n\n\n<li><a href=\"https:\/\/www.cosmundus.com\/it\/destinations\/northwestern-basilicata\/#rapolla\" class=\"ek-link\">Rapolla<\/a><\/li>\n\n\n\n<li><a href=\"https:\/\/www.cosmundus.com\/it\/destinations\/northwestern-basilicata\/#melfi\" class=\"ek-link\">Melfi<\/a><\/li>\n\n\n\n<li><a href=\"https:\/\/www.cosmundus.com\/it\/destinations\/northwestern-basilicata\/#monticchio\" class=\"ek-link\">Monticchio<\/a><\/li>\n\n\n\n<li><a href=\"https:\/\/www.cosmundus.com\/it\/destinations\/northwestern-basilicata\/#sasso-di-castalda\" class=\"ek-link\">Sasso di Castalda<\/a><\/li>\n\n\n\n<li><a href=\"https:\/\/www.cosmundus.com\/it\/destinations\/northwestern-basilicata\/#pietrapertosa\" class=\"ek-link\">Pietrapertosa<\/a><\/li>\n<\/ul>\n<\/li>\n\n\n\n<li><a href=\"https:\/\/www.cosmundus.com\/it\/destinations\/southwestern-basilicata\/\" class=\"ek-link\">Basilicata Sud-Occidentale<\/a>\n<ul class=\"wp-block-list\">\n<li><a href=\"https:\/\/www.cosmundus.com\/it\/destinations\/southwestern-basilicata\/#maratea\" class=\"ek-link\">Maratea<\/a><\/li>\n\n\n\n<li><a href=\"https:\/\/www.cosmundus.com\/it\/destinations\/southwestern-basilicata\/#lagonegro\" class=\"ek-link\">Lagonegro<\/a><\/li>\n\n\n\n<li><a href=\"https:\/\/www.cosmundus.com\/it\/destinations\/southwestern-basilicata\/#latronico\" class=\"ek-link\">Latronico<\/a><\/li>\n\n\n\n<li><a href=\"https:\/\/www.cosmundus.com\/it\/destinations\/southwestern-basilicata\/#san-severino-lucano\" class=\"ek-link\">San Severino Lucano<\/a><\/li>\n\n\n\n<li><a href=\"https:\/\/www.cosmundus.com\/it\/destinations\/southwestern-basilicata\/#rotonda\" class=\"ek-link\">Rotonda<\/a><\/li>\n\n\n\n<li><a href=\"https:\/\/www.cosmundus.com\/it\/destinations\/southwestern-basilicata\/#san-paolo-albanese\" class=\"ek-link\">San Paolo Albanese<\/a><\/li>\n\n\n\n<li><a href=\"https:\/\/www.cosmundus.com\/it\/destinations\/southwestern-basilicata\/#santarcangelo\" class=\"ek-link\">Sant&#8217;Arcangelo<\/a><\/li>\n\n\n\n<li><a href=\"https:\/\/www.cosmundus.com\/it\/destinations\/southwestern-basilicata\/#grumento-nova\" class=\"ek-link\">Grumento Nova<\/a><\/li>\n<\/ul>\n<\/li>\n<\/ul>\n\n<\/div>\n\t\t<\/div>\n<\/div>\n\n\n<div style=\"height:20px\" aria-hidden=\"true\" class=\"wp-block-spacer\"><\/div>\n\n\n\n<h4 class=\"wp-block-heading has-text-align-center\"><strong>Mappa della Basilicata<\/strong><\/h4>\n\n\n<div class=\"wp-block-image\">\n<figure class=\"aligncenter size-large is-resized\"><a href=\"https:\/\/www.cosmundus.com\/wp-content\/uploads\/2024\/06\/Basilicata_it.png\"><img fetchpriority=\"high\" decoding=\"async\" width=\"1024\" height=\"1024\" src=\"https:\/\/www.cosmundus.com\/wp-content\/uploads\/2024\/06\/Basilicata_it.png\" alt=\"\" class=\"wp-image-11148\" style=\"object-fit:cover;width:512px;height:512px\" srcset=\"https:\/\/www.cosmundus.com\/wp-content\/uploads\/2024\/06\/Basilicata_it.png 3615w, https:\/\/www.cosmundus.com\/wp-content\/uploads\/2024\/06\/Basilicata_it-300x300.png 300w, https:\/\/www.cosmundus.com\/wp-content\/uploads\/2024\/06\/Basilicata_it-1024x1024.png 1024w, https:\/\/www.cosmundus.com\/wp-content\/uploads\/2024\/06\/Basilicata_it-150x150.png 150w, https:\/\/www.cosmundus.com\/wp-content\/uploads\/2024\/06\/Basilicata_it-768x768.png 768w, https:\/\/www.cosmundus.com\/wp-content\/uploads\/2024\/06\/Basilicata_it-1536x1536.png 1536w, https:\/\/www.cosmundus.com\/wp-content\/uploads\/2024\/06\/Basilicata_it-2048x2048.png 2048w, https:\/\/www.cosmundus.com\/wp-content\/uploads\/2024\/06\/Basilicata_it-12x12.png 12w, https:\/\/www.cosmundus.com\/wp-content\/uploads\/2024\/06\/Basilicata_it-64x64.png 64w, https:\/\/www.cosmundus.com\/wp-content\/uploads\/2024\/06\/Basilicata_it-850x850.png 850w\" sizes=\"(max-width: 1024px) 100vw, 1024px\" \/><\/a><\/figure><\/div>\n\n\n<div style=\"height:20px\" aria-hidden=\"true\" class=\"wp-block-spacer\"><\/div>\n\n\n\n<h4 class=\"wp-block-heading has-text-align-center\"><strong>Mappa di tutti i posti in Basilicata, suddivisi per provincia<\/strong><\/h4>\n\n\n<p style=\"text-align: center;\"><iframe src=\"https:\/\/www.google.com\/maps\/d\/u\/0\/embed?mid=1NrAXamW-yInXoJhjeI57o5LHsjoN070&#038;ehbc=2E312F\" width=\"640\" height=\"480\"><\/iframe><\/p>","protected":false},"excerpt":{"rendered":"<p>&lt;&lt; South Italy Basilicata is a region of Southern Italy, tucked between Campania, Apulia, and Calabria. The region touches both the Ionian Sea and the Tyrrhenian Sea, while its territory is mostly occupied by hills and mountains, with the only plain being along the eastern coast. Basilicata has been inhabited since the Paleolithic, and was the home of the Lucanians, an ancient Italic tribe, while the coastal areas were colonized by the Greeks. The region was later conquered by the Romans, and during the Middle Ages it was under Byzantine, Lombard, and Norman rule, with some areas also occupied by Arabs. For centuries, this territory was part of the Kingdom of Naples and then the Kingdom of the Two Sicilies, until the unification of Italy. Following this, Basilicata was one of the areas most affected by brigandage, with bandits fighting the Italian government for years. Over the past few decades, Basilicata has seen a surge in tourism, thanks to the famous Sassi of Matera, seaside resorts such as Maratea and Metaponto, and several small towns and historic sites located among the mountains. The region is also known for its beautiful and mostly pristine natural environment. Destinations in Basilicata Map of Basilicata Map of all places in Basilicata, subdivided by province<\/p>","protected":false},"author":1,"featured_media":0,"parent":784,"menu_order":0,"comment_status":"closed","ping_status":"closed","template":"","meta":{"_editorskit_title_hidden":false,"_editorskit_reading_time":1,"_editorskit_is_block_options_detached":false,"_editorskit_block_options_position":"{}","om_disable_all_campaigns":false,"_uag_custom_page_level_css":"","advgb_blocks_editor_width":"","advgb_blocks_columns_visual_guide":"","_monsterinsights_skip_tracking":false,"_monsterinsights_sitenote_active":false,"_monsterinsights_sitenote_note":"","_monsterinsights_sitenote_category":0,"footnotes":""},"class_list":["post-908","page","type-page","status-publish","hentry"],"aioseo_notices":[],"featured_image_src":null,"uagb_featured_image_src":{"full":false,"thumbnail":false,"medium":false,"medium_large":false,"large":false,"1536x1536":false,"2048x2048":false,"trp-custom-language-flag":false,"xs-thumb":false,"post-thumbnail":false,"minimalistblogger-grid":false,"minimalistblogger-slider":false,"minimalistblogger-small":false},"uagb_author_info":{"display_name":"Stefano Cammisa","author_link":"https:\/\/www.cosmundus.com\/it\/author\/stefano-cammisa\/"},"uagb_comment_info":0,"uagb_excerpt":"&lt;&lt; South Italy Basilicata is a region of Southern Italy, tucked between Campania, Apulia, and Calabria. The region touches both the Ionian Sea and the Tyrrhenian Sea, while its territory is mostly occupied by hills and mountains, with the only plain being along the eastern coast. Basilicata has been inhabited since the Paleolithic, and was&hellip;","coauthors":[],"author_meta":{"author_link":"https:\/\/www.cosmundus.com\/it\/author\/stefano-cammisa\/","display_name":"Stefano Cammisa"},"relative_dates":{"created":"Pubblicato 2 anni fa","modified":"Aggiornato 2 anni fa"},"absolute_dates":{"created":"Pubblicato il 7 Ottobre 2024","modified":"Aggiornato il 7 Ottobre 2024"},"absolute_dates_time":{"created":"Pubblicato il 7 Ottobre 2024 10:17 am","modified":"Aggiornato il 7 Ottobre 2024 10:17 am"},"featured_img_caption":"","featured_img":false,"series_order":"","_links":{"self":[{"href":"https:\/\/www.cosmundus.com\/it\/wp-json\/wp\/v2\/pages\/908","targetHints":{"allow":["GET"]}}],"collection":[{"href":"https:\/\/www.cosmundus.com\/it\/wp-json\/wp\/v2\/pages"}],"about":[{"href":"https:\/\/www.cosmundus.com\/it\/wp-json\/wp\/v2\/types\/page"}],"author":[{"embeddable":true,"href":"https:\/\/www.cosmundus.com\/it\/wp-json\/wp\/v2\/users\/1"}],"replies":[{"embeddable":true,"href":"https:\/\/www.cosmundus.com\/it\/wp-json\/wp\/v2\/comments?post=908"}],"version-history":[{"count":9,"href":"https:\/\/www.cosmundus.com\/it\/wp-json\/wp\/v2\/pages\/908\/revisions"}],"predecessor-version":[{"id":11899,"href":"https:\/\/www.cosmundus.com\/it\/wp-json\/wp\/v2\/pages\/908\/revisions\/11899"}],"up":[{"embeddable":true,"href":"https:\/\/www.cosmundus.com\/it\/wp-json\/wp\/v2\/pages\/784"}],"wp:attachment":[{"href":"https:\/\/www.cosmundus.com\/it\/wp-json\/wp\/v2\/media?parent=908"}],"curies":[{"name":"wp","href":"https:\/\/api.w.org\/{rel}","templated":true}]}}