{"id":907,"date":"2024-10-07T10:05:02","date_gmt":"2024-10-07T08:05:02","guid":{"rendered":"https:\/\/www.cosmundus.com\/?page_id=907"},"modified":"2024-10-07T10:05:03","modified_gmt":"2024-10-07T08:05:03","slug":"apulia","status":"publish","type":"page","link":"https:\/\/www.cosmundus.com\/it\/atlas\/europe\/southern-europe\/italy\/south-italy\/apulia\/","title":{"rendered":"Puglia"},"content":{"rendered":"<p class=\"has-text-align-right\">&lt;&lt; <a href=\"https:\/\/www.cosmundus.com\/it\/atlas\/europe\/southern-europe\/italy\/south-italy\/\" class=\"ek-link\">Italia Meridionale<\/a><\/p>\n\n\n\n<p class=\"translation-block\">La Puglia \u00e8 una regione dell'Italia, situata nel sud-est del paese, al confine con <a href=\"https:\/\/www.cosmundus.com\/it\/atlas\/europe\/southern-europe\/italy\/south-italy\/molise\/\" class=\"ek-link\" target=\"_self\">Molise<\/a>, <a href=\"https:\/\/www.cosmundus.com\/it\/atlas\/europe\/southern-europe\/italy\/south-italy\/campania\/\" class=\"ek-link\" target=\"_self\">Campania<\/a> e <a href=\"https:\/\/www.cosmundus.com\/it\/atlas\/europe\/southern-europe\/italy\/south-italy\/basilicata\/\" class=\"ek-link\" target=\"_self\">Basilicata<\/a>, e si affaccia sul Mare Adriatico e sul Mar Ionio. Il territorio della Puglia \u00e8 prevalentemente pianeggiante, con moderate colline lungo il confine occidentale e qualche montagna a nord e sul promontorio del Gargano. La regione fu popolata in epoca preistorica ed era abitata da trib\u00f9 dei Iapigi dell'Illiria. Successivamente colonizzata dai Greci e conquistata dai Romani, nel Medioevo fu contesa tra Bizantini e Longobardi, e fu per breve tempo occupata dagli Arabi. Tra l'undicesimo e il tredicesimo secolo la regione visse un periodo di splendore e furono costruiti numerosi castelli e chiese in quello che divenne noto come stile romanico pugliese. La Puglia fu poi governata per secoli dal Regno di <a href=\"https:\/\/www.cosmundus.com\/it\/destinations\/naples\/\" target=\"_self\">Napoli<\/a>, e divenne parte dell'Italia quando il paese fu unificato. La regione \u00e8 oggi una famosa meta turistica grazie alla sua lunga costa e alle numerose localit\u00e0 balneari, ma anche per i suoi borghi antichi e le sue attrazioni storiche. La regione \u00e8 nota anche per la sua cultura e tradizioni culinarie, e per la produzione di vino e olio d'oliva.<\/p>\n\n\n\n<h3 class=\"wp-block-heading\">Destinazioni in Puglia<\/h3>\n\n\n<div class=\"wp-block-ub-content-toggle wp-block-ub-content-toggle-block\" id=\"ub-content-toggle-block-c501f609-2f45-4d74-9c39-71123280d63a\" data-mobilecollapse=\"true\" data-desktopcollapse=\"true\" data-preventcollapse=\"false\" data-showonlyone=\"false\">\n<div class=\"wp-block-ub-content-toggle-accordion\" style=\"border-color: #f1f1f1; \" id=\"ub-content-toggle-panel-block-12461134-4d6e-471e-af91-8573cadb8a19\">\n\t\t\t<div class=\"wp-block-ub-content-toggle-accordion-title-wrap\" style=\"background-color: #f1f1f1;\" aria-controls=\"ub-content-toggle-panel-0-c501f609-2f45-4d74-9c39-71123280d63a\" tabindex=\"0\">\n\t\t\t<p class=\"wp-block-ub-content-toggle-accordion-title ub-content-toggle-title-c501f609-2f45-4d74-9c39-71123280d63a\" style=\"color: #000000; \">Citt\u00e0 Metropolitana di Bari<\/p>\n\t\t\t<div class=\"wp-block-ub-content-toggle-accordion-toggle-wrap right\" style=\"color: #000000;\"><span class=\"wp-block-ub-content-toggle-accordion-state-indicator wp-block-ub-chevron-down\"><\/span><\/div>\n\t\t<\/div>\n\t\t\t<div role=\"region\" aria-expanded=\"false\" class=\"wp-block-ub-content-toggle-accordion-content-wrap ub-hide\" id=\"ub-content-toggle-panel-0-c501f609-2f45-4d74-9c39-71123280d63a\">\n\n<ul class=\"wp-block-list\">\n<li><a href=\"https:\/\/www.cosmundus.com\/it\/destinations\/bari\/\" class=\"ek-link\">Bari<\/a><\/li>\n\n\n\n<li><a href=\"https:\/\/www.cosmundus.com\/it\/destinations\/east-of-bari\/\" class=\"ek-link\">A Est di Bari<\/a>\n<ul class=\"wp-block-list\">\n<li><a href=\"https:\/\/www.cosmundus.com\/it\/destinations\/east-of-bari\/#polignano-a-mare\" class=\"ek-link\">Polignano a Mare<\/a><\/li>\n\n\n\n<li><a href=\"https:\/\/www.cosmundus.com\/it\/destinations\/east-of-bari\/#monopoli\" class=\"ek-link\">Monopoli<\/a><\/li>\n\n\n\n<li><a href=\"https:\/\/www.cosmundus.com\/it\/destinations\/east-of-bari\/#conversano\" class=\"ek-link\">Conversano<\/a><\/li>\n\n\n\n<li><a href=\"https:\/\/www.cosmundus.com\/it\/destinations\/east-of-bari\/#castellana-grotte\" class=\"ek-link\">Castellana Grotte<\/a><\/li>\n<\/ul>\n<\/li>\n\n\n\n<li><a href=\"https:\/\/www.cosmundus.com\/it\/destinations\/west-of-bari\/\" class=\"ek-link\">A Ovest di Bari<\/a>\n<ul class=\"wp-block-list\">\n<li><a href=\"https:\/\/www.cosmundus.com\/it\/destinations\/west-of-bari\/#bitonto\" class=\"ek-link\">Bitonto<\/a><\/li>\n\n\n\n<li><a href=\"https:\/\/www.cosmundus.com\/it\/destinations\/west-of-bari\/#giovinazzo\" class=\"ek-link\">Giovinazzo<\/a><\/li>\n\n\n\n<li><a href=\"https:\/\/www.cosmundus.com\/it\/destinations\/west-of-bari\/#molfetta\" class=\"ek-link\">Molfetta<\/a><\/li>\n<\/ul>\n<\/li>\n\n\n\n<li><a href=\"https:\/\/www.cosmundus.com\/it\/destinations\/murgia-barese\/\" class=\"ek-link\">Murgia Barese<\/a>\n<ul class=\"wp-block-list\">\n<li><a href=\"https:\/\/www.cosmundus.com\/it\/destinations\/murgia-barese\/#acquaviva-delle-fonti\" class=\"ek-link\">Acquaviva delle Fonti<\/a><\/li>\n\n\n\n<li><a href=\"https:\/\/www.cosmundus.com\/it\/destinations\/murgia-barese\/#sammichele-di-bari\" class=\"ek-link\">Sammichele di Bari<\/a><\/li>\n\n\n\n<li><a href=\"https:\/\/www.cosmundus.com\/it\/destinations\/murgia-barese\/#gioia-del-colle\" class=\"ek-link\">Gioia del Colle<\/a><\/li>\n\n\n\n<li><a href=\"https:\/\/www.cosmundus.com\/it\/destinations\/murgia-barese\/#putignano\" class=\"ek-link\">Putignano<\/a><\/li>\n\n\n\n<li><a href=\"https:\/\/www.cosmundus.com\/it\/destinations\/murgia-barese\/#alberobello\" class=\"ek-link\">Alberobello<\/a><\/li>\n\n\n\n<li><a href=\"https:\/\/www.cosmundus.com\/it\/destinations\/murgia-barese\/#altamura\" class=\"ek-link\">Altamura<\/a><\/li>\n\n\n\n<li><a href=\"https:\/\/www.cosmundus.com\/it\/destinations\/murgia-barese\/#gravina-in-puglia\" class=\"ek-link\">Gravina in Puglia<\/a><\/li>\n\n\n\n<li><a href=\"https:\/\/www.cosmundus.com\/it\/destinations\/murgia-barese\/#ruvo-di-puglia\" class=\"ek-link\">Ruvo di Puglia<\/a><\/li>\n<\/ul>\n<\/li>\n<\/ul>\n\n<\/div>\n\t\t<\/div>\n\n<div class=\"wp-block-ub-content-toggle-accordion\" style=\"border-color: #f1f1f1; \" id=\"ub-content-toggle-panel-block-b7dee0c4-7ad4-4846-83f8-a973deee9fbb\">\n\t\t\t<div class=\"wp-block-ub-content-toggle-accordion-title-wrap\" style=\"background-color: #f1f1f1;\" aria-controls=\"ub-content-toggle-panel-1-c501f609-2f45-4d74-9c39-71123280d63a\" tabindex=\"0\">\n\t\t\t<p class=\"wp-block-ub-content-toggle-accordion-title ub-content-toggle-title-c501f609-2f45-4d74-9c39-71123280d63a\" style=\"color: #000000; \">Provincia di Barletta-Andria-Trani<\/p>\n\t\t\t<div class=\"wp-block-ub-content-toggle-accordion-toggle-wrap right\" style=\"color: #000000;\"><span class=\"wp-block-ub-content-toggle-accordion-state-indicator wp-block-ub-chevron-down\"><\/span><\/div>\n\t\t<\/div>\n\t\t\t<div role=\"region\" aria-expanded=\"false\" class=\"wp-block-ub-content-toggle-accordion-content-wrap ub-hide\" id=\"ub-content-toggle-panel-1-c501f609-2f45-4d74-9c39-71123280d63a\">\n\n<ul class=\"wp-block-list\">\n<li><a href=\"https:\/\/www.cosmundus.com\/it\/destinations\/western-terra-di-bari\/\" class=\"ek-link\">Terra di Bari Occidentale<\/a>\n<ul class=\"wp-block-list\">\n<li><a href=\"https:\/\/www.cosmundus.com\/it\/destinations\/western-terra-di-bari\/#andria\" class=\"ek-link\">Andria<\/a><\/li>\n\n\n\n<li><a href=\"https:\/\/www.cosmundus.com\/it\/destinations\/western-terra-di-bari\/#trani\" class=\"ek-link\">Trani<\/a><\/li>\n\n\n\n<li><a href=\"https:\/\/www.cosmundus.com\/it\/destinations\/western-terra-di-bari\/#bisceglie\" class=\"ek-link\">Bisceglie<\/a><\/li>\n\n\n\n<li><a href=\"https:\/\/www.cosmundus.com\/it\/destinations\/western-terra-di-bari\/#barletta\" class=\"ek-link\">Barletta<\/a><\/li>\n\n\n\n<li><a href=\"https:\/\/www.cosmundus.com\/it\/destinations\/western-terra-di-bari\/#margherita-di-savoia\" class=\"ek-link\">Margherita di Savoia<\/a><\/li>\n\n\n\n<li><a href=\"https:\/\/www.cosmundus.com\/it\/destinations\/western-terra-di-bari\/#canosa-di-puglia\" class=\"ek-link\">Canosa di Puglia<\/a><\/li>\n<\/ul>\n<\/li>\n<\/ul>\n\n<\/div>\n\t\t<\/div>\n\n<div class=\"wp-block-ub-content-toggle-accordion\" style=\"border-color: #f1f1f1; \" id=\"ub-content-toggle-panel-block-bb1c18bf-f35e-43f0-806d-6146d48c8ecd\">\n\t\t\t<div class=\"wp-block-ub-content-toggle-accordion-title-wrap\" style=\"background-color: #f1f1f1;\" aria-controls=\"ub-content-toggle-panel-2-c501f609-2f45-4d74-9c39-71123280d63a\" tabindex=\"0\">\n\t\t\t<p class=\"wp-block-ub-content-toggle-accordion-title ub-content-toggle-title-c501f609-2f45-4d74-9c39-71123280d63a\" style=\"color: #000000; \">Provincia di Brindisi<\/p>\n\t\t\t<div class=\"wp-block-ub-content-toggle-accordion-toggle-wrap right\" style=\"color: #000000;\"><span class=\"wp-block-ub-content-toggle-accordion-state-indicator wp-block-ub-chevron-down\"><\/span><\/div>\n\t\t<\/div>\n\t\t\t<div role=\"region\" aria-expanded=\"false\" class=\"wp-block-ub-content-toggle-accordion-content-wrap ub-hide\" id=\"ub-content-toggle-panel-2-c501f609-2f45-4d74-9c39-71123280d63a\">\n\n<ul class=\"wp-block-list\">\n<li><a href=\"https:\/\/www.cosmundus.com\/it\/destinations\/brindisi\/\" class=\"ek-link\">Brindisi<\/a><\/li>\n\n\n\n<li><a href=\"https:\/\/www.cosmundus.com\/it\/destinations\/west-of-brindisi\/\" class=\"ek-link\">A Ovest di Brindisi<\/a>\n<ul class=\"wp-block-list\">\n<li><a href=\"https:\/\/www.cosmundus.com\/it\/destinations\/west-of-brindisi\/#mesagne\" class=\"ek-link\">Mesagne<\/a><\/li>\n\n\n\n<li><a href=\"https:\/\/www.cosmundus.com\/it\/destinations\/west-of-brindisi\/#oria\" class=\"ek-link\">Oria<\/a><\/li>\n\n\n\n<li><a href=\"https:\/\/www.cosmundus.com\/it\/destinations\/west-of-brindisi\/#francavilla-fontana\" class=\"ek-link\">Francavilla Fontana<\/a><\/li>\n\n\n\n<li><a href=\"https:\/\/www.cosmundus.com\/it\/destinations\/west-of-brindisi\/#carovigno\" class=\"ek-link\">Carovigno<\/a><\/li>\n\n\n\n<li><a href=\"https:\/\/www.cosmundus.com\/it\/destinations\/west-of-brindisi\/#ostuni\" class=\"ek-link\">Ostuni<\/a><\/li>\n\n\n\n<li><a href=\"https:\/\/www.cosmundus.com\/it\/destinations\/west-of-brindisi\/#fasano\" class=\"ek-link\">Fasano<\/a><\/li>\n<\/ul>\n<\/li>\n<\/ul>\n\n<\/div>\n\t\t<\/div>\n\n<div class=\"wp-block-ub-content-toggle-accordion\" style=\"border-color: #f1f1f1; \" id=\"ub-content-toggle-panel-block-0a566aee-4620-4672-99f8-23b578e52a7e\">\n\t\t\t<div class=\"wp-block-ub-content-toggle-accordion-title-wrap\" style=\"background-color: #f1f1f1;\" aria-controls=\"ub-content-toggle-panel-3-c501f609-2f45-4d74-9c39-71123280d63a\" tabindex=\"0\">\n\t\t\t<p class=\"wp-block-ub-content-toggle-accordion-title ub-content-toggle-title-c501f609-2f45-4d74-9c39-71123280d63a\" style=\"color: #000000; \">Provincia di Foggia<\/p>\n\t\t\t<div class=\"wp-block-ub-content-toggle-accordion-toggle-wrap right\" style=\"color: #000000;\"><span class=\"wp-block-ub-content-toggle-accordion-state-indicator wp-block-ub-chevron-down\"><\/span><\/div>\n\t\t<\/div>\n\t\t\t<div role=\"region\" aria-expanded=\"false\" class=\"wp-block-ub-content-toggle-accordion-content-wrap ub-hide\" id=\"ub-content-toggle-panel-3-c501f609-2f45-4d74-9c39-71123280d63a\">\n\n<ul class=\"wp-block-list\">\n<li><a href=\"https:\/\/www.cosmundus.com\/it\/destinations\/tavoliere-delle-puglie\/\" class=\"ek-link\">Tavoliere delle Puglie<\/a>\n<ul class=\"wp-block-list\">\n<li><a href=\"https:\/\/www.cosmundus.com\/it\/destinations\/tavoliere-delle-puglie\/#foggia\" class=\"ek-link\">Foggia<\/a><\/li>\n\n\n\n<li><a href=\"https:\/\/www.cosmundus.com\/it\/destinations\/tavoliere-delle-puglie\/#lucera\" class=\"ek-link\">Lucera<\/a><\/li>\n\n\n\n<li><a href=\"https:\/\/www.cosmundus.com\/it\/destinations\/tavoliere-delle-puglie\/#san-severo\" class=\"ek-link\">San Severo<\/a><\/li>\n\n\n\n<li><a href=\"https:\/\/www.cosmundus.com\/it\/destinations\/tavoliere-delle-puglie\/#ordona\" class=\"ek-link\">Ordona<\/a><\/li>\n\n\n\n<li><a href=\"https:\/\/www.cosmundus.com\/it\/destinations\/tavoliere-delle-puglie\/#cerignola\" class=\"ek-link\">Cerignola<\/a><\/li>\n<\/ul>\n<\/li>\n\n\n\n<li><a href=\"https:\/\/www.cosmundus.com\/it\/destinations\/gargano-and-tremiti-islands\/\" class=\"ek-link\">Gargano e Isole Tremiti<\/a>\n<ul class=\"wp-block-list\">\n<li><a href=\"https:\/\/www.cosmundus.com\/it\/destinations\/gargano-and-tremiti-islands\/#vieste\" class=\"ek-link\">Vieste<\/a><\/li>\n\n\n\n<li><a href=\"https:\/\/www.cosmundus.com\/it\/destinations\/gargano-and-tremiti-islands\/#peschici\" class=\"ek-link\">Peschici<\/a><\/li>\n\n\n\n<li><a href=\"https:\/\/www.cosmundus.com\/it\/destinations\/gargano-and-tremiti-islands\/#rodi-garganico\" class=\"ek-link\">Rodi Garganico<\/a><\/li>\n\n\n\n<li><a href=\"https:\/\/www.cosmundus.com\/it\/destinations\/gargano-and-tremiti-islands\/#cagnano-varano\" class=\"ek-link\">Cagnano Varano<\/a><\/li>\n\n\n\n<li><a href=\"https:\/\/www.cosmundus.com\/it\/destinations\/gargano-and-tremiti-islands\/#lesina\" class=\"ek-link\">Lesina<\/a><\/li>\n\n\n\n<li><a href=\"https:\/\/www.cosmundus.com\/it\/destinations\/gargano-and-tremiti-islands\/#san-giovanni-rotondo\" class=\"ek-link\">San Giovanni Rotondo<\/a><\/li>\n\n\n\n<li><a href=\"https:\/\/www.cosmundus.com\/it\/destinations\/gargano-and-tremiti-islands\/#monte-santangelo\" class=\"ek-link\">Monte Sant&#8217;Angelo<\/a><\/li>\n\n\n\n<li><a href=\"https:\/\/www.cosmundus.com\/it\/destinations\/gargano-and-tremiti-islands\/#manfredonia\" class=\"ek-link\">Manfredonia<\/a><\/li>\n\n\n\n<li><a href=\"https:\/\/www.cosmundus.com\/it\/destinations\/gargano-and-tremiti-islands\/#tremiti-islands\" class=\"ek-link\">Isole Tremiti<\/a><\/li>\n<\/ul>\n<\/li>\n\n\n\n<li><a href=\"https:\/\/www.cosmundus.com\/it\/destinations\/daunian-mountains\/\" class=\"ek-link\">Monti della Daunia<\/a>\n<ul class=\"wp-block-list\">\n<li><a href=\"https:\/\/www.cosmundus.com\/it\/destinations\/daunian-mountains\/#troia\" class=\"ek-link\">Troia<\/a><\/li>\n\n\n\n<li><a href=\"https:\/\/www.cosmundus.com\/it\/destinations\/daunian-mountains\/#bovino\" class=\"ek-link\">Bovino<\/a><\/li>\n\n\n\n<li><a href=\"https:\/\/www.cosmundus.com\/it\/destinations\/daunian-mountains\/#ascoli-satriano\" class=\"ek-link\">Ascoli Satriano<\/a><\/li>\n<\/ul>\n<\/li>\n<\/ul>\n\n<\/div>\n\t\t<\/div>\n\n<div class=\"wp-block-ub-content-toggle-accordion\" style=\"border-color: #f1f1f1; \" id=\"ub-content-toggle-panel-block-9b47ce4d-f56b-41a5-a954-93f7c7be8da6\">\n\t\t\t<div class=\"wp-block-ub-content-toggle-accordion-title-wrap\" style=\"background-color: #f1f1f1;\" aria-controls=\"ub-content-toggle-panel-4-c501f609-2f45-4d74-9c39-71123280d63a\" tabindex=\"0\">\n\t\t\t<p class=\"wp-block-ub-content-toggle-accordion-title ub-content-toggle-title-c501f609-2f45-4d74-9c39-71123280d63a\" style=\"color: #000000; \">Provincia di Lecce<\/p>\n\t\t\t<div class=\"wp-block-ub-content-toggle-accordion-toggle-wrap right\" style=\"color: #000000;\"><span class=\"wp-block-ub-content-toggle-accordion-state-indicator wp-block-ub-chevron-down\"><\/span><\/div>\n\t\t<\/div>\n\t\t\t<div role=\"region\" aria-expanded=\"false\" class=\"wp-block-ub-content-toggle-accordion-content-wrap ub-hide\" id=\"ub-content-toggle-panel-4-c501f609-2f45-4d74-9c39-71123280d63a\">\n\n<ul class=\"wp-block-list\">\n<li><a href=\"https:\/\/www.cosmundus.com\/it\/destinations\/lecce\/\" class=\"ek-link\">Lecce<\/a><\/li>\n\n\n\n<li><a href=\"https:\/\/www.cosmundus.com\/it\/destinations\/salento-leccese\/\" class=\"ek-link\">Salento Leccese<\/a>\n<ul class=\"wp-block-list\">\n<li><a href=\"https:\/\/www.cosmundus.com\/it\/destinations\/salento-leccese\/#gallipoli\" class=\"ek-link\">Gallipoli<\/a><\/li>\n\n\n\n<li><a href=\"https:\/\/www.cosmundus.com\/it\/destinations\/salento-leccese\/#nardo\" class=\"ek-link\">Nard\u00f2<\/a><\/li>\n\n\n\n<li><a href=\"https:\/\/www.cosmundus.com\/it\/destinations\/salento-leccese\/#porto-cesareo\" class=\"ek-link\">Porto Cesareo<\/a><\/li>\n\n\n\n<li><a href=\"https:\/\/www.cosmundus.com\/it\/destinations\/salento-leccese\/#copertino\" class=\"ek-link\">Copertino<\/a><\/li>\n\n\n\n<li><a href=\"https:\/\/www.cosmundus.com\/it\/destinations\/salento-leccese\/#galatina\" class=\"ek-link\">Galatina<\/a><\/li>\n\n\n\n<li><a href=\"https:\/\/www.cosmundus.com\/it\/destinations\/salento-leccese\/#grecia-salentina\" class=\"ek-link\">Grec\u00eca Salentina<\/a><\/li>\n\n\n\n<li><a href=\"https:\/\/www.cosmundus.com\/it\/destinations\/salento-leccese\/#otranto\" class=\"ek-link\">Otranto<\/a><\/li>\n\n\n\n<li><a href=\"https:\/\/www.cosmundus.com\/it\/destinations\/salento-leccese\/#castro\" class=\"ek-link\">Castro<\/a><\/li>\n\n\n\n<li><a href=\"https:\/\/www.cosmundus.com\/it\/destinations\/salento-leccese\/#ugento\" class=\"ek-link\">Ugento<\/a><\/li>\n\n\n\n<li><a href=\"https:\/\/www.cosmundus.com\/it\/destinations\/salento-leccese\/#santa-maria-di-leuca\" class=\"ek-link\">Santa Maria di Leuca<\/a><\/li>\n<\/ul>\n<\/li>\n<\/ul>\n\n<\/div>\n\t\t<\/div>\n\n<div class=\"wp-block-ub-content-toggle-accordion\" style=\"border-color: #f1f1f1; \" id=\"ub-content-toggle-panel-block-431a0c1c-0cbc-4b64-8a04-ac13fb5afd53\">\n\t\t\t<div class=\"wp-block-ub-content-toggle-accordion-title-wrap\" style=\"background-color: #f1f1f1;\" aria-controls=\"ub-content-toggle-panel-5-c501f609-2f45-4d74-9c39-71123280d63a\" tabindex=\"0\">\n\t\t\t<p class=\"wp-block-ub-content-toggle-accordion-title ub-content-toggle-title-c501f609-2f45-4d74-9c39-71123280d63a\" style=\"color: #000000; \">Provincia di Taranto<\/p>\n\t\t\t<div class=\"wp-block-ub-content-toggle-accordion-toggle-wrap right\" style=\"color: #000000;\"><span class=\"wp-block-ub-content-toggle-accordion-state-indicator wp-block-ub-chevron-down\"><\/span><\/div>\n\t\t<\/div>\n\t\t\t<div role=\"region\" aria-expanded=\"false\" class=\"wp-block-ub-content-toggle-accordion-content-wrap ub-hide\" id=\"ub-content-toggle-panel-5-c501f609-2f45-4d74-9c39-71123280d63a\">\n\n<ul class=\"wp-block-list\">\n<li><a href=\"https:\/\/www.cosmundus.com\/it\/destinations\/tarantino\/\" class=\"ek-link\">Tarantino<\/a>\n<ul class=\"wp-block-list\">\n<li><a href=\"https:\/\/www.cosmundus.com\/it\/destinations\/tarantino\/#taranto\" class=\"ek-link\">Taranto<\/a><\/li>\n\n\n\n<li><a href=\"https:\/\/www.cosmundus.com\/it\/destinations\/tarantino\/#leporano\" class=\"ek-link\">Leporano<\/a><\/li>\n\n\n\n<li><a href=\"https:\/\/www.cosmundus.com\/it\/destinations\/tarantino\/#manduria\" class=\"ek-link\">Manduria<\/a><\/li>\n\n\n\n<li><a href=\"https:\/\/www.cosmundus.com\/it\/destinations\/tarantino\/#grottaglie\" class=\"ek-link\">Grottaglie<\/a><\/li>\n\n\n\n<li><a href=\"https:\/\/www.cosmundus.com\/it\/destinations\/tarantino\/#martina-franca\" class=\"ek-link\">Martina Franca<\/a><\/li>\n\n\n\n<li><a href=\"https:\/\/www.cosmundus.com\/it\/destinations\/tarantino\/#massafra\" class=\"ek-link\">Massafra<\/a><\/li>\n<\/ul>\n<\/li>\n<\/ul>\n\n<\/div>\n\t\t<\/div>\n<\/div>\n\n\n<div style=\"height:20px\" aria-hidden=\"true\" class=\"wp-block-spacer\"><\/div>\n\n\n\n<h4 class=\"wp-block-heading has-text-align-center\"><strong>Mappa della Puglia<\/strong><\/h4>\n\n\n<div class=\"wp-block-image\">\n<figure class=\"aligncenter size-large is-resized\"><a href=\"https:\/\/www.cosmundus.com\/wp-content\/uploads\/2024\/05\/Apulia.png\"><img fetchpriority=\"high\" decoding=\"async\" width=\"1024\" height=\"1024\" src=\"https:\/\/www.cosmundus.com\/wp-content\/uploads\/2024\/05\/Apulia-1024x1024.png\" alt=\"\" class=\"wp-image-10953\" style=\"object-fit:cover;width:512px;height:512px\" srcset=\"https:\/\/www.cosmundus.com\/wp-content\/uploads\/2024\/05\/Apulia-1024x1024.png 1024w, https:\/\/www.cosmundus.com\/wp-content\/uploads\/2024\/05\/Apulia-300x300.png 300w, https:\/\/www.cosmundus.com\/wp-content\/uploads\/2024\/05\/Apulia-150x150.png 150w, https:\/\/www.cosmundus.com\/wp-content\/uploads\/2024\/05\/Apulia-768x768.png 768w, https:\/\/www.cosmundus.com\/wp-content\/uploads\/2024\/05\/Apulia-1536x1536.png 1536w, https:\/\/www.cosmundus.com\/wp-content\/uploads\/2024\/05\/Apulia-2048x2048.png 2048w, https:\/\/www.cosmundus.com\/wp-content\/uploads\/2024\/05\/Apulia-12x12.png 12w, https:\/\/www.cosmundus.com\/wp-content\/uploads\/2024\/05\/Apulia-64x64.png 64w, https:\/\/www.cosmundus.com\/wp-content\/uploads\/2024\/05\/Apulia-850x850.png 850w\" sizes=\"(max-width: 1024px) 100vw, 1024px\" \/><\/a><\/figure><\/div>\n\n\n<div style=\"height:20px\" aria-hidden=\"true\" class=\"wp-block-spacer\"><\/div>\n\n\n\n<h4 class=\"wp-block-heading has-text-align-center\"><strong>Mappa di tutti i posti in Puglia, suddivisi per provincia<\/strong><\/h4>\n\n\n<p style=\"text-align: center;\"><iframe src=\"https:\/\/www.google.com\/maps\/d\/u\/0\/embed?mid=1PkmD-yFGuhjCDVDip5SI97N_5_3L2v0&#038;ehbc=2E312F\" width=\"640\" height=\"480\"><\/iframe><\/p>","protected":false},"excerpt":{"rendered":"<p>&lt;&lt; South Italy Apulia is a region of Italy, located in the southeast of the country, bordering Molise, Campania, and Basilicata, and facing the Adriatic Sea and the Ionian Sea. The territory of Apulia is mostly flat, with moderate hills along the western border and some mountains in the north and the Gargano promontory. The region was settled in prehistoric times, and it was inhabited by Iapygian tribes from Illyria. Later colonized by the Greeks and conquered by the Romans, in the Middle Ages it was contested between Byzantines and Lombards, and was briefly occupied by the Arabs. Between the 11th and 13th century the region lived a period of splendor, and several castles and churches were built in what became known as the Apulian Romanesque style. Apulia was then ruled for centuries by the Kingdom of Naples, and became part of Italy when the country was unified. The region is now a famous tourist destination thanks to its long coastline and many seaside resorts, but also because of its ancient towns and historic attractions. The region is also known for its culture and culinary traditions, and for the production of wine and olive oil. Destinations in Apulia Map of Apulia Map of all places in Apulia, subdivided by province<\/p>","protected":false},"author":1,"featured_media":0,"parent":784,"menu_order":0,"comment_status":"closed","ping_status":"closed","template":"","meta":{"_editorskit_title_hidden":false,"_editorskit_reading_time":1,"_editorskit_is_block_options_detached":false,"_editorskit_block_options_position":"{}","om_disable_all_campaigns":false,"_uag_custom_page_level_css":"","advgb_blocks_editor_width":"","advgb_blocks_columns_visual_guide":"","_monsterinsights_skip_tracking":false,"_monsterinsights_sitenote_active":false,"_monsterinsights_sitenote_note":"","_monsterinsights_sitenote_category":0,"footnotes":""},"class_list":["post-907","page","type-page","status-publish","hentry"],"aioseo_notices":[],"featured_image_src":null,"uagb_featured_image_src":{"full":false,"thumbnail":false,"medium":false,"medium_large":false,"large":false,"1536x1536":false,"2048x2048":false,"trp-custom-language-flag":false,"xs-thumb":false,"post-thumbnail":false,"minimalistblogger-grid":false,"minimalistblogger-slider":false,"minimalistblogger-small":false},"uagb_author_info":{"display_name":"Stefano Cammisa","author_link":"https:\/\/www.cosmundus.com\/it\/author\/stefano-cammisa\/"},"uagb_comment_info":0,"uagb_excerpt":"&lt;&lt; South Italy Apulia is a region of Italy, located in the southeast of the country, bordering Molise, Campania, and Basilicata, and facing the Adriatic Sea and the Ionian Sea. The territory of Apulia is mostly flat, with moderate hills along the western border and some mountains in the north and the Gargano promontory. The&hellip;","coauthors":[],"author_meta":{"author_link":"https:\/\/www.cosmundus.com\/it\/author\/stefano-cammisa\/","display_name":"Stefano Cammisa"},"relative_dates":{"created":"Pubblicato 2 anni fa","modified":"Aggiornato 2 anni fa"},"absolute_dates":{"created":"Pubblicato il 7 Ottobre 2024","modified":"Aggiornato il 7 Ottobre 2024"},"absolute_dates_time":{"created":"Pubblicato il 7 Ottobre 2024 10:05 am","modified":"Aggiornato il 7 Ottobre 2024 10:05 am"},"featured_img_caption":"","featured_img":false,"series_order":"","_links":{"self":[{"href":"https:\/\/www.cosmundus.com\/it\/wp-json\/wp\/v2\/pages\/907","targetHints":{"allow":["GET"]}}],"collection":[{"href":"https:\/\/www.cosmundus.com\/it\/wp-json\/wp\/v2\/pages"}],"about":[{"href":"https:\/\/www.cosmundus.com\/it\/wp-json\/wp\/v2\/types\/page"}],"author":[{"embeddable":true,"href":"https:\/\/www.cosmundus.com\/it\/wp-json\/wp\/v2\/users\/1"}],"replies":[{"embeddable":true,"href":"https:\/\/www.cosmundus.com\/it\/wp-json\/wp\/v2\/comments?post=907"}],"version-history":[{"count":12,"href":"https:\/\/www.cosmundus.com\/it\/wp-json\/wp\/v2\/pages\/907\/revisions"}],"predecessor-version":[{"id":11885,"href":"https:\/\/www.cosmundus.com\/it\/wp-json\/wp\/v2\/pages\/907\/revisions\/11885"}],"up":[{"embeddable":true,"href":"https:\/\/www.cosmundus.com\/it\/wp-json\/wp\/v2\/pages\/784"}],"wp:attachment":[{"href":"https:\/\/www.cosmundus.com\/it\/wp-json\/wp\/v2\/media?parent=907"}],"curies":[{"name":"wp","href":"https:\/\/api.w.org\/{rel}","templated":true}]}}