{"id":904,"date":"2024-10-07T09:32:16","date_gmt":"2024-10-07T07:32:16","guid":{"rendered":"https:\/\/www.cosmundus.com\/?page_id=904"},"modified":"2024-10-07T09:32:17","modified_gmt":"2024-10-07T07:32:17","slug":"abruzzo","status":"publish","type":"page","link":"https:\/\/www.cosmundus.com\/it\/atlas\/europe\/southern-europe\/italy\/south-italy\/abruzzo\/","title":{"rendered":"Abruzzo"},"content":{"rendered":"<p class=\"has-text-align-right\">&lt;&lt; <a href=\"https:\/\/www.cosmundus.com\/it\/atlas\/europe\/southern-europe\/italy\/south-italy\/\" class=\"ek-link\">Italia Meridionale<\/a><\/p>\n\n\n\n<p class=\"translation-block\">L'Abruzzo \u00e8 una regione dell'Italia situata lungo la costa adriatica del paese. Nonostante si trovi geograficamente al centro dell'Italia, \u00e8 considerata una regione meridionale per ragioni storiche, culturali e linguistiche. La maggior parte della regione \u00e8 montuosa e presenta le montagne pi\u00f9 alte degli Appennini. Anticamente abitata da diversi popoli italici, la regione fu poi conquistata dai Romani. Dopo essere stato governato dai Bizantini e dai Longobardi, l'Abruzzo fu preso dai Normanni e divenne parte del Regno di <a href=\"https:\/\/www.cosmundus.com\/it\/atlas\/europe\/southern-europe\/italy\/insular-italy\/sicily\/\" class=\"ek-link\" target=\"_self\">Sicilia<\/a> e poi del Regno di <a href=\"https:\/\/www.cosmundus.com\/it\/destinations\/naples\/\" class=\"ek-link\" target=\"_self\">Napoli<\/a> e del Regno delle Due Sicilie, e fu quindi legata per secoli all'Italia meridionale. Dopo l'Unit\u00e0 d'Italia, l'Abruzzo ha fatto parte della regione Abruzzi e Molise, prima che il <a href=\"https:\/\/www.cosmundus.com\/it\/atlas\/europe\/southern-europe\/italy\/south-italy\/molise\/\" class=\"ek-link\" target=\"_self\">Molise<\/a> fosse separato per diventare una regione a s\u00e9 stante. L'Abruzzo \u00e8 oggi una popolare destinazione turistica soprattutto grazie al suo bellissimo ambiente naturale. Gran parte dell'Abruzzo \u00e8 protetto come parte di parchi e riserve naturali e la regione ospita una ricca flora e fauna.<\/p>\n\n\n\n<h3 class=\"wp-block-heading\">Destinazioni in Abruzzo<\/h3>\n\n\n<div class=\"wp-block-ub-content-toggle wp-block-ub-content-toggle-block\" id=\"ub-content-toggle-block-75d49901-9e73-448d-be70-735e498d3eaa\" data-mobilecollapse=\"true\" data-desktopcollapse=\"true\" data-preventcollapse=\"false\" data-showonlyone=\"false\">\n<div class=\"wp-block-ub-content-toggle-accordion\" style=\"border-color: #f1f1f1; \" id=\"ub-content-toggle-panel-block-c3a1150d-1b92-49e6-bc20-534f5a893ceb\">\n\t\t\t<div class=\"wp-block-ub-content-toggle-accordion-title-wrap\" style=\"background-color: #f1f1f1;\" aria-controls=\"ub-content-toggle-panel-0-75d49901-9e73-448d-be70-735e498d3eaa\" tabindex=\"0\">\n\t\t\t<p class=\"wp-block-ub-content-toggle-accordion-title ub-content-toggle-title-75d49901-9e73-448d-be70-735e498d3eaa\" style=\"color: #000000; \">Provincia di Chieti<\/p>\n\t\t\t<div class=\"wp-block-ub-content-toggle-accordion-toggle-wrap right\" style=\"color: #000000;\"><span class=\"wp-block-ub-content-toggle-accordion-state-indicator wp-block-ub-chevron-down\"><\/span><\/div>\n\t\t<\/div>\n\t\t\t<div role=\"region\" aria-expanded=\"false\" class=\"wp-block-ub-content-toggle-accordion-content-wrap ub-hide\" id=\"ub-content-toggle-panel-0-75d49901-9e73-448d-be70-735e498d3eaa\">\n\n<ul class=\"wp-block-list\">\n<li><a href=\"https:\/\/www.cosmundus.com\/it\/destinations\/chieti-and-eastern-abruzzo\/\" class=\"ek-link\">Chieti e Abruzzo Orientale<\/a>\n<ul class=\"wp-block-list\">\n<li><a href=\"https:\/\/www.cosmundus.com\/it\/destinations\/chieti-and-eastern-abruzzo\/#chieti\" class=\"ek-link\">Chieti<\/a><\/li>\n\n\n\n<li><a href=\"https:\/\/www.cosmundus.com\/it\/destinations\/chieti-and-eastern-abruzzo\/#crecchio\" class=\"ek-link\">Crecchio<\/a><\/li>\n\n\n\n<li><a href=\"https:\/\/www.cosmundus.com\/it\/destinations\/chieti-and-eastern-abruzzo\/#lanciano\" class=\"ek-link\">Lanciano<\/a><\/li>\n\n\n\n<li><a href=\"https:\/\/www.cosmundus.com\/it\/destinations\/chieti-and-eastern-abruzzo\/#guardiagrele\" class=\"ek-link\">Guardiagrele<\/a><\/li>\n\n\n\n<li><a href=\"https:\/\/www.cosmundus.com\/it\/destinations\/chieti-and-eastern-abruzzo\/#taranta-peligna\" class=\"ek-link\">Taranta Peligna<\/a><\/li>\n\n\n\n<li><a href=\"https:\/\/www.cosmundus.com\/it\/destinations\/chieti-and-eastern-abruzzo\/#montenerodomo\" class=\"ek-link\">Montenerodomo<\/a><\/li>\n\n\n\n<li><a href=\"https:\/\/www.cosmundus.com\/it\/destinations\/chieti-and-eastern-abruzzo\/#roccascalegna\" class=\"ek-link\">Roccascalegna<\/a><\/li>\n\n\n\n<li><a href=\"https:\/\/www.cosmundus.com\/it\/destinations\/chieti-and-eastern-abruzzo\/#atessa\" class=\"ek-link\">Atessa<\/a><\/li>\n\n\n\n<li><a href=\"https:\/\/www.cosmundus.com\/it\/destinations\/chieti-and-eastern-abruzzo\/#monteodorisio\" class=\"ek-link\">Monteodorisio<\/a><\/li>\n<\/ul>\n<\/li>\n\n\n\n<li><a href=\"https:\/\/www.cosmundus.com\/it\/destinations\/trabocchi-coast\/\" class=\"ek-link\">Costa dei Trabocchi<\/a>\n<ul class=\"wp-block-list\">\n<li><a href=\"https:\/\/www.cosmundus.com\/it\/destinations\/trabocchi-coast\/#ortona\" class=\"ek-link\">Ortona<\/a><\/li>\n\n\n\n<li><a href=\"https:\/\/www.cosmundus.com\/it\/destinations\/trabocchi-coast\/#fossacesia\" class=\"ek-link\">Fossacesia<\/a><\/li>\n\n\n\n<li><a href=\"https:\/\/www.cosmundus.com\/it\/destinations\/trabocchi-coast\/#vasto\" class=\"ek-link\">Vasto<\/a><\/li>\n<\/ul>\n<\/li>\n<\/ul>\n\n<\/div>\n\t\t<\/div>\n\n<div class=\"wp-block-ub-content-toggle-accordion\" style=\"border-color: #f1f1f1; \" id=\"ub-content-toggle-panel-block-322c60ab-6206-4dac-b47a-cfbd71bddeea\">\n\t\t\t<div class=\"wp-block-ub-content-toggle-accordion-title-wrap\" style=\"background-color: #f1f1f1;\" aria-controls=\"ub-content-toggle-panel-1-75d49901-9e73-448d-be70-735e498d3eaa\" tabindex=\"0\">\n\t\t\t<p class=\"wp-block-ub-content-toggle-accordion-title ub-content-toggle-title-75d49901-9e73-448d-be70-735e498d3eaa\" style=\"color: #000000; \">Provincia dell'Aquila<\/p>\n\t\t\t<div class=\"wp-block-ub-content-toggle-accordion-toggle-wrap right\" style=\"color: #000000;\"><span class=\"wp-block-ub-content-toggle-accordion-state-indicator wp-block-ub-chevron-down\"><\/span><\/div>\n\t\t<\/div>\n\t\t\t<div role=\"region\" aria-expanded=\"false\" class=\"wp-block-ub-content-toggle-accordion-content-wrap ub-hide\" id=\"ub-content-toggle-panel-1-75d49901-9e73-448d-be70-735e498d3eaa\">\n\n<ul class=\"wp-block-list\">\n<li><a href=\"https:\/\/www.cosmundus.com\/it\/destinations\/conca-aquilana-and-gran-sasso\/\" class=\"ek-link\">Conca Aquilana e Gran Sasso<\/a>\n<ul class=\"wp-block-list\">\n<li><a href=\"https:\/\/www.cosmundus.com\/it\/destinations\/conca-aquilana-and-gran-sasso\/#laquila\" class=\"ek-link\">L&#8217;Aquila<\/a><\/li>\n\n\n\n<li><a href=\"https:\/\/www.cosmundus.com\/it\/destinations\/conca-aquilana-and-gran-sasso\/#fossa\" class=\"ek-link\">Fossa<\/a><\/li>\n\n\n\n<li><a href=\"https:\/\/www.cosmundus.com\/it\/destinations\/conca-aquilana-and-gran-sasso\/#san-demetrio-ne-vestini\" class=\"ek-link\">San Demetrio ne\u2019 Vestini<\/a><\/li>\n\n\n\n<li><a href=\"https:\/\/www.cosmundus.com\/it\/destinations\/conca-aquilana-and-gran-sasso\/#caporciano\" class=\"ek-link\">Caporciano<\/a><\/li>\n\n\n\n<li><a href=\"https:\/\/www.cosmundus.com\/it\/destinations\/conca-aquilana-and-gran-sasso\/#calascio\" class=\"ek-link\">Calascio<\/a><\/li>\n<\/ul>\n<\/li>\n\n\n\n<li><a href=\"https:\/\/www.cosmundus.com\/it\/destinations\/marsica\/\" class=\"ek-link\">Marsica<\/a>\n<ul class=\"wp-block-list\">\n<li><a href=\"https:\/\/www.cosmundus.com\/it\/destinations\/marsica\/#avezzano\" class=\"ek-link\">Avezzano<\/a><\/li>\n\n\n\n<li><a href=\"https:\/\/www.cosmundus.com\/it\/destinations\/marsica\/#celano\" class=\"ek-link\">Celano<\/a><\/li>\n\n\n\n<li><a href=\"https:\/\/www.cosmundus.com\/it\/destinations\/marsica\/#massa-dalbe\" class=\"ek-link\">Massa d&#8217;Albe<\/a><\/li>\n\n\n\n<li><a href=\"https:\/\/www.cosmundus.com\/it\/destinations\/marsica\/#magliano-de-marsi\" class=\"ek-link\">Magliano de&#8217; Marsi<\/a><\/li>\n\n\n\n<li><a href=\"https:\/\/www.cosmundus.com\/it\/destinations\/marsica\/#carsoli\" class=\"ek-link\">Carsoli<\/a><\/li>\n\n\n\n<li><a href=\"https:\/\/www.cosmundus.com\/it\/destinations\/marsica\/#balsorano\" class=\"ek-link\">Balsorano<\/a><\/li>\n<\/ul>\n<\/li>\n\n\n\n<li><a href=\"https:\/\/www.cosmundus.com\/it\/destinations\/valle-peligna-and-alto-sangro\/\" class=\"ek-link\">Valle Peligna e Alto Sangro<\/a>\n<ul class=\"wp-block-list\">\n<li><a href=\"https:\/\/www.cosmundus.com\/it\/destinations\/valle-peligna-and-alto-sangro\/#sulmona\" class=\"ek-link\">Sulmona<\/a><\/li>\n\n\n\n<li><a href=\"https:\/\/www.cosmundus.com\/it\/destinations\/valle-peligna-and-alto-sangro\/#pacentro\" class=\"ek-link\">Pacentro<\/a><\/li>\n\n\n\n<li><a href=\"https:\/\/www.cosmundus.com\/it\/destinations\/valle-peligna-and-alto-sangro\/#roccaraso\" class=\"ek-link\">Roccaraso<\/a><\/li>\n\n\n\n<li><a href=\"https:\/\/www.cosmundus.com\/it\/destinations\/valle-peligna-and-alto-sangro\/#castel-di-sangro\" class=\"ek-link\">Castel di Sangro<\/a><\/li>\n\n\n\n<li><a href=\"https:\/\/www.cosmundus.com\/it\/destinations\/valle-peligna-and-alto-sangro\/#civitella-alfedena\" class=\"ek-link\">Civitella Alfedena<\/a><\/li>\n<\/ul>\n<\/li>\n<\/ul>\n\n<\/div>\n\t\t<\/div>\n\n<div class=\"wp-block-ub-content-toggle-accordion\" style=\"border-color: #f1f1f1; \" id=\"ub-content-toggle-panel-block-d9798047-20b4-4e7b-b285-5ad5efc1da9c\">\n\t\t\t<div class=\"wp-block-ub-content-toggle-accordion-title-wrap\" style=\"background-color: #f1f1f1;\" aria-controls=\"ub-content-toggle-panel-2-75d49901-9e73-448d-be70-735e498d3eaa\" tabindex=\"0\">\n\t\t\t<p class=\"wp-block-ub-content-toggle-accordion-title ub-content-toggle-title-75d49901-9e73-448d-be70-735e498d3eaa\" style=\"color: #000000; \">Provincia di Pescara<\/p>\n\t\t\t<div class=\"wp-block-ub-content-toggle-accordion-toggle-wrap right\" style=\"color: #000000;\"><span class=\"wp-block-ub-content-toggle-accordion-state-indicator wp-block-ub-chevron-down\"><\/span><\/div>\n\t\t<\/div>\n\t\t\t<div role=\"region\" aria-expanded=\"false\" class=\"wp-block-ub-content-toggle-accordion-content-wrap ub-hide\" id=\"ub-content-toggle-panel-2-75d49901-9e73-448d-be70-735e498d3eaa\">\n\n<ul class=\"wp-block-list\">\n<li><a href=\"https:\/\/www.cosmundus.com\/it\/destinations\/pescarese\/\" class=\"ek-link\">Pescarese<\/a>\n<ul class=\"wp-block-list\">\n<li><a href=\"https:\/\/www.cosmundus.com\/it\/destinations\/pescarese\/#pescara\" class=\"ek-link\">Pescara<\/a><\/li>\n\n\n\n<li><a href=\"https:\/\/www.cosmundus.com\/it\/destinations\/pescarese\/#citta-santangelo\" class=\"ek-link\">Citt\u00e0 Sant&#8217;Angelo<\/a><\/li>\n\n\n\n<li><a href=\"https:\/\/www.cosmundus.com\/it\/destinations\/pescarese\/#penne\" class=\"ek-link\">Penne<\/a><\/li>\n\n\n\n<li><a href=\"https:\/\/www.cosmundus.com\/it\/destinations\/pescarese\/#manoppello\" class=\"ek-link\">Manoppello<\/a><\/li>\n\n\n\n<li><a href=\"https:\/\/www.cosmundus.com\/it\/destinations\/pescarese\/#serramonacesca\" class=\"ek-link\">Serramonacesca<\/a><\/li>\n\n\n\n<li><a href=\"https:\/\/www.cosmundus.com\/it\/destinations\/pescarese\/#roccamorice\" class=\"ek-link\">Roccamorice<\/a><\/li>\n\n\n\n<li><a href=\"https:\/\/www.cosmundus.com\/it\/destinations\/pescarese\/#castiglione-a-casauria\" class=\"ek-link\">Castiglione a Casauria<\/a><\/li>\n\n\n\n<li><a href=\"https:\/\/www.cosmundus.com\/it\/destinations\/pescarese\/#popoli-terme\" class=\"ek-link\">Popoli Terme<\/a><\/li>\n<\/ul>\n<\/li>\n<\/ul>\n\n<\/div>\n\t\t<\/div>\n\n<div class=\"wp-block-ub-content-toggle-accordion\" style=\"border-color: #f1f1f1; \" id=\"ub-content-toggle-panel-block-383853c5-dfb6-4882-93ff-640048c075bd\">\n\t\t\t<div class=\"wp-block-ub-content-toggle-accordion-title-wrap\" style=\"background-color: #f1f1f1;\" aria-controls=\"ub-content-toggle-panel-3-75d49901-9e73-448d-be70-735e498d3eaa\" tabindex=\"0\">\n\t\t\t<p class=\"wp-block-ub-content-toggle-accordion-title ub-content-toggle-title-75d49901-9e73-448d-be70-735e498d3eaa\" style=\"color: #000000; \">Provincia di Teramo<\/p>\n\t\t\t<div class=\"wp-block-ub-content-toggle-accordion-toggle-wrap right\" style=\"color: #000000;\"><span class=\"wp-block-ub-content-toggle-accordion-state-indicator wp-block-ub-chevron-down\"><\/span><\/div>\n\t\t<\/div>\n\t\t\t<div role=\"region\" aria-expanded=\"false\" class=\"wp-block-ub-content-toggle-accordion-content-wrap ub-hide\" id=\"ub-content-toggle-panel-3-75d49901-9e73-448d-be70-735e498d3eaa\">\n\n<ul class=\"wp-block-list\">\n<li><a href=\"https:\/\/www.cosmundus.com\/it\/destinations\/teramano\/\" class=\"ek-link\">Teramano<\/a>\n<ul class=\"wp-block-list\">\n<li><a href=\"https:\/\/www.cosmundus.com\/it\/destinations\/teramano\/#teramo\" class=\"ek-link\">Teramo<\/a><\/li>\n\n\n\n<li><a href=\"https:\/\/www.cosmundus.com\/it\/destinations\/teramano\/#campli\" class=\"ek-link\">Campli<\/a><\/li>\n\n\n\n<li><a href=\"https:\/\/www.cosmundus.com\/it\/destinations\/teramano\/#civitella-del-tronto\" class=\"ek-link\">Civitella del Tronto<\/a><\/li>\n\n\n\n<li><a href=\"https:\/\/www.cosmundus.com\/it\/destinations\/teramano\/#isola-del-gran-sasso-ditalia\" class=\"ek-link\">Isola del Gran Sasso d&#8217;Italia<\/a><\/li>\n\n\n\n<li><a href=\"https:\/\/www.cosmundus.com\/it\/destinations\/teramano\/#atri\" class=\"ek-link\">Atri<\/a><\/li>\n\n\n\n<li><a href=\"https:\/\/www.cosmundus.com\/it\/destinations\/teramano\/#giulianova\" class=\"ek-link\">Giulianova<\/a><\/li>\n<\/ul>\n<\/li>\n<\/ul>\n\n<\/div>\n\t\t<\/div>\n<\/div>\n\n\n<div style=\"height:20px\" aria-hidden=\"true\" class=\"wp-block-spacer\"><\/div>\n\n\n\n<h4 class=\"wp-block-heading has-text-align-center\"><strong>Mappa dell'Abruzzo<\/strong><\/h4>\n\n\n<div class=\"wp-block-image\">\n<figure class=\"aligncenter size-large is-resized\"><a href=\"https:\/\/www.cosmundus.com\/wp-content\/uploads\/2024\/01\/Abruzzo.png\"><img fetchpriority=\"high\" decoding=\"async\" width=\"1024\" height=\"1024\" src=\"https:\/\/www.cosmundus.com\/wp-content\/uploads\/2024\/01\/Abruzzo-1024x1024.png\" alt=\"\" class=\"wp-image-8609\" style=\"object-fit:cover;width:512px;height:512px\" srcset=\"https:\/\/www.cosmundus.com\/wp-content\/uploads\/2024\/01\/Abruzzo-1024x1024.png 1024w, https:\/\/www.cosmundus.com\/wp-content\/uploads\/2024\/01\/Abruzzo-300x300.png 300w, https:\/\/www.cosmundus.com\/wp-content\/uploads\/2024\/01\/Abruzzo-150x150.png 150w, https:\/\/www.cosmundus.com\/wp-content\/uploads\/2024\/01\/Abruzzo-768x768.png 768w, https:\/\/www.cosmundus.com\/wp-content\/uploads\/2024\/01\/Abruzzo-1536x1536.png 1536w, https:\/\/www.cosmundus.com\/wp-content\/uploads\/2024\/01\/Abruzzo-2048x2048.png 2048w, https:\/\/www.cosmundus.com\/wp-content\/uploads\/2024\/01\/Abruzzo-12x12.png 12w, https:\/\/www.cosmundus.com\/wp-content\/uploads\/2024\/01\/Abruzzo-64x64.png 64w, https:\/\/www.cosmundus.com\/wp-content\/uploads\/2024\/01\/Abruzzo-850x850.png 850w\" sizes=\"(max-width: 1024px) 100vw, 1024px\" \/><\/a><\/figure><\/div>\n\n\n<div style=\"height:20px\" aria-hidden=\"true\" class=\"wp-block-spacer\"><\/div>\n\n\n\n<h4 class=\"wp-block-heading has-text-align-center\"><strong>Mappa di tutti i posti in Abruzzo, suddivisi per provincia<\/strong><\/h4>\n\n\n<p style=\"text-align: center;\"><iframe src=\"https:\/\/www.google.com\/maps\/d\/u\/0\/embed?mid=1gCWJ_I4pW5iqTt72psWL7nxyaLTgwJ8&amp;ehbc=2E312F\" width=\"640\" height=\"480\"><\/iframe><\/p>","protected":false},"excerpt":{"rendered":"<p>&lt;&lt; South Italy Abruzzo is a region of Italy located along the Adriatic coast of the country. Despite being geographically in the center of Italy, it is regarded as a southern region for historical, cultural, and linguistic reasons. Most of the region is mountainous, and features the tallest mountains of the Apennines. Anciently inhabited by various Italic peoples, the region was later conquered by the Romans. After being ruled by the Byzantines and the Lombards, Abruzzo was taken by the Normans and became a part of the Kingdom of Sicily and then the Kingdom of Naples and the Kingdom of the Two Sicilies, and was thus linked to Southern Italy for centuries. After the Italian unification, Abruzzo was part of the region Abruzzi e Molise, before Molise was separated to become its own region. Abruzzo is now a popular tourist destination mostly thanks to its beautiful natural environment. A large portion of Abruzzo is protected as part of parks and natural reserves, and the region houses a rich flora and fauna. Destinations in Abruzzo Map of Abruzzo Map of all places in Abruzzo, subdivided by province<\/p>","protected":false},"author":1,"featured_media":0,"parent":784,"menu_order":0,"comment_status":"closed","ping_status":"closed","template":"","meta":{"_editorskit_title_hidden":false,"_editorskit_reading_time":1,"_editorskit_is_block_options_detached":false,"_editorskit_block_options_position":"{}","om_disable_all_campaigns":false,"_uag_custom_page_level_css":"","advgb_blocks_editor_width":"","advgb_blocks_columns_visual_guide":"","_monsterinsights_skip_tracking":false,"_monsterinsights_sitenote_active":false,"_monsterinsights_sitenote_note":"","_monsterinsights_sitenote_category":0,"footnotes":""},"class_list":["post-904","page","type-page","status-publish","hentry"],"aioseo_notices":[],"featured_image_src":null,"uagb_featured_image_src":{"full":false,"thumbnail":false,"medium":false,"medium_large":false,"large":false,"1536x1536":false,"2048x2048":false,"trp-custom-language-flag":false,"xs-thumb":false,"post-thumbnail":false,"minimalistblogger-grid":false,"minimalistblogger-slider":false,"minimalistblogger-small":false},"uagb_author_info":{"display_name":"Stefano Cammisa","author_link":"https:\/\/www.cosmundus.com\/it\/author\/stefano-cammisa\/"},"uagb_comment_info":0,"uagb_excerpt":"&lt;&lt; South Italy Abruzzo is a region of Italy located along the Adriatic coast of the country. Despite being geographically in the center of Italy, it is regarded as a southern region for historical, cultural, and linguistic reasons. Most of the region is mountainous, and features the tallest mountains of the Apennines. Anciently inhabited by&hellip;","coauthors":[],"author_meta":{"author_link":"https:\/\/www.cosmundus.com\/it\/author\/stefano-cammisa\/","display_name":"Stefano Cammisa"},"relative_dates":{"created":"Pubblicato 2 anni fa","modified":"Aggiornato 2 anni fa"},"absolute_dates":{"created":"Pubblicato il 7 Ottobre 2024","modified":"Aggiornato il 7 Ottobre 2024"},"absolute_dates_time":{"created":"Pubblicato il 7 Ottobre 2024 9:32 am","modified":"Aggiornato il 7 Ottobre 2024 9:32 am"},"featured_img_caption":"","featured_img":false,"series_order":"","_links":{"self":[{"href":"https:\/\/www.cosmundus.com\/it\/wp-json\/wp\/v2\/pages\/904","targetHints":{"allow":["GET"]}}],"collection":[{"href":"https:\/\/www.cosmundus.com\/it\/wp-json\/wp\/v2\/pages"}],"about":[{"href":"https:\/\/www.cosmundus.com\/it\/wp-json\/wp\/v2\/types\/page"}],"author":[{"embeddable":true,"href":"https:\/\/www.cosmundus.com\/it\/wp-json\/wp\/v2\/users\/1"}],"replies":[{"embeddable":true,"href":"https:\/\/www.cosmundus.com\/it\/wp-json\/wp\/v2\/comments?post=904"}],"version-history":[{"count":21,"href":"https:\/\/www.cosmundus.com\/it\/wp-json\/wp\/v2\/pages\/904\/revisions"}],"predecessor-version":[{"id":11857,"href":"https:\/\/www.cosmundus.com\/it\/wp-json\/wp\/v2\/pages\/904\/revisions\/11857"}],"up":[{"embeddable":true,"href":"https:\/\/www.cosmundus.com\/it\/wp-json\/wp\/v2\/pages\/784"}],"wp:attachment":[{"href":"https:\/\/www.cosmundus.com\/it\/wp-json\/wp\/v2\/media?parent=904"}],"curies":[{"name":"wp","href":"https:\/\/api.w.org\/{rel}","templated":true}]}}