{"id":898,"date":"2023-12-20T12:51:54","date_gmt":"2023-12-20T11:51:54","guid":{"rendered":"https:\/\/www.cosmundus.com\/?page_id=898"},"modified":"2024-03-13T11:25:06","modified_gmt":"2024-03-13T10:25:06","slug":"umbria","status":"publish","type":"page","link":"https:\/\/www.cosmundus.com\/it\/atlas\/europe\/southern-europe\/italy\/central-italy\/umbria\/","title":{"rendered":"Umbria"},"content":{"rendered":"<p class=\"has-text-align-right\">&lt;&lt; <a href=\"https:\/\/www.cosmundus.com\/it\/atlas\/europe\/southern-europe\/italy\/central-italy\/\" class=\"ek-link\">Italia Centrale<\/a><\/p>\n\n\n\n<p class=\"translation-block\">L'Umbria \u00e8 una regione senza sbocco sul mare nell'Italia centrale, stretta tra <a href=\"https:\/\/www.cosmundus.com\/it\/atlas\/europe\/southern-europe\/italy\/central-italy\/tuscany\/\" class=\"ek-link\" target=\"_self\">Toscana<\/a>, <a href=\"https:\/\/www.cosmundus.com\/it\/atlas\/europe\/southern-europe\/italy\/central-italy\/marche\/\" class=\"ek-link\" target=\"_self\">Marche<\/a> e <a href=\"https:\/\/www.cosmundus.com\/it\/atlas\/europe\/southern-europe\/italy\/central-italy\/lazio\/\" class=\"ek-link\" target=\"_self\">Lazio<\/a>. Il suo territorio \u00e8 caratterizzato da vallate situate tra colline e montagne, e ospita il quarto lago pi\u00f9 grande d'Italia, il Lago Trasimeno. Nell'antichit\u00e0 la regione fu abitata dagli Umbri e dagli Etruschi, che furono poi conquistati dai Romani. Nell'Alto Medioevo l'Umbria fu divisa tra i Bizantini e il Ducato longobardo di Spoleto, per poi vedere la nascita di vari comuni. La regione pass\u00f2 infine sotto il dominio dello Stato Pontificio, unendosi all'Italia quando il paese fu unificato. L'Umbria \u00e8 oggi conosciuta per la sua bellezza paesaggistica, le citt\u00e0 medievali e rinascimentali, il ricco patrimonio storico e artistico e i famosi siti religiosi.<\/p>\n\n\n\n<h3 class=\"wp-block-heading\">Destinazioni in Umbria<\/h3>\n\n\n<div class=\"wp-block-ub-content-toggle wp-block-ub-content-toggle-block\" id=\"ub-content-toggle-block-2db2589f-37cd-4a98-b3b3-9b59901bcb7a\" data-mobilecollapse=\"true\" data-desktopcollapse=\"true\" data-preventcollapse=\"false\" data-showonlyone=\"false\">\n<div class=\"wp-block-ub-content-toggle-accordion\" style=\"border-color: #f1f1f1; \" id=\"ub-content-toggle-panel-block-af877662-cdd1-421b-932a-29a469a60678\">\n\t\t\t<div class=\"wp-block-ub-content-toggle-accordion-title-wrap\" style=\"background-color: #f1f1f1;\" aria-controls=\"ub-content-toggle-panel-0-2db2589f-37cd-4a98-b3b3-9b59901bcb7a\" tabindex=\"0\">\n\t\t\t<p class=\"wp-block-ub-content-toggle-accordion-title ub-content-toggle-title-2db2589f-37cd-4a98-b3b3-9b59901bcb7a\" style=\"color: #000000; \">Provincia di Perugia<\/p>\n\t\t\t<div class=\"wp-block-ub-content-toggle-accordion-toggle-wrap right\" style=\"color: #000000;\"><span class=\"wp-block-ub-content-toggle-accordion-state-indicator wp-block-ub-chevron-down\"><\/span><\/div>\n\t\t<\/div>\n\t\t\t<div role=\"region\" aria-expanded=\"false\" class=\"wp-block-ub-content-toggle-accordion-content-wrap ub-hide\" id=\"ub-content-toggle-panel-0-2db2589f-37cd-4a98-b3b3-9b59901bcb7a\">\n\n<ul class=\"wp-block-list\">\n<li><a href=\"https:\/\/www.cosmundus.com\/it\/destinations\/perugia\/\" class=\"ek-link\">Perugia<\/a><\/li>\n\n\n\n<li><a href=\"https:\/\/www.cosmundus.com\/it\/destinations\/assisi\/\" class=\"ek-link\">Assisi<\/a><\/li>\n\n\n\n<li><a href=\"https:\/\/www.cosmundus.com\/it\/destinations\/perugino-and-trasimeno\/\" class=\"ek-link\">Perugino e Trasimeno<\/a>\n<ul class=\"wp-block-list\">\n<li><a href=\"https:\/\/www.cosmundus.com\/it\/destinations\/perugino-and-trasimeno\/#torgiano\">Torgiano<\/a><\/li>\n\n\n\n<li><a href=\"https:\/\/www.cosmundus.com\/it\/destinations\/perugino-and-trasimeno\/#deruta\">Deruta<\/a><\/li>\n\n\n\n<li><a href=\"https:\/\/www.cosmundus.com\/it\/destinations\/perugino-and-trasimeno\/#todi\">Todi<\/a><\/li>\n\n\n\n<li><a href=\"https:\/\/www.cosmundus.com\/it\/destinations\/perugino-and-trasimeno\/#tuoro-sul-trasimeno\">Tuoro sul Trasimeno<\/a><\/li>\n\n\n\n<li><a href=\"https:\/\/www.cosmundus.com\/it\/destinations\/perugino-and-trasimeno\/#castiglione-del-lago\">Castiglione del Lago<\/a><\/li>\n\n\n\n<li><a href=\"https:\/\/www.cosmundus.com\/it\/destinations\/perugino-and-trasimeno\/#citta-della-pieve\">Citt\u00e0 della Pieve<\/a><\/li>\n<\/ul>\n<\/li>\n\n\n\n<li><a href=\"https:\/\/www.cosmundus.com\/it\/destinations\/eugubino-and-umbrian-valtiberina\/\" class=\"ek-link\">Eugubino e Valtiberina Umbra<\/a>\n<ul class=\"wp-block-list\">\n<li><a href=\"https:\/\/www.cosmundus.com\/it\/destinations\/eugubino-and-umbrian-valtiberina\/#gubbio\">Gubbio<\/a><\/li>\n\n\n\n<li><a href=\"https:\/\/www.cosmundus.com\/it\/destinations\/eugubino-and-umbrian-valtiberina\/#gualdo-tadino\">Gualdo Tadino<\/a><\/li>\n\n\n\n<li><a href=\"https:\/\/www.cosmundus.com\/it\/destinations\/eugubino-and-umbrian-valtiberina\/#citta-di-castello\">Citt\u00e0 di Castello<\/a><\/li>\n<\/ul>\n<\/li>\n\n\n\n<li><a href=\"https:\/\/www.cosmundus.com\/it\/destinations\/valle-umbra-and-valnerina\/\" class=\"ek-link\">Valle Umbra e Valnerina<\/a>\n<ul class=\"wp-block-list\">\n<li><a href=\"https:\/\/www.cosmundus.com\/it\/destinations\/valle-umbra-and-valnerina\/#spoleto\" class=\"ek-link\">Spoleto<\/a><\/li>\n\n\n\n<li><a href=\"https:\/\/www.cosmundus.com\/it\/destinations\/valle-umbra-and-valnerina\/#cascia\">Cascia<\/a><\/li>\n\n\n\n<li><a href=\"https:\/\/www.cosmundus.com\/it\/destinations\/valle-umbra-and-valnerina\/#norcia\">Norcia<\/a><\/li>\n\n\n\n<li><a href=\"https:\/\/www.cosmundus.com\/it\/destinations\/valle-umbra-and-valnerina\/#campello-sul-clitunno\">Campello sul Clitunno<\/a><\/li>\n\n\n\n<li><a href=\"https:\/\/www.cosmundus.com\/it\/destinations\/valle-umbra-and-valnerina\/#montefalco\">Montefalco<\/a><\/li>\n\n\n\n<li><a href=\"https:\/\/www.cosmundus.com\/it\/destinations\/valle-umbra-and-valnerina\/#foligno\">Foligno<\/a><\/li>\n\n\n\n<li><a href=\"https:\/\/www.cosmundus.com\/it\/destinations\/valle-umbra-and-valnerina\/#spello\">Spello<\/a><\/li>\n<\/ul>\n<\/li>\n<\/ul>\n\n<\/div>\n\t\t<\/div>\n\n<div class=\"wp-block-ub-content-toggle-accordion\" style=\"border-color: #f1f1f1; \" id=\"ub-content-toggle-panel-block-0fc2decb-32d7-441d-9b62-30ebfd37ced4\">\n\t\t\t<div class=\"wp-block-ub-content-toggle-accordion-title-wrap\" style=\"background-color: #f1f1f1;\" aria-controls=\"ub-content-toggle-panel-1-2db2589f-37cd-4a98-b3b3-9b59901bcb7a\" tabindex=\"0\">\n\t\t\t<p class=\"wp-block-ub-content-toggle-accordion-title ub-content-toggle-title-2db2589f-37cd-4a98-b3b3-9b59901bcb7a\" style=\"color: #000000; \">Provincia di Terni<\/p>\n\t\t\t<div class=\"wp-block-ub-content-toggle-accordion-toggle-wrap right\" style=\"color: #000000;\"><span class=\"wp-block-ub-content-toggle-accordion-state-indicator wp-block-ub-chevron-down\"><\/span><\/div>\n\t\t<\/div>\n\t\t\t<div role=\"region\" aria-expanded=\"false\" class=\"wp-block-ub-content-toggle-accordion-content-wrap ub-hide\" id=\"ub-content-toggle-panel-1-2db2589f-37cd-4a98-b3b3-9b59901bcb7a\">\n\n<ul class=\"wp-block-list\">\n<li><a href=\"https:\/\/www.cosmundus.com\/it\/destinations\/orvieto\/\" class=\"ek-link\">Orvieto<\/a><\/li>\n\n\n\n<li><a href=\"https:\/\/www.cosmundus.com\/it\/destinations\/ternano\/\" class=\"ek-link\">Ternano<\/a>\n<ul class=\"wp-block-list\">\n<li><a href=\"https:\/\/www.cosmundus.com\/it\/destinations\/ternano\/#terni\">Terni<\/a><\/li>\n\n\n\n<li><a href=\"https:\/\/www.cosmundus.com\/it\/destinations\/ternano\/#ferentillo\">Ferentillo<\/a><\/li>\n\n\n\n<li><a href=\"https:\/\/www.cosmundus.com\/it\/destinations\/ternano\/#narni\">Narni<\/a><\/li>\n\n\n\n<li><a href=\"https:\/\/www.cosmundus.com\/it\/destinations\/ternano\/#orticoli\">Orticoli<\/a><\/li>\n<\/ul>\n<\/li>\n<\/ul>\n\n<\/div>\n\t\t<\/div>\n<\/div>\n\n\n<div style=\"height:20px\" aria-hidden=\"true\" class=\"wp-block-spacer\"><\/div>\n\n\n\n<h4 class=\"wp-block-heading has-text-align-center\"><strong>Mappa dell'Umbria<\/strong><\/h4>\n\n\n<div class=\"wp-block-image\">\n<figure class=\"aligncenter size-large is-resized\"><a href=\"https:\/\/www.cosmundus.com\/wp-content\/uploads\/2023\/10\/Umbria_it.png\"><img fetchpriority=\"high\" decoding=\"async\" width=\"1024\" height=\"1024\" src=\"https:\/\/www.cosmundus.com\/wp-content\/uploads\/2023\/10\/Umbria_it.png\" alt=\"\" class=\"wp-image-7016\" style=\"object-fit:cover;width:512px;height:512px\" srcset=\"https:\/\/www.cosmundus.com\/wp-content\/uploads\/2023\/10\/Umbria_it.png 2707w, https:\/\/www.cosmundus.com\/wp-content\/uploads\/2023\/10\/Umbria_it-300x300.png 300w, https:\/\/www.cosmundus.com\/wp-content\/uploads\/2023\/10\/Umbria_it-1024x1024.png 1024w, https:\/\/www.cosmundus.com\/wp-content\/uploads\/2023\/10\/Umbria_it-150x150.png 150w, https:\/\/www.cosmundus.com\/wp-content\/uploads\/2023\/10\/Umbria_it-768x768.png 768w, https:\/\/www.cosmundus.com\/wp-content\/uploads\/2023\/10\/Umbria_it-1536x1536.png 1536w, https:\/\/www.cosmundus.com\/wp-content\/uploads\/2023\/10\/Umbria_it-2048x2048.png 2048w, https:\/\/www.cosmundus.com\/wp-content\/uploads\/2023\/10\/Umbria_it-12x12.png 12w, https:\/\/www.cosmundus.com\/wp-content\/uploads\/2023\/10\/Umbria_it-64x64.png 64w, https:\/\/www.cosmundus.com\/wp-content\/uploads\/2023\/10\/Umbria_it-850x850.png 850w\" sizes=\"(max-width: 1024px) 100vw, 1024px\" \/><\/a><\/figure><\/div>\n\n\n<div style=\"height:20px\" aria-hidden=\"true\" class=\"wp-block-spacer\"><\/div>\n\n\n\n<h4 class=\"wp-block-heading has-text-align-center\"><strong>Mappa di tutti i posti in Umbria, suddivisi per provincia<\/strong><\/h4>\n\n\n<p style=\"text-align: center;\"><iframe src=\"https:\/\/www.google.com\/maps\/d\/u\/0\/embed?mid=1WwF16Rgnk_vai9hpuwXmzGW7evPohRI&#038;ehbc=2E312F\" width=\"640\" height=\"480\"><\/iframe><\/p>","protected":false},"excerpt":{"rendered":"<p>&lt;&lt; Central Italy Umbria is a landlocked region in Central Italy, tucked between Tuscany, Marche, and Lazio. Its territory is characterized by valleys located among hills and mountains, and it hosts the fourth largest lake in Italy, Lake Trasimeno. In ancient times the region was inhabited by the Umbri and the Etruscans, which were later conquered by the Romans. In the Early Middle Ages, Umbria was divided between the Byzantines and the Lombard Duchy of Spoleto, and later saw the rise of various comuni. The region eventually came under the rule of the Papal States, joining Italy when the country was unified. Umbria is now known for its scenic beauty, medieval and Renaissance towns, rich historic and artistic heritage, and famous religious sites. Destinations in Umbria Map of Umbria Map of all places in Umbria, subdivided by province<\/p>","protected":false},"author":1,"featured_media":0,"parent":778,"menu_order":0,"comment_status":"closed","ping_status":"closed","template":"","meta":{"_editorskit_title_hidden":false,"_editorskit_reading_time":1,"_editorskit_is_block_options_detached":false,"_editorskit_block_options_position":"{}","om_disable_all_campaigns":false,"_uag_custom_page_level_css":"","advgb_blocks_editor_width":"","advgb_blocks_columns_visual_guide":"","_monsterinsights_skip_tracking":false,"_monsterinsights_sitenote_active":false,"_monsterinsights_sitenote_note":"","_monsterinsights_sitenote_category":0,"footnotes":""},"class_list":["post-898","page","type-page","status-publish","hentry"],"aioseo_notices":[],"featured_image_src":null,"uagb_featured_image_src":{"full":false,"thumbnail":false,"medium":false,"medium_large":false,"large":false,"1536x1536":false,"2048x2048":false,"trp-custom-language-flag":false,"xs-thumb":false,"post-thumbnail":false,"minimalistblogger-grid":false,"minimalistblogger-slider":false,"minimalistblogger-small":false},"uagb_author_info":{"display_name":"Stefano Cammisa","author_link":"https:\/\/www.cosmundus.com\/it\/author\/stefano-cammisa\/"},"uagb_comment_info":0,"uagb_excerpt":"&lt;&lt; Central Italy Umbria is a landlocked region in Central Italy, tucked between Tuscany, Marche, and Lazio. Its territory is characterized by valleys located among hills and mountains, and it hosts the fourth largest lake in Italy, Lake Trasimeno. In ancient times the region was inhabited by the Umbri and the Etruscans, which were later&hellip;","coauthors":[],"author_meta":{"author_link":"https:\/\/www.cosmundus.com\/it\/author\/stefano-cammisa\/","display_name":"Stefano Cammisa"},"relative_dates":{"created":"Pubblicato 2 anni fa","modified":"Aggiornato 2 anni fa"},"absolute_dates":{"created":"Pubblicato il 20 Dicembre 2023","modified":"Aggiornato il 13 Marzo 2024"},"absolute_dates_time":{"created":"Pubblicato il 20 Dicembre 2023 12:51 pm","modified":"Aggiornato il 13 Marzo 2024 11:25 am"},"featured_img_caption":"","featured_img":false,"series_order":"","_links":{"self":[{"href":"https:\/\/www.cosmundus.com\/it\/wp-json\/wp\/v2\/pages\/898","targetHints":{"allow":["GET"]}}],"collection":[{"href":"https:\/\/www.cosmundus.com\/it\/wp-json\/wp\/v2\/pages"}],"about":[{"href":"https:\/\/www.cosmundus.com\/it\/wp-json\/wp\/v2\/types\/page"}],"author":[{"embeddable":true,"href":"https:\/\/www.cosmundus.com\/it\/wp-json\/wp\/v2\/users\/1"}],"replies":[{"embeddable":true,"href":"https:\/\/www.cosmundus.com\/it\/wp-json\/wp\/v2\/comments?post=898"}],"version-history":[{"count":21,"href":"https:\/\/www.cosmundus.com\/it\/wp-json\/wp\/v2\/pages\/898\/revisions"}],"predecessor-version":[{"id":10113,"href":"https:\/\/www.cosmundus.com\/it\/wp-json\/wp\/v2\/pages\/898\/revisions\/10113"}],"up":[{"embeddable":true,"href":"https:\/\/www.cosmundus.com\/it\/wp-json\/wp\/v2\/pages\/778"}],"wp:attachment":[{"href":"https:\/\/www.cosmundus.com\/it\/wp-json\/wp\/v2\/media?parent=898"}],"curies":[{"name":"wp","href":"https:\/\/api.w.org\/{rel}","templated":true}]}}