{"id":8963,"date":"2024-02-18T13:15:04","date_gmt":"2024-02-18T12:15:04","guid":{"rendered":"https:\/\/www.cosmundus.com\/?page_id=8963"},"modified":"2024-03-11T12:45:27","modified_gmt":"2024-03-11T11:45:27","slug":"north-of-padua","status":"publish","type":"page","link":"https:\/\/www.cosmundus.com\/it\/destinations\/north-of-padua\/","title":{"rendered":"A Nord di Padova"},"content":{"rendered":"<p class=\"has-text-align-right\">&lt;&lt; <a href=\"https:\/\/www.cosmundus.com\/it\/atlas\/europe\/southern-europe\/italy\/northeast-italy\/veneto\/\" class=\"ek-link\">Veneto<\/a><\/p>\n\n\n\n<p class=\"translation-block\">La campagna a nord di <a href=\"https:\/\/www.cosmundus.com\/it\/destinations\/padua\/\" class=\"ek-link\" target=\"_self\">Padova<\/a> \u00e8 una zona agricola prevalentemente rurale costellata di piccoli paesi. L'attrazione principale qui \u00e8 la citt\u00e0 di Cittadella, situata all'estremit\u00e0 settentrionale della Provincia di Padova. Altri punti di riferimento includono alcune ville storiche e dei siti religiosi.<\/p>\n\n\n\n<div class=\"wp-block-group\"><div class=\"wp-block-group__inner-container is-layout-constrained wp-block-group-is-layout-constrained\"><div style=\"border: 1px solid #8ed1fc; border-radius: 0%; background-color: inherit; \" class=\"ub-styled-box ub-bordered-box wp-block-ub-styled-box\" id=\"ub-styled-box-27082907-4ddd-4858-b247-aad2ea1e126c\">\n<p class=\"has-medium-font-size\" id=\"ub-styled-box-bordered-content-a05fab85-7a04-45db-b594-7840f73d5e9f\">Posti da vedere a Nord di Padova<\/p>\n\n\n<div class=\"wp-block-aioseo-table-of-contents\"><ul><li><a class=\"aioseo-toc-item\" href=\"#cittadella\">Cittadella<\/a><ul><li><a class=\"aioseo-toc-item\" href=\"#walls-of-cittadella\">\u272a Mura di Cittadella<\/a><\/li><\/ul><\/li><li><a class=\"aioseo-toc-item\" href=\"#piazzola-sul-brenta\">Piazzola sul Brenta<\/a><ul><li><a class=\"aioseo-toc-item\" href=\"#villa-contarini\">Villa Contarini<\/a><\/li><\/ul><\/li><li><a class=\"aioseo-toc-item\" href=\"#camposampiero\">Camposampiero<\/a><ul><li><a class=\"aioseo-toc-item\" href=\"#santuari-antoniani\">Santuari Antoniani<\/a><\/li><\/ul><\/li><li><a class=\"aioseo-toc-item\" href=\"#piombino-dese\">Piombino Dese<\/a><ul><li><a class=\"aioseo-toc-item\" href=\"#villa-cornaro\">Villa Cornaro<\/a><\/li><\/ul><\/li><\/ul><\/div>\n\n<\/div><\/div><\/div>\n\n\n\n<h2 class=\"wp-block-heading\" id=\"cittadella\"><strong>Cittadella<\/strong><\/h2>\n\n\n\n<p class=\"translation-block\">Cittadella \u00e8 una citt\u00e0 murata nella parte nord-occidentale della Provincia di Padova, che si trova tra <a href=\"https:\/\/www.cosmundus.com\/it\/destinations\/vicenza\/\" class=\"ek-link\" target=\"_self\">Vicenza<\/a> e <a href=\"https:\/\/www.cosmundus.com\/it\/destinations\/marca-trevigiana\/#castelfranco-veneto\" class=\"ek-link\" target=\"_self\">Castelfranco Veneto<\/a>. Fu fondata nel 1220 come avamposto militare e citt\u00e0 fortificata padovana in risposta alla costruzione di Castelfranco Veneto da parte del comune di <a href=\"https:\/\/www.cosmundus.com\/it\/destinations\/treviso\/\" class=\"ek-link\" target=\"_self\">Treviso<\/a>. Nel corso dei secoli crebbe fino a diventare uno dei maggiori centri della campagna veneta, anche dopo aver perso la sua importanza strategica.<\/p>\n\n\n<div class=\"wp-block-ub-divider ub_divider ub-divider-orientation-horizontal\" id=\"ub_divider_7e19bb63-e91b-4001-850f-7782ce96a827\"><div class=\"ub_divider_wrapper\" style=\"position: relative; margin-bottom: 2px; width: 100%; height: 2px; \" data-divider-alignment=\"center\"><div class=\"ub_divider_line\" style=\"border-top: 2px solid #ccc; margin-top: 2px; \"><\/div><\/div><\/div>\n\n\n<h4 class=\"wp-block-heading\" id=\"walls-of-cittadella\"><strong><strong><strong>\u272a <\/strong>Mura di Cittadella<\/strong><\/strong><\/h4>\n\n\n\n<p>Le mura medievali di Cittadella sono tra le meglio conservate del suo genere, circondano completamente il centro cittadino e sono affiancate da un fossato. La maggior parte delle mura sono le fortificazioni originali del tredicesimo secolo, con solo una piccola parte restaurata pi\u00f9 di recente, e l'intero percorso in cima \u00e8 camminabile. Quattro grandi porte rendono possibile l'accesso alla citt\u00e0 fortificata e alcune delle torri ospitano musei ed esposizioni sulla storia locale.<\/p>\n\n\n\n<div class=\"wp-block-columns is-layout-flex wp-container-core-columns-is-layout-9d6595d7 wp-block-columns-is-layout-flex\">\n<div class=\"wp-block-column is-layout-flow wp-block-column-is-layout-flow\" style=\"flex-basis:85%\">\n<p>Indirizzo: Via Porte Bassanesi, 2, 35013 Cittadella PD<br>Coordinate: 45.6508, 11.7833<\/p>\n<\/div>\n\n\n\n<div class=\"wp-block-column is-layout-flow wp-block-column-is-layout-flow\" style=\"flex-basis:15%\">\n<p class=\"has-text-align-right\"><a href=\"https:\/\/goo.gl\/maps\/QCdv9AX6X2QybEB58\" target=\"_blank\" aria-label=\" (opens in a new tab)\" rel=\"noreferrer noopener\" class=\"ek-link\">Google Maps<\/a><\/p>\n<\/div>\n<\/div>\n\n\n<div style=\"margin-top: var(--wp--preset--spacing--40); margin-bottom: var(--wp--preset--spacing--40); \" class=\"wp-block-ub-divider ub_divider ub-divider-orientation-horizontal\" id=\"ub_divider_b54312f3-8b61-4fa2-ba6b-5736ab4e9367\"><div class=\"ub_divider_wrapper\" style=\"position: relative; margin-bottom: 10px; width: 100%; height: 10px; \" data-divider-alignment=\"center\"><div class=\"ub_divider_line\" style=\"border-top: 2px solid #000000; margin-top: 10px; \"><\/div><\/div><\/div>\n\n\n<h2 class=\"wp-block-heading\" id=\"piazzola-sul-brenta\"><strong>Piazzola sul Brenta<\/strong><\/h2>\n\n\n\n<p>Piazzola sul Brenta \u00e8 un paese che si trova nella campagna veneta, circa a met\u00e0 tra Padova e Cittadella, sulle rive del fiume Brenta. Il pittore Andrea Mantegna nacque in un vicino villaggio, ora chiamato Isola Mantegna, nel 1431.<\/p>\n\n\n<div class=\"wp-block-ub-divider ub_divider ub-divider-orientation-horizontal\" id=\"ub_divider_b58092d9-a3fe-4d0a-9c67-73e67d9a1dd7\"><div class=\"ub_divider_wrapper\" style=\"position: relative; margin-bottom: 2px; width: 100%; height: 2px; \" data-divider-alignment=\"center\"><div class=\"ub_divider_line\" style=\"border-top: 2px solid #ccc; margin-top: 2px; \"><\/div><\/div><\/div>\n\n\n<h4 class=\"wp-block-heading\" id=\"villa-contarini\"><strong><strong>Villa Contarini<\/strong><\/strong><\/h4>\n\n\n\n<p>Piazzola sul Brenta \u00e8 dominata da Villa Contarini, uno dei pi\u00f9 grandi tra i tanti palazzi patrizi rurali del Veneto. La costruzione della villa inizi\u00f2 nel 1546 e l'edificio principale potrebbe essere stato progettato da Andrea Palladio. Successivamente fu ampliato con delle ali laterali nel corso del diciassettesimo secolo. La villa \u00e8 circondata da un ampio parco con un lago e vari canali, mentre i saloni interni sono ricchi di affreschi e opere d'arte.<\/p>\n\n\n\n<div class=\"wp-block-columns is-layout-flex wp-container-core-columns-is-layout-9d6595d7 wp-block-columns-is-layout-flex\">\n<div class=\"wp-block-column is-layout-flow wp-block-column-is-layout-flow\" style=\"flex-basis:85%\">\n<p>Indirizzo: Via L. Camerini, 1, 35016 Piazzola sul Brenta PD<br>Coordinate: 45.5440, 11.7852<\/p>\n<\/div>\n\n\n\n<div class=\"wp-block-column is-layout-flow wp-block-column-is-layout-flow\" style=\"flex-basis:15%\">\n<p class=\"has-text-align-right\"><a href=\"https:\/\/goo.gl\/maps\/1dTiSGKaaVV8KiRb9\" target=\"_blank\" aria-label=\" (opens in a new tab)\" rel=\"noreferrer noopener\" class=\"ek-link\">Google Maps<\/a><\/p>\n<\/div>\n<\/div>\n\n\n<div style=\"margin-top: var(--wp--preset--spacing--40); margin-bottom: var(--wp--preset--spacing--40); \" class=\"wp-block-ub-divider ub_divider ub-divider-orientation-horizontal\" id=\"ub_divider_1013ff99-e5aa-4aaa-8ca6-c235ea769b76\"><div class=\"ub_divider_wrapper\" style=\"position: relative; margin-bottom: 10px; width: 100%; height: 10px; \" data-divider-alignment=\"center\"><div class=\"ub_divider_line\" style=\"border-top: 2px solid #000000; margin-top: 10px; \"><\/div><\/div><\/div>\n\n\n<h2 class=\"wp-block-heading\" id=\"camposampiero\"><strong>Camposampiero<\/strong><\/h2>\n\n\n\n<p>Camposampiero \u00e8 una citt\u00e0 che si trova a nord di Padova, circa a met\u00e0 strada tra questa e Castelfranco Veneto. \u00c8 nota principalmente per essere il posto in cui Sant'Antonio di Padova mor\u00ec nel 1231, dopo un breve soggiorno nel paesino.<\/p>\n\n\n<div class=\"wp-block-ub-divider ub_divider ub-divider-orientation-horizontal\" id=\"ub_divider_b31dc4c1-69fb-40f7-b98a-956c875a7272\"><div class=\"ub_divider_wrapper\" style=\"position: relative; margin-bottom: 2px; width: 100%; height: 2px; \" data-divider-alignment=\"center\"><div class=\"ub_divider_line\" style=\"border-top: 2px solid #ccc; margin-top: 2px; \"><\/div><\/div><\/div>\n\n\n<h4 class=\"wp-block-heading\" id=\"santuari-antoniani\"><strong><strong>Santuari Antoniani<\/strong><\/strong><\/h4>\n\n\n\n<p class=\"translation-block\">Raggiungibili con una breve camminata dalla centrale <strong>Piazza Castello<\/strong>, i Santuari Antoniani sono un complesso religioso dedicato a Sant'Antonio di Padova. Il <strong>Santuario della Visione<\/strong> \u00e8 l'edificio pi\u00f9 grande, con una chiesa e un adiacente monastero. Fu eretto all'inizio del ventesimo secolo ma include il posto in cui il Santo soggiorn\u00f2 ed ebbe una visione di Ges\u00f9 Bambino. Un breve sentiero da qui porta al <strong>Santuario del Noce<\/strong>, una cappella del quindicesimo secolo con aggiunte successive e decorato con affreschi. Questo santuario fu costruito sul posto in cui il Santo apparentemente predicava alla gente del posto vivendo tra gli alberi di noce. Un monastero si trova vicino a questa cappella.<\/p>\n\n\n\n<div class=\"wp-block-columns is-layout-flex wp-container-core-columns-is-layout-9d6595d7 wp-block-columns-is-layout-flex\">\n<div class=\"wp-block-column is-layout-flow wp-block-column-is-layout-flow\" style=\"flex-basis:85%\">\n<p>Indirizzo: Via Sant\u2019Antonio, 6, 35012 Camposampiero PD<br>Coordinate: 45.5739, 11.9315<\/p>\n<\/div>\n\n\n\n<div class=\"wp-block-column is-layout-flow wp-block-column-is-layout-flow\" style=\"flex-basis:15%\">\n<p class=\"has-text-align-right\"><a href=\"https:\/\/goo.gl\/maps\/wxK1en3VPa7Y5w118\" target=\"_blank\" aria-label=\" (opens in a new tab)\" rel=\"noreferrer noopener\" class=\"ek-link\">Google Maps<\/a><\/p>\n<\/div>\n<\/div>\n\n\n<div style=\"margin-top: var(--wp--preset--spacing--40); margin-bottom: var(--wp--preset--spacing--40); \" class=\"wp-block-ub-divider ub_divider ub-divider-orientation-horizontal\" id=\"ub_divider_3c77e4c5-504a-407c-968a-47878b2369bf\"><div class=\"ub_divider_wrapper\" style=\"position: relative; margin-bottom: 10px; width: 100%; height: 10px; \" data-divider-alignment=\"center\"><div class=\"ub_divider_line\" style=\"border-top: 2px solid #000000; margin-top: 10px; \"><\/div><\/div><\/div>\n\n\n<h2 class=\"wp-block-heading\" id=\"piombino-dese\"><strong>Piombino Dese<\/strong><\/h2>\n\n\n\n<p>Piombino Dese \u00e8 un paesino che si trova all'estremit\u00e0 nord-orientale della Provincia di Padova. Come molti altri centri rurali del Veneto, anche questa zona divenne sede di palazzi patrizi rurali durante il Rinascimento.<\/p>\n\n\n<div class=\"wp-block-ub-divider ub_divider ub-divider-orientation-horizontal\" id=\"ub_divider_3a9b9912-ebb9-4635-8f6f-5e2cad0c139f\"><div class=\"ub_divider_wrapper\" style=\"position: relative; margin-bottom: 2px; width: 100%; height: 2px; \" data-divider-alignment=\"center\"><div class=\"ub_divider_line\" style=\"border-top: 2px solid #ccc; margin-top: 2px; \"><\/div><\/div><\/div>\n\n\n<h4 class=\"wp-block-heading\" id=\"villa-cornaro\"><strong><strong>Villa Cornaro<\/strong><\/strong><\/h4>\n\n\n\n<p class=\"translation-block\">Villa Cornaro \u00e8 una villa patrizia progettata da Andrea Palladio e inserita nella lista dei Patrimoni dell'Umanit\u00e0 dell'UNESCO insieme ad altri edifici progettati dallo stesso architetto. Costruita a met\u00e0 del sedicesimo secolo con alcune aggiunte successive, \u00e8 uno dei migliori esempi di villa dell'epoca e i suoi saloni interni sono decorati con numerosi affreschi. Villa Cornaro \u00e8 stata descritta da Palladio nel suo trattato <em>I Quattro Libri dell'Architettura<\/em>, e ha influenzato la progettazione delle ville in tutto il mondo soprattutto durante il diciottesimo secolo.<\/p>\n\n\n\n<div class=\"wp-block-columns is-layout-flex wp-container-core-columns-is-layout-9d6595d7 wp-block-columns-is-layout-flex\">\n<div class=\"wp-block-column is-layout-flow wp-block-column-is-layout-flow\" style=\"flex-basis:85%\">\n<p>Indirizzo: Via Roma, 104, 35017 Piombino Dese PD<br>Coordinate: 45.6072, 11.9994<\/p>\n<\/div>\n\n\n\n<div class=\"wp-block-column is-layout-flow wp-block-column-is-layout-flow\" style=\"flex-basis:15%\">\n<p class=\"has-text-align-right\"><a href=\"https:\/\/goo.gl\/maps\/Ajt3VBdLHVbELrzU8\" target=\"_blank\" aria-label=\" (opens in a new tab)\" rel=\"noreferrer noopener\" class=\"ek-link\">Google Maps<\/a><\/p>\n<\/div>\n<\/div>","protected":false},"excerpt":{"rendered":"<p>&lt;&lt; Veneto The countryside north of Padua is a mostly rural agricultural area dotted with small towns. The main attraction here is the town of Cittadella, located at the northern end of the Province of Padua. Other landmarks include some historic villas and religious sites. Cittadella Cittadella is a walled city in the northwestern part of the Province of Padua, sitting between Vicenza and Castelfranco Veneto. It was founded in 1220 as a Paduan military outpost and fortified town in response to the construction of Castelfranco Veneto by the comune of Treviso. Over the centuries it grew to become one of the major centers of the countryside of Veneto, even after losing its strategic importance. \u272a Walls of Cittadella The medieval walls of Cittadella are among the best preserved of its kind, completely encircling the city center and surrounded by a moat. Most of the walls are the original 13th-century fortifications, with only a small part that was restored more recently, and the entire path on top is walkable. Four large gates allow access to the fortified town and some of the towers host museums and exhibitions on local history. Address: Via Porte Bassanesi, 2, 35013 Cittadella PDCoordinates: 45.6508, 11.7833 Google Maps Piazzola sul Brenta Piazzola sul Brenta is a town located in the countryside of Veneto, about halfway between Padua and Cittadella, on the shores of the Brenta river. The painter Andrea Mantegna was born in a village nearby, now called Isola Mantegna, in 1431. Villa Contarini Piazzola sul Brenta is dominated by Villa Contarini, one of the largest among the many patrician rural palaces of Veneto. The construction of the villa began in 1546 and the main building might have been designed by Andrea Palladio. It was later expanded with the lateral wings during the 17th century. The villa is surrounded by a large park with a lake and various canals, while the internal halls feature luxurious frescoes and artworks. Address: Via L. Camerini, 1, 35016 Piazzola sul Brenta PDCoordinates: 45.5440, 11.7852 Google Maps Camposampiero Camposampiero is a town located north of Padua, about halfway between this city and Castelfranco Veneto. It is mostly known for being the place where Saint Anthony of Padua died in 1231, after a short stay in the village. Santuari Antoniani Just a brief walk away from the central Piazza Castello, the Santuari Antoniani is a religious complex dedicated to Saint Anthony of Padua. The Sanctuary of the Vision (Santuario della Visione) is the larger building, with a church and an adjacent monastery. It was erected in the early 20th century but it includes the place where the Saint stayed and had a vision of Christ Child. A short footpath from here leads to the Sanctuary of the Walnut (Santuario del Noce), a 15th-century chapel with later additions and decorated with frescoes. This sanctuary was built in the place where the Saint supposedly preached to the locals while living among the walnut trees. A monastery stands close to this chapel. Address: Via Sant&#8217;Antonio, 6, 35012 Camposampiero PDCoordinates: 45.5739, 11.9315 Google Maps Piombino Dese Piombino Dese is a small town located at the northeastern end of the Province of Padua. Like many other countryside centers in Veneto, this area became a site for patrician rural palaces during the Renaissance. Villa Cornaro Villa Cornaro is a patrician villa designed by Andrea Palladio and included in the list of UNESCO World Heritage sites along other buildings designed by the same architect. Built in the mid 16th century with some later additions, it is one of the finest examples of villa from that period and its internal halls are decorated with many frescoes. Villa Cornaro was described by Palladio in his treatise The Four Books of Architecture, and it influenced the design of villas around the world especially during the 18th century. Address: Via Roma, 104, 35017 Piombino Dese PDCoordinates: 45.6072, 11.9994 Google Maps<\/p>","protected":false},"author":1,"featured_media":0,"parent":932,"menu_order":0,"comment_status":"closed","ping_status":"closed","template":"","meta":{"_editorskit_title_hidden":false,"_editorskit_reading_time":0,"_editorskit_is_block_options_detached":false,"_editorskit_block_options_position":"{}","om_disable_all_campaigns":false,"_uag_custom_page_level_css":"","advgb_blocks_editor_width":"","advgb_blocks_columns_visual_guide":"","_monsterinsights_skip_tracking":false,"_monsterinsights_sitenote_active":false,"_monsterinsights_sitenote_note":"","_monsterinsights_sitenote_category":0,"footnotes":""},"class_list":["post-8963","page","type-page","status-publish","hentry"],"aioseo_notices":[],"featured_image_src":null,"uagb_featured_image_src":{"full":false,"thumbnail":false,"medium":false,"medium_large":false,"large":false,"1536x1536":false,"2048x2048":false,"trp-custom-language-flag":false,"xs-thumb":false,"post-thumbnail":false,"minimalistblogger-grid":false,"minimalistblogger-slider":false,"minimalistblogger-small":false},"uagb_author_info":{"display_name":"Stefano Cammisa","author_link":"https:\/\/www.cosmundus.com\/it\/author\/stefano-cammisa\/"},"uagb_comment_info":0,"uagb_excerpt":"&lt;&lt; Veneto The countryside north of Padua is a mostly rural agricultural area dotted with small towns. The main attraction here is the town of Cittadella, located at the northern end of the Province of Padua. Other landmarks include some historic villas and religious sites. Cittadella Cittadella is a walled city in the northwestern part&hellip;","coauthors":[],"author_meta":{"author_link":"https:\/\/www.cosmundus.com\/it\/author\/stefano-cammisa\/","display_name":"Stefano Cammisa"},"relative_dates":{"created":"Pubblicato 2 anni fa","modified":"Aggiornato 2 anni fa"},"absolute_dates":{"created":"Pubblicato il 18 Febbraio 2024","modified":"Aggiornato il 11 Marzo 2024"},"absolute_dates_time":{"created":"Pubblicato il 18 Febbraio 2024 1:15 pm","modified":"Aggiornato il 11 Marzo 2024 12:45 pm"},"featured_img_caption":"","featured_img":false,"series_order":"","_links":{"self":[{"href":"https:\/\/www.cosmundus.com\/it\/wp-json\/wp\/v2\/pages\/8963","targetHints":{"allow":["GET"]}}],"collection":[{"href":"https:\/\/www.cosmundus.com\/it\/wp-json\/wp\/v2\/pages"}],"about":[{"href":"https:\/\/www.cosmundus.com\/it\/wp-json\/wp\/v2\/types\/page"}],"author":[{"embeddable":true,"href":"https:\/\/www.cosmundus.com\/it\/wp-json\/wp\/v2\/users\/1"}],"replies":[{"embeddable":true,"href":"https:\/\/www.cosmundus.com\/it\/wp-json\/wp\/v2\/comments?post=8963"}],"version-history":[{"count":4,"href":"https:\/\/www.cosmundus.com\/it\/wp-json\/wp\/v2\/pages\/8963\/revisions"}],"predecessor-version":[{"id":10018,"href":"https:\/\/www.cosmundus.com\/it\/wp-json\/wp\/v2\/pages\/8963\/revisions\/10018"}],"up":[{"embeddable":true,"href":"https:\/\/www.cosmundus.com\/it\/wp-json\/wp\/v2\/pages\/932"}],"wp:attachment":[{"href":"https:\/\/www.cosmundus.com\/it\/wp-json\/wp\/v2\/media?parent=8963"}],"curies":[{"name":"wp","href":"https:\/\/api.w.org\/{rel}","templated":true}]}}