{"id":893,"date":"2022-12-03T18:40:10","date_gmt":"2022-12-03T17:40:10","guid":{"rendered":"https:\/\/www.cosmundus.com\/?page_id=893"},"modified":"2024-10-07T11:25:52","modified_gmt":"2024-10-07T09:25:52","slug":"lazio","status":"publish","type":"page","link":"https:\/\/www.cosmundus.com\/it\/atlas\/europe\/southern-europe\/italy\/central-italy\/lazio\/","title":{"rendered":"Lazio"},"content":{"rendered":"<p class=\"has-text-align-right\">&lt;&lt; <a href=\"https:\/\/www.cosmundus.com\/it\/atlas\/europe\/southern-europe\/italy\/central-italy\/\" class=\"ek-link\">Italia Centrale<\/a><\/p>\n\n\n\n<p class=\"translation-block\">Il Lazio \u00e8 una regione dell'Italia situata nel centro del paese, tra il Mar Tirreno e gli Appennini. Il suo territorio \u00e8 prevalentemente pianeggiante e collinare, con montagne a est e a sud, mentre due grandi laghi si trovano nel nord della regione. La capitale e citt\u00e0 pi\u00f9 grande del Lazio \u00e8 Roma, che \u00e8 anche la capitale d'Italia. Il Lazio circonda interamente la <a href=\"https:\/\/www.cosmundus.com\/it\/destinations\/vatican-city\/\" target=\"_self\">Citt\u00e0 del Vaticano<\/a>, che si trova all'interno della citt\u00e0 di Roma. Originariamente abitato da diversi popoli italici, Roma divenne presto la citt\u00e0 pi\u00f9 potente della zona, conquistando tutto il Lazio e successivamente dominando l'intera regione del Mediterraneo. Ospitando la capitale dell'Impero Romano, il Lazio \u00e8 stato per secoli il centro geopolitico del mondo occidentale. Dopo la caduta dell'Impero Romano, la regione fu governata dagli Ostrogoti e dai Bizantini. Durante il Medioevo la regione pass\u00f2 sotto il dominio del Papa come parte dello Stato Pontificio, che govern\u00f2 gran parte dell'Italia centrale fino al diciannovesimo secolo. Dopo l'occupazione francese durante le guerre napoleoniche e la breve Repubblica Romana nel 1849, il Lazio fu conquistato dall'Italia nel 1870 e Roma divenne la capitale del paese. Nel 1927 venne creata la Provincia di Rieti e aggiunta al Lazio da territori precedentemente parte di <a href=\"https:\/\/www.cosmundus.com\/it\/atlas\/europe\/southern-europe\/italy\/central-italy\/umbria\/\" target=\"_self\">Umbria<\/a> e <a href=\"https:\/\/www.cosmundus.com\/it\/atlas\/europe\/southern-europe\/italy\/south-italy\/abruzzo\/\" target=\"_self\">Abruzzo<\/a>. Il Lazio \u00e8 ora la seconda regione pi\u00f9 popolata d'Italia, e anche la seconda maggiore economia regionale, dopo la <a href=\"https:\/\/www.cosmundus.com\/it\/atlas\/europe\/southern-europe\/italy\/northwest-italy\/lombardy \/\" target=\"_self\">Lombardia<\/a>. Oltre a Roma, la regione offre molte altre attrazioni turistiche, con numerosi borghi medievali sulle colline e sulle montagne, innumerevoli monumenti storici, bellissime spiagge lungo la costa e stazioni sciistiche sugli Appennini.<\/p>\n\n\n\n<h3 class=\"wp-block-heading\">Destinazioni nel Lazio<\/h3>\n\n\n<div class=\"wp-block-ub-content-toggle wp-block-ub-content-toggle-block\" id=\"ub-content-toggle-block-c78a1a74-a89a-4d95-bb47-6f71e0545e46\" data-mobilecollapse=\"true\" data-desktopcollapse=\"true\" data-preventcollapse=\"false\" data-showonlyone=\"false\">\n<div class=\"wp-block-ub-content-toggle-accordion\" style=\"border-color: #f1f1f1; \" id=\"ub-content-toggle-panel-block-e7368bde-1820-4dd9-a534-fbac9b3dc3be\">\n\t\t\t<div class=\"wp-block-ub-content-toggle-accordion-title-wrap\" style=\"background-color: #f1f1f1;\" aria-controls=\"ub-content-toggle-panel-0-c78a1a74-a89a-4d95-bb47-6f71e0545e46\" tabindex=\"0\">\n\t\t\t<p class=\"wp-block-ub-content-toggle-accordion-title ub-content-toggle-title-c78a1a74-a89a-4d95-bb47-6f71e0545e46\" style=\"color: #000000; \">Provincia di Frosinone<\/p>\n\t\t\t<div class=\"wp-block-ub-content-toggle-accordion-toggle-wrap right\" style=\"color: #000000;\"><span class=\"wp-block-ub-content-toggle-accordion-state-indicator wp-block-ub-chevron-down\"><\/span><\/div>\n\t\t<\/div>\n\t\t\t<div role=\"region\" aria-expanded=\"false\" class=\"wp-block-ub-content-toggle-accordion-content-wrap ub-hide\" id=\"ub-content-toggle-panel-0-c78a1a74-a89a-4d95-bb47-6f71e0545e46\">\n\n<ul class=\"wp-block-list\">\n<li><a href=\"https:\/\/www.cosmundus.com\/it\/destinations\/frusinate\/\" class=\"ek-link\">Frusinate<\/a>\n<ul class=\"wp-block-list\">\n<li><a href=\"https:\/\/www.cosmundus.com\/it\/destinations\/frusinate\/#frosinone\">Frosinone<\/a><\/li>\n\n\n\n<li><a href=\"https:\/\/www.cosmundus.com\/it\/destinations\/frusinate\/#cassino\">Cassino<\/a><\/li>\n\n\n\n<li><a href=\"https:\/\/www.cosmundus.com\/it\/destinations\/frusinate\/#anagni\">Anagni<\/a><\/li>\n\n\n\n<li><a href=\"https:\/\/www.cosmundus.com\/it\/destinations\/frusinate\/#fiuggi\">Fiuggi<\/a><\/li>\n\n\n\n<li><a href=\"https:\/\/www.cosmundus.com\/it\/destinations\/frusinate\/#ferentino\">Ferentino<\/a><\/li>\n\n\n\n<li><a href=\"https:\/\/www.cosmundus.com\/it\/destinations\/frusinate\/#alatri\">Alatri<\/a><\/li>\n\n\n\n<li><a href=\"https:\/\/www.cosmundus.com\/it\/destinations\/frusinate\/#collepardo\">Collepardo<\/a><\/li>\n\n\n\n<li><a href=\"https:\/\/www.cosmundus.com\/it\/destinations\/frusinate\/#isola-del-liri\">Isola del Liri<\/a><\/li>\n\n\n\n<li><a href=\"https:\/\/www.cosmundus.com\/it\/destinations\/frusinate\/#arpino\">Arpino<\/a><\/li>\n\n\n\n<li><a href=\"https:\/\/www.cosmundus.com\/it\/destinations\/frusinate\/#falvaterra\">Falvaterra<\/a><\/li>\n\n\n\n<li><a href=\"https:\/\/www.cosmundus.com\/it\/destinations\/frusinate\/#pastena\">Pastena<\/a><\/li>\n<\/ul>\n<\/li>\n<\/ul>\n\n<\/div>\n\t\t<\/div>\n\n<div class=\"wp-block-ub-content-toggle-accordion\" style=\"border-color: #f1f1f1; \" id=\"ub-content-toggle-panel-block-67653625-21b5-404b-a450-e1ebb101a387\">\n\t\t\t<div class=\"wp-block-ub-content-toggle-accordion-title-wrap\" style=\"background-color: #f1f1f1;\" aria-controls=\"ub-content-toggle-panel-1-c78a1a74-a89a-4d95-bb47-6f71e0545e46\" tabindex=\"0\">\n\t\t\t<p class=\"wp-block-ub-content-toggle-accordion-title ub-content-toggle-title-c78a1a74-a89a-4d95-bb47-6f71e0545e46\" style=\"color: #000000; \">Provincia di Latina<\/p>\n\t\t\t<div class=\"wp-block-ub-content-toggle-accordion-toggle-wrap right\" style=\"color: #000000;\"><span class=\"wp-block-ub-content-toggle-accordion-state-indicator wp-block-ub-chevron-down\"><\/span><\/div>\n\t\t<\/div>\n\t\t\t<div role=\"region\" aria-expanded=\"false\" class=\"wp-block-ub-content-toggle-accordion-content-wrap ub-hide\" id=\"ub-content-toggle-panel-1-c78a1a74-a89a-4d95-bb47-6f71e0545e46\">\n\n<ul class=\"wp-block-list\">\n<li><a href=\"https:\/\/www.cosmundus.com\/it\/destinations\/pontine-marshes\/\" class=\"ek-link\">Agro Pontino<\/a>\n<ul class=\"wp-block-list\">\n<li><a href=\"https:\/\/www.cosmundus.com\/it\/destinations\/pontine-marshes\/#latina\" class=\"ek-link\">Latina<\/a><\/li>\n\n\n\n<li><a href=\"https:\/\/www.cosmundus.com\/it\/destinations\/pontine-marshes\/#cisterna-di-latina\">Cisterna di Latina<\/a><\/li>\n\n\n\n<li><a href=\"https:\/\/www.cosmundus.com\/it\/destinations\/pontine-marshes\/#norma\">Norma<\/a><\/li>\n\n\n\n<li><a href=\"https:\/\/www.cosmundus.com\/it\/destinations\/pontine-marshes\/#priverno\">Priverno<\/a><\/li>\n\n\n\n<li><a href=\"https:\/\/www.cosmundus.com\/it\/destinations\/pontine-marshes\/#san-felice-circeo\">San Felice Circeo<\/a><\/li>\n\n\n\n<li><a href=\"https:\/\/www.cosmundus.com\/it\/destinations\/pontine-marshes\/#terracina\">Terracina<\/a><\/li>\n<\/ul>\n<\/li>\n\n\n\n<li><a href=\"https:\/\/www.cosmundus.com\/it\/destinations\/sud-pontino-and-pontine-islands\/\" class=\"ek-link\">Sud Pontino e Isole Ponziane<\/a>\n<ul class=\"wp-block-list\">\n<li><a href=\"https:\/\/www.cosmundus.com\/it\/destinations\/sud-pontino-and-pontine-islands\/#gaeta\">Gaeta<\/a><\/li>\n\n\n\n<li><a href=\"https:\/\/www.cosmundus.com\/it\/destinations\/sud-pontino-and-pontine-islands\/#formia\">Formia<\/a><\/li>\n\n\n\n<li><a href=\"https:\/\/www.cosmundus.com\/it\/destinations\/sud-pontino-and-pontine-islands\/#minturno\">Minturno<\/a><\/li>\n\n\n\n<li><a href=\"https:\/\/www.cosmundus.com\/it\/destinations\/sud-pontino-and-pontine-islands\/#sperlonga\">Sperlonga<\/a><\/li>\n\n\n\n<li><a href=\"https:\/\/www.cosmundus.com\/it\/destinations\/sud-pontino-and-pontine-islands\/#fondi\">Fondi<\/a><\/li>\n\n\n\n<li><a href=\"https:\/\/www.cosmundus.com\/it\/destinations\/sud-pontino-and-pontine-islands\/#pontine-islands\">Isole Ponziane<\/a><\/li>\n<\/ul>\n<\/li>\n<\/ul>\n\n<\/div>\n\t\t<\/div>\n\n<div class=\"wp-block-ub-content-toggle-accordion\" style=\"border-color: #f1f1f1; \" id=\"ub-content-toggle-panel-block-29e2f34c-723b-47e5-8318-25a43dd14d1d\">\n\t\t\t<div class=\"wp-block-ub-content-toggle-accordion-title-wrap\" style=\"background-color: #f1f1f1;\" aria-controls=\"ub-content-toggle-panel-2-c78a1a74-a89a-4d95-bb47-6f71e0545e46\" tabindex=\"0\">\n\t\t\t<p class=\"wp-block-ub-content-toggle-accordion-title ub-content-toggle-title-c78a1a74-a89a-4d95-bb47-6f71e0545e46\" style=\"color: #000000; \">Provincia di Rieti<\/p>\n\t\t\t<div class=\"wp-block-ub-content-toggle-accordion-toggle-wrap right\" style=\"color: #000000;\"><span class=\"wp-block-ub-content-toggle-accordion-state-indicator wp-block-ub-chevron-down\"><\/span><\/div>\n\t\t<\/div>\n\t\t\t<div role=\"region\" aria-expanded=\"false\" class=\"wp-block-ub-content-toggle-accordion-content-wrap ub-hide\" id=\"ub-content-toggle-panel-2-c78a1a74-a89a-4d95-bb47-6f71e0545e46\">\n\n<ul class=\"wp-block-list\">\n<li><a href=\"https:\/\/www.cosmundus.com\/it\/destinations\/reatino\/\" class=\"ek-link\">Reatino<\/a>\n<ul class=\"wp-block-list\">\n<li><a href=\"https:\/\/www.cosmundus.com\/it\/destinations\/reatino\/#rieti\">Rieti<\/a><\/li>\n\n\n\n<li><a href=\"https:\/\/www.cosmundus.com\/it\/destinations\/reatino\/#cittaducale\">Cittaducale<\/a><\/li>\n\n\n\n<li><a href=\"https:\/\/www.cosmundus.com\/it\/destinations\/reatino\/#greccio\">Greccio<\/a><\/li>\n\n\n\n<li><a href=\"https:\/\/www.cosmundus.com\/it\/destinations\/reatino\/#fara-in-sabina\">Fara in Sabina<\/a><\/li>\n<\/ul>\n<\/li>\n<\/ul>\n\n<\/div>\n\t\t<\/div>\n\n<div class=\"wp-block-ub-content-toggle-accordion\" style=\"border-color: #f1f1f1; \" id=\"ub-content-toggle-panel-block-22acd102-01c2-48f0-87ac-75502a9170de\">\n\t\t\t<div class=\"wp-block-ub-content-toggle-accordion-title-wrap\" style=\"background-color: #f1f1f1;\" aria-controls=\"ub-content-toggle-panel-3-c78a1a74-a89a-4d95-bb47-6f71e0545e46\" tabindex=\"0\">\n\t\t\t<p class=\"wp-block-ub-content-toggle-accordion-title ub-content-toggle-title-c78a1a74-a89a-4d95-bb47-6f71e0545e46\" style=\"color: #000000; \">Citt\u00e0 Metropolitana di Roma<\/p>\n\t\t\t<div class=\"wp-block-ub-content-toggle-accordion-toggle-wrap right\" style=\"color: #000000;\"><span class=\"wp-block-ub-content-toggle-accordion-state-indicator wp-block-ub-chevron-down\"><\/span><\/div>\n\t\t<\/div>\n\t\t\t<div role=\"region\" aria-expanded=\"false\" class=\"wp-block-ub-content-toggle-accordion-content-wrap ub-hide\" id=\"ub-content-toggle-panel-3-c78a1a74-a89a-4d95-bb47-6f71e0545e46\">\n\n<ul class=\"wp-block-list\">\n<li><a href=\"https:\/\/www.cosmundus.com\/it\/destinations\/rome\/\" class=\"ek-link\">Roma<\/a><\/li>\n\n\n\n<li><a href=\"https:\/\/www.cosmundus.com\/it\/destinations\/castelli-romani\/\" class=\"ek-link\">Castelli Romani<\/a>\n<ul class=\"wp-block-list\">\n<li><a href=\"https:\/\/www.cosmundus.com\/it\/destinations\/castelli-romani\/#frascati\">Frascati<\/a><\/li>\n\n\n\n<li><a href=\"https:\/\/www.cosmundus.com\/it\/destinations\/castelli-romani\/#grottaferrata\">Grottaferrata<\/a><\/li>\n\n\n\n<li><a href=\"https:\/\/www.cosmundus.com\/it\/destinations\/castelli-romani\/#marino\">Marino<\/a><\/li>\n\n\n\n<li><a href=\"https:\/\/www.cosmundus.com\/it\/destinations\/castelli-romani\/#castel-gandolfo\">Castel Gandolfo<\/a><\/li>\n\n\n\n<li><a href=\"https:\/\/www.cosmundus.com\/it\/destinations\/castelli-romani\/#albano-laziale\">Albano Laziale<\/a><\/li>\n\n\n\n<li><a href=\"https:\/\/www.cosmundus.com\/it\/destinations\/castelli-romani\/#ariccia\">Ariccia<\/a><\/li>\n\n\n\n<li><a href=\"https:\/\/www.cosmundus.com\/it\/destinations\/castelli-romani\/#nemi\">Nemi<\/a><\/li>\n<\/ul>\n<\/li>\n\n\n\n<li><a href=\"https:\/\/www.cosmundus.com\/it\/destinations\/roman-coast\/\" class=\"ek-link\">Costa Romana<\/a>\n<ul class=\"wp-block-list\">\n<li><a href=\"https:\/\/www.cosmundus.com\/it\/destinations\/roman-coast\/#civitavecchia\">Civitavecchia<\/a><\/li>\n\n\n\n<li><a href=\"https:\/\/www.cosmundus.com\/it\/destinations\/roman-coast\/#cerveteri\">Cerveteri<\/a><\/li>\n\n\n\n<li><a href=\"https:\/\/www.cosmundus.com\/it\/destinations\/roman-coast\/#fiumicino\">Fiumicino<\/a><\/li>\n\n\n\n<li><a href=\"https:\/\/www.cosmundus.com\/it\/destinations\/roman-coast\/#ostia\">Ostia<\/a><\/li>\n\n\n\n<li><a href=\"https:\/\/www.cosmundus.com\/it\/destinations\/roman-coast\/#pomezia\">Pomezia<\/a><\/li>\n\n\n\n<li><a href=\"https:\/\/www.cosmundus.com\/it\/destinations\/roman-coast\/#anzio\">Anzio<\/a><\/li>\n\n\n\n<li><a href=\"https:\/\/www.cosmundus.com\/it\/destinations\/roman-coast\/#nettuno\">Nettuno<\/a><\/li>\n<\/ul>\n<\/li>\n\n\n\n<li><a href=\"https:\/\/www.cosmundus.com\/it\/destinations\/roman-countryside\/\" class=\"ek-link\">Campagna Romana<\/a>\n<ul class=\"wp-block-list\">\n<li><a href=\"https:\/\/www.cosmundus.com\/it\/destinations\/roman-countryside\/#tivoli\">Tivoli<\/a><\/li>\n\n\n\n<li><a href=\"https:\/\/www.cosmundus.com\/it\/destinations\/roman-countryside\/#zagarolo\">Zagarolo<\/a><\/li>\n\n\n\n<li><a href=\"https:\/\/www.cosmundus.com\/it\/destinations\/roman-countryside\/#palestrina\">Palestrina<\/a><\/li>\n\n\n\n<li><a href=\"https:\/\/www.cosmundus.com\/it\/destinations\/roman-countryside\/#subiaco\">Subiaco<\/a><\/li>\n\n\n\n<li><a href=\"https:\/\/www.cosmundus.com\/it\/destinations\/roman-countryside\/#arcinazzo-romano\">Arcinazzo Romano<\/a><\/li>\n\n\n\n<li><a href=\"https:\/\/www.cosmundus.com\/it\/destinations\/roman-countryside\/#licenza\">Licenza<\/a><\/li>\n\n\n\n<li><a href=\"https:\/\/www.cosmundus.com\/it\/destinations\/roman-countryside\/#capena\">Capena<\/a><\/li>\n\n\n\n<li><a href=\"https:\/\/www.cosmundus.com\/it\/destinations\/roman-countryside\/#lake-bracciano\">Lago di Bracciano<\/a><\/li>\n<\/ul>\n<\/li>\n<\/ul>\n\n<\/div>\n\t\t<\/div>\n\n<div class=\"wp-block-ub-content-toggle-accordion\" style=\"border-color: #f1f1f1; \" id=\"ub-content-toggle-panel-block-7ebc3b31-0d29-4489-aae5-a01cf29d54ef\">\n\t\t\t<div class=\"wp-block-ub-content-toggle-accordion-title-wrap\" style=\"background-color: #f1f1f1;\" aria-controls=\"ub-content-toggle-panel-4-c78a1a74-a89a-4d95-bb47-6f71e0545e46\" tabindex=\"0\">\n\t\t\t<p class=\"wp-block-ub-content-toggle-accordion-title ub-content-toggle-title-c78a1a74-a89a-4d95-bb47-6f71e0545e46\" style=\"color: #000000; \">Provincia di Viterbo<\/p>\n\t\t\t<div class=\"wp-block-ub-content-toggle-accordion-toggle-wrap right\" style=\"color: #000000;\"><span class=\"wp-block-ub-content-toggle-accordion-state-indicator wp-block-ub-chevron-down\"><\/span><\/div>\n\t\t<\/div>\n\t\t\t<div role=\"region\" aria-expanded=\"false\" class=\"wp-block-ub-content-toggle-accordion-content-wrap ub-hide\" id=\"ub-content-toggle-panel-4-c78a1a74-a89a-4d95-bb47-6f71e0545e46\">\n\n<ul class=\"wp-block-list\">\n<li><a href=\"https:\/\/www.cosmundus.com\/it\/destinations\/viterbo\/\" class=\"ek-link\">Viterbo<\/a><\/li>\n\n\n\n<li><a href=\"https:\/\/www.cosmundus.com\/it\/destinations\/northern-lazio\/\" class=\"ek-link\">Lazio Settentrionale<\/a>\n<ul class=\"wp-block-list\">\n<li><a href=\"https:\/\/www.cosmundus.com\/it\/destinations\/northern-lazio\/#tarquinia\">Tarquinia<\/a><\/li>\n\n\n\n<li><a href=\"https:\/\/www.cosmundus.com\/it\/destinations\/northern-lazio\/#montalto-di-castro\">Montalto di Castro<\/a><\/li>\n\n\n\n<li><a href=\"https:\/\/www.cosmundus.com\/it\/destinations\/northern-lazio\/#tuscania\">Tuscania<\/a><\/li>\n\n\n\n<li><a href=\"https:\/\/www.cosmundus.com\/it\/destinations\/northern-lazio\/#lake-bolsena\">Lago di Bolsena<\/a><\/li>\n\n\n\n<li><a href=\"https:\/\/www.cosmundus.com\/it\/destinations\/northern-lazio\/#bagnoregio\">Bagnoregio<\/a><\/li>\n\n\n\n<li><a href=\"https:\/\/www.cosmundus.com\/it\/destinations\/northern-lazio\/#bomarzo\">Bomarzo<\/a><\/li>\n\n\n\n<li><a href=\"https:\/\/www.cosmundus.com\/it\/destinations\/northern-lazio\/#caprarola\">Caprarola<\/a><\/li>\n\n\n\n<li><a href=\"https:\/\/www.cosmundus.com\/it\/destinations\/northern-lazio\/#sutri\">Sutri<\/a><\/li>\n\n\n\n<li><a href=\"https:\/\/www.cosmundus.com\/it\/destinations\/northern-lazio\/#civita-castellana\">Civita Castellana<\/a><\/li>\n<\/ul>\n<\/li>\n<\/ul>\n\n<\/div>\n\t\t<\/div>\n<\/div>\n\n\n<div style=\"height:20px\" aria-hidden=\"true\" class=\"wp-block-spacer\"><\/div>\n\n\n\n<h4 class=\"wp-block-heading has-text-align-center\"><strong>Mappa del Lazio<\/strong><\/h4>\n\n\n<div class=\"wp-block-image\">\n<figure class=\"aligncenter size-large is-resized\"><a href=\"https:\/\/www.cosmundus.com\/wp-content\/uploads\/2023\/12\/Lazio_it.png\"><img fetchpriority=\"high\" decoding=\"async\" width=\"1024\" height=\"1024\" src=\"https:\/\/www.cosmundus.com\/wp-content\/uploads\/2023\/12\/Lazio_it.png\" alt=\"\" class=\"wp-image-8041\" style=\"object-fit:cover;width:512px;height:512px\" srcset=\"https:\/\/www.cosmundus.com\/wp-content\/uploads\/2023\/12\/Lazio_it.png 4555w, https:\/\/www.cosmundus.com\/wp-content\/uploads\/2023\/12\/Lazio_it-300x300.png 300w, https:\/\/www.cosmundus.com\/wp-content\/uploads\/2023\/12\/Lazio_it-1024x1024.png 1024w, https:\/\/www.cosmundus.com\/wp-content\/uploads\/2023\/12\/Lazio_it-150x150.png 150w, https:\/\/www.cosmundus.com\/wp-content\/uploads\/2023\/12\/Lazio_it-768x768.png 768w, https:\/\/www.cosmundus.com\/wp-content\/uploads\/2023\/12\/Lazio_it-1536x1536.png 1536w, https:\/\/www.cosmundus.com\/wp-content\/uploads\/2023\/12\/Lazio_it-2048x2048.png 2048w, https:\/\/www.cosmundus.com\/wp-content\/uploads\/2023\/12\/Lazio_it-12x12.png 12w, https:\/\/www.cosmundus.com\/wp-content\/uploads\/2023\/12\/Lazio_it-64x64.png 64w, https:\/\/www.cosmundus.com\/wp-content\/uploads\/2023\/12\/Lazio_it-850x850.png 850w\" sizes=\"(max-width: 1024px) 100vw, 1024px\" \/><\/a><\/figure><\/div>\n\n\n<div style=\"height:20px\" aria-hidden=\"true\" class=\"wp-block-spacer\"><\/div>\n\n\n\n<h4 class=\"wp-block-heading has-text-align-center\"><strong>Mappa di tutti i posti in Lazio, suddivisi per provincia<\/strong><\/h4>\n\n\n<p style=\"text-align: center;\"><iframe src=\"https:\/\/www.google.com\/maps\/d\/u\/0\/embed?mid=1maC5tEBQSWa8w_OVm6K_dDvgBiL0Z0w&#038;ehbc=2E312F\" width=\"640\" height=\"480\"><\/iframe><\/p>","protected":false},"excerpt":{"rendered":"<p>&lt;&lt; Central Italy Lazio is a region of Italy located in the center of the country, between the Tyrrhenian Sea and the Apennines. Its territory is mostly flat and hilly, with mountains in the east and south, while two large lakes are located in the north of the region. The capital and largest city of Lazio is Rome, which is also the capital of Italy. Lazio entirely encircles Vatican City, which is located within the city of Rome. Originally inhabited by several Italic peoples, Rome soon emerged as the most powerful city in the area, conquering all of Lazio and later ruling over the entire Mediterranean region. Hosting the capital of the Roman Empire, Lazio was for centuries the geopolitical center of the Western world. After the fall of the Roman Empire, the region was ruled by the Ostrogoths and the Byzantines. During the Middle Ages, the region came under the rule of the Pope as part of the Papal States, which governed most of Central Italy until the 19th century. After a brief French occupation during the Napoleonic Wars and the short-lived Roman Republic in 1849, Lazio was taken by Italy 1870, and Rome became the capital of the country. In 1927 the Province of Rieti was created and added to Lazio from territories previously part of Umbria and Abruzzo. Lazio is now the second most populated region in Italy, and also the second largest regional economy, after Lombardy. Besides Rome, the region offers many other tourist attractions, with several medieval towns in the hills and mountains, countless historic landmarks, beautiful beaches along the coast and ski resorts in the Apennines. Destinations in Lazio Map of Lazio Map of all places in Lazio, subdivided by province<\/p>","protected":false},"author":1,"featured_media":0,"parent":778,"menu_order":0,"comment_status":"closed","ping_status":"closed","template":"","meta":{"_editorskit_title_hidden":false,"_editorskit_reading_time":1,"_editorskit_is_block_options_detached":false,"_editorskit_block_options_position":"{}","om_disable_all_campaigns":false,"_uag_custom_page_level_css":"","advgb_blocks_editor_width":"","advgb_blocks_columns_visual_guide":"","_monsterinsights_skip_tracking":false,"_monsterinsights_sitenote_active":false,"_monsterinsights_sitenote_note":"","_monsterinsights_sitenote_category":0,"footnotes":""},"class_list":["post-893","page","type-page","status-publish","hentry"],"aioseo_notices":[],"featured_image_src":null,"uagb_featured_image_src":{"full":false,"thumbnail":false,"medium":false,"medium_large":false,"large":false,"1536x1536":false,"2048x2048":false,"trp-custom-language-flag":false,"xs-thumb":false,"post-thumbnail":false,"minimalistblogger-grid":false,"minimalistblogger-slider":false,"minimalistblogger-small":false},"uagb_author_info":{"display_name":"Stefano Cammisa","author_link":"https:\/\/www.cosmundus.com\/it\/author\/stefano-cammisa\/"},"uagb_comment_info":0,"uagb_excerpt":"&lt;&lt; Central Italy Lazio is a region of Italy located in the center of the country, between the Tyrrhenian Sea and the Apennines. Its territory is mostly flat and hilly, with mountains in the east and south, while two large lakes are located in the north of the region. The capital and largest city of&hellip;","coauthors":[],"author_meta":{"author_link":"https:\/\/www.cosmundus.com\/it\/author\/stefano-cammisa\/","display_name":"Stefano Cammisa"},"relative_dates":{"created":"Pubblicato 3 anni fa","modified":"Aggiornato 2 anni fa"},"absolute_dates":{"created":"Pubblicato il 3 Dicembre 2022","modified":"Aggiornato il 7 Ottobre 2024"},"absolute_dates_time":{"created":"Pubblicato il 3 Dicembre 2022 6:40 pm","modified":"Aggiornato il 7 Ottobre 2024 11:25 am"},"featured_img_caption":"","featured_img":false,"series_order":"","_links":{"self":[{"href":"https:\/\/www.cosmundus.com\/it\/wp-json\/wp\/v2\/pages\/893","targetHints":{"allow":["GET"]}}],"collection":[{"href":"https:\/\/www.cosmundus.com\/it\/wp-json\/wp\/v2\/pages"}],"about":[{"href":"https:\/\/www.cosmundus.com\/it\/wp-json\/wp\/v2\/types\/page"}],"author":[{"embeddable":true,"href":"https:\/\/www.cosmundus.com\/it\/wp-json\/wp\/v2\/users\/1"}],"replies":[{"embeddable":true,"href":"https:\/\/www.cosmundus.com\/it\/wp-json\/wp\/v2\/comments?post=893"}],"version-history":[{"count":66,"href":"https:\/\/www.cosmundus.com\/it\/wp-json\/wp\/v2\/pages\/893\/revisions"}],"predecessor-version":[{"id":11946,"href":"https:\/\/www.cosmundus.com\/it\/wp-json\/wp\/v2\/pages\/893\/revisions\/11946"}],"up":[{"embeddable":true,"href":"https:\/\/www.cosmundus.com\/it\/wp-json\/wp\/v2\/pages\/778"}],"wp:attachment":[{"href":"https:\/\/www.cosmundus.com\/it\/wp-json\/wp\/v2\/media?parent=893"}],"curies":[{"name":"wp","href":"https:\/\/api.w.org\/{rel}","templated":true}]}}