{"id":8843,"date":"2024-10-07T09:54:30","date_gmt":"2024-10-07T07:54:30","guid":{"rendered":"https:\/\/www.cosmundus.com\/?page_id=8843"},"modified":"2024-10-07T09:54:31","modified_gmt":"2024-10-07T07:54:31","slug":"north-naples","status":"publish","type":"page","link":"https:\/\/www.cosmundus.com\/it\/destinations\/naples\/north-naples\/","title":{"rendered":"Napoli \u2013 Napoli Nord"},"content":{"rendered":"<p class=\"has-text-align-right\">&lt;&lt; <a href=\"https:\/\/www.cosmundus.com\/it\/destinations\/naples\/\" class=\"ek-link\">Napoli<\/a><\/p>\n\n\n\n<p class=\"translation-block\">La Municipalit\u00e0 3 di Napoli si trova appena a nord del <a href=\"https:\/\/www.cosmundus.com\/it\/destinations\/naples\/centro-storico\/\" class=\"ek-link\" target=\"_self\">Centro Storico<\/a>, e comprende i quartieri Stella e San Carlo all'Arena. Qui si trovano il popolare Rione Sanit\u00e0 e la collina di Capodimonte, con il suo grande parco. Questi quartieri fanno parte del Patrimonio Mondiale dell'UNESCO del centro storico di Napoli. Pi\u00f9 a nord si trovano dei quartieri meno sviluppati alla periferia della citt\u00e0, parte delle Municipalit\u00e0 7 e 8.<\/p>\n\n\n<div style=\"border: 1px solid #8ed1fc; border-radius: 0%; background-color: inherit; \" class=\"ub-styled-box ub-bordered-box wp-block-ub-styled-box\" id=\"ub-styled-box-d8f5aa13-c637-48f0-8606-8474f9917d94\">\n<p class=\"has-medium-font-size\" id=\"ub-styled-box-bordered-content-b7c8bcdd-683e-4a63-89f6-5ca85353202b\">Posti da vedere a Napoli \u2013 Napoli Nord<\/p>\n\n\n<div class=\"wp-block-aioseo-table-of-contents\"><ul><li><a class=\"aioseo-toc-item\" href=\"#national-archaeological-museum-of-naples\">\u272a Museo Archeologico Nazionale di Napoli<\/a><\/li><li><a class=\"aioseo-toc-item\" href=\"#royal-palace-of-capodimonte\">\u272a Reggia di Capodimonte<\/a><\/li><li><a class=\"aioseo-toc-item\" href=\"#catacombs-of-san-gennaro\">\u272a Catacombe di San Gennaro<\/a><\/li><li><a class=\"aioseo-toc-item\" href=\"#botanical-garden-of-naples\">Orto Botanico di Napoli<\/a><\/li><li><a class=\"aioseo-toc-item\" href=\"#basilica-of-santa-maria-della-sanita\">Basilica di Santa Maria della Sanit\u00e0<\/a><\/li><li><a class=\"aioseo-toc-item\" href=\"#basilica-of-san-gennaro-fuori-le-mura\">Basilica di San Gennaro Fuori le Mura<\/a><\/li><li><a class=\"aioseo-toc-item\" href=\"#astronomical-observatory-of-capodimonte\">Osservatorio Astronomico di Capodimonte<\/a><\/li><\/ul><\/div>\n\n<\/div>\n\n\n<h4 class=\"wp-block-heading\" id=\"national-archaeological-museum-of-naples\"><strong>\u272a Museo Archeologico Nazionale di Napoli<\/strong><\/h4>\n\n\n\n<p class=\"translation-block\">Il Museo Archeologico Nazionale di Napoli ospita una delle collezioni di opere d'arte greche e romane pi\u00f9 grandi al mondo. Questo enorme e storico museo include la ricca <em>Collezione Farnese<\/em>, che comprende diverse statue antiche, e il <em>Gabinetto Segreto<\/em>, una raccolta di arte erotica romana. Il museo ospita anche numerosi reperti archeologici provenienti da <a href=\"https:\/\/www.cosmundus.com\/it\/destinations\/vesuvian-area\/#pompei\" class=\"ek-link\" target=\"_self\">Pompei<\/a>, <a href=\"https:\/\/www.cosmundus.com\/it\/destinations\/vesuvian-area\/#ercolano\" class=\"ek-link\" target=\"_self\">Ercolano<\/a> e altri siti vicino a Napoli. Tra questi ci sono diversi mosaici, tra cui la <em>Battaglia di Isso<\/em>, risalente al 100 a.C. circa e contenente la rappresentazione pi\u00f9 famosa di Alessandro Magno. In questo museo sono ospitati anche migliaia di manufatti egizi, una delle pi\u00f9 grandi collezioni del suo genere in Italia. Sotto il museo, la stazione della metropolitana ospita una sezione del museo chiamata <strong>Stazione Neapolis<\/strong>, che ospita diversi reperti archeologici rinvenuti durante la costruzione della metropolitana.<\/p>\n\n\n\n<div class=\"wp-block-columns is-layout-flex wp-container-core-columns-is-layout-9d6595d7 wp-block-columns-is-layout-flex\">\n<div class=\"wp-block-column is-layout-flow wp-block-column-is-layout-flow\" style=\"flex-basis:85%\">\n<p>Indirizzo: Piazza Museo, 18\/19, 80135 Napoli NA<br>Coordinate: 40.8536, 14.2505<\/p>\n<\/div>\n\n\n\n<div class=\"wp-block-column is-layout-flow wp-block-column-is-layout-flow\" style=\"flex-basis:15%\">\n<p class=\"has-text-align-right\"><a href=\"https:\/\/maps.app.goo.gl\/5FBJ3gHn9gJ8zseh8\" class=\"ek-link\">Google Maps<\/a><\/p>\n<\/div>\n<\/div>\n\n\n<div class=\"wp-block-ub-divider ub_divider ub-divider-orientation-horizontal\" id=\"ub_divider_c51f217b-70fb-4b28-8a01-736a3ead5a5f\"><div class=\"ub_divider_wrapper\" style=\"position: relative; margin-bottom: 2px; width: 100%; height: 2px; \" data-divider-alignment=\"center\"><div class=\"ub_divider_line\" style=\"border-top: 2px solid #ccc; margin-top: 2px; \"><\/div><\/div><\/div>\n\n\n<h4 class=\"wp-block-heading\" id=\"royal-palace-of-capodimonte\"><strong>\u272a Reggia di Capodimonte<\/strong><\/h4>\n\n\n\n<p class=\"translation-block\">La Reggia di Capodimonte \u00e8 un grande palazzo situato in cima alla collina di Capodimonte a nord del centro di Napoli. Il palazzo fu costruito tra il diciottesimo e il diciannovesimo secolo come luogo di caccia e residenza estiva della famiglia Borbone, e oggi funge da museo. All'interno del palazzo si trovano numerose sale riccamente adornate con sontuose decorazioni barocche, oltre a numerosi affreschi e opere d'arte elaborate. Qui si trova il <strong>Museo Nazionale di Capodimonte<\/strong>, un'enorme pinacoteca e uno dei musei pi\u00f9 ricchi d'Italia. La sua collezione comprende opere datate dal tredicesimo secolo ad oggi, con dipinti di artisti come Raffaello, Botticelli, Tiziano, Caravaggio, Vasari, Masaccio, Lotto, El Greco e molti altri. Il museo ospita anche numerose sculture e altre opere d'arte, in particolare una vasta collezione di porcellane. Il <em>Salottino di Porcellana di Maria Amalia di Sassonia<\/em> all'interno del palazzo \u00e8 una stanza interamente decorata con elaborate decorazioni rococ\u00f2 e porcellane. Dietro il palazzo si trova l'immenso <strong>Parco di Capodimonte<\/strong>, che copre gran parte della collina di Capodimonte e presenta varie statue, fontane e altre decorazioni.<\/p>\n\n\n\n<div class=\"wp-block-columns is-layout-flex wp-container-core-columns-is-layout-9d6595d7 wp-block-columns-is-layout-flex\">\n<div class=\"wp-block-column is-layout-flow wp-block-column-is-layout-flow\" style=\"flex-basis:85%\">\n<p>Indirizzo: Via Miano, 2, 80131 Napoli NA<br>Coordinate: 40.8671, 14.2506<\/p>\n<\/div>\n\n\n\n<div class=\"wp-block-column is-layout-flow wp-block-column-is-layout-flow\" style=\"flex-basis:15%\">\n<p class=\"has-text-align-right\"><a href=\"https:\/\/maps.app.goo.gl\/CZC4JqyaFiZUURAFA\" class=\"ek-link\">Google Maps<\/a><\/p>\n<\/div>\n<\/div>\n\n\n<div class=\"wp-block-ub-divider ub_divider ub-divider-orientation-horizontal\" id=\"ub_divider_cc722314-8ac3-4b07-aba8-6d47bb3dd0c8\"><div class=\"ub_divider_wrapper\" style=\"position: relative; margin-bottom: 2px; width: 100%; height: 2px; \" data-divider-alignment=\"center\"><div class=\"ub_divider_line\" style=\"border-top: 2px solid #ccc; margin-top: 2px; \"><\/div><\/div><\/div>\n\n\n<h4 class=\"wp-block-heading\" id=\"catacombs-of-san-gennaro\"><strong>\u272a Catacombe di San Gennaro<\/strong><\/h4>\n\n\n\n<p class=\"translation-block\">Le Catacombe di San Gennaro sono un vasto complesso di sepolture paleocristiane sotterranee costruite a partire dal secondo secolo. Questo \u00e8 il pi\u00f9 grande tra gli antichi cimiteri di Napoli, ed \u00e8 situato sulla collina di Capodimonte. Le catacombe comprendono diverse tombe grandi e piccole, alcune delle quali decorate con antichi affreschi e mosaici. Qui si trovano anche le tombe di numerosi dei primi vescovi di Napoli e la pi\u00f9 antica rappresentazione conosciuta di San Gennaro, risalente al quinto secolo. Accanto all'ingresso delle catacombe si trova la <strong>Basilica dell'Incoronata Madre del Buon Consiglio<\/strong>, una grande chiesa costruita in stile neobarocco nel ventesimo secolo.<\/p>\n\n\n\n<div class=\"wp-block-columns is-layout-flex wp-container-core-columns-is-layout-9d6595d7 wp-block-columns-is-layout-flex\">\n<div class=\"wp-block-column is-layout-flow wp-block-column-is-layout-flow\" style=\"flex-basis:85%\">\n<p>Indirizzo: Via Capodimonte, 13, 80100 Napoli NA<br>Coordinate: 40.8651, 14.2474<\/p>\n<\/div>\n\n\n\n<div class=\"wp-block-column is-layout-flow wp-block-column-is-layout-flow\" style=\"flex-basis:15%\">\n<p class=\"has-text-align-right\"><a href=\"https:\/\/maps.app.goo.gl\/9eVF4aMuEqAsTUr66\" class=\"ek-link\">Google Maps<\/a><\/p>\n<\/div>\n<\/div>\n\n\n<div class=\"wp-block-ub-divider ub_divider ub-divider-orientation-horizontal\" id=\"ub_divider_87e05c0c-8161-43c4-9b48-3e3b9ec9d9d9\"><div class=\"ub_divider_wrapper\" style=\"position: relative; margin-bottom: 2px; width: 100%; height: 2px; \" data-divider-alignment=\"center\"><div class=\"ub_divider_line\" style=\"border-top: 2px solid #ccc; margin-top: 2px; \"><\/div><\/div><\/div>\n\n\n<h4 class=\"wp-block-heading\" id=\"botanical-garden-of-naples\"><strong>Orto Botanico di Napoli<\/strong><\/h4>\n\n\n\n<p class=\"translation-block\">L'Orto Botanico di Napoli \u00e8 stato fondato nel 1807 ed \u00e8 oggi gestito dall'Universit\u00e0 degli Studi di Napoli Federico II. Il giardino ospita migliaia di specie vegetali diverse e ospita un museo dedicato alla paleobotanica e all'etnobotanica. Il giardino \u00e8 adiacente al <strong>Real Albergo dei Poveri<\/strong>, un ex ospedale ed edificio monumentale eretto tra il diciottesimo e il diciannovesimo secolo.<\/p>\n\n\n\n<div class=\"wp-block-columns is-layout-flex wp-container-core-columns-is-layout-9d6595d7 wp-block-columns-is-layout-flex\">\n<div class=\"wp-block-column is-layout-flow wp-block-column-is-layout-flow\" style=\"flex-basis:85%\">\n<p>Indirizzo: Via Foria, 223, 80139 Napoli NA<br>Coordinate: 40.8615, 14.2623<\/p>\n<\/div>\n\n\n\n<div class=\"wp-block-column is-layout-flow wp-block-column-is-layout-flow\" style=\"flex-basis:15%\">\n<p class=\"has-text-align-right\"><a href=\"https:\/\/maps.app.goo.gl\/19U1bpxnc3vYM5JE7\" class=\"ek-link\">Google Maps<\/a><\/p>\n<\/div>\n<\/div>\n\n\n<div class=\"wp-block-ub-divider ub_divider ub-divider-orientation-horizontal\" id=\"ub_divider_e42137eb-1127-4238-a837-4587a340613d\"><div class=\"ub_divider_wrapper\" style=\"position: relative; margin-bottom: 2px; width: 100%; height: 2px; \" data-divider-alignment=\"center\"><div class=\"ub_divider_line\" style=\"border-top: 2px solid #ccc; margin-top: 2px; \"><\/div><\/div><\/div>\n\n\n<h4 class=\"wp-block-heading\" id=\"basilica-of-santa-maria-della-sanita\"><strong>Basilica di Santa Maria della Sanit\u00e0<\/strong><\/h4>\n\n\n\n<p class=\"translation-block\">La Basilica di Santa Maria della Sanit\u00e0 \u00e8 una chiesa storica nel Rione Sanit\u00e0 di Napoli, costruita in stile barocco nel corso del diciassettesimo secolo. La chiesa ospita varie opere d'arte e ricchi ornamenti barocchi e comprende un chiostro decorato. Tuttavia, l'attrazione principale \u00e8 il luogo di sepoltura paleocristiano noto come <strong>Catacombe di San Gaudioso<\/strong>. Il complesso comprende numerose tombe, tra cui quella di San Gaudioso, risalente al quinto secolo. Una caratteristica peculiare \u00e8 che in molte sepolture il teschio era posizionato in un'apertura sulla parete, mentre il resto del corpo era dipinto.<\/p>\n\n\n\n<div class=\"wp-block-columns is-layout-flex wp-container-core-columns-is-layout-9d6595d7 wp-block-columns-is-layout-flex\">\n<div class=\"wp-block-column is-layout-flow wp-block-column-is-layout-flow\" style=\"flex-basis:85%\">\n<p>Indirizzo: Piazza Sanit\u00e0, 33, 80136 Napoli NA<br>Coordinate: 40.8596, 14.2491<\/p>\n<\/div>\n\n\n\n<div class=\"wp-block-column is-layout-flow wp-block-column-is-layout-flow\" style=\"flex-basis:15%\">\n<p class=\"has-text-align-right\"><a href=\"https:\/\/maps.app.goo.gl\/P6paUxMjj3yuDyeJA\" class=\"ek-link\">Google Maps<\/a><\/p>\n<\/div>\n<\/div>\n\n\n<div class=\"wp-block-ub-divider ub_divider ub-divider-orientation-horizontal\" id=\"ub_divider_1723cff7-3fae-4e1c-8344-f2209c44c2ca\"><div class=\"ub_divider_wrapper\" style=\"position: relative; margin-bottom: 2px; width: 100%; height: 2px; \" data-divider-alignment=\"center\"><div class=\"ub_divider_line\" style=\"border-top: 2px solid #ccc; margin-top: 2px; \"><\/div><\/div><\/div>\n\n\n<h4 class=\"wp-block-heading\" id=\"basilica-of-san-gennaro-fuori-le-mura\"><strong>Basilica di San Gennaro Fuori le Mura<\/strong><\/h4>\n\n\n\n<p>La Basilica di San Gennaro Fuori le Mura \u00e8 un'antica chiesa a Napoli situata nei pressi delle Catacombe di San Gennaro. Originariamente una basilica paleocristiana eretta nel quarto secolo, la chiesa fu rimaneggiata nel Basso Medioevo e successivamente abbellita con decorazioni barocche. L'adiacente monastero fu trasformato in ospedale nel quindicesimo secolo.<\/p>\n\n\n\n<div class=\"wp-block-columns is-layout-flex wp-container-core-columns-is-layout-9d6595d7 wp-block-columns-is-layout-flex\">\n<div class=\"wp-block-column is-layout-flow wp-block-column-is-layout-flow\" style=\"flex-basis:85%\">\n<p>Indirizzo: Vico San Gennaro dei Poveri, 80136 Napoli NA<br>Coordinate: 40.8640, 14.2465<\/p>\n<\/div>\n\n\n\n<div class=\"wp-block-column is-layout-flow wp-block-column-is-layout-flow\" style=\"flex-basis:15%\">\n<p class=\"has-text-align-right\"><a href=\"https:\/\/maps.app.goo.gl\/sN81VDxcSpNg2pYv9\" class=\"ek-link\">Google Maps<\/a><\/p>\n<\/div>\n<\/div>\n\n\n<div class=\"wp-block-ub-divider ub_divider ub-divider-orientation-horizontal\" id=\"ub_divider_ec7db699-ddfd-4b63-a007-4239a733efdc\"><div class=\"ub_divider_wrapper\" style=\"position: relative; margin-bottom: 2px; width: 100%; height: 2px; \" data-divider-alignment=\"center\"><div class=\"ub_divider_line\" style=\"border-top: 2px solid #ccc; margin-top: 2px; \"><\/div><\/div><\/div>\n\n\n<h4 class=\"wp-block-heading\" id=\"astronomical-observatory-of-capodimonte\"><strong>Osservatorio Astronomico di Capodimonte<\/strong><\/h4>\n\n\n\n<p class=\"translation-block\">L'Osservatorio Astronomico di Capodimonte \u00e8 uno storico osservatorio astronomico situato sulla collina di Capodimonte a Napoli. Originariamente fondato nel 1807 nel centro della citt\u00e0, il nuovo osservatorio fu poi trasferito qui e inaugurato nel 1819. L'osservatorio ora lavora a diversi progetti di ricerca sulla fisica solare, sulla scienza planetaria e molto altro. Qui si trova anche un museo di strumenti astronomici e una ricca biblioteca.<\/p>\n\n\n\n<div class=\"wp-block-columns is-layout-flex wp-container-core-columns-is-layout-9d6595d7 wp-block-columns-is-layout-flex\">\n<div class=\"wp-block-column is-layout-flow wp-block-column-is-layout-flow\" style=\"flex-basis:85%\">\n<p>Indirizzo: Salita Moiariello, 16, 80131 Napoli NA<br>Coordinate: 40.8636, 14.2555<\/p>\n<\/div>\n\n\n\n<div class=\"wp-block-column is-layout-flow wp-block-column-is-layout-flow\" style=\"flex-basis:15%\">\n<p class=\"has-text-align-right\"><a href=\"https:\/\/maps.app.goo.gl\/EonYMqWbbGrGz1j76\" class=\"ek-link\">Google Maps<\/a><\/p>\n<\/div>\n<\/div>","protected":false},"excerpt":{"rendered":"<p>&lt;&lt; Naples The Third Muncipality of Naples is just north of Centro Storico, and includes the neighborhoods of Stella and San Carlo all&#8217;Arena. Here are the popular Rione Sanit\u00e0 and the hill of Capodimonte, with its large park. These neighborhoods are part of the UNESCO World Heritage Site of the historic center of Naples. Further north are less developed districts at the outskirts of the city, part of the Seventh and Eighth Municipality. \u272a National Archaeological Museum of Naples The National Archaeological Museum of Naples (Museo Archeologico Nazionale di Napoli) houses one of the greatest collections of ancient Greek and Roman artworks in the world. This huge and historic museum hosts the rich Farnese Collection (Collezione Farnese), which includes several ancient statues, and the Secret Cabinet (Gabinetto Segreto), a collection of Roman erotic art. The museum also houses numerous archaeological finds from Pompeii, Herculaneum, and other sites near Naples. Among these are several mosaics, including the Battle of Issus (Battaglia di Isso), dating from around 100 BCE and featuring the most famous depiction of Alexander the Great. Also hosted in this museum are thousands of Egyptian artifacts, one of the largest collections of its kind in Italy. Underneath the museum, the metro station houses a section of the museum called Stazione Neapolis, which hosts several archaeological finds unearthed when the metro was built. Address: Piazza Museo, 18\/19, 80135 Napoli NACoordinates: 40.8536, 14.2505 Google Maps \u272a Royal Palace of Capodimonte The Royal Palace of Capodimonte (Reggia di Capodimonte) is a large palace located on top of the Capodimonte hill north of the center of Naples. The palace was built between the 18th and 19th century as a hunting lodge and summer residence of the Bourbon family, and now serves as a museum. Inside the palace are numerous halls richly adorned with lavish Baroque decorations, as well as several elaborate frescoes and artworks. Here is the National Museum of Capodimonte (Museo Nazionale di Capodimonte), a huge art gallery and one of the richest museums in Italy. Its collection includes works dating between the 13th century and today, with paintings by artists such as Raphael, Botticelli, Titian, Caravaggio, Vasari, Masaccio, Lotto, El Greco, and many others. The museum also houses numerous sculptures and other artworks, most notably a large collection of porcelains. The Porcelain Boudoir of Maria Amalia of Saxony (Salottino di Porcellana di Maria Amalia di Sassonia) inside the palace is a room entirely decorated with elaborate rococo decorations and porcelains. Behind the palace is the huge Capodimonte Park (Parco di Capodimonte), which covers most of the hill of Capodimonte and features various statues, fountains, and other decorations. Address: Via Miano, 2, 80131 Napoli NACoordinates: 40.8671, 14.2506 Google Maps \u272a Catacombs of San Gennaro The Catacombs of San Gennaro (Catacombe di San Gennaro) are a huge complex of underground Paleochristian burials dating as far back as the 2nd century. This is the largest among the ancient cemeteries of Naples, and it is located on the Capodimonte hill. The catacombs include several tombs large and small, some of which are decorated with ancient frescoes and mosaics. Here are also the tombs of numerous early bishops of Naples, and the oldest known depiction of San Gennaro, dating from the 5th century. Next to the entrance to the catacombs is the Basilica of Incoronata Madre del Buon Consiglio, a large church built in Baroque Revival style during the 20th century. Address: Via Capodimonte, 13, 80100 Napoli NACoordinates: 40.8651, 14.2474 Google Maps Botanical Garden of Naples The Botanical Garden of Naples (Orto Botanico di Napoli) was founded in 1807 and it is now managed by the University of Naples Federico II. The garden houses thousands of different plant species and features a museum dedicated to paleobotany and ethnobotany. The garden is adjacent to the Real Albergo dei Poveri, a former hospital and a monumental building erected between the 18th and 19th century. Address: Via Foria, 223, 80139 Napoli NACoordinates: 40.8615, 14.2623 Google Maps Basilica of Santa Maria della Sanit\u00e0 The Basilica of Santa Maria della Sanit\u00e0 is a historic church in the Sanit\u00e0 neighborhood of Naples, built in Baroque style during the 17th century. The church houses various artworks and rich Baroque ornaments, and includes a decorated cloister. However, the main attraction is the Paleochristian burial site known as Catacombs of Saint Gaudiosus (Catacombe di San Gaudioso). The complex includes numerous tombs, including the burial site of Saint Gaudiosus, dating from the 5th century. One peculiar feature is that for many burials, the skull was positioned in an opening on the wall, while the rest of the body was painted. Address: Piazza Sanit\u00e0, 33, 80136 Napoli NACoordinates: 40.8596, 14.2491 Google Maps Basilica of San Gennaro Fuori le Mura The Basilica of San Gennaro Fuori le Mura is an ancient church in Naples located near the Catacombs of San Gennaro. Originally a Paleochristian basilica erected in the 4th century, the church was reworked in the Late Middle Ages and later adorned with Baroque decorations. The adjacent monastery was turned into a hospital in the 15th century. Address: Vico San Gennaro dei Poveri, 80136 Napoli NACoordinates: 40.8640, 14.2465 Google Maps Astronomical Observatory of Capodimonte The Astronomical Observatory of Capodimonte (Osservatorio Astronomico di Capodimonte) is a historic astronomical observatory located on the Capodimonte hill in Naples. Originally established in 1807 in the city center, the new observatory was then moved here, and was inaugurated in 1819. The observatory now works on several research projects on solar physics, planetary science, and much more. Here is also a museum of astronomical instruments and a rich library. Address: Salita Moiariello, 16, 80131 Napoli NACoordinates: 40.8636, 14.2555 Google Maps<\/p>","protected":false},"author":1,"featured_media":0,"parent":8832,"menu_order":0,"comment_status":"closed","ping_status":"closed","template":"","meta":{"_editorskit_title_hidden":false,"_editorskit_reading_time":0,"_editorskit_is_block_options_detached":false,"_editorskit_block_options_position":"{}","om_disable_all_campaigns":false,"_uag_custom_page_level_css":"","advgb_blocks_editor_width":"","advgb_blocks_columns_visual_guide":"","_monsterinsights_skip_tracking":false,"_monsterinsights_sitenote_active":false,"_monsterinsights_sitenote_note":"","_monsterinsights_sitenote_category":0,"footnotes":""},"class_list":["post-8843","page","type-page","status-publish","hentry"],"aioseo_notices":[],"featured_image_src":null,"uagb_featured_image_src":{"full":false,"thumbnail":false,"medium":false,"medium_large":false,"large":false,"1536x1536":false,"2048x2048":false,"trp-custom-language-flag":false,"xs-thumb":false,"post-thumbnail":false,"minimalistblogger-grid":false,"minimalistblogger-slider":false,"minimalistblogger-small":false},"uagb_author_info":{"display_name":"Stefano Cammisa","author_link":"https:\/\/www.cosmundus.com\/it\/author\/stefano-cammisa\/"},"uagb_comment_info":0,"uagb_excerpt":"&lt;&lt; Naples The Third Muncipality of Naples is just north of Centro Storico, and includes the neighborhoods of Stella and San Carlo all&#8217;Arena. Here are the popular Rione Sanit\u00e0 and the hill of Capodimonte, with its large park. These neighborhoods are part of the UNESCO World Heritage Site of the historic center of Naples. Further&hellip;","coauthors":[],"author_meta":{"author_link":"https:\/\/www.cosmundus.com\/it\/author\/stefano-cammisa\/","display_name":"Stefano Cammisa"},"relative_dates":{"created":"Pubblicato 2 anni fa","modified":"Aggiornato 2 anni fa"},"absolute_dates":{"created":"Pubblicato il 7 Ottobre 2024","modified":"Aggiornato il 7 Ottobre 2024"},"absolute_dates_time":{"created":"Pubblicato il 7 Ottobre 2024 9:54 am","modified":"Aggiornato il 7 Ottobre 2024 9:54 am"},"featured_img_caption":"","featured_img":false,"series_order":"","_links":{"self":[{"href":"https:\/\/www.cosmundus.com\/it\/wp-json\/wp\/v2\/pages\/8843","targetHints":{"allow":["GET"]}}],"collection":[{"href":"https:\/\/www.cosmundus.com\/it\/wp-json\/wp\/v2\/pages"}],"about":[{"href":"https:\/\/www.cosmundus.com\/it\/wp-json\/wp\/v2\/types\/page"}],"author":[{"embeddable":true,"href":"https:\/\/www.cosmundus.com\/it\/wp-json\/wp\/v2\/users\/1"}],"replies":[{"embeddable":true,"href":"https:\/\/www.cosmundus.com\/it\/wp-json\/wp\/v2\/comments?post=8843"}],"version-history":[{"count":13,"href":"https:\/\/www.cosmundus.com\/it\/wp-json\/wp\/v2\/pages\/8843\/revisions"}],"predecessor-version":[{"id":11874,"href":"https:\/\/www.cosmundus.com\/it\/wp-json\/wp\/v2\/pages\/8843\/revisions\/11874"}],"up":[{"embeddable":true,"href":"https:\/\/www.cosmundus.com\/it\/wp-json\/wp\/v2\/pages\/8832"}],"wp:attachment":[{"href":"https:\/\/www.cosmundus.com\/it\/wp-json\/wp\/v2\/media?parent=8843"}],"curies":[{"name":"wp","href":"https:\/\/api.w.org\/{rel}","templated":true}]}}