{"id":884,"date":"2023-07-11T11:57:30","date_gmt":"2023-07-11T09:57:30","guid":{"rendered":"https:\/\/www.cosmundus.com\/?page_id=884"},"modified":"2024-10-07T11:56:03","modified_gmt":"2024-10-07T09:56:03","slug":"liguria","status":"publish","type":"page","link":"https:\/\/www.cosmundus.com\/it\/atlas\/europe\/southern-europe\/italy\/northwest-italy\/liguria\/","title":{"rendered":"Liguria"},"content":{"rendered":"<p class=\"has-text-align-right\">&lt;&lt; <a href=\"https:\/\/www.cosmundus.com\/it\/atlas\/europe\/southern-europe\/italy\/northwest-italy\/\" class=\"ek-link\">Italia Nord-Occidentale<\/a><\/p>\n\n\n\n<p class=\"translation-block\">La Liguria \u00e8 una regione dell'Italia nord-occidentale, situata lungo la costa a sud del <a href=\"https:\/\/www.cosmundus.com\/it\/atlas\/europe\/southern-europe\/italy\/northwest-italy\/piedmont\/\" class=\"ek-link\" target=\"_self\">Piemonte<\/a> e stretta tra le montagne e il mare. Originariamente abitata da trib\u00f9 liguri, fu successivamente conquistata dai Romani, e fior\u00ec grazie ai suoi numerosi porti. Dopo la caduta dell'Impero Romano d'Occidente, la regione fu dominata da potenze straniere, fino a quando Genova non emerse come una grande repubblica marinara nel Tardo Medioevo. Genova lentamente conquist\u00f2 tutta la Liguria, e divenne una delle citt\u00e0 pi\u00f9 ricche d'Europa grazie al suo impero commerciale. Quando le principali rotte mercantili europee si spostarono fuori dal Mediterraneo, l'importanza di Genova diminu\u00ec e la sua repubblica cadde durante l'invasione napoleonica. Dopo il Congresso di Vienna del 1815, la Liguria entr\u00f2 a far parte del Regno di <a href=\"https:\/\/www.cosmundus.com\/it\/atlas\/europe\/southern-europe\/italy\/insular-italy\/sardinia\/\" class=\"ek-link\" target=\"_self\">Sardegna<\/a> e si un\u00ec all'Italia quando il paese fu unificato. Nell'Ottocento e nel Novecento la Liguria conobbe una notevole crescita economica, grazie ai suoi porti e numerosi centri industriali. La Liguria \u00e8 oggi una delle regioni italiane pi\u00f9 popolari tra i turisti, conosciuta soprattutto per la bellezza straordinaria della sua costa.<\/p>\n\n\n\n<h3 class=\"wp-block-heading\">Destinazioni in Liguria<\/h3>\n\n\n<div class=\"wp-block-ub-content-toggle wp-block-ub-content-toggle-block\" id=\"ub-content-toggle-block-8cea3658-b3e9-4d30-bfe0-7d0cd58d6e27\" data-mobilecollapse=\"true\" data-desktopcollapse=\"true\" data-preventcollapse=\"false\" data-showonlyone=\"false\">\n<div class=\"wp-block-ub-content-toggle-accordion\" style=\"border-color: #f1f1f1; \" id=\"ub-content-toggle-panel-block-d4969874-b7eb-48a7-8e72-e8f7fee426b9\">\n\t\t\t<div class=\"wp-block-ub-content-toggle-accordion-title-wrap\" style=\"background-color: #f1f1f1;\" aria-controls=\"ub-content-toggle-panel-0-8cea3658-b3e9-4d30-bfe0-7d0cd58d6e27\" tabindex=\"0\">\n\t\t\t<p class=\"wp-block-ub-content-toggle-accordion-title ub-content-toggle-title-8cea3658-b3e9-4d30-bfe0-7d0cd58d6e27\" style=\"color: #000000; \">Citt\u00e0 Metropolitana di Genova<\/p>\n\t\t\t<div class=\"wp-block-ub-content-toggle-accordion-toggle-wrap right\" style=\"color: #000000;\"><span class=\"wp-block-ub-content-toggle-accordion-state-indicator wp-block-ub-chevron-down\"><\/span><\/div>\n\t\t<\/div>\n\t\t\t<div role=\"region\" aria-expanded=\"false\" class=\"wp-block-ub-content-toggle-accordion-content-wrap ub-hide\" id=\"ub-content-toggle-panel-0-8cea3658-b3e9-4d30-bfe0-7d0cd58d6e27\">\n\n<ul class=\"wp-block-list\">\n<li><a href=\"https:\/\/www.cosmundus.com\/it\/destinations\/genoa\/\" class=\"ek-link\">Genova<\/a><\/li>\n\n\n\n<li><a href=\"https:\/\/www.cosmundus.com\/it\/destinations\/tigullio-golfo-paradiso-and-genoese-valleys\/\" class=\"ek-link\">Tigullio, Golfo Paradiso e Valli Genovesi<\/a>\n<ul class=\"wp-block-list\">\n<li><a href=\"https:\/\/www.cosmundus.com\/it\/destinations\/tigullio-golfo-paradiso-and-genoese-valleys\/#camogli\" class=\"ek-link\">Camogli<\/a><\/li>\n\n\n\n<li><a href=\"https:\/\/www.cosmundus.com\/it\/destinations\/tigullio-golfo-paradiso-and-genoese-valleys\/#portofino\">Portofino<\/a><\/li>\n\n\n\n<li><a href=\"https:\/\/www.cosmundus.com\/it\/destinations\/tigullio-golfo-paradiso-and-genoese-valleys\/#santa-margherita-ligure\">Santa Margherita Ligure<\/a><\/li>\n\n\n\n<li><a href=\"https:\/\/www.cosmundus.com\/it\/destinations\/tigullio-golfo-paradiso-and-genoese-valleys\/#rapallo\">Rapallo<\/a><\/li>\n\n\n\n<li><a href=\"https:\/\/www.cosmundus.com\/it\/destinations\/tigullio-golfo-paradiso-and-genoese-valleys\/#chiavari\">Chiavari<\/a><\/li>\n\n\n\n<li><a href=\"https:\/\/www.cosmundus.com\/it\/destinations\/tigullio-golfo-paradiso-and-genoese-valleys\/#lavagna\">Lavagna<\/a><\/li>\n\n\n\n<li><a href=\"https:\/\/www.cosmundus.com\/it\/destinations\/tigullio-golfo-paradiso-and-genoese-valleys\/#sestri-levante\">Sestri Levante<\/a><\/li>\n\n\n\n<li><a href=\"https:\/\/www.cosmundus.com\/it\/destinations\/tigullio-golfo-paradiso-and-genoese-valleys\/#ceranesi\">Ceranesi<\/a><\/li>\n<\/ul>\n<\/li>\n<\/ul>\n\n<\/div>\n\t\t<\/div>\n\n<div class=\"wp-block-ub-content-toggle-accordion\" style=\"border-color: #f1f1f1; \" id=\"ub-content-toggle-panel-block-6e0226f5-6797-4ad8-8d53-9cf5da70f67b\">\n\t\t\t<div class=\"wp-block-ub-content-toggle-accordion-title-wrap\" style=\"background-color: #f1f1f1;\" aria-controls=\"ub-content-toggle-panel-1-8cea3658-b3e9-4d30-bfe0-7d0cd58d6e27\" tabindex=\"0\">\n\t\t\t<p class=\"wp-block-ub-content-toggle-accordion-title ub-content-toggle-title-8cea3658-b3e9-4d30-bfe0-7d0cd58d6e27\" style=\"color: #000000; \">Provincia di Imperia<\/p>\n\t\t\t<div class=\"wp-block-ub-content-toggle-accordion-toggle-wrap right\" style=\"color: #000000;\"><span class=\"wp-block-ub-content-toggle-accordion-state-indicator wp-block-ub-chevron-down\"><\/span><\/div>\n\t\t<\/div>\n\t\t\t<div role=\"region\" aria-expanded=\"false\" class=\"wp-block-ub-content-toggle-accordion-content-wrap ub-hide\" id=\"ub-content-toggle-panel-1-8cea3658-b3e9-4d30-bfe0-7d0cd58d6e27\">\n\n<ul class=\"wp-block-list\">\n<li><a href=\"https:\/\/www.cosmundus.com\/it\/destinations\/riviera-dei-fiori\/\" class=\"ek-link\">Riviera dei Fiori<\/a>\n<ul class=\"wp-block-list\">\n<li><a href=\"https:\/\/www.cosmundus.com\/it\/destinations\/riviera-dei-fiori\/#imperia\">Imperia<\/a><\/li>\n\n\n\n<li><a href=\"https:\/\/www.cosmundus.com\/it\/destinations\/riviera-dei-fiori\/#sanremo\">Sanremo<\/a><\/li>\n\n\n\n<li><a href=\"https:\/\/www.cosmundus.com\/it\/destinations\/riviera-dei-fiori\/#seborga\">Seborga<\/a><\/li>\n\n\n\n<li><a href=\"https:\/\/www.cosmundus.com\/it\/destinations\/riviera-dei-fiori\/#bordighera\">Bordighera<\/a><\/li>\n\n\n\n<li><a href=\"https:\/\/www.cosmundus.com\/it\/destinations\/riviera-dei-fiori\/#ventimiglia\">Ventimiglia<\/a><\/li>\n<\/ul>\n<\/li>\n<\/ul>\n\n<\/div>\n\t\t<\/div>\n\n<div class=\"wp-block-ub-content-toggle-accordion\" style=\"border-color: #f1f1f1; \" id=\"ub-content-toggle-panel-block-04d13f28-ea4e-48e0-bd06-d6a9744ffcb4\">\n\t\t\t<div class=\"wp-block-ub-content-toggle-accordion-title-wrap\" style=\"background-color: #f1f1f1;\" aria-controls=\"ub-content-toggle-panel-2-8cea3658-b3e9-4d30-bfe0-7d0cd58d6e27\" tabindex=\"0\">\n\t\t\t<p class=\"wp-block-ub-content-toggle-accordion-title ub-content-toggle-title-8cea3658-b3e9-4d30-bfe0-7d0cd58d6e27\" style=\"color: #000000; \">Provincia della Spezia<\/p>\n\t\t\t<div class=\"wp-block-ub-content-toggle-accordion-toggle-wrap right\" style=\"color: #000000;\"><span class=\"wp-block-ub-content-toggle-accordion-state-indicator wp-block-ub-chevron-down\"><\/span><\/div>\n\t\t<\/div>\n\t\t\t<div role=\"region\" aria-expanded=\"false\" class=\"wp-block-ub-content-toggle-accordion-content-wrap ub-hide\" id=\"ub-content-toggle-panel-2-8cea3658-b3e9-4d30-bfe0-7d0cd58d6e27\">\n\n<ul class=\"wp-block-list\">\n<li><a href=\"https:\/\/www.cosmundus.com\/it\/destinations\/cinque-terre\/\" class=\"ek-link\">Cinque Terre<\/a><\/li>\n\n\n\n<li><a href=\"https:\/\/www.cosmundus.com\/it\/destinations\/gulf-of-la-spezia-and-bassa-val-di-magra\/\" class=\"ek-link\">Golfo della Spezia e Bassa Val di Magra<\/a>\n<ul class=\"wp-block-list\">\n<li><a href=\"https:\/\/www.cosmundus.com\/it\/destinations\/gulf-of-la-spezia-and-bassa-val-di-magra\/#la-spezia\">La Spezia<\/a><\/li>\n\n\n\n<li><a href=\"https:\/\/www.cosmundus.com\/it\/destinations\/gulf-of-la-spezia-and-bassa-val-di-magra\/#porto-venere\">Porto Venere<\/a><\/li>\n\n\n\n<li><a href=\"https:\/\/www.cosmundus.com\/it\/destinations\/gulf-of-la-spezia-and-bassa-val-di-magra\/#lerici\">Lerici<\/a><\/li>\n\n\n\n<li><a href=\"https:\/\/www.cosmundus.com\/it\/destinations\/gulf-of-la-spezia-and-bassa-val-di-magra\/#sarzana\">Sarzana<\/a><\/li>\n\n\n\n<li><a href=\"https:\/\/www.cosmundus.com\/it\/destinations\/gulf-of-la-spezia-and-bassa-val-di-magra\/#luni\">Luni<\/a><\/li>\n<\/ul>\n<\/li>\n<\/ul>\n\n<\/div>\n\t\t<\/div>\n\n<div class=\"wp-block-ub-content-toggle-accordion\" style=\"border-color: #f1f1f1; \" id=\"ub-content-toggle-panel-block-7ff42aaf-dfb5-481a-b148-21bd34c17288\">\n\t\t\t<div class=\"wp-block-ub-content-toggle-accordion-title-wrap\" style=\"background-color: #f1f1f1;\" aria-controls=\"ub-content-toggle-panel-3-8cea3658-b3e9-4d30-bfe0-7d0cd58d6e27\" tabindex=\"0\">\n\t\t\t<p class=\"wp-block-ub-content-toggle-accordion-title ub-content-toggle-title-8cea3658-b3e9-4d30-bfe0-7d0cd58d6e27\" style=\"color: #000000; \">Provincia di Savona<\/p>\n\t\t\t<div class=\"wp-block-ub-content-toggle-accordion-toggle-wrap right\" style=\"color: #000000;\"><span class=\"wp-block-ub-content-toggle-accordion-state-indicator wp-block-ub-chevron-down\"><\/span><\/div>\n\t\t<\/div>\n\t\t\t<div role=\"region\" aria-expanded=\"false\" class=\"wp-block-ub-content-toggle-accordion-content-wrap ub-hide\" id=\"ub-content-toggle-panel-3-8cea3658-b3e9-4d30-bfe0-7d0cd58d6e27\">\n\n<ul class=\"wp-block-list\">\n<li><a href=\"https:\/\/www.cosmundus.com\/it\/destinations\/savona-and-riviera-ligure-delle-palme\/\" class=\"ek-link\">Savona e Riviera Ligure delle Palme<\/a>\n<ul class=\"wp-block-list\">\n<li><a href=\"https:\/\/www.cosmundus.com\/it\/destinations\/savona-and-riviera-ligure-delle-palme\/#savona\" class=\"ek-link\">Savona<\/a><\/li>\n\n\n\n<li><a href=\"https:\/\/www.cosmundus.com\/it\/destinations\/savona-and-riviera-ligure-delle-palme\/#varazze\" class=\"ek-link\">Varazze<\/a><\/li>\n\n\n\n<li><a href=\"https:\/\/www.cosmundus.com\/it\/destinations\/savona-and-riviera-ligure-delle-palme\/#noli\" class=\"ek-link\">Noli<\/a><\/li>\n\n\n\n<li><a href=\"https:\/\/www.cosmundus.com\/it\/destinations\/savona-and-riviera-ligure-delle-palme\/#finale-ligure\" class=\"ek-link\">Finale Ligure<\/a><\/li>\n\n\n\n<li><a href=\"https:\/\/www.cosmundus.com\/it\/destinations\/savona-and-riviera-ligure-delle-palme\/#pietra-ligure\" class=\"ek-link\">Pietra Ligure<\/a><\/li>\n\n\n\n<li><a href=\"https:\/\/www.cosmundus.com\/it\/destinations\/savona-and-riviera-ligure-delle-palme\/#toirano\" class=\"ek-link\">Toirano<\/a><\/li>\n\n\n\n<li><a href=\"https:\/\/www.cosmundus.com\/it\/destinations\/savona-and-riviera-ligure-delle-palme\/#albenga\" class=\"ek-link\">Albenga<\/a><\/li>\n\n\n\n<li><a href=\"https:\/\/www.cosmundus.com\/it\/destinations\/savona-and-riviera-ligure-delle-palme\/#alassio\" class=\"ek-link\">Alassio<\/a><\/li>\n<\/ul>\n<\/li>\n<\/ul>\n\n<\/div>\n\t\t<\/div>\n<\/div>\n\n\n<div style=\"height:20px\" aria-hidden=\"true\" class=\"wp-block-spacer\"><\/div>\n\n\n\n<h4 class=\"wp-block-heading has-text-align-center\"><strong>Mappa della Liguria<\/strong><\/h4>\n\n\n<div class=\"wp-block-image is-resized\">\n<figure class=\"aligncenter size-large\"><a href=\"https:\/\/www.cosmundus.com\/wp-content\/uploads\/2023\/05\/Liguria_it.png\"><img fetchpriority=\"high\" decoding=\"async\" width=\"1024\" height=\"1024\" src=\"https:\/\/www.cosmundus.com\/wp-content\/uploads\/2023\/05\/Liguria_it.png\" alt=\"\" class=\"wp-image-4960\" style=\"object-fit:cover;width:512px;height:512px\" srcset=\"https:\/\/www.cosmundus.com\/wp-content\/uploads\/2023\/05\/Liguria_it.png 4543w, https:\/\/www.cosmundus.com\/wp-content\/uploads\/2023\/05\/Liguria_it-300x300.png 300w, https:\/\/www.cosmundus.com\/wp-content\/uploads\/2023\/05\/Liguria_it-1024x1024.png 1024w, https:\/\/www.cosmundus.com\/wp-content\/uploads\/2023\/05\/Liguria_it-150x150.png 150w, https:\/\/www.cosmundus.com\/wp-content\/uploads\/2023\/05\/Liguria_it-768x768.png 768w, https:\/\/www.cosmundus.com\/wp-content\/uploads\/2023\/05\/Liguria_it-1536x1536.png 1536w, https:\/\/www.cosmundus.com\/wp-content\/uploads\/2023\/05\/Liguria_it-2048x2048.png 2048w, https:\/\/www.cosmundus.com\/wp-content\/uploads\/2023\/05\/Liguria_it-12x12.png 12w, https:\/\/www.cosmundus.com\/wp-content\/uploads\/2023\/05\/Liguria_it-64x64.png 64w, https:\/\/www.cosmundus.com\/wp-content\/uploads\/2023\/05\/Liguria_it-850x850.png 850w\" sizes=\"(max-width: 1024px) 100vw, 1024px\" \/><\/a><\/figure><\/div>\n\n\n<div style=\"height:20px\" aria-hidden=\"true\" class=\"wp-block-spacer\"><\/div>\n\n\n\n<h4 class=\"wp-block-heading has-text-align-center\"><strong>Mappa di tutti i posti in Liguria, suddivisi per provincia<\/strong><\/h4>\n\n\n<p style=\"text-align: center;\"><iframe src=\"https:\/\/www.google.com\/maps\/d\/u\/0\/embed?mid=1JR4iY2A6_4GwxustdQVrTBfiLy7x-gk&#038;ehbc=2E312F\" width=\"640\" height=\"480\"><\/iframe><\/p>","protected":false},"excerpt":{"rendered":"<p>&lt;&lt; Northwest Italy Liguria is a region in Northwest Italy, located along the coast south of Piedmont and squeezed between the mountains and the sea. Originally inhabited by Ligurian tribes, it was later conquered by the Romans, flourishing thanks to its many ports. After the fall of the Western Roman Empire, the region was dominated by foreign powers, until Genoa emerged as a major maritime republic in the Late Middle Ages. Genoa slowly conquered all of Liguria, and became one of the richest cities in Europe thanks to its commercial empire. As the main European trade routes moved out of the Mediterranean, the importance of Genoa declined, and its republic fell during the Napoleonic invasion. After the Congress of Vienna in 1815, Liguria became part of the Kingdom of Sardinia and it joined Italy when the country was unified. In the 19th and 20th century Liguria experienced a remarkable economic growth, thanks to its ports and many industrial centers. Liguria is now one of the most popular Italian regions among tourists, best known for its stunningly beautiful coast. Destinations in Liguria Map of Liguria Map of all places in Liguria, subdivided by province<\/p>","protected":false},"author":1,"featured_media":0,"parent":783,"menu_order":0,"comment_status":"closed","ping_status":"closed","template":"","meta":{"_editorskit_title_hidden":false,"_editorskit_reading_time":1,"_editorskit_is_block_options_detached":false,"_editorskit_block_options_position":"{}","om_disable_all_campaigns":false,"_uag_custom_page_level_css":"","advgb_blocks_editor_width":"","advgb_blocks_columns_visual_guide":"","_monsterinsights_skip_tracking":false,"_monsterinsights_sitenote_active":false,"_monsterinsights_sitenote_note":"","_monsterinsights_sitenote_category":0,"footnotes":""},"class_list":["post-884","page","type-page","status-publish","hentry"],"aioseo_notices":[],"featured_image_src":null,"uagb_featured_image_src":{"full":false,"thumbnail":false,"medium":false,"medium_large":false,"large":false,"1536x1536":false,"2048x2048":false,"trp-custom-language-flag":false,"xs-thumb":false,"post-thumbnail":false,"minimalistblogger-grid":false,"minimalistblogger-slider":false,"minimalistblogger-small":false},"uagb_author_info":{"display_name":"Stefano Cammisa","author_link":"https:\/\/www.cosmundus.com\/it\/author\/stefano-cammisa\/"},"uagb_comment_info":0,"uagb_excerpt":"&lt;&lt; Northwest Italy Liguria is a region in Northwest Italy, located along the coast south of Piedmont and squeezed between the mountains and the sea. Originally inhabited by Ligurian tribes, it was later conquered by the Romans, flourishing thanks to its many ports. After the fall of the Western Roman Empire, the region was dominated&hellip;","coauthors":[],"author_meta":{"author_link":"https:\/\/www.cosmundus.com\/it\/author\/stefano-cammisa\/","display_name":"Stefano Cammisa"},"relative_dates":{"created":"Pubblicato 3 anni fa","modified":"Aggiornato 2 anni fa"},"absolute_dates":{"created":"Pubblicato il 11 Luglio 2023","modified":"Aggiornato il 7 Ottobre 2024"},"absolute_dates_time":{"created":"Pubblicato il 11 Luglio 2023 11:57 am","modified":"Aggiornato il 7 Ottobre 2024 11:56 am"},"featured_img_caption":"","featured_img":false,"series_order":"","_links":{"self":[{"href":"https:\/\/www.cosmundus.com\/it\/wp-json\/wp\/v2\/pages\/884","targetHints":{"allow":["GET"]}}],"collection":[{"href":"https:\/\/www.cosmundus.com\/it\/wp-json\/wp\/v2\/pages"}],"about":[{"href":"https:\/\/www.cosmundus.com\/it\/wp-json\/wp\/v2\/types\/page"}],"author":[{"embeddable":true,"href":"https:\/\/www.cosmundus.com\/it\/wp-json\/wp\/v2\/users\/1"}],"replies":[{"embeddable":true,"href":"https:\/\/www.cosmundus.com\/it\/wp-json\/wp\/v2\/comments?post=884"}],"version-history":[{"count":30,"href":"https:\/\/www.cosmundus.com\/it\/wp-json\/wp\/v2\/pages\/884\/revisions"}],"predecessor-version":[{"id":11958,"href":"https:\/\/www.cosmundus.com\/it\/wp-json\/wp\/v2\/pages\/884\/revisions\/11958"}],"up":[{"embeddable":true,"href":"https:\/\/www.cosmundus.com\/it\/wp-json\/wp\/v2\/pages\/783"}],"wp:attachment":[{"href":"https:\/\/www.cosmundus.com\/it\/wp-json\/wp\/v2\/media?parent=884"}],"curies":[{"name":"wp","href":"https:\/\/api.w.org\/{rel}","templated":true}]}}