{"id":8832,"date":"2024-02-14T14:19:53","date_gmt":"2024-02-14T13:19:53","guid":{"rendered":"https:\/\/www.cosmundus.com\/?page_id=8832"},"modified":"2024-10-07T09:51:55","modified_gmt":"2024-10-07T07:51:55","slug":"naples","status":"publish","type":"page","link":"https:\/\/www.cosmundus.com\/it\/destinations\/naples\/","title":{"rendered":"Napoli"},"content":{"rendered":"<p class=\"has-text-align-right\">&lt;&lt; <a href=\"https:\/\/www.cosmundus.com\/it\/atlas\/europe\/southern-europe\/italy\/south-italy\/campania\/\" class=\"ek-link\">Campania<\/a><\/p>\n\n\n\n<p class=\"translation-block\">Napoli \u00e8 il capoluogo della Campania e la citt\u00e0 pi\u00f9 grande dell'<a href=\"https:\/\/www.cosmundus.com\/it\/atlas\/europe\/southern-europe\/italy\/south-italy\/\" class=\"ek-link\" target=\"_self\">Italia Meridionale<\/a>, conosciuta in tutto il mondo per la sua cultura unica e il suo ricco patrimonio artistico. Napoli fu uno dei centri pi\u00f9 importanti della Magna Grecia, fondato da coloni greci come <em>Parthenope<\/em>, e successivamente rifondata come <em>Ne\u00e1polis<\/em> (\u201ccitt\u00e0 nuova\u201d). La citt\u00e0 fior\u00ec sotto i Romani e, dopo la caduta dell'Impero Romano d'Occidente, fu conquistata dagli Ostrogoti e poi dai Bizantini, che istituirono il Ducato di Napoli nel 661. Il ducato fu conquistato dai Normanni nel dodicesimo secolo, e entr\u00f2 a far parte del Regno di <a href=\"https:\/\/www.cosmundus.com\/it\/atlas\/europe\/southern-europe\/italy\/insular-italy\/sicily\/\" class=\"ek-link\" target=\"_self\">Sicilia<\/a>. Nel 1282, Napoli divenne la capitale del regno (ora denominato Regno di Napoli), dopo che la Sicilia si ribell\u00f2 e fu presa dagli Aragonesi. Il Regno di Napoli divenne parte dell'Impero spagnolo nel 1503 e la citt\u00e0 prosper\u00f2, diventando una delle pi\u00f9 grandi d'Europa e un importante centro culturale. Nel diciottesimo secolo Napoli era governata dall'Austria e, dopo un periodo sotto il dominio francese durante le guerre napoleoniche, il Regno di Napoli e il Regno di Sicilia si unirono per formare il Regno delle Due Sicilie, con Napoli come capitale. Napoli divenne parte dell'Italia quando il paese fu unificato nel 1861 e fu gravemente danneggiata durante la seconda guerra mondiale. La citt\u00e0 rimane una delle pi\u00f9 grandi e importanti d'Italia, circondata da una vasta area metropolitana. Napoli \u00e8 anche una delle citt\u00e0 pi\u00f9 visitate d'Italia, e ospita numerosi capolavori artistici, soprattutto di stile barocco. La citt\u00e0 \u00e8 anche famosa per la sua cultura, lingua, musica e cucina, ed \u00e8 il posto in cui nacque la pizza. Napoli \u00e8 anche un punto di partenza per esplorare le innumerevoli bellezze naturali e i siti storici situati nei dintorni della citt\u00e0.<\/p>\n\n\n\n<h3 class=\"wp-block-heading\">Suddivisioni di Napoli<\/h3>\n\n\n\n<ul class=\"wp-block-list\">\n<li><a href=\"https:\/\/www.cosmundus.com\/it\/destinations\/naples\/centro-storico\/\" class=\"ek-link\">Centro Storico<\/a> (Municipalit\u00e0 2)<\/li>\n\n\n\n<li><a href=\"https:\/\/www.cosmundus.com\/it\/destinations\/naples\/chiaia-posillipo-san-ferdinando\/\" class=\"ek-link\">Chiaia-Posillipo-San Ferdinando<\/a> (Municipalit\u00e0 1)<\/li>\n\n\n\n<li><a href=\"https:\/\/www.cosmundus.com\/it\/destinations\/naples\/north-naples\/\" class=\"ek-link\">Napoli Nord<\/a> (Municipalit\u00e0 3, 7, 8)<\/li>\n\n\n\n<li><a href=\"https:\/\/www.cosmundus.com\/it\/destinations\/naples\/san-lorenzo-east-naples\/\" class=\"ek-link\">San Lorenzo-Napoli Est<\/a> (Municipalit\u00e0 4 e 6)<\/li>\n\n\n\n<li><a href=\"https:\/\/www.cosmundus.com\/it\/destinations\/naples\/west-naples\/\" class=\"ek-link\">Napoli Ovest<\/a> (Municipalit\u00e0 5, 9, 10)<\/li>\n<\/ul>\n\n\n\n<div style=\"height:20px\" aria-hidden=\"true\" class=\"wp-block-spacer\"><\/div>\n\n\n\n<h4 class=\"wp-block-heading has-text-align-center\"><strong>Mappa di Napoli<\/strong><\/h4>\n\n\n<div class=\"wp-block-image\">\n<figure class=\"aligncenter size-large\"><a href=\"https:\/\/www.cosmundus.com\/wp-content\/uploads\/2024\/02\/Naples_it.png\"><img fetchpriority=\"high\" decoding=\"async\" width=\"1024\" height=\"766\" src=\"https:\/\/www.cosmundus.com\/wp-content\/uploads\/2024\/02\/Naples_it.png\" alt=\"\" class=\"wp-image-8871\" srcset=\"https:\/\/www.cosmundus.com\/wp-content\/uploads\/2024\/02\/Naples_it.png 1280w, https:\/\/www.cosmundus.com\/wp-content\/uploads\/2024\/02\/Naples_it-300x224.png 300w, https:\/\/www.cosmundus.com\/wp-content\/uploads\/2024\/02\/Naples_it-1024x766.png 1024w, https:\/\/www.cosmundus.com\/wp-content\/uploads\/2024\/02\/Naples_it-768x574.png 768w, https:\/\/www.cosmundus.com\/wp-content\/uploads\/2024\/02\/Naples_it-16x12.png 16w, https:\/\/www.cosmundus.com\/wp-content\/uploads\/2024\/02\/Naples_it-850x636.png 850w\" sizes=\"(max-width: 1024px) 100vw, 1024px\" \/><\/a><\/figure><\/div>","protected":false},"excerpt":{"rendered":"<p>&lt;&lt; Campania Naples (Napoli) is the capital of Campania and the largest city in Southern Italy, known around the world for its unique culture and rich artistic heritage. Naples was one of the most important centers of Magna Graecia, founded by Greek colonists as Parthenope, and later refounded as Ne\u00e1polis (&#8220;new city&#8221;). The city flourished under the Romans and, after the fall of the Western Roman Empire, it was taken by the Ostrogoths and then the Byzantines, who established the Duchy of Naples in 661. The duchy was conquered by the Normans in the 12th century, and became part of the Kingdom of Sicily. In 1282, Naples became the capital of the kingdom (now referred to as Kingdom of Naples), after Sicily revolted and was taken by the Aragonese. The Kingdom of Naples became part of the Spanish Empire in 1503, and the city thrived, becoming one of the largest in Europe and a major cultural center. In the 18th century, Naples was ruled by Austria, and after a period under French rule during the Napoleonic Wars, the Kingdom of Naples and the Kingdom of Sicily merged to form the Kingdom of the Two Sicilies, with Naples as its capital. Naples became part of Italy when the country was unified in 1861, and was heavily damaged during World War II. The city remains one of the largest and most important in Italy, surrounded by a vast metropolitan area. Naples is also one of the most visited cities in Italy, and hosts several artistic masterpieces, especially of Baroque style. The city is also famous for its culture, language, music, and cuisine, and it is the birthplace of pizza. Naples is also a starting point to explore the countless natural beauties and historic sites located around the city. Subdivisions of Naples Map of Naples<\/p>","protected":false},"author":1,"featured_media":0,"parent":932,"menu_order":0,"comment_status":"closed","ping_status":"closed","template":"","meta":{"_editorskit_title_hidden":false,"_editorskit_reading_time":0,"_editorskit_is_block_options_detached":false,"_editorskit_block_options_position":"{}","om_disable_all_campaigns":false,"_uag_custom_page_level_css":"","advgb_blocks_editor_width":"","advgb_blocks_columns_visual_guide":"","_monsterinsights_skip_tracking":false,"_monsterinsights_sitenote_active":false,"_monsterinsights_sitenote_note":"","_monsterinsights_sitenote_category":0,"footnotes":""},"class_list":["post-8832","page","type-page","status-publish","hentry"],"aioseo_notices":[],"featured_image_src":null,"uagb_featured_image_src":{"full":false,"thumbnail":false,"medium":false,"medium_large":false,"large":false,"1536x1536":false,"2048x2048":false,"trp-custom-language-flag":false,"xs-thumb":false,"post-thumbnail":false,"minimalistblogger-grid":false,"minimalistblogger-slider":false,"minimalistblogger-small":false},"uagb_author_info":{"display_name":"Stefano Cammisa","author_link":"https:\/\/www.cosmundus.com\/it\/author\/stefano-cammisa\/"},"uagb_comment_info":0,"uagb_excerpt":"&lt;&lt; Campania Naples (Napoli) is the capital of Campania and the largest city in Southern Italy, known around the world for its unique culture and rich artistic heritage. Naples was one of the most important centers of Magna Graecia, founded by Greek colonists as Parthenope, and later refounded as Ne\u00e1polis (&#8220;new city&#8221;). The city flourished&hellip;","coauthors":[],"author_meta":{"author_link":"https:\/\/www.cosmundus.com\/it\/author\/stefano-cammisa\/","display_name":"Stefano Cammisa"},"relative_dates":{"created":"Pubblicato 2 anni fa","modified":"Aggiornato 2 anni fa"},"absolute_dates":{"created":"Pubblicato il 14 Febbraio 2024","modified":"Aggiornato il 7 Ottobre 2024"},"absolute_dates_time":{"created":"Pubblicato il 14 Febbraio 2024 2:19 pm","modified":"Aggiornato il 7 Ottobre 2024 9:51 am"},"featured_img_caption":"","featured_img":false,"series_order":"","_links":{"self":[{"href":"https:\/\/www.cosmundus.com\/it\/wp-json\/wp\/v2\/pages\/8832","targetHints":{"allow":["GET"]}}],"collection":[{"href":"https:\/\/www.cosmundus.com\/it\/wp-json\/wp\/v2\/pages"}],"about":[{"href":"https:\/\/www.cosmundus.com\/it\/wp-json\/wp\/v2\/types\/page"}],"author":[{"embeddable":true,"href":"https:\/\/www.cosmundus.com\/it\/wp-json\/wp\/v2\/users\/1"}],"replies":[{"embeddable":true,"href":"https:\/\/www.cosmundus.com\/it\/wp-json\/wp\/v2\/comments?post=8832"}],"version-history":[{"count":8,"href":"https:\/\/www.cosmundus.com\/it\/wp-json\/wp\/v2\/pages\/8832\/revisions"}],"predecessor-version":[{"id":11266,"href":"https:\/\/www.cosmundus.com\/it\/wp-json\/wp\/v2\/pages\/8832\/revisions\/11266"}],"up":[{"embeddable":true,"href":"https:\/\/www.cosmundus.com\/it\/wp-json\/wp\/v2\/pages\/932"}],"wp:attachment":[{"href":"https:\/\/www.cosmundus.com\/it\/wp-json\/wp\/v2\/media?parent=8832"}],"curies":[{"name":"wp","href":"https:\/\/api.w.org\/{rel}","templated":true}]}}