{"id":874,"date":"2022-12-04T09:41:35","date_gmt":"2022-12-04T08:41:35","guid":{"rendered":"https:\/\/www.cosmundus.com\/?page_id=874"},"modified":"2024-02-26T14:47:11","modified_gmt":"2024-02-26T13:47:11","slug":"trentino-alto-adige","status":"publish","type":"page","link":"https:\/\/www.cosmundus.com\/it\/atlas\/europe\/southern-europe\/italy\/northeast-italy\/trentino-alto-adige\/","title":{"rendered":"Trentino-Alto Adige"},"content":{"rendered":"<p class=\"has-text-align-right\">&lt;&lt; <a href=\"https:\/\/www.cosmundus.com\/it\/atlas\/europe\/southern-europe\/italy\/northeast-italy\/\" class=\"ek-link\">Italia Nord-Orientale<\/a><\/p>\n\n\n\n<p>Il Trentino-Alto Adige \u00e8 la regione pi\u00f9 settentrionale d'Italia, e una delle cinque regioni autonome nel paese. \u00c8 composto da due province autonome, conosciute come Trentino e Alto Adige (S\u00fcdtirol in tedesco). Mentre gli abitanti del Trentino solitamente parlano italiano come prima lingua, nell'Alto Adige, il tedesco rimane la lingua dominante, ed entrambe le province ospitano una minoranza di lingua ladina. Grazie alla sua posizione al centro delle Alpi, la regione \u00e8 stata attraversata dalle rotte commerciali che connettono Europa meridionale e settentrionale sin da tempi antichi. Durante il Medioevo, l'area era governata da principati vescovili indipendenti e pi\u00f9 tardi venne dominata dalla Contea del Tirolo e poi dall'Impero austriaco. La regione \u00e8 diventata parte dell'Italia dopo la prima guerra mondiale e ora si classifica sempre tra le aree pi\u00f9 ricche e con la qualit\u00e0 della vita pi\u00f9 alta nel paese. \u00c8 anche una regione molto popolare tra i turisti, grazie al suo ambiente favoloso, le molte stazioni sciistiche e la sua cultura unica.<\/p>\n\n\n\n<h3 class=\"wp-block-heading\">Destinazioni in Trentino-Alto Adige<\/h3>\n\n\n<div class=\"wp-block-ub-content-toggle wp-block-ub-content-toggle-block\" id=\"ub-content-toggle-block-92bed3e7-e28c-4ed1-915e-c1a477c6bba9\" data-mobilecollapse=\"true\" data-desktopcollapse=\"true\" data-preventcollapse=\"false\" data-showonlyone=\"false\">\n<div class=\"wp-block-ub-content-toggle-accordion\" style=\"border-color: #f1f1f1; \" id=\"ub-content-toggle-panel-block-2f471b02-fb5b-4b8d-9b1f-87450cfe254d\">\n\t\t\t<div class=\"wp-block-ub-content-toggle-accordion-title-wrap\" style=\"background-color: #f1f1f1;\" aria-controls=\"ub-content-toggle-panel-0-92bed3e7-e28c-4ed1-915e-c1a477c6bba9\" tabindex=\"0\">\n\t\t\t<p class=\"wp-block-ub-content-toggle-accordion-title ub-content-toggle-title-92bed3e7-e28c-4ed1-915e-c1a477c6bba9\" style=\"color: #000000; \">Alto Adige<\/p>\n\t\t\t<div class=\"wp-block-ub-content-toggle-accordion-toggle-wrap right\" style=\"color: #000000;\"><span class=\"wp-block-ub-content-toggle-accordion-state-indicator wp-block-ub-chevron-down\"><\/span><\/div>\n\t\t<\/div>\n\t\t\t<div role=\"region\" aria-expanded=\"false\" class=\"wp-block-ub-content-toggle-accordion-content-wrap ub-hide\" id=\"ub-content-toggle-panel-0-92bed3e7-e28c-4ed1-915e-c1a477c6bba9\">\n\n<ul class=\"wp-block-list\">\n<li><a href=\"https:\/\/www.cosmundus.com\/it\/destinations\/bolzano\/\" class=\"ek-link\">Bolzano\/Bozen<\/a><\/li>\n\n\n\n<li><a href=\"https:\/\/www.cosmundus.com\/it\/destinations\/bassa-atesina-and-valle-isarco\/\" class=\"ek-link\">Bassa Atesina e Valle Isarco<\/a>\n<ul class=\"wp-block-list\">\n<li><a href=\"https:\/\/www.cosmundus.com\/it\/destinations\/bassa-atesina-and-valle-isarco\/#aldino\" class=\"ek-link\">Aldino\/Aldein<\/a><\/li>\n\n\n\n<li><a href=\"https:\/\/www.cosmundus.com\/it\/destinations\/bassa-atesina-and-valle-isarco\/#val-gardena\">Val Gardena\/Gherd\u00ebina\/Gr\u00f6den<\/a><\/li>\n\n\n\n<li><a href=\"https:\/\/www.cosmundus.com\/it\/destinations\/bassa-atesina-and-valle-isarco\/#chiusa\">Chiusa\/Klausen<\/a><\/li>\n\n\n\n<li><a href=\"https:\/\/www.cosmundus.com\/it\/destinations\/bassa-atesina-and-valle-isarco\/#bressanone\" class=\"ek-link\">Bressanone\/Brixen<\/a><\/li>\n\n\n\n<li><a href=\"https:\/\/www.cosmundus.com\/it\/destinations\/bassa-atesina-and-valle-isarco\/#fortezza\">Fortezza\/Franzensfeste<\/a><\/li>\n\n\n\n<li><a href=\"https:\/\/www.cosmundus.com\/it\/destinations\/bassa-atesina-and-valle-isarco\/#vipiteno\" class=\"ek-link\">Vipiteno\/Sterzing<\/a><\/li>\n<\/ul>\n<\/li>\n\n\n\n<li><a href=\"https:\/\/www.cosmundus.com\/it\/destinations\/val-pusteria\/\" class=\"ek-link\">Val Pusteria<\/a>\n<ul class=\"wp-block-list\">\n<li><a href=\"https:\/\/www.cosmundus.com\/it\/destinations\/val-pusteria\/#brunico\">Brunico\/Bruneck<\/a><\/li>\n\n\n\n<li><a href=\"https:\/\/www.cosmundus.com\/it\/destinations\/val-pusteria\/#val-badia\">Val Badia\/Gadertal<\/a><\/li>\n\n\n\n<li><a href=\"https:\/\/www.cosmundus.com\/it\/destinations\/val-pusteria\/#braies\">Braies\/Prags<\/a><\/li>\n\n\n\n<li><a href=\"https:\/\/www.cosmundus.com\/it\/destinations\/val-pusteria\/#dobbiaco\">Dobbiaco\/Toblach<\/a><\/li>\n\n\n\n<li><a href=\"https:\/\/www.cosmundus.com\/it\/destinations\/val-pusteria\/#san-candido\" class=\"ek-link\">San Candido\/Innichen<\/a><\/li>\n<\/ul>\n<\/li>\n\n\n\n<li><a href=\"https:\/\/www.cosmundus.com\/it\/destinations\/burgraviato-and-val-venosta\/\" class=\"ek-link\">Burgraviato e Val Venosta<\/a>\n<ul class=\"wp-block-list\">\n<li><a href=\"https:\/\/www.cosmundus.com\/it\/destinations\/burgraviato-and-val-venosta\/#merano\" class=\"ek-link\">Merano\/Meran<\/a><\/li>\n\n\n\n<li><a href=\"https:\/\/www.cosmundus.com\/it\/destinations\/burgraviato-and-val-venosta\/#tirolo\" class=\"ek-link\">Tirolo\/Tirol<\/a><\/li>\n\n\n\n<li><a href=\"https:\/\/www.cosmundus.com\/it\/destinations\/burgraviato-and-val-venosta\/#val-venosta\">Val Venosta\/Vinschgau<\/a><\/li>\n<\/ul>\n<\/li>\n<\/ul>\n\n<\/div>\n\t\t<\/div>\n\n<div class=\"wp-block-ub-content-toggle-accordion\" style=\"border-color: #f1f1f1; \" id=\"ub-content-toggle-panel-block-3133b374-84d7-4faf-9b7c-b40f81e2e06a\">\n\t\t\t<div class=\"wp-block-ub-content-toggle-accordion-title-wrap\" style=\"background-color: #f1f1f1;\" aria-controls=\"ub-content-toggle-panel-1-92bed3e7-e28c-4ed1-915e-c1a477c6bba9\" tabindex=\"0\">\n\t\t\t<p class=\"wp-block-ub-content-toggle-accordion-title ub-content-toggle-title-92bed3e7-e28c-4ed1-915e-c1a477c6bba9\" style=\"color: #000000; \">Trentino<\/p>\n\t\t\t<div class=\"wp-block-ub-content-toggle-accordion-toggle-wrap right\" style=\"color: #000000;\"><span class=\"wp-block-ub-content-toggle-accordion-state-indicator wp-block-ub-chevron-down\"><\/span><\/div>\n\t\t<\/div>\n\t\t\t<div role=\"region\" aria-expanded=\"false\" class=\"wp-block-ub-content-toggle-accordion-content-wrap ub-hide\" id=\"ub-content-toggle-panel-1-92bed3e7-e28c-4ed1-915e-c1a477c6bba9\">\n\n<ul class=\"wp-block-list\">\n<li><a href=\"https:\/\/www.cosmundus.com\/it\/destinations\/trento\/\" class=\"ek-link\">Trento<\/a><\/li>\n\n\n\n<li><a href=\"https:\/\/www.cosmundus.com\/it\/destinations\/vallagarina-valle-delladige-and-valsugana\/\" class=\"ek-link\">Vallagarina, Valle dell\u2019Adige e Valsugana<\/a>\n<ul class=\"wp-block-list\">\n<li><a href=\"https:\/\/www.cosmundus.com\/it\/destinations\/vallagarina-valle-delladige-and-valsugana\/#avio\">Avio<\/a><\/li>\n\n\n\n<li><a href=\"https:\/\/www.cosmundus.com\/it\/destinations\/vallagarina-valle-delladige-and-valsugana\/#rovereto\">Rovereto<\/a><\/li>\n\n\n\n<li><a href=\"https:\/\/www.cosmundus.com\/it\/destinations\/vallagarina-valle-delladige-and-valsugana\/#besenello\">Besenello<\/a><\/li>\n\n\n\n<li><a href=\"https:\/\/www.cosmundus.com\/it\/destinations\/vallagarina-valle-delladige-and-valsugana\/#valsugana\">Valsugana<\/a><\/li>\n\n\n\n<li><a href=\"https:\/\/www.cosmundus.com\/it\/destinations\/vallagarina-valle-delladige-and-valsugana\/#san-michele-alladige\">San Michele all\u2019Adige<\/a><\/li>\n\n\n\n<li><a href=\"https:\/\/www.cosmundus.com\/it\/destinations\/vallagarina-valle-delladige-and-valsugana\/#molveno\">Molveno<\/a><\/li>\n<\/ul>\n<\/li>\n\n\n\n<li><a href=\"https:\/\/www.cosmundus.com\/it\/destinations\/valli-giudicarie-and-alto-garda\/\" class=\"ek-link\">Valli Giudicarie e Alto Garda<\/a>\n<ul class=\"wp-block-list\">\n<li><a href=\"https:\/\/www.cosmundus.com\/it\/destinations\/valli-giudicarie-and-alto-garda\/#riva-del-garda\">Riva del Garda<\/a><\/li>\n\n\n\n<li><a href=\"https:\/\/www.cosmundus.com\/it\/destinations\/valli-giudicarie-and-alto-garda\/#arco\">Arco<\/a><\/li>\n\n\n\n<li><a href=\"https:\/\/www.cosmundus.com\/it\/destinations\/valli-giudicarie-and-alto-garda\/#ledro\">Ledro<\/a><\/li>\n\n\n\n<li><a href=\"https:\/\/www.cosmundus.com\/it\/destinations\/valli-giudicarie-and-alto-garda\/#fiave\">Fiav\u00e9<\/a><\/li>\n\n\n\n<li><a href=\"https:\/\/www.cosmundus.com\/it\/destinations\/valli-giudicarie-and-alto-garda\/#stenico\">Stenico<\/a><\/li>\n\n\n\n<li><a href=\"https:\/\/www.cosmundus.com\/it\/destinations\/valli-giudicarie-and-alto-garda\/#val-rendena\" class=\"ek-link\">Val Rendena<\/a><\/li>\n<\/ul>\n<\/li>\n\n\n\n<li><a href=\"https:\/\/www.cosmundus.com\/it\/destinations\/val-di-non-and-val-di-sole\/\" class=\"ek-link\">Val di Non e Val di Sole<\/a>\n<ul class=\"wp-block-list\">\n<li><a href=\"https:\/\/www.cosmundus.com\/it\/destinations\/val-di-non-and-val-di-sole\/#val-di-non\">Val di Non<\/a><\/li>\n\n\n\n<li><a href=\"https:\/\/www.cosmundus.com\/it\/destinations\/val-di-non-and-val-di-sole\/#val-di-sole\" class=\"ek-link\">Val di Sole<\/a><\/li>\n<\/ul>\n<\/li>\n\n\n\n<li><a href=\"https:\/\/www.cosmundus.com\/it\/destinations\/val-di-fiemme-val-di-fassa-and-primiero\/\" class=\"ek-link\">Val di Fiemme, Val di Fassa e Primiero<\/a>\n<ul class=\"wp-block-list\">\n<li><a href=\"https:\/\/www.cosmundus.com\/it\/destinations\/val-di-fiemme-val-di-fassa-and-primiero\/#val-di-fiemme\" class=\"ek-link\">Val di Fiemme<\/a><\/li>\n\n\n\n<li><a href=\"https:\/\/www.cosmundus.com\/it\/destinations\/val-di-fiemme-val-di-fassa-and-primiero\/#val-di-fassa\" class=\"ek-link\">Val di Fassa\/Val de Fascia<\/a><\/li>\n\n\n\n<li><a href=\"https:\/\/www.cosmundus.com\/it\/destinations\/val-di-fiemme-val-di-fassa-and-primiero\/#primiero\" class=\"ek-link\">Primiero<\/a><\/li>\n<\/ul>\n<\/li>\n<\/ul>\n\n<\/div>\n\t\t<\/div>\n<\/div>\n\n\n<div style=\"height:20px\" aria-hidden=\"true\" class=\"wp-block-spacer\"><\/div>\n\n\n\n<h4 class=\"wp-block-heading has-text-align-center\"><strong>Mappa del Trentino-Alto Adige<\/strong><\/h4>\n\n\n<div class=\"wp-block-image is-resized\">\n<figure class=\"aligncenter size-large\"><a href=\"https:\/\/www.cosmundus.com\/wp-content\/uploads\/2023\/03\/Trentino-Alto_Adige_it.png\"><img fetchpriority=\"high\" decoding=\"async\" width=\"1024\" height=\"1024\" src=\"https:\/\/www.cosmundus.com\/wp-content\/uploads\/2023\/03\/Trentino-Alto_Adige_it.png\" alt=\"\" class=\"wp-image-3742\" style=\"object-fit:cover;width:512px;height:512px\" srcset=\"https:\/\/www.cosmundus.com\/wp-content\/uploads\/2023\/03\/Trentino-Alto_Adige_it.png 3665w, https:\/\/www.cosmundus.com\/wp-content\/uploads\/2023\/03\/Trentino-Alto_Adige_it-300x300.png 300w, https:\/\/www.cosmundus.com\/wp-content\/uploads\/2023\/03\/Trentino-Alto_Adige_it-1024x1024.png 1024w, https:\/\/www.cosmundus.com\/wp-content\/uploads\/2023\/03\/Trentino-Alto_Adige_it-150x150.png 150w, https:\/\/www.cosmundus.com\/wp-content\/uploads\/2023\/03\/Trentino-Alto_Adige_it-768x768.png 768w, https:\/\/www.cosmundus.com\/wp-content\/uploads\/2023\/03\/Trentino-Alto_Adige_it-1536x1536.png 1536w, https:\/\/www.cosmundus.com\/wp-content\/uploads\/2023\/03\/Trentino-Alto_Adige_it-2048x2048.png 2048w, https:\/\/www.cosmundus.com\/wp-content\/uploads\/2023\/03\/Trentino-Alto_Adige_it-12x12.png 12w, https:\/\/www.cosmundus.com\/wp-content\/uploads\/2023\/03\/Trentino-Alto_Adige_it-64x64.png 64w, https:\/\/www.cosmundus.com\/wp-content\/uploads\/2023\/03\/Trentino-Alto_Adige_it-850x850.png 850w\" sizes=\"(max-width: 1024px) 100vw, 1024px\" \/><\/a><\/figure><\/div>\n\n\n<div style=\"height:20px\" aria-hidden=\"true\" class=\"wp-block-spacer\"><\/div>\n\n\n\n<h4 class=\"wp-block-heading has-text-align-center\"><strong>Mappa di tutti i posti in Trentino-Alto Adige, suddivisi per provincia<\/strong><\/h4>\n\n\n<p style=\"text-align: center;\"><iframe src=\"https:\/\/www.google.com\/maps\/d\/u\/0\/embed?mid=1b5GnM3z6TfOHajDymXNRkA54AYTF9FI&amp;ehbc=2E312F\" width=\"640\" height=\"480\"><\/iframe><\/p>","protected":false},"excerpt":{"rendered":"<p>&lt;&lt; Northeast Italy Trentino-Alto Adige is the northernmost region of Italy, and one of the five autonomous regions of the country. It is composed of two autonomous provinces, known as Trentino and South Tyrol (Alto Adige in Italian, S\u00fcdtirol in German). While people in Trentino usually speak Italian as a first language, in South Tyrol German remains the predominant language, and both provinces host a minority of Ladin speakers. Thanks to its position at the center of the Alps, the region has been crossed by trade routes that connect Southern and Northern Europe since ancient times. During the Middle Ages, the area was governed by independent prince-bishoprics and later came under the rule of the County of Tyrol and eventually the Austrian Empire. The region joined Italy after World War I and now it always ranks among the most wealthy areas and the best in terms of quality of life in the country. It is also a very popular region for tourists, thanks to its stunningly beautiful environment, many ski resorts, and unique culture. Destinations in Trentino-Alto Adige Map of Trentino-Alto Adige Map of all places in Trentino-Alto Adige, subdivided by province<\/p>","protected":false},"author":1,"featured_media":0,"parent":782,"menu_order":0,"comment_status":"closed","ping_status":"closed","template":"","meta":{"_editorskit_title_hidden":false,"_editorskit_reading_time":1,"_editorskit_is_block_options_detached":false,"_editorskit_block_options_position":"{}","om_disable_all_campaigns":false,"_uag_custom_page_level_css":"","advgb_blocks_editor_width":"","advgb_blocks_columns_visual_guide":"","_monsterinsights_skip_tracking":false,"_monsterinsights_sitenote_active":false,"_monsterinsights_sitenote_note":"","_monsterinsights_sitenote_category":0,"footnotes":""},"class_list":["post-874","page","type-page","status-publish","hentry"],"aioseo_notices":[],"featured_image_src":null,"uagb_featured_image_src":{"full":false,"thumbnail":false,"medium":false,"medium_large":false,"large":false,"1536x1536":false,"2048x2048":false,"trp-custom-language-flag":false,"xs-thumb":false,"post-thumbnail":false,"minimalistblogger-grid":false,"minimalistblogger-slider":false,"minimalistblogger-small":false},"uagb_author_info":{"display_name":"Stefano Cammisa","author_link":"https:\/\/www.cosmundus.com\/it\/author\/stefano-cammisa\/"},"uagb_comment_info":0,"uagb_excerpt":"&lt;&lt; Northeast Italy Trentino-Alto Adige is the northernmost region of Italy, and one of the five autonomous regions of the country. It is composed of two autonomous provinces, known as Trentino and South Tyrol (Alto Adige in Italian, S\u00fcdtirol in German). While people in Trentino usually speak Italian as a first language, in South Tyrol&hellip;","coauthors":[],"author_meta":{"author_link":"https:\/\/www.cosmundus.com\/it\/author\/stefano-cammisa\/","display_name":"Stefano Cammisa"},"relative_dates":{"created":"Pubblicato 3 anni fa","modified":"Aggiornato 2 anni fa"},"absolute_dates":{"created":"Pubblicato il 4 Dicembre 2022","modified":"Aggiornato il 26 Febbraio 2024"},"absolute_dates_time":{"created":"Pubblicato il 4 Dicembre 2022 9:41 am","modified":"Aggiornato il 26 Febbraio 2024 2:47 pm"},"featured_img_caption":"","featured_img":false,"series_order":"","_links":{"self":[{"href":"https:\/\/www.cosmundus.com\/it\/wp-json\/wp\/v2\/pages\/874","targetHints":{"allow":["GET"]}}],"collection":[{"href":"https:\/\/www.cosmundus.com\/it\/wp-json\/wp\/v2\/pages"}],"about":[{"href":"https:\/\/www.cosmundus.com\/it\/wp-json\/wp\/v2\/types\/page"}],"author":[{"embeddable":true,"href":"https:\/\/www.cosmundus.com\/it\/wp-json\/wp\/v2\/users\/1"}],"replies":[{"embeddable":true,"href":"https:\/\/www.cosmundus.com\/it\/wp-json\/wp\/v2\/comments?post=874"}],"version-history":[{"count":28,"href":"https:\/\/www.cosmundus.com\/it\/wp-json\/wp\/v2\/pages\/874\/revisions"}],"predecessor-version":[{"id":9418,"href":"https:\/\/www.cosmundus.com\/it\/wp-json\/wp\/v2\/pages\/874\/revisions\/9418"}],"up":[{"embeddable":true,"href":"https:\/\/www.cosmundus.com\/it\/wp-json\/wp\/v2\/pages\/782"}],"wp:attachment":[{"href":"https:\/\/www.cosmundus.com\/it\/wp-json\/wp\/v2\/media?parent=874"}],"curies":[{"name":"wp","href":"https:\/\/api.w.org\/{rel}","templated":true}]}}