{"id":7794,"date":"2023-12-21T11:30:12","date_gmt":"2023-12-21T10:30:12","guid":{"rendered":"https:\/\/www.cosmundus.com\/?page_id=7794"},"modified":"2024-03-15T13:28:20","modified_gmt":"2024-03-15T12:28:20","slug":"viterbo","status":"publish","type":"page","link":"https:\/\/www.cosmundus.com\/it\/destinations\/viterbo\/","title":{"rendered":"Viterbo"},"content":{"rendered":"<p class=\"has-text-align-right\">&lt;&lt; <a href=\"https:\/\/www.cosmundus.com\/it\/atlas\/europe\/southern-europe\/italy\/central-italy\/lazio\/\" class=\"ek-link\">Lazio<\/a><\/p>\n\n\n\n<p class=\"translation-block\">Viterbo \u00e8 la citt\u00e0 pi\u00f9 grande del <a href=\"https:\/\/www.cosmundus.com\/it\/destinations\/northern-lazio\/\" class=\"ek-link\" target=\"_self\">Lazio Settentrionale<\/a>. Probabilmente abitato originariamente dagli Etruschi, il paese moderno fu fondato nel Medioevo. Viterbo conquist\u00f2 le citt\u00e0 vicine e divenne un potente comune e la residenza di diversi papi per tutto il Tardo Medioevo. Successivamente l'importanza di Viterbo diminu\u00ec e ora la citt\u00e0 \u00e8 nota per ospitare numerosi monumenti storici.<\/p>\n\n\n<div style=\"border: 1px solid #8ed1fc; border-radius: 0%; background-color: inherit; \" class=\"ub-styled-box ub-bordered-box wp-block-ub-styled-box\" id=\"ub-styled-box-316ab843-076b-4391-af20-fc927555477d\">\n<p class=\"has-medium-font-size\" id=\"ub-styled-box-bordered-content-c8f07bad-fd34-450b-8884-e2159f5d3192\">Posti da vedere a Viterbo<\/p>\n\n\n<div class=\"wp-block-aioseo-table-of-contents\"><ul><li><a class=\"aioseo-toc-item\" href=\"#palace-of-the-popes-in-viterbo\">\u272a Palazzo dei Papi di Viterbo<\/a><\/li><li><a class=\"aioseo-toc-item\" href=\"#viterbo-cathedral\">Duomo di Viterbo<\/a><\/li><li><a class=\"aioseo-toc-item\" href=\"#church-of-santa-maria-nuova\">Chiesa di Santa Maria Nuova<\/a><\/li><li><a class=\"aioseo-toc-item\" href=\"#palazzo-dei-priori\">Palazzo dei Priori<\/a><\/li><li><a class=\"aioseo-toc-item\" href=\"#national-etruscan-museum-rocca-albornoz\">Museo Nazionale Etrusco Rocca Albornoz<\/a><\/li><li><a class=\"aioseo-toc-item\" href=\"#basilica-of-san-francesco-alla-rocca\">Basilica di San Francesco alla Rocca<\/a><\/li><li><a class=\"aioseo-toc-item\" href=\"#church-of-santa-maria-della-verita\">Chiesa di Santa Maria della Verit\u00e0<\/a><\/li><li><a class=\"aioseo-toc-item\" href=\"#villa-lante\">Villa Lante<\/a><\/li><li><a class=\"aioseo-toc-item\" href=\"#archaeological-area-of-ferentium\">Area Archeologica di Ferento<\/a><\/li><\/ul><\/div>\n\n<\/div>\n\n\n<h4 class=\"wp-block-heading\" id=\"palace-of-the-popes-in-viterbo\"><strong>\u272a Palazzo dei Papi di Viterbo<\/strong><\/h4>\n\n\n\n<p class=\"translation-block\">Il Palazzo dei Papi di Viterbo \u00e8 un grande palazzo medievale a Viterbo, che fu residenza di vari papi durante il tredicesimo secolo. L'imponente edificio presenta una loggia splendidamente decorata e ospita la <em>Sala del\u00a0Conclave<\/em>, l'aula dove tra il 1268 e il 1271 si svolse il conclave pi\u00f9 lungo della storia.<\/p>\n\n\n\n<div class=\"wp-block-columns is-layout-flex wp-container-core-columns-is-layout-9d6595d7 wp-block-columns-is-layout-flex\">\n<div class=\"wp-block-column is-layout-flow wp-block-column-is-layout-flow\" style=\"flex-basis:85%\">\n<p>Indirizzo: Piazza S. Lorenzo, 1-8, 01100 Viterbo VT<br>Coordinate: 42.4158, 12.1011<\/p>\n<\/div>\n\n\n\n<div class=\"wp-block-column is-layout-flow wp-block-column-is-layout-flow\" style=\"flex-basis:15%\">\n<p class=\"has-text-align-right\"><a href=\"https:\/\/maps.app.goo.gl\/vunvdSqNkmuBLAP77\" target=\"_blank\" aria-label=\" (opens in a new tab)\" rel=\"noreferrer noopener\" class=\"ek-link\">Google Maps<\/a><\/p>\n<\/div>\n<\/div>\n\n\n<div class=\"wp-block-ub-divider ub_divider ub-divider-orientation-horizontal\" id=\"ub_divider_c3fa3fa6-8e81-4c0f-bf70-9a457dfe2722\"><div class=\"ub_divider_wrapper\" style=\"position: relative; margin-bottom: 2px; width: 100%; height: 2px; \" data-divider-alignment=\"center\"><div class=\"ub_divider_line\" style=\"border-top: 2px solid #ccc; margin-top: 2px; \"><\/div><\/div><\/div>\n\n\n<h4 class=\"wp-block-heading\" id=\"viterbo-cathedral\"><strong>Duomo di Viterbo<\/strong><\/h4>\n\n\n\n<p class=\"translation-block\">Anche noto come: Cattedrale di San Lorenzo<\/p>\n\n\n\n<p class=\"translation-block\">Il Duomo di Viterbo \u00e8 la chiesa principale di Viterbo, situata accanto al Palazzo dei Papi. Eretto originariamente in stile romanico nel Tardo Medioevo, venne successivamente rimaneggiato in epoca rinascimentale. La chiesa presenta un campanile gotico decorato, mentre la facciata \u00e8 semplice. All'interno, la cattedrale presenta numerose opere d'arte e decorazioni barocche e ospita anche la tomba di Papa Giovanni XXI. Adiacente alla chiesa si trova il <strong>Museo del Colle del Duomo<\/strong>, un museo che ospita una ricca collezione di opere d'arte religiosa.<\/p>\n\n\n\n<div class=\"wp-block-columns is-layout-flex wp-container-core-columns-is-layout-9d6595d7 wp-block-columns-is-layout-flex\">\n<div class=\"wp-block-column is-layout-flow wp-block-column-is-layout-flow\" style=\"flex-basis:85%\">\n<p>Indirizzo: Piazza S. Lorenzo, 01100 Viterbo VT<br>Coordinate: 42.4153, 12.1012<\/p>\n<\/div>\n\n\n\n<div class=\"wp-block-column is-layout-flow wp-block-column-is-layout-flow\" style=\"flex-basis:15%\">\n<p class=\"has-text-align-right\"><a href=\"https:\/\/maps.app.goo.gl\/J15MSpKxwHKA9tQ6A\" target=\"_blank\" aria-label=\" (opens in a new tab)\" rel=\"noreferrer noopener\" class=\"ek-link\">Google Maps<\/a><\/p>\n<\/div>\n<\/div>\n\n\n<div class=\"wp-block-ub-divider ub_divider ub-divider-orientation-horizontal\" id=\"ub_divider_69fff1f9-e46b-4bcb-b5ee-7b81aeed1d06\"><div class=\"ub_divider_wrapper\" style=\"position: relative; margin-bottom: 2px; width: 100%; height: 2px; \" data-divider-alignment=\"center\"><div class=\"ub_divider_line\" style=\"border-top: 2px solid #ccc; margin-top: 2px; \"><\/div><\/div><\/div>\n\n\n<h4 class=\"wp-block-heading\" id=\"church-of-santa-maria-nuova\"><strong><strong>Chiesa di Santa Maria Nuova<\/strong><\/strong><\/h4>\n\n\n\n<p>La Chiesa di Santa Maria Nuova \u00e8 una chiesa romanica a Viterbo fondata nell'undicesimo secolo. La chiesa ospita numerose opere d'arte, tra cui un trittico medievale e alcuni dipinti rinascimentali, ma anche delle opere del ventesimo secolo.<\/p>\n\n\n\n<div class=\"wp-block-columns is-layout-flex wp-container-core-columns-is-layout-9d6595d7 wp-block-columns-is-layout-flex\">\n<div class=\"wp-block-column is-layout-flow wp-block-column-is-layout-flow\" style=\"flex-basis:85%\">\n<p>Indirizzo: Piazza Santa Maria Nuova, 01100 Viterbo VT<br>Coordinate: 42.4153, 12.1048<\/p>\n<\/div>\n\n\n\n<div class=\"wp-block-column is-layout-flow wp-block-column-is-layout-flow\" style=\"flex-basis:15%\">\n<p class=\"has-text-align-right\"><a href=\"https:\/\/maps.app.goo.gl\/LvicTFkDS2R4q2NT7\" target=\"_blank\" aria-label=\" (opens in a new tab)\" rel=\"noreferrer noopener\" class=\"ek-link\">Google Maps<\/a><\/p>\n<\/div>\n<\/div>\n\n\n<div class=\"wp-block-ub-divider ub_divider ub-divider-orientation-horizontal\" id=\"ub_divider_33dbcacf-4acb-41e9-b122-83623df9c6e6\"><div class=\"ub_divider_wrapper\" style=\"position: relative; margin-bottom: 2px; width: 100%; height: 2px; \" data-divider-alignment=\"center\"><div class=\"ub_divider_line\" style=\"border-top: 2px solid #ccc; margin-top: 2px; \"><\/div><\/div><\/div>\n\n\n<h4 class=\"wp-block-heading\" id=\"palazzo-dei-priori\"><strong><strong>Palazzo dei Priori<\/strong><\/strong><\/h4>\n\n\n\n<p class=\"translation-block\">Il Palazzo dei Priori \u00e8 lo storico municipio di Viterbo, eretto nel Tardo Medioevo e affacciato sulla centrale <strong>Piazza del Plebiscito<\/strong>. Alcune sale del palazzo sono riccamente adornate con affreschi rinascimentali e altre opere d'arte.<\/p>\n\n\n\n<div class=\"wp-block-columns is-layout-flex wp-container-core-columns-is-layout-9d6595d7 wp-block-columns-is-layout-flex\">\n<div class=\"wp-block-column is-layout-flow wp-block-column-is-layout-flow\" style=\"flex-basis:85%\">\n<p>Indirizzo: Piazza del Plebiscito, 14, 01100 Viterbo VT<br>Coordinate: 42.4169, 12.1046<\/p>\n<\/div>\n\n\n\n<div class=\"wp-block-column is-layout-flow wp-block-column-is-layout-flow\" style=\"flex-basis:15%\">\n<p class=\"has-text-align-right\"><a href=\"https:\/\/maps.app.goo.gl\/W8536KavZHJLMDbK9\" target=\"_blank\" aria-label=\" (opens in a new tab)\" rel=\"noreferrer noopener\" class=\"ek-link\">Google Maps<\/a><\/p>\n<\/div>\n<\/div>\n\n\n<div class=\"wp-block-ub-divider ub_divider ub-divider-orientation-horizontal\" id=\"ub_divider_70ffa3ae-219a-4071-a0c7-6253c9301020\"><div class=\"ub_divider_wrapper\" style=\"position: relative; margin-bottom: 2px; width: 100%; height: 2px; \" data-divider-alignment=\"center\"><div class=\"ub_divider_line\" style=\"border-top: 2px solid #ccc; margin-top: 2px; \"><\/div><\/div><\/div>\n\n\n<h4 class=\"wp-block-heading\" id=\"national-etruscan-museum-rocca-albornoz\"><strong><strong>Museo Nazionale Etrusco Rocca Albornoz<\/strong><\/strong><\/h4>\n\n\n\n<p class=\"translation-block\">Il Museo Nazionale Etrusco Rocca Albornoz \u00e8 un museo archeologico ospitato in un ex forte medievale a Viterbo. Il museo ospita una collezione di opere d'arte e reperti archeologici etruschi, insieme alle ricostruzioni di case ed edifici etruschi.<\/p>\n\n\n\n<div class=\"wp-block-columns is-layout-flex wp-container-core-columns-is-layout-9d6595d7 wp-block-columns-is-layout-flex\">\n<div class=\"wp-block-column is-layout-flow wp-block-column-is-layout-flow\" style=\"flex-basis:85%\">\n<p>Indirizzo: Piazza della Rocca, 21b, 01100 Viterbo VT<br>Coordinate: 42.4219, 12.1045<\/p>\n<\/div>\n\n\n\n<div class=\"wp-block-column is-layout-flow wp-block-column-is-layout-flow\" style=\"flex-basis:15%\">\n<p class=\"has-text-align-right\"><a href=\"https:\/\/maps.app.goo.gl\/PzRbcvAypu5wMRRy6\" target=\"_blank\" aria-label=\" (opens in a new tab)\" rel=\"noreferrer noopener\" class=\"ek-link\">Google Maps<\/a><\/p>\n<\/div>\n<\/div>\n\n\n<div class=\"wp-block-ub-divider ub_divider ub-divider-orientation-horizontal\" id=\"ub_divider_c8929567-138e-442d-baf4-1ddf6aae2d70\"><div class=\"ub_divider_wrapper\" style=\"position: relative; margin-bottom: 2px; width: 100%; height: 2px; \" data-divider-alignment=\"center\"><div class=\"ub_divider_line\" style=\"border-top: 2px solid #ccc; margin-top: 2px; \"><\/div><\/div><\/div>\n\n\n<h4 class=\"wp-block-heading\" id=\"basilica-of-san-francesco-alla-rocca\"><strong><strong>Basilica di San Francesco alla Rocca<\/strong><\/strong><\/h4>\n\n\n\n<p>La Basilica di San Francesco alla Rocca \u00e8 una chiesa del tredicesimo secolo a Viterbo, eretta in stile romanico e caratterizzata da varie aggiunte barocche. La chiesa ospita alcune opere d'arte e monumenti funerari, tra cui quelli di Papa Clemente IV e Papa Adriano V.<\/p>\n\n\n\n<div class=\"wp-block-columns is-layout-flex wp-container-core-columns-is-layout-9d6595d7 wp-block-columns-is-layout-flex\">\n<div class=\"wp-block-column is-layout-flow wp-block-column-is-layout-flow\" style=\"flex-basis:85%\">\n<p>Indirizzo: Piazza S. Francesco, 6, 01100 Viterbo VT<br>Coordinate: 42.4221, 12.1066<\/p>\n<\/div>\n\n\n\n<div class=\"wp-block-column is-layout-flow wp-block-column-is-layout-flow\" style=\"flex-basis:15%\">\n<p class=\"has-text-align-right\"><a href=\"https:\/\/maps.app.goo.gl\/BPTuYGsE5saFaNdh8\" target=\"_blank\" aria-label=\" (opens in a new tab)\" rel=\"noreferrer noopener\" class=\"ek-link\">Google Maps<\/a><\/p>\n<\/div>\n<\/div>\n\n\n<div class=\"wp-block-ub-divider ub_divider ub-divider-orientation-horizontal\" id=\"ub_divider_ce67e505-5221-4716-b749-947b0cfafb42\"><div class=\"ub_divider_wrapper\" style=\"position: relative; margin-bottom: 2px; width: 100%; height: 2px; \" data-divider-alignment=\"center\"><div class=\"ub_divider_line\" style=\"border-top: 2px solid #ccc; margin-top: 2px; \"><\/div><\/div><\/div>\n\n\n<h4 class=\"wp-block-heading\" id=\"church-of-santa-maria-della-verita\"><strong><strong>Chiesa di Santa Maria della Verit\u00e0<\/strong><\/strong><\/h4>\n\n\n\n<p class=\"translation-block\">La Chiesa di Santa Maria della Verit\u00e0 \u00e8 una chiesa romanica aV iterbo, eretta nel Tardo Medioevo. La chiesa presenta alcune opere d'arte, in particolare una serie di affreschi del quindicesimo secolo in una cappella decorata. Adiacente alla chiesa si trova il <strong>Museo Civico<\/strong>, che ospita vari reperti archeologici e una pinacoteca con dipinti medievali e rinascimentali.<\/p>\n\n\n\n<div class=\"wp-block-columns is-layout-flex wp-container-core-columns-is-layout-9d6595d7 wp-block-columns-is-layout-flex\">\n<div class=\"wp-block-column is-layout-flow wp-block-column-is-layout-flow\" style=\"flex-basis:85%\">\n<p>Indirizzo: Piazza Crispi, 01100 Viterbo VT<br>Coordinate: 42.4172, 12.1107<\/p>\n<\/div>\n\n\n\n<div class=\"wp-block-column is-layout-flow wp-block-column-is-layout-flow\" style=\"flex-basis:15%\">\n<p class=\"has-text-align-right\"><a href=\"https:\/\/maps.app.goo.gl\/cTLLGvZEtN21Sqdg7\" target=\"_blank\" aria-label=\" (opens in a new tab)\" rel=\"noreferrer noopener\" class=\"ek-link\">Google Maps<\/a><\/p>\n<\/div>\n<\/div>\n\n\n<div class=\"wp-block-ub-divider ub_divider ub-divider-orientation-horizontal\" id=\"ub_divider_a0c36da1-0cdc-478d-baf5-11b5fc24eae2\"><div class=\"ub_divider_wrapper\" style=\"position: relative; margin-bottom: 2px; width: 100%; height: 2px; \" data-divider-alignment=\"center\"><div class=\"ub_divider_line\" style=\"border-top: 2px solid #ccc; margin-top: 2px; \"><\/div><\/div><\/div>\n\n\n<h4 class=\"wp-block-heading\" id=\"villa-lante\"><strong><strong>Villa Lante<\/strong><\/strong><\/h4>\n\n\n\n<p>Villa Lante \u00e8 una villa del sedicesimo secolo situata nella frazione di Bagnaia, a est di Viterbo. La villa \u00e8 nota per il suo ampio ed elaborato giardino manierista, che presenta numerose fontane e sculture riccamente decorate.<\/p>\n\n\n\n<div class=\"wp-block-columns is-layout-flex wp-container-core-columns-is-layout-9d6595d7 wp-block-columns-is-layout-flex\">\n<div class=\"wp-block-column is-layout-flow wp-block-column-is-layout-flow\" style=\"flex-basis:85%\">\n<p>Indirizzo: Via Jacopo Barozzi, 71, 01100 Bagnaia VT<br>Coordinate: 42.4265, 12.1550<\/p>\n<\/div>\n\n\n\n<div class=\"wp-block-column is-layout-flow wp-block-column-is-layout-flow\" style=\"flex-basis:15%\">\n<p class=\"has-text-align-right\"><a href=\"https:\/\/maps.app.goo.gl\/FZ3ZRNzpQPPaLqbM8\" target=\"_blank\" aria-label=\" (opens in a new tab)\" rel=\"noreferrer noopener\" class=\"ek-link\">Google Maps<\/a><\/p>\n<\/div>\n<\/div>\n\n\n<div class=\"wp-block-ub-divider ub_divider ub-divider-orientation-horizontal\" id=\"ub_divider_2afda74b-7fa2-4c9e-9ccd-248e46687a74\"><div class=\"ub_divider_wrapper\" style=\"position: relative; margin-bottom: 2px; width: 100%; height: 2px; \" data-divider-alignment=\"center\"><div class=\"ub_divider_line\" style=\"border-top: 2px solid #ccc; margin-top: 2px; \"><\/div><\/div><\/div>\n\n\n<h4 class=\"wp-block-heading\" id=\"archaeological-area-of-ferentium\"><strong><strong>Area Archeologica di Ferento<\/strong><\/strong><\/h4>\n\n\n\n<p>Ferento era un'antica citt\u00e0 romana situata a nord di Viterbo. Un tempo una citt\u00e0 fiorente, sub\u00ec un declino durante il Medioevo, fino a quando fu conquistata e distrutta da Viterbo nel dodicesimo secolo. Le rovine dell'antica citt\u00e0 comprendono un grande teatro e vari altri edifici.<\/p>\n\n\n\n<div class=\"wp-block-columns is-layout-flex wp-container-core-columns-is-layout-9d6595d7 wp-block-columns-is-layout-flex\">\n<div class=\"wp-block-column is-layout-flow wp-block-column-is-layout-flow\" style=\"flex-basis:85%\">\n<p>Indirizzo: Strada Ferento, 01100 Viterbo VT<br>Coordinate: 42.4887, 12.1321<\/p>\n<\/div>\n\n\n\n<div class=\"wp-block-column is-layout-flow wp-block-column-is-layout-flow\" style=\"flex-basis:15%\">\n<p class=\"has-text-align-right\"><a href=\"https:\/\/maps.app.goo.gl\/TVSGk8owxUS1Usc59\" target=\"_blank\" aria-label=\" (opens in a new tab)\" rel=\"noreferrer noopener\" class=\"ek-link\">Google Maps<\/a><\/p>\n<\/div>\n<\/div>","protected":false},"excerpt":{"rendered":"<p>&lt;&lt; Lazio Viterbo is the largest city in Northern Lazio. Probably settled originally by the Etruscans, the modern town was founded in the Middle Ages. Viterbo conquered the nearby towns and became a powerful comune and the residence of various popes throughout the Late Middle Ages. The importance of Viterbo later waned, and now it is known for housing several historic landmarks. \u272a Palace of the Popes in Viterbo The Palace of the Popes in Viterbo (Palazzo dei Papi di Viterbo) is a large medieval palace in Viterbo, which served as the residence of various popes during the 13th century. The imposing building features a beautifully decorated loggia and houses the Sala del&nbsp;Conclave, the hall where the longest conclave in history took place between 1268 and 1271. Address: Piazza S. Lorenzo, 1-8, 01100 Viterbo VTCoordinates: 42.4158, 12.1011 Google Maps Viterbo Cathedral Also known as: Cathedral of San Lorenzo (Cattedrale di San Lorenzo) The Viterbo Cathedral (Duomo di Viterbo) is the main church in Viterbo, located next to the Palace of the Popes. Originally erected in Romanesque style in the Late Middle Ages, it was later reworked during the Renaissance. The church features a decorated Gothic bell tower, while the facade is simple. Inside, the cathedral features numerous Baroque artworks and decorations, and also hosts the tomb of Pope John XXI. Adjacent to the church is the Museo del Colle del Duomo, a museum housing a rich collection of religious artworks. Address: Piazza S. Lorenzo, 01100 Viterbo VTCoordinates: 42.4153, 12.1012 Google Maps Church of Santa Maria Nuova The Church of Santa Maria Nuova is a Romanesque church in Viterbo founded in the 11th century. The church houses numerous artworks, including a medieval triptych and some Renaissance paintings, but also some works from the 20th century. Address: Piazza Santa Maria Nuova, 01100 Viterbo VTCoordinates: 42.4153, 12.1048 Google Maps Palazzo dei Priori Palazzo dei Priori is the historic town hall of Viterbo, erected in the Late Middle Ages facing the central Piazza del Plebiscito. Some of the halls of palace are richly adorned with Renaissance frescoes and other artworks. Address: Piazza del Plebiscito, 14, 01100 Viterbo VTCoordinates: 42.4169, 12.1046 Google Maps National Etruscan Museum Rocca Albornoz The National Etruscan Museum Rocca Albornoz (Museo Nazionale Etrusco Rocca Albornoz) is an archaeological museum housed in a former medieval fort in Viterbo. The museum houses a collection of Etruscan artworks and archaeological finds, along with the reconstructions of Etruscan houses and buildings. Address: Piazza della Rocca, 21b, 01100 Viterbo VTCoordinates: 42.4219, 12.1045 Google Maps Basilica of San Francesco alla Rocca The Basilica of San Francesco alla Rocca is a 13th-century church in Viterbo, erected in Romanesque style and featuring various Baroque additions. The church houses some artworks and funerary monuments, including those of Pope Clement IV and Pope Adrian V. Address: Piazza S. Francesco, 6, 01100 Viterbo VTCoordinates: 42.4221, 12.1066 Google Maps Church of Santa Maria della Verit\u00e0 The Church of Santa Maria della Verit\u00e0 is a Romanesque church in Viterbo, erected in the Late Middle Ages. The church features some artworks, most notably a series of 15th-century frescoes in a decorated chapel. Adjacent to the church is the Civic Museum (Museo Civico), which hosts various archaeological finds and an art gallery with medieval and Renaissance paintings. Address: Piazza Crispi, 01100 Viterbo VTCoordinates: 42.4172, 12.1107 Google Maps Villa Lante Villa Lante is a 16th-century villa located in the hamlet of Bagnaia, east of Viterbo. The villa is known for its large and elaborate Mannerist garden, which features numerous richly decorated fountains and sculptures. Address: Via Jacopo Barozzi, 71, 01100 Bagnaia VTCoordinates: 42.4265, 12.1550 Google Maps Archaeological Area of Ferentium Ferentium was an ancient Roman town located north of Viterbo. Once a flourishing city, it suffered a decline during the Middle Ages, until it was conquered and destroyed by Viterbo in the 12th century. The ruins of the ancient town include a large theater and various other buildings. Address: Strada Ferento, 01100 Viterbo VTCoordinates: 42.4887, 12.1321 Google Maps<\/p>","protected":false},"author":1,"featured_media":0,"parent":932,"menu_order":0,"comment_status":"closed","ping_status":"closed","template":"","meta":{"_editorskit_title_hidden":false,"_editorskit_reading_time":0,"_editorskit_is_block_options_detached":false,"_editorskit_block_options_position":"{}","om_disable_all_campaigns":false,"_uag_custom_page_level_css":"","advgb_blocks_editor_width":"","advgb_blocks_columns_visual_guide":"","_monsterinsights_skip_tracking":false,"_monsterinsights_sitenote_active":false,"_monsterinsights_sitenote_note":"","_monsterinsights_sitenote_category":0,"footnotes":""},"class_list":["post-7794","page","type-page","status-publish","hentry"],"aioseo_notices":[],"featured_image_src":null,"uagb_featured_image_src":{"full":false,"thumbnail":false,"medium":false,"medium_large":false,"large":false,"1536x1536":false,"2048x2048":false,"trp-custom-language-flag":false,"xs-thumb":false,"post-thumbnail":false,"minimalistblogger-grid":false,"minimalistblogger-slider":false,"minimalistblogger-small":false},"uagb_author_info":{"display_name":"Stefano Cammisa","author_link":"https:\/\/www.cosmundus.com\/it\/author\/stefano-cammisa\/"},"uagb_comment_info":0,"uagb_excerpt":"&lt;&lt; Lazio Viterbo is the largest city in Northern Lazio. Probably settled originally by the Etruscans, the modern town was founded in the Middle Ages. Viterbo conquered the nearby towns and became a powerful comune and the residence of various popes throughout the Late Middle Ages. The importance of Viterbo later waned, and now it&hellip;","coauthors":[],"author_meta":{"author_link":"https:\/\/www.cosmundus.com\/it\/author\/stefano-cammisa\/","display_name":"Stefano Cammisa"},"relative_dates":{"created":"Pubblicato 2 anni fa","modified":"Aggiornato 2 anni fa"},"absolute_dates":{"created":"Pubblicato il 21 Dicembre 2023","modified":"Aggiornato il 15 Marzo 2024"},"absolute_dates_time":{"created":"Pubblicato il 21 Dicembre 2023 11:30 am","modified":"Aggiornato il 15 Marzo 2024 1:28 pm"},"featured_img_caption":"","featured_img":false,"series_order":"","_links":{"self":[{"href":"https:\/\/www.cosmundus.com\/it\/wp-json\/wp\/v2\/pages\/7794","targetHints":{"allow":["GET"]}}],"collection":[{"href":"https:\/\/www.cosmundus.com\/it\/wp-json\/wp\/v2\/pages"}],"about":[{"href":"https:\/\/www.cosmundus.com\/it\/wp-json\/wp\/v2\/types\/page"}],"author":[{"embeddable":true,"href":"https:\/\/www.cosmundus.com\/it\/wp-json\/wp\/v2\/users\/1"}],"replies":[{"embeddable":true,"href":"https:\/\/www.cosmundus.com\/it\/wp-json\/wp\/v2\/comments?post=7794"}],"version-history":[{"count":10,"href":"https:\/\/www.cosmundus.com\/it\/wp-json\/wp\/v2\/pages\/7794\/revisions"}],"predecessor-version":[{"id":10209,"href":"https:\/\/www.cosmundus.com\/it\/wp-json\/wp\/v2\/pages\/7794\/revisions\/10209"}],"up":[{"embeddable":true,"href":"https:\/\/www.cosmundus.com\/it\/wp-json\/wp\/v2\/pages\/932"}],"wp:attachment":[{"href":"https:\/\/www.cosmundus.com\/it\/wp-json\/wp\/v2\/media?parent=7794"}],"curies":[{"name":"wp","href":"https:\/\/api.w.org\/{rel}","templated":true}]}}