{"id":7415,"date":"2023-12-20T14:55:33","date_gmt":"2023-12-20T13:55:33","guid":{"rendered":"https:\/\/www.cosmundus.com\/?page_id=7415"},"modified":"2024-10-07T15:49:04","modified_gmt":"2024-10-07T13:49:04","slug":"vatican-city","status":"publish","type":"page","link":"https:\/\/www.cosmundus.com\/it\/destinations\/vatican-city\/","title":{"rendered":"Citt\u00e0 del Vaticano"},"content":{"rendered":"<p class=\"has-text-align-right\">&lt;&lt; <a href=\"https:\/\/www.cosmundus.com\/it\/atlas\/\" class=\"ek-link\">Atlante<\/a><\/p>\n\n\n\n<p class=\"translation-block\">La Citt\u00e0 del Vaticano \u00e8 lo stato pi\u00f9 piccolo del mondo, sia per superficie che per popolazione, e si trova completamente all'interno della citt\u00e0 di <a href=\"https:\/\/www.cosmundus.com\/it\/destinations\/rome\/\" class=\"ek-link\" target=\"_self\">Roma<\/a>. Lo stato \u00e8 una monarchia assoluta elettiva teocratica governata dal papa, che \u00e8 anche vescovo di Roma e capo della Chiesa cattolica. In precedenza, lo Stato Pontificio aveva governato per secoli gran parte dell'Italia centrale, fino a quando il territorio fu conquistato dal Regno d'Italia appena unificato. Quando l'Italia prese Roma nel 1870, il papa si ritir\u00f2 in Vaticano. Per decenni i papi si autodefinirono \u201cprigionieri in Vaticano\u201d e non riconobbero il dominio del re d\u2019Italia su Roma. La controversia fu risolta con i Patti Lateranensi del 1929, che istituirono la Citt\u00e0 del Vaticano come stato indipendente. Il piccolo stato comprende alcuni dei siti religiosi e culturali pi\u00f9 famosi e visitati al mondo.<\/p>\n\n\n<div style=\"border: 1px solid #8ed1fc; border-radius: 0%; background-color: inherit; \" class=\"ub-styled-box ub-bordered-box wp-block-ub-styled-box\" id=\"ub-styled-box-420fed67-6aef-4784-98aa-ffff5b7453c4\">\n<p class=\"has-medium-font-size\" id=\"ub-styled-box-bordered-content-a9cb7838-47af-478c-acfe-c88eb83b79e8\">Posti da vedere nella Citt\u00e0 del Vaticano<\/p>\n\n\n<div class=\"wp-block-aioseo-table-of-contents\"><ul><li><a class=\"aioseo-toc-item\" href=\"#saint-peters-basilica\">\u272a  Basilica di San Pietro<\/a><\/li><li><a class=\"aioseo-toc-item\" href=\"#vatican-museums\">\u272a Musei Vaticani<\/a><\/li><li><a class=\"aioseo-toc-item\" href=\"#saint-peters-square\">Piazza San Pietro<\/a><\/li><li><a class=\"aioseo-toc-item\" href=\"#vatican-gardens\">Giardini Vaticani<\/a><ul><\/ul><\/li><\/ul><\/div>\n\n<\/div>\n\n\n<h4 class=\"wp-block-heading\" id=\"saint-peters-basilica\"><strong>\u272a  Basilica di San Pietro<\/strong><\/h4>\n\n\n\n<p class=\"translation-block\">La Basilica di San Pietro \u00e8 la chiesa pi\u00f9 grande del mondo, situata al centro della Citt\u00e0 del Vaticano. La basilica \u00e8 una delle pi\u00f9 grandi opere dell'arte e dell'architettura rinascimentale, e fu costruita tra il 1506 e il 1626 per sostituire una chiesa precedente. L'edificio vide il contributo di molti architetti e artisti rinascimentali come Bramante, Michelangelo e Bernini, mentre l'elaborata e monumentale facciata fu progettata da Carlo Maderno. La chiesa \u00e8 sormontata da un'enorme cupola, una delle pi\u00f9 grandi al mondo, progettata da Michelangelo. Il vasto interno della basilica \u00e8 adornato da innumerevoli opere d'arte, monumenti e decorazioni. Tra questi, alcune delle principali attrazioni sono la scultura della <em>Piet\u00e0<\/em> di Michelangelo e l'alto <em>Baldacchino di San Pietro<\/em>, scolpito da Bernini. Il baldacchino si trova sopra l'altare e segna il luogo della tomba di San Pietro, situata nei sotterranei. Dietro l'altare si trova la <em>Cattedra di San Pietro<\/em>, un trono in legno che presumibilmente appartenne a San Pietro, ed \u00e8 ora racchiuso in un'elaborata scultura di Bernini. Sotto la basilica, una necropoli ospita numerose tombe, tra cui quelle di vari papi. La chiesa include anche il <strong>Museo del Tesoro della Basilica di San Pietro<\/strong>, che comprende numerose opere d'arte e oggetti religiosi.<\/p>\n\n\n\n<div class=\"wp-block-columns is-layout-flex wp-container-core-columns-is-layout-9d6595d7 wp-block-columns-is-layout-flex\">\n<div class=\"wp-block-column is-layout-flow wp-block-column-is-layout-flow\" style=\"flex-basis:85%\">\n<p>Indirizzo: Piazza San Pietro, 00120 Citt\u00e0 del Vaticano<br>Coordinate: 41.9022, 12.4536<\/p>\n<\/div>\n\n\n\n<div class=\"wp-block-column is-layout-flow wp-block-column-is-layout-flow\" style=\"flex-basis:15%\">\n<p class=\"has-text-align-right\"><a href=\"https:\/\/maps.app.goo.gl\/HgqbAhhjJB4Snub68\" target=\"_blank\" aria-label=\" (opens in a new tab)\" rel=\"noreferrer noopener\" class=\"ek-link\">Google Maps<\/a><\/p>\n<\/div>\n<\/div>\n\n\n<div class=\"wp-block-ub-divider ub_divider ub-divider-orientation-horizontal\" id=\"ub_divider_2389efb9-d711-4ec1-af5a-5ef90a975573\"><div class=\"ub_divider_wrapper\" style=\"position: relative; margin-bottom: 2px; width: 100%; height: 2px; \" data-divider-alignment=\"center\"><div class=\"ub_divider_line\" style=\"border-top: 2px solid #ccc; margin-top: 2px; \"><\/div><\/div><\/div>\n\n\n<h4 class=\"wp-block-heading\" id=\"vatican-museums\"><strong>\u272a Musei Vaticani<\/strong><\/h4>\n\n\n\n<p class=\"translation-block\">I Musei Vaticani sono tra i musei pi\u00f9 visitati al mondo e sono collocati accanto alla Basilica di San Pietro. Parte dei musei si trovano all'interno del <strong>Palazzo Apostolico<\/strong>, che \u00e8 la residenza del papa. I Musei Vaticani ospitano alcune delle pi\u00f9 grandi opere d'arte al mondo, soprattutto del Rinascimento, e sono divisi in diverse sezioni. La <strong>Pinacoteca Vaticana<\/strong> ospita dipinti di Giotto, Raffaello, da Vinci, Tiziano, Caravaggio e molti altri, mentre opere pi\u00f9 recenti sono incluse nella <strong>Collezione d'Arte Moderna e Contemporanea<\/strong>, ospitata nelle sale riccamente affrescate dell'<strong>Appartamento Borgia<\/strong>. Il <strong>Museo Pio-Clementino<\/strong> ospita una collezione di antiche sculture greche e romane, tra cui le opere pi\u00f9 notevoli sono il <em>Laocoonte<\/em> e l'<em>Apoxyomenos<\/em>. Altre statue antiche sono ospitate nel <strong>Museo Chiaramonti<\/strong>, tra cui il famoso <em>Augusto di Prima Porta<\/em>. Invece, il <strong>Museo Gregoriano Etrusco<\/strong> e il <strong>Museo Gregoriano Egizio<\/strong> ospitano reperti archeologici delle antiche civilt\u00e0 etrusca ed egizia, rispettivamente. Altre sezioni comprendono collezioni di antiche monete, oggetti religiosi, libri, documenti e reperti archeologici. I Musei Vaticani comprendono anche numerose sale decorate, come l'elaborata <strong>Galleria delle Carte Geografiche<\/strong>. Qui si trovano anche le <strong>Stanze di Raffaello<\/strong>, adornate da un enorme ciclo di affreschi cinquecenteschi di Raffaello che sono tra le pi\u00f9 grandi opere dell'arte rinascimentale. Infine, l'area pi\u00f9 famosa del complesso \u00e8 la <strong>Cappella Sistina<\/strong>, decorata con una serie di elaborati affreschi, in particolare quelli che adornano il soffitto e <em>Il Giudizio Universale<\/em>, entrambi di Michelangelo e tra le opere d'arte pi\u00f9 famose e celebrate di tutti i tempi. Dal 1878 la Cappella Sistina \u00e8 sede del conclave papale.<\/p>\n\n\n\n<div class=\"wp-block-columns is-layout-flex wp-container-core-columns-is-layout-9d6595d7 wp-block-columns-is-layout-flex\">\n<div class=\"wp-block-column is-layout-flow wp-block-column-is-layout-flow\" style=\"flex-basis:85%\">\n<p>Indirizzo: Musei Vaticani, 00120 Citt\u00e0 del Vaticano<br>Coordinate: 41.9064, 12.4536<\/p>\n<\/div>\n\n\n\n<div class=\"wp-block-column is-layout-flow wp-block-column-is-layout-flow\" style=\"flex-basis:15%\">\n<p class=\"has-text-align-right\"><a href=\"https:\/\/maps.app.goo.gl\/aVHCKKvLbz1z8R6GA\" target=\"_blank\" aria-label=\" (opens in a new tab)\" rel=\"noreferrer noopener\" class=\"ek-link\">Google Maps<\/a><\/p>\n<\/div>\n<\/div>\n\n\n<div class=\"wp-block-ub-divider ub_divider ub-divider-orientation-horizontal\" id=\"ub_divider_019b90b9-670f-44d6-a6fd-217e6059d6ce\"><div class=\"ub_divider_wrapper\" style=\"position: relative; margin-bottom: 2px; width: 100%; height: 2px; \" data-divider-alignment=\"center\"><div class=\"ub_divider_line\" style=\"border-top: 2px solid #ccc; margin-top: 2px; \"><\/div><\/div><\/div>\n\n\n<h4 class=\"wp-block-heading\" id=\"saint-peters-square\"><strong>Piazza San Pietro<\/strong><\/h4>\n\n\n\n<p class=\"translation-block\">Piazza San Pietro \u00e8 la grande piazza situata di fronte alla Basilica di San Pietro. La piazza \u00e8 delimitata sui lati settentrionale e meridionale dai due monumentali colonnati progettati da Bernini, mentre al centro della piazza si trova un antico obelisco egizio.<\/p>\n\n\n\n<div class=\"wp-block-columns is-layout-flex wp-container-core-columns-is-layout-9d6595d7 wp-block-columns-is-layout-flex\">\n<div class=\"wp-block-column is-layout-flow wp-block-column-is-layout-flow\" style=\"flex-basis:85%\">\n<p>Indirizzo: Piazza San Pietro, 00120 Citt\u00e0 del Vaticano<br>Coordinate: 41.9023, 12.4572<\/p>\n<\/div>\n\n\n\n<div class=\"wp-block-column is-layout-flow wp-block-column-is-layout-flow\" style=\"flex-basis:15%\">\n<p class=\"has-text-align-right\"><a href=\"https:\/\/maps.app.goo.gl\/e83ME6o5jJDCS2VP8\" target=\"_blank\" aria-label=\" (opens in a new tab)\" rel=\"noreferrer noopener\" class=\"ek-link\">Google Maps<\/a><\/p>\n<\/div>\n<\/div>\n\n\n<div class=\"wp-block-ub-divider ub_divider ub-divider-orientation-horizontal\" id=\"ub_divider_4c55d833-1d7d-492c-8a4d-04cf58de91d5\"><div class=\"ub_divider_wrapper\" style=\"position: relative; margin-bottom: 2px; width: 100%; height: 2px; \" data-divider-alignment=\"center\"><div class=\"ub_divider_line\" style=\"border-top: 2px solid #ccc; margin-top: 2px; \"><\/div><\/div><\/div>\n\n\n<h4 class=\"wp-block-heading\" id=\"vatican-gardens\"><strong>Giardini Vaticani<\/strong><\/h4>\n\n\n\n<p class=\"translation-block\">I Giardini Vaticani sono i giardini situati dietro la Basilica di San Pietro, e occupano una grande porzione dell'area della Citt\u00e0 del Vaticano. Il rigoglioso parco \u00e8 stato progettato principalmente durante il Rinascimento e presenta numerose statue, sculture, fontane e santuari. Il giardino \u00e8 circondato da una serie di antiche fortificazioni conosciute come <strong>Mura Leonine<\/strong>.<\/p>\n\n\n\n<div class=\"wp-block-columns is-layout-flex wp-container-core-columns-is-layout-9d6595d7 wp-block-columns-is-layout-flex\">\n<div class=\"wp-block-column is-layout-flow wp-block-column-is-layout-flow\" style=\"flex-basis:85%\">\n<p>Indirizzo: Via Paolo VI, 29, 00120 Citt\u00e0 del Vaticano<br>Coordinate: 41.9036, 12.4502<\/p>\n<\/div>\n\n\n\n<div class=\"wp-block-column is-layout-flow wp-block-column-is-layout-flow\" style=\"flex-basis:15%\">\n<p class=\"has-text-align-right\"><a href=\"https:\/\/maps.app.goo.gl\/bVMmdzbqodr6cW4H8\" target=\"_blank\" aria-label=\" (opens in a new tab)\" rel=\"noreferrer noopener\" class=\"ek-link\">Google Maps<\/a><\/p>\n<\/div>\n<\/div>\n\n\n\n<div style=\"height:20px\" aria-hidden=\"true\" class=\"wp-block-spacer\"><\/div>\n\n\n\n<h4 class=\"wp-block-heading has-text-align-center\" id=\"4-map-of-vatican-city-\"><strong>Mappa della Citt\u00e0 del Vaticano<\/strong><\/h4>\n\n\n<div class=\"wp-block-image\">\n<figure class=\"aligncenter size-large is-resized\"><a href=\"https:\/\/www.cosmundus.com\/wp-content\/uploads\/2023\/11\/Vatican_City_it.png\"><img fetchpriority=\"high\" decoding=\"async\" width=\"1024\" height=\"1024\" src=\"https:\/\/www.cosmundus.com\/wp-content\/uploads\/2023\/11\/Vatican_City_it.png\" alt=\"\" class=\"wp-image-7419\" style=\"object-fit:cover;width:512px;height:512px\" srcset=\"https:\/\/www.cosmundus.com\/wp-content\/uploads\/2023\/11\/Vatican_City_it.png 1929w, https:\/\/www.cosmundus.com\/wp-content\/uploads\/2023\/11\/Vatican_City_it-300x300.png 300w, https:\/\/www.cosmundus.com\/wp-content\/uploads\/2023\/11\/Vatican_City_it-1024x1024.png 1024w, https:\/\/www.cosmundus.com\/wp-content\/uploads\/2023\/11\/Vatican_City_it-150x150.png 150w, https:\/\/www.cosmundus.com\/wp-content\/uploads\/2023\/11\/Vatican_City_it-768x768.png 768w, https:\/\/www.cosmundus.com\/wp-content\/uploads\/2023\/11\/Vatican_City_it-1536x1536.png 1536w, https:\/\/www.cosmundus.com\/wp-content\/uploads\/2023\/11\/Vatican_City_it-12x12.png 12w, https:\/\/www.cosmundus.com\/wp-content\/uploads\/2023\/11\/Vatican_City_it-64x64.png 64w, https:\/\/www.cosmundus.com\/wp-content\/uploads\/2023\/11\/Vatican_City_it-850x850.png 850w\" sizes=\"(max-width: 1024px) 100vw, 1024px\" \/><\/a><\/figure><\/div>\n\n\n<div style=\"height:20px\" aria-hidden=\"true\" class=\"wp-block-spacer\"><\/div>\n\n\n\n<h4 class=\"wp-block-heading has-text-align-center\" id=\"5-map-of-all-places-in-vatican-city-\"><strong>Mappa di tutti i posti nella Citt\u00e0 del Vaticano<\/strong><\/h4>\n\n\n<p style=\"text-align: center;\"><iframe src=\"https:\/\/www.google.com\/maps\/d\/u\/0\/embed?mid=1iKy52-o-qqf5cdhtS-UFkpROVjkiSCo&#038;ehbc=2E312F\" width=\"640\" height=\"480\"><\/iframe><\/p>","protected":false},"excerpt":{"rendered":"<p>&lt;&lt; Atlas Vatican City (Citt\u00e0 del Vaticano) is the smallest country in the world by both area and population, and it is located entirely within the city of Rome, Italy. The state is a theocratic elective absolute monarchy ruled by the pope, which is also the bishop of Rome and the head of the Catholic Church. Previously, the Papal States ruled a large portion of Central Italy for centuries, until the territory was taken by the newly unified Kingdom of Italy. When Italy captured Rome in 1870, the pope retreated to the Vatican. For decades the popes referred to themselves as &#8220;prisoner in the Vatican&#8221; and did not recognize the rule of the King of Italy over Rome. The dispute was solved with the Lateran Treaty in 1929, which established the Vatican City as an independent country. The tiny state includes some of the most famous and visited religious and cultural sites in the world. \u272a Saint Peter&#8217;s Basilica Saint Peter&#8217;s Basilica (Basilica di San Pietro) is the largest church in the world, located at the center of Vatican City. The basilica is one of the greatest works of Renaissance art and architecture, and was built between 1506 and 1626 to replace a previous church. The building saw the contribution of many Renaissance architects and artists such as Bramante, Michelangelo, and Bernini, while the elaborate and monumental facade was designed by Carlo Maderno. The chruch is topped by a huge dome, one of the largest in the world, which was designed by Michelangelo. The vast interior of the basilica is adorned with countless artworks, monuments, and decorations. Among these, some of the main attractions are the sculpture of the Piet\u00e0 by Michelangelo and the tall Saint Peter&#8217;s Baldachin (Baldacchino di San Pietro), sculpted by Bernini. The baldachin is located over the altar, and marks the place of the tomb of Saint Peter, located underneath. Behind the altar is the Chair of Saint Peter (Cattedra di San Pietro), a wooden throne that supposedly belonged to Saint Peter, and is now enclosed in an elaborate sculpture by Bernini. Underneath the basilica, a necropolis houses numerous tombs, including those of various popes. The church also features the Treasury Museum of Saint Peter\u2019s Basilica (Museo del Tesoro della Basilica di San Pietro), which includes several religious objects and artworks. Address: Piazza San Pietro, 00120 Citt\u00e0 del VaticanoCoordinates: 41.9022, 12.4536 Google Maps \u272a Vatican Museums The Vatican Museums (Musei Vaticani) are among the most visited museums in the world, and are located next to Saint Peter&#8217;s Basilica. Part of the museums are located inside the Apostolic Palace (Palazzo Apostolico), which is the residence of the pope. The Vatican Museums house some of the greatest works of art in the world, especially from the Renaissance, and are divided in several sections. The Pinacoteca Vaticana houses paintings by Giotto, Raphael, da Vinci, Titian, Caravaggio, and many more, while more recent works are housed in the Collection of Modern and Contemporary Art (Collezione d&#8217;Arte Moderna e Contemporanea), hosted in the richly frescoed halls of the Borgia Apartments (Appartamento Borgia). The Pio-Clementino Museum (Museo Pio-Clementino) houses a collection of ancient Greek and Roman sculptures, with the most notable pieces being the Laoco\u00f6n (Laocoonte) and the Apoxyomenos. More ancient statues are hosted in the Chiaramonti Museum (Museo Chiaramonti), including the famous Augustus of Prima Porta (Augusto di Prima Porta). Meanwhile, the Gregorian Etruscan Museum (Museo Gregoriano&nbsp;Etrusco) and the Gregorian Egyptian Museum (Museo Gregoriano Egizio) house archaeological finds from the ancient Etruscan and Egyptian civilizations, respectively. Other sections include collections of ancient coins, religious objects, books, documents, and archaeological finds. The Vatican Museums also include numerous adorned halls, such as the elaborate Gallery of Maps (Galleria delle Carte Geografiche). Here are also the Raphael Rooms (Stanze di Raffaello), adorned with a huge cycle of 16th-century frescoes by Raphael which are among the greatest works of Renaissance art. Finally, the most famous area of the complex is the Sistine Chapel (Cappella Sistina), which is decorated with a series of elaborate frescoes, most notably the ones adorning the ceiling and The Last Judgment (Il Giudizio Universale), both by Michelangelo and some of the most renowned and celebrated works of art of all time. Since 1878, the Sistine Chapel is the seat of the papal conclave. Address: Musei Vaticani, 00120 Citt\u00e0 del VaticanoCoordinates: 41.9064, 12.4536 Google Maps Saint Peter&#8217;s Square Saint Peter&#8217;s Square (Piazza San Pietro) is the large square located in front of Saint Peter&#8217;s Basilica. The plaza is delimited on the northern and southern side by the two monumental colonnades designed by Bernini, while an ancient Egyptian obelisk is located at the center of the square. Address: Piazza San Pietro, 00120 Citt\u00e0 del VaticanoCoordinates: 41.9023, 12.4572 Google Maps Vatican Gardens The Vatican Gardens (Giardini Vaticani) are the gardens located behind Saint Peter&#8217;s Basilica, and occupy a large portion of the area of Vatican City. The lush park was mostly designed during the Renaissance, and features numerous statues, sculptures, fountains, and shrines. The garden is surrounded by a series of ancient fortifications known as Leonine Walls. Address: Via Paolo VI, 29, 00120 Citt\u00e0 del VaticanoCoordinates: 41.9036, 12.4502 Google Maps Map of Vatican City Map of all places in Vatican City<\/p>","protected":false},"author":1,"featured_media":0,"parent":932,"menu_order":0,"comment_status":"closed","ping_status":"closed","template":"","meta":{"_editorskit_title_hidden":false,"_editorskit_reading_time":0,"_editorskit_is_block_options_detached":false,"_editorskit_block_options_position":"{}","om_disable_all_campaigns":false,"_uag_custom_page_level_css":"","advgb_blocks_editor_width":"","advgb_blocks_columns_visual_guide":"","_monsterinsights_skip_tracking":false,"_monsterinsights_sitenote_active":false,"_monsterinsights_sitenote_note":"","_monsterinsights_sitenote_category":0,"footnotes":""},"class_list":["post-7415","page","type-page","status-publish","hentry"],"aioseo_notices":[],"featured_image_src":null,"uagb_featured_image_src":{"full":false,"thumbnail":false,"medium":false,"medium_large":false,"large":false,"1536x1536":false,"2048x2048":false,"trp-custom-language-flag":false,"xs-thumb":false,"post-thumbnail":false,"minimalistblogger-grid":false,"minimalistblogger-slider":false,"minimalistblogger-small":false},"uagb_author_info":{"display_name":"Stefano Cammisa","author_link":"https:\/\/www.cosmundus.com\/it\/author\/stefano-cammisa\/"},"uagb_comment_info":0,"uagb_excerpt":"&lt;&lt; Atlas Vatican City (Citt\u00e0 del Vaticano) is the smallest country in the world by both area and population, and it is located entirely within the city of Rome, Italy. The state is a theocratic elective absolute monarchy ruled by the pope, which is also the bishop of Rome and the head of the Catholic&hellip;","coauthors":[],"author_meta":{"author_link":"https:\/\/www.cosmundus.com\/it\/author\/stefano-cammisa\/","display_name":"Stefano Cammisa"},"relative_dates":{"created":"Pubblicato 2 anni fa","modified":"Aggiornato 2 anni fa"},"absolute_dates":{"created":"Pubblicato il 20 Dicembre 2023","modified":"Aggiornato il 7 Ottobre 2024"},"absolute_dates_time":{"created":"Pubblicato il 20 Dicembre 2023 2:55 pm","modified":"Aggiornato il 7 Ottobre 2024 3:49 pm"},"featured_img_caption":"","featured_img":false,"series_order":"","_links":{"self":[{"href":"https:\/\/www.cosmundus.com\/it\/wp-json\/wp\/v2\/pages\/7415","targetHints":{"allow":["GET"]}}],"collection":[{"href":"https:\/\/www.cosmundus.com\/it\/wp-json\/wp\/v2\/pages"}],"about":[{"href":"https:\/\/www.cosmundus.com\/it\/wp-json\/wp\/v2\/types\/page"}],"author":[{"embeddable":true,"href":"https:\/\/www.cosmundus.com\/it\/wp-json\/wp\/v2\/users\/1"}],"replies":[{"embeddable":true,"href":"https:\/\/www.cosmundus.com\/it\/wp-json\/wp\/v2\/comments?post=7415"}],"version-history":[{"count":14,"href":"https:\/\/www.cosmundus.com\/it\/wp-json\/wp\/v2\/pages\/7415\/revisions"}],"predecessor-version":[{"id":11979,"href":"https:\/\/www.cosmundus.com\/it\/wp-json\/wp\/v2\/pages\/7415\/revisions\/11979"}],"up":[{"embeddable":true,"href":"https:\/\/www.cosmundus.com\/it\/wp-json\/wp\/v2\/pages\/932"}],"wp:attachment":[{"href":"https:\/\/www.cosmundus.com\/it\/wp-json\/wp\/v2\/media?parent=7415"}],"curies":[{"name":"wp","href":"https:\/\/api.w.org\/{rel}","templated":true}]}}