{"id":597,"date":"2022-12-02T10:57:47","date_gmt":"2022-12-02T09:57:47","guid":{"rendered":"https:\/\/www.cosmundus.com\/?page_id=597"},"modified":"2024-10-07T11:08:35","modified_gmt":"2024-10-07T09:08:35","slug":"atlas","status":"publish","type":"page","link":"https:\/\/www.cosmundus.com\/it\/atlas\/","title":{"rendered":"Atlante"},"content":{"rendered":"<p class=\"translation-block\">L'Atlante \u00e8 un elenco di destinazioni in tutto il mondo, con spiegazioni dettagliate su molti luoghi che meritano una visita. Il mio piano \u00e8 far crescere lentamente questa parte del sito fino a coprire l'intero pianeta, iniziando dall'Italia, il mio paese d'origine. Ci vorr\u00e0 molto tempo, per ora \u00e8 disponibile solo per le regioni elencate qui sotto. Torna pi\u00f9 tardi o controlla le <a href=\"https:\/\/www.cosmundus.com\/it\/category\/news\/\" class=\"ek-link\" target=\"_self\">notizie<\/a> per vedere quando altre regioni sono state aggiunte.<\/p>\n\n\n\n<p>Regioni attualmente disponibili:<\/p>\n\n\n\n<div class=\"wp-block-cover is-light is-style-editorskit-circular ek-linked-block\" style=\"min-height:190px;aspect-ratio:unset;\"><span aria-hidden=\"true\" class=\"wp-block-cover__background has-background-dim\"><\/span><img fetchpriority=\"high\" decoding=\"async\" width=\"1280\" height=\"853\" class=\"wp-block-cover__image-background wp-image-635\" alt=\"florence, italy, panorama-5473716.jpg\" src=\"https:\/\/www.cosmundus.com\/wp-content\/uploads\/2022\/12\/florence-italy-panorama-5473716.jpg\" data-object-fit=\"cover\" srcset=\"https:\/\/www.cosmundus.com\/wp-content\/uploads\/2022\/12\/florence-italy-panorama-5473716.jpg 1280w, https:\/\/www.cosmundus.com\/wp-content\/uploads\/2022\/12\/florence-italy-panorama-5473716-300x200.jpg 300w, https:\/\/www.cosmundus.com\/wp-content\/uploads\/2022\/12\/florence-italy-panorama-5473716-1024x682.jpg 1024w, https:\/\/www.cosmundus.com\/wp-content\/uploads\/2022\/12\/florence-italy-panorama-5473716-768x512.jpg 768w, https:\/\/www.cosmundus.com\/wp-content\/uploads\/2022\/12\/florence-italy-panorama-5473716-18x12.jpg 18w, https:\/\/www.cosmundus.com\/wp-content\/uploads\/2022\/12\/florence-italy-panorama-5473716-850x566.jpg 850w\" sizes=\"(max-width: 1280px) 100vw, 1280px\" \/><div class=\"wp-block-cover__inner-container is-layout-flow wp-block-cover-is-layout-flow\">\n<p class=\"has-text-align-center has-white-color has-text-color has-x-large-font-size\" style=\"font-style:normal;font-weight:800;text-transform:none\">Italia<\/p>\n<\/div><a href=\"https:\/\/www.cosmundus.com\/it\/atlas\/europe\/southern-europe\/italy\/\" class=\"editorskit-block-link\" rel=\"\"><\/a><\/div>\n\n\n\n<div style=\"height:2px\" aria-hidden=\"true\" class=\"wp-block-spacer\"><\/div>\n\n\n\n<div class=\"wp-block-cover is-light is-style-editorskit-circular ek-linked-block\" style=\"min-height:190px;aspect-ratio:unset;\"><span aria-hidden=\"true\" class=\"wp-block-cover__background has-background-dim\"><\/span><img decoding=\"async\" width=\"1280\" height=\"622\" class=\"wp-block-cover__image-background wp-image-663\" alt=\"castle, fortress, cliff-7416924.jpg\" src=\"https:\/\/www.cosmundus.com\/wp-content\/uploads\/2022\/12\/castle-fortress-cliff-7416924.jpg\" style=\"object-position:54% 7%\" data-object-fit=\"cover\" data-object-position=\"54% 7%\" srcset=\"https:\/\/www.cosmundus.com\/wp-content\/uploads\/2022\/12\/castle-fortress-cliff-7416924.jpg 1280w, https:\/\/www.cosmundus.com\/wp-content\/uploads\/2022\/12\/castle-fortress-cliff-7416924-300x146.jpg 300w, https:\/\/www.cosmundus.com\/wp-content\/uploads\/2022\/12\/castle-fortress-cliff-7416924-1024x498.jpg 1024w, https:\/\/www.cosmundus.com\/wp-content\/uploads\/2022\/12\/castle-fortress-cliff-7416924-768x373.jpg 768w, https:\/\/www.cosmundus.com\/wp-content\/uploads\/2022\/12\/castle-fortress-cliff-7416924-18x9.jpg 18w, https:\/\/www.cosmundus.com\/wp-content\/uploads\/2022\/12\/castle-fortress-cliff-7416924-850x413.jpg 850w\" sizes=\"(max-width: 1280px) 100vw, 1280px\" \/><div class=\"wp-block-cover__inner-container is-layout-flow wp-block-cover-is-layout-flow\">\n<p class=\"has-text-align-center has-white-color has-text-color has-x-large-font-size\" style=\"font-style:normal;font-weight:800;text-transform:none\">San Marino<\/p>\n<\/div><a href=\"https:\/\/www.cosmundus.com\/it\/destinations\/san-marino\/\" class=\"editorskit-block-link\" rel=\"\"><\/a><\/div>\n\n\n\n<div style=\"height:2px\" aria-hidden=\"true\" class=\"wp-block-spacer\"><\/div>\n\n\n\n<div class=\"wp-block-cover is-light is-style-editorskit-circular ek-linked-block\" style=\"min-height:190px;aspect-ratio:unset;\"><span aria-hidden=\"true\" class=\"wp-block-cover__background has-background-dim\"><\/span><img decoding=\"async\" width=\"1280\" height=\"719\" class=\"wp-block-cover__image-background wp-image-667\" alt=\"vatican, cathedral, river-6239556.jpg\" src=\"https:\/\/www.cosmundus.com\/wp-content\/uploads\/2022\/12\/vatican-cathedral-river-6239556.jpg\" style=\"object-position:54% 21%\" data-object-fit=\"cover\" data-object-position=\"54% 21%\" srcset=\"https:\/\/www.cosmundus.com\/wp-content\/uploads\/2022\/12\/vatican-cathedral-river-6239556.jpg 1280w, https:\/\/www.cosmundus.com\/wp-content\/uploads\/2022\/12\/vatican-cathedral-river-6239556-300x169.jpg 300w, https:\/\/www.cosmundus.com\/wp-content\/uploads\/2022\/12\/vatican-cathedral-river-6239556-1024x575.jpg 1024w, https:\/\/www.cosmundus.com\/wp-content\/uploads\/2022\/12\/vatican-cathedral-river-6239556-768x431.jpg 768w, https:\/\/www.cosmundus.com\/wp-content\/uploads\/2022\/12\/vatican-cathedral-river-6239556-18x10.jpg 18w, https:\/\/www.cosmundus.com\/wp-content\/uploads\/2022\/12\/vatican-cathedral-river-6239556-850x477.jpg 850w\" sizes=\"(max-width: 1280px) 100vw, 1280px\" \/><div class=\"wp-block-cover__inner-container is-layout-flow wp-block-cover-is-layout-flow\">\n<p class=\"has-text-align-center has-white-color has-text-color has-x-large-font-size\" style=\"font-style:normal;font-weight:800;text-transform:none\">Citt\u00e0 del Vaticano<\/p>\n<\/div><a href=\"https:\/\/www.cosmundus.com\/it\/destinations\/vatican-city\/\" class=\"editorskit-block-link\" rel=\"\"><\/a><\/div>\n\n\n\n<div style=\"height:30px\" aria-hidden=\"true\" class=\"wp-block-spacer\"><\/div>\n\n\n\n<h2 class=\"wp-block-heading has-text-align-center has-medium-font-size\" style=\"font-style:normal;font-weight:800\"><a href=\"https:\/\/www.cosmundus.com\/it\/destinations\/\" class=\"ek-link\">Elenco di tutte le destinazioni<\/a><\/h2>","protected":false},"excerpt":{"rendered":"<p>The Atlas is a list of destinations all around the world, with detailed explanations on many places worth a visit. My plan is to slowly grow this part of the website to cover the entire planet, starting from Italy, my own country. It will take a long time, for now it is only available for the regions listed below. Come back later or check the news to see when more regions have been added. Currently available regions: List of all destinations<\/p>","protected":false},"author":1,"featured_media":0,"parent":0,"menu_order":0,"comment_status":"closed","ping_status":"closed","template":"","meta":{"_editorskit_title_hidden":false,"_editorskit_reading_time":1,"_editorskit_is_block_options_detached":false,"_editorskit_block_options_position":"{}","om_disable_all_campaigns":false,"_uag_custom_page_level_css":"","advgb_blocks_editor_width":"","advgb_blocks_columns_visual_guide":"","_monsterinsights_skip_tracking":false,"_monsterinsights_sitenote_active":false,"_monsterinsights_sitenote_note":"","_monsterinsights_sitenote_category":0,"footnotes":""},"class_list":["post-597","page","type-page","status-publish","hentry"],"aioseo_notices":[],"featured_image_src":null,"uagb_featured_image_src":{"full":false,"thumbnail":false,"medium":false,"medium_large":false,"large":false,"1536x1536":false,"2048x2048":false,"trp-custom-language-flag":false,"xs-thumb":false,"post-thumbnail":false,"minimalistblogger-grid":false,"minimalistblogger-slider":false,"minimalistblogger-small":false},"uagb_author_info":{"display_name":"Stefano Cammisa","author_link":"https:\/\/www.cosmundus.com\/it\/author\/stefano-cammisa\/"},"uagb_comment_info":0,"uagb_excerpt":"The Atlas is a list of destinations all around the world, with detailed explanations on many places worth a visit. My plan is to slowly grow this part of the website to cover the entire planet, starting from Italy, my own country. It will take a long time, for now it is only available for&hellip;","coauthors":[],"author_meta":{"author_link":"https:\/\/www.cosmundus.com\/it\/author\/stefano-cammisa\/","display_name":"Stefano Cammisa"},"relative_dates":{"created":"Pubblicato 3 anni fa","modified":"Aggiornato 2 anni fa"},"absolute_dates":{"created":"Pubblicato il 2 Dicembre 2022","modified":"Aggiornato il 7 Ottobre 2024"},"absolute_dates_time":{"created":"Pubblicato il 2 Dicembre 2022 10:57 am","modified":"Aggiornato il 7 Ottobre 2024 11:08 am"},"featured_img_caption":"","featured_img":false,"series_order":"","_links":{"self":[{"href":"https:\/\/www.cosmundus.com\/it\/wp-json\/wp\/v2\/pages\/597","targetHints":{"allow":["GET"]}}],"collection":[{"href":"https:\/\/www.cosmundus.com\/it\/wp-json\/wp\/v2\/pages"}],"about":[{"href":"https:\/\/www.cosmundus.com\/it\/wp-json\/wp\/v2\/types\/page"}],"author":[{"embeddable":true,"href":"https:\/\/www.cosmundus.com\/it\/wp-json\/wp\/v2\/users\/1"}],"replies":[{"embeddable":true,"href":"https:\/\/www.cosmundus.com\/it\/wp-json\/wp\/v2\/comments?post=597"}],"version-history":[{"count":25,"href":"https:\/\/www.cosmundus.com\/it\/wp-json\/wp\/v2\/pages\/597\/revisions"}],"predecessor-version":[{"id":11942,"href":"https:\/\/www.cosmundus.com\/it\/wp-json\/wp\/v2\/pages\/597\/revisions\/11942"}],"wp:attachment":[{"href":"https:\/\/www.cosmundus.com\/it\/wp-json\/wp\/v2\/media?parent=597"}],"curies":[{"name":"wp","href":"https:\/\/api.w.org\/{rel}","templated":true}]}}