{"id":5880,"date":"2023-12-20T10:33:28","date_gmt":"2023-12-20T09:33:28","guid":{"rendered":"https:\/\/www.cosmundus.com\/?page_id=5880"},"modified":"2024-03-11T11:05:40","modified_gmt":"2024-03-11T10:05:40","slug":"campo-di-marte-rifredi","status":"publish","type":"page","link":"https:\/\/www.cosmundus.com\/it\/destinations\/florence\/campo-di-marte-rifredi\/","title":{"rendered":"Firenze \u2013 Campo di Marte-Rifredi"},"content":{"rendered":"<p class=\"has-text-align-right\">&lt;&lt; <a href=\"https:\/\/www.cosmundus.com\/it\/destinations\/florence\/\" class=\"ek-link\">Firenze<\/a><\/p>\n\n\n\n<p>Campo di Marte e Rifredi sono due zone di Firenze situate a nord del centro storico della citt\u00e0. Sul lato nord-orientale si trova la zona di Campo di Marte, realizzata in gran parte nel corso del diciannovesimo secolo, e oggi sede di diversi impianti sportivi. Rifredi \u00e8 invece situata a nord-ovest del centro cittadino, e si estende fino ai piedi delle colline, comprendendo zone residenziali e industriali.<\/p>\n\n\n<div style=\"border: 1px solid #8ed1fc; border-radius: 0%; background-color: inherit; \" class=\"ub-styled-box ub-bordered-box wp-block-ub-styled-box\" id=\"ub-styled-box-daa492dd-d76c-4b84-a202-97144b861829\">\n<p class=\"has-medium-font-size\" id=\"ub-styled-box-bordered-content-e7525eae-bbc7-479b-b9a0-c54d7497e5cc\">Posti da vedere a Firenze \u2013 Campo di Marte-Rifredi<\/p>\n\n\n<div class=\"wp-block-aioseo-table-of-contents\"><ul><li><a class=\"aioseo-toc-item\" href=\"#museo-del-calcio\">\u272a Museo del Calcio<\/a><\/li><li><a class=\"aioseo-toc-item\" href=\"#triumphal-arch-of-the-lorraine\">Arco di Trionfo dei Lorena<\/a><\/li><li><a class=\"aioseo-toc-item\" href=\"#russian-orthodox-church-of-nativity\">Chiesa Russa Ortodossa della Nativit\u00e0<\/a><\/li><li><a class=\"aioseo-toc-item\" href=\"#stibbert-museum\">Museo Stibbert<\/a><\/li><li><a class=\"aioseo-toc-item\" href=\"#church-of-san-michele-in-san-salvi\">Chiesa di San Michele in San Salvi<\/a><\/li><li><a class=\"aioseo-toc-item\" href=\"#villa-di-castello\">Villa di Castello<\/a><\/li><li><a class=\"aioseo-toc-item\" href=\"#villa-la-petraia\">Villa La Petraia<\/a><\/li><li><a class=\"aioseo-toc-item\" href=\"#villa-corsini-a-castello\">Villa Corsini a Castello<\/a><\/li><\/ul><\/div>\n\n<\/div>\n\n\n<h4 class=\"wp-block-heading\" id=\"museo-del-calcio\"><strong>\u272a Museo del Calcio<\/strong><\/h4>\n\n\n\n<p>Il Museo del Calcio \u00e8 un museo dedicato alla nazionale italiana di calcio, situato nella sede e campo di allenamento della Federcalcio italiana nel quartiere di Coverciano. Il museo mette in mostra la prestigiosa storia della nazionale italiana di calcio ed espone numerosi cimeli e trofei, inclusi i quattro trofei della Coppa del Mondo FIFA vinti dalla squadra.<\/p>\n\n\n\n<div class=\"wp-block-columns is-layout-flex wp-container-core-columns-is-layout-9d6595d7 wp-block-columns-is-layout-flex\">\n<div class=\"wp-block-column is-layout-flow wp-block-column-is-layout-flow\" style=\"flex-basis:85%\">\n<p>Indirizzo: Viale Aldo Palazzeschi, 20, 50135 Firenze FI<br>Coordinate: 43.7780, 11.3029<\/p>\n<\/div>\n\n\n\n<div class=\"wp-block-column is-layout-flow wp-block-column-is-layout-flow\" style=\"flex-basis:15%\">\n<p class=\"has-text-align-right\"><a href=\"https:\/\/goo.gl\/maps\/GpT98JRW5Uk2rnQv8\" target=\"_blank\" aria-label=\" (opens in a new tab)\" rel=\"noreferrer noopener\" class=\"ek-link\">Google Maps<\/a><\/p>\n<\/div>\n<\/div>\n\n\n<div class=\"wp-block-ub-divider ub_divider ub-divider-orientation-horizontal\" id=\"ub_divider_beaa9ae7-a0d6-4e2d-bcd1-3c9cf0676b08\"><div class=\"ub_divider_wrapper\" style=\"position: relative; margin-bottom: 2px; width: 100%; height: 2px; \" data-divider-alignment=\"center\"><div class=\"ub_divider_line\" style=\"border-top: 2px solid #ccc; margin-top: 2px; \"><\/div><\/div><\/div>\n\n\n<h4 class=\"wp-block-heading\" id=\"triumphal-arch-of-the-lorraine\"><strong><strong><strong>Arco di Trionfo dei Lorena<\/strong><\/strong><\/strong><\/h4>\n\n\n\n<p class=\"translation-block\">L'Arco di Trionfo dei Lorena \u00e8 un arco trionfale a Firenze eretto nel diciottesimo secolo per celebrare l'arrivo in citt\u00e0 della dinastia degli Asburgo-Lorena, che govern\u00f2 il Granducato di Toscana dopo l'estinzione della dinastia dei Medici. Curiosamente, gli Asburgo-Lorena lasciarono Firenze attraverso lo stesso arco quando partirono per l'esilio nel 1859. L'arco \u00e8 ornato da numerose statue e rilievi. Il monumento si trova all'interno di <strong>Piazza della Libert\u00e0<\/strong>, una piazza che ospita anche <strong>Porta San Gallo<\/strong>, una delle antiche porte della citt\u00e0 di Firenze.<\/p>\n\n\n\n<div class=\"wp-block-columns is-layout-flex wp-container-core-columns-is-layout-9d6595d7 wp-block-columns-is-layout-flex\">\n<div class=\"wp-block-column is-layout-flow wp-block-column-is-layout-flow\" style=\"flex-basis:85%\">\n<p>Indirizzo: P.za della Libert\u00e0, 50129 Firenze FI<br>Coordinate: 43.7842, 11.2621<\/p>\n<\/div>\n\n\n\n<div class=\"wp-block-column is-layout-flow wp-block-column-is-layout-flow\" style=\"flex-basis:15%\">\n<p class=\"has-text-align-right\"><a href=\"https:\/\/goo.gl\/maps\/fjc6ToRkU1nCkHkKA\" target=\"_blank\" aria-label=\" (opens in a new tab)\" rel=\"noreferrer noopener\" class=\"ek-link\">Google Maps<\/a><\/p>\n<\/div>\n<\/div>\n\n\n<div class=\"wp-block-ub-divider ub_divider ub-divider-orientation-horizontal\" id=\"ub_divider_d32e8445-a7b6-4536-b20d-40cbce12102c\"><div class=\"ub_divider_wrapper\" style=\"position: relative; margin-bottom: 2px; width: 100%; height: 2px; \" data-divider-alignment=\"center\"><div class=\"ub_divider_line\" style=\"border-top: 2px solid #ccc; margin-top: 2px; \"><\/div><\/div><\/div>\n\n\n<h4 class=\"wp-block-heading\" id=\"russian-orthodox-church-of-nativity\"><strong><strong><strong>Chiesa Russa Ortodossa della Nativit\u00e0<\/strong><\/strong><\/strong><\/h4>\n\n\n\n<p class=\"translation-block\">La Chiesa Russa Ortodossa della Nativit\u00e0 \u00e8 una chiesa russo-ortodossa a Firenze, eretta tra la fine del diciannovesimo e l'inizio del ventesimo secolo per la comunit\u00e0 russa della citt\u00e0. L'edificio \u00e8 adornato da elaborate decorazioni e i suoi interni ospitano un nutrito ciclo di affreschi e varie opere d'arte.<\/p>\n\n\n\n<div class=\"wp-block-columns is-layout-flex wp-container-core-columns-is-layout-9d6595d7 wp-block-columns-is-layout-flex\">\n<div class=\"wp-block-column is-layout-flow wp-block-column-is-layout-flow\" style=\"flex-basis:85%\">\n<p>Indirizzo: Via Leone X, 8, 50129 Firenze FI<br>Coordinate: 43.7838, 11.2547<\/p>\n<\/div>\n\n\n\n<div class=\"wp-block-column is-layout-flow wp-block-column-is-layout-flow\" style=\"flex-basis:15%\">\n<p class=\"has-text-align-right\"><a href=\"https:\/\/goo.gl\/maps\/f4qJsWMcH1q3vmbD7\" target=\"_blank\" aria-label=\" (opens in a new tab)\" rel=\"noreferrer noopener\" class=\"ek-link\">Google Maps<\/a><\/p>\n<\/div>\n<\/div>\n\n\n<div class=\"wp-block-ub-divider ub_divider ub-divider-orientation-horizontal\" id=\"ub_divider_a981f46d-af4c-4619-b561-2c414d90402f\"><div class=\"ub_divider_wrapper\" style=\"position: relative; margin-bottom: 2px; width: 100%; height: 2px; \" data-divider-alignment=\"center\"><div class=\"ub_divider_line\" style=\"border-top: 2px solid #ccc; margin-top: 2px; \"><\/div><\/div><\/div>\n\n\n<h4 class=\"wp-block-heading\" id=\"stibbert-museum\"><strong><strong><strong>Museo Stibbert<\/strong><\/strong><\/strong><\/h4>\n\n\n\n<p class=\"translation-block\">Il Museo Stibbert \u00e8 un museo di arte e armi a Firenze, che ospita una vasta collezione di armi e armature storiche con pezzi provenienti da tutto il mondo. Una delle sale pi\u00f9 interessanti del museo presenta varie figure di cavalieri a cavallo a grandezza naturale. Il museo \u00e8 ospitato in una villa circondata da un ampio giardino e include anche alcune opere d'arte.<\/p>\n\n\n\n<div class=\"wp-block-columns is-layout-flex wp-container-core-columns-is-layout-9d6595d7 wp-block-columns-is-layout-flex\">\n<div class=\"wp-block-column is-layout-flow wp-block-column-is-layout-flow\" style=\"flex-basis:85%\">\n<p>Indirizzo: Via Federico Stibbert, 26, 50134 Firenze FI<br>Coordinate: 43.7929, 11.2550<\/p>\n<\/div>\n\n\n\n<div class=\"wp-block-column is-layout-flow wp-block-column-is-layout-flow\" style=\"flex-basis:15%\">\n<p class=\"has-text-align-right\"><a href=\"https:\/\/goo.gl\/maps\/i6zrgWmBLf3djYk38\" target=\"_blank\" aria-label=\" (opens in a new tab)\" rel=\"noreferrer noopener\" class=\"ek-link\">Google Maps<\/a><\/p>\n<\/div>\n<\/div>\n\n\n<div class=\"wp-block-ub-divider ub_divider ub-divider-orientation-horizontal\" id=\"ub_divider_89fffa2f-a672-4e15-83b5-9a7ada82d190\"><div class=\"ub_divider_wrapper\" style=\"position: relative; margin-bottom: 2px; width: 100%; height: 2px; \" data-divider-alignment=\"center\"><div class=\"ub_divider_line\" style=\"border-top: 2px solid #ccc; margin-top: 2px; \"><\/div><\/div><\/div>\n\n\n<h4 class=\"wp-block-heading\" id=\"church-of-san-michele-in-san-salvi\"><strong><strong><strong><strong>Chiesa di San Michele in San Salvi<\/strong><\/strong><\/strong><\/strong><\/h4>\n\n\n\n<p class=\"translation-block\">La Chiesa di San Michele in San Salvi \u00e8 una chiesa di Firenze edificata nell'undicesimo secolo e successivamente ampliata. Un'aggiunta cinquecentesca al complesso \u00e8 il refettorio, che ospita un affresco di Andrea del Sarto. Quest'area ora funge da museo, chiamato <strong>Museo del Cenacolo di Andrea del Sarto<\/strong>, e ospita vari altri affreschi e opere d'arte dello stesso periodo.<\/p>\n\n\n\n<div class=\"wp-block-columns is-layout-flex wp-container-core-columns-is-layout-9d6595d7 wp-block-columns-is-layout-flex\">\n<div class=\"wp-block-column is-layout-flow wp-block-column-is-layout-flow\" style=\"flex-basis:85%\">\n<p>Indirizzo: Piazza di S. Salvi, 10, 50135 Firenze FI<br>Coordinate: 43.7721, 11.2866<\/p>\n<\/div>\n\n\n\n<div class=\"wp-block-column is-layout-flow wp-block-column-is-layout-flow\" style=\"flex-basis:15%\">\n<p class=\"has-text-align-right\"><a href=\"https:\/\/goo.gl\/maps\/9cj1CWWNAXXTGCuW8\" target=\"_blank\" aria-label=\" (opens in a new tab)\" rel=\"noreferrer noopener\" class=\"ek-link\">Google Maps<\/a><\/p>\n<\/div>\n<\/div>\n\n\n<div class=\"wp-block-ub-divider ub_divider ub-divider-orientation-horizontal\" id=\"ub_divider_273ab787-40a4-49a4-a37b-26531011bde2\"><div class=\"ub_divider_wrapper\" style=\"position: relative; margin-bottom: 2px; width: 100%; height: 2px; \" data-divider-alignment=\"center\"><div class=\"ub_divider_line\" style=\"border-top: 2px solid #ccc; margin-top: 2px; \"><\/div><\/div><\/div>\n\n\n<h4 class=\"wp-block-heading\" id=\"villa-di-castello\"><strong><strong><strong><strong>Villa di Castello<\/strong><\/strong><\/strong><\/strong><\/h4>\n\n\n\n<p>Villa di Castello \u00e8 una grande villa rinascimentale situata tra le colline a nord di Firenze. Edificata su una struttura precedente nel corso del sedicesimo secolo, fu una delle residenze della famiglia Medici. La villa presenta saloni decorati e ospita alcune opere d'arte, ma \u00e8 conosciuta soprattutto per i suoi ampi giardini. Questi sono tra i migliori esempi di giardino rinascimentale italiano e influenzarono la costruzione di molti altri giardini in tutta Europa. Alcune delle attrazioni dei giardini includono fontane elaborate e una grotta con statue di animali.<\/p>\n\n\n\n<div class=\"wp-block-columns is-layout-flex wp-container-core-columns-is-layout-9d6595d7 wp-block-columns-is-layout-flex\">\n<div class=\"wp-block-column is-layout-flow wp-block-column-is-layout-flow\" style=\"flex-basis:85%\">\n<p>Indirizzo: Via di Castello, 44\/46, 50141 Firenze FI<br>Coordinate: 43.8197, 11.2283<\/p>\n<\/div>\n\n\n\n<div class=\"wp-block-column is-layout-flow wp-block-column-is-layout-flow\" style=\"flex-basis:15%\">\n<p class=\"has-text-align-right\"><a href=\"https:\/\/goo.gl\/maps\/EDLZzGXnQ9Bp3ikA8\" target=\"_blank\" aria-label=\" (opens in a new tab)\" rel=\"noreferrer noopener\" class=\"ek-link\">Google Maps<\/a><\/p>\n<\/div>\n<\/div>\n\n\n<div class=\"wp-block-ub-divider ub_divider ub-divider-orientation-horizontal\" id=\"ub_divider_c2255d4b-e6dc-475e-a1e9-967d7782c79c\"><div class=\"ub_divider_wrapper\" style=\"position: relative; margin-bottom: 2px; width: 100%; height: 2px; \" data-divider-alignment=\"center\"><div class=\"ub_divider_line\" style=\"border-top: 2px solid #ccc; margin-top: 2px; \"><\/div><\/div><\/div>\n\n\n<h4 class=\"wp-block-heading\" id=\"villa-la-petraia\"><strong><strong><strong><strong>Villa La Petraia<\/strong><\/strong><\/strong><\/strong><\/h4>\n\n\n\n<p>Villa La Petraia \u00e8 un'antica residenza della famiglia Medici situata tra le colline alla periferia nord di Firenze. Il palazzo originale fu costruito nel quattordicesimo secolo e successivamente venne ampliato numerose volte, in particolare nel sedicesimo secolo, dopo essere stato acquistato dalla famiglia Medici. La villa fu poi abitata dagli Asburgo-Lorena e dai Savoia, prima di essere trasformata in museo. Il palazzo presenta numerose sale decorate che ospitano numerose opere d'arte. I giardini che circondano la villa offrono una vista panoramica su Firenze.<\/p>\n\n\n\n<div class=\"wp-block-columns is-layout-flex wp-container-core-columns-is-layout-9d6595d7 wp-block-columns-is-layout-flex\">\n<div class=\"wp-block-column is-layout-flow wp-block-column-is-layout-flow\" style=\"flex-basis:85%\">\n<p>Indirizzo: Via della Petraia, 40, 50141 Firenze FI<br>Coordinate: 43.8193, 11.2369<\/p>\n<\/div>\n\n\n\n<div class=\"wp-block-column is-layout-flow wp-block-column-is-layout-flow\" style=\"flex-basis:15%\">\n<p class=\"has-text-align-right\"><a href=\"https:\/\/goo.gl\/maps\/6LbLheZXntnTwNCK7\" target=\"_blank\" aria-label=\" (opens in a new tab)\" rel=\"noreferrer noopener\" class=\"ek-link\">Google Maps<\/a><\/p>\n<\/div>\n<\/div>\n\n\n<div class=\"wp-block-ub-divider ub_divider ub-divider-orientation-horizontal\" id=\"ub_divider_ca8a1b9d-28b1-4a32-b7f1-f5995a44f2f1\"><div class=\"ub_divider_wrapper\" style=\"position: relative; margin-bottom: 2px; width: 100%; height: 2px; \" data-divider-alignment=\"center\"><div class=\"ub_divider_line\" style=\"border-top: 2px solid #ccc; margin-top: 2px; \"><\/div><\/div><\/div>\n\n\n<h4 class=\"wp-block-heading\" id=\"villa-corsini-a-castello\"><strong><strong><strong><strong>Villa Corsini a Castello<\/strong><\/strong><\/strong><\/strong><\/h4>\n\n\n\n<p>Villa Corsini a Castello \u00e8 una villa storica situata alla periferia nord di Firenze. Eretta originariamente nel quindicesimo secolo, la villa fu successivamente acquistata dalla famiglia Corsini e completamente rimaneggiata in stile barocco a partire dal 1697. La villa presenta varie ricche decorazioni e un ampio giardino, e ospita anche una collezione archeologica che comprende diverse antiche statue romane e greche.<\/p>\n\n\n\n<div class=\"wp-block-columns is-layout-flex wp-container-core-columns-is-layout-9d6595d7 wp-block-columns-is-layout-flex\">\n<div class=\"wp-block-column is-layout-flow wp-block-column-is-layout-flow\" style=\"flex-basis:85%\">\n<p>Indirizzo: Via della Petraia, 38, 50141 Firenze FI<br>Coordinate: 43.8164, 11.2326<\/p>\n<\/div>\n\n\n\n<div class=\"wp-block-column is-layout-flow wp-block-column-is-layout-flow\" style=\"flex-basis:15%\">\n<p class=\"has-text-align-right\"><a href=\"https:\/\/goo.gl\/maps\/X6FWcbh3nfseuBuw5\" target=\"_blank\" aria-label=\" (opens in a new tab)\" rel=\"noreferrer noopener\" class=\"ek-link\">Google Maps<\/a><\/p>\n<\/div>\n<\/div>","protected":false},"excerpt":{"rendered":"<p>&lt;&lt; Florence Campo di Marte and Rifredi are two areas of Florence located north of the historic center of the city. The area of Campo di Marte is on the northeastern side, it was mostly built during the 19th century, and now hosts various sports venues. Rifredi is instead located to the northwest of the city center, and stretches to the foot of the hills, including residential and industrial areas. \u272a Museo del Calcio The Museo del Calcio is a museum dedicated to the Italian national football team, located in the headquarters and training grounds of the Italian Football Federation in the neighborhood of Coverciano. The museum showcases the prestigious history of the Italian national football team, and it displays numerous pieces of memorabilia and trophies, including the four FIFA World Cup trohpies won by the team. Address: Viale Aldo Palazzeschi, 20, 50135 Firenze FICoordinates: 43.7780, 11.3029 Google Maps Triumphal Arch of the Lorraine The Triumphal Arch of the Lorraine (Arco di Trionfo dei Lorena) is a triumphal arch in Florence erected during the 18th century to celebrate the arrival of the&nbsp;Habsburg-Lorraine&nbsp;dynasty in the city, that ruled the Grand Duchy of Tuscany after the extinction of the Medici dynasty. Curiously, the&nbsp;Habsburg-Lorraine&nbsp;dynasty left Florence through the same arch when they left for exile in 1859. The arch is adorned with numerous statues and reliefs. The monument stands inside Piazza della Libert\u00e0, a square which also hosts Porta San Gallo, one of the ancient city gates of Florence. Address: P.za della Libert\u00e0, 50129 Firenze FICoordinates: 43.7842, 11.2621 Google Maps Russian Orthodox Church of Nativity The Russian Orthodox Church of Nativity (Chiesa Russa Ortodossa della Nativit\u00e0) is a Russian Orthodox church in Florence, erected in the late 19th and early 20th century for the Russian community of the city. The building is adorned with elaborate decorations, and its interiors house a large series of frescoes and various artworks. Address: Via Leone X, 8, 50129 Firenze FICoordinates: 43.7838, 11.2547 Google Maps Stibbert Museum The Stibbert Museum (Museo Stibbert) is an art and arms museum in Florence, which houses a vast collection of historic weapons and armours with pieces from all over the world. One of most interesting halls in the museum features various life-sized figures of knights on horseback. The museum is hosted in a villa surrounded by a large garden and also houses some artworks. Address: Via Federico Stibbert, 26, 50134 Firenze FICoordinates: 43.7929, 11.2550 Google Maps Church of San Michele in San Salvi The Church of San Michele in San Salvi is a church in Florence built in the 11th century and later expanded. A 16th-century addition to the complex is the refectory, which houses a fresco by&nbsp;Andrea del Sarto. This area now serves as a museum, called Museo del Cenacolo di Andrea del Sarto, and it hosts various other frescoes and artworks from the same period. Address: Piazza di S. Salvi, 10, 50135 Firenze FICoordinates: 43.7721, 11.2866 Google Maps Villa di Castello Villa di Castello is a large Renaissance villa located among the hills north of Florence. Built over a previous structure during the 16th century, it was one of the residences of the Medici family. The villa features decorated halls and houses some artworks, but it is best known for its large gardens. These are among the best examples of Italian Renaissance garden, and influenced the construction of many other gardens throughout all of Europe. Some of the features of the gardens include elaborate fountains and a grotto with statues of animals. Address: Via di Castello, 44\/46, 50141 Firenze FICoordinates: 43.8197, 11.2283 Google Maps Villa La Petraia Villa La Petraia is a former residence of the Medici family located among the hills at the northern outskirts of Florence. The original palace was built in the 14th century, and was later expanded numerous times, most notably in the 16th century, after it was bought by the Medici family. The villa was later inhabited by the Habsburg-Lorraine and the Savoy, before being turned into a museum. The palace features numerous decorated halls housing several artworks. The gardens that surround the villa offer a panoramic view over Florence. Address: Via della Petraia, 40, 50141 Firenze FICoordinates: 43.8193, 11.2369 Google Maps Villa Corsini a Castello Villa Corsini a Castello is a historic villa located at the northern outskirts of Florence. Originally erected in the 15th century, the villa was later bought by the Corsini family and completely reworked in Baroque style starting in 1697. The villa features various rich decorations and a large garden, and also hosts an archaeological collection including several ancient Roman and Greek statues. Address: Via della Petraia, 38, 50141 Firenze FICoordinates: 43.8164, 11.2326 Google Maps<\/p>","protected":false},"author":1,"featured_media":0,"parent":5872,"menu_order":0,"comment_status":"closed","ping_status":"closed","template":"","meta":{"_editorskit_title_hidden":false,"_editorskit_reading_time":0,"_editorskit_is_block_options_detached":false,"_editorskit_block_options_position":"{}","om_disable_all_campaigns":false,"_uag_custom_page_level_css":"","advgb_blocks_editor_width":"","advgb_blocks_columns_visual_guide":"","_monsterinsights_skip_tracking":false,"_monsterinsights_sitenote_active":false,"_monsterinsights_sitenote_note":"","_monsterinsights_sitenote_category":0,"footnotes":""},"class_list":["post-5880","page","type-page","status-publish","hentry"],"aioseo_notices":[],"featured_image_src":null,"uagb_featured_image_src":{"full":false,"thumbnail":false,"medium":false,"medium_large":false,"large":false,"1536x1536":false,"2048x2048":false,"trp-custom-language-flag":false,"xs-thumb":false,"post-thumbnail":false,"minimalistblogger-grid":false,"minimalistblogger-slider":false,"minimalistblogger-small":false},"uagb_author_info":{"display_name":"Stefano Cammisa","author_link":"https:\/\/www.cosmundus.com\/it\/author\/stefano-cammisa\/"},"uagb_comment_info":0,"uagb_excerpt":"&lt;&lt; Florence Campo di Marte and Rifredi are two areas of Florence located north of the historic center of the city. The area of Campo di Marte is on the northeastern side, it was mostly built during the 19th century, and now hosts various sports venues. Rifredi is instead located to the northwest of the&hellip;","coauthors":[],"author_meta":{"author_link":"https:\/\/www.cosmundus.com\/it\/author\/stefano-cammisa\/","display_name":"Stefano Cammisa"},"relative_dates":{"created":"Pubblicato 2 anni fa","modified":"Aggiornato 2 anni fa"},"absolute_dates":{"created":"Pubblicato il 20 Dicembre 2023","modified":"Aggiornato il 11 Marzo 2024"},"absolute_dates_time":{"created":"Pubblicato il 20 Dicembre 2023 10:33 am","modified":"Aggiornato il 11 Marzo 2024 11:05 am"},"featured_img_caption":"","featured_img":false,"series_order":"","_links":{"self":[{"href":"https:\/\/www.cosmundus.com\/it\/wp-json\/wp\/v2\/pages\/5880","targetHints":{"allow":["GET"]}}],"collection":[{"href":"https:\/\/www.cosmundus.com\/it\/wp-json\/wp\/v2\/pages"}],"about":[{"href":"https:\/\/www.cosmundus.com\/it\/wp-json\/wp\/v2\/types\/page"}],"author":[{"embeddable":true,"href":"https:\/\/www.cosmundus.com\/it\/wp-json\/wp\/v2\/users\/1"}],"replies":[{"embeddable":true,"href":"https:\/\/www.cosmundus.com\/it\/wp-json\/wp\/v2\/comments?post=5880"}],"version-history":[{"count":13,"href":"https:\/\/www.cosmundus.com\/it\/wp-json\/wp\/v2\/pages\/5880\/revisions"}],"predecessor-version":[{"id":9988,"href":"https:\/\/www.cosmundus.com\/it\/wp-json\/wp\/v2\/pages\/5880\/revisions\/9988"}],"up":[{"embeddable":true,"href":"https:\/\/www.cosmundus.com\/it\/wp-json\/wp\/v2\/pages\/5872"}],"wp:attachment":[{"href":"https:\/\/www.cosmundus.com\/it\/wp-json\/wp\/v2\/media?parent=5880"}],"curies":[{"name":"wp","href":"https:\/\/api.w.org\/{rel}","templated":true}]}}