{"id":515,"date":"2022-11-30T18:18:47","date_gmt":"2022-11-30T17:18:47","guid":{"rendered":"https:\/\/www.cosmundus.com\/?page_id=515"},"modified":"2023-04-27T14:50:11","modified_gmt":"2023-04-27T12:50:11","slug":"blog","status":"publish","type":"page","link":"https:\/\/www.cosmundus.com\/it\/blog\/","title":{"rendered":"Blog"},"content":{"rendered":"<p>Questa sezione del sito \u00e8 il mio blog personale, dove pubblicher\u00f2 articoli su tanti argomenti diversi. Clicca sul link qui sotto per vedere tutti i post pi\u00f9 recenti.<\/p>\n\n\n\n<h2 class=\"wp-block-heading has-text-align-center has-medium-font-size\" style=\"font-style:normal;font-weight:800\"><a href=\"https:\/\/www.cosmundus.com\/it\/posts\/\" class=\"ek-link\">Post pi\u00f9 recenti<\/a><\/h2>\n\n\n\n<p>Ho suddiviso gli articoli nel blog in cinque categorie.<\/p>\n\n\n\n<ul class=\"wp-block-list\">\n<li><strong>Storia<\/strong>: articoli su eventi e personaggi storici.<\/li>\n\n\n\n<li><strong>Viaggi<\/strong>: include le storie dei miei viaggi, consigli di viaggio, e articoli su posti peculiari ed interessanti in tutto il mondo.<\/li>\n\n\n\n<li><strong>Scienza<\/strong>: articoli su tutto ci\u00f2 che riguarda la scienza, dall'astronomia alla geologia, il mondo naturale e l'ambiente, ma anche matematica e tecnologia.<\/li>\n\n\n\n<li><strong>Cultura<\/strong>: articoli su cultura e societ\u00e0, incluse lingue e tradizioni da tutto il mondo.<\/li>\n\n\n\n<li><strong>Altro<\/strong>: tutto ci\u00f2 che non ricade nelle altre categorie, includendo anche articoli pi\u00f9 personali e leggeri.<\/li>\n<\/ul>\n\n\n\n<p>Clicca qui sotto per dare un'occhiata agli articoli in ogni categoria.<\/p>\n\n\n\n<div style=\"height:2px\" aria-hidden=\"true\" class=\"wp-block-spacer\"><\/div>\n\n\n\n<div class=\"wp-block-cover is-style-editorskit-circular ek-linked-block\" style=\"min-height:190px;aspect-ratio:unset;\"><span aria-hidden=\"true\" class=\"wp-block-cover__background has-background-dim\"><\/span><img fetchpriority=\"high\" decoding=\"async\" width=\"1280\" height=\"853\" class=\"wp-block-cover__image-background wp-image-553\" alt=\"paestum, sacred way, archaeology-1751557.jpg\" src=\"https:\/\/www.cosmundus.com\/wp-content\/uploads\/2022\/11\/paestum-sacred-way-archaeology-1751557.jpg\" style=\"object-position:52% 45%\" data-object-fit=\"cover\" data-object-position=\"52% 45%\" srcset=\"https:\/\/www.cosmundus.com\/wp-content\/uploads\/2022\/11\/paestum-sacred-way-archaeology-1751557.jpg 1280w, https:\/\/www.cosmundus.com\/wp-content\/uploads\/2022\/11\/paestum-sacred-way-archaeology-1751557-300x200.jpg 300w, https:\/\/www.cosmundus.com\/wp-content\/uploads\/2022\/11\/paestum-sacred-way-archaeology-1751557-1024x682.jpg 1024w, https:\/\/www.cosmundus.com\/wp-content\/uploads\/2022\/11\/paestum-sacred-way-archaeology-1751557-768x512.jpg 768w, https:\/\/www.cosmundus.com\/wp-content\/uploads\/2022\/11\/paestum-sacred-way-archaeology-1751557-18x12.jpg 18w, https:\/\/www.cosmundus.com\/wp-content\/uploads\/2022\/11\/paestum-sacred-way-archaeology-1751557-850x566.jpg 850w\" sizes=\"(max-width: 1280px) 100vw, 1280px\" \/><div class=\"wp-block-cover__inner-container is-layout-flow wp-block-cover-is-layout-flow\">\n<p class=\"has-text-align-center has-white-color has-text-color has-x-large-font-size\" style=\"font-style:normal;font-weight:800;text-transform:capitalize\"><strong>Storia<\/strong><\/p>\n<\/div><a href=\"https:\/\/www.cosmundus.com\/it\/category\/history\/\" class=\"editorskit-block-link\" rel=\"\"><\/a><\/div>\n\n\n\n<div style=\"height:2px\" aria-hidden=\"true\" class=\"wp-block-spacer\"><\/div>\n\n\n\n<div class=\"wp-block-cover is-light is-style-editorskit-circular ek-linked-block\" style=\"min-height:190px;aspect-ratio:unset;\"><span aria-hidden=\"true\" class=\"wp-block-cover__background has-background-dim\"><\/span><img decoding=\"async\" width=\"1280\" height=\"674\" class=\"wp-block-cover__image-background wp-image-561\" alt=\"barcelona, spain, city-1892487.jpg\" src=\"https:\/\/www.cosmundus.com\/wp-content\/uploads\/2022\/11\/barcelona-spain-city-1892487.jpg\" style=\"object-position:51% 40%\" data-object-fit=\"cover\" data-object-position=\"51% 40%\" srcset=\"https:\/\/www.cosmundus.com\/wp-content\/uploads\/2022\/11\/barcelona-spain-city-1892487.jpg 1280w, https:\/\/www.cosmundus.com\/wp-content\/uploads\/2022\/11\/barcelona-spain-city-1892487-300x158.jpg 300w, https:\/\/www.cosmundus.com\/wp-content\/uploads\/2022\/11\/barcelona-spain-city-1892487-1024x539.jpg 1024w, https:\/\/www.cosmundus.com\/wp-content\/uploads\/2022\/11\/barcelona-spain-city-1892487-768x404.jpg 768w, https:\/\/www.cosmundus.com\/wp-content\/uploads\/2022\/11\/barcelona-spain-city-1892487-18x9.jpg 18w, https:\/\/www.cosmundus.com\/wp-content\/uploads\/2022\/11\/barcelona-spain-city-1892487-850x448.jpg 850w\" sizes=\"(max-width: 1280px) 100vw, 1280px\" \/><div class=\"wp-block-cover__inner-container is-layout-flow wp-block-cover-is-layout-flow\">\n<p class=\"has-text-align-center has-white-color has-text-color has-x-large-font-size\" style=\"font-style:normal;font-weight:800;text-transform:capitalize\"><strong>Viaggi<\/strong><\/p>\n<\/div><a href=\"https:\/\/www.cosmundus.com\/it\/category\/travel\/\" class=\"editorskit-block-link\" rel=\"\"><\/a><\/div>\n\n\n\n<div style=\"height:2px\" aria-hidden=\"true\" class=\"wp-block-spacer\"><\/div>\n\n\n\n<div class=\"wp-block-cover is-style-editorskit-circular ek-linked-block\" style=\"min-height:190px;aspect-ratio:unset;\"><span aria-hidden=\"true\" class=\"wp-block-cover__background has-background-dim\"><\/span><img decoding=\"async\" width=\"1280\" height=\"923\" class=\"wp-block-cover__image-background wp-image-563\" alt=\"milky way, space, stars-67504.jpg\" src=\"https:\/\/www.cosmundus.com\/wp-content\/uploads\/2022\/11\/milky-way-space-stars-67504.jpg\" style=\"object-position:49% 50%\" data-object-fit=\"cover\" data-object-position=\"49% 50%\" srcset=\"https:\/\/www.cosmundus.com\/wp-content\/uploads\/2022\/11\/milky-way-space-stars-67504.jpg 1280w, https:\/\/www.cosmundus.com\/wp-content\/uploads\/2022\/11\/milky-way-space-stars-67504-300x216.jpg 300w, https:\/\/www.cosmundus.com\/wp-content\/uploads\/2022\/11\/milky-way-space-stars-67504-1024x738.jpg 1024w, https:\/\/www.cosmundus.com\/wp-content\/uploads\/2022\/11\/milky-way-space-stars-67504-768x554.jpg 768w, https:\/\/www.cosmundus.com\/wp-content\/uploads\/2022\/11\/milky-way-space-stars-67504-18x12.jpg 18w, https:\/\/www.cosmundus.com\/wp-content\/uploads\/2022\/11\/milky-way-space-stars-67504-850x613.jpg 850w\" sizes=\"(max-width: 1280px) 100vw, 1280px\" \/><div class=\"wp-block-cover__inner-container is-layout-flow wp-block-cover-is-layout-flow\">\n<p class=\"has-text-align-center has-white-color has-text-color has-x-large-font-size\" style=\"font-style:normal;font-weight:800;text-transform:capitalize\"><strong>Scienza<\/strong><\/p>\n<\/div><a href=\"https:\/\/www.cosmundus.com\/it\/category\/science\/\" class=\"editorskit-block-link\" rel=\"\"><\/a><\/div>\n\n\n\n<div style=\"height:2px\" aria-hidden=\"true\" class=\"wp-block-spacer\"><\/div>\n\n\n\n<div class=\"wp-block-cover is-style-editorskit-circular ek-linked-block\" style=\"min-height:190px;aspect-ratio:unset;\"><span aria-hidden=\"true\" class=\"wp-block-cover__background has-background-dim\"><\/span><img loading=\"lazy\" decoding=\"async\" width=\"1280\" height=\"960\" class=\"wp-block-cover__image-background wp-image-565\" alt=\"chinese lantern, celebration, chinese-932217.jpg\" src=\"https:\/\/www.cosmundus.com\/wp-content\/uploads\/2022\/11\/chinese-lantern-celebration-chinese-932217.jpg\" data-object-fit=\"cover\" srcset=\"https:\/\/www.cosmundus.com\/wp-content\/uploads\/2022\/11\/chinese-lantern-celebration-chinese-932217.jpg 1280w, https:\/\/www.cosmundus.com\/wp-content\/uploads\/2022\/11\/chinese-lantern-celebration-chinese-932217-300x225.jpg 300w, https:\/\/www.cosmundus.com\/wp-content\/uploads\/2022\/11\/chinese-lantern-celebration-chinese-932217-1024x768.jpg 1024w, https:\/\/www.cosmundus.com\/wp-content\/uploads\/2022\/11\/chinese-lantern-celebration-chinese-932217-768x576.jpg 768w, https:\/\/www.cosmundus.com\/wp-content\/uploads\/2022\/11\/chinese-lantern-celebration-chinese-932217-16x12.jpg 16w, https:\/\/www.cosmundus.com\/wp-content\/uploads\/2022\/11\/chinese-lantern-celebration-chinese-932217-850x638.jpg 850w\" sizes=\"(max-width: 1280px) 100vw, 1280px\" \/><div class=\"wp-block-cover__inner-container is-layout-flow wp-block-cover-is-layout-flow\">\n<p class=\"has-text-align-center has-white-color has-text-color has-x-large-font-size\" style=\"font-style:normal;font-weight:800;text-transform:capitalize\"><strong>Cultura<\/strong><\/p>\n<\/div><a href=\"https:\/\/www.cosmundus.com\/it\/category\/culture\/\" class=\"editorskit-block-link\" rel=\"\"><\/a><\/div>\n\n\n\n<div style=\"height:2px\" aria-hidden=\"true\" class=\"wp-block-spacer\"><\/div>\n\n\n\n<div class=\"wp-block-cover is-style-editorskit-circular ek-linked-block\" style=\"min-height:190px;aspect-ratio:unset;\"><span aria-hidden=\"true\" class=\"wp-block-cover__background has-background-dim\"><\/span><img loading=\"lazy\" decoding=\"async\" width=\"1280\" height=\"426\" class=\"wp-block-cover__image-background wp-image-2007\" alt=\"clouds, sky, atmosphere-3526558.jpg\" src=\"https:\/\/www.cosmundus.com\/wp-content\/uploads\/2023\/01\/clouds-sky-atmosphere-3526558.jpg\" data-object-fit=\"cover\" srcset=\"https:\/\/www.cosmundus.com\/wp-content\/uploads\/2023\/01\/clouds-sky-atmosphere-3526558.jpg 1280w, https:\/\/www.cosmundus.com\/wp-content\/uploads\/2023\/01\/clouds-sky-atmosphere-3526558-300x100.jpg 300w, https:\/\/www.cosmundus.com\/wp-content\/uploads\/2023\/01\/clouds-sky-atmosphere-3526558-1024x341.jpg 1024w, https:\/\/www.cosmundus.com\/wp-content\/uploads\/2023\/01\/clouds-sky-atmosphere-3526558-768x256.jpg 768w, https:\/\/www.cosmundus.com\/wp-content\/uploads\/2023\/01\/clouds-sky-atmosphere-3526558-18x6.jpg 18w, https:\/\/www.cosmundus.com\/wp-content\/uploads\/2023\/01\/clouds-sky-atmosphere-3526558-850x283.jpg 850w\" sizes=\"(max-width: 1280px) 100vw, 1280px\" \/><div class=\"wp-block-cover__inner-container is-layout-flow wp-block-cover-is-layout-flow\">\n<p class=\"has-text-align-center has-white-color has-text-color has-x-large-font-size\" style=\"font-style:normal;font-weight:800;text-transform:capitalize\"><strong>Altro<\/strong><\/p>\n<\/div><a href=\"https:\/\/www.cosmundus.com\/it\/category\/other\/\" class=\"editorskit-block-link\" rel=\"\"><\/a><\/div>","protected":false},"excerpt":{"rendered":"<p>This section of the website is my personal blog, where I will publish articles about many different subjects. Click the link below to see all the latest posts. Latest posts I subdivided the articles in the blog into five categories. Click down here to check out the articles in each category.<\/p>","protected":false},"author":1,"featured_media":0,"parent":0,"menu_order":0,"comment_status":"closed","ping_status":"closed","template":"","meta":{"_editorskit_title_hidden":false,"_editorskit_reading_time":1,"_editorskit_is_block_options_detached":false,"_editorskit_block_options_position":"{}","om_disable_all_campaigns":false,"_uag_custom_page_level_css":"","advgb_blocks_editor_width":"","advgb_blocks_columns_visual_guide":"","_monsterinsights_skip_tracking":false,"_monsterinsights_sitenote_active":false,"_monsterinsights_sitenote_note":"","_monsterinsights_sitenote_category":0,"footnotes":""},"class_list":["post-515","page","type-page","status-publish","hentry"],"aioseo_notices":[],"featured_image_src":null,"uagb_featured_image_src":{"full":false,"thumbnail":false,"medium":false,"medium_large":false,"large":false,"1536x1536":false,"2048x2048":false,"trp-custom-language-flag":false,"xs-thumb":false,"post-thumbnail":false,"minimalistblogger-grid":false,"minimalistblogger-slider":false,"minimalistblogger-small":false},"uagb_author_info":{"display_name":"Stefano Cammisa","author_link":"https:\/\/www.cosmundus.com\/it\/author\/stefano-cammisa\/"},"uagb_comment_info":0,"uagb_excerpt":"This section of the website is my personal blog, where I will publish articles about many different subjects. Click the link below to see all the latest posts. Latest posts I subdivided the articles in the blog into five categories. Click down here to check out the articles in each category.","coauthors":[],"author_meta":{"author_link":"https:\/\/www.cosmundus.com\/it\/author\/stefano-cammisa\/","display_name":"Stefano Cammisa"},"relative_dates":{"created":"Pubblicato 3 anni fa","modified":"Aggiornato 3 anni fa"},"absolute_dates":{"created":"Pubblicato il 30 Novembre 2022","modified":"Aggiornato il 27 Aprile 2023"},"absolute_dates_time":{"created":"Pubblicato il 30 Novembre 2022 6:18 pm","modified":"Aggiornato il 27 Aprile 2023 2:50 pm"},"featured_img_caption":"","featured_img":false,"series_order":"","_links":{"self":[{"href":"https:\/\/www.cosmundus.com\/it\/wp-json\/wp\/v2\/pages\/515","targetHints":{"allow":["GET"]}}],"collection":[{"href":"https:\/\/www.cosmundus.com\/it\/wp-json\/wp\/v2\/pages"}],"about":[{"href":"https:\/\/www.cosmundus.com\/it\/wp-json\/wp\/v2\/types\/page"}],"author":[{"embeddable":true,"href":"https:\/\/www.cosmundus.com\/it\/wp-json\/wp\/v2\/users\/1"}],"replies":[{"embeddable":true,"href":"https:\/\/www.cosmundus.com\/it\/wp-json\/wp\/v2\/comments?post=515"}],"version-history":[{"count":29,"href":"https:\/\/www.cosmundus.com\/it\/wp-json\/wp\/v2\/pages\/515\/revisions"}],"predecessor-version":[{"id":4520,"href":"https:\/\/www.cosmundus.com\/it\/wp-json\/wp\/v2\/pages\/515\/revisions\/4520"}],"wp:attachment":[{"href":"https:\/\/www.cosmundus.com\/it\/wp-json\/wp\/v2\/media?parent=515"}],"curies":[{"name":"wp","href":"https:\/\/api.w.org\/{rel}","templated":true}]}}