{"id":5125,"date":"2023-07-11T14:46:08","date_gmt":"2023-07-11T12:46:08","guid":{"rendered":"https:\/\/www.cosmundus.com\/?page_id=5125"},"modified":"2024-03-06T10:48:25","modified_gmt":"2024-03-06T09:48:25","slug":"varese","status":"publish","type":"page","link":"https:\/\/www.cosmundus.com\/it\/destinations\/varese\/","title":{"rendered":"Varese"},"content":{"rendered":"<p class=\"has-text-align-right\">&lt;&lt; <a href=\"https:\/\/www.cosmundus.com\/it\/atlas\/europe\/southern-europe\/italy\/northwest-italy\/lombardy\/\" class=\"ek-link\">Lombardia<\/a><\/p>\n\n\n\n<p class=\"translation-block\">Varese \u00e8 una citt\u00e0 situata a nord-ovest di <a href=\"https:\/\/www.cosmundus.com\/it\/destinations\/milan\/\" class=\"ek-link\" target=\"_self\">Milano<\/a>, vicino al Lago di Varese tra il Lago Maggiore e il Lago di Como. La zona fu abitata fin dall'antichit\u00e0, ma Varese emerse solo nel Basso Medioevo, rimanendo per secoli un piccolo centro regionale. La citt\u00e0 \u00e8 sempre stata strettamente legata a Milano, e conobbe un enorme sviluppo dopo l'Unit\u00e0 d'Italia, fiorendo grazie alla sua industria. Varese \u00e8 nota per i suoi numerosi parchi e le sue ville storiche.<\/p>\n\n\n<div style=\"border: 1px solid #8ed1fc; border-radius: 0%; background-color: inherit; \" class=\"ub-styled-box ub-bordered-box wp-block-ub-styled-box\" id=\"ub-styled-box-54572c24-0866-48bf-baff-d7042871bc6d\">\n<p class=\"has-medium-font-size\" id=\"ub-styled-box-bordered-content-af29b859-54a6-4445-826a-4346e9aacc70\">Posti da vedere a Varese<\/p>\n\n\n<div class=\"wp-block-aioseo-table-of-contents\"><ul><li><a class=\"aioseo-toc-item\" href=\"#sacro-monte-di-varese\">\u272a Sacro Monte di Varese<\/a><\/li><li><a class=\"aioseo-toc-item\" href=\"#basilica-of-san-vittore\">Basilica di San Vittore<\/a><\/li><li><a class=\"aioseo-toc-item\" href=\"#villa-menafoglio-litta-panza\">Villa Menafoglio Litta Panza<\/a><\/li><li><a class=\"aioseo-toc-item\" href=\"#palazzo-estense\">Palazzo Estense<\/a><\/li><li><a class=\"aioseo-toc-item\" href=\"#masnago-castle\">Castello di Masnago<\/a><\/li><li><a class=\"aioseo-toc-item\" href=\"#villa-toeplitz\">Villa Toeplitz<\/a><\/li><\/ul><\/div>\n\n<\/div>\n\n\n<h4 class=\"wp-block-heading\" id=\"sacro-monte-di-varese\"><strong>\u272a Sacro Monte di Varese<\/strong><\/h4>\n\n\n\n<p class=\"translation-block\">Il Sacro Monte di Varese \u00e8 un complesso religioso situato su una montagna a nord di Varese. \u00c8 uno dei Sacri Monti, una serie di santuari eretti tra le montagne della Lombardia e del <a href=\"https:\/\/www.cosmundus.com\/it\/atlas\/europe\/southern-europe\/italy\/northwest-italy\/piedmont\/\" class=\"ek-link\" target=\"_self\">Piemonte<\/a>. Il complesso fu eretto nel diciassettesimo secolo e comprende 14 cappelle, un santuario e il piccolo borgo di <strong>Santa Maria del Monte<\/strong>. Tutte le cappelle e il santuario sono adornati da elaborati affreschi, statue e decorazioni. Il complesso comprende anche la <strong>Casa Museo Lodovico Pogliaghi<\/strong>, un museo che ospita una collezione di antichi reperti archeologici, dipinti e sculture rinascimentali e barocche e molte altre opere d'arte.<\/p>\n\n\n\n<div class=\"wp-block-columns is-layout-flex wp-container-core-columns-is-layout-9d6595d7 wp-block-columns-is-layout-flex\">\n<div class=\"wp-block-column is-layout-flow wp-block-column-is-layout-flow\" style=\"flex-basis:85%\">\n<p>Indirizzo: Via dell\u2019Assunzione, 21, 21100 Varese VA<br>Coordinate: 45.8604, 8.7927<\/p>\n<\/div>\n\n\n\n<div class=\"wp-block-column is-layout-flow wp-block-column-is-layout-flow\" style=\"flex-basis:15%\">\n<p class=\"has-text-align-right\"><a href=\"https:\/\/goo.gl\/maps\/dFmGpB6Pj9VozK166\" target=\"_blank\" aria-label=\" (opens in a new tab)\" rel=\"noreferrer noopener\" class=\"ek-link\">Google Maps<\/a><\/p>\n<\/div>\n<\/div>\n\n\n<div class=\"wp-block-ub-divider ub_divider ub-divider-orientation-horizontal\" id=\"ub_divider_dc669693-3c3a-46d7-8321-9b3faf607cf6\"><div class=\"ub_divider_wrapper\" style=\"position: relative; margin-bottom: 2px; width: 100%; height: 2px; \" data-divider-alignment=\"center\"><div class=\"ub_divider_line\" style=\"border-top: 2px solid #ccc; margin-top: 2px; \"><\/div><\/div><\/div>\n\n\n<h4 class=\"wp-block-heading\" id=\"basilica-of-san-vittore\"><strong>Basilica di San Vittore<\/strong><\/h4>\n\n\n\n<p class=\"translation-block\">La Basilica di San Vittore \u00e8 una chiesa situata nel centro di Varese, eretta a partire dal quindicesimo secolo su un edificio precedente. La basilica presenta una facciata neoclassica e i suoi interni ospitano ricche decorazioni e opere d'arte barocche. La chiesa \u00e8 affiancata da un alto campanile eretto tra il diciassettesimo e il diciottesimo secolo, considerato un simbolo della citt\u00e0. Attiguo alla basilica \u00e8 anche il romanico <strong>Battistero di San Giovanni<\/strong>, di epoca tardomedievale, che conserva antichi affreschi.<\/p>\n\n\n\n<div class=\"wp-block-columns is-layout-flex wp-container-core-columns-is-layout-9d6595d7 wp-block-columns-is-layout-flex\">\n<div class=\"wp-block-column is-layout-flow wp-block-column-is-layout-flow\" style=\"flex-basis:85%\">\n<p>Indirizzo: Piazza San Vittore, 21100 Varese VA<br>Coordinate: 45.8186, 8.8271<\/p>\n<\/div>\n\n\n\n<div class=\"wp-block-column is-layout-flow wp-block-column-is-layout-flow\" style=\"flex-basis:15%\">\n<p class=\"has-text-align-right\"><a href=\"https:\/\/goo.gl\/maps\/CXwnncZ4pNBvL7ew7\" target=\"_blank\" aria-label=\" (opens in a new tab)\" rel=\"noreferrer noopener\" class=\"ek-link\">Google Maps<\/a><\/p>\n<\/div>\n<\/div>\n\n\n<div class=\"wp-block-ub-divider ub_divider ub-divider-orientation-horizontal\" id=\"ub_divider_49425fcf-ed5d-40e6-ad79-88f68cd1fe2f\"><div class=\"ub_divider_wrapper\" style=\"position: relative; margin-bottom: 2px; width: 100%; height: 2px; \" data-divider-alignment=\"center\"><div class=\"ub_divider_line\" style=\"border-top: 2px solid #ccc; margin-top: 2px; \"><\/div><\/div><\/div>\n\n\n<h4 class=\"wp-block-heading\" id=\"villa-menafoglio-litta-panza\"><strong>Villa Menafoglio Litta Panza<\/strong><\/h4>\n\n\n\n<p>Villa Menafoglio Litta Panza \u00e8 un'antica residenza nobiliare costruita nei pressi di Varese nel diciottesimo secolo. Il palazzo presenta vari saloni affrescati e decorati e un ampio parco. La villa ospita una ricca collezione di opere d'arte contemporanea e talvolta \u00e8 sede di mostre temporanee.<\/p>\n\n\n\n<div class=\"wp-block-columns is-layout-flex wp-container-core-columns-is-layout-9d6595d7 wp-block-columns-is-layout-flex\">\n<div class=\"wp-block-column is-layout-flow wp-block-column-is-layout-flow\" style=\"flex-basis:85%\">\n<p>Indirizzo: Piazza Litta, 1, 21100 Varese VA<br>Coordinate: 45.8255, 8.8288<\/p>\n<\/div>\n\n\n\n<div class=\"wp-block-column is-layout-flow wp-block-column-is-layout-flow\" style=\"flex-basis:15%\">\n<p class=\"has-text-align-right\"><a href=\"https:\/\/goo.gl\/maps\/HnSgS6ZDhxe1NFzE9\" target=\"_blank\" aria-label=\" (opens in a new tab)\" rel=\"noreferrer noopener\" class=\"ek-link\">Google Maps<\/a><\/p>\n<\/div>\n<\/div>\n\n\n<div class=\"wp-block-ub-divider ub_divider ub-divider-orientation-horizontal\" id=\"ub_divider_fd849838-f63e-44a1-8179-e9e1fce96af6\"><div class=\"ub_divider_wrapper\" style=\"position: relative; margin-bottom: 2px; width: 100%; height: 2px; \" data-divider-alignment=\"center\"><div class=\"ub_divider_line\" style=\"border-top: 2px solid #ccc; margin-top: 2px; \"><\/div><\/div><\/div>\n\n\n<h4 class=\"wp-block-heading\" id=\"palazzo-estense\"><strong>Palazzo Estense<\/strong><\/h4>\n\n\n\n<p class=\"translation-block\">Palazzo Estense \u00e8 un grande palazzo barocco eretto nel diciottesimo secolo vicino al centro di Varese. Sorto come residenza di Francesco III d'Este, duca di Modena e governatore austriaco della Lombardia, oggi \u00e8 adibito a vari usi e ospita la sede del comune. Il palazzo presenta varie decorazioni barocche e un ampio giardino. Nel parco si trova la settecentesca <strong>Villa Mirabello<\/strong> che ospita il <strong>Museo Civico Archeologico di Villa Mirabello<\/strong>, una raccolta di reperti archeologici antichi che comprende molti manufatti preistorici e romani.<\/p>\n\n\n\n<div class=\"wp-block-columns is-layout-flex wp-container-core-columns-is-layout-9d6595d7 wp-block-columns-is-layout-flex\">\n<div class=\"wp-block-column is-layout-flow wp-block-column-is-layout-flow\" style=\"flex-basis:85%\">\n<p>Indirizzo: Via Luigi Sacco, 5, 21100 Varese VA<br>Coordinate: 45.8185, 8.8240<\/p>\n<\/div>\n\n\n\n<div class=\"wp-block-column is-layout-flow wp-block-column-is-layout-flow\" style=\"flex-basis:15%\">\n<p class=\"has-text-align-right\"><a href=\"https:\/\/goo.gl\/maps\/VijV27HW41H1Lvkv5\" target=\"_blank\" aria-label=\" (opens in a new tab)\" rel=\"noreferrer noopener\" class=\"ek-link\">Google Maps<\/a><\/p>\n<\/div>\n<\/div>\n\n\n<div class=\"wp-block-ub-divider ub_divider ub-divider-orientation-horizontal\" id=\"ub_divider_c5f7ee14-3508-4584-ae0a-4336b3123b43\"><div class=\"ub_divider_wrapper\" style=\"position: relative; margin-bottom: 2px; width: 100%; height: 2px; \" data-divider-alignment=\"center\"><div class=\"ub_divider_line\" style=\"border-top: 2px solid #ccc; margin-top: 2px; \"><\/div><\/div><\/div>\n\n\n<h4 class=\"wp-block-heading\" id=\"masnago-castle\"><strong>Castello di Masnago<\/strong><\/h4>\n\n\n\n<p class=\"translation-block\">Il Castello di Masnago \u00e8 una fortificazione medievale poi trasformata in residenza nobiliare. Il castello si trova su una collina vicino a Varese e presenta un ricco ciclo di affreschi quattrocenteschi. Il palazzo ospita il <strong>Museo Civico d'Arte Moderna e Contemporanea<\/strong>, una raccolta di opere d'arte in gran parte del diciannovesimo e ventesimo secolo.<\/p>\n\n\n\n<div class=\"wp-block-columns is-layout-flex wp-container-core-columns-is-layout-9d6595d7 wp-block-columns-is-layout-flex\">\n<div class=\"wp-block-column is-layout-flow wp-block-column-is-layout-flow\" style=\"flex-basis:85%\">\n<p>Indirizzo: Via Cola di Rienzo, 40, 21100 Varese VA<br>Coordinate: 45.8289, 8.8023<\/p>\n<\/div>\n\n\n\n<div class=\"wp-block-column is-layout-flow wp-block-column-is-layout-flow\" style=\"flex-basis:15%\">\n<p class=\"has-text-align-right\"><a href=\"https:\/\/goo.gl\/maps\/oJUKtJqHRf7b99Dd8\" target=\"_blank\" aria-label=\" (opens in a new tab)\" rel=\"noreferrer noopener\" class=\"ek-link\">Google Maps<\/a><\/p>\n<\/div>\n<\/div>\n\n\n<div class=\"wp-block-ub-divider ub_divider ub-divider-orientation-horizontal\" id=\"ub_divider_0a460fb9-bfdf-42a2-902a-bef6b501d7e2\"><div class=\"ub_divider_wrapper\" style=\"position: relative; margin-bottom: 2px; width: 100%; height: 2px; \" data-divider-alignment=\"center\"><div class=\"ub_divider_line\" style=\"border-top: 2px solid #ccc; margin-top: 2px; \"><\/div><\/div><\/div>\n\n\n<h4 class=\"wp-block-heading\" id=\"villa-toeplitz\"><strong>Villa Toeplitz<\/strong><\/h4>\n\n\n\n<p class=\"translation-block\">Villa Toeplitz \u00e8 una villa storica situata su una collina alle porte di Varese. Costruita in stile eclettico e inaugurata nei primi anni del Novecento, la villa presenta varie decorazioni ed \u00e8 circondata da ampi e bellissimi giardini. Un edificio nel parco ospita il <strong>Museo Castiglioni<\/strong>, una raccolta etnografica e archeologica con numerosi reperti e opere d'arte provenienti dall'Africa.<\/p>\n\n\n\n<div class=\"wp-block-columns is-layout-flex wp-container-core-columns-is-layout-9d6595d7 wp-block-columns-is-layout-flex\">\n<div class=\"wp-block-column is-layout-flow wp-block-column-is-layout-flow\" style=\"flex-basis:85%\">\n<p>Indirizzo: Viale Giovan Battista Vico, 21100 Varese VA<br>Coordinate: 45.8437, 8.8159<\/p>\n<\/div>\n\n\n\n<div class=\"wp-block-column is-layout-flow wp-block-column-is-layout-flow\" style=\"flex-basis:15%\">\n<p class=\"has-text-align-right\"><a href=\"https:\/\/goo.gl\/maps\/xLg5Z9kaN6n48w936\" target=\"_blank\" aria-label=\" (opens in a new tab)\" rel=\"noreferrer noopener\" class=\"ek-link\">Google Maps<\/a><\/p>\n<\/div>\n<\/div>","protected":false},"excerpt":{"rendered":"<p>&lt;&lt; Lombardy Varese is a city located northwest of Milan, near Lake Varese between Lake Maggiore and Lake Como. The area was inhabited since ancient times, but Varese only emerged in the Late Middle Ages, remaining a small regional center for centuries. The city has always been closely linked with Milan, and experienced a huge development after the Italian unification, flourishing thanks to its industry. Varese is known for its many parks and villas. \u272a Sacro Monte di Varese The Sacro Monte di Varese is a religious complex located on a mountain north of Varese. It is one of the Sacri Monti, a series of sanctuaries erected among the mountains of Lombardy and Piedmont. The complex was erected in the 17th century and it features 14 chapels, a sanctuary, and the small village of Santa Maria del Monte. All the chapels and the sanctuary are adorned with elaborate frescoes, statues, and decorations. The complex also includes Casa Museo Lodovico Pogliaghi, a museum housing a collection of ancient archaeological findings, Renaissance and Baroque paintings and sculptures, and many other artworks. Address: Via dell&#8217;Assunzione, 21, 21100 Varese VACoordinates: 45.8604, 8.7927 Google Maps Basilica of San Vittore The Basilica of San Vittore is a church located in the center of Varese, erected starting in the 15th century over a previous building. The basilica features a Neoclassical facade and its interiors host rich Baroque decorations and artworks. The church is flanked by a tall bell tower erected between the 17th and 18th century, considered a symbol of the city. The Romanesque Baptistery of San Giovanni, which was built in the Late Middle Ages and features some ancient frescoes, is also adjacent to the basilica. Address: Piazza San Vittore, 21100 Varese VACoordinates: 45.8186, 8.8271 Google Maps Villa Menafoglio Litta Panza Villa Menafoglio Litta Panza is a former noble residence built near Varese in the 18th century. The palace features various frescoed and decorated halls and a large park. The villa houses a rich collection of contemporary artworks, and sometimes it hosts temporary exhibitions. Address: Piazza Litta, 1, 21100 Varese VACoordinates: 45.8255, 8.8288 Google Maps Palazzo Estense Palazzo Estense is a large Baroque palace erected in the 18th century near the center of Varese. Built as a residence for Francesco III d&#8217;Este, Duke of Modena and Austrian governor of Lombardy, now it serves various uses and it hosts the seat of the local municipality. The palace features various Baroque decorations and a large garden. The 18th-century Villa Mirabello is located in the park and it houses the Civic Archaeological Museum of Villa Mirabello (Museo Civico Archeologico di Villa Mirabello), a collection of ancient archaeological findings which includes many prehistoric and Roman artifacts. Address: Via Luigi Sacco, 5, 21100 Varese VACoordinates: 45.8185, 8.8240 Google Maps Masnago Castle The Masnago Castle is a medieval fortification which was later turned into a noble residence. The castle is located on a hill near Varese and it features a rich series of 15th-century frescoes. The palace hosts the Civic Museum of Modern and Contemporary Art (Museo Civico d&#8217;Arte Moderna e Contemporanea), a collection of artworks mostly from the 19th and 20th century. Address: Via Cola di Rienzo, 40, 21100 Varese VACoordinates: 45.8289, 8.8023 Google Maps Villa Toeplitz Villa Toeplitz is a historic villa located on a hill at the outskirts of Varese. Built in eclectic style and inaugurated in the early 20th century, the villa features various decorations and it is surrounded by large beautiful gardens. A building in the park hosts the Castiglioni Museum (Museo Castiglioni), an ethnographic and archaeological collection featuring numerous finds and artworks from Africa. Address: Viale Giovan Battista Vico, 21100 Varese VACoordinates: 45.8437, 8.8159 Google Maps<\/p>","protected":false},"author":1,"featured_media":0,"parent":932,"menu_order":0,"comment_status":"closed","ping_status":"closed","template":"","meta":{"_editorskit_title_hidden":false,"_editorskit_reading_time":0,"_editorskit_is_block_options_detached":false,"_editorskit_block_options_position":"{}","om_disable_all_campaigns":false,"_uag_custom_page_level_css":"","advgb_blocks_editor_width":"","advgb_blocks_columns_visual_guide":"","_monsterinsights_skip_tracking":false,"_monsterinsights_sitenote_active":false,"_monsterinsights_sitenote_note":"","_monsterinsights_sitenote_category":0,"footnotes":""},"class_list":["post-5125","page","type-page","status-publish","hentry"],"aioseo_notices":[],"featured_image_src":null,"uagb_featured_image_src":{"full":false,"thumbnail":false,"medium":false,"medium_large":false,"large":false,"1536x1536":false,"2048x2048":false,"trp-custom-language-flag":false,"xs-thumb":false,"post-thumbnail":false,"minimalistblogger-grid":false,"minimalistblogger-slider":false,"minimalistblogger-small":false},"uagb_author_info":{"display_name":"Stefano Cammisa","author_link":"https:\/\/www.cosmundus.com\/it\/author\/stefano-cammisa\/"},"uagb_comment_info":0,"uagb_excerpt":"&lt;&lt; Lombardy Varese is a city located northwest of Milan, near Lake Varese between Lake Maggiore and Lake Como. The area was inhabited since ancient times, but Varese only emerged in the Late Middle Ages, remaining a small regional center for centuries. The city has always been closely linked with Milan, and experienced a huge&hellip;","coauthors":[],"author_meta":{"author_link":"https:\/\/www.cosmundus.com\/it\/author\/stefano-cammisa\/","display_name":"Stefano Cammisa"},"relative_dates":{"created":"Pubblicato 3 anni fa","modified":"Aggiornato 2 anni fa"},"absolute_dates":{"created":"Pubblicato il 11 Luglio 2023","modified":"Aggiornato il 6 Marzo 2024"},"absolute_dates_time":{"created":"Pubblicato il 11 Luglio 2023 2:46 pm","modified":"Aggiornato il 6 Marzo 2024 10:48 am"},"featured_img_caption":"","featured_img":false,"series_order":"","_links":{"self":[{"href":"https:\/\/www.cosmundus.com\/it\/wp-json\/wp\/v2\/pages\/5125","targetHints":{"allow":["GET"]}}],"collection":[{"href":"https:\/\/www.cosmundus.com\/it\/wp-json\/wp\/v2\/pages"}],"about":[{"href":"https:\/\/www.cosmundus.com\/it\/wp-json\/wp\/v2\/types\/page"}],"author":[{"embeddable":true,"href":"https:\/\/www.cosmundus.com\/it\/wp-json\/wp\/v2\/users\/1"}],"replies":[{"embeddable":true,"href":"https:\/\/www.cosmundus.com\/it\/wp-json\/wp\/v2\/comments?post=5125"}],"version-history":[{"count":7,"href":"https:\/\/www.cosmundus.com\/it\/wp-json\/wp\/v2\/pages\/5125\/revisions"}],"predecessor-version":[{"id":9859,"href":"https:\/\/www.cosmundus.com\/it\/wp-json\/wp\/v2\/pages\/5125\/revisions\/9859"}],"up":[{"embeddable":true,"href":"https:\/\/www.cosmundus.com\/it\/wp-json\/wp\/v2\/pages\/932"}],"wp:attachment":[{"href":"https:\/\/www.cosmundus.com\/it\/wp-json\/wp\/v2\/media?parent=5125"}],"curies":[{"name":"wp","href":"https:\/\/api.w.org\/{rel}","templated":true}]}}