{"id":5016,"date":"2023-07-11T14:30:28","date_gmt":"2023-07-11T12:30:28","guid":{"rendered":"https:\/\/www.cosmundus.com\/?page_id=5016"},"modified":"2024-03-06T09:53:49","modified_gmt":"2024-03-06T08:53:49","slug":"south-milan","status":"publish","type":"page","link":"https:\/\/www.cosmundus.com\/it\/destinations\/milan\/south-milan\/","title":{"rendered":"Milano \u2013 Milano Sud"},"content":{"rendered":"<p class=\"has-text-align-right\">&lt;&lt; <a href=\"https:\/\/www.cosmundus.com\/it\/destinations\/milan\/\" class=\"ek-link\">Milano<\/a><\/p>\n\n\n\n<p>Milano Sud \u00e8 costituita dai Municipi 4, 5 e 6 della citt\u00e0. Si tratta di una zona prevalentemente residenziale situata a sud del centro cittadino, che si apre verso la campagna.<\/p>\n\n\n<div style=\"border: 1px solid #8ed1fc; border-radius: 0%; background-color: inherit; \" class=\"ub-styled-box ub-bordered-box wp-block-ub-styled-box\" id=\"ub-styled-box-5135bb2e-3b92-4627-ab88-a295329b3e06\">\n<p class=\"has-medium-font-size\" id=\"ub-styled-box-bordered-content-fedd28a3-e835-4778-854e-3c6c6bf978d0\">Posti da vedere a Milano \u2013 Milano Sud<\/p>\n\n\n<div class=\"wp-block-aioseo-table-of-contents\"><ul><li><a class=\"aioseo-toc-item\" href=\"#navigli-of-milan\">Navigli di Milano<\/a><\/li><li><a class=\"aioseo-toc-item\" href=\"#porta-ticinese\">Porta Ticinese<\/a><\/li><li><a class=\"aioseo-toc-item\" href=\"#prada-foundation\">Fondazione Prada<\/a><\/li><li><a class=\"aioseo-toc-item\" href=\"#armanisilos\">Armani\/Silos<\/a><\/li><li><a class=\"aioseo-toc-item\" href=\"#museum-of-cultures\">Museo delle Culture<\/a><\/li><li><a class=\"aioseo-toc-item\" href=\"#chiaravalle-abbey\">Abbazia di Chiaravalle<\/a><\/li><\/ul><\/div>\n\n<\/div>\n\n\n<h4 class=\"wp-block-heading\" id=\"navigli-of-milan\"><strong><strong>Navigli di Milano<\/strong><\/strong><\/h4>\n\n\n\n<p class=\"translation-block\">I Navigli sono un sistema di canali navigabili che originariamente collegavano Milano con alcuni fiumi intorno alla citt\u00e0. Ora in gran parte coperti, i viali lungo i canali superstiti si sono trasformati in una delle zone pi\u00f9 frequentate della vita notturna locale. Partendo dalla <strong>Darsena<\/strong>, posta all'estremit\u00e0 sud-occidentale del centro cittadino, le strade che corrono verso sud lungo il <strong>Naviglio Grande<\/strong> e il <strong>Naviglio Pavese<\/strong> sono piene di bar e ristoranti.<\/p>\n\n\n\n<div class=\"wp-block-columns is-layout-flex wp-container-core-columns-is-layout-9d6595d7 wp-block-columns-is-layout-flex\">\n<div class=\"wp-block-column is-layout-flow wp-block-column-is-layout-flow\" style=\"flex-basis:85%\">\n<p>Indirizzo: Viale Gorizia, 20123 Milano MI<br>Coordinate: 45.4524, 9.1775<\/p>\n<\/div>\n\n\n\n<div class=\"wp-block-column is-layout-flow wp-block-column-is-layout-flow\" style=\"flex-basis:15%\">\n<p class=\"has-text-align-right\"><a href=\"https:\/\/goo.gl\/maps\/K48dyThjD8FAC2b27\" class=\"ek-link\">Google Maps<\/a><\/p>\n<\/div>\n<\/div>\n\n\n<div class=\"wp-block-ub-divider ub_divider ub-divider-orientation-horizontal\" id=\"ub_divider_3df9b6fc-9ccb-476e-ad09-67e54dd36a18\"><div class=\"ub_divider_wrapper\" style=\"position: relative; margin-bottom: 2px; width: 100%; height: 2px; \" data-divider-alignment=\"center\"><div class=\"ub_divider_line\" style=\"border-top: 2px solid #ccc; margin-top: 2px; \"><\/div><\/div><\/div>\n\n\n<h4 class=\"wp-block-heading\" id=\"porta-ticinese\"><strong><strong>Porta Ticinese<\/strong><\/strong><\/h4>\n\n\n\n<p>Porta Ticinese \u00e8 una delle antiche porte cittadine di Milano un tempo parte delle mura spagnole della citt\u00e0. Situata all'estremit\u00e0 sud-occidentale del centro cittadino, fu costruita nel sedicesimo secolo e successivamente demolita. La porta fu ricostruita nella forma di un arco trionfale neoclassico nel diciannovesimo secolo.<\/p>\n\n\n\n<div class=\"wp-block-columns is-layout-flex wp-container-core-columns-is-layout-9d6595d7 wp-block-columns-is-layout-flex\">\n<div class=\"wp-block-column is-layout-flow wp-block-column-is-layout-flow\" style=\"flex-basis:85%\">\n<p>Indirizzo: P.za Ventiquattro Maggio, 20123 Milano MI<br>Coordinate: 45.4525, 9.1802<\/p>\n<\/div>\n\n\n\n<div class=\"wp-block-column is-layout-flow wp-block-column-is-layout-flow\" style=\"flex-basis:15%\">\n<p class=\"has-text-align-right\"><a href=\"https:\/\/goo.gl\/maps\/k23oHfouyVsm9pwp6\" class=\"ek-link\">Google Maps<\/a><\/p>\n<\/div>\n<\/div>\n\n\n<div class=\"wp-block-ub-divider ub_divider ub-divider-orientation-horizontal\" id=\"ub_divider_5239a624-a042-47e2-807b-3f923312de3f\"><div class=\"ub_divider_wrapper\" style=\"position: relative; margin-bottom: 2px; width: 100%; height: 2px; \" data-divider-alignment=\"center\"><div class=\"ub_divider_line\" style=\"border-top: 2px solid #ccc; margin-top: 2px; \"><\/div><\/div><\/div>\n\n\n<h4 class=\"wp-block-heading\" id=\"prada-foundation\"><strong><strong>Fondazione Prada<\/strong><\/strong><\/h4>\n\n\n\n<p class=\"translation-block\">La Fondazione Prada \u00e8 un'istituzione culturale dedicata all'arte contemporanea, con il suo principale spazio espositivo situato a Milano. Il museo \u00e8 ospitato in un'ex distilleria ristrutturata e ospita diverse opere d'arte di artisti contemporanei. L'area ospita spesso mostre temporanee, proiezioni di film e altri eventi culturali.<\/p>\n\n\n\n<div class=\"wp-block-columns is-layout-flex wp-container-core-columns-is-layout-9d6595d7 wp-block-columns-is-layout-flex\">\n<div class=\"wp-block-column is-layout-flow wp-block-column-is-layout-flow\" style=\"flex-basis:85%\">\n<p>Indirizzo: L.go Isarco, 2, 20139 Milano MI<br>Coordinate: 45.4441, 9.2048<\/p>\n<\/div>\n\n\n\n<div class=\"wp-block-column is-layout-flow wp-block-column-is-layout-flow\" style=\"flex-basis:15%\">\n<p class=\"has-text-align-right\"><a href=\"https:\/\/goo.gl\/maps\/hRAwp72jj5bjNky89\" class=\"ek-link\">Google Maps<\/a><\/p>\n<\/div>\n<\/div>\n\n\n<div class=\"wp-block-ub-divider ub_divider ub-divider-orientation-horizontal\" id=\"ub_divider_78ee5758-c6f5-433b-9e4b-20e1ffe6a8f1\"><div class=\"ub_divider_wrapper\" style=\"position: relative; margin-bottom: 2px; width: 100%; height: 2px; \" data-divider-alignment=\"center\"><div class=\"ub_divider_line\" style=\"border-top: 2px solid #ccc; margin-top: 2px; \"><\/div><\/div><\/div>\n\n\n<h4 class=\"wp-block-heading\" id=\"armanisilos\"><strong><strong><strong>Armani\/Silos<\/strong><\/strong><\/strong><\/h4>\n\n\n\n<p>Armani\/Silos \u00e8 uno spazio espositivo e museo della moda a Milano dedicato allo stilista Giorgio Armani. La collezione permanente del museo ospita migliaia di abiti e accessori, oltre a video e cimeli legati al marchio Armani.<\/p>\n\n\n\n<div class=\"wp-block-columns is-layout-flex wp-container-core-columns-is-layout-9d6595d7 wp-block-columns-is-layout-flex\">\n<div class=\"wp-block-column is-layout-flow wp-block-column-is-layout-flow\" style=\"flex-basis:85%\">\n<p>Indirizzo: Via Bergognone, 40, 20144 Milano MI<br>Coordinate: 45.4516, 9.1649<\/p>\n<\/div>\n\n\n\n<div class=\"wp-block-column is-layout-flow wp-block-column-is-layout-flow\" style=\"flex-basis:15%\">\n<p class=\"has-text-align-right\"><a href=\"https:\/\/goo.gl\/maps\/1FTrtBHEruBRsdz1A\" target=\"_blank\" aria-label=\" (opens in a new tab)\" rel=\"noreferrer noopener\" class=\"ek-link\">Google Maps<\/a><\/p>\n<\/div>\n<\/div>\n\n\n<div class=\"wp-block-ub-divider ub_divider ub-divider-orientation-horizontal\" id=\"ub_divider_5e2b72c7-6ff9-4f7a-bd01-27678b80a5be\"><div class=\"ub_divider_wrapper\" style=\"position: relative; margin-bottom: 2px; width: 100%; height: 2px; \" data-divider-alignment=\"center\"><div class=\"ub_divider_line\" style=\"border-top: 2px solid #ccc; margin-top: 2px; \"><\/div><\/div><\/div>\n\n\n<h4 class=\"wp-block-heading\" id=\"museum-of-cultures\"><strong><strong><strong>Museo delle Culture<\/strong><\/strong><\/strong><\/h4>\n\n\n\n<p class=\"translation-block\">Il Museo delle Culture \u00e8 uno spazio museale ed espositivo situato in un ex fabbrica riqualificata. Il museo presenta una collezione etnografica permanente con oggetti provenienti da tutto il mondo e ospita spesso mostre temporanee.<\/p>\n\n\n\n<div class=\"wp-block-columns is-layout-flex wp-container-core-columns-is-layout-9d6595d7 wp-block-columns-is-layout-flex\">\n<div class=\"wp-block-column is-layout-flow wp-block-column-is-layout-flow\" style=\"flex-basis:85%\">\n<p>Indirizzo: Via Tortona, 56, 20144 Milano MI<br>Coordinate: 45.4516, 9.1615<\/p>\n<\/div>\n\n\n\n<div class=\"wp-block-column is-layout-flow wp-block-column-is-layout-flow\" style=\"flex-basis:15%\">\n<p class=\"has-text-align-right\"><a href=\"https:\/\/goo.gl\/maps\/PDW58j8DvgaJ9KvH9\" target=\"_blank\" aria-label=\" (opens in a new tab)\" rel=\"noreferrer noopener\" class=\"ek-link\">Google Maps<\/a><\/p>\n<\/div>\n<\/div>\n\n\n<div class=\"wp-block-ub-divider ub_divider ub-divider-orientation-horizontal\" id=\"ub_divider_151259ef-1e18-4750-a102-e843b8e33cd2\"><div class=\"ub_divider_wrapper\" style=\"position: relative; margin-bottom: 2px; width: 100%; height: 2px; \" data-divider-alignment=\"center\"><div class=\"ub_divider_line\" style=\"border-top: 2px solid #ccc; margin-top: 2px; \"><\/div><\/div><\/div>\n\n\n<h4 class=\"wp-block-heading\" id=\"chiaravalle-abbey\"><strong><strong><strong>Abbazia di Chiaravalle<\/strong><\/strong><\/strong><\/h4>\n\n\n\n<p class=\"translation-block\">L'Abbazia di Chiaravalle \u00e8 un complesso religioso sorto nel Basso Medioevo e situato nella periferia sud di Milano. Uno dei primi esempi di architettura gotica in Italia, la chiesa presenta un elaborato campanile con varie decorazioni. La chiesa custodisce anche diverse opere d'arte e una serie di ricchi affreschi barocchi.<\/p>\n\n\n\n<div class=\"wp-block-columns is-layout-flex wp-container-core-columns-is-layout-9d6595d7 wp-block-columns-is-layout-flex\">\n<div class=\"wp-block-column is-layout-flow wp-block-column-is-layout-flow\" style=\"flex-basis:85%\">\n<p>Indirizzo: Via Sant\u2019Arialdo, 102, 20139 Milano MI<br>Coordinate: 45.4162, 9.2368<\/p>\n<\/div>\n\n\n\n<div class=\"wp-block-column is-layout-flow wp-block-column-is-layout-flow\" style=\"flex-basis:15%\">\n<p class=\"has-text-align-right\"><a href=\"https:\/\/goo.gl\/maps\/QMdDRwRRyyEKPmWf6\" target=\"_blank\" aria-label=\" (opens in a new tab)\" rel=\"noreferrer noopener\" class=\"ek-link\">Google Maps<\/a><\/p>\n<\/div>\n<\/div>","protected":false},"excerpt":{"rendered":"<p>&lt;&lt; Milan South Milan consists of the Municipi 4, 5, and 6 of the city. This is a mostly residential area located south of the city center, opening toward the countryside. Navigli of Milan The Navigli are a system of navigable canals that originally linked Milan with some rivers around the city. Now mostly covered, the waterfronts of the surviving canals have turned into one of the most popular areas for the local nightlife. Starting from the Darsena, located at the southwestern border of the city center, the roads running to the south along the Naviglio Grande and Naviglio Pavese are filled with bars and restaurants. Address: Viale Gorizia, 20123 Milano MICoordinates: 45.4524, 9.1775 Google Maps Porta Ticinese Porta Ticinese is one of the former city gates of Milan once part of the Spanish walls of the city. Located at the southwestern end of the city center, it was built in the 16th century and later demolished. The gate was rebuilt in the shape of a Neoclassical triumphal arch in the 19th century. Address: P.za Ventiquattro Maggio, 20123 Milano MICoordinates: 45.4525, 9.1802 Google Maps Prada Foundation The Prada Foundation (Fondazione Prada) is a cultural institution dedicated to contemporary art, with its main exhibition space located in Milan. The museum is hosted in a redeveloped former distillery, and it houses several art pieces by contemporary artists. The area often hosts temprary exhibitions, film screenings, and other cultural events. Address: L.go Isarco, 2, 20139 Milano MICoordinates: 45.4441, 9.2048 Google Maps Armani\/Silos Armani\/Silos is an exhibition space and fashion museum in Milan dedicated to stylist Giorgio Armani. The permanent collection of the museum houses thousands of outifts and accessories, as well as videos and memorabilia linked with the Armani brand. Address: Via Bergognone, 40, 20144 Milano MICoordinates: 45.4516, 9.1649 Google Maps Museum of Cultures The Museum of Cultures (Museo delle Culture) is a museum and exhibition space located in a redeveloped former factory. The museum features a permanent ethnographic collection of objects from all over the world, and it often hosts temporary exhibitions. Address: Via Tortona, 56, 20144 Milano MICoordinates: 45.4516, 9.1615 Google Maps Chiaravalle Abbey The Chiaravalle Abbey (Abbazia di Chiaravalle) is a religious complex built in the Late Middle Ages and located in the southern outskirts of Milan. One of the earliest examples of Gothic architecture in Italy, the church features an elaborate bell tower with various decorations. The church also houses several artworks and a series of rich Baroque frescoes. Address: Via Sant&#8217;Arialdo, 102, 20139 Milano MICoordinates: 45.4162, 9.2368 Google Maps<\/p>","protected":false},"author":1,"featured_media":0,"parent":4998,"menu_order":0,"comment_status":"closed","ping_status":"closed","template":"","meta":{"_editorskit_title_hidden":false,"_editorskit_reading_time":0,"_editorskit_is_block_options_detached":false,"_editorskit_block_options_position":"{}","om_disable_all_campaigns":false,"_uag_custom_page_level_css":"","advgb_blocks_editor_width":"","advgb_blocks_columns_visual_guide":"","_monsterinsights_skip_tracking":false,"_monsterinsights_sitenote_active":false,"_monsterinsights_sitenote_note":"","_monsterinsights_sitenote_category":0,"footnotes":""},"class_list":["post-5016","page","type-page","status-publish","hentry"],"aioseo_notices":[],"featured_image_src":null,"uagb_featured_image_src":{"full":false,"thumbnail":false,"medium":false,"medium_large":false,"large":false,"1536x1536":false,"2048x2048":false,"trp-custom-language-flag":false,"xs-thumb":false,"post-thumbnail":false,"minimalistblogger-grid":false,"minimalistblogger-slider":false,"minimalistblogger-small":false},"uagb_author_info":{"display_name":"Stefano Cammisa","author_link":"https:\/\/www.cosmundus.com\/it\/author\/stefano-cammisa\/"},"uagb_comment_info":0,"uagb_excerpt":"&lt;&lt; Milan South Milan consists of the Municipi 4, 5, and 6 of the city. This is a mostly residential area located south of the city center, opening toward the countryside. Navigli of Milan The Navigli are a system of navigable canals that originally linked Milan with some rivers around the city. Now mostly covered,&hellip;","coauthors":[],"author_meta":{"author_link":"https:\/\/www.cosmundus.com\/it\/author\/stefano-cammisa\/","display_name":"Stefano Cammisa"},"relative_dates":{"created":"Pubblicato 3 anni fa","modified":"Aggiornato 2 anni fa"},"absolute_dates":{"created":"Pubblicato il 11 Luglio 2023","modified":"Aggiornato il 6 Marzo 2024"},"absolute_dates_time":{"created":"Pubblicato il 11 Luglio 2023 2:30 pm","modified":"Aggiornato il 6 Marzo 2024 9:53 am"},"featured_img_caption":"","featured_img":false,"series_order":"","_links":{"self":[{"href":"https:\/\/www.cosmundus.com\/it\/wp-json\/wp\/v2\/pages\/5016","targetHints":{"allow":["GET"]}}],"collection":[{"href":"https:\/\/www.cosmundus.com\/it\/wp-json\/wp\/v2\/pages"}],"about":[{"href":"https:\/\/www.cosmundus.com\/it\/wp-json\/wp\/v2\/types\/page"}],"author":[{"embeddable":true,"href":"https:\/\/www.cosmundus.com\/it\/wp-json\/wp\/v2\/users\/1"}],"replies":[{"embeddable":true,"href":"https:\/\/www.cosmundus.com\/it\/wp-json\/wp\/v2\/comments?post=5016"}],"version-history":[{"count":7,"href":"https:\/\/www.cosmundus.com\/it\/wp-json\/wp\/v2\/pages\/5016\/revisions"}],"predecessor-version":[{"id":9843,"href":"https:\/\/www.cosmundus.com\/it\/wp-json\/wp\/v2\/pages\/5016\/revisions\/9843"}],"up":[{"embeddable":true,"href":"https:\/\/www.cosmundus.com\/it\/wp-json\/wp\/v2\/pages\/4998"}],"wp:attachment":[{"href":"https:\/\/www.cosmundus.com\/it\/wp-json\/wp\/v2\/media?parent=5016"}],"curies":[{"name":"wp","href":"https:\/\/api.w.org\/{rel}","templated":true}]}}