{"id":5014,"date":"2023-07-11T14:28:46","date_gmt":"2023-07-11T12:28:46","guid":{"rendered":"https:\/\/www.cosmundus.com\/?page_id=5014"},"modified":"2024-03-06T09:49:09","modified_gmt":"2024-03-06T08:49:09","slug":"west-central-milan","status":"publish","type":"page","link":"https:\/\/www.cosmundus.com\/it\/destinations\/milan\/west-central-milan\/","title":{"rendered":"Milano \u2013 Milano Centro Ovest"},"content":{"rendered":"<p class=\"has-text-align-right\">&lt;&lt; <a href=\"https:\/\/www.cosmundus.com\/it\/destinations\/milan\/\" class=\"ek-link\">Milano<\/a><\/p>\n\n\n\n<p>Milano Centro Ovest \u00e8 la parte del Municipio 1 situata ad ovest del centro storico della citt\u00e0. Delimitata dalle ormai demolite mura medievali e spagnole di Milano, quest'area comprende i quartieri di Magenta e San Vittore.<\/p>\n\n\n<div style=\"border: 1px solid #8ed1fc; border-radius: 0%; background-color: inherit; \" class=\"ub-styled-box ub-bordered-box wp-block-ub-styled-box\" id=\"ub-styled-box-65c65deb-d98a-4df3-8103-6076338cd9de\">\n<p class=\"has-medium-font-size\" id=\"ub-styled-box-bordered-content-35c3b2fa-e142-4716-9c6e-a5fadeada765\">Posti da vedere a Milano \u2013 Milano Centro Ovest<\/p>\n\n\n<div class=\"wp-block-aioseo-table-of-contents\"><ul><li><a class=\"aioseo-toc-item\" href=\"#church-of-santa-maria-delle-grazie\">\u272a Chiesa di Santa Maria delle Grazie<\/a><\/li><li><a class=\"aioseo-toc-item\" href=\"#national-museum-of-science-and-technology\">\u272a Museo Nazionale della Scienza e della Tecnologia<\/a><\/li><li><a class=\"aioseo-toc-item\" href=\"#basilica-of-santeustorgio\">\u272a Basilica di Sant\u2019Eustorgio<\/a><\/li><li><a class=\"aioseo-toc-item\" href=\"#church-of-san-vittore-al-corpo\">Chiesa di San Vittore al Corpo<\/a><\/li><li><a class=\"aioseo-toc-item\" href=\"#antiquarium-of-milan\">Antiquarium di Milano<\/a><\/li><\/ul><\/div>\n\n<\/div>\n\n\n<h4 class=\"wp-block-heading\" id=\"church-of-santa-maria-delle-grazie\"><strong><strong>\u272a Chiesa di Santa Maria delle Grazie<\/strong><\/strong><\/h4>\n\n\n\n<p class=\"translation-block\">La Chiesa di Santa Maria delle Grazie \u00e8 una chiesa del quindicesimo secolo a Milano. Presenta una miscela di stile gotico e rinascimentale, con un'abside progettata da Bramante, e i suoi interni ospitano diverse opere d'arte. Tuttavia, la chiesa \u00e8 meglio nota per il suo refettorio, che ospita <em><strong>L'Ultima Cena<\/strong><\/em> (o <em><strong>Il Cenacolo<\/strong><\/em>) di Leonardo da Vinci. Dipinto alla fine del quindicesimo secolo, \u00e8 considerato una delle pi\u00f9 grandi opere di Leonardo e un capolavoro del Rinascimento italiano. Una delle opere d'arte pi\u00f9 famose e imitate della storia, raffigura l'ultima cena di Ges\u00f9 con i Dodici Apostoli, nel momento in cui Ges\u00f9 predice che uno di loro lo tradir\u00e0. Gravemente danneggiata nel corso dei secoli, l'opera \u00e8 stata pi\u00f9 volte restaurata.<\/p>\n\n\n\n<div class=\"wp-block-columns is-layout-flex wp-container-core-columns-is-layout-9d6595d7 wp-block-columns-is-layout-flex\">\n<div class=\"wp-block-column is-layout-flow wp-block-column-is-layout-flow\" style=\"flex-basis:85%\">\n<p>Indirizzo: Piazza di Santa Maria delle Grazie, 20123 Milano MI<br>Coordinate: 45.4660, 9.1709<\/p>\n<\/div>\n\n\n\n<div class=\"wp-block-column is-layout-flow wp-block-column-is-layout-flow\" style=\"flex-basis:15%\">\n<p class=\"has-text-align-right\"><a href=\"https:\/\/goo.gl\/maps\/q2oiyfDuggec7Ls49\" class=\"ek-link\">Google Maps<\/a><\/p>\n<\/div>\n<\/div>\n\n\n<div class=\"wp-block-ub-divider ub_divider ub-divider-orientation-horizontal\" id=\"ub_divider_bdfdc023-751b-4078-8d34-d11b4c275d8d\"><div class=\"ub_divider_wrapper\" style=\"position: relative; margin-bottom: 2px; width: 100%; height: 2px; \" data-divider-alignment=\"center\"><div class=\"ub_divider_line\" style=\"border-top: 2px solid #ccc; margin-top: 2px; \"><\/div><\/div><\/div>\n\n\n<h4 class=\"wp-block-heading\" id=\"national-museum-of-science-and-technology\"><strong><strong>\u272a Museo Nazionale della Scienza e della Tecnologia<\/strong><\/strong><\/h4>\n\n\n\n<p class=\"translation-block\">Il Museo Nazionale della Scienza e della Tecnologia \u00e8 il pi\u00f9 grande museo della scienza e della tecnologia in Italia, dedicato a Leonardo da Vinci. Situato in un ex monastero adiacente alla Chiesa di San Vittore al Corpo, il museo include una vasta collezione che comprende aerei, locomotive, sottomarini, navi, strumenti astronomici, telegrafi, computer e macchinari industriali, tra molti altri pezzi interessanti. Una sezione del museo \u00e8 incentrata su Leonardo da Vinci e presenta varie macchine riprodotte dai suoi disegni.<\/p>\n\n\n\n<div class=\"wp-block-columns is-layout-flex wp-container-core-columns-is-layout-9d6595d7 wp-block-columns-is-layout-flex\">\n<div class=\"wp-block-column is-layout-flow wp-block-column-is-layout-flow\" style=\"flex-basis:85%\">\n<p>Indirizzo: Via San Vittore, 21, 20123 Milano MI<br>Coordinate: 45.4624, 9.1705<\/p>\n<\/div>\n\n\n\n<div class=\"wp-block-column is-layout-flow wp-block-column-is-layout-flow\" style=\"flex-basis:15%\">\n<p class=\"has-text-align-right\"><a href=\"https:\/\/goo.gl\/maps\/qwMDt83Vhcdztx2G6\" class=\"ek-link\">Google Maps<\/a><\/p>\n<\/div>\n<\/div>\n\n\n<div class=\"wp-block-ub-divider ub_divider ub-divider-orientation-horizontal\" id=\"ub_divider_6c07da21-e3d8-45c9-9d3f-20bf43667adc\"><div class=\"ub_divider_wrapper\" style=\"position: relative; margin-bottom: 2px; width: 100%; height: 2px; \" data-divider-alignment=\"center\"><div class=\"ub_divider_line\" style=\"border-top: 2px solid #ccc; margin-top: 2px; \"><\/div><\/div><\/div>\n\n\n<h4 class=\"wp-block-heading\" id=\"basilica-of-santeustorgio\"><strong><strong>\u272a Basilica di Sant\u2019Eustorgio<\/strong><\/strong><\/h4>\n\n\n\n<p class=\"translation-block\">La Basilica di Sant'Eustorgio \u00e8 una grande chiesa di Milano originariamente fondata nel quarto secolo e successivamente ricostruita in stile romanico lombardo. La chiesa fu costruita per ospitare le reliquie dei Re Magi, ma queste furono trasferite a Colonia dopo che Federico Barbarossa saccheggi\u00f2 Milano nel 1162. Solo nel 1903 una piccola parte delle reliquie fece ritorno a Milano, e sono ora ospitate nella Basilica di Sant' Eustorgio. La chiesa presenta anche varie cappelle riccamente decorate, in particolare la Cappella Portinari, risalente al Rinascimento. All'interno della chiesa si trovano anche vari elaborati monumenti funebri. Il <strong>Museo Diocesano di Milano<\/strong> \u00e8 adiacente alla basilica e ospita numerose opere d'arte sacra che vanno dall'et\u00e0 paleocristiana fino ai giorni nostri. Alle spalle della chiesa si trova il grande <strong>Parco Giovanni Paolo II<\/strong> o <strong>Parco delle Basiliche<\/strong>, che la collega alla Basilica di San Lorenzo.<\/p>\n\n\n\n<div class=\"wp-block-columns is-layout-flex wp-container-core-columns-is-layout-9d6595d7 wp-block-columns-is-layout-flex\">\n<div class=\"wp-block-column is-layout-flow wp-block-column-is-layout-flow\" style=\"flex-basis:85%\">\n<p>Indirizzo: Piazza Sant\u2019Eustorgio, 1, 20122 Milano MI<br>Coordinate: 45.4540, 9.1811<\/p>\n<\/div>\n\n\n\n<div class=\"wp-block-column is-layout-flow wp-block-column-is-layout-flow\" style=\"flex-basis:15%\">\n<p class=\"has-text-align-right\"><a href=\"https:\/\/goo.gl\/maps\/7J2kUKkQSCUUPFD67\" class=\"ek-link\">Google Maps<\/a><\/p>\n<\/div>\n<\/div>\n\n\n<div class=\"wp-block-ub-divider ub_divider ub-divider-orientation-horizontal\" id=\"ub_divider_e5c6a020-a7bf-4282-b07d-d036e1ebb5f4\"><div class=\"ub_divider_wrapper\" style=\"position: relative; margin-bottom: 2px; width: 100%; height: 2px; \" data-divider-alignment=\"center\"><div class=\"ub_divider_line\" style=\"border-top: 2px solid #ccc; margin-top: 2px; \"><\/div><\/div><\/div>\n\n\n<h4 class=\"wp-block-heading\" id=\"church-of-san-vittore-al-corpo\"><strong><strong><strong>Chiesa di San Vittore al Corpo<\/strong><\/strong><\/strong><\/h4>\n\n\n\n<p>La Chiesa di San Vittore al Corpo \u00e8 un'antica chiesa di Milano. Originariamente eretta nel quarto secolo come mausoleo romano, l'edificio fu successivamente ampliato e completamente ricostruito nel sedicesimo secolo. La chiesa presenta interni riccamente decorati, adornati da elaborati affreschi e opere d'arte barocche e manieriste.<\/p>\n\n\n\n<div class=\"wp-block-columns is-layout-flex wp-container-core-columns-is-layout-9d6595d7 wp-block-columns-is-layout-flex\">\n<div class=\"wp-block-column is-layout-flow wp-block-column-is-layout-flow\" style=\"flex-basis:85%\">\n<p>Indirizzo: Via San Vittore, 25, 20122 Milano MI<br>Coordinate: 45.4628, 9.1701<\/p>\n<\/div>\n\n\n\n<div class=\"wp-block-column is-layout-flow wp-block-column-is-layout-flow\" style=\"flex-basis:15%\">\n<p class=\"has-text-align-right\"><a href=\"https:\/\/goo.gl\/maps\/tVFENRshmxYpag9r5\" target=\"_blank\" aria-label=\" (opens in a new tab)\" rel=\"noreferrer noopener\" class=\"ek-link\">Google Maps<\/a><\/p>\n<\/div>\n<\/div>\n\n\n<div class=\"wp-block-ub-divider ub_divider ub-divider-orientation-horizontal\" id=\"ub_divider_d490654a-4d19-4765-84cc-c0b19ed2b21e\"><div class=\"ub_divider_wrapper\" style=\"position: relative; margin-bottom: 2px; width: 100%; height: 2px; \" data-divider-alignment=\"center\"><div class=\"ub_divider_line\" style=\"border-top: 2px solid #ccc; margin-top: 2px; \"><\/div><\/div><\/div>\n\n\n<h4 class=\"wp-block-heading\" id=\"antiquarium-of-milan\"><strong><strong><strong>Antiquarium di Milano<\/strong><\/strong><\/strong><\/h4>\n\n\n\n<p class=\"translation-block\">L'Antiquarium di Milano \u00e8 un museo archeologico che ospita vari reperti di et\u00e0 romana e medievale rinvenuti in citt\u00e0. Il museo comprende anche le rovine dell'<strong>Anfiteatro Romano di Milano<\/strong>, costruito nel primo secolo d.C. e demolito nel quinto o sesto secolo.<\/p>\n\n\n\n<div class=\"wp-block-columns is-layout-flex wp-container-core-columns-is-layout-9d6595d7 wp-block-columns-is-layout-flex\">\n<div class=\"wp-block-column is-layout-flow wp-block-column-is-layout-flow\" style=\"flex-basis:85%\">\n<p>Indirizzo: Via Edmondo de Amicis, 17, 20123 Milano MI<br>Coordinate: 45.4578, 9.1796<\/p>\n<\/div>\n\n\n\n<div class=\"wp-block-column is-layout-flow wp-block-column-is-layout-flow\" style=\"flex-basis:15%\">\n<p class=\"has-text-align-right\"><a href=\"https:\/\/goo.gl\/maps\/Y3z9RZYobiSXqyRD6\" target=\"_blank\" aria-label=\" (opens in a new tab)\" rel=\"noreferrer noopener\" class=\"ek-link\">Google Maps<\/a><\/p>\n<\/div>\n<\/div>","protected":false},"excerpt":{"rendered":"<p>&lt;&lt; Milan West Central Milan is the part of Municipio 1 located to the west of the historic center of the city. Delimited by the now-demolished medieval and Spanish walls of Milan, this area includes the neighborhoods of Magenta and San Vittore. \u272a Church of Santa Maria delle Grazie The Church of Santa Maria delle Grazie is a 15th-century church in Milan. It features a blend of Gothic and Renaissance style, with an apse designed by Bramante, and its interiors house several artworks. However, the church is best known for its refectory, which hosts The Last Supper (L&#8217;Ultima Cena or Il Cenacolo) by Leonardo da Vinci. Painted at the end of the 15th century, this is considered one of the greatest works of da Vinci, and a masterpiece of the Italian Renaissance. One of the most famous and imitated art pieces in history, it depicts the Last Supper of Jesus with the Twelve Apostoles, at the moment in which Jesus predicts that one of them will betray him. Badly damaged over the centuries, the work has been restored several times. Address: Piazza di Santa Maria delle Grazie, 20123 Milano MICoordinates: 45.4660, 9.1709 Google Maps \u272a National Museum of Science and Technology The National Museum of Science and Technology (Museo Nazionale della Scienza e della Tecnologia) is the largest science and technology museum in Italy, dedicated to Leonardo da Vinci. Located in a former monastery adjacent to the Church of San Vittore al Corpo, the museum includes a huge collection that features aircrafts, locomotives, submarines, ships, astronomical instruments, telegraphs, computers, and industrial machinery, among many other interesting pieces. A section of the museum is focused on Leonardo da Vinci, and it features various machines reproduced from his drawings. Address: Via San Vittore, 21, 20123 Milano MICoordinates: 45.4624, 9.1705 Google Maps \u272a Basilica of Sant&#8217;Eustorgio The Basilica of Sant&#8217;Eustorgio is a large church in Milan originally founded in the 4th century and later rebuilt in Lombard Romanesque style. The church was built to house the relics of the Three Magi, but these were moved to Cologne after Frederick Barbarossa sacked Milan in 1162. Only in 1903 a small portion of the relics returned to Milan, and are now hosted in the Basilica of Sant&#8217;Eustorgio. The church also features various richly decorated chapels, most notably the Portinari Chapel (Cappella Portinari), dating from the Renaissance. Various elaborate funerary monuments are also located inside the church. The Diocesan Museum of Milan (Museo Diocesano di Milano) is adjacent to the basilica and it hosts many pieces of religious art ranging from the Paleochristian age until today. The large city park Parco Giovanni Paolo II or Parco delle Basiliche (&#8220;Basilicas Park&#8221;) is located behind the church, linking it with the Basilica of San Lorenzo. Address: Piazza Sant&#8217;Eustorgio, 1, 20122 Milano MICoordinates: 45.4540, 9.1811 Google Maps Church of San Vittore al Corpo The Church of San Vittore al Corpo is an ancient church in Milan. Originally erected in the 4th century as a Roman mausoleum, the building was later enlarged and completely rebuilt in the 16th century. The church features richly decorated interiors, adorned with elaborate Baroque and Mannerist frescoes and artworks. Address: Via San Vittore, 25, 20122 Milano MICoordinates: 45.4628, 9.1701 Google Maps Antiquarium of Milan The Antiquarium of Milan is an archaeological museum which hosts various finds from the Roman and medieval period unearthed in the city. The museum also includes the ruins of the Roman Amphitheater of Milan, which was built in the 1st century CE and demolished in the 5th or 6th century. Address: Via Edmondo de Amicis, 17, 20123 Milano MICoordinates: 45.4578, 9.1796 Google Maps<\/p>","protected":false},"author":1,"featured_media":0,"parent":4998,"menu_order":0,"comment_status":"closed","ping_status":"closed","template":"","meta":{"_editorskit_title_hidden":false,"_editorskit_reading_time":0,"_editorskit_is_block_options_detached":false,"_editorskit_block_options_position":"{}","om_disable_all_campaigns":false,"_uag_custom_page_level_css":"","advgb_blocks_editor_width":"","advgb_blocks_columns_visual_guide":"","_monsterinsights_skip_tracking":false,"_monsterinsights_sitenote_active":false,"_monsterinsights_sitenote_note":"","_monsterinsights_sitenote_category":0,"footnotes":""},"class_list":["post-5014","page","type-page","status-publish","hentry"],"aioseo_notices":[],"featured_image_src":null,"uagb_featured_image_src":{"full":false,"thumbnail":false,"medium":false,"medium_large":false,"large":false,"1536x1536":false,"2048x2048":false,"trp-custom-language-flag":false,"xs-thumb":false,"post-thumbnail":false,"minimalistblogger-grid":false,"minimalistblogger-slider":false,"minimalistblogger-small":false},"uagb_author_info":{"display_name":"Stefano Cammisa","author_link":"https:\/\/www.cosmundus.com\/it\/author\/stefano-cammisa\/"},"uagb_comment_info":0,"uagb_excerpt":"&lt;&lt; Milan West Central Milan is the part of Municipio 1 located to the west of the historic center of the city. Delimited by the now-demolished medieval and Spanish walls of Milan, this area includes the neighborhoods of Magenta and San Vittore. \u272a Church of Santa Maria delle Grazie The Church of Santa Maria delle&hellip;","coauthors":[],"author_meta":{"author_link":"https:\/\/www.cosmundus.com\/it\/author\/stefano-cammisa\/","display_name":"Stefano Cammisa"},"relative_dates":{"created":"Pubblicato 3 anni fa","modified":"Aggiornato 2 anni fa"},"absolute_dates":{"created":"Pubblicato il 11 Luglio 2023","modified":"Aggiornato il 6 Marzo 2024"},"absolute_dates_time":{"created":"Pubblicato il 11 Luglio 2023 2:28 pm","modified":"Aggiornato il 6 Marzo 2024 9:49 am"},"featured_img_caption":"","featured_img":false,"series_order":"","_links":{"self":[{"href":"https:\/\/www.cosmundus.com\/it\/wp-json\/wp\/v2\/pages\/5014","targetHints":{"allow":["GET"]}}],"collection":[{"href":"https:\/\/www.cosmundus.com\/it\/wp-json\/wp\/v2\/pages"}],"about":[{"href":"https:\/\/www.cosmundus.com\/it\/wp-json\/wp\/v2\/types\/page"}],"author":[{"embeddable":true,"href":"https:\/\/www.cosmundus.com\/it\/wp-json\/wp\/v2\/users\/1"}],"replies":[{"embeddable":true,"href":"https:\/\/www.cosmundus.com\/it\/wp-json\/wp\/v2\/comments?post=5014"}],"version-history":[{"count":11,"href":"https:\/\/www.cosmundus.com\/it\/wp-json\/wp\/v2\/pages\/5014\/revisions"}],"predecessor-version":[{"id":9839,"href":"https:\/\/www.cosmundus.com\/it\/wp-json\/wp\/v2\/pages\/5014\/revisions\/9839"}],"up":[{"embeddable":true,"href":"https:\/\/www.cosmundus.com\/it\/wp-json\/wp\/v2\/pages\/4998"}],"wp:attachment":[{"href":"https:\/\/www.cosmundus.com\/it\/wp-json\/wp\/v2\/media?parent=5014"}],"curies":[{"name":"wp","href":"https:\/\/api.w.org\/{rel}","templated":true}]}}