{"id":5013,"date":"2023-07-11T14:28:08","date_gmt":"2023-07-11T12:28:08","guid":{"rendered":"https:\/\/www.cosmundus.com\/?page_id=5013"},"modified":"2024-03-06T09:47:16","modified_gmt":"2024-03-06T08:47:16","slug":"east-central-milan","status":"publish","type":"page","link":"https:\/\/www.cosmundus.com\/it\/destinations\/milan\/east-central-milan\/","title":{"rendered":"Milano \u2013 Milano Centro Est"},"content":{"rendered":"<p class=\"has-text-align-right\">&lt;&lt; <a href=\"https:\/\/www.cosmundus.com\/it\/destinations\/milan\/\" class=\"ek-link\">Milano<\/a><\/p>\n\n\n\n<p>Milano Centro Est \u00e8 la parte del Municipio 1 situata tra le ex mura medievali e spagnole della citt\u00e0, ad est del centro storico. Questa zona comprende il quartiere di Guastalla e la parte interna di Porta Venezia.<\/p>\n\n\n<div style=\"border: 1px solid #8ed1fc; border-radius: 0%; background-color: inherit; \" class=\"ub-styled-box ub-bordered-box wp-block-ub-styled-box\" id=\"ub-styled-box-6654a232-a52c-42f0-9a25-8979092e9718\">\n<p class=\"has-medium-font-size\" id=\"ub-styled-box-bordered-content-1ed69aad-c6b7-4bf0-a6c8-234126be6cef\">Posti da vedere a Milano \u2013 Milano Centro Est<\/p>\n\n\n<div class=\"wp-block-aioseo-table-of-contents\"><ul><li><a class=\"aioseo-toc-item\" href=\"#villa-reale\">\u272a Villa Reale<\/a><\/li><li><a class=\"aioseo-toc-item\" href=\"#civic-museum-of-natural-history-of-milan\">\u272a Museo Civico di Storia Naturale di Milano<\/a><\/li><li><a class=\"aioseo-toc-item\" href=\"#giardini-pubblici-indro-montanelli\">Giardini Pubblici Indro Montanelli<\/a><\/li><li><a class=\"aioseo-toc-item\" href=\"#villa-necchi-campiglio\">Villa Necchi Campiglio<\/a><\/li><li><a class=\"aioseo-toc-item\" href=\"#church-of-santa-maria-della-passione\">Chiesa di Santa Maria della Passione<\/a><\/li><li><a class=\"aioseo-toc-item\" href=\"#rotonda-della-besana\">Rotonda della Besana<\/a><\/li><li><a class=\"aioseo-toc-item\" href=\"#church-of-santa-maria-presso-san-celso\">Chiesa di Santa Maria presso San Celso<\/a><\/li><\/ul><\/div>\n\n<\/div>\n\n\n<h4 class=\"wp-block-heading\" id=\"villa-reale\"><strong><strong>\u272a Villa Reale<\/strong><\/strong><\/h4>\n\n\n\n<p>Anche nota come: Villa Belgiojoso Bonaparte<\/p>\n\n\n\n<p class=\"translation-block\">Villa Reale \u00e8 una villa neoclassica eretta alla fine dell'Ottocento a Milano. Il palazzo \u00e8 riccamente decorato e presenta molte sale riccamente adornate. Un ampio giardino si trova dietro la villa. Villa Reale \u00e8 nota soprattutto per ospitare la <strong>Galleria d'Arte Moderna<\/strong>, una collezione di opere d'arte moderna datate tra il diciottesimo e il ventesimo secolo. Il museo ospita dipinti di Van Gogh, Picasso, Gauguin, Manet e C\u00e9zanne, tra gli altri, oltre a numerose sculture.<\/p>\n\n\n\n<div class=\"wp-block-columns is-layout-flex wp-container-core-columns-is-layout-9d6595d7 wp-block-columns-is-layout-flex\">\n<div class=\"wp-block-column is-layout-flow wp-block-column-is-layout-flow\" style=\"flex-basis:85%\">\n<p>Indirizzo: Via Palestro, 16, 20121 Milano MI<br>Coordinate: 45.4725, 9.1997<\/p>\n<\/div>\n\n\n\n<div class=\"wp-block-column is-layout-flow wp-block-column-is-layout-flow\" style=\"flex-basis:15%\">\n<p class=\"has-text-align-right\"><a href=\"https:\/\/goo.gl\/maps\/ks3ZMMTB3mdsPSKP8\" class=\"ek-link\">Google Maps<\/a><\/p>\n<\/div>\n<\/div>\n\n\n<div class=\"wp-block-ub-divider ub_divider ub-divider-orientation-horizontal\" id=\"ub_divider_58a74db4-1394-4b7b-b6de-26fd6dbcdada\"><div class=\"ub_divider_wrapper\" style=\"position: relative; margin-bottom: 2px; width: 100%; height: 2px; \" data-divider-alignment=\"center\"><div class=\"ub_divider_line\" style=\"border-top: 2px solid #ccc; margin-top: 2px; \"><\/div><\/div><\/div>\n\n\n<h4 class=\"wp-block-heading\" id=\"civic-museum-of-natural-history-of-milan\"><strong><strong>\u272a Museo Civico di Storia Naturale di Milano<\/strong><\/strong><\/h4>\n\n\n\n<p class=\"translation-block\">Il Museo Civico di Storia Naturale di Milano \u00e8 un museo di storia naturale situato all'interno dei Giardini Pubblici Indro Montanelli. Il museo ospita una vasta collezione con sezioni dedicate alla mineralogia, alla paleontologia, all'evoluzione umana e alla zoologia. La sezione paleontologica comprende numerosi fossili di dinosauri tra cui l'unico fossile conosciuto di <em>Scipionyx<\/em>.<\/p>\n\n\n\n<div class=\"wp-block-columns is-layout-flex wp-container-core-columns-is-layout-9d6595d7 wp-block-columns-is-layout-flex\">\n<div class=\"wp-block-column is-layout-flow wp-block-column-is-layout-flow\" style=\"flex-basis:85%\">\n<p>Indirizzo: Corso Venezia, 55, 20121 Milano MI<br>Coordinate: 45.4729, 9.2023<\/p>\n<\/div>\n\n\n\n<div class=\"wp-block-column is-layout-flow wp-block-column-is-layout-flow\" style=\"flex-basis:15%\">\n<p class=\"has-text-align-right\"><a href=\"https:\/\/goo.gl\/maps\/Cz83MyTQy3Uny5uN7\" target=\"_blank\" aria-label=\" (opens in a new tab)\" rel=\"noreferrer noopener\" class=\"ek-link\">Google Maps<\/a><\/p>\n<\/div>\n<\/div>\n\n\n<div class=\"wp-block-ub-divider ub_divider ub-divider-orientation-horizontal\" id=\"ub_divider_c77f2976-a34a-48ac-97a5-4ce62af3a6f8\"><div class=\"ub_divider_wrapper\" style=\"position: relative; margin-bottom: 2px; width: 100%; height: 2px; \" data-divider-alignment=\"center\"><div class=\"ub_divider_line\" style=\"border-top: 2px solid #ccc; margin-top: 2px; \"><\/div><\/div><\/div>\n\n\n<h4 class=\"wp-block-heading\" id=\"giardini-pubblici-indro-montanelli\"><strong><strong><strong>Giardini Pubblici Indro Montanelli<\/strong><\/strong><\/strong><\/h4>\n\n\n\n<p class=\"translation-block\">I Giardini Pubblici Indro Montanelli sono un parco cittadino situato a nord-est del centro storico di Milano. Eretto nel 1784, \u00e8 il pi\u00f9 antico parco pubblico di Milano, pi\u00f9 volte ampliato e abbellito da vari monumenti. Il barocco <strong>Palazzo Dugnani<\/strong>, che ospita una sala affrescata da Tiepolo, si trova all'estremit\u00e0 occidentale del parco, mentre il <strong>Planetario di Milano<\/strong> e il Museo Civico di Storia Naturale si trovano sul lato orientale dei giardini. La storica porta cittadina <strong>Porta Venezia<\/strong> si trova appena fuori dal parco.<\/p>\n\n\n\n<div class=\"wp-block-columns is-layout-flex wp-container-core-columns-is-layout-9d6595d7 wp-block-columns-is-layout-flex\">\n<div class=\"wp-block-column is-layout-flow wp-block-column-is-layout-flow\" style=\"flex-basis:85%\">\n<p>Indirizzo: Via Palestro, 20121 Milano MI<br>Coordinate: 45.4744, 9.1993<\/p>\n<\/div>\n\n\n\n<div class=\"wp-block-column is-layout-flow wp-block-column-is-layout-flow\" style=\"flex-basis:15%\">\n<p class=\"has-text-align-right\"><a href=\"https:\/\/goo.gl\/maps\/NjVX5nZcT9Z98nvZ9\" target=\"_blank\" aria-label=\" (opens in a new tab)\" rel=\"noreferrer noopener\" class=\"ek-link\">Google Maps<\/a><\/p>\n<\/div>\n<\/div>\n\n\n<div class=\"wp-block-ub-divider ub_divider ub-divider-orientation-horizontal\" id=\"ub_divider_fbc7a666-7d9b-49f9-b745-5d778b2bfb36\"><div class=\"ub_divider_wrapper\" style=\"position: relative; margin-bottom: 2px; width: 100%; height: 2px; \" data-divider-alignment=\"center\"><div class=\"ub_divider_line\" style=\"border-top: 2px solid #ccc; margin-top: 2px; \"><\/div><\/div><\/div>\n\n\n<h4 class=\"wp-block-heading\" id=\"villa-necchi-campiglio\"><strong><strong><strong>Villa Necchi Campiglio<\/strong><\/strong><\/strong><\/h4>\n\n\n\n<p>Villa Necchi Campiglio \u00e8 una casa museo a Milano. Originariamente costruita negli anni trenta del Novecento, \u00e8 stata restaurata e trasformata in un museo che ospita arredi antichi e varie opere d'arte. La villa ospita una serie di dipinti e sculture di artisti italiani del ventesimo secolo.<\/p>\n\n\n\n<div class=\"wp-block-columns is-layout-flex wp-container-core-columns-is-layout-9d6595d7 wp-block-columns-is-layout-flex\">\n<div class=\"wp-block-column is-layout-flow wp-block-column-is-layout-flow\" style=\"flex-basis:85%\">\n<p>Indirizzo: Via Mozart, 14, 20122 Milano MI<br>Coordinate: 45.4683, 9.2018<\/p>\n<\/div>\n\n\n\n<div class=\"wp-block-column is-layout-flow wp-block-column-is-layout-flow\" style=\"flex-basis:15%\">\n<p class=\"has-text-align-right\"><a href=\"https:\/\/goo.gl\/maps\/pCvm9fckLWvArTS29\" target=\"_blank\" aria-label=\" (opens in a new tab)\" rel=\"noreferrer noopener\" class=\"ek-link\">Google Maps<\/a><\/p>\n<\/div>\n<\/div>\n\n\n<div class=\"wp-block-ub-divider ub_divider ub-divider-orientation-horizontal\" id=\"ub_divider_ac51773c-1d75-450b-8a0d-aa2bbf2f8637\"><div class=\"ub_divider_wrapper\" style=\"position: relative; margin-bottom: 2px; width: 100%; height: 2px; \" data-divider-alignment=\"center\"><div class=\"ub_divider_line\" style=\"border-top: 2px solid #ccc; margin-top: 2px; \"><\/div><\/div><\/div>\n\n\n<h4 class=\"wp-block-heading\" id=\"church-of-santa-maria-della-passione\"><strong><strong><strong>Chiesa di Santa Maria della Passione<\/strong><\/strong><\/strong><\/h4>\n\n\n\n<p>La Chiesa di Santa Maria della Passione \u00e8 una grande chiesa rinascimentale a Milano, eretta a partire dal quindicesimo secolo. La chiesa custodisce numerose opere d'arte, tra cui vari dipinti e monumenti funebri, e i suoi interni sono ricoperti da un ricco ciclo di affreschi realizzati all'inizio del sedicesimo secolo.<\/p>\n\n\n\n<div class=\"wp-block-columns is-layout-flex wp-container-core-columns-is-layout-9d6595d7 wp-block-columns-is-layout-flex\">\n<div class=\"wp-block-column is-layout-flow wp-block-column-is-layout-flow\" style=\"flex-basis:85%\">\n<p>Indirizzo: Via Vincenzo Bellini, 2, 20122 Milano MI<br>Coordinate: 45.4652, 9.2034<\/p>\n<\/div>\n\n\n\n<div class=\"wp-block-column is-layout-flow wp-block-column-is-layout-flow\" style=\"flex-basis:15%\">\n<p class=\"has-text-align-right\"><a href=\"https:\/\/goo.gl\/maps\/z1XzKcbQXBxgoGGD6\" target=\"_blank\" aria-label=\" (opens in a new tab)\" rel=\"noreferrer noopener\" class=\"ek-link\">Google Maps<\/a><\/p>\n<\/div>\n<\/div>\n\n\n<div class=\"wp-block-ub-divider ub_divider ub-divider-orientation-horizontal\" id=\"ub_divider_971114e9-2359-4416-bfc3-f12c47daf0ba\"><div class=\"ub_divider_wrapper\" style=\"position: relative; margin-bottom: 2px; width: 100%; height: 2px; \" data-divider-alignment=\"center\"><div class=\"ub_divider_line\" style=\"border-top: 2px solid #ccc; margin-top: 2px; \"><\/div><\/div><\/div>\n\n\n<h4 class=\"wp-block-heading\" id=\"rotonda-della-besana\"><strong><strong><strong>Rotonda della Besana<\/strong><\/strong><\/strong><\/h4>\n\n\n\n<p>La Rotonda della Besana \u00e8 un ex cimitero costruito tra il diciassettesimo e il diciottesimo secolo a Milano. Il complesso \u00e8 caratterizzato da una ex chiesa ed \u00e8 circondato da un portico barocco che racchiude un giardino. L'area oggi ospita un centro culturale per bambini.<\/p>\n\n\n\n<div class=\"wp-block-columns is-layout-flex wp-container-core-columns-is-layout-9d6595d7 wp-block-columns-is-layout-flex\">\n<div class=\"wp-block-column is-layout-flow wp-block-column-is-layout-flow\" style=\"flex-basis:85%\">\n<p>Indirizzo: Via Enrico Besana, 12, 20122 Milano MI<br>Coordinate: 45.4598, 9.2052<\/p>\n<\/div>\n\n\n\n<div class=\"wp-block-column is-layout-flow wp-block-column-is-layout-flow\" style=\"flex-basis:15%\">\n<p class=\"has-text-align-right\"><a href=\"https:\/\/goo.gl\/maps\/jDxW1FvjEjCSwUkj9\" target=\"_blank\" aria-label=\" (opens in a new tab)\" rel=\"noreferrer noopener\" class=\"ek-link\">Google Maps<\/a><\/p>\n<\/div>\n<\/div>\n\n\n<div class=\"wp-block-ub-divider ub_divider ub-divider-orientation-horizontal\" id=\"ub_divider_b361ff48-eb05-410e-ba08-5d534ad5a157\"><div class=\"ub_divider_wrapper\" style=\"position: relative; margin-bottom: 2px; width: 100%; height: 2px; \" data-divider-alignment=\"center\"><div class=\"ub_divider_line\" style=\"border-top: 2px solid #ccc; margin-top: 2px; \"><\/div><\/div><\/div>\n\n\n<h4 class=\"wp-block-heading\" id=\"church-of-santa-maria-presso-san-celso\"><strong><strong><strong><strong>Chiesa di Santa Maria presso San Celso<\/strong><\/strong><\/strong><\/strong><\/h4>\n\n\n\n<p class=\"translation-block\">La Chiesa di Santa Maria presso San Celso \u00e8 una chiesa rinascimentale situata a sud del centro storico di Milano. Il santuario fu costruito tra il quindicesimo e il sedicesimo secolo adiacente alla medievale <strong>Chiesa di San Celso<\/strong>. La chiesa presenta un'elaborata facciata decorata con molte sculture e rilievi, e considerata un capolavoro del Manierismo. Un quadriportico \u00e8 posto davanti alla facciata, mentre gli interni della chiesa ospitano numerosi affreschi e opere di artisti rinascimentali e barocchi.<\/p>\n\n\n\n<div class=\"wp-block-columns is-layout-flex wp-container-core-columns-is-layout-9d6595d7 wp-block-columns-is-layout-flex\">\n<div class=\"wp-block-column is-layout-flow wp-block-column-is-layout-flow\" style=\"flex-basis:85%\">\n<p>Indirizzo: Corso Italia, 37, 20122 Milano MI<br>Coordinate: 45.4546, 9.1875<\/p>\n<\/div>\n\n\n\n<div class=\"wp-block-column is-layout-flow wp-block-column-is-layout-flow\" style=\"flex-basis:15%\">\n<p class=\"has-text-align-right\"><a href=\"https:\/\/goo.gl\/maps\/TFCaxhXd62oKd22z5\" target=\"_blank\" aria-label=\" (opens in a new tab)\" rel=\"noreferrer noopener\" class=\"ek-link\">Google Maps<\/a><\/p>\n<\/div>\n<\/div>","protected":false},"excerpt":{"rendered":"<p>&lt;&lt; Milan East Central Milan is the part of Municipio 1 located between the former medieval and Spanish walls of the city, to the east of the historic center. This area includes the neighborhood of Guastalla and the inner part of Porta Venezia. \u272a Villa Reale Also known as: Villa Belgiojoso Bonaparte Villa Reale is a Neoclassical villa erected at the end of the 19th century in Milan. The palace is richly decorated and it features many richly adorned halls. A large garden is located behind the villa. Villa Reale is best known for hosting the Galleria d&#8217;Arte Moderna, a collection of modern artworks dating between the 18th and 20th century. The museum houses paintings by Van Gogh, Picasso, Gauguin, Manet, and C\u00e9zanne, among others, as well as numerous sculptures. Address: Via Palestro, 16, 20121 Milano MICoordinates: 45.4725, 9.1997 Google Maps \u272a Civic Museum of Natural History of Milan The Civic Museum of Natural History of Milan (Museo Civico di Storia Naturale di Milano) is a natural history museum located inside the Giardini Pubblici Indro Montanelli. The museum houses a huge collection with sections dedicated to mineraology, paleontology, human evolution, and zoology. The paleontology section includes numerous dinosaur fossils including the only known fossil of Scipionyx. Address: Corso Venezia, 55, 20121 Milano MICoordinates: 45.4729, 9.2023 Google Maps Giardini Pubblici Indro Montanelli The Giardini Pubblici Indro Montanelli are a city park located to the northeast of the historic center of Milan. Erected in 1784, this is the oldest public park in Milan, and it was expanded various times and adorned with various monuments. The Baroque Palazzo Dugnani, which hosts a hall frescoed by Tiepolo, is located at the western end of the park, while the Milan Planetarium and the Civic Museum of Natural History are on the eastern side of the gardens. The historic city gate Porta Venezia is located just outside the park. Address: Via Palestro, 20121 Milano MICoordinates: 45.4744, 9.1993 Google Maps Villa Necchi Campiglio Villa Necchi Campiglio is a house museum in Milan. Originally built in the 1930s, it has been restored and transformed into a museum hosting ancient furnishings and various artworks. The villa houses a series of paintings and sculptures by 20th-century Italian artists. Address: Via Mozart, 14, 20122 Milano MICoordinates: 45.4683, 9.2018 Google Maps Church of Santa Maria della Passione The Church of Santa Maria della Passione is a large Renaissance church in Milan, erected starting in the 15th century. The church houses numerous artworks, including various paintings and funerary monuments, and its interiors are covered with a rich series of frescoes painted in the early 16th century. Address: Via Vincenzo Bellini, 2, 20122 Milano MICoordinates: 45.4652, 9.2034 Google Maps Rotonda della Besana The Rotonda della Besana is a former cemetery built between the 17th and 18th century in Milan. The complex features a former church and is surrounded by a Baroque portico enclosing a garden. The area now hosts a cultural center for children. Address: Via Enrico Besana, 12, 20122 Milano MICoordinates: 45.4598, 9.2052 Google Maps Church of Santa Maria presso San Celso The Church of Santa Maria presso San Celso is a Renaissance church located south of the historic center of Milan. The sanctuary was built between the 15th and 16th century adjacent to the medieval Church of San Celso. The church features an elaborate facade decorated with many sculptures and reliefs, and considered a masterpiece of Mannerism. A square portico is placed in front of the facade, while the interiors of the church house numerous frescoes and artworks by Renaissance and Baroque artists. Address: Corso Italia, 37, 20122 Milano MICoordinates: 45.4546, 9.1875 Google Maps<\/p>","protected":false},"author":1,"featured_media":0,"parent":4998,"menu_order":0,"comment_status":"closed","ping_status":"closed","template":"","meta":{"_editorskit_title_hidden":false,"_editorskit_reading_time":0,"_editorskit_is_block_options_detached":false,"_editorskit_block_options_position":"{}","om_disable_all_campaigns":false,"_uag_custom_page_level_css":"","advgb_blocks_editor_width":"","advgb_blocks_columns_visual_guide":"","_monsterinsights_skip_tracking":false,"_monsterinsights_sitenote_active":false,"_monsterinsights_sitenote_note":"","_monsterinsights_sitenote_category":0,"footnotes":""},"class_list":["post-5013","page","type-page","status-publish","hentry"],"aioseo_notices":[],"featured_image_src":null,"uagb_featured_image_src":{"full":false,"thumbnail":false,"medium":false,"medium_large":false,"large":false,"1536x1536":false,"2048x2048":false,"trp-custom-language-flag":false,"xs-thumb":false,"post-thumbnail":false,"minimalistblogger-grid":false,"minimalistblogger-slider":false,"minimalistblogger-small":false},"uagb_author_info":{"display_name":"Stefano Cammisa","author_link":"https:\/\/www.cosmundus.com\/it\/author\/stefano-cammisa\/"},"uagb_comment_info":0,"uagb_excerpt":"&lt;&lt; Milan East Central Milan is the part of Municipio 1 located between the former medieval and Spanish walls of the city, to the east of the historic center. This area includes the neighborhood of Guastalla and the inner part of Porta Venezia. \u272a Villa Reale Also known as: Villa Belgiojoso Bonaparte Villa Reale is&hellip;","coauthors":[],"author_meta":{"author_link":"https:\/\/www.cosmundus.com\/it\/author\/stefano-cammisa\/","display_name":"Stefano Cammisa"},"relative_dates":{"created":"Pubblicato 3 anni fa","modified":"Aggiornato 2 anni fa"},"absolute_dates":{"created":"Pubblicato il 11 Luglio 2023","modified":"Aggiornato il 6 Marzo 2024"},"absolute_dates_time":{"created":"Pubblicato il 11 Luglio 2023 2:28 pm","modified":"Aggiornato il 6 Marzo 2024 9:47 am"},"featured_img_caption":"","featured_img":false,"series_order":"","_links":{"self":[{"href":"https:\/\/www.cosmundus.com\/it\/wp-json\/wp\/v2\/pages\/5013","targetHints":{"allow":["GET"]}}],"collection":[{"href":"https:\/\/www.cosmundus.com\/it\/wp-json\/wp\/v2\/pages"}],"about":[{"href":"https:\/\/www.cosmundus.com\/it\/wp-json\/wp\/v2\/types\/page"}],"author":[{"embeddable":true,"href":"https:\/\/www.cosmundus.com\/it\/wp-json\/wp\/v2\/users\/1"}],"replies":[{"embeddable":true,"href":"https:\/\/www.cosmundus.com\/it\/wp-json\/wp\/v2\/comments?post=5013"}],"version-history":[{"count":12,"href":"https:\/\/www.cosmundus.com\/it\/wp-json\/wp\/v2\/pages\/5013\/revisions"}],"predecessor-version":[{"id":9837,"href":"https:\/\/www.cosmundus.com\/it\/wp-json\/wp\/v2\/pages\/5013\/revisions\/9837"}],"up":[{"embeddable":true,"href":"https:\/\/www.cosmundus.com\/it\/wp-json\/wp\/v2\/pages\/4998"}],"wp:attachment":[{"href":"https:\/\/www.cosmundus.com\/it\/wp-json\/wp\/v2\/media?parent=5013"}],"curies":[{"name":"wp","href":"https:\/\/api.w.org\/{rel}","templated":true}]}}