{"id":5012,"date":"2023-07-11T14:27:20","date_gmt":"2023-07-11T12:27:20","guid":{"rendered":"https:\/\/www.cosmundus.com\/?page_id=5012"},"modified":"2024-03-06T09:45:52","modified_gmt":"2024-03-06T08:45:52","slug":"north-central-milan","status":"publish","type":"page","link":"https:\/\/www.cosmundus.com\/it\/destinations\/milan\/north-central-milan\/","title":{"rendered":"Milano \u2013 Milano Centro Nord"},"content":{"rendered":"<p class=\"has-text-align-right\">&lt;&lt; <a href=\"https:\/\/www.cosmundus.com\/it\/destinations\/milan\/\" class=\"ek-link\">Milano<\/a><\/p>\n\n\n\n<p>Milano Centro Nord \u00e8 l'area del Municipio 1 situata a nord del centro storico della citt\u00e0. Questa parte di Milano comprende il Castello Sforzesco e il grande Parco Sempione, e i quartieri situati tra questo parco e i Giardini Pubblici Indro Montanelli.<\/p>\n\n\n<div style=\"border: 1px solid #8ed1fc; border-radius: 0%; background-color: inherit; \" class=\"ub-styled-box ub-bordered-box wp-block-ub-styled-box\" id=\"ub-styled-box-85d0721c-60ab-42e4-b089-bc56ce12cf7c\">\n<p class=\"has-medium-font-size\" id=\"ub-styled-box-bordered-content-60b8b40e-ca8e-4a27-bf07-1344acb37a3d\">Posti da vedere a Milano \u2013 Milano Centro Nord<\/p>\n\n\n<div class=\"wp-block-aioseo-table-of-contents\"><ul><li><a class=\"aioseo-toc-item\" href=\"#castello-sforzesco\">\u272a Castello Sforzesco<\/a><\/li><li><a class=\"aioseo-toc-item\" href=\"#parco-sempione\">\u272a Parco Sempione<\/a><\/li><li><a class=\"aioseo-toc-item\" href=\"#palazzo-dellarte\">\u272a Palazzo dell&#8217;Arte<\/a><\/li><li><a class=\"aioseo-toc-item\" href=\"#civic-aquarium-of-milan\">Acquario Civico di Milano<\/a><\/li><li><a class=\"aioseo-toc-item\" href=\"#basilica-of-san-simpliciano\">Basilica di San Simpliciano<\/a><\/li><li><a class=\"aioseo-toc-item\" href=\"#church-of-san-marco\">Chiesa di San Marco<\/a><\/li><\/ul><\/div>\n\n<\/div>\n\n\n<h4 class=\"wp-block-heading\" id=\"castello-sforzesco\"><strong><strong>\u272a Castello Sforzesco<\/strong><\/strong><\/h4>\n\n\n\n<p class=\"translation-block\">Il Castello Sforzesco \u00e8 un grande complesso fortificato situato appena fuori dal centro storico di Milano. Originariamente costruito dalla famiglia regnante degli Sforza nel quindicesimo secolo su un precedente fortilizio medievale, fu successivamente ampliato pi\u00f9 volte, diventando uno dei simboli di Milano. Il castello oggi ospita una serie di ricchi musei. Tra questi il <strong>Museo d'Arte Antica<\/strong>, che ospita numerose sculture e opere d'arte che vanno dall'et\u00e0 romana al Rinascimento. Questo museo comprende anche varie armi medievali, arazzi e una sala affrescata da Leonardo da Vinci. Un museo a parte \u00e8 dedicato alla <em>Piet\u00e0 Rondanini<\/em>, una scultura di Michelangelo. La <strong>Pinacoteca del Castello Sforzesco<\/strong> \u00e8 invece una pinacoteca che ospita numerosi dipinti datati tra il Basso Medioevo e il diciottesimo secolo. Il castello ospita anche il <strong>Museo Egizio<\/strong>  e un'altra raccolta di reperti archeologici antichi. Alcuni ambienti del castello ospitano il <strong>Museo degli Strumenti Musicali<\/strong>, con una vasta collezione di strumenti musicali provenienti da tutto il mondo e che abbraccia diversi millenni, e il <strong>Museo dei Mobili e delle Sculture Lignee<\/strong>, che ospita diversi arredi antichi. Fanno parte di questo complesso museale anche le <strong>Raccolte d'Arte Applicata<\/strong>, che comprende vari arazzi, oggetti in vetro e altre opere di arte applicata, e le <strong>Raccolte Extraeuropee<\/strong>, una collezione di opere d'arte e oggetti provenienti da tutto il mondo. Infine, il castello ospita anche le biblioteche storiche <strong>Biblioteca Trivulziana<\/strong> e <strong>Biblioteca d'Arte<\/strong>, e la\u00a0<strong>Civica Raccolta delle Stampe Achille Bertarelli<\/strong>, un'ampia collezione di stampe storiche.<\/p>\n\n\n\n<div class=\"wp-block-columns is-layout-flex wp-container-core-columns-is-layout-9d6595d7 wp-block-columns-is-layout-flex\">\n<div class=\"wp-block-column is-layout-flow wp-block-column-is-layout-flow\" style=\"flex-basis:85%\">\n<p>Indirizzo: Piazza Castello, 20121 Milano MI<br>Coordinate: 45.4705, 9.1793<\/p>\n<\/div>\n\n\n\n<div class=\"wp-block-column is-layout-flow wp-block-column-is-layout-flow\" style=\"flex-basis:15%\">\n<p class=\"has-text-align-right\"><a href=\"https:\/\/goo.gl\/maps\/boM313BYsZCaYRJP8\" class=\"ek-link\">Google Maps<\/a><\/p>\n<\/div>\n<\/div>\n\n\n<div class=\"wp-block-ub-divider ub_divider ub-divider-orientation-horizontal\" id=\"ub_divider_e07aa387-d38e-4500-af84-041ad147438f\"><div class=\"ub_divider_wrapper\" style=\"position: relative; margin-bottom: 2px; width: 100%; height: 2px; \" data-divider-alignment=\"center\"><div class=\"ub_divider_line\" style=\"border-top: 2px solid #ccc; margin-top: 2px; \"><\/div><\/div><\/div>\n\n\n<h4 class=\"wp-block-heading\" id=\"parco-sempione\"><strong><strong>\u272a Parco Sempione<\/strong><\/strong><\/h4>\n\n\n\n<p class=\"translation-block\">Il Parco Sempione \u00e8 un grande parco pubblico situato alle spalle del Castello Sforzesco. Originariamente i giardini del castello, l'area fu poi abbandonata e trasformata in parco nell'Ottocento. Ora \u00e8 una delle zone pi\u00f9 popolari di Milano e presenta numerose attrazioni. Il parco ospita diverse sculture e la <strong>Torre Branca<\/strong>, una torre panoramica in ferro. Lo storico stadio <strong>Arena Civica<\/strong> si trova all'estremit\u00e0 nord-orientale del parco. Il Parco Sempione \u00e8 chiuso a nord-ovest dall'<strong>Arco della Pace<\/strong>, un monumentale arco di trionfo eretto all'inizio dell'Ottocento. All'interno del parco si trovano anche l'Acquario Civico di Milano e il Palazzo dell'Arte.<\/p>\n\n\n\n<div class=\"wp-block-columns is-layout-flex wp-container-core-columns-is-layout-9d6595d7 wp-block-columns-is-layout-flex\">\n<div class=\"wp-block-column is-layout-flow wp-block-column-is-layout-flow\" style=\"flex-basis:85%\">\n<p>Indirizzo: Piazza Sempione, 20154 Milano MI<br>Coordinate: 45.4721, 9.1772<\/p>\n<\/div>\n\n\n\n<div class=\"wp-block-column is-layout-flow wp-block-column-is-layout-flow\" style=\"flex-basis:15%\">\n<p class=\"has-text-align-right\"><a href=\"https:\/\/goo.gl\/maps\/wLXXTMBNbu2Ermaj9\" class=\"ek-link\">Google Maps<\/a><\/p>\n<\/div>\n<\/div>\n\n\n<div class=\"wp-block-ub-divider ub_divider ub-divider-orientation-horizontal\" id=\"ub_divider_25483cdd-a4a7-44e7-9eee-304de17b9ab8\"><div class=\"ub_divider_wrapper\" style=\"position: relative; margin-bottom: 2px; width: 100%; height: 2px; \" data-divider-alignment=\"center\"><div class=\"ub_divider_line\" style=\"border-top: 2px solid #ccc; margin-top: 2px; \"><\/div><\/div><\/div>\n\n\n<h4 class=\"wp-block-heading\" id=\"palazzo-dellarte\"><strong><strong>\u272a Palazzo dell&#8217;Arte<\/strong><\/strong><\/h4>\n\n\n\n<p class=\"translation-block\">Il Palazzo dell'Arte \u00e8 un palazzo eretto negli anni trenta del Novecento all'interno di Parco Sempione. Il palazzo \u00e8 la sede della <strong>Triennale di Milano<\/strong>, un museo in gran parte dedicato all'arte contemporanea, che ogni tre anni ospita la mostra di arte e design detta Triennale di Milano. Il museo comprende anche il <strong>Triennale Design Museum<\/strong>, uno dei musei di design pi\u00f9 importanti al mondo.<\/p>\n\n\n\n<div class=\"wp-block-columns is-layout-flex wp-container-core-columns-is-layout-9d6595d7 wp-block-columns-is-layout-flex\">\n<div class=\"wp-block-column is-layout-flow wp-block-column-is-layout-flow\" style=\"flex-basis:85%\">\n<p>Indirizzo: Viale Emilio Alemagna, 6, 20121 Milano MI<br>Coordinate: 45.4723, 9.1736<\/p>\n<\/div>\n\n\n\n<div class=\"wp-block-column is-layout-flow wp-block-column-is-layout-flow\" style=\"flex-basis:15%\">\n<p class=\"has-text-align-right\"><a href=\"https:\/\/goo.gl\/maps\/B7nhE2JbaxPGLzL27\" target=\"_blank\" aria-label=\" (opens in a new tab)\" rel=\"noreferrer noopener\" class=\"ek-link\">Google Maps<\/a><\/p>\n<\/div>\n<\/div>\n\n\n<div class=\"wp-block-ub-divider ub_divider ub-divider-orientation-horizontal\" id=\"ub_divider_a7cce071-2e12-4e21-84f4-1661e8b13873\"><div class=\"ub_divider_wrapper\" style=\"position: relative; margin-bottom: 2px; width: 100%; height: 2px; \" data-divider-alignment=\"center\"><div class=\"ub_divider_line\" style=\"border-top: 2px solid #ccc; margin-top: 2px; \"><\/div><\/div><\/div>\n\n\n<h4 class=\"wp-block-heading\" id=\"civic-aquarium-of-milan\"><strong><strong><strong>Acquario Civico di Milano<\/strong><\/strong><\/strong><\/h4>\n\n\n\n<p class=\"translation-block\">L'Acquario Civico di Milano \u00e8 un acquario situato nel Parco Sempione. Inaugurato nell'ambito dell'Internazionale di Milano nel 1906, \u00e8 uno degli acquari pi\u00f9 antichi d'Europa. L'acquario comprende una vasta gamma di creature acquatiche e piante che vivono in ambienti diversi, in gran parte provenienti dall'Italia.<\/p>\n\n\n\n<div class=\"wp-block-columns is-layout-flex wp-container-core-columns-is-layout-9d6595d7 wp-block-columns-is-layout-flex\">\n<div class=\"wp-block-column is-layout-flow wp-block-column-is-layout-flow\" style=\"flex-basis:85%\">\n<p>Indirizzo: V.le Gadio, 2, 20121 Milano MI<br>Coordinate: 45.4740, 9.1808<\/p>\n<\/div>\n\n\n\n<div class=\"wp-block-column is-layout-flow wp-block-column-is-layout-flow\" style=\"flex-basis:15%\">\n<p class=\"has-text-align-right\"><a href=\"https:\/\/goo.gl\/maps\/sfYKa8wU56MyruYk6\" target=\"_blank\" aria-label=\" (opens in a new tab)\" rel=\"noreferrer noopener\" class=\"ek-link\">Google Maps<\/a><\/p>\n<\/div>\n<\/div>\n\n\n<div class=\"wp-block-ub-divider ub_divider ub-divider-orientation-horizontal\" id=\"ub_divider_09b31b90-a510-4156-ae58-3370734f1263\"><div class=\"ub_divider_wrapper\" style=\"position: relative; margin-bottom: 2px; width: 100%; height: 2px; \" data-divider-alignment=\"center\"><div class=\"ub_divider_line\" style=\"border-top: 2px solid #ccc; margin-top: 2px; \"><\/div><\/div><\/div>\n\n\n<h4 class=\"wp-block-heading\" id=\"basilica-of-san-simpliciano\"><strong><strong><strong>Basilica di San Simpliciano<\/strong><\/strong><\/strong><\/h4>\n\n\n\n<p>La Basilica di San Simpliciano \u00e8 una chiesa di origine paleocristiana eretta nel quarto secolo, ed una delle chiese pi\u00f9 antiche di Milano. La chiesa \u00e8 stata rimaneggiata in forme romaniche durante l'Alto Medioevo, con ulteriori restauri eseguiti nell'Ottocento. La basilica presenta vari affreschi e opere d'arte di stile rinascimentale, barocco e neoclassico.<\/p>\n\n\n\n<div class=\"wp-block-columns is-layout-flex wp-container-core-columns-is-layout-9d6595d7 wp-block-columns-is-layout-flex\">\n<div class=\"wp-block-column is-layout-flow wp-block-column-is-layout-flow\" style=\"flex-basis:85%\">\n<p>Indirizzo: Piazza S. Simpliciano, 7, 20100 Milano MI<br>Coordinate: 45.4739, 9.1844<\/p>\n<\/div>\n\n\n\n<div class=\"wp-block-column is-layout-flow wp-block-column-is-layout-flow\" style=\"flex-basis:15%\">\n<p class=\"has-text-align-right\"><a href=\"https:\/\/goo.gl\/maps\/uPnXBwi9DxFn57GD6\" target=\"_blank\" aria-label=\" (opens in a new tab)\" rel=\"noreferrer noopener\" class=\"ek-link\">Google Maps<\/a><\/p>\n<\/div>\n<\/div>\n\n\n<div class=\"wp-block-ub-divider ub_divider ub-divider-orientation-horizontal\" id=\"ub_divider_b21fcf57-9c7d-4d17-a364-5d0fec48404e\"><div class=\"ub_divider_wrapper\" style=\"position: relative; margin-bottom: 2px; width: 100%; height: 2px; \" data-divider-alignment=\"center\"><div class=\"ub_divider_line\" style=\"border-top: 2px solid #ccc; margin-top: 2px; \"><\/div><\/div><\/div>\n\n\n<h4 class=\"wp-block-heading\" id=\"church-of-san-marco\"><strong><strong><strong>Chiesa di San Marco<\/strong><\/strong><\/strong><\/h4>\n\n\n\n<p>La Chiesa di San Marco \u00e8 un edificio religioso eretto a partire dal tredicesimo secolo a Milano. Originariamente costruita in stile gotico, fu successivamente rimaneggiata con decorazioni barocche e infine restaurata nell'Ottocento. La chiesa presenta vari affreschi, opere d'arte e monumenti funebri.<\/p>\n\n\n\n<div class=\"wp-block-columns is-layout-flex wp-container-core-columns-is-layout-9d6595d7 wp-block-columns-is-layout-flex\">\n<div class=\"wp-block-column is-layout-flow wp-block-column-is-layout-flow\" style=\"flex-basis:85%\">\n<p>Indirizzo: Piazza S. Marco, 2, 20121 Milano MI<br>Coordinate: 45.4733, 9.1884<\/p>\n<\/div>\n\n\n\n<div class=\"wp-block-column is-layout-flow wp-block-column-is-layout-flow\" style=\"flex-basis:15%\">\n<p class=\"has-text-align-right\"><a href=\"https:\/\/goo.gl\/maps\/yxJARkYwvN9NUn7W8\" target=\"_blank\" aria-label=\" (opens in a new tab)\" rel=\"noreferrer noopener\" class=\"ek-link\">Google Maps<\/a><\/p>\n<\/div>\n<\/div>","protected":false},"excerpt":{"rendered":"<p>&lt;&lt; Milan North Central Milan is the area of Municipio 1 located north of the historic center of the city. This part of Milan includes the Castello Sforzesco and the large Parco Sempione, and the neighborhoods located between this park and the Giardini Pubblici Indro Montanelli. \u272a Castello Sforzesco The Castello Sforzesco is a large fortified complex located just outside the historical center of Milan. Originally built by the ruling Sforza family in the 15th century over a previous medieval fort, it was later expanded several times, becoming one of the symbols of Milan. The castle now hosts a series of rich museums. Among these is the Museum of Ancient Art (Museo d&#8217;Arte Antica), which houses several sculptures and artworks ranging from the Roman age to the Renaissance. This museum also includes various medieval weapons, tapestries, and a hall frescoed by Leonardo da Vinci. A separate museum is dedicated to the Rondanini Piet\u00e0 sculpture by Michelangelo. The Pinacoteca del Castello Sforzesco is instead an art gallery housing numerous paintings dating between the Late Middle Ages and the 18th century. The castle also houses the Egyptian Museum (Museo Egizio) and another collection of ancient archaeological findings. Some areas of the castle host the Museum of Musical Instruments (Museo degli Strumenti Musicali), featuring a large collection of musical instruments from all over the world and spanning several millennia, and the Antique Furniture and Wooden Sculpture Museum (Museo dei Mobili e delle Sculture Lignee), which houses several ancient furnishings. Also part of this museum complex are the Applied Arts Collection (Raccolte d&#8217;Arte Applicata), which includes various tapestries, glassworks, and other pieces of applied arts, and the Raccolte Extraeuropee, a collection of artworks and objects from all over the world. Finally, the castle also hosts the historic libraries Biblioteca Trivulziana and Biblioteca d&#8217;Arte, and the&nbsp;Achille Bertarelli Civic&nbsp;Collection of&nbsp;Prints (Civica Raccolta delle Stampe Achille Bertarelli), a large collection of historic prints. Address: Piazza Castello, 20121 Milano MICoordinates: 45.4705, 9.1793 Google Maps \u272a Parco Sempione Parco Sempione is a large public park located behind the Castello Sforzesco. Originally the gardens of the castle, the area was later abandoned and transformed into a park in the 19th century. Now it is one of the most popular areas in Milan, and it features numerous attractions. The park houses various sculptures and it features the Branca Tower (Torre Branca), an iron panoramic tower. The historic stadium Arena Civica is located at the northeastern end of the park. Parco Sempione is closed to the northwest by the Arco della Pace, a monumental triumphal arch erected in the early 19th century. The Civic Aquarium of Milan and the Palazzo dell&#8217;Arte are also located inside the park. Address: Piazza Sempione, 20154 Milano MICoordinates: 45.4721, 9.1772 Google Maps \u272a Palazzo dell&#8217;Arte Palazzo dell&#8217;Arte is a palace erected in the 1930s inside Parco Sempione. The palace is the seat of the Triennale di Milano, a museum mostly dedicated to contemporary art, which every three years hosts the Milan Triennal exhibition of art and design. The museum also includes the Triennale Design Museum, one of the most important design museums in the world. Address: Viale Emilio Alemagna, 6, 20121 Milano MICoordinates: 45.4723, 9.1736 Google Maps Civic Aquarium of Milan The Civic Aquarium of Milan (Acquario Civico di Milano) is an aquarium located in Parco Sempione. Inaugurated as part of the Milan Interational in 1906, it is one of the oldest aquariums in Europe. The aquarium includes a wide range of aquatic creatures and plants living in different environments, mostly from Italy. Address: V.le Gadio, 2, 20121 Milano MICoordinates: 45.4740, 9.1808 Google Maps Basilica of San Simpliciano The Basilica of San Simpliciano is a church of Paleochristian origins erected in the 4th century, and one of the oldest churches in Milan. The church has been reworked in Romanesque style during the Late Middle Ages, with further restorations carried out in the 19th century. The basilica features various frescoes and artworks of Renaissance, Baroque, and Neoclassical style. Address: Piazza S. Simpliciano, 7, 20100 Milano MICoordinates: 45.4739, 9.1844 Google Maps Church of San Marco The Church of San Marco is a religious building erected starting in the 13th century in Milan. Originally built in Gothic style, it was later reworked with Baroque decorations and finally restored in the 19th century. The church features various frescoes, artworks, and funerary monuments. Address: Piazza S. Marco, 2, 20121 Milano MICoordinates: 45.4733, 9.1884 Google Maps<\/p>","protected":false},"author":1,"featured_media":0,"parent":4998,"menu_order":0,"comment_status":"closed","ping_status":"closed","template":"","meta":{"_editorskit_title_hidden":false,"_editorskit_reading_time":0,"_editorskit_is_block_options_detached":false,"_editorskit_block_options_position":"{}","om_disable_all_campaigns":false,"_uag_custom_page_level_css":"","advgb_blocks_editor_width":"","advgb_blocks_columns_visual_guide":"","_monsterinsights_skip_tracking":false,"_monsterinsights_sitenote_active":false,"_monsterinsights_sitenote_note":"","_monsterinsights_sitenote_category":0,"footnotes":""},"class_list":["post-5012","page","type-page","status-publish","hentry"],"aioseo_notices":[],"featured_image_src":null,"uagb_featured_image_src":{"full":false,"thumbnail":false,"medium":false,"medium_large":false,"large":false,"1536x1536":false,"2048x2048":false,"trp-custom-language-flag":false,"xs-thumb":false,"post-thumbnail":false,"minimalistblogger-grid":false,"minimalistblogger-slider":false,"minimalistblogger-small":false},"uagb_author_info":{"display_name":"Stefano Cammisa","author_link":"https:\/\/www.cosmundus.com\/it\/author\/stefano-cammisa\/"},"uagb_comment_info":0,"uagb_excerpt":"&lt;&lt; Milan North Central Milan is the area of Municipio 1 located north of the historic center of the city. This part of Milan includes the Castello Sforzesco and the large Parco Sempione, and the neighborhoods located between this park and the Giardini Pubblici Indro Montanelli. \u272a Castello Sforzesco The Castello Sforzesco is a large&hellip;","coauthors":[],"author_meta":{"author_link":"https:\/\/www.cosmundus.com\/it\/author\/stefano-cammisa\/","display_name":"Stefano Cammisa"},"relative_dates":{"created":"Pubblicato 3 anni fa","modified":"Aggiornato 2 anni fa"},"absolute_dates":{"created":"Pubblicato il 11 Luglio 2023","modified":"Aggiornato il 6 Marzo 2024"},"absolute_dates_time":{"created":"Pubblicato il 11 Luglio 2023 2:27 pm","modified":"Aggiornato il 6 Marzo 2024 9:45 am"},"featured_img_caption":"","featured_img":false,"series_order":"","_links":{"self":[{"href":"https:\/\/www.cosmundus.com\/it\/wp-json\/wp\/v2\/pages\/5012","targetHints":{"allow":["GET"]}}],"collection":[{"href":"https:\/\/www.cosmundus.com\/it\/wp-json\/wp\/v2\/pages"}],"about":[{"href":"https:\/\/www.cosmundus.com\/it\/wp-json\/wp\/v2\/types\/page"}],"author":[{"embeddable":true,"href":"https:\/\/www.cosmundus.com\/it\/wp-json\/wp\/v2\/users\/1"}],"replies":[{"embeddable":true,"href":"https:\/\/www.cosmundus.com\/it\/wp-json\/wp\/v2\/comments?post=5012"}],"version-history":[{"count":13,"href":"https:\/\/www.cosmundus.com\/it\/wp-json\/wp\/v2\/pages\/5012\/revisions"}],"predecessor-version":[{"id":9835,"href":"https:\/\/www.cosmundus.com\/it\/wp-json\/wp\/v2\/pages\/5012\/revisions\/9835"}],"up":[{"embeddable":true,"href":"https:\/\/www.cosmundus.com\/it\/wp-json\/wp\/v2\/pages\/4998"}],"wp:attachment":[{"href":"https:\/\/www.cosmundus.com\/it\/wp-json\/wp\/v2\/media?parent=5012"}],"curies":[{"name":"wp","href":"https:\/\/api.w.org\/{rel}","templated":true}]}}