{"id":4998,"date":"2023-06-04T15:27:02","date_gmt":"2023-06-04T13:27:02","guid":{"rendered":"https:\/\/www.cosmundus.com\/?page_id=4998"},"modified":"2024-10-07T12:01:19","modified_gmt":"2024-10-07T10:01:19","slug":"milan","status":"publish","type":"page","link":"https:\/\/www.cosmundus.com\/it\/destinations\/milan\/","title":{"rendered":"Milano"},"content":{"rendered":"<p class=\"has-text-align-right\">&lt;&lt; <a href=\"https:\/\/www.cosmundus.com\/it\/atlas\/europe\/southern-europe\/italy\/northwest-italy\/lombardy\/\" class=\"ek-link\">Lombardia<\/a><\/p>\n\n\n\n<p class=\"translation-block\">Milano \u00e8 il capoluogo della Lombardia e la seconda citt\u00e0 pi\u00f9 popolosa d'Italia. Situata al centro di una delle pi\u00f9 grandi aree metropolitane d'Europa, \u00e8 anche tra i centri economici, industriali e finanziari pi\u00f9 importanti del continente. Fondata anticamente dai Celti Insubri, Milano fu poi una citt\u00e0 romana con il nome di <em>Mediolanum<\/em>. La citt\u00e0 serv\u00ec per breve tempo come capitale dell'Impero Romano d'Occidente, e qui nel 313 l'imperatore Costantino eman\u00f2 l'Editto di Milano, che garantiva tolleranza a tutte le religioni nell'impero. Nel corso del quinto e sesto secolo Milano fu pi\u00f9 volte assediata e saccheggiata, ma rimase uno dei centri principali della regione. A partire dall'undicesimo secolo Milano inizi\u00f2 ad espandere il proprio dominio sulla Lombardia, combattendo numerose guerre contro le altre potenze locali e il Sacro Romano Impero. Nell'Alto Medioevo la citt\u00e0 torn\u00f2 a essere uno dei principali centri commerciali d'Europa, dominando diversi territori dell'Italia settentrionale. Tra il quindicesimo e il diciottesimo secolo, il Ducato di Milano fu governato principalmente da Francia, Spagna e Austria, e la citt\u00e0 fu colpita da una devastante epidemia di peste nel 1630. Durante le guerre rivoluzionarie francesi e napoleoniche, Milano fu la capitale di vari stati clienti della Francia, ma torn\u00f2 poi sotto il dominio austriaco, come parte del Regno Lombardo-Veneto. Milano fu al centro del Risorgimento italiano e, dopo la fallita rivoluzione del 1848, fu presa dal Regno di <a href=\"https:\/\/www.cosmundus.com\/it\/atlas\/europe\/southern-europe\/italy\/insular-italy\/sardinia\/\" class=\"ek-link\" target=\"_self\">Sardegna<\/a> nel 1859, portando all'Unit\u00e0 d'Italia nel 1861. Milano divenne rapidamente uno dei centri economici pi\u00f9 importanti del paese, espandendosi rapidamente. Durante il ventesimo secolo, Milano fu danneggiata dalle guerre mondiali, divenne un simbolo della resistenza italiana e visse decenni di turbolenza politica. Ora Milano non \u00e8 solo un importante centro industriale e commerciale, ma anche una delle mete turistiche pi\u00f9 visitate d'Italia, famosa in tutto il mondo come centro di intrattenimento, moda, finanza, cultura, istruzione, sport e design.<\/p>\n\n\n\n<h3 class=\"wp-block-heading\">Suddivisioni di Milano<\/h3>\n\n\n\n<ul class=\"wp-block-list\">\n<li><a href=\"https:\/\/www.cosmundus.com\/it\/destinations\/milan\/centro-storico\/\" class=\"ek-link\">Centro Storico<\/a> (porzione pi\u00f9 interna del Municipio 1)<\/li>\n\n\n\n<li><a href=\"https:\/\/www.cosmundus.com\/it\/destinations\/milan\/north-central-milan\/\" class=\"ek-link\">Milano Centro Nord<\/a> (Municipio 1, a nord del Centro Storico)<\/li>\n\n\n\n<li><a href=\"https:\/\/www.cosmundus.com\/it\/destinations\/milan\/east-central-milan\/\" class=\"ek-link\">Milano Centro Est<\/a> (Municipio 1, a est e sud-est del Centro Storico)<\/li>\n\n\n\n<li><a href=\"https:\/\/www.cosmundus.com\/it\/destinations\/milan\/west-central-milan\/\" class=\"ek-link\">Milano Centro Ovest<\/a> (Municipio 1, a ovest e sud-ovest del Centro Storico)<\/li>\n\n\n\n<li><a href=\"https:\/\/www.cosmundus.com\/it\/destinations\/milan\/north-milan\/\" class=\"ek-link\">Milano Nord<\/a> (Municipi 2, 3, 7, 8, 9)<\/li>\n\n\n\n<li><a href=\"https:\/\/www.cosmundus.com\/it\/destinations\/milan\/south-milan\/\" class=\"ek-link\">Milano Sud<\/a> (Municipi 4, 5, 6)<\/li>\n<\/ul>\n\n\n\n<div style=\"height:20px\" aria-hidden=\"true\" class=\"wp-block-spacer\"><\/div>\n\n\n\n<h4 class=\"wp-block-heading has-text-align-center\"><strong>Mappa di Milano<\/strong><\/h4>\n\n\n<div class=\"wp-block-image\">\n<figure class=\"aligncenter size-large is-resized\"><a href=\"https:\/\/www.cosmundus.com\/wp-content\/uploads\/2023\/06\/Milan1_it.png\"><img fetchpriority=\"high\" decoding=\"async\" width=\"1024\" height=\"922\" src=\"https:\/\/www.cosmundus.com\/wp-content\/uploads\/2023\/06\/Milan1_it.png\" alt=\"\" class=\"wp-image-5005\" style=\"width:512px;height:461px\" srcset=\"https:\/\/www.cosmundus.com\/wp-content\/uploads\/2023\/06\/Milan1_it.png 2274w, https:\/\/www.cosmundus.com\/wp-content\/uploads\/2023\/06\/Milan1_it-300x270.png 300w, https:\/\/www.cosmundus.com\/wp-content\/uploads\/2023\/06\/Milan1_it-1024x922.png 1024w, https:\/\/www.cosmundus.com\/wp-content\/uploads\/2023\/06\/Milan1_it-768x692.png 768w, https:\/\/www.cosmundus.com\/wp-content\/uploads\/2023\/06\/Milan1_it-1536x1383.png 1536w, https:\/\/www.cosmundus.com\/wp-content\/uploads\/2023\/06\/Milan1_it-2048x1844.png 2048w, https:\/\/www.cosmundus.com\/wp-content\/uploads\/2023\/06\/Milan1_it-13x12.png 13w, https:\/\/www.cosmundus.com\/wp-content\/uploads\/2023\/06\/Milan1_it-850x766.png 850w\" sizes=\"(max-width: 1024px) 100vw, 1024px\" \/><\/a><\/figure><\/div>","protected":false},"excerpt":{"rendered":"<p>&lt;&lt; Lombardy Milan (Milano) is the capital of Lombardy and the second most populous city in Italy. Located at the center of one of the largest metropolitan areas in Europe, it is also among the most important economic, industrial, and financial centers in the continent. Founded in ancient times by the Celtic Insubres, Milan was later a Roman city with the name Mediolanum. The town briefly served as the capital of the Western Roman Empire, and here in 313 Emperor Constantine issued the Edict of Milan, that granted tolerance to all religions in the empire. Over the 5th and 6th century, Milan was besieged and sacked multiple times, but it remained one of the main centers in the region. Since the 11th century, Milan began expanding its domain over Lombardy, fighting numerous wars against other local powers and the Holy Roman Empire. In the Late Middle Ages, the city was once again one of the main trade centers in Europe, and ruled over various territories in Northern Italy. Between the 15th and 18th century, the Duchy of Milan was mostly ruled by France, Spain, and Austria, and the city was hit by a devastating plague in 1630. During the French Revolutionary and Napoleonic Wars, Milan was the capital of various client states of France, but it later returned under Austrian rule, as part of the Kingdom of Lombardy-Venetia. Milan was at the center of the Italian Risorgimento and, after the failed revolution of 1848, it was taken by the Kingdom of Sardinia in 1859, leading to the Italian unification in 1861. Milan quickly became one of the most important economic centers of the country, expanding rapidly. During the 20th century, Milan was damaged by the World Wars, it became a symbol of the Italian resistance, and lived decades of political turmoil. Now Milan is not only a leading center of industry and commerce, but also one of the most visited tourist destinations in Italy, famous all over the world as a hub for entertainment, fashion, finance, culture, education, sports, and design. Subdivisions of Milan Map of Milan<\/p>","protected":false},"author":1,"featured_media":0,"parent":932,"menu_order":0,"comment_status":"closed","ping_status":"closed","template":"","meta":{"_editorskit_title_hidden":false,"_editorskit_reading_time":0,"_editorskit_is_block_options_detached":false,"_editorskit_block_options_position":"{}","om_disable_all_campaigns":false,"_uag_custom_page_level_css":"","advgb_blocks_editor_width":"","advgb_blocks_columns_visual_guide":"","_monsterinsights_skip_tracking":false,"_monsterinsights_sitenote_active":false,"_monsterinsights_sitenote_note":"","_monsterinsights_sitenote_category":0,"footnotes":""},"class_list":["post-4998","page","type-page","status-publish","hentry"],"aioseo_notices":[],"featured_image_src":null,"uagb_featured_image_src":{"full":false,"thumbnail":false,"medium":false,"medium_large":false,"large":false,"1536x1536":false,"2048x2048":false,"trp-custom-language-flag":false,"xs-thumb":false,"post-thumbnail":false,"minimalistblogger-grid":false,"minimalistblogger-slider":false,"minimalistblogger-small":false},"uagb_author_info":{"display_name":"Stefano Cammisa","author_link":"https:\/\/www.cosmundus.com\/it\/author\/stefano-cammisa\/"},"uagb_comment_info":0,"uagb_excerpt":"&lt;&lt; Lombardy Milan (Milano) is the capital of Lombardy and the second most populous city in Italy. Located at the center of one of the largest metropolitan areas in Europe, it is also among the most important economic, industrial, and financial centers in the continent. Founded in ancient times by the Celtic Insubres, Milan was&hellip;","coauthors":[],"author_meta":{"author_link":"https:\/\/www.cosmundus.com\/it\/author\/stefano-cammisa\/","display_name":"Stefano Cammisa"},"relative_dates":{"created":"Pubblicato 3 anni fa","modified":"Aggiornato 2 anni fa"},"absolute_dates":{"created":"Pubblicato il 4 Giugno 2023","modified":"Aggiornato il 7 Ottobre 2024"},"absolute_dates_time":{"created":"Pubblicato il 4 Giugno 2023 3:27 pm","modified":"Aggiornato il 7 Ottobre 2024 12:01 pm"},"featured_img_caption":"","featured_img":false,"series_order":"","_links":{"self":[{"href":"https:\/\/www.cosmundus.com\/it\/wp-json\/wp\/v2\/pages\/4998","targetHints":{"allow":["GET"]}}],"collection":[{"href":"https:\/\/www.cosmundus.com\/it\/wp-json\/wp\/v2\/pages"}],"about":[{"href":"https:\/\/www.cosmundus.com\/it\/wp-json\/wp\/v2\/types\/page"}],"author":[{"embeddable":true,"href":"https:\/\/www.cosmundus.com\/it\/wp-json\/wp\/v2\/users\/1"}],"replies":[{"embeddable":true,"href":"https:\/\/www.cosmundus.com\/it\/wp-json\/wp\/v2\/comments?post=4998"}],"version-history":[{"count":7,"href":"https:\/\/www.cosmundus.com\/it\/wp-json\/wp\/v2\/pages\/4998\/revisions"}],"predecessor-version":[{"id":11961,"href":"https:\/\/www.cosmundus.com\/it\/wp-json\/wp\/v2\/pages\/4998\/revisions\/11961"}],"up":[{"embeddable":true,"href":"https:\/\/www.cosmundus.com\/it\/wp-json\/wp\/v2\/pages\/932"}],"wp:attachment":[{"href":"https:\/\/www.cosmundus.com\/it\/wp-json\/wp\/v2\/media?parent=4998"}],"curies":[{"name":"wp","href":"https:\/\/api.w.org\/{rel}","templated":true}]}}