{"id":475,"date":"2022-11-28T19:31:10","date_gmt":"2022-11-28T18:31:10","guid":{"rendered":"https:\/\/www.cosmundus.com\/?page_id=475"},"modified":"2026-02-21T14:36:24","modified_gmt":"2026-02-21T13:36:24","slug":"about","status":"publish","type":"page","link":"https:\/\/www.cosmundus.com\/it\/about\/","title":{"rendered":"Che cos'\u00e8 Cosmundus?"},"content":{"rendered":"<p class=\"translation-block\">Il nome Cosmundus viene da due parole dal significato simile: <em>cosmos<\/em>, una parola di origine greca per \"universo\", e <em>mundus<\/em>, un'espressione latina che significa \"mondo\" o \"universo\".<\/p>\n\n\n\n<p class=\"translation-block\">Con Cosmundus, esplorerai il mondo e l'universo in vari modi. Puoi consultare l'<a href=\"https:\/\/www.cosmundus.com\/it\/atlas\/\" class=\"ek-link\" target=\"_self\">atlante<\/a> per un elenco dettagliato di tutto quello che c'\u00e8 da vedere in molte destinazioni in tutto il mondo. Questa \u00e8 la parte pi\u00f9 grande del progetto che sto lentamente costruendo partendo dal mio paese d'origine, l'Italia. Nel frattempo, sul <a href=\"https:\/\/www.cosmundus.com\/it\/blog\/\" class=\"ek-link\" target=\"_self\">blog<\/a> puoi leggere articoli su storia, viaggi, scienza, cultura e molto altro. Gli articoli in questa sezione del sito sono il mio modo per condividere con tutti alcuni fatti interessanti. Il sito include anche una sezione <a href=\"https:\/\/www.cosmundus.com\/it\/k-pop\/\" title=\"\" target=\"_self\">K-Pop<\/a>, con articoli dedicati a questo mondo unico, guide introduttive e analisi della grammatica e del vocabolario dei testi delle canzoni.<\/p>\n\n\n\n<p><strong>Ok, questo \u00e8 il sito, ma tu chi sei?<\/strong><\/p>\n\n\n\n<p>Mi chiamo Stefano, sono italiano e fin da piccolo volevo sapere tutto del nostro mondo. Ben presto ho sviluppato una passione per la geografia e l'astronomia, spesso sorprendendo gli adulti con le mie conoscenze. Crescendo, ho studiato molto queste materie, oltre ad interessarmi fortemente anche a storia, scienze, arte, lingue, culture diverse e altro ancora. Ho viaggiato ampiamente in tutta Europa (ma voglio visitare anche altri continenti!), e ho ottenuto una laurea magistrale in astronomia. Nel corso degli anni, ho notato che una delle cose che mi piaceva di pi\u00f9 nell'apprendere tutto questo era condividere le mie conoscenze con altre persone. \u00c8 cos\u00ec che \u00e8 nata l'idea di questo sito. Qui condivider\u00f2 alcuni dei fatti incredibili e dei posti meravigliosi che ho scoperto. Spero che possiate imparare molto e divertirvi!<\/p>","protected":false},"excerpt":{"rendered":"<p>The name Cosmundus comes from two words with a similar meaning: cosmos, a word of Greek origin for &#8220;universe&#8221;, and mundus, a Latin expression for &#8220;world&#8221; or &#8220;universe&#8221;. With Cosmundus, you will explore the world and the universe in different ways. You can consult the Atlas for a detailed list of everything there is to see in many destinations all around the world. This is the biggest part of the project that I am slowly building starting from my home country, Italy. Meanwhile, on the blog you can read articles about history, travel, science, culture, and much more. The articles on this section of the website are my way to share with everyone some interesting facts. The website also includes a K-Pop section, with articles dedicated to this unique world, introductory guides, and analyses of the grammar and vocabulary of song lyrics. Okay, that&#8217;s the website, but who are you? My name is Stefano, I&#8217;m from Italy, and since I was a little kid I wanted to know everything about our world. I soon developed a passion for geography and astronomy, often surprising adults with my knowledge. Growing up, I studied these subjects a lot, along with taking a great interest in history, science, art, languages, other cultures, and more. I have traveled extensively across Europe (but I want to visit other continents too!), and I graduated with a master&#8217;s degree in astronomy. Over the years, I noticed that one of the things I liked the most about learning all of this was sharing my knowledge with other people. That is how the idea for this website was born. Here, I will share some of the incredible facts and amazing places I discovered. I hope you learn a lot and have fun!<\/p>","protected":false},"author":1,"featured_media":0,"parent":0,"menu_order":0,"comment_status":"closed","ping_status":"closed","template":"","meta":{"_editorskit_title_hidden":false,"_editorskit_reading_time":1,"_editorskit_is_block_options_detached":false,"_editorskit_block_options_position":"{}","om_disable_all_campaigns":false,"_uag_custom_page_level_css":"","advgb_blocks_editor_width":"","advgb_blocks_columns_visual_guide":"","_monsterinsights_skip_tracking":false,"_monsterinsights_sitenote_active":false,"_monsterinsights_sitenote_note":"","_monsterinsights_sitenote_category":0,"footnotes":""},"class_list":["post-475","page","type-page","status-publish","hentry"],"aioseo_notices":[],"featured_image_src":null,"uagb_featured_image_src":{"full":false,"thumbnail":false,"medium":false,"medium_large":false,"large":false,"1536x1536":false,"2048x2048":false,"trp-custom-language-flag":false,"xs-thumb":false,"post-thumbnail":false,"minimalistblogger-grid":false,"minimalistblogger-slider":false,"minimalistblogger-small":false},"uagb_author_info":{"display_name":"Stefano Cammisa","author_link":"https:\/\/www.cosmundus.com\/it\/author\/stefano-cammisa\/"},"uagb_comment_info":0,"uagb_excerpt":"The name Cosmundus comes from two words with a similar meaning: cosmos, a word of Greek origin for &#8220;universe&#8221;, and mundus, a Latin expression for &#8220;world&#8221; or &#8220;universe&#8221;. With Cosmundus, you will explore the world and the universe in different ways. You can consult the Atlas for a detailed list of everything there is to&hellip;","coauthors":[],"author_meta":{"author_link":"https:\/\/www.cosmundus.com\/it\/author\/stefano-cammisa\/","display_name":"Stefano Cammisa"},"relative_dates":{"created":"Pubblicato 3 anni fa","modified":"Aggiornato 2 mesi fa"},"absolute_dates":{"created":"Pubblicato il 28 Novembre 2022","modified":"Aggiornato il 21 Febbraio 2026"},"absolute_dates_time":{"created":"Pubblicato il 28 Novembre 2022 7:31 pm","modified":"Aggiornato il 21 Febbraio 2026 2:36 pm"},"featured_img_caption":"","featured_img":false,"series_order":"","_links":{"self":[{"href":"https:\/\/www.cosmundus.com\/it\/wp-json\/wp\/v2\/pages\/475","targetHints":{"allow":["GET"]}}],"collection":[{"href":"https:\/\/www.cosmundus.com\/it\/wp-json\/wp\/v2\/pages"}],"about":[{"href":"https:\/\/www.cosmundus.com\/it\/wp-json\/wp\/v2\/types\/page"}],"author":[{"embeddable":true,"href":"https:\/\/www.cosmundus.com\/it\/wp-json\/wp\/v2\/users\/1"}],"replies":[{"embeddable":true,"href":"https:\/\/www.cosmundus.com\/it\/wp-json\/wp\/v2\/comments?post=475"}],"version-history":[{"count":18,"href":"https:\/\/www.cosmundus.com\/it\/wp-json\/wp\/v2\/pages\/475\/revisions"}],"predecessor-version":[{"id":13310,"href":"https:\/\/www.cosmundus.com\/it\/wp-json\/wp\/v2\/pages\/475\/revisions\/13310"}],"wp:attachment":[{"href":"https:\/\/www.cosmundus.com\/it\/wp-json\/wp\/v2\/media?parent=475"}],"curies":[{"name":"wp","href":"https:\/\/api.w.org\/{rel}","templated":true}]}}