{"id":4181,"date":"2023-03-27T16:57:53","date_gmt":"2023-03-27T14:57:53","guid":{"rendered":"https:\/\/www.cosmundus.com\/?page_id=4181"},"modified":"2024-10-07T12:13:43","modified_gmt":"2024-10-07T10:13:43","slug":"turin","status":"publish","type":"page","link":"https:\/\/www.cosmundus.com\/it\/destinations\/turin\/","title":{"rendered":"Torino"},"content":{"rendered":"<p class=\"has-text-align-right\">&lt;&lt; <a href=\"https:\/\/www.cosmundus.com\/it\/atlas\/europe\/southern-europe\/italy\/northwest-italy\/piedmont\/\" class=\"ek-link\">Piemonte<\/a><\/p>\n\n\n\n<p class=\"translation-block\">Torino \u00e8 il capoluogo e la citt\u00e0 pi\u00f9 grande del Piemonte, nonch\u00e9 uno dei centri industriali, commerciali e culturali pi\u00f9 importanti d'Italia. Torino fu fondata come <em>Augusta Taurinorum<\/em> dai Romani nel 28 a.C., e segnava la fine della <em>Via Gallica<\/em>, che attraversava il Nord Italia. Per tutto il Medioevo Torino rimase un centro di importanza regionale, fino a essere annessa dal Ducato di Savoia nel tredicesimo secolo. Nei decenni successivi il paese crebbe fino a diventare capitale del Ducato nel 1563. Nel diciottesimo secolo la citt\u00e0 resistette a un assedio francese e successivamente divenne capitale del Regno di Sardegna. Durante questo periodo, la citt\u00e0 fu ampliata e ridisegnata con molti edifici barocchi e neoclassici. Dopo l'occupazione francese durante le guerre napoleoniche, il Regno di <a href=\"https:\/\/www.cosmundus.com\/it\/atlas\/europe\/southern-europe\/italy\/insular-italy\/sardinia\/\" class=\"ek-link\" target=\"_self\">Sardegna<\/a> guid\u00f2 la lotta che port\u00f2 all'Unit\u00e0 d'Italia nel 1861, e Torino fu la prima capitale della nuova nazione. La capitale fu trasferita a <a href=\"https:\/\/www.cosmundus.com\/it\/destinations\/florence\/\" class=\"ek-link\" target=\"_self\">Firenze<\/a> nel 1865, ma Torino continu\u00f2 a crescere come importante centro industriale e alcuni dei suoi punti di riferimento pi\u00f9 emblematici risalgono a questo periodo tra la fine del diciannovesimo e l'inizio del ventesimo secolo. La citt\u00e0 ha beneficiato anche del boom economico del secondo dopoguerra, soprattutto grazie alla sua industria automobilistica. Oggi Torino \u00e8 un'importante meta turistica, famosa per i suoi numerosi edifici storici e musei, ma anche per i suoi prodotti culinari e come polo sportivo, avendo ospitato anche le Olimpiadi invernali del 2006.<\/p>\n\n\n\n<h3 class=\"wp-block-heading\">Suddivisioni di Torino<\/h3>\n\n\n\n<ul class=\"wp-block-list\">\n<li><a href=\"https:\/\/www.cosmundus.com\/it\/destinations\/turin\/centro-crocetta\/\" class=\"ek-link\">Centro-Crocetta<\/a> (Circoscrizione 1)<\/li>\n\n\n\n<li><a href=\"https:\/\/www.cosmundus.com\/it\/destinations\/turin\/east-turin\/\" class=\"ek-link\">Torino Est<\/a> (Circoscrizioni 6, 7, 8)<\/li>\n\n\n\n<li><a href=\"https:\/\/www.cosmundus.com\/it\/destinations\/turin\/west-turin\/\" class=\"ek-link\">Torino Ovest<\/a> (Circoscrizioni 2, 3, 4, 5)<\/li>\n<\/ul>\n\n\n\n<div style=\"height:20px\" aria-hidden=\"true\" class=\"wp-block-spacer\"><\/div>\n\n\n\n<h4 class=\"wp-block-heading has-text-align-center\"><strong>Mappa di Torino<\/strong><\/h4>\n\n\n<div class=\"wp-block-image\">\n<figure class=\"aligncenter size-full is-resized\"><a href=\"https:\/\/www.cosmundus.com\/wp-content\/uploads\/2023\/05\/Turin-it.png\"><img fetchpriority=\"high\" decoding=\"async\" width=\"1015\" height=\"1015\" src=\"https:\/\/www.cosmundus.com\/wp-content\/uploads\/2023\/05\/Turin-it.png\" alt=\"\" class=\"wp-image-4226\" style=\"width:508px;height:508px\" srcset=\"https:\/\/www.cosmundus.com\/wp-content\/uploads\/2023\/05\/Turin-it.png 1015w, https:\/\/www.cosmundus.com\/wp-content\/uploads\/2023\/05\/Turin-it-300x300.png 300w, https:\/\/www.cosmundus.com\/wp-content\/uploads\/2023\/05\/Turin-it-150x150.png 150w, https:\/\/www.cosmundus.com\/wp-content\/uploads\/2023\/05\/Turin-it-768x768.png 768w, https:\/\/www.cosmundus.com\/wp-content\/uploads\/2023\/05\/Turin-it-12x12.png 12w, https:\/\/www.cosmundus.com\/wp-content\/uploads\/2023\/05\/Turin-it-64x64.png 64w, https:\/\/www.cosmundus.com\/wp-content\/uploads\/2023\/05\/Turin-it-850x850.png 850w\" sizes=\"(max-width: 1015px) 100vw, 1015px\" \/><\/a><\/figure><\/div>","protected":false},"excerpt":{"rendered":"<p>&lt;&lt; Piedmont Turin (Torino) is the capital and largest city of Piedmont, and one of the most important industrial, commercial, and cultural centers in Italy. Turin was founded as Augusta Taurinorum by the Romans in 28 BCE, and it marked the end of the Via Gallica, which crossed Northern Italy. Throughout the Middle Ages, Turin remained a center of regional importance, and it was finally annexed by the Duchy of Savoy in the 13th century. Over the following decades the town grew, and it became the capital of the Duchy in 1563. In the 18th century, the city resisted a French siege, and it later became the capital of the Kingdom of Sardinia. During this time, the city was expanded and redesigned with many Baroque and Neoclassical buildings. After the French occupation during the Napoleonic Wars, the Kingdom of Sardinia led the struggle that brought to the unification of Italy in 1861, and Turin was the first capital of the new country. The capital was moved to Florence in 1865, but Turin kept growing as a major industrial center, and some of its most iconic landmarks date from this time between the late 19th and early 20th century. The city also benefited from the economic boom after World War II, especially thanks to its automotive industry. Today Turin is a major tourist destination, famous for its many historic buildings and museums, but also for its culinary products and as a sporting hub, having also hosted the 2006 Winter Olympic Games. Subdivisions of Turin Map of Turin<\/p>","protected":false},"author":1,"featured_media":0,"parent":932,"menu_order":0,"comment_status":"closed","ping_status":"closed","template":"","meta":{"_editorskit_title_hidden":false,"_editorskit_reading_time":1,"_editorskit_is_block_options_detached":false,"_editorskit_block_options_position":"{}","om_disable_all_campaigns":false,"_uag_custom_page_level_css":"","advgb_blocks_editor_width":"","advgb_blocks_columns_visual_guide":"","_monsterinsights_skip_tracking":false,"_monsterinsights_sitenote_active":false,"_monsterinsights_sitenote_note":"","_monsterinsights_sitenote_category":0,"footnotes":""},"class_list":["post-4181","page","type-page","status-publish","hentry"],"aioseo_notices":[],"featured_image_src":null,"uagb_featured_image_src":{"full":false,"thumbnail":false,"medium":false,"medium_large":false,"large":false,"1536x1536":false,"2048x2048":false,"trp-custom-language-flag":false,"xs-thumb":false,"post-thumbnail":false,"minimalistblogger-grid":false,"minimalistblogger-slider":false,"minimalistblogger-small":false},"uagb_author_info":{"display_name":"Stefano Cammisa","author_link":"https:\/\/www.cosmundus.com\/it\/author\/stefano-cammisa\/"},"uagb_comment_info":0,"uagb_excerpt":"&lt;&lt; Piedmont Turin (Torino) is the capital and largest city of Piedmont, and one of the most important industrial, commercial, and cultural centers in Italy. Turin was founded as Augusta Taurinorum by the Romans in 28 BCE, and it marked the end of the Via Gallica, which crossed Northern Italy. Throughout the Middle Ages, Turin&hellip;","coauthors":[],"author_meta":{"author_link":"https:\/\/www.cosmundus.com\/it\/author\/stefano-cammisa\/","display_name":"Stefano Cammisa"},"relative_dates":{"created":"Pubblicato 3 anni fa","modified":"Aggiornato 2 anni fa"},"absolute_dates":{"created":"Pubblicato il 27 Marzo 2023","modified":"Aggiornato il 7 Ottobre 2024"},"absolute_dates_time":{"created":"Pubblicato il 27 Marzo 2023 4:57 pm","modified":"Aggiornato il 7 Ottobre 2024 12:13 pm"},"featured_img_caption":"","featured_img":false,"series_order":"","_links":{"self":[{"href":"https:\/\/www.cosmundus.com\/it\/wp-json\/wp\/v2\/pages\/4181","targetHints":{"allow":["GET"]}}],"collection":[{"href":"https:\/\/www.cosmundus.com\/it\/wp-json\/wp\/v2\/pages"}],"about":[{"href":"https:\/\/www.cosmundus.com\/it\/wp-json\/wp\/v2\/types\/page"}],"author":[{"embeddable":true,"href":"https:\/\/www.cosmundus.com\/it\/wp-json\/wp\/v2\/users\/1"}],"replies":[{"embeddable":true,"href":"https:\/\/www.cosmundus.com\/it\/wp-json\/wp\/v2\/comments?post=4181"}],"version-history":[{"count":7,"href":"https:\/\/www.cosmundus.com\/it\/wp-json\/wp\/v2\/pages\/4181\/revisions"}],"predecessor-version":[{"id":11968,"href":"https:\/\/www.cosmundus.com\/it\/wp-json\/wp\/v2\/pages\/4181\/revisions\/11968"}],"up":[{"embeddable":true,"href":"https:\/\/www.cosmundus.com\/it\/wp-json\/wp\/v2\/pages\/932"}],"wp:attachment":[{"href":"https:\/\/www.cosmundus.com\/it\/wp-json\/wp\/v2\/media?parent=4181"}],"curies":[{"name":"wp","href":"https:\/\/api.w.org\/{rel}","templated":true}]}}