{"id":3380,"date":"2023-03-09T10:53:40","date_gmt":"2023-03-09T09:53:40","guid":{"rendered":"https:\/\/www.cosmundus.com\/?page_id=3380"},"modified":"2024-02-28T12:16:24","modified_gmt":"2024-02-28T11:16:24","slug":"piacenza","status":"publish","type":"page","link":"https:\/\/www.cosmundus.com\/it\/destinations\/piacenza\/","title":{"rendered":"Piacenza"},"content":{"rendered":"<p class=\"has-text-align-right\">&lt;&lt; <a href=\"https:\/\/www.cosmundus.com\/it\/atlas\/europe\/southern-europe\/italy\/northeast-italy\/emilia-romagna\/\" class=\"ek-link\">Emilia-Romagna<\/a><\/p>\n\n\n\n<p class=\"translation-block\">Piacenza \u00e8 una citt\u00e0 situata all'estremit\u00e0 occidentale dell'Emilia-Romagna, vicino al fiume Po e al confine con la Lombardia. La citt\u00e0 fu fondata dai Romani e rimase un centro importante per tutto il Medioevo, diventando sede di un ducato longobardo e successivamente di un libero comune. Piacenza fior\u00ec in questo periodo, acquisendo il controllo su vari territori, ma alla fine fu conquistata dalla famiglia Visconti di Milano. Dopo un periodo di turbolenze politiche, entr\u00f2 a far parte del nuovo e indipendente Ducato di <a href=\"https:\/\/www.cosmundus.com\/it\/destinations\/parma\/\" class=\"ek-link\" target=\"_self\">Parma<\/a> e Piacenza. La citt\u00e0 sub\u00ec un declino nel corso dei secoli successivi, fino a quando entr\u00f2 a far parte dell'Italia durante l'unificazione del paese. Oggi Piacenza \u00e8 un importante centro agricolo e industriale, che collega l'Emilia-Romagna e la Lombardia. La citt\u00e0 si distingue anche per il suo patrimonio culturale, che fonde le caratteristiche di tutte le regioni limitrofe.<\/p>\n\n\n<div style=\"border: 1px solid #8ed1fc; border-radius: 0%; background-color: inherit; \" class=\"ub-styled-box ub-bordered-box wp-block-ub-styled-box\" id=\"ub-styled-box-209456ff-4a5e-4838-91a6-1340517c02c8\">\n<p class=\"has-medium-font-size\" id=\"ub-styled-box-bordered-content-078ebc62-48ab-4b03-a3a3-c6a2e2557ac6\">Posti da vedere a Piacenza<\/p>\n\n\n<div class=\"wp-block-aioseo-table-of-contents\"><ul><li><a class=\"aioseo-toc-item\" href=\"#piazza-dei-cavalli\">\u272a Piazza dei Cavalli<\/a><\/li><li><a class=\"aioseo-toc-item\" href=\"#piacenza-cathedral\">\u272a Duomo di Piacenza<\/a><\/li><li><a class=\"aioseo-toc-item\" href=\"#palazzo-farnese\">\u272a Palazzo Farnese<\/a><\/li><li><a class=\"aioseo-toc-item\" href=\"#basilica-of-santantonino\">Basilica di Sant\u2019Antonino<\/a><\/li><li><a class=\"aioseo-toc-item\" href=\"#ricci-oddi-gallery-of-modern-art\">Galleria d\u2019Arte Moderna Ricci Oddi<\/a><\/li><li><a class=\"aioseo-toc-item\" href=\"#basilica-of-san-savino\">Basilica di San Savino<\/a><\/li><li><a class=\"aioseo-toc-item\" href=\"#church-of-san-sisto\">Chiesa di San Sisto<\/a><\/li><li><a class=\"aioseo-toc-item\" href=\"#basilica-of-santa-maria-di-campagna\">Basilica di Santa Maria di Campagna<\/a><\/li><li><a class=\"aioseo-toc-item\" href=\"#collegio-alberoni\">Collegio Alberoni<\/a><\/li><\/ul><\/div>\n\n<\/div>\n\n\n<h4 class=\"wp-block-heading\" id=\"piazza-dei-cavalli\"><strong>\u272a Piazza dei Cavalli<\/strong><\/h4>\n\n\n\n<p class=\"translation-block\">Piazza dei Cavalli \u00e8 la piazza principale di Piacenza. La piazza ospita il <strong>Palazzo Comunale<\/strong> (o <strong>Palazzo Gotico<\/strong>), municipio medievale di Piacenza e grande esempio di architettura gotica del tredicesimo secolo. Lo storico palazzo presenta ricche decorazioni ed \u00e8 considerato un simbolo della citt\u00e0. Il lato opposto \u00e8 occupato dal neoclassico <strong>Palazzo del Governatore<\/strong>, mentre a sud-est si erge la gotica <strong>Basilica di San Francesco d'Assisi<\/strong>. La piazza \u00e8 ornata da due statue equestri in bronzo del diciassettesimo secolo dette <strong>Cavalli del Mochi<\/strong>, da cui prende il nome.<\/p>\n\n\n\n<div class=\"wp-block-columns is-layout-flex wp-container-core-columns-is-layout-9d6595d7 wp-block-columns-is-layout-flex\">\n<div class=\"wp-block-column is-layout-flow wp-block-column-is-layout-flow\" style=\"flex-basis:85%\">\n<p>Indirizzo: Piazza Cavalli, 29121 Piacenza PC<br>Coordinate: 45.0527, 9.6931<\/p>\n<\/div>\n\n\n\n<div class=\"wp-block-column is-layout-flow wp-block-column-is-layout-flow\" style=\"flex-basis:15%\">\n<p class=\"has-text-align-right\"><a href=\"https:\/\/goo.gl\/maps\/nVjBF9njdNh1WrzR7\" target=\"_blank\" aria-label=\" (opens in a new tab)\" rel=\"noreferrer noopener\" class=\"ek-link\">Google Maps<\/a><\/p>\n<\/div>\n<\/div>\n\n\n<div class=\"wp-block-ub-divider ub_divider ub-divider-orientation-horizontal\" id=\"ub_divider_a9c859a6-cd17-41fc-8609-d3a55c45c589\"><div class=\"ub_divider_wrapper\" style=\"position: relative; margin-bottom: 2px; width: 100%; height: 2px; \" data-divider-alignment=\"center\"><div class=\"ub_divider_line\" style=\"border-top: 2px solid #ccc; margin-top: 2px; \"><\/div><\/div><\/div>\n\n\n<h4 class=\"wp-block-heading\" id=\"piacenza-cathedral\"><strong>\u272a Duomo di Piacenza<\/strong><\/h4>\n\n\n\n<p class=\"has-text-align-left translation-block\">Anche noto come: Cattedrale di Santa Maria Assunta e Santa Giustina<\/p>\n\n\n\n<p class=\"translation-block\">Il Duomo di Piacenza \u00e8 il principale sito religioso di Piacenza e una delle pi\u00f9 grandi opere di architettura romanica del Nord Italia. Costruita tra il dodicesimo e il tredicesimo secolo, presenta una facciata splendidamente decorata, un alto campanile e una cripta. L'interno della chiesa \u00e8 adornato con affreschi medievali e varie opere d'arte storiche. Alle spalle del Duomo si trova un museo di opere d'arte sacra.<\/p>\n\n\n\n<div class=\"wp-block-columns is-layout-flex wp-container-core-columns-is-layout-9d6595d7 wp-block-columns-is-layout-flex\">\n<div class=\"wp-block-column is-layout-flow wp-block-column-is-layout-flow\" style=\"flex-basis:85%\">\n<p>Indirizzo: Piazza Duomo, 29121 Piacenza PC<br>Coordinate: 45.0504, 9.6973<\/p>\n<\/div>\n\n\n\n<div class=\"wp-block-column is-layout-flow wp-block-column-is-layout-flow\" style=\"flex-basis:15%\">\n<p class=\"has-text-align-right\"><a href=\"https:\/\/goo.gl\/maps\/vzY42wezpmM2uNnMA\" target=\"_blank\" aria-label=\" (opens in a new tab)\" rel=\"noreferrer noopener\" class=\"ek-link\">Google Maps<\/a><\/p>\n<\/div>\n<\/div>\n\n\n<div class=\"wp-block-ub-divider ub_divider ub-divider-orientation-horizontal\" id=\"ub_divider_35eb27c6-61d3-434f-97f0-babdf47ccca0\"><div class=\"ub_divider_wrapper\" style=\"position: relative; margin-bottom: 2px; width: 100%; height: 2px; \" data-divider-alignment=\"center\"><div class=\"ub_divider_line\" style=\"border-top: 2px solid #ccc; margin-top: 2px; \"><\/div><\/div><\/div>\n\n\n<h4 class=\"wp-block-heading\" id=\"palazzo-farnese\"><strong><strong><strong>\u272a Palazzo Farnese<\/strong><\/strong><\/strong><\/h4>\n\n\n\n<p class=\"translation-block\">Palazzo Farnese \u00e8 un palazzo rinascimentale costruito su una precedente fortezza, che oggi ospita un complesso museale. Il palazzo include una galleria d'arte, una mostra di armi e carrozze storiche e un museo sul Risorgimento italiano, oltre ad affreschi, sculture, ceramiche e altro ancora. La collezione archeologica di Palazzo Farnese comprende il reperto etrusco noto come <em>Fegato di Piacenza<\/em>.<\/p>\n\n\n\n<div class=\"wp-block-columns is-layout-flex wp-container-core-columns-is-layout-9d6595d7 wp-block-columns-is-layout-flex\">\n<div class=\"wp-block-column is-layout-flow wp-block-column-is-layout-flow\" style=\"flex-basis:85%\">\n<p>Indirizzo: Piazza della Cittadella, 29, 29121 Piacenza PC<br>Coordinate: 45.0559, 9.6961<\/p>\n<\/div>\n\n\n\n<div class=\"wp-block-column is-layout-flow wp-block-column-is-layout-flow\" style=\"flex-basis:15%\">\n<p class=\"has-text-align-right\"><a href=\"https:\/\/goo.gl\/maps\/NFmMRSEb4vaZwRVg9\" target=\"_blank\" aria-label=\" (opens in a new tab)\" rel=\"noreferrer noopener\" class=\"ek-link\">Google Maps<\/a><\/p>\n<\/div>\n<\/div>\n\n\n<div class=\"wp-block-ub-divider ub_divider ub-divider-orientation-horizontal\" id=\"ub_divider_38ab772e-9840-428f-8151-d65813c637fc\"><div class=\"ub_divider_wrapper\" style=\"position: relative; margin-bottom: 2px; width: 100%; height: 2px; \" data-divider-alignment=\"center\"><div class=\"ub_divider_line\" style=\"border-top: 2px solid #ccc; margin-top: 2px; \"><\/div><\/div><\/div>\n\n\n<h4 class=\"wp-block-heading\" id=\"basilica-of-santantonino\"><strong><strong>Basilica di Sant\u2019Antonino<\/strong><\/strong><\/h4>\n\n\n\n<p>La Basilica di Sant'Antonino \u00e8 un'antica chiesa romanica, le cui origini risalgono al quarto secolo. Ricostruita e rimaneggiata pi\u00f9 volte, l'attuale struttura fu eretta nel Basso Medioevo. Grande esempio di architettura romanica, \u00e8 sormontata da un campanile ottagonale e custodisce diverse opere d'arte e affreschi.<\/p>\n\n\n\n<div class=\"wp-block-columns is-layout-flex wp-container-core-columns-is-layout-9d6595d7 wp-block-columns-is-layout-flex\">\n<div class=\"wp-block-column is-layout-flow wp-block-column-is-layout-flow\" style=\"flex-basis:85%\">\n<p>Indirizzo: Piazza Sant\u2019Antonino, 29121 Piacenza PC<br>Coordinate: 45.0493, 9.6946<\/p>\n<\/div>\n\n\n\n<div class=\"wp-block-column is-layout-flow wp-block-column-is-layout-flow\" style=\"flex-basis:15%\">\n<p class=\"has-text-align-right\"><a href=\"https:\/\/goo.gl\/maps\/Y7Wyupz3FzvkbejD9\" target=\"_blank\" aria-label=\" (opens in a new tab)\" rel=\"noreferrer noopener\" class=\"ek-link\">Google Maps<\/a><\/p>\n<\/div>\n<\/div>\n\n\n<div class=\"wp-block-ub-divider ub_divider ub-divider-orientation-horizontal\" id=\"ub_divider_a34f387f-899a-4085-85b7-7ef19fca2862\"><div class=\"ub_divider_wrapper\" style=\"position: relative; margin-bottom: 2px; width: 100%; height: 2px; \" data-divider-alignment=\"center\"><div class=\"ub_divider_line\" style=\"border-top: 2px solid #ccc; margin-top: 2px; \"><\/div><\/div><\/div>\n\n\n<h4 class=\"wp-block-heading\" id=\"ricci-oddi-gallery-of-modern-art\"><strong><strong>Galleria d\u2019Arte Moderna Ricci Oddi<\/strong><\/strong><\/h4>\n\n\n\n<p class=\"translation-block\">La Galleria d'Arte Moderna Ricci Oddi \u00e8 un'interessante raccolta di opere d'arte moderna a Piacenza. Il museo ospita numerose opere del diciannovesimo e ventesimo secolo, in gran parte di artisti italiani.<\/p>\n\n\n\n<div class=\"wp-block-columns is-layout-flex wp-container-core-columns-is-layout-9d6595d7 wp-block-columns-is-layout-flex\">\n<div class=\"wp-block-column is-layout-flow wp-block-column-is-layout-flow\" style=\"flex-basis:85%\">\n<p>Indirizzo: Via S. Siro, 13, 29121 Piacenza PC<br>Coordinate: 45.0486, 9.6919<\/p>\n<\/div>\n\n\n\n<div class=\"wp-block-column is-layout-flow wp-block-column-is-layout-flow\" style=\"flex-basis:15%\">\n<p class=\"has-text-align-right\"><a href=\"https:\/\/goo.gl\/maps\/KKSFpmZcMTDUpTTw8\" target=\"_blank\" aria-label=\" (opens in a new tab)\" rel=\"noreferrer noopener\" class=\"ek-link\">Google Maps<\/a><\/p>\n<\/div>\n<\/div>\n\n\n<div class=\"wp-block-ub-divider ub_divider ub-divider-orientation-horizontal\" id=\"ub_divider_55347b30-8025-4547-8915-d0c7c98c2533\"><div class=\"ub_divider_wrapper\" style=\"position: relative; margin-bottom: 2px; width: 100%; height: 2px; \" data-divider-alignment=\"center\"><div class=\"ub_divider_line\" style=\"border-top: 2px solid #ccc; margin-top: 2px; \"><\/div><\/div><\/div>\n\n\n<h4 class=\"wp-block-heading\" id=\"basilica-of-san-savino\"><strong><strong>Basilica di San Savino<\/strong><\/strong><\/h4>\n\n\n\n<p>La Basilica di San Savino \u00e8 una chiesa edificata in epoca medievale, con l'attuale struttura risalente al dodicesimo secolo, e successivamente pesantemente rimaneggiata. La chiesa ospita alcune opere d'arte e cimeli ma \u00e8 soprattutto degna di nota grazie ai mosaici medievali che adornano la sua cripta.<\/p>\n\n\n\n<div class=\"wp-block-columns is-layout-flex wp-container-core-columns-is-layout-9d6595d7 wp-block-columns-is-layout-flex\">\n<div class=\"wp-block-column is-layout-flow wp-block-column-is-layout-flow\" style=\"flex-basis:85%\">\n<p>Indirizzo: Via Giulio Alberoni, 35, 29121 Piacenza PC<br>Coordinate: 45.0504, 9.7016<\/p>\n<\/div>\n\n\n\n<div class=\"wp-block-column is-layout-flow wp-block-column-is-layout-flow\" style=\"flex-basis:15%\">\n<p class=\"has-text-align-right\"><a href=\"https:\/\/goo.gl\/maps\/XE1XBbYQAQTSvSsCA\" target=\"_blank\" aria-label=\" (opens in a new tab)\" rel=\"noreferrer noopener\" class=\"ek-link\">Google Maps<\/a><\/p>\n<\/div>\n<\/div>\n\n\n<div class=\"wp-block-ub-divider ub_divider ub-divider-orientation-horizontal\" id=\"ub_divider_12c34e54-1287-4b64-8229-acefbabf657b\"><div class=\"ub_divider_wrapper\" style=\"position: relative; margin-bottom: 2px; width: 100%; height: 2px; \" data-divider-alignment=\"center\"><div class=\"ub_divider_line\" style=\"border-top: 2px solid #ccc; margin-top: 2px; \"><\/div><\/div><\/div>\n\n\n<h4 class=\"wp-block-heading\" id=\"church-of-san-sisto\"><strong><strong>Chiesa di San Sisto<\/strong><\/strong><\/h4>\n\n\n\n<p class=\"translation-block\">La Chiesa di San Sisto \u00e8 una chiesa rinascimentale a Piacenza, ornata da una facciata manierista e interni decorati. Questo \u00e8 il sito originario della famosa <em>Madonna Sistina<\/em> di Raffaello, successivamente trasferita a Dresda, in Germania. La chiesa ora ospita una copia del dipinto.<\/p>\n\n\n\n<div class=\"wp-block-columns is-layout-flex wp-container-core-columns-is-layout-9d6595d7 wp-block-columns-is-layout-flex\">\n<div class=\"wp-block-column is-layout-flow wp-block-column-is-layout-flow\" style=\"flex-basis:85%\">\n<p>Indirizzo: Via S. Sisto, 9, 29121 Piacenza PC<br>Coordinate: 45.0574, 9.6929<\/p>\n<\/div>\n\n\n\n<div class=\"wp-block-column is-layout-flow wp-block-column-is-layout-flow\" style=\"flex-basis:15%\">\n<p class=\"has-text-align-right\"><a href=\"https:\/\/goo.gl\/maps\/Eyan8tEk6jUisDYz8\" target=\"_blank\" aria-label=\" (opens in a new tab)\" rel=\"noreferrer noopener\" class=\"ek-link\">Google Maps<\/a><\/p>\n<\/div>\n<\/div>\n\n\n<div class=\"wp-block-ub-divider ub_divider ub-divider-orientation-horizontal\" id=\"ub_divider_f595e1ea-4003-4f0e-819f-abf1ac12f466\"><div class=\"ub_divider_wrapper\" style=\"position: relative; margin-bottom: 2px; width: 100%; height: 2px; \" data-divider-alignment=\"center\"><div class=\"ub_divider_line\" style=\"border-top: 2px solid #ccc; margin-top: 2px; \"><\/div><\/div><\/div>\n\n\n<h4 class=\"wp-block-heading\" id=\"basilica-of-santa-maria-di-campagna\"><strong><strong>Basilica di Santa Maria di Campagna<\/strong><\/strong><\/h4>\n\n\n\n<p>La Basilica di Santa Maria di Campagna \u00e8 una chiesa del sedicesimo secolo nella parte occidentale di Piacenza. La basilica \u00e8 riccamente ornata da numerose opere d'arte e decorazioni, tra cui l'imponente affresco che occupa l'interno della cupola. <\/p>\n\n\n\n<div class=\"wp-block-columns is-layout-flex wp-container-core-columns-is-layout-9d6595d7 wp-block-columns-is-layout-flex\">\n<div class=\"wp-block-column is-layout-flow wp-block-column-is-layout-flow\" style=\"flex-basis:85%\">\n<p>Indirizzo: Piazzale delle Crociate, 5, 29121 Piacenza PC<br>Coordinate: 45.0565, 9.6800<\/p>\n<\/div>\n\n\n\n<div class=\"wp-block-column is-layout-flow wp-block-column-is-layout-flow\" style=\"flex-basis:15%\">\n<p class=\"has-text-align-right\"><a href=\"https:\/\/goo.gl\/maps\/DLpAVSFqmh4AN9SD7\" target=\"_blank\" aria-label=\" (opens in a new tab)\" rel=\"noreferrer noopener\" class=\"ek-link\">Google Maps<\/a><\/p>\n<\/div>\n<\/div>\n\n\n<div class=\"wp-block-ub-divider ub_divider ub-divider-orientation-horizontal\" id=\"ub_divider_0a746e59-3482-45c9-87d1-3cf0914db6fd\"><div class=\"ub_divider_wrapper\" style=\"position: relative; margin-bottom: 2px; width: 100%; height: 2px; \" data-divider-alignment=\"center\"><div class=\"ub_divider_line\" style=\"border-top: 2px solid #ccc; margin-top: 2px; \"><\/div><\/div><\/div>\n\n\n<h4 class=\"wp-block-heading\" id=\"collegio-alberoni\"><strong><strong>Collegio Alberoni<\/strong><\/strong><\/h4>\n\n\n\n<p>Il Collegio Alberoni \u00e8 un complesso religioso settecentesco situato alla periferia di Piacenza. L'area ospita un seminario e una pinacoteca con opere d'arte rinascimentali e moderne, oltre a un museo di storia naturale.<\/p>\n\n\n\n<div class=\"wp-block-columns is-layout-flex wp-container-core-columns-is-layout-9d6595d7 wp-block-columns-is-layout-flex\">\n<div class=\"wp-block-column is-layout-flow wp-block-column-is-layout-flow\" style=\"flex-basis:85%\">\n<p>Indirizzo: Via Emilia Parmense, 77, 29122 Piacenza PC<br>Coordinate: 45.0357, 9.7254<\/p>\n<\/div>\n\n\n\n<div class=\"wp-block-column is-layout-flow wp-block-column-is-layout-flow\" style=\"flex-basis:15%\">\n<p class=\"has-text-align-right\"><a href=\"https:\/\/goo.gl\/maps\/JeNkv5roMwkuCPYN9\" target=\"_blank\" aria-label=\" (opens in a new tab)\" rel=\"noreferrer noopener\" class=\"ek-link\">Google Maps<\/a><\/p>\n<\/div>\n<\/div>","protected":false},"excerpt":{"rendered":"<p>&lt;&lt; Emilia-Romagna Piacenza is a city located at the western edge of Emilia-Romagna, near the river Po and the border with Lombardy. The city was founded by the Romans, and it remained an important center throughout the Middle Ages, becoming the seat of a Lombard duchy and later a free comune. Piacenza flourished during this time, gaining control over various territories, but it was ultimately captured by the Visconti family of Milan. After a period of political turmoil, it joined the newly independent Duchy of Parma and Piacenza. The city declined during the following centuries, and finally it became part of Italy during the unification of the country. Today Piacenza is a major agricultural and industrial center, linking Emilia-Romagna and Lombardy. The city is also notable for its cultural heritage, which blends the characteristics of all the neighboring regions. \u272a Piazza dei Cavalli Piazza dei Cavalli (&#8220;Horses&#8217; Square&#8221;) is the main square of Piacenza. The square features Palazzo Comunale (or Palazzo Gotico), the medieval town hall of Piacenza and a great example of Gothic architecture from the 13th century. The historic palace features rich decorations and it is considered a symbol of the city. The opposite side is occupied by the Neoclassical Palazzo del Governatore, while the Gothic Basilica of San Francesco d&#8217;Assisi stands on the southeast. The square is adorned with two 17th-century bronze equestrian statues known as Cavalli del Mochi, from which it takes its name. Address: Piazza Cavalli, 29121 Piacenza PCCoordinates: 45.0527, 9.6931 Google Maps \u272a Piacenza Cathedral Also known as: Cathedral of Santa Maria Assunta e Santa Giustina (Cattedrale di Santa Maria Assunta e Santa Giustina) The Piacenza Cathedral (Duomo di Piacenza) is the main religious site of Piacenza and one of the greatest works of Romanesque architecture in Northern Italy. Built between the 12th and 13th century, it features a beautifully decorated facade, a tall bell tower, and a crypt. The interior of the church is adorned with medieval frescoes ans various historic artworks. A museum of religious artworks stands behind the Cathedral. Address: Piazza Duomo, 29121 Piacenza PCCoordinates: 45.0504, 9.6973 Google Maps \u272a Palazzo Farnese Palazzo Farnese is a Renaissance palace built over a previous fortress, which now hosts a museum complex. The palace hosts an art gallery, an exhibition of historic weapons and carriages, and a museum on the Italian Risorgimento, along with frescoes, sculptures, ceramics, and more. The archaeological collection of Palazzo Farnese includes the Etruscan artifact known as Liver of Piacenza (Fegato di Piacenza). Address: Piazza della Cittadella, 29, 29121 Piacenza PCCoordinates: 45.0559, 9.6961 Google Maps Basilica of Sant&#8217;Antonino The Basilica of Sant&#8217;Antonino is an ancient Romanesque church, which can trace its origins in the 4th century. Rebuilt and reworked several times, the current structure was erected in the Late Middle Ages. A great example of Romanesque architecture, it is topped by an octagonal bell tower and it houses various artworks and frescoes. Address: Piazza Sant&#8217;Antonino, 29121 Piacenza PCCoordinates: 45.0493, 9.6946 Google Maps Ricci Oddi Gallery of Modern Art The Ricci Oddi Gallery of Modern Art (Galleria d&#8217;Arte Moderna Ricci Oddi) is an interesting collection of modern artworks in Piacenza. The museum houses numerous works from the 19th and 20th century, mostly from Italian artists. Address: Via S. Siro, 13, 29121 Piacenza PCCoordinates: 45.0486, 9.6919 Google Maps Basilica of San Savino The Basilica of San Savino is a church built during the Middle Ages, with the current structure dating from the 12th century, and later heavily reworked. The church houses a few artworks and relics but it is mostly notable thanks to the medieval mosaics that adorn its crypt. Address: Via Giulio Alberoni, 35, 29121 Piacenza PCCoordinates: 45.0504, 9.7016 Google Maps Church of San Sisto The Church of San Sisto is a Renaissance church in Piacenza, adorned with a Mannerist facade and decorated interiors. This is the original site of the famous Sistine Madonna (Madonna Sistina) by Raphael, which was later moved to Dresden, in Germany. The church now houses a copy of the painting. Address: Via S. Sisto, 9, 29121 Piacenza PCCoordinates: 45.0574, 9.6929 Google Maps Basilica of Santa Maria di Campagna The Basilica of Santa Maria di Campagna is 16th-century church on the western side of Piacenza. The Basilica is richly adorned with numerous artworks and decorations, among which is the impressive fresco occupying the interior of the dome. Address: Piazzale delle Crociate, 5, 29121 Piacenza PCCoordinates: 45.0565, 9.6800 Google Maps Collegio Alberoni Collegio Alberoni is an 18th-century religious complex located at the outskirts of Piacenza. The area houses a seminary and an art gallery with Renaissance and Modern artworks, along with a museum of natural history. Address: Via Emilia Parmense, 77, 29122 Piacenza PCCoordinates: 45.0357, 9.7254 Google Maps<\/p>","protected":false},"author":1,"featured_media":0,"parent":932,"menu_order":0,"comment_status":"closed","ping_status":"closed","template":"","meta":{"_editorskit_title_hidden":false,"_editorskit_reading_time":3,"_editorskit_is_block_options_detached":false,"_editorskit_block_options_position":"{}","om_disable_all_campaigns":false,"_uag_custom_page_level_css":"","advgb_blocks_editor_width":"","advgb_blocks_columns_visual_guide":"","_monsterinsights_skip_tracking":false,"_monsterinsights_sitenote_active":false,"_monsterinsights_sitenote_note":"","_monsterinsights_sitenote_category":0,"footnotes":""},"class_list":["post-3380","page","type-page","status-publish","hentry"],"aioseo_notices":[],"featured_image_src":null,"uagb_featured_image_src":{"full":false,"thumbnail":false,"medium":false,"medium_large":false,"large":false,"1536x1536":false,"2048x2048":false,"trp-custom-language-flag":false,"xs-thumb":false,"post-thumbnail":false,"minimalistblogger-grid":false,"minimalistblogger-slider":false,"minimalistblogger-small":false},"uagb_author_info":{"display_name":"Stefano Cammisa","author_link":"https:\/\/www.cosmundus.com\/it\/author\/stefano-cammisa\/"},"uagb_comment_info":0,"uagb_excerpt":"&lt;&lt; Emilia-Romagna Piacenza is a city located at the western edge of Emilia-Romagna, near the river Po and the border with Lombardy. The city was founded by the Romans, and it remained an important center throughout the Middle Ages, becoming the seat of a Lombard duchy and later a free comune. Piacenza flourished during this&hellip;","coauthors":[],"author_meta":{"author_link":"https:\/\/www.cosmundus.com\/it\/author\/stefano-cammisa\/","display_name":"Stefano Cammisa"},"relative_dates":{"created":"Pubblicato 3 anni fa","modified":"Aggiornato 2 anni fa"},"absolute_dates":{"created":"Pubblicato il 9 Marzo 2023","modified":"Aggiornato il 28 Febbraio 2024"},"absolute_dates_time":{"created":"Pubblicato il 9 Marzo 2023 10:53 am","modified":"Aggiornato il 28 Febbraio 2024 12:16 pm"},"featured_img_caption":"","featured_img":false,"series_order":"","_links":{"self":[{"href":"https:\/\/www.cosmundus.com\/it\/wp-json\/wp\/v2\/pages\/3380","targetHints":{"allow":["GET"]}}],"collection":[{"href":"https:\/\/www.cosmundus.com\/it\/wp-json\/wp\/v2\/pages"}],"about":[{"href":"https:\/\/www.cosmundus.com\/it\/wp-json\/wp\/v2\/types\/page"}],"author":[{"embeddable":true,"href":"https:\/\/www.cosmundus.com\/it\/wp-json\/wp\/v2\/users\/1"}],"replies":[{"embeddable":true,"href":"https:\/\/www.cosmundus.com\/it\/wp-json\/wp\/v2\/comments?post=3380"}],"version-history":[{"count":10,"href":"https:\/\/www.cosmundus.com\/it\/wp-json\/wp\/v2\/pages\/3380\/revisions"}],"predecessor-version":[{"id":9572,"href":"https:\/\/www.cosmundus.com\/it\/wp-json\/wp\/v2\/pages\/3380\/revisions\/9572"}],"up":[{"embeddable":true,"href":"https:\/\/www.cosmundus.com\/it\/wp-json\/wp\/v2\/pages\/932"}],"wp:attachment":[{"href":"https:\/\/www.cosmundus.com\/it\/wp-json\/wp\/v2\/media?parent=3380"}],"curies":[{"name":"wp","href":"https:\/\/api.w.org\/{rel}","templated":true}]}}