{"id":2876,"date":"2023-02-22T10:50:29","date_gmt":"2023-02-22T09:50:29","guid":{"rendered":"https:\/\/www.cosmundus.com\/?page_id=2876"},"modified":"2026-03-03T10:14:29","modified_gmt":"2026-03-03T09:14:29","slug":"home","status":"publish","type":"page","link":"https:\/\/www.cosmundus.com\/it\/","title":{"rendered":"Home"},"content":{"rendered":"<p>Benvenuti in Cosmundus! Qui puoi esplorare il mondo e l'universo sfogliando le tre sezioni del sito.<\/p>\n\n\n\n<p class=\"translation-block\">L'<a href=\"https:\/\/www.cosmundus.com\/it\/atlas\/\" class=\"ek-link\" target=\"_self\">Atlante<\/a> \u00e8 una guida di viaggio, un elenco di molte destinazioni in tutto il mondo con spiegazioni dettagliate su tutto quello che c'\u00e8 da vedere in ogni posto. Poich\u00e9 si tratta di un progetto enorme, al momento \u00e8 disponibile solo per alcune regioni, ma lo sto lentamente espandendo e ho intenzione di coprire l'intero pianeta. Se il luogo che stai cercando non \u00e8 attualmente sull'Atlante, torna pi\u00f9 tardi o controlla le ultime <a href=\"https:\/\/www.cosmundus.com\/it\/category\/news\/\" class=\"ek-link\" target=\"_self\">notizie<\/a> per avere aggiornamenti su ci\u00f2 che \u00e8 stato aggiunto.<\/p>\n\n\n\n<p class=\"translation-block\">La sezione <a title=\"\" href=\"https:\/\/www.cosmundus.com\/it\/k-pop\/\" target=\"_self\">K-Pop<\/a> \u00e8 dedicata al folle mondo della musica coreana e include guide per principianti incentrate su diversi gruppi e artisti, cos\u00ec come altri articoli che spiegano concetti e idee relativi al K-Pop. Qui si trova anche una serie di articoli che analizzano la grammatica e il vocabolario dei testi delle canzoni K-Pop come strumento per studiare la lingua coreana.<\/p>\n\n\n\n<p class=\"translation-block\">L'ultima sezione del sito \u00e8 il mio <a href=\"https:\/\/www.cosmundus.com\/it\/blog\/\" class=\"ek-link\" target=\"_self\">blog<\/a> personale, dove puoi leggere articoli su molti argomenti diversi come storia, viaggi, scienza, cultura e molto altro. Puoi controllare le diverse categorie nella pagina principale del blog o vedere un elenco di tutti i <a href=\"https:\/\/www.cosmundus.com\/it\/posts\/\" class=\"ek-link\" target=\"_self\">post pi\u00f9 recenti<\/a>.<\/p>\n\n\n\n<div style=\"height:2px\" aria-hidden=\"true\" class=\"wp-block-spacer\"><\/div>\n\n\n\n<div class=\"wp-block-cover is-style-editorskit-circular ek-linked-block\" style=\"min-height:190px;aspect-ratio:unset;\"><img fetchpriority=\"high\" decoding=\"async\" width=\"1280\" height=\"640\" class=\"wp-block-cover__image-background wp-image-2877\" alt=\"earth, space, sunlight-1756274.jpg\" src=\"https:\/\/www.cosmundus.com\/wp-content\/uploads\/2023\/02\/earth-space-sunlight-1756274.jpg\" data-object-fit=\"cover\" srcset=\"https:\/\/www.cosmundus.com\/wp-content\/uploads\/2023\/02\/earth-space-sunlight-1756274.jpg 1280w, https:\/\/www.cosmundus.com\/wp-content\/uploads\/2023\/02\/earth-space-sunlight-1756274-300x150.jpg 300w, https:\/\/www.cosmundus.com\/wp-content\/uploads\/2023\/02\/earth-space-sunlight-1756274-1024x512.jpg 1024w, https:\/\/www.cosmundus.com\/wp-content\/uploads\/2023\/02\/earth-space-sunlight-1756274-768x384.jpg 768w, https:\/\/www.cosmundus.com\/wp-content\/uploads\/2023\/02\/earth-space-sunlight-1756274-18x9.jpg 18w, https:\/\/www.cosmundus.com\/wp-content\/uploads\/2023\/02\/earth-space-sunlight-1756274-850x425.jpg 850w\" sizes=\"(max-width: 1280px) 100vw, 1280px\" \/><span aria-hidden=\"true\" class=\"wp-block-cover__background has-background-dim\"><\/span><div class=\"wp-block-cover__inner-container is-layout-flow wp-block-cover-is-layout-flow\">\n<p class=\"has-text-align-center has-white-color has-text-color has-x-large-font-size\" style=\"font-style:normal;font-weight:800;text-transform:none\">Atlante<\/p>\n<\/div><a href=\"https:\/\/www.cosmundus.com\/it\/atlas\/\" class=\"editorskit-block-link\" rel=\"\"><\/a><\/div>\n\n\n\n<div style=\"height:2px\" aria-hidden=\"true\" class=\"wp-block-spacer\"><\/div>\n\n\n\n<div class=\"wp-block-cover is-style-editorskit-circular ek-linked-block\" style=\"min-height:190px;aspect-ratio:unset;\"><img decoding=\"async\" width=\"1024\" height=\"682\" class=\"wp-block-cover__image-background wp-image-12586 size-large\" alt=\"\" src=\"https:\/\/www.cosmundus.com\/wp-content\/uploads\/2026\/01\/night-street-2162772_1280-1024x682.jpg\" style=\"object-position:50% 63%\" data-object-fit=\"cover\" data-object-position=\"50% 63%\" srcset=\"https:\/\/www.cosmundus.com\/wp-content\/uploads\/2026\/01\/night-street-2162772_1280-1024x682.jpg 1024w, https:\/\/www.cosmundus.com\/wp-content\/uploads\/2026\/01\/night-street-2162772_1280-300x200.jpg 300w, https:\/\/www.cosmundus.com\/wp-content\/uploads\/2026\/01\/night-street-2162772_1280-768x512.jpg 768w, https:\/\/www.cosmundus.com\/wp-content\/uploads\/2026\/01\/night-street-2162772_1280-18x12.jpg 18w, https:\/\/www.cosmundus.com\/wp-content\/uploads\/2026\/01\/night-street-2162772_1280-850x566.jpg 850w, https:\/\/www.cosmundus.com\/wp-content\/uploads\/2026\/01\/night-street-2162772_1280.jpg 1066w\" sizes=\"(max-width: 1024px) 100vw, 1024px\" \/><span aria-hidden=\"true\" class=\"wp-block-cover__background has-background-dim\" style=\"background-color:#695b4e\"><\/span><div class=\"wp-block-cover__inner-container is-layout-flow wp-block-cover-is-layout-flow\">\n<p class=\"has-text-align-center has-white-color has-text-color has-x-large-font-size\" style=\"font-style:normal;font-weight:800;text-transform:none\">K-Pop<\/p>\n<\/div><a href=\"https:\/\/www.cosmundus.com\/it\/k-pop\/\" class=\"editorskit-block-link\" rel=\"\"><\/a><\/div>\n\n\n\n<div style=\"height:2px\" aria-hidden=\"true\" class=\"wp-block-spacer\"><\/div>\n\n\n\n<div class=\"wp-block-cover is-light is-style-editorskit-circular ek-linked-block\" style=\"min-height:190px;aspect-ratio:unset;\"><img decoding=\"async\" width=\"1280\" height=\"853\" class=\"wp-block-cover__image-background wp-image-2880\" alt=\"mountains, landscape, nature-4387209.jpg\" src=\"https:\/\/www.cosmundus.com\/wp-content\/uploads\/2023\/02\/mountains-landscape-nature-4387209.jpg\" style=\"object-position:50% 61%\" data-object-fit=\"cover\" data-object-position=\"50% 61%\" srcset=\"https:\/\/www.cosmundus.com\/wp-content\/uploads\/2023\/02\/mountains-landscape-nature-4387209.jpg 1280w, https:\/\/www.cosmundus.com\/wp-content\/uploads\/2023\/02\/mountains-landscape-nature-4387209-300x200.jpg 300w, https:\/\/www.cosmundus.com\/wp-content\/uploads\/2023\/02\/mountains-landscape-nature-4387209-1024x682.jpg 1024w, https:\/\/www.cosmundus.com\/wp-content\/uploads\/2023\/02\/mountains-landscape-nature-4387209-768x512.jpg 768w, https:\/\/www.cosmundus.com\/wp-content\/uploads\/2023\/02\/mountains-landscape-nature-4387209-18x12.jpg 18w, https:\/\/www.cosmundus.com\/wp-content\/uploads\/2023\/02\/mountains-landscape-nature-4387209-850x566.jpg 850w\" sizes=\"(max-width: 1280px) 100vw, 1280px\" \/><span aria-hidden=\"true\" class=\"wp-block-cover__background has-background-dim\"><\/span><div class=\"wp-block-cover__inner-container is-layout-flow wp-block-cover-is-layout-flow\">\n<p class=\"has-text-align-center has-white-color has-text-color has-x-large-font-size\" style=\"font-style:normal;font-weight:800;text-transform:none\">Blog<\/p>\n<\/div><a href=\"https:\/\/www.cosmundus.com\/it\/blog\/\" class=\"editorskit-block-link\" rel=\"\"><\/a><\/div>","protected":false},"excerpt":{"rendered":"<p>Welcome to Cosmundus! Here you can explore the world and the universe by looking through the three sections of the website. The Atlas is a travel guide, a list of many destinations all around the world with detailed explanations on everything there is to see in each place. Since this is a huge project, it is currently available only for some regions, but I am slowly expanding it and I plan to eventually cover the entire planet. If the place you are looking for is not currently on the Atlas, come back later or check the latest news for updates on what has been added. The K-Pop section is dedicated to the crazy world of Korean music, and includes guides for beginners focused on different groups and artists, as well as other articles explaining concepts and ideas related to K-Pop. Here is also a series of articles that analyze the grammar and vocabulary of the lyrics of K-Pop songs as a way to study the Korean language. The final section of the website is my personal blog, where you can read articles on many different subjects such as history, travel, science, culture, and much more. You can check the different categories on the main page of the blog, or see a list of all the latest posts.<\/p>","protected":false},"author":1,"featured_media":0,"parent":0,"menu_order":0,"comment_status":"closed","ping_status":"closed","template":"","meta":{"_editorskit_title_hidden":false,"_editorskit_reading_time":1,"_editorskit_is_block_options_detached":false,"_editorskit_block_options_position":"{}","om_disable_all_campaigns":false,"_uag_custom_page_level_css":"","advgb_blocks_editor_width":"","advgb_blocks_columns_visual_guide":"","_monsterinsights_skip_tracking":false,"_monsterinsights_sitenote_active":false,"_monsterinsights_sitenote_note":"","_monsterinsights_sitenote_category":0,"footnotes":""},"class_list":["post-2876","page","type-page","status-publish","hentry"],"aioseo_notices":[],"featured_image_src":null,"uagb_featured_image_src":{"full":false,"thumbnail":false,"medium":false,"medium_large":false,"large":false,"1536x1536":false,"2048x2048":false,"trp-custom-language-flag":false,"xs-thumb":false,"post-thumbnail":false,"minimalistblogger-grid":false,"minimalistblogger-slider":false,"minimalistblogger-small":false},"uagb_author_info":{"display_name":"Stefano Cammisa","author_link":"https:\/\/www.cosmundus.com\/it\/author\/stefano-cammisa\/"},"uagb_comment_info":0,"uagb_excerpt":"Welcome to Cosmundus! Here you can explore the world and the universe by looking through the three sections of the website. The Atlas is a travel guide, a list of many destinations all around the world with detailed explanations on everything there is to see in each place. Since this is a huge project, it&hellip;","coauthors":[],"author_meta":{"author_link":"https:\/\/www.cosmundus.com\/it\/author\/stefano-cammisa\/","display_name":"Stefano Cammisa"},"relative_dates":{"created":"Pubblicato 3 anni fa","modified":"Aggiornato 2 mesi fa"},"absolute_dates":{"created":"Pubblicato il 22 Febbraio 2023","modified":"Aggiornato il 3 Marzo 2026"},"absolute_dates_time":{"created":"Pubblicato il 22 Febbraio 2023 10:50 am","modified":"Aggiornato il 3 Marzo 2026 10:14 am"},"featured_img_caption":"","featured_img":false,"series_order":"","_links":{"self":[{"href":"https:\/\/www.cosmundus.com\/it\/wp-json\/wp\/v2\/pages\/2876","targetHints":{"allow":["GET"]}}],"collection":[{"href":"https:\/\/www.cosmundus.com\/it\/wp-json\/wp\/v2\/pages"}],"about":[{"href":"https:\/\/www.cosmundus.com\/it\/wp-json\/wp\/v2\/types\/page"}],"author":[{"embeddable":true,"href":"https:\/\/www.cosmundus.com\/it\/wp-json\/wp\/v2\/users\/1"}],"replies":[{"embeddable":true,"href":"https:\/\/www.cosmundus.com\/it\/wp-json\/wp\/v2\/comments?post=2876"}],"version-history":[{"count":22,"href":"https:\/\/www.cosmundus.com\/it\/wp-json\/wp\/v2\/pages\/2876\/revisions"}],"predecessor-version":[{"id":13440,"href":"https:\/\/www.cosmundus.com\/it\/wp-json\/wp\/v2\/pages\/2876\/revisions\/13440"}],"wp:attachment":[{"href":"https:\/\/www.cosmundus.com\/it\/wp-json\/wp\/v2\/media?parent=2876"}],"curies":[{"name":"wp","href":"https:\/\/api.w.org\/{rel}","templated":true}]}}