{"id":1636,"date":"2023-01-23T15:01:43","date_gmt":"2023-01-23T14:01:43","guid":{"rendered":"https:\/\/www.cosmundus.com\/?page_id=1636"},"modified":"2024-03-17T11:59:30","modified_gmt":"2024-03-17T10:59:30","slug":"udine","status":"publish","type":"page","link":"https:\/\/www.cosmundus.com\/it\/destinations\/udine\/","title":{"rendered":"Udine"},"content":{"rendered":"<p class=\"has-text-align-right\">&lt;&lt; <a href=\"https:\/\/www.cosmundus.com\/it\/atlas\/europe\/southern-europe\/italy\/northeast-italy\/friuli-venezia-giulia\/\" class=\"ek-link\"><\/a><a href=\"https:\/\/www.cosmundus.com\/it\/atlas\/europe\/southern-europe\/italy\/northeast-italy\/friuli-venezia-giulia\/\" class=\"ek-link\">Friuli Venezia Giulia<\/a><\/p>\n\n\n\n<p>Udine \u00e8 una citt\u00e0 situata al centro del Friuli Venezia Giulia ed \u00e8 il capoluogo storico del Friuli. Abitata fin dalla preistoria, Udine sal\u00ec alla ribalta come citt\u00e0 pi\u00f9 importante del territorio solo nell'Alto Medioevo, con il declino di <a href=\"https:\/\/www.cosmundus.com\/it\/destinations\/bassa-friulana\/#aquileia\" class=\"ek-link\">Aquileia<\/a> e <a href=\"https:\/\/www.cosmundus.com\/it\/destinations\/northern-and-central-friuli\/#cividale-del-friuli\" class=\"ek-link\">Cividale del Friuli<\/a>. Udine fu parte della Repubblica di <a href=\"https:\/\/www.cosmundus.com\/it\/destinations\/venice\/\" class=\"ek-link\">Venezia<\/a> dal 1420 al 1797 e, dopo l'occupazione francese e austriaca, entr\u00f2 a far parte dell'Italia nel 1866. Essendo vicina alla linea del fronte, Udine divenne sede del comando italiano durante la prima guerra mondiale. Oggi \u00e8 un importante centro regionale per il commercio, l'industria e il turismo.<\/p>\n\n\n<div style=\"border: 1px solid #8ed1fc; border-radius: 0%; background-color: inherit; \" class=\"ub-styled-box ub-bordered-box wp-block-ub-styled-box\" id=\"ub-styled-box-f4467c17-d0e2-4942-b51f-a52e7cebe109\">\n<p class=\"has-medium-font-size\" id=\"ub-styled-box-bordered-content-4d5bea4e-4ad2-4fdb-ab50-79558827407d\">Posti da vedere a Udine<\/p>\n\n\n<div class=\"wp-block-aioseo-table-of-contents\"><ul><li><a class=\"aioseo-toc-item\" href=\"#0-%E2%9C%AA-piazza-della-libert%C3%A0-\">\u272a\u00a0Piazza della Libert\u00e0<\/a><\/li><li><a class=\"aioseo-toc-item\" href=\"#1-%E2%9C%AA-udine-castle-\">\u272a Castello di Udine<\/a><\/li><li><a class=\"aioseo-toc-item\" href=\"#2-udine-cathedral-\">Cattedrale di Udine<\/a><\/li><li><a class=\"aioseo-toc-item\" href=\"#3-church-of-santa-maria-di-castello-\">Chiesa di Santa Maria di Castello<\/a><\/li><li><a class=\"aioseo-toc-item\" href=\"#4-diocesan-museum-and-tiepolo-galleries-\">Museo Diocesano e Gallerie del Tiepolo<\/a><\/li><li><a class=\"aioseo-toc-item\" href=\"#5-museum-of-modern-and-contemporary-art-\">Museo di Arte Moderna e Contemporanea<\/a><\/li><li><a class=\"aioseo-toc-item\" href=\"#6-ethnographic-museum-of-friuli-\">Museo Etnografico del Friuli<\/a><\/li><li><a class=\"aioseo-toc-item\" href=\"#7-tempio-ossario-dei-caduti-ditalia-\">Tempio Ossario dei Caduti d&#8217;Italia<\/a><\/li><\/ul><\/div>\n\n<\/div>\n\n\n<h4 class=\"wp-block-heading\" id=\"0-%E2%9C%AA-piazza-della-libert%C3%A0-\"><strong><strong>\u272a&nbsp;<\/strong>Piazza della Libert\u00e0<\/strong><\/h4>\n\n\n\n<p class=\"translation-block\">Piazza della Libert\u00e0 \u00e8 la piazza principale di Udine ed \u00e8 nota per la sua bellezza e per gli edifici in stile veneziano. La piazza \u00e8 adornata da vari monumenti e circondata da palazzi storici. Il pi\u00f9 notevole di questi \u00e8 la <strong>Loggia del Lionello<\/strong>, un bellissimo palazzo gotico originariamente eretto nel quindicesimo secolo e successivamente ampliato e rimaneggiato. Oggi \u00e8 considerato uno dei simboli pi\u00f9 emblematici di Udine. Proprio di fronte alla Loggia del Lionello si trova la <strong>Loggia di San Giovanni<\/strong>, un edificio cinquecentesco sormontato da una torre dell'orologio. Adiacente alla Loggia di San Giovanni si trova l'<strong>Arco Bollani<\/strong>, un arco trionfale progettato da Palladio all'inizio della strada che conduce al castello.<\/p>\n\n\n\n<div class=\"wp-block-columns is-layout-flex wp-container-core-columns-is-layout-9d6595d7 wp-block-columns-is-layout-flex\">\n<div class=\"wp-block-column is-layout-flow wp-block-column-is-layout-flow\" style=\"flex-basis:85%\">\n<p>Indirizzo: Piazza della Libert\u00e0, 1, 33100 Udine UD<br>Coordinate: 46.0634, 13.2360<\/p>\n<\/div>\n\n\n\n<div class=\"wp-block-column is-layout-flow wp-block-column-is-layout-flow\" style=\"flex-basis:15%\">\n<p class=\"has-text-align-right\"><a href=\"https:\/\/goo.gl\/maps\/ALk2se1yYPgtSWdL7\" target=\"_blank\" aria-label=\" (opens in a new tab)\" rel=\"noreferrer noopener\" class=\"ek-link\">Google Maps<\/a><\/p>\n<\/div>\n<\/div>\n\n\n<div class=\"wp-block-ub-divider ub_divider ub-divider-orientation-horizontal\" id=\"ub_divider_ed27c1ab-baef-467a-92a5-459967d9033b\"><div class=\"ub_divider_wrapper\" style=\"position: relative; margin-bottom: 2px; width: 100%; height: 2px; \" data-divider-alignment=\"center\"><div class=\"ub_divider_line\" style=\"border-top: 2px solid #ccc; margin-top: 2px; \"><\/div><\/div><\/div>\n\n\n<h4 class=\"wp-block-heading\" id=\"1-%E2%9C%AA-udine-castle-\"><strong><strong>\u272a&nbsp;<\/strong>Castello di Udine<\/strong><\/h4>\n\n\n\n<p class=\"translation-block\">Il Castello di Udine si trova in cima a un colle al centro della citt\u00e0, ed \u00e8 collegato a Piazza della Libert\u00e0 attraverso un percorso ad arco chiamato <strong>Loggia del Lippomano<\/strong>. Originariamente eretto come fortezza durante il Medioevo, fu ricostruito come palazzo dopo il terremoto del 1511 che distrusse la struttura precedente. Per secoli ha ospitato il parlamento locale, uno dei pi\u00f9 antichi del mondo, e ora \u00e8 stato trasformato in museo. In quanto sede dei <strong>Civici Musei e Gallerie di Storia e Arte<\/strong>, ospita mostre di storia locale, archeologia, arte, stampe, fotografia ed altro<\/p>\n\n\n\n<div class=\"wp-block-columns is-layout-flex wp-container-core-columns-is-layout-9d6595d7 wp-block-columns-is-layout-flex\">\n<div class=\"wp-block-column is-layout-flow wp-block-column-is-layout-flow\" style=\"flex-basis:85%\">\n<p>Indirizzo: P.le della Patria del Friuli, 1, 33100 Udine UD<br>Coordinate: 46.0645, 13.2361<\/p>\n<\/div>\n\n\n\n<div class=\"wp-block-column is-layout-flow wp-block-column-is-layout-flow\" style=\"flex-basis:15%\">\n<p class=\"has-text-align-right\"><a href=\"https:\/\/goo.gl\/maps\/vMBVNJcP5j941HpA8\" target=\"_blank\" aria-label=\" (opens in a new tab)\" rel=\"noreferrer noopener\" class=\"ek-link\">Google Maps<\/a><\/p>\n<\/div>\n<\/div>\n\n\n<div class=\"wp-block-ub-divider ub_divider ub-divider-orientation-horizontal\" id=\"ub_divider_d81a7b16-1da8-4304-8000-2958547e5722\"><div class=\"ub_divider_wrapper\" style=\"position: relative; margin-bottom: 2px; width: 100%; height: 2px; \" data-divider-alignment=\"center\"><div class=\"ub_divider_line\" style=\"border-top: 2px solid #ccc; margin-top: 2px; \"><\/div><\/div><\/div>\n\n\n<h4 class=\"wp-block-heading\" id=\"2-udine-cathedral-\"><strong>Cattedrale di Udine<\/strong><\/h4>\n\n\n\n<p>Anche nota come: Cattedrale di Santa Maria Annunziata<\/p>\n\n\n\n<p class=\"translation-block\">La Cattedrale di Udine \u00e8 il principale luogo religioso della citt\u00e0 ed \u00e8 stata costruita in stile romanico e gotico tra il tredicesimo e il quattordicesimo secolo. La facciata presenta elaborate decorazioni, mentre l'interno barocco \u00e8 riccamente ornato e ospita numerosi affreschi e opere d'arte, tra cui alcune di Tiepolo. La chiesa comprende il <strong>Museo del Duomo<\/strong>, un museo di arte sacra che ospita diverse opere d'arte medievali.<\/p>\n\n\n\n<div class=\"wp-block-columns is-layout-flex wp-container-core-columns-is-layout-9d6595d7 wp-block-columns-is-layout-flex\">\n<div class=\"wp-block-column is-layout-flow wp-block-column-is-layout-flow\" style=\"flex-basis:85%\">\n<p>Indirizzo: Piazza del Duomo, 1, 33100 Udine UD<br>Coordinate: 46.0624, 13.2369<\/p>\n<\/div>\n\n\n\n<div class=\"wp-block-column is-layout-flow wp-block-column-is-layout-flow\" style=\"flex-basis:15%\">\n<p class=\"has-text-align-right\"><a href=\"https:\/\/goo.gl\/maps\/X4sKJHajxCESQkjz7\" target=\"_blank\" aria-label=\" (opens in a new tab)\" rel=\"noreferrer noopener\" class=\"ek-link\">Google Maps<\/a><\/p>\n<\/div>\n<\/div>\n\n\n<div class=\"wp-block-ub-divider ub_divider ub-divider-orientation-horizontal\" id=\"ub_divider_07e25532-f611-4b03-9858-041d509bf41f\"><div class=\"ub_divider_wrapper\" style=\"position: relative; margin-bottom: 2px; width: 100%; height: 2px; \" data-divider-alignment=\"center\"><div class=\"ub_divider_line\" style=\"border-top: 2px solid #ccc; margin-top: 2px; \"><\/div><\/div><\/div>\n\n\n<h4 class=\"wp-block-heading\" id=\"3-church-of-santa-maria-di-castello-\"><strong>Chiesa di Santa Maria di Castello<\/strong><\/h4>\n\n\n\n<p>La Chiesa di Santa Maria di Castello \u00e8 il pi\u00f9 antico edificio religioso superstite di Udine e si trova accanto al castello. Costruita in epoca medievale e pi\u00f9 volte restaurata, ospita affreschi del tredicesimo secolo.<\/p>\n\n\n\n<div class=\"wp-block-columns is-layout-flex wp-container-core-columns-is-layout-9d6595d7 wp-block-columns-is-layout-flex\">\n<div class=\"wp-block-column is-layout-flow wp-block-column-is-layout-flow\" style=\"flex-basis:85%\">\n<p>Indirizzo: P.le della Patria del Friuli, 2, 33100 Udine UD<br>Coordinate: 46.0647, 13.2366<\/p>\n<\/div>\n\n\n\n<div class=\"wp-block-column is-layout-flow wp-block-column-is-layout-flow\" style=\"flex-basis:15%\">\n<p class=\"has-text-align-right\"><a href=\"https:\/\/goo.gl\/maps\/ofwPQ6HxydvqtedS7\" target=\"_blank\" aria-label=\" (opens in a new tab)\" rel=\"noreferrer noopener\" class=\"ek-link\">Google Maps<\/a><\/p>\n<\/div>\n<\/div>\n\n\n<div class=\"wp-block-ub-divider ub_divider ub-divider-orientation-horizontal\" id=\"ub_divider_ae6ea443-f4db-43c9-9a5a-c4a09f431f05\"><div class=\"ub_divider_wrapper\" style=\"position: relative; margin-bottom: 2px; width: 100%; height: 2px; \" data-divider-alignment=\"center\"><div class=\"ub_divider_line\" style=\"border-top: 2px solid #ccc; margin-top: 2px; \"><\/div><\/div><\/div>\n\n\n<h4 class=\"wp-block-heading\" id=\"4-diocesan-museum-and-tiepolo-galleries-\"><strong>Museo Diocesano e Gallerie del Tiepolo<\/strong><\/h4>\n\n\n\n<p class=\"translation-block\">Il Museo Diocesano e Gallerie del Tiepolo \u00e8 un museo d'arte ospitato nello storico <strong>Palazzo Patriarcale<\/strong>. Il museo ospita una collezione di arte sacra e presenta uno spettacolare ciclo di affreschi di Tiepolo e una bellissima biblioteca antica.<\/p>\n\n\n\n<div class=\"wp-block-columns is-layout-flex wp-container-core-columns-is-layout-9d6595d7 wp-block-columns-is-layout-flex\">\n<div class=\"wp-block-column is-layout-flow wp-block-column-is-layout-flow\" style=\"flex-basis:85%\">\n<p>Indirizzo: Piazza Patriarcato, 1, 33100 Udine UD<br>Coordinate: 46.0639, 13.2397<\/p>\n<\/div>\n\n\n\n<div class=\"wp-block-column is-layout-flow wp-block-column-is-layout-flow\" style=\"flex-basis:15%\">\n<p class=\"has-text-align-right\"><a href=\"https:\/\/goo.gl\/maps\/2UpPHdyvonaMzkYA7\" target=\"_blank\" aria-label=\" (opens in a new tab)\" rel=\"noreferrer noopener\" class=\"ek-link\">Google Maps<\/a><\/p>\n<\/div>\n<\/div>\n\n\n<div class=\"wp-block-ub-divider ub_divider ub-divider-orientation-horizontal\" id=\"ub_divider_69506993-a2bd-4330-9399-164911f9b87a\"><div class=\"ub_divider_wrapper\" style=\"position: relative; margin-bottom: 2px; width: 100%; height: 2px; \" data-divider-alignment=\"center\"><div class=\"ub_divider_line\" style=\"border-top: 2px solid #ccc; margin-top: 2px; \"><\/div><\/div><\/div>\n\n\n<h4 class=\"wp-block-heading\" id=\"5-museum-of-modern-and-contemporary-art-\"><strong>Museo di Arte Moderna e Contemporanea<\/strong><\/h4>\n\n\n\n<p class=\"translation-block\">Il Museo di Arte Moderna e Contemporanea \u00e8 una raccolta di dipinti, sculture e altre opere d'arte di artisti italiani e stranieri principalmente del ventesimo secolo. Il museo \u00e8 ospitato all'interno della storica <strong>Casa Cavazzini<\/strong>, un palazzo cinquecentesco ornato da affreschi.<\/p>\n\n\n\n<div class=\"wp-block-columns is-layout-flex wp-container-core-columns-is-layout-9d6595d7 wp-block-columns-is-layout-flex\">\n<div class=\"wp-block-column is-layout-flow wp-block-column-is-layout-flow\" style=\"flex-basis:85%\">\n<p>Indirizzo: Via Cavour, 14, 33100 Udine UD<br>Coordinate: 46.0624, 13.2349<\/p>\n<\/div>\n\n\n\n<div class=\"wp-block-column is-layout-flow wp-block-column-is-layout-flow\" style=\"flex-basis:15%\">\n<p class=\"has-text-align-right\"><a href=\"https:\/\/goo.gl\/maps\/QiboaFQ1hoAJ5utt7\" target=\"_blank\" aria-label=\" (opens in a new tab)\" rel=\"noreferrer noopener\" class=\"ek-link\">Google Maps<\/a><\/p>\n<\/div>\n<\/div>\n\n\n<div class=\"wp-block-ub-divider ub_divider ub-divider-orientation-horizontal\" id=\"ub_divider_c1ccbac2-ae82-4101-a52b-4da10153e2d0\"><div class=\"ub_divider_wrapper\" style=\"position: relative; margin-bottom: 2px; width: 100%; height: 2px; \" data-divider-alignment=\"center\"><div class=\"ub_divider_line\" style=\"border-top: 2px solid #ccc; margin-top: 2px; \"><\/div><\/div><\/div>\n\n\n<h4 class=\"wp-block-heading\" id=\"6-ethnographic-museum-of-friuli-\"><strong>Museo Etnografico del Friuli<\/strong><\/h4>\n\n\n\n<p class=\"translation-block\">Il Museo Etnografico del Friuli \u00e8 un museo che espone la ricca tradizione e cultura del Friuli. Ospita una variegata collezione di oggetti legati alla vita quotidiana e al lavoro della gente del Friuli.<\/p>\n\n\n\n<div class=\"wp-block-columns is-layout-flex wp-container-core-columns-is-layout-9d6595d7 wp-block-columns-is-layout-flex\">\n<div class=\"wp-block-column is-layout-flow wp-block-column-is-layout-flow\" style=\"flex-basis:85%\">\n<p>Indirizzo: Via Grazzano, 1, 33100 Udine UD<br>Coordinate: 46.0596, 13.2329<\/p>\n<\/div>\n\n\n\n<div class=\"wp-block-column is-layout-flow wp-block-column-is-layout-flow\" style=\"flex-basis:15%\">\n<p class=\"has-text-align-right\"><a href=\"https:\/\/goo.gl\/maps\/DCWMQJxKUrUzNvQD7\" target=\"_blank\" aria-label=\" (opens in a new tab)\" rel=\"noreferrer noopener\" class=\"ek-link\">Google Maps<\/a><\/p>\n<\/div>\n<\/div>\n\n\n<div class=\"wp-block-ub-divider ub_divider ub-divider-orientation-horizontal\" id=\"ub_divider_8e9aa094-3538-4070-92bd-d7d809785499\"><div class=\"ub_divider_wrapper\" style=\"position: relative; margin-bottom: 2px; width: 100%; height: 2px; \" data-divider-alignment=\"center\"><div class=\"ub_divider_line\" style=\"border-top: 2px solid #ccc; margin-top: 2px; \"><\/div><\/div><\/div>\n\n\n<h4 class=\"wp-block-heading\" id=\"7-tempio-ossario-dei-caduti-ditalia-\"><strong>Tempio Ossario dei Caduti d&#8217;Italia<\/strong><\/h4>\n\n\n\n<p>Il Tempio Ossario dei Caduti d'Italia \u00e8 una chiesa e un sacrario militare costruito negli anni trenta. Include un'enorme cripta che ospita i resti di oltre 25.000 soldati italiani morti nella prima guerra mondiale.<\/p>\n\n\n\n<div class=\"wp-block-columns is-layout-flex wp-container-core-columns-is-layout-9d6595d7 wp-block-columns-is-layout-flex\">\n<div class=\"wp-block-column is-layout-flow wp-block-column-is-layout-flow\" style=\"flex-basis:85%\">\n<p>Indirizzo: Piazzale XXVI Luglio, 33100 Udine UD<br>Coordinate: 46.0608, 13.2281<\/p>\n<\/div>\n\n\n\n<div class=\"wp-block-column is-layout-flow wp-block-column-is-layout-flow\" style=\"flex-basis:15%\">\n<p class=\"has-text-align-right\"><a href=\"https:\/\/goo.gl\/maps\/B97TQvWd6ppoZMo49\" target=\"_blank\" aria-label=\" (opens in a new tab)\" rel=\"noreferrer noopener\" class=\"ek-link\">Google Maps<\/a><\/p>\n<\/div>\n<\/div>","protected":false},"excerpt":{"rendered":"<p>&lt;&lt; Friuli Venezia Giulia Udine is a city located at the center of Friuli Venezia Giulia and it&#8217;s the historical capital of Friuli. Inhabited since prehistoric times, Udine only rose to prominence as the most important city in the area in the Late Middle Ages, with the decline of Aquileia and Cividale del Friuli. Udine was part of the Republic of Venice from 1420 until 1797 and, after the French and Austrian occupation, it joined Italy in 1866. Being close to the frontline, Udine became the seat of the Italian command during World War I. Now it&#8217;s an important regional center of commerce, industry, and tourism. \u272a&nbsp;Piazza della Libert\u00e0 Piazza della Libert\u00e0 is the main square of Udine and it is noted for its beauty and Venetian-style buildings. The square is adorned with various monuments and surrounded by historic palaces. The most notable of these is Loggia del Lionello, a beautiful Gothic palace originally erected in the 15th century and later expanded and reworked. It is now considered as one of the most iconic symbols of Udine. Right in front of Loggia del Lionello is Loggia di San Giovanni, a 16th-century building topped with a clock tower. Adjacent to Loggia di San Giovanni is Arco Bollani, a triumphal arch designed by Palladio at the start of the road that leads to the castle. Address: Piazza della Libert\u00e0, 1, 33100 Udine UDCoordinates: 46.0634, 13.2360 Google Maps \u272a&nbsp;Udine Castle The Udine Castle is located on top of a hill in the center of the city, and it is connected to Piazza della Libert\u00e0 through an arched pathway called Loggia del Lippomano. It was originally erected as a fortress during the Middle Ages but it was rebuilt as a palace after the 1511 earthquake that destroyed the previous structure. For centuries it hosted the local parliament, one of the oldest ones in the world, and now it has been turned into a museum. As the seat of the Civic Museums and Galleries of History and Art (Civici Musei e Gallerie di Storia e Arte), it houses exhibitions on local history, archaeology, art, prints, and photography, among others. Address: P.le della Patria del Friuli, 1, 33100 Udine UDCoordinates: 46.0645, 13.2361 Google Maps Udine Cathedral Also known as: Cathedral of Santa Maria Annunziata The Udine Cathedral is the main religious site in the city and it was built in Romanesque and Gothic style between the 13th and 14th century. The facade features elaborate decorations, while the Baroque interior is richly adorned and hosts several frescoes and artworks, including some by Tiepolo. The church includes the Museo del Duomo, a museum of religious art housing various medieval artworks. Address: Piazza del Duomo, 1, 33100 Udine UDCoordinates: 46.0624, 13.2369 Google Maps Church of Santa Maria di Castello The Church of Santa Maria di Castello is the oldest surviving religious building in Udine and it is located next to the castle. Built during the Middle Ages and restored several times, it hosts fresoces dating from the 13th century. Address: P.le della Patria del Friuli, 2, 33100 Udine UDCoordinates: 46.0647, 13.2366 Google Maps Diocesan Museum and Tiepolo Galleries The Diocesan Museum and Tiepolo Galleries (Museo Diocesano e Gallerie del Tiepolo) is an art museum hosted in the historic Palazzo Patriarcale. The museum houses a collection of religious art and it features a spectacular series of frescoes by Tiepolo and a beautiful ancient library. Address: Piazza Patriarcato, 1, 33100 Udine UDCoordinates: 46.0639, 13.2397 Google Maps Museum of Modern and Contemporary Art The Museum of Modern and Contemporary Art of Udine (Museo di Arte Moderna e Contemporanea) is a collection of paintings, sculptures, and other artworks by Italian and foreign artists mainly from the 20th century. The museum is housed inside the historic Casa Cavazzini, a 16th-century palace adorned with frescoes. Address: Via Cavour, 14, 33100 Udine UDCoordinates: 46.0624, 13.2349 Google Maps Ethnographic Museum of Friuli The Ethnographic Museum of Friuli (Museo Etnografico del Friuli) is a museum displaying the rich tradition and culture of Friuli. It houses a varied collection of objects related to the daily life and work of the people of Friuli. Address: Via Grazzano, 1, 33100 Udine UDCoordinates: 46.0596, 13.2329 Google Maps Tempio Ossario dei Caduti d&#8217;Italia The Tempio Ossario dei Caduti d&#8217;Italia is a church and military memorial built in the 1930s. It houses a huge crypt hosting the remains of over 25,000 Italian soldiers who died in World War I. Address: Piazzale XXVI Luglio, 33100 Udine UDCoordinates: 46.0608, 13.2281 Google Maps<\/p>","protected":false},"author":1,"featured_media":0,"parent":932,"menu_order":0,"comment_status":"closed","ping_status":"closed","template":"","meta":{"_editorskit_title_hidden":false,"_editorskit_reading_time":3,"_editorskit_is_block_options_detached":false,"_editorskit_block_options_position":"{}","om_disable_all_campaigns":false,"_uag_custom_page_level_css":"","advgb_blocks_editor_width":"","advgb_blocks_columns_visual_guide":"","_monsterinsights_skip_tracking":false,"_monsterinsights_sitenote_active":false,"_monsterinsights_sitenote_note":"","_monsterinsights_sitenote_category":0,"footnotes":""},"class_list":["post-1636","page","type-page","status-publish","hentry"],"aioseo_notices":[],"featured_image_src":null,"uagb_featured_image_src":{"full":false,"thumbnail":false,"medium":false,"medium_large":false,"large":false,"1536x1536":false,"2048x2048":false,"trp-custom-language-flag":false,"xs-thumb":false,"post-thumbnail":false,"minimalistblogger-grid":false,"minimalistblogger-slider":false,"minimalistblogger-small":false},"uagb_author_info":{"display_name":"Stefano Cammisa","author_link":"https:\/\/www.cosmundus.com\/it\/author\/stefano-cammisa\/"},"uagb_comment_info":0,"uagb_excerpt":"&lt;&lt; Friuli Venezia Giulia Udine is a city located at the center of Friuli Venezia Giulia and it&#8217;s the historical capital of Friuli. Inhabited since prehistoric times, Udine only rose to prominence as the most important city in the area in the Late Middle Ages, with the decline of Aquileia and Cividale del Friuli. Udine&hellip;","coauthors":[],"author_meta":{"author_link":"https:\/\/www.cosmundus.com\/it\/author\/stefano-cammisa\/","display_name":"Stefano Cammisa"},"relative_dates":{"created":"Pubblicato 3 anni fa","modified":"Aggiornato 2 anni fa"},"absolute_dates":{"created":"Pubblicato il 23 Gennaio 2023","modified":"Aggiornato il 17 Marzo 2024"},"absolute_dates_time":{"created":"Pubblicato il 23 Gennaio 2023 3:01 pm","modified":"Aggiornato il 17 Marzo 2024 11:59 am"},"featured_img_caption":"","featured_img":false,"series_order":"","_links":{"self":[{"href":"https:\/\/www.cosmundus.com\/it\/wp-json\/wp\/v2\/pages\/1636","targetHints":{"allow":["GET"]}}],"collection":[{"href":"https:\/\/www.cosmundus.com\/it\/wp-json\/wp\/v2\/pages"}],"about":[{"href":"https:\/\/www.cosmundus.com\/it\/wp-json\/wp\/v2\/types\/page"}],"author":[{"embeddable":true,"href":"https:\/\/www.cosmundus.com\/it\/wp-json\/wp\/v2\/users\/1"}],"replies":[{"embeddable":true,"href":"https:\/\/www.cosmundus.com\/it\/wp-json\/wp\/v2\/comments?post=1636"}],"version-history":[{"count":9,"href":"https:\/\/www.cosmundus.com\/it\/wp-json\/wp\/v2\/pages\/1636\/revisions"}],"predecessor-version":[{"id":10226,"href":"https:\/\/www.cosmundus.com\/it\/wp-json\/wp\/v2\/pages\/1636\/revisions\/10226"}],"up":[{"embeddable":true,"href":"https:\/\/www.cosmundus.com\/it\/wp-json\/wp\/v2\/pages\/932"}],"wp:attachment":[{"href":"https:\/\/www.cosmundus.com\/it\/wp-json\/wp\/v2\/media?parent=1636"}],"curies":[{"name":"wp","href":"https:\/\/api.w.org\/{rel}","templated":true}]}}