{"id":1415,"date":"2023-01-23T14:40:58","date_gmt":"2023-01-23T13:40:58","guid":{"rendered":"https:\/\/www.cosmundus.com\/?page_id=1415"},"modified":"2024-02-19T16:10:49","modified_gmt":"2024-02-19T15:10:49","slug":"treviso","status":"publish","type":"page","link":"https:\/\/www.cosmundus.com\/it\/destinations\/treviso\/","title":{"rendered":"Treviso"},"content":{"rendered":"<p class=\"has-text-align-right\">&lt;&lt; <a href=\"https:\/\/www.cosmundus.com\/it\/atlas\/europe\/southern-europe\/italy\/northeast-italy\/veneto\/\" class=\"ek-link\">Veneto<\/a><\/p>\n\n\n\n<p class=\"translation-block\">Treviso \u00e8 una tranquilla citt\u00e0 situata a nord di <a href=\"https:\/\/www.cosmundus.com\/it\/destinations\/venice\/\" class=\"ek-link\" target=\"_self\">Venezia<\/a>, nota per la sua industria dell\u2019abbigliamento e per la produzione vinicola. La citt\u00e0 fu fondata in epoca antica ma divenne importante solo nel Medioevo, come capitale della <a href=\"https:\/\/www.cosmundus.com\/it\/destinations\/marca-trevigiana\/\" class=\"ek-link\" target=\"_self\">Marca Trevigiana<\/a>. Successivamente Treviso pass\u00f2 sotto il dominio di Venezia, condividendo la sua storia con il resto del Veneto fino ad oggi. Treviso conserva ancora molti edifici storici medievali e interessanti opere d'arte.<\/p>\n\n\n<div style=\"border: 1px solid #8ed1fc; border-radius: 0%; background-color: inherit; \" class=\"ub-styled-box ub-bordered-box wp-block-ub-styled-box\" id=\"ub-styled-box-24043556-d727-4ecf-9cca-8d80922abfcc\">\n<p class=\"has-medium-font-size\" id=\"ub-styled-box-bordered-content-6bcd2514-e5e5-4baf-9ee2-95497e8d5fee\">Posti da vedere a Treviso<\/p>\n\n\n<div class=\"wp-block-aioseo-table-of-contents\"><ul><li><a class=\"aioseo-toc-item\" href=\"#piazza-dei-signori\">\u272a Piazza dei Signori<\/a><\/li><li><a class=\"aioseo-toc-item\" href=\"#civic-museums-of-treviso\">\u272a Musei Civici di Treviso<\/a><\/li><li><a class=\"aioseo-toc-item\" href=\"#pescheria-island\">\u272a Isola della Pescheria<\/a><\/li><li><a class=\"aioseo-toc-item\" href=\"#buranelli-channel\">Canale dei Buranelli<\/a><\/li><li><a class=\"aioseo-toc-item\" href=\"#treviso-cathedral\">Duomo di Treviso<\/a><\/li><li><a class=\"aioseo-toc-item\" href=\"#church-of-san-vito\">Chiesa di San Vito<\/a><\/li><li><a class=\"aioseo-toc-item\" href=\"#church-of-san-nicolo\">Chiesa di San Nicol\u00f2<\/a><\/li><li><a class=\"aioseo-toc-item\" href=\"#church-of-san-francesco\">Chiesa di San Francesco<\/a><\/li><li><a class=\"aioseo-toc-item\" href=\"#walls-of-treviso\">Mura di Treviso<\/a><\/li><li><a class=\"aioseo-toc-item\" href=\"#fontana-delle-tette\">Fontana delle Tette<\/a><\/li><\/ul><\/div>\n\n<\/div>\n\n\n<h4 class=\"wp-block-heading\" id=\"piazza-dei-signori\"><strong>\u272a Piazza dei Signori<\/strong><\/h4>\n\n\n\n<p class=\"translation-block\">La piazza principale di Treviso ospita alcuni dei suoi punti di riferimento pi\u00f9 importanti. Il pi\u00f9 notevole di questi \u00e8 <strong>Palazzo dei Trecento<\/strong>, un palazzo del tredicesimo secolo con una loggia che \u00e8 stato per secoli sede del potere locale. Pesantemente danneggiato durante la seconda guerra mondiale, fu successivamente ricostruito e ora ospita alcune opere d'arte. Adiacente a Palazzo dei Trecento si trova il <strong>Palazzo del Podest\u00e0<\/strong>, risalente al dominio veneziano sulla citt\u00e0 e sormontato dalla duecentesca <strong>Torre Civica<\/strong>. Chiude la piazza il seicentesco <strong>Palazzo Pretorio<\/strong>, parallelo al Palazzo dei Trecento.<\/p>\n\n\n\n<div class=\"wp-block-columns is-layout-flex wp-container-core-columns-is-layout-9d6595d7 wp-block-columns-is-layout-flex\">\n<div class=\"wp-block-column is-layout-flow wp-block-column-is-layout-flow\" style=\"flex-basis:66.66%\">\n<p>Indirizzo: P.za dei Signori, 10, 31100 Treviso TV<br>Coordinate: 45.6659, 12.2455<\/p>\n<\/div>\n\n\n\n<div class=\"wp-block-column is-layout-flow wp-block-column-is-layout-flow\" style=\"flex-basis:33.33%\">\n<p class=\"has-text-align-right\"><a href=\"https:\/\/goo.gl\/maps\/aty6biTNZaF1KXXHA\" target=\"_blank\" aria-label=\" (opens in a new tab)\" rel=\"noreferrer noopener\" class=\"ek-link\">Google Maps<\/a><\/p>\n<\/div>\n<\/div>\n\n\n<div class=\"wp-block-ub-divider ub_divider ub-divider-orientation-horizontal\" id=\"ub_divider_60156325-814b-45f4-b6db-fc61fc53dbff\"><div class=\"ub_divider_wrapper\" style=\"position: relative; margin-bottom: 2px; width: 100%; height: 2px; \" data-divider-alignment=\"center\"><div class=\"ub_divider_line\" style=\"border-top: 2px solid #ccc; margin-top: 2px; \"><\/div><\/div><\/div>\n\n\n<h4 class=\"wp-block-heading\" id=\"civic-museums-of-treviso\"><strong><strong>\u272a Musei Civici di Treviso<\/strong><\/strong><\/h4>\n\n\n\n<p class=\"translation-block\">I Musei Civici di Treviso sono suddivisi in tre diverse sezioni. Lo spazio espositivo principale \u00e8 il <strong>Complesso di Santa Caterina<\/strong>, un ex monastero che ospita una ricca sezione archeologica e una raccolta di opere d'arte medievali e rinascimentali, mentre l'adiacente <strong>Chiesa di Santa Caterina<\/strong> presenta un meraviglioso ciclo di affreschi del quattordicesimo secolo. Il <strong>Museo Bailo<\/strong> ospita invece la collezione di arte dell'Ottocento e del Novecento dei Musei Civici. Il <strong>Complesso di Ca' da Noal, Casa Robegan e Casa Karwath<\/strong> \u00e8 invece un insieme di edifici medievali utilizzati per mostre temporanee.<\/p>\n\n\n\n<div class=\"wp-block-columns is-layout-flex wp-container-core-columns-is-layout-9d6595d7 wp-block-columns-is-layout-flex\">\n<div class=\"wp-block-column is-layout-flow wp-block-column-is-layout-flow\" style=\"flex-basis:66.66%\">\n<p>Indirizzo: Piazzetta Botter Mario, 1, 31100 Treviso TV<br>Coordinate: 45.6669, 12.2509<\/p>\n<\/div>\n\n\n\n<div class=\"wp-block-column is-layout-flow wp-block-column-is-layout-flow\" style=\"flex-basis:33.33%\">\n<p class=\"has-text-align-right\"><a href=\"https:\/\/goo.gl\/maps\/3WGQdnJhWCBeMBHw8\" target=\"_blank\" aria-label=\" (opens in a new tab)\" rel=\"noreferrer noopener\" class=\"ek-link\">Google Maps<\/a><\/p>\n<\/div>\n<\/div>\n\n\n<div class=\"wp-block-ub-divider ub_divider ub-divider-orientation-horizontal\" id=\"ub_divider_3fbde56f-f448-4115-bb58-b979d5bf5025\"><div class=\"ub_divider_wrapper\" style=\"position: relative; margin-bottom: 2px; width: 100%; height: 2px; \" data-divider-alignment=\"center\"><div class=\"ub_divider_line\" style=\"border-top: 2px solid #ccc; margin-top: 2px; \"><\/div><\/div><\/div>\n\n\n<h4 class=\"wp-block-heading\" id=\"pescheria-island\"><strong>\u272a Isola della Pescheria<\/strong><\/h4>\n\n\n\n<p class=\"translation-block\">Treviso \u00e8 attraversata da una serie di canali, uno dei quali \u00e8 il Cagnan Grande, che forma un isolotto al centro della citt\u00e0. Conosciuta come Isola della Pescheria, questo luogo era in origine un'area paludosa che fu risistemata nel corso dell'Ottocento. L'Isola della Pescheria \u00e8 stata utilizzata da allora per ospitare il mercato del pesce locale, ed \u00e8 una delle zone pi\u00f9 pittoresche di Treviso.<\/p>\n\n\n\n<div class=\"wp-block-columns is-layout-flex wp-container-core-columns-is-layout-9d6595d7 wp-block-columns-is-layout-flex\">\n<div class=\"wp-block-column is-layout-flow wp-block-column-is-layout-flow\" style=\"flex-basis:66.66%\">\n<p>Indirizzo: Via Pescheria, 31100 Treviso TV<br>Coordinate: 45.6667, 12.2482<\/p>\n<\/div>\n\n\n\n<div class=\"wp-block-column is-layout-flow wp-block-column-is-layout-flow\" style=\"flex-basis:33.33%\">\n<p class=\"has-text-align-right\"><a href=\"https:\/\/goo.gl\/maps\/wndLrioRA6cnX4gD8\" target=\"_blank\" aria-label=\" (opens in a new tab)\" rel=\"noreferrer noopener\" class=\"ek-link\">Google Maps<\/a><\/p>\n<\/div>\n<\/div>\n\n\n<div class=\"wp-block-ub-divider ub_divider ub-divider-orientation-horizontal\" id=\"ub_divider_2e1e8850-fa1d-4ba5-83fd-5a16479a319c\"><div class=\"ub_divider_wrapper\" style=\"position: relative; margin-bottom: 2px; width: 100%; height: 2px; \" data-divider-alignment=\"center\"><div class=\"ub_divider_line\" style=\"border-top: 2px solid #ccc; margin-top: 2px; \"><\/div><\/div><\/div>\n\n\n<h4 class=\"wp-block-heading\" id=\"buranelli-channel\"><strong><strong>Canale dei Buranelli<\/strong><\/strong><\/h4>\n\n\n\n<p class=\"translation-block\">Uno dei canali che attraversano Treviso \u00e8 il Canale dei Buranelli, che collega i fiumi Botteniga e Sile. Vari edifici storici si affacciano sul canale, che \u00e8 caratterizzato da una serie di ponti con una splendida vista sugli antichi palazzi. Tutta la zona attraversata dal Canale dei Buranelli \u00e8 tra le pi\u00f9 fotografate di Treviso.<\/p>\n\n\n\n<div class=\"wp-block-columns is-layout-flex wp-container-core-columns-is-layout-9d6595d7 wp-block-columns-is-layout-flex\">\n<div class=\"wp-block-column is-layout-flow wp-block-column-is-layout-flow\" style=\"flex-basis:66.66%\">\n<p>Indirizzo: Via Campana, 4, 31100 Treviso TV<br>Coordinate: 45.6670, 12.2463<\/p>\n<\/div>\n\n\n\n<div class=\"wp-block-column is-layout-flow wp-block-column-is-layout-flow\" style=\"flex-basis:33.33%\">\n<p class=\"has-text-align-right\"><a href=\"https:\/\/goo.gl\/maps\/ZqW8oz44kdukkxAH6\" target=\"_blank\" aria-label=\" (opens in a new tab)\" rel=\"noreferrer noopener\" class=\"ek-link\">Google Maps<\/a><\/p>\n<\/div>\n<\/div>\n\n\n<div class=\"wp-block-ub-divider ub_divider ub-divider-orientation-horizontal\" id=\"ub_divider_63e72303-497e-45b7-abbe-41bcb9ff6434\"><div class=\"ub_divider_wrapper\" style=\"position: relative; margin-bottom: 2px; width: 100%; height: 2px; \" data-divider-alignment=\"center\"><div class=\"ub_divider_line\" style=\"border-top: 2px solid #ccc; margin-top: 2px; \"><\/div><\/div><\/div>\n\n\n<h4 class=\"wp-block-heading\" id=\"treviso-cathedral\"><strong><strong>Duomo di Treviso<\/strong><\/strong><\/h4>\n\n\n\n<p>Anche noto come: Cattedrale di San Pietro Apostolo<\/p>\n\n\n\n<p class=\"translation-block\">L'imponente Duomo di Treviso ha le sue origini nell'Alto Medioevo, ma l'attuale edificio neoclassico fu costruito solo tra il diciottesimo e il diciannovesimo secolo. All'interno sono conservate alcune opere d'arte degne di nota, come un dipinto di Tiziano, mentre la cripta sotto la chiesa ospita alcuni reperti antichi, risalenti all'epoca della chiesa originale. Accanto al Duomo si trova la <strong>Chiesa di San Giovanni Battista<\/strong>, un edificio romanico medievale usato come battistero.<\/p>\n\n\n\n<div class=\"wp-block-columns is-layout-flex wp-container-core-columns-is-layout-9d6595d7 wp-block-columns-is-layout-flex\">\n<div class=\"wp-block-column is-layout-flow wp-block-column-is-layout-flow\" style=\"flex-basis:66.66%\">\n<p>Indirizzo: P.za del Duomo, 1, 31100 Treviso TV<br>Coordinate: 45.6665, 12.2431<\/p>\n<\/div>\n\n\n\n<div class=\"wp-block-column is-layout-flow wp-block-column-is-layout-flow\" style=\"flex-basis:33.33%\">\n<p class=\"has-text-align-right\"><a href=\"https:\/\/goo.gl\/maps\/91rvcrwYz8247HbM8\" target=\"_blank\" aria-label=\" (opens in a new tab)\" rel=\"noreferrer noopener\" class=\"ek-link\">Google Maps<\/a><\/p>\n<\/div>\n<\/div>\n\n\n<div class=\"wp-block-ub-divider ub_divider ub-divider-orientation-horizontal\" id=\"ub_divider_44d5417c-a044-4650-808d-24145cd78227\"><div class=\"ub_divider_wrapper\" style=\"position: relative; margin-bottom: 2px; width: 100%; height: 2px; \" data-divider-alignment=\"center\"><div class=\"ub_divider_line\" style=\"border-top: 2px solid #ccc; margin-top: 2px; \"><\/div><\/div><\/div>\n\n\n<h4 class=\"wp-block-heading\" id=\"church-of-san-vito\"><strong><strong>Chiesa di San Vito<\/strong><\/strong><\/h4>\n\n\n\n<p class=\"translation-block\">La Chiesa di San Vito \u00e8 un edificio di origine medievale che ospita vari affreschi antichi. Collegata a questa chiesa \u00e8 la <strong>Chiesa di Santa Lucia<\/strong>, un altro luogo religioso medievale che ospita anche una serie di interessanti affreschi storici e altre opere d'arte.<\/p>\n\n\n\n<div class=\"wp-block-columns is-layout-flex wp-container-core-columns-is-layout-9d6595d7 wp-block-columns-is-layout-flex\">\n<div class=\"wp-block-column is-layout-flow wp-block-column-is-layout-flow\" style=\"flex-basis:66.66%\">\n<p>Indirizzo: P.za S. Vito, 31100 Treviso TV<br>Coordinate: 45.6664, 12.2455<\/p>\n<\/div>\n\n\n\n<div class=\"wp-block-column is-layout-flow wp-block-column-is-layout-flow\" style=\"flex-basis:33.33%\">\n<p class=\"has-text-align-right\"><a href=\"https:\/\/goo.gl\/maps\/vG8cgjDkEggh9Jeg8\" target=\"_blank\" aria-label=\" (opens in a new tab)\" rel=\"noreferrer noopener\" class=\"ek-link\">Google Maps<\/a><\/p>\n<\/div>\n<\/div>\n\n\n<div class=\"wp-block-ub-divider ub_divider ub-divider-orientation-horizontal\" id=\"ub_divider_93350506-12e8-4749-b421-5b826941eb0b\"><div class=\"ub_divider_wrapper\" style=\"position: relative; margin-bottom: 2px; width: 100%; height: 2px; \" data-divider-alignment=\"center\"><div class=\"ub_divider_line\" style=\"border-top: 2px solid #ccc; margin-top: 2px; \"><\/div><\/div><\/div>\n\n\n<h4 class=\"wp-block-heading\" id=\"church-of-san-nicolo\"><strong><strong>Chiesa di San Nicol\u00f2<\/strong><\/strong><\/h4>\n\n\n\n<p class=\"translation-block\">La Chiesa di San Nicol\u00f2 \u00e8 il pi\u00f9 grande edificio religioso di Treviso. Fu costruita nel tredicesimo secolo in stile romanico e gotico e ospita una serie di antichi affreschi. Notevole \u00e8 anche l'adiacente <strong>Seminario Vescovile<\/strong>, che ospita una serie di ritratti del tredicesimo secolo che presentano le pi\u00f9 antiche raffigurazioni conosciute di occhiali e lenti d'ingrandimento.<\/p>\n\n\n\n<div class=\"wp-block-columns is-layout-flex wp-container-core-columns-is-layout-9d6595d7 wp-block-columns-is-layout-flex\">\n<div class=\"wp-block-column is-layout-flow wp-block-column-is-layout-flow\" style=\"flex-basis:66.66%\">\n<p>Indirizzo: Via San Nicol\u00f2, 50, 31100 Treviso TV<br>Coordinate: 45.6633, 12.2392<\/p>\n<\/div>\n\n\n\n<div class=\"wp-block-column is-layout-flow wp-block-column-is-layout-flow\" style=\"flex-basis:33.33%\">\n<p class=\"has-text-align-right\"><a href=\"https:\/\/goo.gl\/maps\/txT1KVFWN7kVuh2P7\" target=\"_blank\" aria-label=\" (opens in a new tab)\" rel=\"noreferrer noopener\" class=\"ek-link\">Google Maps<\/a><\/p>\n<\/div>\n<\/div>\n\n\n<div class=\"wp-block-ub-divider ub_divider ub-divider-orientation-horizontal\" id=\"ub_divider_3e210a9a-f20d-48f6-87c6-29ef878a5e71\"><div class=\"ub_divider_wrapper\" style=\"position: relative; margin-bottom: 2px; width: 100%; height: 2px; \" data-divider-alignment=\"center\"><div class=\"ub_divider_line\" style=\"border-top: 2px solid #ccc; margin-top: 2px; \"><\/div><\/div><\/div>\n\n\n<h4 class=\"wp-block-heading\" id=\"church-of-san-francesco\"><strong><strong>Chiesa di San Francesco<\/strong><\/strong><\/h4>\n\n\n\n<p>La Chiesa di San Francesco \u00e8 una grande chiesa romanico-gotica del tredicesimo secolo. Presenta vari affreschi medievali e altre opere d'arte, cos\u00ec come le tombe del figlio di Dante Alighieri e della figlia di Francesco Petrarca.<\/p>\n\n\n\n<div class=\"wp-block-columns is-layout-flex wp-container-core-columns-is-layout-9d6595d7 wp-block-columns-is-layout-flex\">\n<div class=\"wp-block-column is-layout-flow wp-block-column-is-layout-flow\" style=\"flex-basis:66.66%\">\n<p>Indirizzo: Viale S. Antonio da Padova, 2, 31100 Treviso TV<br>Coordinate: 45.6682, 12.2474<\/p>\n<\/div>\n\n\n\n<div class=\"wp-block-column is-layout-flow wp-block-column-is-layout-flow\" style=\"flex-basis:33.33%\">\n<p class=\"has-text-align-right\"><a href=\"https:\/\/goo.gl\/maps\/N3fQ5c1adL4Vd1Ct8\" target=\"_blank\" aria-label=\" (opens in a new tab)\" rel=\"noreferrer noopener\" class=\"ek-link\">Google Maps<\/a><\/p>\n<\/div>\n<\/div>\n\n\n<div class=\"wp-block-ub-divider ub_divider ub-divider-orientation-horizontal\" id=\"ub_divider_bef21ac8-a58a-4ee6-8854-53b27b4e7032\"><div class=\"ub_divider_wrapper\" style=\"position: relative; margin-bottom: 2px; width: 100%; height: 2px; \" data-divider-alignment=\"center\"><div class=\"ub_divider_line\" style=\"border-top: 2px solid #ccc; margin-top: 2px; \"><\/div><\/div><\/div>\n\n\n<h4 class=\"wp-block-heading\" id=\"walls-of-treviso\"><strong><strong>Mura di Treviso<\/strong><\/strong><\/h4>\n\n\n\n<p class=\"translation-block\">Ancora oggi sono presenti alcuni tratti delle mura medievali e rinascimentali che proteggevano Treviso. Il tratto meglio conservato si snoda intorno alla parte settentrionale del centro cittadino tra le decorate porte cittadine chiamate <strong>Porta San Tomaso<\/strong> e <strong>Porta Santi Quaranta<\/strong>, ed \u00e8 in gran parte circondato da un parco.<\/p>\n\n\n\n<div class=\"wp-block-columns is-layout-flex wp-container-core-columns-is-layout-9d6595d7 wp-block-columns-is-layout-flex\">\n<div class=\"wp-block-column is-layout-flow wp-block-column-is-layout-flow\" style=\"flex-basis:66.66%\">\n<p>Indirizzo: Viale B. Burchiellati, 28A, 31100 Treviso TV<br>Coordinate: 45.6697, 12.2507<\/p>\n<\/div>\n\n\n\n<div class=\"wp-block-column is-layout-flow wp-block-column-is-layout-flow\" style=\"flex-basis:33.33%\">\n<p class=\"has-text-align-right\"><a href=\"https:\/\/goo.gl\/maps\/EK7VouUzbPi6rsYw7\" target=\"_blank\" aria-label=\" (opens in a new tab)\" rel=\"noreferrer noopener\" class=\"ek-link\">Google Maps<\/a><\/p>\n<\/div>\n<\/div>\n\n\n<div class=\"wp-block-ub-divider ub_divider ub-divider-orientation-horizontal\" id=\"ub_divider_13c2a028-874b-4276-98f4-1bdf0d2042b1\"><div class=\"ub_divider_wrapper\" style=\"position: relative; margin-bottom: 2px; width: 100%; height: 2px; \" data-divider-alignment=\"center\"><div class=\"ub_divider_line\" style=\"border-top: 2px solid #ccc; margin-top: 2px; \"><\/div><\/div><\/div>\n\n\n<h4 class=\"wp-block-heading\" id=\"fontana-delle-tette\"><strong><strong>Fontana delle Tette<\/strong><\/strong><\/h4>\n\n\n\n<p>La Fontana delle Tette \u00e8 una fontana del sedicesimo secolo raffigurante una donna in topless che un tempo versava vino dai suoi seni durante degli eventi speciali. La statua originale \u00e8 stata successivamente rimossa e collocata all'interno di Palazzo dei Trecento, mentre al suo posto ora si trova una replica realizzata nel 1989.<\/p>\n\n\n\n<div class=\"wp-block-columns is-layout-flex wp-container-core-columns-is-layout-9d6595d7 wp-block-columns-is-layout-flex\">\n<div class=\"wp-block-column is-layout-flow wp-block-column-is-layout-flow\" style=\"flex-basis:66.66%\">\n<p>Indirizzo: C. del Podest\u00e0, 11, 31100 Treviso TV<br>Coordinate: 45.6662, 12.2449<\/p>\n<\/div>\n\n\n\n<div class=\"wp-block-column is-layout-flow wp-block-column-is-layout-flow\" style=\"flex-basis:33.33%\">\n<p class=\"has-text-align-right\"><a href=\"https:\/\/goo.gl\/maps\/9QJ58FVFWCkDKnH56\" target=\"_blank\" aria-label=\" (opens in a new tab)\" rel=\"noreferrer noopener\" class=\"ek-link\">Google Maps<\/a><\/p>\n<\/div>\n<\/div>","protected":false},"excerpt":{"rendered":"<p>&lt;&lt; Veneto Treviso is a quiet city located north of Venice, notable for its clothing industry and wine production. The town was founded in ancient times but it only became important in the Middle Ages, as the capital of the March of Treviso. Eventually Treviso came under the rule of Venice, sharing its history with the rest of Veneto until today. Treviso still features many historic medieval buildings and interesting works of art. \u272a Piazza dei Signori The main square of Treviso hosts some of its most important landmarks. The most notable of these is Palazzo dei Trecento, a 13th-century palace with a loggia that has been for centuries the seat of local power. Heavily damaged during World War II, it was later rebuilt and now it hosts some artworks. Adjacent to Palazzo dei Trecento is Palazzo del Podest\u00e0, dating to the Venetian domination over the city and topped by the 13th-century Civic Tower. The 17th-century Palazzo Pretorio closes the square standing parallel to Palazzo dei Trecento. Address: P.za dei Signori, 10, 31100 Treviso TVCoordinates: 45.6659, 12.2455 Google Maps \u272a Civic Museums of Treviso The Civic Museums of Treviso (Musei Civici di Treviso) are divided into three different sections. The main exhibition space is the Santa Caterina Complex, a former monastery hosting a rich archaeological section and a collection of medieval and Renaissance artworks, while the adjacent Church of Santa Caterina features a wonderful cycle of 14th-century frescoes. The Bailo Museum instead houses the collection of 19th and 20th century art of the Civic Museums. Meanwhile, the Complex of Ca&#8217; da Noal, Casa Robegan, and Casa Karwath is a group of medieval buildings used for temporary exhibitions. Address: Piazzetta Botter Mario, 1, 31100 Treviso TVCoordinates: 45.6669, 12.2509 Google Maps \u272a Pescheria Island Treviso is crossed by a series of canals, one of which is the Cagnan Grande, which forms a small island in the center of the city. Known as Pescheria Island (Isola della Pescheria), this place was originally a swampy area that was rearranged during the 19th century. Pescheria Island was used ever since host the local fish market, and it is one of the most picturesque areas of Treviso. Address: Via Pescheria, 31100 Treviso TVCoordinates: 45.6667, 12.2482 Google Maps Buranelli Channel One of the canals crossing Treviso is the Buranelli Channel (Canale dei Buranelli), which connects the rivers Botteniga and Sile. Various historic buildings face the canal, and it features a series of bridges with a great view on the ancient palaces. The whole area crossed by the Buranelli Channel is among the most photographed in Treviso. Address: Via Campana, 4, 31100 Treviso TVCoordinates: 45.6670, 12.2463 Google Maps Treviso Cathedral Also known as: Cathedral of San Pietro Apostolo The imposing Treviso Cathedral (Duomo di Treviso) has its origins in the Early Middle Ages, but the current Neoclassical building was only built between the 18th and 19th century. There are a few notable artworks inside, like a painting by Titian, while the crypt under the church hosts some ancient relics, and dates back to the time of the original church. Next to the cathedral is the Church of San Giovanni Battista, a medieval Romanesque building used as a baptistery. Address: P.za del Duomo, 1, 31100 Treviso TVCoordinates: 45.6665, 12.2431 Google Maps Church of San Vito The Church of San Vito is a building of medieval origins hosting various ancient frescoes. Connected to this church is the Church of Santa Lucia, another medieval religious site also housing a series of interesting historic frescoes and other artworks. Address: P.za S. Vito, 31100 Treviso TVCoordinates: 45.6664, 12.2455 Google Maps Church of San Nicol\u00f2 The Church of San Nicol\u00f2 is the largest religious building in Treviso. It was built during the 13th century in a Romanesque and Gothic style and it hosts a series of ancient frescoes. Notable is also the adjacent Episcopal Seminary, which houses a series of 13th-century portraits that feature the oldest known depictions of eyeglasses and magnifying glasses. Address: Via San Nicol\u00f2, 50, 31100 Treviso TVCoordinates: 45.6633, 12.2392 Google Maps Church of San Francesco The Church of San Francesco is a large 13th-century Romanesque-Gothic church. It features various medieval frescoes and other artworks, as well as the tombs of the son of Dante Alighieri and the daughter of Petrarch. Address: Viale S. Antonio da Padova, 2, 31100 Treviso TVCoordinates: 45.6682, 12.2474 Google Maps Walls of Treviso Some sections of the medieval and Renaissance walls that protected Treviso still stand today. The best preserved section runs around the northern part of the city center between the decorated city gates Porta San Tomaso and Porta Santi Quaranta, and it is mostly surrounded by a park. Address: Viale B. Burchiellati, 28A, 31100 Treviso TVCoordinates: 45.6697, 12.2507 Google Maps Fontana delle Tette Fontana delle Tette (&#8220;Fountain of the Tits&#8221;) is a 16th-century fountain depicting a topless woman that used to pour wine from its breasts during special events. The original statue was later removed and placed inside Palazzo dei Trecento, while a replica built in 1989 now stands in its place. Address: C. del Podest\u00e0, 11, 31100 Treviso TVCoordinates: 45.6662, 12.2449 Google Maps<\/p>","protected":false},"author":1,"featured_media":0,"parent":932,"menu_order":0,"comment_status":"closed","ping_status":"closed","template":"","meta":{"_editorskit_title_hidden":false,"_editorskit_reading_time":3,"_editorskit_is_block_options_detached":false,"_editorskit_block_options_position":"{}","om_disable_all_campaigns":false,"_uag_custom_page_level_css":"","advgb_blocks_editor_width":"","advgb_blocks_columns_visual_guide":"","_monsterinsights_skip_tracking":false,"_monsterinsights_sitenote_active":false,"_monsterinsights_sitenote_note":"","_monsterinsights_sitenote_category":0,"footnotes":""},"class_list":["post-1415","page","type-page","status-publish","hentry"],"aioseo_notices":[],"featured_image_src":null,"uagb_featured_image_src":{"full":false,"thumbnail":false,"medium":false,"medium_large":false,"large":false,"1536x1536":false,"2048x2048":false,"trp-custom-language-flag":false,"xs-thumb":false,"post-thumbnail":false,"minimalistblogger-grid":false,"minimalistblogger-slider":false,"minimalistblogger-small":false},"uagb_author_info":{"display_name":"Stefano Cammisa","author_link":"https:\/\/www.cosmundus.com\/it\/author\/stefano-cammisa\/"},"uagb_comment_info":0,"uagb_excerpt":"&lt;&lt; Veneto Treviso is a quiet city located north of Venice, notable for its clothing industry and wine production. The town was founded in ancient times but it only became important in the Middle Ages, as the capital of the March of Treviso. Eventually Treviso came under the rule of Venice, sharing its history with&hellip;","coauthors":[],"author_meta":{"author_link":"https:\/\/www.cosmundus.com\/it\/author\/stefano-cammisa\/","display_name":"Stefano Cammisa"},"relative_dates":{"created":"Pubblicato 3 anni fa","modified":"Aggiornato 2 anni fa"},"absolute_dates":{"created":"Pubblicato il 23 Gennaio 2023","modified":"Aggiornato il 19 Febbraio 2024"},"absolute_dates_time":{"created":"Pubblicato il 23 Gennaio 2023 2:40 pm","modified":"Aggiornato il 19 Febbraio 2024 4:10 pm"},"featured_img_caption":"","featured_img":false,"series_order":"","_links":{"self":[{"href":"https:\/\/www.cosmundus.com\/it\/wp-json\/wp\/v2\/pages\/1415","targetHints":{"allow":["GET"]}}],"collection":[{"href":"https:\/\/www.cosmundus.com\/it\/wp-json\/wp\/v2\/pages"}],"about":[{"href":"https:\/\/www.cosmundus.com\/it\/wp-json\/wp\/v2\/types\/page"}],"author":[{"embeddable":true,"href":"https:\/\/www.cosmundus.com\/it\/wp-json\/wp\/v2\/users\/1"}],"replies":[{"embeddable":true,"href":"https:\/\/www.cosmundus.com\/it\/wp-json\/wp\/v2\/comments?post=1415"}],"version-history":[{"count":8,"href":"https:\/\/www.cosmundus.com\/it\/wp-json\/wp\/v2\/pages\/1415\/revisions"}],"predecessor-version":[{"id":9076,"href":"https:\/\/www.cosmundus.com\/it\/wp-json\/wp\/v2\/pages\/1415\/revisions\/9076"}],"up":[{"embeddable":true,"href":"https:\/\/www.cosmundus.com\/it\/wp-json\/wp\/v2\/pages\/932"}],"wp:attachment":[{"href":"https:\/\/www.cosmundus.com\/it\/wp-json\/wp\/v2\/media?parent=1415"}],"curies":[{"name":"wp","href":"https:\/\/api.w.org\/{rel}","templated":true}]}}