{"id":12947,"date":"2026-02-09T14:10:31","date_gmt":"2026-02-09T13:10:31","guid":{"rendered":"https:\/\/www.cosmundus.com\/?page_id=12947"},"modified":"2026-02-15T16:17:46","modified_gmt":"2026-02-15T15:17:46","slug":"boy-groups","status":"publish","type":"page","link":"https:\/\/www.cosmundus.com\/it\/origin-of-k-pop-names\/boy-groups\/","title":{"rendered":"L'origine e il significato dei nomi dei gruppi maschili K-Pop"},"content":{"rendered":"<p class=\"has-text-align-right\">&lt;&lt; <a href=\"https:\/\/www.cosmundus.com\/it\/origin-of-k-pop-names\/\" title=\"\">L'origine e il significato dei nomi di gruppi e cantanti K-Pop<\/a><\/p>\n\n\n\n<p class=\"translation-block\">Questa \u00e8 un'estensione dell'articolo che spiega l'origine e il significato dei nomi di dieci dei gruppi K-Pop pi\u00f9 popolari, che puoi leggere <a href=\"https:\/\/www.cosmundus.com\/it\/origin-of-k-pop-names\/\" title=\"\" target=\"_self\">qui<\/a>. Lo stesso formato verr\u00e0 utilizzato in questa guida, che spiegher\u00e0 il significato di altri nomi, concentrandosi sui gruppi maschili. Si tratta di un lavoro in corso e altri artisti verranno aggiunti nel tempo. Gli artisti presenti qui rispecchiano quelli inclusi nella <a href=\"https:\/\/www.cosmundus.com\/it\/kpop-groups-explained\/boy-groups\/\" title=\"\" target=\"_self\">guida introduttiva ai gruppi maschili K-Pop<\/a>, ma con i sottogruppi elencati insieme al rispettivo gruppo. Tutti gli artisti sono elencati in ordine alfabetico.<\/p>\n\n\n\n<p>Vedi anche:<br><a href=\"https:\/\/www.cosmundus.com\/it\/origin-of-k-pop-names\/girl-groups\/\">L'origine e il significato dei nomi dei gruppi femminili K-Pop<\/a><br><a href=\"https:\/\/www.cosmundus.com\/it\/origin-of-k-pop-names\/co-ed-groups\/\">L'origine e il significato dei nomi dei gruppi misti K-Pop<\/a><br><a href=\"https:\/\/www.cosmundus.com\/it\/origin-of-k-pop-names\/female-soloists\/\">L'origine e il significato dei nomi delle soliste femminili K-Pop<\/a><br><a href=\"https:\/\/www.cosmundus.com\/it\/origin-of-k-pop-names\/male-soloists\/\">L'origine e il significato dei nomi dei solisti maschili K-Pop<\/a><\/p>\n\n\n<div style=\"border: 1px solid #8ed1fc; border-radius: 0%; background-color: inherit; \" class=\"ub-styled-box ub-bordered-box wp-block-ub-styled-box\" id=\"ub-styled-box-14ef6c11-b200-4d45-8e5d-749bf44a4952\">\n<p class=\"has-medium-font-size\" id=\"ub-styled-box-bordered-content-427ccd0f-2f04-4033-9642-066a2c646fc9\">Lista di artisti<\/p>\n\n\n<div class=\"wp-block-aioseo-table-of-contents\"><ul><li><a class=\"aioseo-toc-item\" href=\"#ateez\">Ateez<\/a><\/li><li><a class=\"aioseo-toc-item\" href=\"#bts\">BTS<\/a><\/li><li><a class=\"aioseo-toc-item\" href=\"#bigbang\">BigBang<\/a><\/li><li><a class=\"aioseo-toc-item\" href=\"#enhypen\">Enhypen<\/a><\/li><li><a class=\"aioseo-toc-item\" href=\"#exo\">Exo<\/a><\/li><li><a class=\"aioseo-toc-item\" href=\"#got7\">Got7<\/a><\/li><li><a class=\"aioseo-toc-item\" href=\"#ikon\">iKon<\/a><\/li><li><a class=\"aioseo-toc-item\" href=\"#nct\">NCT<\/a><\/li><li><a class=\"aioseo-toc-item\" href=\"#seventeen\">Seventeen<\/a><\/li><li><a class=\"aioseo-toc-item\" href=\"#ikon\">Pentagon<\/a><\/li><li><a class=\"aioseo-toc-item\" href=\"#stray-kids\">Stray Kids<\/a><\/li><li><a class=\"aioseo-toc-item\" href=\"#tomorrow-x-together-txt\">Tomorrow X Together (TXT)<\/a><\/li><li><a class=\"aioseo-toc-item\" href=\"#ikon\">Treasure<\/a><\/li><\/ul><\/div>\n\n<\/div>\n\n\n<h4 class=\"wp-block-heading\" id=\"ateez\"><strong>Ateez<\/strong><\/h4>\n\n\n\n<p>Ateez sta per \"A Teenager Z\", una combinazione di \"A to Z\" (dalla a alla z) e \"teenager\". Riflette l'idea di essere giovani e fare tutto il possibile, cos\u00ec come l'obiettivo di fare musica che piaccia a tutti.<\/p>\n\n\n\n<p><strong>Membri:<\/strong><\/p>\n\n\n\n<ul class=\"wp-block-list\">\n<li><strong>Seonghwa<\/strong> \u2013 vero nome: Park Seonghwa.<\/li>\n\n\n\n<li><strong>Hongjoong<\/strong> \u2013 vero nome: Kim Hongjoong.<\/li>\n\n\n\n<li><strong>Yunho<\/strong> &#8211; real name:&nbsp;Jeong Yunho.<\/li>\n\n\n\n<li><strong>Yeosang<\/strong> \u2013 vero nome: Kang Yeosang.<\/li>\n\n\n\n<li><strong>San<\/strong> \u2013 vero nome: Choi San.<\/li>\n\n\n\n<li><strong>Mingi<\/strong> \u2013 vero nome: Song Mingi.<\/li>\n\n\n\n<li><strong>Wooyoung<\/strong> \u2013 vero nome: Jung Wooyoung.<\/li>\n\n\n\n<li><strong>Jongho<\/strong> \u2013 vero nome: Choi Jongho.<\/li>\n<\/ul>\n\n\n\n<hr class=\"wp-block-separator has-alpha-channel-opacity\"\/>\n\n\n\n<h4 class=\"wp-block-heading\" id=\"bigbang\"><strong>BigBang<\/strong><\/h4>\n\n\n\n<p>Il nome \u00e8 stato scelto per rappresentare l'idea che il gruppo porta un nuovo esplosivo inizio per il K-Pop, come il Big Bang.<\/p>\n\n\n\n<p><strong>Membri:<\/strong><\/p>\n\n\n\n<ul class=\"wp-block-list\">\n<li><strong>Taeyang<\/strong> \u2013 in coreano \ud0dc\uc591 (<em>taeyang<\/em>) significa \"Sole\". Questo riflette il suo desiderio di brillare intensamente come il Sole.<\/li>\n\n\n\n<li><strong>G\u2011Dragon<\/strong> \u2013 dal suo vero nome: Kwon Ji Yong. G si pronuncia Ji, mentre in coreano \uc6a9 (<em>yong<\/em>) significa \"drago\", da cui la parola inglese Dragon.<\/li>\n\n\n\n<li><strong>Daesung<\/strong> \u2013 vero nome: Kang Daesung.<\/li>\n<\/ul>\n\n\n\n<p><strong>Ex membri:<\/strong><\/p>\n\n\n\n<ul class=\"wp-block-list\">\n<li><strong>T.O.P<\/strong> \u2013 da \u201ctop\u201d, questo nome gli \u00e8 stato dato dal cantante Se7en, con l\u2019idea che sarebbe stato al top dell\u2019industria dell\u2019intrattenimento.<\/li>\n\n\n\n<li><strong>Seungri<\/strong> \u2013 in coreano \uc2b9\ub9ac (<em>seungri<\/em>) significa \"vittoria\" e questa parola ha la stessa prima sillaba del suo vero nome: Lee Seunghyun.<\/li>\n<\/ul>\n\n\n\n<hr class=\"wp-block-separator has-alpha-channel-opacity\"\/>\n\n\n\n<h4 class=\"wp-block-heading\" id=\"bts\"><strong>BTS<\/strong><\/h4>\n\n\n\n<p>Vedi <a href=\"https:\/\/www.cosmundus.com\/it\/origin-of-k-pop-names\/#bts\" title=\"\">BTS<\/a><\/p>\n\n\n\n<hr class=\"wp-block-separator has-alpha-channel-opacity\"\/>\n\n\n\n<h4 class=\"wp-block-heading\" id=\"enhypen\"><strong>Enhypen<\/strong><\/h4>\n\n\n\n<p>Il nome trae ispirazione dal segno di punteggiatura (-), chiamato \"hyphen\" in inglese, con la \"en\" derivante dalla lineetta enne, in inglese \"en dash\" (\u2013). Questo nome d\u00e0 l'idea che i membri si sono collegati tra loro per crescere insieme.<\/p>\n\n\n\n<p><strong>Membri:<\/strong><\/p>\n\n\n\n<ul class=\"wp-block-list\">\n<li><strong>Heeseung<\/strong> \u2013 vero nome: Lee Heeseung.<\/li>\n\n\n\n<li><strong>Jay<\/strong> \u2013 vero nome: Jay Park.<\/li>\n\n\n\n<li><strong>Jake<\/strong> \u2013 vero nome: Jake Sim.<\/li>\n\n\n\n<li><strong>Sunghoon<\/strong> \u2013 vero nome: Park Sunghoon.<\/li>\n\n\n\n<li><strong>Sunoo<\/strong> \u2013 dal suo vero nome: Kim Seonwoo.<\/li>\n\n\n\n<li><strong>Jungwon<\/strong> \u2013 vero nome: Yang Jungwon.<\/li>\n\n\n\n<li><strong>Ni\u2011ki<\/strong> \u2013 abbreviazione del suo vero nome: Nishimura Riki.<\/li>\n<\/ul>\n\n\n\n<hr class=\"wp-block-separator has-alpha-channel-opacity\"\/>\n\n\n\n<h4 class=\"wp-block-heading\" id=\"exo\"><strong>Exo<\/strong><\/h4>\n\n\n\n<p>Vedi <a href=\"https:\/\/www.cosmundus.com\/it\/origin-of-k-pop-names\/#exo\" title=\"\">Exo<\/a><\/p>\n\n\n\n<hr class=\"wp-block-separator has-alpha-channel-opacity\"\/>\n\n\n\n<h4 class=\"wp-block-heading\" id=\"got7\"><strong>Got7<\/strong><\/h4>\n\n\n\n<p>Il nome deriva dal gruppo maschile di enorme successo g.o.d., dato che J.Y. Park, il produttore che ha creato i Got7, avrebbe dovuto inizialmente debuttare con loro quando si chiamavano Got6. I piani cambiarono e i g.o.d. debuttarono come un gruppo di cinque membri con un nuovo nome. J.Y. Park rielabor\u00f2 il nome originale dei g.o.d. cambiando Got6 in Got7, con un riferimento al numero di membri del gruppo e all'idea che sette sia un numero fortunato. Nel complesso, il nome rappresenta sette persone fortunate che si uniscono per formare un gruppo.<\/p>\n\n\n\n<p><strong>Membri:<\/strong><\/p>\n\n\n\n<ul class=\"wp-block-list\">\n<li><strong>Mark<\/strong> \u2013 vero nome: Mark Yien Tuan.<\/li>\n\n\n\n<li><strong>Jay B<\/strong> \u2013 dal suo vero nome: Lim Jaebeom. Jay suona come Jae, mentre B \u00e8 la prima lettera della seconda sillaba del suo nome.<\/li>\n\n\n\n<li><strong>Jackson<\/strong> \u2013 vero nome: Jackson Wang.<\/li>\n\n\n\n<li><strong>Jinyoung<\/strong> \u2013 vero nome: Park Jinyoung.<\/li>\n\n\n\n<li><strong>Youngjae<\/strong> \u2013 vero nome: Choi Youngjae.<\/li>\n\n\n\n<li class=\"translation-block\"><strong>BamBam<\/strong> \u2013 ispirato dal personaggio de <em>I Flintstones<\/em> Bam Bam Rubble, un neonato con una forza sovrumana.<\/li>\n\n\n\n<li><strong>Yugyeom<\/strong> \u2013 vero nome: Kim Yugyeom.<\/li>\n<\/ul>\n\n\n\n<hr class=\"wp-block-separator has-alpha-channel-opacity\"\/>\n\n\n\n<h4 class=\"wp-block-heading\" id=\"ikon\"><strong>iKon<\/strong><\/h4>\n\n\n\n<p>Il nome viene dall'idea che il gruppo sarebbe diventato \"un'icona per la Corea\", con la K derivata dall'inglese \"Korea\".<\/p>\n\n\n\n<p><strong>Membri:<\/strong><\/p>\n\n\n\n<ul class=\"wp-block-list\">\n<li><strong>Jay<\/strong> \u2013 dalla prima lettera del suo vero nome: Kim Jinhwan.\n<ul class=\"wp-block-list\">\n<li>nome d'arte precedente: <strong>Jinhwan<\/strong> \u2013 vero nome: Kim Jinhwan.<\/li>\n<\/ul>\n<\/li>\n\n\n\n<li><strong>Song<\/strong> \u2013 dal suo vero nome: Song Yunhyeong\n<ul class=\"wp-block-list\">\n<li>nome d'arte precedente: <strong>Yunhyeong<\/strong> \u2013 vero nome: Song Yunhyeong<\/li>\n<\/ul>\n<\/li>\n\n\n\n<li><strong>Bobby<\/strong> \u2013 ha scelto questo nome d\u2019arte per la sua ammirazione per Bob Marley.<\/li>\n\n\n\n<li><strong>DK<\/strong> \u2013 dalla prima e ultima lettera del suo vero nome: Kim Donghyuk.\n<ul class=\"wp-block-list\">\n<li>nome d'arte precedente: <strong>Donghyuk<\/strong> \u2013 vero nome: Kim Donghyuk.<\/li>\n<\/ul>\n<\/li>\n\n\n\n<li><strong>Ju\u2011ne<\/strong> \u2013 dal suo vero nome: Koo Junhoe.\n<ul class=\"wp-block-list\">\n<li>nome d'arte precedente: <strong>Junhoe<\/strong> \u2013 vero nome: Koo Junhoe.<\/li>\n<\/ul>\n<\/li>\n\n\n\n<li><strong>Chan<\/strong> \u2013 dal suo vero nome: Jung Chanwoo.\n<ul class=\"wp-block-list\">\n<li>nome d'arte precedente: <strong>Chanwoo<\/strong> \u2013 vero nome: Jung Chanwoo.<\/li>\n<\/ul>\n<\/li>\n<\/ul>\n\n\n\n<p><strong>Ex membri:<\/strong><\/p>\n\n\n\n<ul class=\"wp-block-list\">\n<li><strong>B.I<\/strong> \u2013 sta per \u201cBe I\u201d (essere io), che rappresenta la sua ambizione di essere sempre se stesso.<\/li>\n<\/ul>\n\n\n\n<hr class=\"wp-block-separator has-alpha-channel-opacity\"\/>\n\n\n\n<h4 class=\"wp-block-heading\" id=\"nct\"><strong>NCT<\/strong><\/h4>\n\n\n\n<p>NCT \u00e8 l'acronimo di Neo Culture Technology, un termine utilizzato per descrivere il concetto unico del gruppo di infinite possibilit\u00e0 con un approccio nuovo e sperimentale alla musica e alla cultura.<\/p>\n\n\n\n<p><strong>Sottogruppi:<\/strong><\/p>\n\n\n\n<p><strong>NCT 127<\/strong> \u2013 127\u00b0 \u00e8 la coordinata di longitudine della citt\u00e0 di Seul.<\/p>\n\n\n\n<p><strong>NCT Dream<\/strong> \u2013 la parola \u201cdream\u201d (sogno) \u00e8 stata scelta per incarnare il tema della giovinezza e dell\u2019innocenza, che si adatta al concetto del sottogruppo.<\/p>\n\n\n\n<p><strong>NCT U<\/strong> \u2013 la U sta per \u201cunited\u201d (uniti), e rappresenta il modo in cui i membri si uniscono ogni volta in formazioni diverse.<\/p>\n\n\n\n<p><strong>NCT Wish<\/strong> \u2013 la parola \u201cwish\u201d (desiderio) \u00e8 stata scelta per simboleggiare l\u2019ambizione dei membri di soddisfare i desideri dei loro fan.<\/p>\n\n\n\n<p><strong>WayV<\/strong> \u2013 abbreviazione di \"we are your vision\" (noi siamo la tua visione), che rappresenta il loro obiettivo di essere la visione definitiva per i fan. In cinese, il loro nome \u00e8 reso come \u5a01\u795eV (<em>w\u0113ish\u00e9n V<\/em>), che ha un suono simile, e con \u5a01\u795e che significa \u201cdivinit\u00e0 potenti\u201d.<\/p>\n\n\n\n<p><strong>Membri:<\/strong><\/p>\n\n\n\n<ul class=\"wp-block-list\">\n<li><strong>Johnny<\/strong> \u2013 dal suo vero nome: John Jun Suh.<\/li>\n\n\n\n<li><strong>Taeyong<\/strong> \u2013 vero nome: Lee Taeyong.<\/li>\n\n\n\n<li><strong>Yuta<\/strong> \u2013 vero nome: Nakamoto Yuta.<\/li>\n\n\n\n<li><strong>Kun<\/strong> \u2013 vero nome: Qian Kun.<\/li>\n\n\n\n<li><strong>Doyoung<\/strong> \u2013 dal suo vero nome: Kim Dongyoung.<\/li>\n\n\n\n<li><strong>Ten<\/strong> \u2013 soprannome che gli fu dato da bambino, dalla parola tailandese \u0e19\u0e01\u0e01\u0e23\u0e30\u0e40\u0e15\u0e47\u0e19 (<em>n\u00f3k gr\u00e0-dten<\/em>), che significa \"martin pescatore\", un tipo di uccello.<\/li>\n\n\n\n<li><strong>Jaehyun<\/strong> \u2013 vero nome:\u00a0Jeong Jaehyun.<\/li>\n\n\n\n<li><strong>WinWin<\/strong> \u2013 nessuna spiegazione ufficiale, probabilmente deriva dalla parola \"win\" (vittoria), a simboleggiare prosperit\u00e0 e successo. WinWin \u00e8 cinese, e nelle lingue cinesi raddoppiare una sillaba \u00e8 un modo comune per formare un soprannome affettuoso o carino.<\/li>\n\n\n\n<li><strong>Jungwoo<\/strong> \u2013 vero nome: Kim Jungwoo.<\/li>\n\n\n\n<li><strong>Mark<\/strong> \u2013 vero nome: Mark Lee.<\/li>\n\n\n\n<li><strong>Xiaojun<\/strong> \u2013 dal suo vero nome: Xiao Dejun.<\/li>\n\n\n\n<li><strong>Hendery<\/strong> \u2013 dal suo nome inglese: Hendery Wong.<\/li>\n\n\n\n<li><strong>Renjun<\/strong> \u2013 vero nome: Huang Renjun.<\/li>\n\n\n\n<li><strong>Jeno<\/strong> \u2013 vero nome: Lee Jeno.<\/li>\n\n\n\n<li><strong>Haechan<\/strong> \u2013 dalle parole coreane \ud574 (<em>hae<\/em>), che significa \"Sole\", e \ucc2c (<em>chan<\/em>), che significa \"pieno\". Nel complesso, il nome significa \"Sole pieno\".<\/li>\n\n\n\n<li><strong>Jaemin<\/strong> \u2013 vero nome: Na Jaemin.<\/li>\n\n\n\n<li><strong>YangYang<\/strong> \u2013 vero nome: Liu Yangyang.<\/li>\n\n\n\n<li><strong>Chenle<\/strong> \u2013 vero nome: Zhong Chenle.<\/li>\n\n\n\n<li><strong>Jisung<\/strong> \u2013 vero nome: Park Jisung.<\/li>\n\n\n\n<li><strong>Sion<\/strong> \u2013 vero nome: Oh Sion.<\/li>\n\n\n\n<li><strong>Riku<\/strong> \u2013 vero nome: Maeda Riku.<\/li>\n\n\n\n<li><strong>Yushi<\/strong> \u2013 vero nome: Tokuno Y\u016bshi.<\/li>\n\n\n\n<li><strong>Jaehee<\/strong> \u2013 scelto perch\u00e9 \u00e8 un nome pi\u00f9 facile da pronunciare rispetto al suo vero nome, Daeyoung, e per evitare confusione con gli altri due membri degli NCT con nomi simili, Taeyong e Doyoung.<\/li>\n\n\n\n<li><strong>Ryo<\/strong> \u2013 vero nome: Hirose Ryo.<\/li>\n\n\n\n<li><strong>Sakuya<\/strong> \u2013 vero nome: Fujinaga Sakuya.<\/li>\n<\/ul>\n\n\n\n<p><strong>Ex membri:<\/strong><\/p>\n\n\n\n<ul class=\"wp-block-list\">\n<li><strong>Taeil<\/strong> \u2013 vero nome: Moon Taeil.<\/li>\n\n\n\n<li><strong>Lucas<\/strong> \u2013 nessuna spiegazione ufficiale, probabilmente scelto perch\u00e9 \u00e8 un nome facile da pronunciare e da ricordare per i fan internazionali.<\/li>\n\n\n\n<li><strong>Shotaro<\/strong> \u2013 vero nome: Osaki Shotaro.<\/li>\n\n\n\n<li><strong>Sungchan<\/strong> \u2013 vero nome: Jung Sungchan.<\/li>\n<\/ul>\n\n\n\n<hr class=\"wp-block-separator has-alpha-channel-opacity\"\/>\n\n\n\n<h4 class=\"wp-block-heading\" id=\"ikon\"><strong>Pentagon<\/strong><\/h4>\n\n\n\n<p>Il nome si riferisce all'idea di essere un gruppo impeccabile, dotato di capacit\u00e0 perfette in tutte e cinque le categorie di abilit\u00e0 degli idol: voce\/rap, ballo, lavoro di squadra, talento e mente.<\/p>\n\n\n\n<p><strong>Membri:<\/strong><\/p>\n\n\n\n<ul class=\"wp-block-list\">\n<li><strong>Jinho<\/strong> \u2013 vero nome: Jo Jinho.<\/li>\n\n\n\n<li><strong>Hui<\/strong> \u2013 dalla prima sillaba del suo vero nome: Lee Hoetaek.<\/li>\n\n\n\n<li><strong>Hongseok<\/strong> \u2013 vero nome: Yang Hongseok.<\/li>\n\n\n\n<li><strong>Shinwon<\/strong> \u2013 vero nome: Go Shinwon.<\/li>\n\n\n\n<li><strong>Yeo One<\/strong> \u2013 Yeo deriva dal suo vero nome: Yeo Changgu. One (uno) deriva dall'idea di essere il numero uno o l'unico nel cuore dei suoi fan.<\/li>\n\n\n\n<li><strong>Yanan<\/strong> \u2013 vero nome: Yan An.<\/li>\n\n\n\n<li><strong>Yuto<\/strong> \u2013 vero nome: Adachi Yuto.<\/li>\n\n\n\n<li><strong>Kino<\/strong> \u2013 dalla combinazione della prima lettera del suo cognome, Kang, e della parola \u201cinnovation\u201d (innovazione), scelta per rappresentare il suo obiettivo di portare qualcosa di nuovo nel mondo del K-Pop.<\/li>\n\n\n\n<li><strong>Wooseok<\/strong> \u2013 vero nome: Jung Wooseok.<\/li>\n<\/ul>\n\n\n\n<p><strong>Ex membri:<\/strong><\/p>\n\n\n\n<ul class=\"wp-block-list\">\n<li><strong>E\u2019Dawn<\/strong> \u2013 da \u201cdawn of the East\u201d (alba dell'est), che rappresenta l\u2019idea di un nuovo inizio.<\/li>\n<\/ul>\n\n\n\n<hr class=\"wp-block-separator has-alpha-channel-opacity\"\/>\n\n\n\n<h4 class=\"wp-block-heading\" id=\"seventeen\"><strong>Seventeen<\/strong><\/h4>\n\n\n\n<p>Vedi <a href=\"https:\/\/www.cosmundus.com\/it\/origin-of-k-pop-names\/#seventeen\" title=\"\">Seventeen<\/a><\/p>\n\n\n\n<hr class=\"wp-block-separator has-alpha-channel-opacity\"\/>\n\n\n\n<h4 class=\"wp-block-heading\" id=\"stray-kids\"><strong>Stray Kids<\/strong><\/h4>\n\n\n\n<p>Vedi <a href=\"https:\/\/www.cosmundus.com\/it\/origin-of-k-pop-names\/#stray-kids\" title=\"\">Stray Kids<\/a><\/p>\n\n\n\n<hr class=\"wp-block-separator has-alpha-channel-opacity\"\/>\n\n\n\n<h4 class=\"wp-block-heading\" id=\"tomorrow-x-together-txt\"><strong>Tomorrow X Together (TXT)<\/strong><\/h4>\n\n\n\n<p>Vedi <a href=\"https:\/\/www.cosmundus.com\/it\/origin-of-k-pop-names\/#tomorrow-x-together-txt\" title=\"\">Tomorrow X Together (TXT)<\/a><\/p>\n\n\n\n<hr class=\"wp-block-separator has-alpha-channel-opacity\"\/>\n\n\n\n<h4 class=\"wp-block-heading\" id=\"ikon\"><strong>Treasure<\/strong><\/h4>\n\n\n\n<p>Il nome Treasure (tesoro) deriva dall'idea che i membri siano gemme nascoste e un tesoro prezioso che diventer\u00e0 il prossimo grande gruppo nel mondo del K-Pop.<\/p>\n\n\n\n<p><strong>Membri:<\/strong><\/p>\n\n\n\n<ul class=\"wp-block-list\">\n<li><strong>Hyunsuk<\/strong> \u2013 vero nome: Choi Hyunsuk.<\/li>\n\n\n\n<li><strong>Jihoon<\/strong> \u2013 vero nome: Park Jihoon.<\/li>\n\n\n\n<li><strong>Yoshi<\/strong> \u2013 dal suo vero nome: Kanemoto Yoshinori.<\/li>\n\n\n\n<li><strong>Junkyu<\/strong> \u2013 vero nome: Kim Junkyu.<\/li>\n\n\n\n<li><strong>Jaehyuk<\/strong> \u2013 vero nome: Yoon Jaehyuk.<\/li>\n\n\n\n<li><strong>Asahi<\/strong> \u2013 vero nome: Hamada Asahi.<\/li>\n\n\n\n<li><strong>Doyoung<\/strong> \u2013 vero nome: Kim Doyoung.<\/li>\n\n\n\n<li><strong>Haruto<\/strong> \u2013 vero nome: Watanabe Haruto.<\/li>\n\n\n\n<li><strong>Jeongwoo<\/strong> \u2013 vero nome: Park Jeongwoo.<\/li>\n\n\n\n<li><strong>Junghwan<\/strong> \u2013 vero nome: So Junghwan.<\/li>\n<\/ul>\n\n\n\n<p><strong>Ex membri:<\/strong><\/p>\n\n\n\n<ul class=\"wp-block-list\">\n<li><strong>Mashiho<\/strong> \u2013 vero nome: Takata Mashiho.<\/li>\n\n\n\n<li><strong>Bang Yedam<\/strong> \u2013 vero nome: Bang Yedam.<\/li>\n<\/ul>","protected":false},"excerpt":{"rendered":"<p>&lt;&lt; The origin and meaning of the names of K-Pop groups and idols This is an extension of the article explaining the origin and meaning of the names of ten of the most popular K-Pop groups, which you can read about here. The same format will be used in this guide, which will explain the meaning of more names, focusing on boy groups. This is a work in progress, and more artists will be added over time. The artists here reflect the ones included in the introductory guide to K-Pop boy groups, but with sub-units listed together with their group. All artists are listed in alphabetical order. See also:The origin and meaning of the names of K-Pop girl groupsThe origin and meaning of the names of K-Pop co-ed groupsThe origin and meaning of the names of K-Pop female soloistsThe origin and meaning of the names of K-Pop male soloists Ateez Ateez stands for &#8220;A Teenager Z&#8221;, a combination of &#8220;A to Z&#8221; and &#8220;teenager&#8221;. This reflects the idea of being young and doing everything they can, as well as the aim of making music that is liked by everyone. Members: BigBang The name was chosen to represent the idea of the group causing an explosive new beginning for K-Pop, like the Big Bang. Members: Former members: BTS See BTS Enhypen The name is inspired by the punctuation mark hyphen (-), with the &#8220;en&#8221; coming from the en dash (\u2013). This name gives the idea of the members connecting with each other to grow together. Members: Exo See Exo Got7 The name originated from best-selling boy group g.o.d, as J.Y. Park, the producer who created Got7, was initially supposed to debut with them when they were called Got6. Plans changed, and g.o.d debuted as a five-member group with a new name. J.Y. Park reworked g.o.d&#8217;s original name by changing Got6 to Got7, with a reference to the number of members in the group, and the idea of seven being a lucky number. Overall, the name represents seven lucky people getting together to form a group. Members: iKon The name comes from the idea that the group would be &#8220;an icon for Korea&#8221;, with the K coming from &#8220;Korea&#8221;. Members: Former members: NCT NCT stands for Neo Culture Technology, a term used to describe the group&#8217;s unique concept of infinite possibilites with a new and experimental approach to music and culture. Sub-units: NCT 127 &#8211; 127\u00b0 is the longitude coordinate of the city of Seoul. NCT Dream &#8211; the word &#8220;dream&#8221; was chosen to embody the theme of youth and innocence, fitting the sub-unit&#8217;s concept. NCT U &#8211; the U stands for &#8220;united&#8221;, representing how the members unite in different formations every time. NCT Wish &#8211; the word &#8220;wish&#8221; for chosen to symbolize the members&#8217; ambition to fulfill the wishes of their fans. WayV &#8211; short for &#8220;we are your vision&#8221;, which represents their goal to be the ultimate vision for fans. In Chinese, their name is rendered as the similar-sounding \u5a01\u795eV (w\u0113ish\u00e9n V), with \u5a01\u795e meaning &#8220;powerful gods&#8221;. Members: Former members: Pentagon The name refers to the idea of being a flawless group that has all perfect abilities in all five categories of idol skills: vocal\/rap, dance, teamwork, talent, and mind. Members: Former members: Seventeen See Seventeen Stray Kids See Stray Kids Tomorrow X Together (TXT) See Tomorrow X Together (TXT) Treasure The name Treasure comes from the idea of the members being hidden gems and a valuable treasure that will become the next major group in the K-Pop industry. Members: Former members:<\/p>","protected":false},"author":1,"featured_media":0,"parent":12733,"menu_order":0,"comment_status":"closed","ping_status":"closed","template":"","meta":{"_editorskit_title_hidden":false,"_editorskit_reading_time":0,"_editorskit_is_block_options_detached":false,"_editorskit_block_options_position":"{}","om_disable_all_campaigns":false,"_uag_custom_page_level_css":"","advgb_blocks_editor_width":"","advgb_blocks_columns_visual_guide":"","_monsterinsights_skip_tracking":false,"_monsterinsights_sitenote_active":false,"_monsterinsights_sitenote_note":"","_monsterinsights_sitenote_category":0,"footnotes":""},"class_list":["post-12947","page","type-page","status-publish","hentry"],"aioseo_notices":[],"featured_image_src":null,"uagb_featured_image_src":{"full":false,"thumbnail":false,"medium":false,"medium_large":false,"large":false,"1536x1536":false,"2048x2048":false,"trp-custom-language-flag":false,"xs-thumb":false,"post-thumbnail":false,"minimalistblogger-grid":false,"minimalistblogger-slider":false,"minimalistblogger-small":false},"uagb_author_info":{"display_name":"Stefano Cammisa","author_link":"https:\/\/www.cosmundus.com\/it\/author\/stefano-cammisa\/"},"uagb_comment_info":0,"uagb_excerpt":"&lt;&lt; The origin and meaning of the names of K-Pop groups and idols This is an extension of the article explaining the origin and meaning of the names of ten of the most popular K-Pop groups, which you can read about here. The same format will be used in this guide, which will explain the&hellip;","coauthors":[],"author_meta":{"author_link":"https:\/\/www.cosmundus.com\/it\/author\/stefano-cammisa\/","display_name":"Stefano Cammisa"},"relative_dates":{"created":"Pubblicato 3 mesi fa","modified":"Aggiornato 3 mesi fa"},"absolute_dates":{"created":"Pubblicato il 9 Febbraio 2026","modified":"Aggiornato il 15 Febbraio 2026"},"absolute_dates_time":{"created":"Pubblicato il 9 Febbraio 2026 2:10 pm","modified":"Aggiornato il 15 Febbraio 2026 4:17 pm"},"featured_img_caption":"","featured_img":false,"series_order":"","_links":{"self":[{"href":"https:\/\/www.cosmundus.com\/it\/wp-json\/wp\/v2\/pages\/12947","targetHints":{"allow":["GET"]}}],"collection":[{"href":"https:\/\/www.cosmundus.com\/it\/wp-json\/wp\/v2\/pages"}],"about":[{"href":"https:\/\/www.cosmundus.com\/it\/wp-json\/wp\/v2\/types\/page"}],"author":[{"embeddable":true,"href":"https:\/\/www.cosmundus.com\/it\/wp-json\/wp\/v2\/users\/1"}],"replies":[{"embeddable":true,"href":"https:\/\/www.cosmundus.com\/it\/wp-json\/wp\/v2\/comments?post=12947"}],"version-history":[{"count":17,"href":"https:\/\/www.cosmundus.com\/it\/wp-json\/wp\/v2\/pages\/12947\/revisions"}],"predecessor-version":[{"id":13172,"href":"https:\/\/www.cosmundus.com\/it\/wp-json\/wp\/v2\/pages\/12947\/revisions\/13172"}],"up":[{"embeddable":true,"href":"https:\/\/www.cosmundus.com\/it\/wp-json\/wp\/v2\/pages\/12733"}],"wp:attachment":[{"href":"https:\/\/www.cosmundus.com\/it\/wp-json\/wp\/v2\/media?parent=12947"}],"curies":[{"name":"wp","href":"https:\/\/api.w.org\/{rel}","templated":true}]}}