{"id":12880,"date":"2026-02-09T10:42:25","date_gmt":"2026-02-09T09:42:25","guid":{"rendered":"https:\/\/www.cosmundus.com\/?page_id=12880"},"modified":"2026-03-29T17:17:20","modified_gmt":"2026-03-29T15:17:20","slug":"kpop-explained","status":"publish","type":"page","link":"https:\/\/www.cosmundus.com\/it\/kpop-explained\/","title":{"rendered":"K\u2011Pop spiegato: guide per principianti per capire questo folle mondo"},"content":{"rendered":"<p class=\"translation-block\">Con la sua costante crescita di popolarit\u00e0 a livello globale, \u00e8 diventato sempre pi\u00f9 difficile ignorare il K-Pop, ma per molte persone potrebbe essere difficile anche solo sapere da dove cominciare per comprendere questo mondo. Il K-Pop \u00e8 molto pi\u00f9 di musica orecchiabile e balli divertenti, ma con innumerevoli gruppi e artisti, una lunga lista di nuovi termini e cos\u00ec tante regole non scritte, \u00e8 facile perdersi. Potresti aver sentito parlare di \"comeback\", \"bias\" e \"lightstick\" senza sapere cosa significano queste parole, e forse ti stai chiedendo chi sono questi BTS, Blackpink e Twice di cui tutti parlano. Dopo aver visto il successo del film di Netflix <em>KPop Demon Hunters<\/em> e della canzone \"APT.\" di Ros\u00e9, forse vorresti saperne di pi\u00f9 sul K-Pop, ma non sai da dove iniziare. Qui troverai una serie di guide che ti aiuteranno a orientarti nel mondo del K-Pop, analizzando diversi argomenti per aiutarti a capire come funziona questo settore, perch\u00e9 i fan ne sono cos\u00ec appassionati e quali sono gli artisti che devi assolutamente scoprire.<\/p>\n\n\n\n<p>Se non hai familiarit\u00e0 con il K-Pop o desideri approfondirne la conoscenza, potresti aver bisogno di imparare alcuni termini specifici di questo settore, e puoi iniziare leggendo la seguente guida.<\/p>\n\n\n\n<ul class=\"wp-block-list\">\n<li><a href=\"https:\/\/www.cosmundus.com\/it\/k%e2%80%91pop-glossary-the-slang-every-fan-should-know\/\" title=\"\">Glossario del K-Pop: lo slang che ogni fan dovrebbe conoscere<\/a><\/li>\n<\/ul>\n\n\n\n<p>Se vuoi saperne di pi\u00f9 sui numerosi gruppi e artisti K-Pop, dai un'occhiata alla seguente serie di guide. Qui troverai una breve introduzione a vari gruppi e solisti, che ne spiega l'identit\u00e0 e lo stile musicale, suggerendo anche alcuni brani da ascoltare. L'articolo principale include un'introduzione a dieci dei gruppi pi\u00f9 popolari e facilmente accessibili. Per approfondire, dai un'occhiata agli articoli dedicati ai gruppi femminili, ai gruppi maschili, ai gruppi misti, alle soliste femminili e ai solisti maschili.<\/p>\n\n\n\n<ul class=\"wp-block-list\">\n<li><a href=\"https:\/\/www.cosmundus.com\/it\/kpop-groups-explained\/\" title=\"\">Gruppi K-Pop spiegati: una semplice guida introduttiva per principianti<\/a>\n<ul class=\"wp-block-list\">\n<li><a href=\"https:\/\/www.cosmundus.com\/it\/kpop-groups-explained\/girl-groups\/\">Introduzione ai gruppi femminili K-Pop<\/a><\/li>\n\n\n\n<li><a href=\"https:\/\/www.cosmundus.com\/it\/kpop-groups-explained\/boy-groups\/\">Introduzione ai gruppi maschili K-Pop<\/a><\/li>\n\n\n\n<li><a href=\"https:\/\/www.cosmundus.com\/it\/kpop-groups-explained\/co-ed-groups\/\">Introduzione ai gruppi misti K-Pop<\/a><\/li>\n\n\n\n<li><a href=\"https:\/\/www.cosmundus.com\/it\/kpop-groups-explained\/female-soloists\/\">Introduzione alle soliste femminili K-Pop<\/a><\/li>\n\n\n\n<li><a href=\"https:\/\/www.cosmundus.com\/it\/kpop-groups-explained\/male-soloists\/\">Introduzione ai solisti maschili K-Pop<\/a><\/li>\n<\/ul>\n<\/li>\n<\/ul>\n\n\n\n<p>Dopo aver scoperto questi artisti, potresti essere curioso di sapere di pi\u00f9 sui loro nomi. In effetti, i nomi dei gruppi K-Pop possono variare da ovvi a incomprensibili, ma hanno sempre un significato. Gli articoli seguenti spiegano l'origine e il significato dei nomi dei gruppi e degli idol K-Pop, e sono suddivisi nello stesso modo delle guide introduttive che si trovano sopra.<\/p>\n\n\n\n<ul class=\"wp-block-list\">\n<li><a href=\"https:\/\/www.cosmundus.com\/it\/origin-of-k-pop-names\/\" title=\"\">L'origine e il significato dei nomi di gruppi e cantanti K-Pop<\/a>\n<ul class=\"wp-block-list\">\n<li><a href=\"https:\/\/www.cosmundus.com\/it\/origin-of-k-pop-names\/girl-groups\/\" title=\"\">L'origine e il significato dei nomi dei gruppi femminili K-Pop<\/a><\/li>\n\n\n\n<li><a href=\"https:\/\/www.cosmundus.com\/it\/origin-of-k-pop-names\/boy-groups\/\" title=\"\">L'origine e il significato dei nomi dei gruppi maschili K-Pop<\/a><\/li>\n\n\n\n<li><a href=\"https:\/\/www.cosmundus.com\/it\/origin-of-k-pop-names\/co-ed-groups\/\" title=\"\">L'origine e il significato dei nomi dei gruppi misti K-Pop<\/a><\/li>\n\n\n\n<li><a href=\"https:\/\/www.cosmundus.com\/it\/origin-of-k-pop-names\/female-soloists\/\" title=\"\">L'origine e il significato dei nomi delle soliste femminili K-Pop<\/a><\/li>\n\n\n\n<li><a href=\"https:\/\/www.cosmundus.com\/it\/origin-of-k-pop-names\/male-soloists\/\" title=\"\">L'origine e il significato dei nomi dei solisti maschili K-Pop<\/a><\/li>\n<\/ul>\n<\/li>\n<\/ul>\n\n\n\n<p>Nel tempo verranno pubblicati altri articoli, quindi rimani sintonizzato.<\/p>\n\n\n\n<p class=\"translation-block\">Se invece sei pi\u00f9 interessato a imparare qualcosa sulla lingua coreana usando le canzoni K-Pop, dai un'occhiata a questa serie: <a href=\"https:\/\/www.cosmundus.com\/it\/learn-korean-with-k-pop\/\" title=\"\" target=\"_self\">Impara il coreano con il K-Pop.<\/a><\/p>","protected":false},"excerpt":{"rendered":"<p>With its constant global rise in popularity, it has become increasingly hard to ignore K-Pop, but for many people it could be hard to even know where to start to understand this world. K-Pop is much more than catchy music and fun dances, but with countless groups and artists, a long list of new terms, and so many unwritten rules, it&#8217;s easy to get lost. You might have heard of &#8220;comeback&#8221;, &#8220;bias&#8221;, and &#8220;lightstick&#8221; without knowing what these words mean, and maybe you&#8217;re wondering who are these BTS, Blackpink, and Twice that everyone is talking about. After seeing the success of Netflix movie KPop Demon Hunters, and Ros\u00e9&#8217;s song &#8220;APT.&#8221;, maybe you want to know more about K-Pop, but you don&#8217;t know where to start. Here, you will find a series of guides that will help you enter and navigate the world of K-Pop, breaking down different topics to help you understand how this industry works, why fans are so passionate about it, and who are the artists you need to check out. If you&#8217;re new to K-Pop, or want to get a deeper understanding of it, you might need to learn a few terms that are unique to this industry, and you can start by reading the following guide. If you want to know more about the many K-Pop groups and artists, check out the following series of guides. Here you will find a short introduction to various groups and soloists, which explain their identity and musical style, while also suggesting some songs to listen to. The main article includes an introduction to ten of the most popular and easily accessible groups. If you want to go deeper, check out the articles dedicated to girl groups, boy groups, co-ed groups, female soloists, and male soloists. After learning about these artists, you might be curious about their names. In fact, the names of K-Pop groups can range from obvious to incomprehensible, but there&#8217;s always a meaning behind them. The following articles explain the origin and meaning of the names of K-Pop groups and idols, and are divided in the same way as the introductory guides above. More articles will be posted over time, so stay tuned. If instead you&#8217;re more interested in learning something about the Korean language by using K-Pop songs, check out this series: Learn Korean with K-Pop.<\/p>","protected":false},"author":1,"featured_media":0,"parent":0,"menu_order":0,"comment_status":"closed","ping_status":"closed","template":"","meta":{"_editorskit_title_hidden":false,"_editorskit_reading_time":0,"_editorskit_is_block_options_detached":false,"_editorskit_block_options_position":"{}","om_disable_all_campaigns":false,"_uag_custom_page_level_css":"","advgb_blocks_editor_width":"","advgb_blocks_columns_visual_guide":"","_monsterinsights_skip_tracking":false,"_monsterinsights_sitenote_active":false,"_monsterinsights_sitenote_note":"","_monsterinsights_sitenote_category":0,"footnotes":""},"class_list":["post-12880","page","type-page","status-publish","hentry"],"aioseo_notices":[],"featured_image_src":null,"uagb_featured_image_src":{"full":false,"thumbnail":false,"medium":false,"medium_large":false,"large":false,"1536x1536":false,"2048x2048":false,"trp-custom-language-flag":false,"xs-thumb":false,"post-thumbnail":false,"minimalistblogger-grid":false,"minimalistblogger-slider":false,"minimalistblogger-small":false},"uagb_author_info":{"display_name":"Stefano Cammisa","author_link":"https:\/\/www.cosmundus.com\/it\/author\/stefano-cammisa\/"},"uagb_comment_info":0,"uagb_excerpt":"With its constant global rise in popularity, it has become increasingly hard to ignore K-Pop, but for many people it could be hard to even know where to start to understand this world. K-Pop is much more than catchy music and fun dances, but with countless groups and artists, a long list of new terms,&hellip;","coauthors":[],"author_meta":{"author_link":"https:\/\/www.cosmundus.com\/it\/author\/stefano-cammisa\/","display_name":"Stefano Cammisa"},"relative_dates":{"created":"Pubblicato 3 mesi fa","modified":"Aggiornato 1 mese fa"},"absolute_dates":{"created":"Pubblicato il 9 Febbraio 2026","modified":"Aggiornato il 29 Marzo 2026"},"absolute_dates_time":{"created":"Pubblicato il 9 Febbraio 2026 10:42 am","modified":"Aggiornato il 29 Marzo 2026 5:17 pm"},"featured_img_caption":"","featured_img":false,"series_order":"","_links":{"self":[{"href":"https:\/\/www.cosmundus.com\/it\/wp-json\/wp\/v2\/pages\/12880","targetHints":{"allow":["GET"]}}],"collection":[{"href":"https:\/\/www.cosmundus.com\/it\/wp-json\/wp\/v2\/pages"}],"about":[{"href":"https:\/\/www.cosmundus.com\/it\/wp-json\/wp\/v2\/types\/page"}],"author":[{"embeddable":true,"href":"https:\/\/www.cosmundus.com\/it\/wp-json\/wp\/v2\/users\/1"}],"replies":[{"embeddable":true,"href":"https:\/\/www.cosmundus.com\/it\/wp-json\/wp\/v2\/comments?post=12880"}],"version-history":[{"count":5,"href":"https:\/\/www.cosmundus.com\/it\/wp-json\/wp\/v2\/pages\/12880\/revisions"}],"predecessor-version":[{"id":13665,"href":"https:\/\/www.cosmundus.com\/it\/wp-json\/wp\/v2\/pages\/12880\/revisions\/13665"}],"wp:attachment":[{"href":"https:\/\/www.cosmundus.com\/it\/wp-json\/wp\/v2\/media?parent=12880"}],"curies":[{"name":"wp","href":"https:\/\/api.w.org\/{rel}","templated":true}]}}