{"id":12733,"date":"2026-02-07T20:41:15","date_gmt":"2026-02-07T19:41:15","guid":{"rendered":"https:\/\/www.cosmundus.com\/?page_id=12733"},"modified":"2026-02-09T15:36:56","modified_gmt":"2026-02-09T14:36:56","slug":"origin-of-k-pop-names","status":"publish","type":"page","link":"https:\/\/www.cosmundus.com\/it\/origin-of-k-pop-names\/","title":{"rendered":"L'origine e il significato dei nomi di gruppi e cantanti K-Pop"},"content":{"rendered":"<p>I nomi unici di molti gruppi e artisti sono tra gli aspetti pi\u00f9 distintivi e riconoscibili del K-Pop, e spesso sono un manifesto di ci\u00f2 che vogliono rappresentare. Alcuni nomi sono legati alla filosofia o alla visione del mondo di un gruppo, altri ne rappresentano l'identit\u00e0, mentre alcuni sono stati scelti semplicemente perch\u00e9 sono divertenti e indimenticabili. Tuttavia, mentre molti nomi sono facili da capire, alcuni potrebbero sembrare strani o incomprensibili, finch\u00e9 non se ne scopre il vero significato. Qui si trova una spiegazione dell'origine e del significato dei nomi dei gruppi K-Pop e dei nomi d'arte dei cantanti K-Pop. Si tratta di un lavoro in corso, e altri artisti verranno aggiunti nel tempo. <\/p>\n\n\n\n<p class=\"translation-block\">Gli artisti riportati qui rispecchiano quelli inclusi nella <a href=\"https:\/\/www.cosmundus.com\/it\/kpop-groups-explained\/\" title=\"\" target=\"_self\">guida introduttiva ai gruppi K-Pop<\/a>. Per conoscere il significato dei nomi di altri gruppi e solisti, consulta i seguenti articoli. Gli artisti sono suddivisi nello stesso modo in cui sono suddivisi nelle rispettive guide introduttive.<\/p>\n\n\n\n<p><a href=\"https:\/\/www.cosmundus.com\/it\/origin-of-k-pop-names\/girl-groups\/\" title=\"\">L'origine e il significato dei nomi dei gruppi femminili K-Pop<\/a><br><a href=\"https:\/\/www.cosmundus.com\/it\/origin-of-k-pop-names\/boy-groups\/\" title=\"\">L'origine e il significato dei nomi dei gruppi maschili K-Pop<\/a><br><a href=\"https:\/\/www.cosmundus.com\/it\/origin-of-k-pop-names\/co-ed-groups\/\" title=\"\">L'origine e il significato dei nomi dei gruppi misti K-Pop<\/a><br><a href=\"https:\/\/www.cosmundus.com\/it\/origin-of-k-pop-names\/female-soloists\/\" title=\"\">L'origine e il significato dei nomi delle soliste femminili K-Pop<\/a><br><a href=\"https:\/\/www.cosmundus.com\/it\/origin-of-k-pop-names\/male-soloists\/\" title=\"\">L'origine e il significato dei nomi dei solisti maschili K-Pop<\/a><\/p>\n\n\n<div style=\"border: 1px solid #8ed1fc; border-radius: 0%; background-color: inherit; \" class=\"ub-styled-box ub-bordered-box wp-block-ub-styled-box\" id=\"ub-styled-box-308ef4ef-b3fa-4cff-a469-41b104baa34f\">\n<p class=\"has-medium-font-size\" id=\"ub-styled-box-bordered-content-427ccd0f-2f04-4033-9642-066a2c646fc9\">Lista di artisti<\/p>\n\n\n<div class=\"wp-block-aioseo-table-of-contents\"><ul><li><a class=\"aioseo-toc-item\" href=\"#aespa\">aespa<\/a><\/li><li><a class=\"aioseo-toc-item\" href=\"#blackpink\">Blackpink<\/a><\/li><li><a class=\"aioseo-toc-item\" href=\"#bts\">BTS<\/a><\/li><li><a class=\"aioseo-toc-item\" href=\"#exo\">Exo<\/a><\/li><li><a class=\"aioseo-toc-item\" href=\"#itzy\">Itzy<\/a><\/li><li><a class=\"aioseo-toc-item\" href=\"#red-velvet\">Red Velvet<\/a><\/li><li><a class=\"aioseo-toc-item\" href=\"#seventeen\">Seventeen<\/a><\/li><li><a class=\"aioseo-toc-item\" href=\"#stray-kids\">Stray Kids<\/a><\/li><li><a class=\"aioseo-toc-item\" href=\"#tomorrow-x-together-txt\">Tomorrow X Together (TXT)<\/a><\/li><li><a class=\"aioseo-toc-item\" href=\"#twice\">Twice<\/a><\/li><\/ul><\/div>\n\n<\/div>\n\n\n<h4 class=\"wp-block-heading\" id=\"aespa\"><strong>aespa<\/strong><\/h4>\n\n\n\n<p>\"aespa\" deriva dalla combinazione di \"\u00e6\", che significa \"Avatar X Experience\" (Avatar X Esperienza), e \"aspect\" (aspetto). In generale, il nome suggerisce che i fan potranno sperimentare un mondo nuovo attraverso un avatar di se stessi.<\/p>\n\n\n\n<p><strong>Membri:<\/strong><\/p>\n\n\n\n<ul class=\"wp-block-list\">\n<li><strong>Karina<\/strong> \u2013 dal suo nome di battesimo: Katarina.<\/li>\n\n\n\n<li><strong>Giselle<\/strong> \u2013 scelto come nome che si adatta alla sua eleganza e al suo background multiculturale, mostrando al contempo un fascino internazionale.<\/li>\n\n\n\n<li><strong>Winter<\/strong> \u2013 scelto per la sua immagine pura ed elegante e anche perch\u00e9 il suo compleanno \u00e8 il 1\u00b0 gennaio.<\/li>\n\n\n\n<li><strong>Ningning<\/strong> \u2013 dal suo vero nome: Ning Yizhuo. Ningning \u00e8 cinese, e nelle lingue cinesi raddoppiare una sillaba \u00e8 un modo comune per formare un soprannome affettuoso o carino.<\/li>\n<\/ul>\n\n\n\n<hr class=\"wp-block-separator has-alpha-channel-opacity\"\/>\n\n\n\n<h4 class=\"wp-block-heading\" id=\"blackpink\"><strong>Blackpink<\/strong><\/h4>\n\n\n\n<p>Una combinazione di \"black\" (nero) e \"pink\" (rosa), che rappresentano i due lati del gruppo. Il rosa simboleggia bellezza e delicatezza, mentre il nero rappresenta forza e sicurezza.<\/p>\n\n\n\n<p><strong>Membri:<\/strong><\/p>\n\n\n\n<ul class=\"wp-block-list\">\n<li><strong>Jisoo<\/strong> \u2013 vero nome: Kim Jisoo.<\/li>\n\n\n\n<li><strong>Jennie<\/strong> \u2013 vero nome: Kim Jennie.<\/li>\n\n\n\n<li><strong>Ros\u00e9<\/strong> \u2013 abbreviazione del suo vero nome: Roseanne Park.<\/li>\n\n\n\n<li><strong>Lisa<\/strong> \u2013 abbreviazione del suo nome legale: Lalisa Manobal. Era nata Pranpriya Manobal, ma seguendo il consiglio di un indovino, il suo nome fu cambiato in Lalisa, che significa \"colei che \u00e8 lodata\".<\/li>\n<\/ul>\n\n\n\n<hr class=\"wp-block-separator has-alpha-channel-opacity\"\/>\n\n\n\n<h4 class=\"wp-block-heading\" id=\"bts\"><strong>BTS<\/strong><\/h4>\n\n\n\n<p class=\"translation-block\">BTS \u00e8 l'acronimo dell'espressione coreana \ubc29\ud0c4\uc18c\ub144\ub2e8 (<em>bangtan sonyeondan<\/em>), che significa \"boy scout a prova di proiettile\". Questo nome rappresenta il desiderio del gruppo di bloccare gli stereotipi e le aspettative che colpiscono gli adolescenti come proiettili. Nel 2017 hanno annunciato che BTS avrebbe anche significato \"Beyond the Scene\" (oltre la scena), a rappresentare l'idea di crescere da ragazzi ad adulti aprendo nuove porte.<\/p>\n\n\n\n<p><strong>Membri:<\/strong><\/p>\n\n\n\n<ul class=\"wp-block-list\">\n<li><strong>Jin<\/strong> \u2013 dal suo vero nome: Kim Seokjin.<\/li>\n\n\n\n<li><strong>Suga<\/strong> \u2013 derivato dalle prime sillabe di \u201cshooting guard\u201d (guardia tiratrice) (shoo-gua -&gt; su-ga), il ruolo di pallacanestro che ha giocato durante i suoi anni di scuola.<\/li>\n\n\n\n<li><strong>J\u2011Hope<\/strong> \u2013 J deriva dalla prima lettera del suo cognome: Jung. Hope (speranza) rappresenta il suo desiderio di portare speranza ai suoi fan.<\/li>\n\n\n\n<li><strong>RM<\/strong> \u2013 acronimo di \u201cRap Monster\u201d (mostro del rap). Nel 2017 ha dichiarato che questo nome non lo rappresenta pi\u00f9 e potrebbe invece simboleggiare altri significati, come \u201cReal Me\u201d (vero me).<\/li>\n\n\n\n<li><strong>Jimin<\/strong> \u2013 vero nome: Park Jimin.<\/li>\n\n\n\n<li><strong>V<\/strong> \u2013 sta per \u201cVictory\u201d (vittoria).<\/li>\n\n\n\n<li><strong>Jung Kook<\/strong> \u2013 vero nome: Jeon Jungkook.<\/li>\n<\/ul>\n\n\n\n<hr class=\"wp-block-separator has-alpha-channel-opacity\"\/>\n\n\n\n<h4 class=\"wp-block-heading\" id=\"exo\"><strong>Exo<\/strong><\/h4>\n\n\n\n<p>Exo \u00e8 l'abbreviazione di \"exoplanet\" (esopianeta), un pianeta che si trova al di fuori del Sistema Solare.<\/p>\n\n\n\n<p><strong>Membri:<\/strong><\/p>\n\n\n\n<ul class=\"wp-block-list\">\n<li><strong>Xiumin<\/strong> \u2013 Xiu viene dal carattere Hanja \u79c0 (<em>xiu<\/em>), che significa \"eccezionale, eccellente\". Min deriva dal suo vero nome: Kim Minseok.<\/li>\n\n\n\n<li><strong>Suho<\/strong> \u2013 in coreano \uc218\ud638 (<em>suho<\/em>) significa \"guardiano\", riflettendo il suo ruolo di leader protettivo e responsabile del gruppo.<\/li>\n\n\n\n<li><strong>Lay<\/strong> \u2013 ispirato al personaggio Huaze Lei della serie televisiva taiwanese <em>Meteor Garden<\/em>, noto per il suo talento artistico e musicale.<\/li>\n\n\n\n<li><strong>Baekhyun<\/strong> \u2013 vero nome: Byun Baekhyun.<\/li>\n\n\n\n<li><strong>Chen<\/strong> \u2013 da un adattamento coreano della sillaba \u201cZhong\u201d del suo nome cinese, Jin Zhongda, che a sua volta \u00e8 un adattamento cinese del suo vero nome coreano: Kim Jongdae.<\/li>\n\n\n\n<li><strong>Chanyeol<\/strong> \u2013 vero nome: Park Chanyeol.<\/li>\n\n\n\n<li><strong>D.O.<\/strong> \u2013 derivato dal suo cognome: Do.<\/li>\n\n\n\n<li><strong>Kai<\/strong> \u2013 dal carattere cinese \u5f00 (<em>kai<\/em>), che significa \"iniziare, aprire\", rappresentando idee come l'inizio di una nuova era con il suo debutto e la sua apertura ai fan.<\/li>\n\n\n\n<li><strong>Sehun<\/strong> \u2013 vero nome: Oh Sehun.<\/li>\n<\/ul>\n\n\n\n<p><strong>Ex membri:<\/strong><\/p>\n\n\n\n<ul class=\"wp-block-list\">\n<li><strong>Luhan<\/strong> \u2013 vero nome: Lu Han.<\/li>\n\n\n\n<li><strong>Kris<\/strong> \u2013 nessuna spiegazione ufficiale, potrebbe essere stato adottato come un semplice nome dal suono occidentale per riflettere le sue origini cinesi-canadesi.<\/li>\n\n\n\n<li><strong>Tao<\/strong> \u2013 dal suo vero nome: Huang Zitao.<\/li>\n<\/ul>\n\n\n\n<hr class=\"wp-block-separator has-alpha-channel-opacity\"\/>\n\n\n\n<h4 class=\"wp-block-heading\" id=\"itzy\"><strong>Itzy<\/strong><\/h4>\n\n\n\n<p class=\"translation-block\">In coreano, Itzy si scrive \uc788\uc9c0 (<em>itji<\/em>), che significa \"avere\". Questo rappresenta l'idea che hanno tutto ci\u00f2 che i fan desiderano.<\/p>\n\n\n\n<p><strong>Membri:<\/strong><\/p>\n\n\n\n<ul class=\"wp-block-list\">\n<li><strong>Yeji<\/strong> \u2013 vero nome: Hwang Yeji.<\/li>\n\n\n\n<li><strong>Lia<\/strong> \u2013 dal suo nome inglese: Julia Choi.<\/li>\n\n\n\n<li><strong>Ryujin<\/strong> \u2013 vero nome: Shin Ryujin.<\/li>\n\n\n\n<li><strong>Chaeryeong<\/strong> \u2013 vero nome: Lee Chaeryeong.<\/li>\n\n\n\n<li><strong>Yuna<\/strong> \u2013 vero nome: Shin Yuna.<\/li>\n<\/ul>\n\n\n\n<hr class=\"wp-block-separator has-alpha-channel-opacity\"\/>\n\n\n\n<h4 class=\"wp-block-heading\" id=\"red-velvet\"><strong>Red Velvet<\/strong><\/h4>\n\n\n\n<p>Il nome rappresenta le due anime del gruppo, \"Red\" (rosso) e \"Velvet\" (velluto), che si riflettono nella loro musica. Il lato \"Red\" \u00e8 vivido e vibrante, mentre il lato \"Velvet\" \u00e8 elegante e maturo.<\/p>\n\n\n\n<p><strong>Membri:<\/strong><\/p>\n\n\n\n<ul class=\"wp-block-list\">\n<li><strong>Irene<\/strong> \u2013 da Eirene, personificazione e dea della pace nella mitologia greca.<\/li>\n\n\n\n<li><strong>Seulgi<\/strong> \u2013 vero nome: Kang Seulgi.<\/li>\n\n\n\n<li><strong>Wendy<\/strong> \u2013 dal suo nome inglese: Wendy Son.<\/li>\n\n\n\n<li><strong>Joy<\/strong> \u2013 scelto per il suo sorriso luminoso e la sua personalit\u00e0 allegra.<\/li>\n\n\n\n<li><strong>Yeri<\/strong> \u2013 dal suo vero nome: Kim Yerim<\/li>\n<\/ul>\n\n\n\n<hr class=\"wp-block-separator has-alpha-channel-opacity\"\/>\n\n\n\n<h4 class=\"wp-block-heading\" id=\"seventeen\"><strong>Seventeen<\/strong><\/h4>\n\n\n\n<p>Il nome Seventeen (diciassette) \u00e8 derivato dalla somma di 13 membri + 3 squadre + 1 gruppo, a rappresentare come i 13 membri sono divisi in tre squadre diverse e si uniscono per formare un gruppo unico. Inizialmente i Seventeen avrebbero dovuto debuttare con 17 membri e, nonostante i piani siano cambiati, il nome \u00e8 rimasto lo stesso e ha assunto un nuovo significato.<\/p>\n\n\n\n<p><strong>Membri:<\/strong><\/p>\n\n\n\n<ul class=\"wp-block-list\">\n<li><strong>S.Coups<\/strong> \u2013 S deriva dal suo vero nome: Choi Seungcheol. Coups deriva da \u201ccoup d\u2019\u00e9tat\u201d (colpo di stato), con l\u2019idea di una presa di potere rapida e di successo.<\/li>\n\n\n\n<li><strong>Jeonghan<\/strong> \u2013 vero nome: Yoon Jeonghan.<\/li>\n\n\n\n<li><strong>Joshua<\/strong> \u2013 vero nome: Joshua Hong.<\/li>\n\n\n\n<li><strong>Jun<\/strong> \u2013 dal suo vero nome: Wen Junhui.<\/li>\n\n\n\n<li><strong>Hoshi<\/strong> \u2013 dalla parola giapponese \u661f (<em>hoshi<\/em>), che significa \"stella\".<\/li>\n\n\n\n<li><strong>Wonwoo<\/strong> \u2013 vero nome: Jeon Wonwoo.<\/li>\n\n\n\n<li><strong>Woozi<\/strong> \u2013 dal soprannome affettuoso \uc6b0\ub9ac \uc9c0\ud6c8 (<em>uri jihoon<\/em>), meaning &#8220;our Jihoon&#8221; (u-ji -&gt; woo-zi), from his real name: Lee Jihoon.<\/li>\n\n\n\n<li><strong>DK<\/strong> \u2013 dal suo nome d'arte coreano, \ub3c4\uacb8 (Dokyeom), che deriva da \ub3c4 (<em>do<\/em>), che significa \"strada\", e \uacb8 (<em>gyeom<\/em>), che significa \"multitasking\". Rappresenta l'idea di essere un intrattenitore con molti talenti.<\/li>\n\n\n\n<li><strong>Mingyu<\/strong> \u2013 vero nome: Kim Mingyu.<\/li>\n\n\n\n<li><strong>The8<\/strong> \u2013 dal numero 8, che nella cultura cinese rappresenta la buona fortuna, e dal simbolo dell'infinito \u221e, che insieme significano \"fortuna infinita\" o \"successo eterno\".<\/li>\n\n\n\n<li><strong>Seungkwan<\/strong> \u2013 vero nome: Boo Seungkwan.<\/li>\n\n\n\n<li><strong>Vernon<\/strong> \u2013 vero nome: Hansol Vernon Chwe.<\/li>\n\n\n\n<li><strong>Dino<\/strong> \u2013 abbreviazione di \u201cdinosauro\u201d, scelto per rappresentare il suo desiderio di dominare la scena.<\/li>\n<\/ul>\n\n\n\n<hr class=\"wp-block-separator has-alpha-channel-opacity\"\/>\n\n\n\n<h4 class=\"wp-block-heading\" id=\"stray-kids\"><strong>Stray Kids<\/strong><\/h4>\n\n\n\n<p>Originariamente il nome Stray Kids (bambini randagi) si riferiva al concetto di bambini perduti che inseguono i propri sogni e, col tempo, si \u00e8 evoluto fino a rappresentare l'idea di trovare una via d'uscita dall'ordinario.<\/p>\n\n\n\n<p><strong>Membri:<\/strong><\/p>\n\n\n\n<ul class=\"wp-block-list\">\n<li><strong>Bang Chan<\/strong> \u2013 dal suo vero nome: Christopher Chahn Bahng.<\/li>\n\n\n\n<li><strong>Lee Know<\/strong> \u2013 Lee deriva dal suo vero nome: Lee Minho. Know \u00e8 stato scelto perch\u00e9, insieme a Lee, suona simile al suo vero nome, Minho.<\/li>\n\n\n\n<li><strong>Changbin<\/strong> \u2013 vero nome: Seo Changbin.<\/li>\n\n\n\n<li><strong>Hyunjin<\/strong> \u2013 vero nome: Hwang Hyunjin.<\/li>\n\n\n\n<li><strong>Han<\/strong> \u2013 dal suo vero nome: Han Jisung.<\/li>\n\n\n\n<li><strong>Felix<\/strong> \u2013 vero nome: Felix Lee.<\/li>\n\n\n\n<li><strong>Seungmin<\/strong> \u2013 vero nome: Kim Seungmin.<\/li>\n\n\n\n<li><strong>I.N<\/strong> \u2013 dall'ultima sillaba del suo vero nome: Yang Jeongin (in -&gt; I.N).<\/li>\n<\/ul>\n\n\n\n<p><strong>Ex membri:<\/strong><\/p>\n\n\n\n<ul class=\"wp-block-list\">\n<li><strong>Woojin<\/strong> \u2013 vero nome: Kim Woojin.<\/li>\n<\/ul>\n\n\n\n<hr class=\"wp-block-separator has-alpha-channel-opacity\"\/>\n\n\n\n<h4 class=\"wp-block-heading\" id=\"tomorrow-x-together-txt\"><strong>Tomorrow X Together (TXT)<\/strong><\/h4>\n\n\n\n<p>Il nome (che si pronuncia \"tomorrow by together\" e significa letteralmente \"domani da insieme\") si riferisce al modo in cui si sono uniti per costruire un domani migliore. Il loro nome \u00e8 comunemente abbreviato in TXT, acronimo del loro nome completo.<\/p>\n\n\n\n<p><strong>Membri:<\/strong><\/p>\n\n\n\n<ul class=\"wp-block-list\">\n<li><strong>Yeonjun<\/strong> \u2013 vero nome: Choi Yeonjun.<\/li>\n\n\n\n<li><strong>Soobin<\/strong> \u2013 vero nome: Choi Soobin.<\/li>\n\n\n\n<li><strong>Beomgyu<\/strong> \u2013 vero nome: Choi Beomgyu.<\/li>\n\n\n\n<li><strong>Taehyun<\/strong> \u2013 vero nome: Kang Taehyun.<\/li>\n\n\n\n<li><strong>Hueningkai<\/strong> \u2013 dal suo vero nome: Kai Kamal Huening.<\/li>\n<\/ul>\n\n\n\n<hr class=\"wp-block-separator has-alpha-channel-opacity\"\/>\n\n\n\n<h4 class=\"wp-block-heading\" id=\"twice\"><strong>Twice<\/strong><\/h4>\n\n\n\n<p>Il nome Twice (due volte) nasce dall'idea che il gruppo toccher\u00e0 il cuore dei fan due volte: una volta attraverso le orecchie e una volta attraverso gli occhi.<\/p>\n\n\n\n<p><strong>Membri:<\/strong><\/p>\n\n\n\n<ul class=\"wp-block-list\">\n<li><strong>Nayeon<\/strong> \u2013 vero nome: Im Nayeon.<\/li>\n\n\n\n<li><strong>Jeongyeon<\/strong> \u2013 nome legale: Yoo Jeongyeon. \u00c8 nata come Yoo Kyungwan, ma ha cambiato nome durante l'infanzia perch\u00e9 veniva presa in giro dato che il suo nome di nascita suonava troppo maschile.<\/li>\n\n\n\n<li><strong>Momo<\/strong> \u2013 vero nome: Hirai Momo.<\/li>\n\n\n\n<li><strong>Sana<\/strong> \u2013 vero nome: Minatozaki Sana.<\/li>\n\n\n\n<li><strong>Jihyo<\/strong> \u2013 nome legale: Park Jihyo. \u00c8 nata come Park Jisoo, ma ha cambiato nome prima del suo debutto per affermare un'identit\u00e0 unica, dato che Jisoo era gi\u00e0 un nome comune tra i cantanti coreani.<\/li>\n\n\n\n<li><strong>Mina<\/strong> \u2013 vero nome: Myoui Mina.<\/li>\n\n\n\n<li><strong>Dahyun<\/strong> \u2013 vero nome: Kim Dahyun.<\/li>\n\n\n\n<li><strong>Chaeyoung<\/strong> \u2013 vero nome: Son Chaeyoung.<\/li>\n\n\n\n<li><strong>Tzuyu<\/strong> \u2013 vero nome: Chou Tzuyu.<\/li>\n<\/ul>","protected":false},"excerpt":{"rendered":"<p>The unique names of many groups and artists is among the most distinctive and recognizable aspects of K-Pop, and it&#8217;s often a manifesto of what they want to represent. Some names are linked to a group&#8217;s philosophy or worldview, others represent their identity, while a few have been chosen simply because they&#8217;re fun and unforgettable. However, while many names are easy to understand, some might seem weird or perplexing, until you understand the real meaning behind them. Here you will find an explanation of the origin and meaning of the names of K-Pop groups and the stage names of K-Pop idols. This is a work in progress, and more artists will be added over time. The artists here reflect the ones included in the introductory guide to K-Pop groups. If you want to know the meaning of the names of more groups and soloists, check out the following articles. Artists are subdivided in the same way as they are in their respective introductory guides. The origin and meaning of the names of K-Pop girl groupsThe origin and meaning of the names of K-Pop boy groupsThe origin and meaning of the names of K-Pop co-ed groupsThe origin and meaning of the names of K-Pop female soloistsThe origin and meaning of the names of K-Pop male soloists aespa aespa comes from a combination of \u201c\u00e6\u201d, meaning \u201cAvatar X Experience\u201d, and \u201caspect\u201d. Overall, the name means that fans would be able to experience a new world through an avatar of themselves. Members: Blackpink A combination of &#8220;black&#8221; and &#8220;pink&#8221;, representing the two sides of the group. Pink portrays beauty and softness, while black represents strength and confidence. Members: BTS BTS is an acronym of the Korean phrase \ubc29\ud0c4\uc18c\ub144\ub2e8 (bangtan sonyeondan), meaning &#8220;Bulletproof Boy Scouts&#8221;. This name represents the group&#8217;s desire to block out stereotypes and expectations that aim at adolescents like bullets. In 2017 they added they announced that BTS would also stand for &#8220;Beyond the Scene&#8221;, representing the idea of growing from boys to adults while opening new doors. Members: Exo Exo is a shortening of &#8220;exoplanet&#8221;, a planet found outside the Solar System. Members: Former members: Itzy In Korean, Itzy is written as \uc788\uc9c0 (itji), which means &#8220;to have&#8221;. This represents the idea that they have everything the fans want. Members: Red Velvet The name represents the two images of the group, named &#8220;Red&#8221; and &#8220;Velvet&#8221;, which are reflected in their music. The &#8220;Red&#8221; side is vivid and vibrant, while the &#8220;Velvet&#8221; side is classy and mature. Members: Seventeen Derived by adding up 13 members + 3 teams + 1 group, representing how the 13 members are divided into three different teams and come together to form one group. Originally, Seventeen was meant to debut with 17 members, and even though plans changed, the name remained the same and got a new meaning. Members: Stray Kids The name originally referred to the the concept of being lost children who are chasing their dreams, and over time evolved to represent the idea of finding a way out of the ordinary. Members: Former members: Tomorrow X Together (TXT) The name (which is pronounced as &#8220;tomorrow by together&#8221;) refers to how they came together to build a better tomorrow. Their name is commonly abbreviated to TXT, an acronym of their full name. Members: Twice The name Twice comes from the idea that the group will touch the hearts of fans twice, once through the ears, and once through the eyes. Members:<\/p>","protected":false},"author":1,"featured_media":0,"parent":0,"menu_order":0,"comment_status":"closed","ping_status":"closed","template":"","meta":{"_editorskit_title_hidden":false,"_editorskit_reading_time":0,"_editorskit_is_block_options_detached":false,"_editorskit_block_options_position":"{}","om_disable_all_campaigns":false,"_uag_custom_page_level_css":"","advgb_blocks_editor_width":"","advgb_blocks_columns_visual_guide":"","_monsterinsights_skip_tracking":false,"_monsterinsights_sitenote_active":false,"_monsterinsights_sitenote_note":"","_monsterinsights_sitenote_category":0,"footnotes":""},"class_list":["post-12733","page","type-page","status-publish","hentry"],"aioseo_notices":[],"featured_image_src":null,"uagb_featured_image_src":{"full":false,"thumbnail":false,"medium":false,"medium_large":false,"large":false,"1536x1536":false,"2048x2048":false,"trp-custom-language-flag":false,"xs-thumb":false,"post-thumbnail":false,"minimalistblogger-grid":false,"minimalistblogger-slider":false,"minimalistblogger-small":false},"uagb_author_info":{"display_name":"Stefano Cammisa","author_link":"https:\/\/www.cosmundus.com\/it\/author\/stefano-cammisa\/"},"uagb_comment_info":0,"uagb_excerpt":"The unique names of many groups and artists is among the most distinctive and recognizable aspects of K-Pop, and it&#8217;s often a manifesto of what they want to represent. Some names are linked to a group&#8217;s philosophy or worldview, others represent their identity, while a few have been chosen simply because they&#8217;re fun and unforgettable.&hellip;","coauthors":[],"author_meta":{"author_link":"https:\/\/www.cosmundus.com\/it\/author\/stefano-cammisa\/","display_name":"Stefano Cammisa"},"relative_dates":{"created":"Pubblicato 3 mesi fa","modified":"Aggiornato 3 mesi fa"},"absolute_dates":{"created":"Pubblicato il 7 Febbraio 2026","modified":"Aggiornato il 9 Febbraio 2026"},"absolute_dates_time":{"created":"Pubblicato il 7 Febbraio 2026 8:41 pm","modified":"Aggiornato il 9 Febbraio 2026 3:36 pm"},"featured_img_caption":"","featured_img":false,"series_order":"","_links":{"self":[{"href":"https:\/\/www.cosmundus.com\/it\/wp-json\/wp\/v2\/pages\/12733","targetHints":{"allow":["GET"]}}],"collection":[{"href":"https:\/\/www.cosmundus.com\/it\/wp-json\/wp\/v2\/pages"}],"about":[{"href":"https:\/\/www.cosmundus.com\/it\/wp-json\/wp\/v2\/types\/page"}],"author":[{"embeddable":true,"href":"https:\/\/www.cosmundus.com\/it\/wp-json\/wp\/v2\/users\/1"}],"replies":[{"embeddable":true,"href":"https:\/\/www.cosmundus.com\/it\/wp-json\/wp\/v2\/comments?post=12733"}],"version-history":[{"count":69,"href":"https:\/\/www.cosmundus.com\/it\/wp-json\/wp\/v2\/pages\/12733\/revisions"}],"predecessor-version":[{"id":13152,"href":"https:\/\/www.cosmundus.com\/it\/wp-json\/wp\/v2\/pages\/12733\/revisions\/13152"}],"wp:attachment":[{"href":"https:\/\/www.cosmundus.com\/it\/wp-json\/wp\/v2\/media?parent=12733"}],"curies":[{"name":"wp","href":"https:\/\/api.w.org\/{rel}","templated":true}]}}