{"id":1254,"date":"2023-01-23T14:13:18","date_gmt":"2023-01-23T13:13:18","guid":{"rendered":"https:\/\/www.cosmundus.com\/?page_id=1254"},"modified":"2024-02-20T12:16:41","modified_gmt":"2024-02-20T11:16:41","slug":"san-polo","status":"publish","type":"page","link":"https:\/\/www.cosmundus.com\/it\/destinations\/venice\/san-polo\/","title":{"rendered":"Venezia \u2013 San Polo"},"content":{"rendered":"<p class=\"has-text-align-right\">&lt;&lt; <a href=\"https:\/\/www.cosmundus.com\/it\/destinations\/venice\/\" class=\"ek-link\">Venezia<\/a><\/p>\n\n\n\n<p class=\"translation-block\">San Polo \u00e8 il sestriere pi\u00f9 piccolo di Venezia. Si trova nel centro della citt\u00e0 ed \u00e8 stato abitato nell'Alto Medioevo, rendendolo uno dei quartieri pi\u00f9 antichi di Venezia. Tra le varie attrazioni degne di nota, \u00e8 famosa per i suoi mercati e l'elevato numero di bar e ristoranti tradizionali.<\/p>\n\n\n<div style=\"border: 1px solid #8ed1fc; border-radius: 0%; background-color: inherit; \" class=\"ub-styled-box ub-bordered-box wp-block-ub-styled-box\" id=\"ub-styled-box-d918e070-c6a0-4caf-9466-be6b38465319\">\n<p class=\"has-medium-font-size\" id=\"ub-styled-box-bordered-content-081e29a3-c7e1-4c27-b260-60ff1f304d81\">Posti da vedere a Venezia \u2013 San Polo<\/p>\n\n\n<div class=\"wp-block-aioseo-table-of-contents\"><ul><li><a class=\"aioseo-toc-item\" href=\"#rialto-bridge\">\u272a Ponte di Rialto<\/a><\/li><li><a class=\"aioseo-toc-item\" href=\"#basilica-of-santa-maria-gloriosa-dei-frari\">\u272a Basilica di Santa Maria Gloriosa dei Frari<\/a><\/li><li><a class=\"aioseo-toc-item\" href=\"#scuola-grande-di-san-rocco\">\u272a Scuola Grande di San Rocco<\/a><\/li><li><a class=\"aioseo-toc-item\" href=\"#church-of-san-rocco\">Chiesa di San Rocco<\/a><\/li><li><a class=\"aioseo-toc-item\" href=\"#scuola-grande-di-san-giovanni-evangelista\">Scuola Grande di San Giovanni Evangelista<\/a><\/li><li><a class=\"aioseo-toc-item\" href=\"#church-of-san-giacomo-di-rialto\">Chiesa di San Giacomo di Rialto<\/a><\/li><li><a class=\"aioseo-toc-item\" href=\"#rialto-market\">Mercato di Rialto<\/a><\/li><li><a class=\"aioseo-toc-item\" href=\"#church-of-san-polo\">Chiesa di San Polo<\/a><\/li><li><a class=\"aioseo-toc-item\" href=\"#house-of-carlo-goldoni\">Casa di Carlo Goldoni<\/a><\/li><\/ul><\/div>\n\n<\/div>\n\n\n<h4 class=\"wp-block-heading\" id=\"rialto-bridge\"><strong>\u272a Ponte di Rialto<\/strong><\/h4>\n\n\n\n<p class=\"translation-block\">Il pi\u00f9 famoso dei tanti ponti di Venezia \u00e8 il Ponte di Rialto, che collega i sestrieri di San Polo e <a href=\"https:\/\/www.cosmundus.com\/it\/destinations\/venice\/san-marco\/\" class=\"ek-link\" target=\"_self\">San Marco<\/a> attraversando il Canal Grande. \u00c8 anche il pi\u00f9 antico dei ponti che attraversano il principale corso d'acqua della citt\u00e0, con una storia che risale al tredicesimo secolo. L'attuale Ponte di Rialto fu eretto tra il 1588 e il 1591 ed \u00e8 oggi uno dei monumenti pi\u00f9 riconoscibili di Venezia.<\/p>\n\n\n\n<div class=\"wp-block-columns is-layout-flex wp-container-core-columns-is-layout-9d6595d7 wp-block-columns-is-layout-flex\">\n<div class=\"wp-block-column is-layout-flow wp-block-column-is-layout-flow\" style=\"flex-basis:85%\">\n<p>Indirizzo: Ponte di Rialto, Sestiere San Polo, 30125 Venezia VE<br>Coordinate: 45.4381, 12.3359<\/p>\n<\/div>\n\n\n\n<div class=\"wp-block-column is-layout-flow wp-block-column-is-layout-flow\" style=\"flex-basis:15%\">\n<p class=\"has-text-align-right\"><a href=\"https:\/\/goo.gl\/maps\/6YboV6hJQVKfA4UG7\" target=\"_blank\" aria-label=\"Google Maps (opens in a new tab)\" rel=\"noreferrer noopener\" class=\"ek-link\">Google Maps<\/a><\/p>\n<\/div>\n<\/div>\n\n\n<div class=\"wp-block-ub-divider ub_divider ub-divider-orientation-horizontal\" id=\"ub_divider_bbe33825-06e1-429c-ae62-e53e80591eb0\"><div class=\"ub_divider_wrapper\" style=\"position: relative; margin-bottom: 2px; width: 100%; height: 2px; \" data-divider-alignment=\"center\"><div class=\"ub_divider_line\" style=\"border-top: 2px solid #ccc; margin-top: 2px; \"><\/div><\/div><\/div>\n\n\n<h4 class=\"wp-block-heading\" id=\"basilica-of-santa-maria-gloriosa-dei-frari\"><strong>\u272a Basilica di Santa Maria Gloriosa dei Frari<\/strong><\/h4>\n\n\n\n<p>Anche nota come: I Frari<\/p>\n\n\n\n<p class=\"translation-block\">La Basilica di Santa Maria Gloriosa dei Frari, pi\u00f9 comunemente conosciuta solo come I Frari, \u00e8 una delle chiese pi\u00f9 grandi e importanti di Venezia. Costruita tra il 1250 e il 1338, \u00e8 tra le opere pi\u00f9 notevoli dell'architettura gotica della citt\u00e0. I Frari ospitano una grande quantit\u00e0 di opere d'arte, come l'incredibile pala d'altare dell'<em>Assunta<\/em> di Tiziano, e l'altrettanto notevole <em>Pala Pesaro<\/em>, entrambe tra le sue opere pi\u00f9 degne di nota. All'interno della chiesa si trovano anche numerosi monumenti funerari, il pi\u00f9 notevole dei quali \u00e8 il grande monumento dedicato ad Antonio Canova. Tra le tante altre personalit\u00e0 qui sepolte ci sono vari dogi, Tiziano, e il compositore Claudio Monteverdi.<\/p>\n\n\n\n<div class=\"wp-block-columns is-layout-flex wp-container-core-columns-is-layout-9d6595d7 wp-block-columns-is-layout-flex\">\n<div class=\"wp-block-column is-layout-flow wp-block-column-is-layout-flow\" style=\"flex-basis:85%\">\n<p>Indirizzo: San Polo, 3072, 30125 Venezia VE<br>Coordinate: 45.4370, 12.3266<\/p>\n<\/div>\n\n\n\n<div class=\"wp-block-column is-layout-flow wp-block-column-is-layout-flow\" style=\"flex-basis:15%\">\n<p class=\"has-text-align-right\"><a href=\"https:\/\/goo.gl\/maps\/1aLgQnyzpJF2Yot18\" target=\"_blank\" aria-label=\" (opens in a new tab)\" rel=\"noreferrer noopener\" class=\"ek-link\">Google Maps<\/a><\/p>\n<\/div>\n<\/div>\n\n\n<div class=\"wp-block-ub-divider ub_divider ub-divider-orientation-horizontal\" id=\"ub_divider_d97eca1b-e835-4543-bb07-50ae9c0a7ec9\"><div class=\"ub_divider_wrapper\" style=\"position: relative; margin-bottom: 2px; width: 100%; height: 2px; \" data-divider-alignment=\"center\"><div class=\"ub_divider_line\" style=\"border-top: 2px solid #ccc; margin-top: 2px; \"><\/div><\/div><\/div>\n\n\n<h4 class=\"wp-block-heading\" id=\"scuola-grande-di-san-rocco\"><strong>\u272a Scuola Grande di San Rocco<\/strong><\/h4>\n\n\n\n<p>La Scuola Grande di San Rocco \u00e8 un edificio  rinascimentale e sede di una confraternita eretto nel sedicesimo secolo, situato accanto alla Chiesa di San Rocco. Le sale del palazzo sono riccamente decorate e sono state abbellite da Tintoretto con numerosi notevoli dipinti che si collocano tra le sue opere migliori. La Scuola Grande di San Rocco ospita anche opere di altri artisti e un ricco tesoro con oggetti di diversi secoli e paesi.<\/p>\n\n\n\n<div class=\"wp-block-columns is-layout-flex wp-container-core-columns-is-layout-9d6595d7 wp-block-columns-is-layout-flex\">\n<div class=\"wp-block-column is-layout-flow wp-block-column-is-layout-flow\" style=\"flex-basis:85%\">\n<p>Indirizzo: San Polo, 3054, a, 30125 Venezia VE<br>Coordinate: 45.4367, 12.3254<\/p>\n<\/div>\n\n\n\n<div class=\"wp-block-column is-layout-flow wp-block-column-is-layout-flow\" style=\"flex-basis:15%\">\n<p class=\"has-text-align-right\"><a href=\"https:\/\/goo.gl\/maps\/4TZSTfJMNwPMhUVt5\" target=\"_blank\" aria-label=\" (opens in a new tab)\" rel=\"noreferrer noopener\" class=\"ek-link\">Google Maps<\/a><\/p>\n<\/div>\n<\/div>\n\n\n<div class=\"wp-block-ub-divider ub_divider ub-divider-orientation-horizontal\" id=\"ub_divider_420bf2b5-e317-4b17-8736-175b457e53b4\"><div class=\"ub_divider_wrapper\" style=\"position: relative; margin-bottom: 2px; width: 100%; height: 2px; \" data-divider-alignment=\"center\"><div class=\"ub_divider_line\" style=\"border-top: 2px solid #ccc; margin-top: 2px; \"><\/div><\/div><\/div>\n\n\n<h4 class=\"wp-block-heading\" id=\"church-of-san-rocco\"><strong>Chiesa di San Rocco<\/strong><\/h4>\n\n\n\n<p>La Chiesa di San Rocco sorge appena fuori dalla Scuola Grande di San Rocco. Originariamente costruita tra il 1489 e il 1508, l'attuale facciata risale al diciottesimo secolo ed \u00e8 ornata da statue e decorazioni. I ricchi interni presentano numerose opere d'arte, come un dipinto di Tintoretto.<\/p>\n\n\n\n<div class=\"wp-block-columns is-layout-flex wp-container-core-columns-is-layout-9d6595d7 wp-block-columns-is-layout-flex\">\n<div class=\"wp-block-column is-layout-flow wp-block-column-is-layout-flow\" style=\"flex-basis:85%\">\n<p>Indirizzo: Campo S. Rocco, 30125 Venezia VE<br>Coordinate: 45.4369, 12.3254<\/p>\n<\/div>\n\n\n\n<div class=\"wp-block-column is-layout-flow wp-block-column-is-layout-flow\" style=\"flex-basis:15%\">\n<p class=\"has-text-align-right\"><a href=\"https:\/\/goo.gl\/maps\/iECamELvYX6Mfb496\" target=\"_blank\" aria-label=\" (opens in a new tab)\" rel=\"noreferrer noopener\" class=\"ek-link\">Google Maps<\/a><\/p>\n<\/div>\n<\/div>\n\n\n<div class=\"wp-block-ub-divider ub_divider ub-divider-orientation-horizontal\" id=\"ub_divider_e4d27fd3-003f-42e6-8064-522b534bbb37\"><div class=\"ub_divider_wrapper\" style=\"position: relative; margin-bottom: 2px; width: 100%; height: 2px; \" data-divider-alignment=\"center\"><div class=\"ub_divider_line\" style=\"border-top: 2px solid #ccc; margin-top: 2px; \"><\/div><\/div><\/div>\n\n\n<h4 class=\"wp-block-heading\" id=\"scuola-grande-di-san-giovanni-evangelista\"><strong>Scuola Grande di San Giovanni Evangelista<\/strong><\/h4>\n\n\n\n<p class=\"translation-block\">La Scuola Grande di San Giovanni Evangelista \u00e8 la sede di una confraternita situato accanto alla <strong>Chiesa di San Giovanni Evangelista<\/strong>. Questa Scuola Grande ha molte sale riccamente decorate e ospita una serie di opere d'arte degne di nota di vari artisti del Rinascimento, nonch\u00e9 un reliquiario contenente pezzi della Vera Croce.<\/p>\n\n\n\n<div class=\"wp-block-columns is-layout-flex wp-container-core-columns-is-layout-9d6595d7 wp-block-columns-is-layout-flex\">\n<div class=\"wp-block-column is-layout-flow wp-block-column-is-layout-flow\" style=\"flex-basis:85%\">\n<p>Indirizzo: San Polo, 2454, 30125 Venezia VE<br>Coordinate: 45.4384, 12.3260<\/p>\n<\/div>\n\n\n\n<div class=\"wp-block-column is-layout-flow wp-block-column-is-layout-flow\" style=\"flex-basis:15%\">\n<p class=\"has-text-align-right\"><a href=\"https:\/\/goo.gl\/maps\/Ac8xXbze2aDa9yJ5A\" target=\"_blank\" aria-label=\" (opens in a new tab)\" rel=\"noreferrer noopener\" class=\"ek-link\">Google Maps<\/a><\/p>\n<\/div>\n<\/div>\n\n\n<div class=\"wp-block-ub-divider ub_divider ub-divider-orientation-horizontal\" id=\"ub_divider_2c2cdae3-4b09-432a-816d-93228e6115f4\"><div class=\"ub_divider_wrapper\" style=\"position: relative; margin-bottom: 2px; width: 100%; height: 2px; \" data-divider-alignment=\"center\"><div class=\"ub_divider_line\" style=\"border-top: 2px solid #ccc; margin-top: 2px; \"><\/div><\/div><\/div>\n\n\n<h4 class=\"wp-block-heading\" id=\"church-of-san-giacomo-di-rialto\"><strong>Chiesa di San Giacomo di Rialto<\/strong><\/h4>\n\n\n\n<p>La Chiesa di San Giacomo di Rialto si trova accanto al Ponte di Rialto e rivendica il titolo di chiesa pi\u00f9 antica di Venezia. Secondo la tradizione fu consacrata nel 421, all'epoca della fondazione della citt\u00e0. Sebbene sia stata probabilmente costruita pi\u00f9 tardi, \u00e8 comunque una chiesa notevole e particolare, caratterizzata da una facciata porticata, un campanile a vela e un grande orologio.<\/p>\n\n\n\n<div class=\"wp-block-columns is-layout-flex wp-container-core-columns-is-layout-9d6595d7 wp-block-columns-is-layout-flex\">\n<div class=\"wp-block-column is-layout-flow wp-block-column-is-layout-flow\" style=\"flex-basis:85%\">\n<p>Indirizzo: Campo S. Giacomo di Rialto, 30125 Venezia VE<br>Coordinate: 45.4385, 12.3355<\/p>\n<\/div>\n\n\n\n<div class=\"wp-block-column is-layout-flow wp-block-column-is-layout-flow\" style=\"flex-basis:15%\">\n<p class=\"has-text-align-right\"><a href=\"https:\/\/goo.gl\/maps\/82AVbdcE8QbdUW5GA\" target=\"_blank\" aria-label=\" (opens in a new tab)\" rel=\"noreferrer noopener\" class=\"ek-link\">Google Maps<\/a><\/p>\n<\/div>\n<\/div>\n\n\n<div class=\"wp-block-ub-divider ub_divider ub-divider-orientation-horizontal\" id=\"ub_divider_e315323a-8349-4766-9a5e-43e2cb7cb872\"><div class=\"ub_divider_wrapper\" style=\"position: relative; margin-bottom: 2px; width: 100%; height: 2px; \" data-divider-alignment=\"center\"><div class=\"ub_divider_line\" style=\"border-top: 2px solid #ccc; margin-top: 2px; \"><\/div><\/div><\/div>\n\n\n<h4 class=\"wp-block-heading\" id=\"rialto-market\"><strong><strong>Mercato di Rialto<\/strong><\/strong><\/h4>\n\n\n\n<p>Lo storico mercato di Venezia, situato nel sestiere di Rialto, \u00e8 stato per secoli una delle zone pi\u00f9 frequentate della citt\u00e0. Il mercato occupava una vasta area ed era suddiviso in diversi settori a seconda dei prodotti che vi si vendevano. Ora \u00e8 ancora attivo e conosciuto soprattutto per il suo vivace mercato del pesce.<\/p>\n\n\n\n<div class=\"wp-block-columns is-layout-flex wp-container-core-columns-is-layout-9d6595d7 wp-block-columns-is-layout-flex\">\n<div class=\"wp-block-column is-layout-flow wp-block-column-is-layout-flow\" style=\"flex-basis:85%\">\n<p>Indirizzo: Calle Prima de la Donzella, 306, 30125 Venezia VE<br>Coordinate: 45.4397, 12.3337<\/p>\n<\/div>\n\n\n\n<div class=\"wp-block-column is-layout-flow wp-block-column-is-layout-flow\" style=\"flex-basis:15%\">\n<p class=\"has-text-align-right\"><a href=\"https:\/\/goo.gl\/maps\/j2pHWCFUyTPy6y966\" target=\"_blank\" aria-label=\" (opens in a new tab)\" rel=\"noreferrer noopener\" class=\"ek-link\">Google Maps<\/a><\/p>\n<\/div>\n<\/div>\n\n\n<div class=\"wp-block-ub-divider ub_divider ub-divider-orientation-horizontal\" id=\"ub_divider_fd500275-7ad2-4e3f-97da-48a471b2b941\"><div class=\"ub_divider_wrapper\" style=\"position: relative; margin-bottom: 2px; width: 100%; height: 2px; \" data-divider-alignment=\"center\"><div class=\"ub_divider_line\" style=\"border-top: 2px solid #ccc; margin-top: 2px; \"><\/div><\/div><\/div>\n\n\n<h4 class=\"wp-block-heading\" id=\"church-of-san-polo\"><strong><strong>Chiesa di San Polo<\/strong><\/strong><\/h4>\n\n\n\n<p class=\"translation-block\">La Chiesa di San Polo \u00e8 una chiesa gotica del quindicesimo secolo eretta su un precedente edificio medievale. D\u00e0 il nome all'intero sestriere e a <strong>Campo San Polo<\/strong>, una delle piazze pi\u00f9 grandi di Venezia. Nella chiesa sono ospitate diverse opere d'arte, in particolare nel piccolo oratorio che ospita il ciclo pittorico della <em>Via Crucis<\/em> di Giovanni Domenico Tiepolo, figlio del pi\u00f9 celebre Giovanni Battista Tiepolo.<\/p>\n\n\n\n<div class=\"wp-block-columns is-layout-flex wp-container-core-columns-is-layout-9d6595d7 wp-block-columns-is-layout-flex\">\n<div class=\"wp-block-column is-layout-flow wp-block-column-is-layout-flow\" style=\"flex-basis:85%\">\n<p>Indirizzo: S. Polo, 2407, 30125 Venezia VE<br>Coordinate: 45.4372, 12.3297<\/p>\n<\/div>\n\n\n\n<div class=\"wp-block-column is-layout-flow wp-block-column-is-layout-flow\" style=\"flex-basis:15%\">\n<p class=\"has-text-align-right\"><a href=\"https:\/\/goo.gl\/maps\/7UtWz4YxASKK7p93A\" target=\"_blank\" aria-label=\" (opens in a new tab)\" rel=\"noreferrer noopener\" class=\"ek-link\">Google Maps<\/a><\/p>\n<\/div>\n<\/div>\n\n\n<div class=\"wp-block-ub-divider ub_divider ub-divider-orientation-horizontal\" id=\"ub_divider_696abfbe-c271-43cb-8a3e-82b3132f7e7b\"><div class=\"ub_divider_wrapper\" style=\"position: relative; margin-bottom: 2px; width: 100%; height: 2px; \" data-divider-alignment=\"center\"><div class=\"ub_divider_line\" style=\"border-top: 2px solid #ccc; margin-top: 2px; \"><\/div><\/div><\/div>\n\n\n<h4 class=\"wp-block-heading\" id=\"house-of-carlo-goldoni\"><strong><strong>Casa di Carlo Goldoni<\/strong><\/strong><\/h4>\n\n\n\n<p>Carlo Goldoni \u00e8 stato un drammaturgo del diciottesimo secolo considerato tra i pi\u00f9 influenti del suo tempo. Una delle sue residenze a Venezia, sua citt\u00e0 natale, \u00e8 stata ora trasformata in un museo che ospita mostre sulla sua vita e le sue opere, oltre ad un'esposizione sulla storia del teatro veneziano.<\/p>\n\n\n\n<div class=\"wp-block-columns is-layout-flex wp-container-core-columns-is-layout-9d6595d7 wp-block-columns-is-layout-flex\">\n<div class=\"wp-block-column is-layout-flow wp-block-column-is-layout-flow\" style=\"flex-basis:85%\">\n<p>Indirizzo: Rio Ter\u00e0 dei Nomboli, 2794, 30125 Venezia VE<br>Coordinate: 45.4362, 12.3283<\/p>\n<\/div>\n\n\n\n<div class=\"wp-block-column is-layout-flow wp-block-column-is-layout-flow\" style=\"flex-basis:15%\">\n<p class=\"has-text-align-right\"><a href=\"https:\/\/goo.gl\/maps\/awsuBAZUthUNoBFf8\" target=\"_blank\" aria-label=\" (opens in a new tab)\" rel=\"noreferrer noopener\" class=\"ek-link\">Google Maps<\/a><\/p>\n<\/div>\n<\/div>","protected":false},"excerpt":{"rendered":"<p>&lt;&lt; Venice San Polo is the smallest sestriere of Venice. It is located in the center of the city and it was settled in the Early Middle Ages, making it one of the oldest areas in Venice. Among various notable attractions, it is famous for its markets and the high number of traditional bars and restaurants. \u272a Rialto Bridge The most famous of the many bridges of Venice is the Rialto Bridge (Ponte di Rialto), that connects the sestrieri of San Polo and San Marco crossing the Grand Canal. It is also the oldest one of the bridges that span the city&#8217;s main waterway, with an history dating back to the 13th century. The current Rialto Bridge was erected between 1588 and 1591 and it is now one of the most recognizable landmarks in Venice. Address: Ponte di Rialto, Sestiere San Polo, 30125 Venezia VECoordinates: 45.4381, 12.3359 Google Maps \u272a Basilica of Santa Maria Gloriosa dei Frari Also known as: I Frari The Basilica of Santa Maria Gloriosa dei Frari, more commonly known just as I Frari, is one of the largest and most important churches in Venice. Built between 1250 and 1338, it is among the most remarkable pieces of Gothic architecture in the city. I Frari hosts a large amount of works of art, such as the incredible Assumption of the Virgin (Assunta) altarpiece by Titian, and the equally notable Pesaro Madonna (Pala Pesaro), both of which are among his most impressive works. Many funerary monuments are also located inside the church, the most notable of which is the large monument dedicated to Antonio Canova. Among the many other personalities buried here are various doges, Titian, and composer Claudio Monteverdi. Address: San Polo, 3072, 30125 Venezia VECoordinates: 45.4370, 12.3266 Google Maps \u272a Scuola Grande di San Rocco The Scuola Grande di San Rocco is a Renaissance confraternity building erected during the 16th century and located next to the Church of San Rocco. The halls of the building are richly decorated and have been adorned by Tintoretto with numerous impressive paintings which stand among his best works. The Scuola Grande di San Rocco also hosts works by other artists and a rich treasury with objects from different centuries and countries. Address: San Polo, 3054, a, 30125 Venezia VECoordinates: 45.4367, 12.3254 Google Maps Church of San Rocco The Church of San Rocco stands just outside the Scuola Grande di San Rocco. Originally built between 1489 and 1508, the current facade dates from the 18th century and it&#8217;s adorned with statues and decorations. The rich interiors feature numerous artworks, such as painting by Tintoretto. Address: Campo S. Rocco, 30125 Venezia VECoordinates: 45.4369, 12.3254 Google Maps Scuola Grande di San Giovanni Evangelista The Scuola Grande di San Giovanni Evangelista is a confraternity building located next to the Church of San Giovanni Evangelista. This Scuola Grande has many richly decorated halls and hosts a number of impressive artworks by various Renaissance artists as well as a reliquary with relics of the True Cross. Address: San Polo, 2454, 30125 Venezia VECoordinates: 45.4384, 12.3260 Google Maps Church of San Giacomo di Rialto The Church of San Giacomo di Rialto is located next to the Rialto Bridge and it claims to be the oldest church in Venice. According to tradition, it was consecrated in 421, at the time of the founding of the city. Although it was likely built later than that, it is still a remarkable and peculiar church, featuring a facade with a portico, a bell-gable and a large clock. Address: Campo S. Giacomo di Rialto, 30125 Venezia VECoordinates: 45.4385, 12.3355 Google Maps Rialto Market The historic marketplace of Venice, located in the neighbourhood of Rialto, has been for centuries one of the busiest parts of the city. The market used to occupy a large area and it was divided into different sectors according to what products were sold there. Now it is still active and mostly known for its lively fish market. Address: Calle Prima de la Donzella, 306, 30125 Venezia VECoordinates: 45.4397, 12.3337 Google Maps Church of San Polo The Church of San Polo is a 15th-century Gothic church erected over a previous medieval building. It gives the name to the entire sestriere and to Campo San Polo, one of the largest squares in Venice. Various artworks are hosted in the church, most notably in the small oratory that houses the series of paintings of the Via Crucis by Giovanni Domenico Tiepolo, son of the more famous Giovanni Battista Tiepolo. Address: S. Polo, 2407, 30125 Venezia VECoordinates: 45.4372, 12.3297 Google Maps House of Carlo Goldoni Carlo Goldoni was an 18th-century playwright considered among the most influential ones of its time. One of his residences in Venice, his hometown, has now been turned into a museum that hosts exhibitions on his life and works, as well as showcasing the history of Venetian theater. Address: Rio Ter\u00e0 dei Nomboli, 2794, 30125 Venezia VECoordinates: 45.4362, 12.3283 Google Maps<\/p>","protected":false},"author":1,"featured_media":0,"parent":1240,"menu_order":0,"comment_status":"closed","ping_status":"closed","template":"","meta":{"_editorskit_title_hidden":false,"_editorskit_reading_time":3,"_editorskit_is_block_options_detached":false,"_editorskit_block_options_position":"{}","om_disable_all_campaigns":false,"_uag_custom_page_level_css":"","advgb_blocks_editor_width":"","advgb_blocks_columns_visual_guide":"","_monsterinsights_skip_tracking":false,"_monsterinsights_sitenote_active":false,"_monsterinsights_sitenote_note":"","_monsterinsights_sitenote_category":0,"footnotes":""},"class_list":["post-1254","page","type-page","status-publish","hentry"],"aioseo_notices":[],"featured_image_src":null,"uagb_featured_image_src":{"full":false,"thumbnail":false,"medium":false,"medium_large":false,"large":false,"1536x1536":false,"2048x2048":false,"trp-custom-language-flag":false,"xs-thumb":false,"post-thumbnail":false,"minimalistblogger-grid":false,"minimalistblogger-slider":false,"minimalistblogger-small":false},"uagb_author_info":{"display_name":"Stefano Cammisa","author_link":"https:\/\/www.cosmundus.com\/it\/author\/stefano-cammisa\/"},"uagb_comment_info":0,"uagb_excerpt":"&lt;&lt; Venice San Polo is the smallest sestriere of Venice. It is located in the center of the city and it was settled in the Early Middle Ages, making it one of the oldest areas in Venice. Among various notable attractions, it is famous for its markets and the high number of traditional bars and&hellip;","coauthors":[],"author_meta":{"author_link":"https:\/\/www.cosmundus.com\/it\/author\/stefano-cammisa\/","display_name":"Stefano Cammisa"},"relative_dates":{"created":"Pubblicato 3 anni fa","modified":"Aggiornato 2 anni fa"},"absolute_dates":{"created":"Pubblicato il 23 Gennaio 2023","modified":"Aggiornato il 20 Febbraio 2024"},"absolute_dates_time":{"created":"Pubblicato il 23 Gennaio 2023 2:13 pm","modified":"Aggiornato il 20 Febbraio 2024 12:16 pm"},"featured_img_caption":"","featured_img":false,"series_order":"","_links":{"self":[{"href":"https:\/\/www.cosmundus.com\/it\/wp-json\/wp\/v2\/pages\/1254","targetHints":{"allow":["GET"]}}],"collection":[{"href":"https:\/\/www.cosmundus.com\/it\/wp-json\/wp\/v2\/pages"}],"about":[{"href":"https:\/\/www.cosmundus.com\/it\/wp-json\/wp\/v2\/types\/page"}],"author":[{"embeddable":true,"href":"https:\/\/www.cosmundus.com\/it\/wp-json\/wp\/v2\/users\/1"}],"replies":[{"embeddable":true,"href":"https:\/\/www.cosmundus.com\/it\/wp-json\/wp\/v2\/comments?post=1254"}],"version-history":[{"count":17,"href":"https:\/\/www.cosmundus.com\/it\/wp-json\/wp\/v2\/pages\/1254\/revisions"}],"predecessor-version":[{"id":9146,"href":"https:\/\/www.cosmundus.com\/it\/wp-json\/wp\/v2\/pages\/1254\/revisions\/9146"}],"up":[{"embeddable":true,"href":"https:\/\/www.cosmundus.com\/it\/wp-json\/wp\/v2\/pages\/1240"}],"wp:attachment":[{"href":"https:\/\/www.cosmundus.com\/it\/wp-json\/wp\/v2\/media?parent=1254"}],"curies":[{"name":"wp","href":"https:\/\/api.w.org\/{rel}","templated":true}]}}