{"id":1247,"date":"2022-12-07T16:55:25","date_gmt":"2022-12-07T15:55:25","guid":{"rendered":"https:\/\/www.cosmundus.com\/?page_id=1247"},"modified":"2024-02-20T12:08:09","modified_gmt":"2024-02-20T11:08:09","slug":"cannaregio","status":"publish","type":"page","link":"https:\/\/www.cosmundus.com\/it\/destinations\/venice\/cannaregio\/","title":{"rendered":"Venezia \u2013 Cannaregio"},"content":{"rendered":"<p class=\"has-text-align-right\">&lt;&lt; <a href=\"https:\/\/www.cosmundus.com\/it\/destinations\/venice\/\" class=\"ek-link\">Venezia<\/a><\/p>\n\n\n\n<p class=\"translation-block\">Cannaregio \u00e8 il sestriere pi\u00f9 settentrionale di Venezia, ed \u00e8 collegato alla terraferma tramite la stazione ferroviaria di Venezia Santa Lucia. Questa parte della citt\u00e0 \u00e8 pi\u00f9 tranquilla e meno orientata al turismo, ma ospita comunque chiese, musei e varie altre attrazioni che meritano una visita.<\/p>\n\n\n<div style=\"border: 1px solid #8ed1fc; border-radius: 0%; background-color: inherit; \" class=\"ub-styled-box ub-bordered-box wp-block-ub-styled-box\" id=\"ub-styled-box-c643ed8b-d544-4b24-8c61-389c0182d987\">\n<p class=\"has-medium-font-size\" id=\"ub-styled-box-bordered-content-a450ce39-4941-4fed-a61e-a658670b60de\">Posti da vedere a Venezia \u2013 Cannaregio<\/p>\n\n\n<div class=\"wp-block-aioseo-table-of-contents\"><ul><li><a class=\"aioseo-toc-item\" href=\"#ghetto\">\u272a Ghetto<\/a><\/li><li><a class=\"aioseo-toc-item\" href=\"#ca-doro\">Ca&#8217; d&#8217;Oro<\/a><\/li><li><a class=\"aioseo-toc-item\" href=\"#church-of-santa-maria-dei-miracoli\">Chiesa di Santa Maria dei Miracoli<\/a><\/li><li><a class=\"aioseo-toc-item\" href=\"#church-of-the-scalzi\">Chiesa degli Scalzi<\/a><\/li><li><a class=\"aioseo-toc-item\" href=\"#church-of-san-geremia\">Chiesa di San Geremia<\/a><\/li><li><a class=\"aioseo-toc-item\" href=\"#church-of-santalvise\">Chiesa di Sant\u2019Alvise<\/a><\/li><li><a class=\"aioseo-toc-item\" href=\"#church-of-madonna-dellorto\">Chiesa della Madonna dell\u2019Orto<\/a><\/li><li><a class=\"aioseo-toc-item\" href=\"#church-of-the-gesuiti\">Chiesa dei Gesuiti<\/a><\/li><li><a class=\"aioseo-toc-item\" href=\"#ca-vendramin-calergi\">Ca&#8217; Vendramin Calergi<\/a><\/li><\/ul><\/div>\n\n<\/div>\n\n\n<h4 class=\"wp-block-heading\" id=\"ghetto\"><strong>\u272a Ghetto<\/strong><\/h4>\n\n\n\n<p class=\"translation-block\">Il Ghetto Ebraico di Venezia \u00e8 una vasta area di Cannaregio in cui gli ebrei furono segregati per secoli a partire dal 1516. Ancora oggi \u00e8 il centro della comunit\u00e0 ebraica della citt\u00e0 e ospita diverse attrazioni. La storia del Ghetto e degli ebrei a Venezia \u00e8 esposta nel <strong>Museo Ebraico di Venezia<\/strong>, che presenta una ricca collezione di libri e altri oggetti. Le cinque sinagoghe storiche della citt\u00e0 costruite nel sedicesimo secolo si trovano tutte nelle vicinanze. La <strong>Scola Grande Tedesca<\/strong>, la <strong>Scola Canton<\/strong> e la <strong>Scola Italiana<\/strong> si trovano nel <strong>Ghetto Nuovo<\/strong>, di fronte alla stessa piazza del museo, mentre la <strong>Scola Levantina<\/strong> e la <strong>Scola Spagnola<\/strong> si trovano nell'area pi\u00f9 antica del <strong>Ghetto Vecchio<\/strong>. Vicino al museo si trova anche il <strong>Banco Rosso<\/strong>, il banco dei pegni pi\u00f9 antico di Venezia.<\/p>\n\n\n\n<div class=\"wp-block-columns is-layout-flex wp-container-core-columns-is-layout-9d6595d7 wp-block-columns-is-layout-flex\">\n<div class=\"wp-block-column is-layout-flow wp-block-column-is-layout-flow\" style=\"flex-basis:85%\">\n<p>Indirizzo: Cl. Ghetto Vecchio, 1139, 30121 Venezia VE<br>Coordinate: 45.4443, 12.3253<\/p>\n<\/div>\n\n\n\n<div class=\"wp-block-column is-layout-flow wp-block-column-is-layout-flow\" style=\"flex-basis:15%\">\n<p class=\"has-text-align-right\"><a href=\"https:\/\/goo.gl\/maps\/EXpbjTwo4XWVfty26\" target=\"_blank\" aria-label=\"Google Maps (opens in a new tab)\" rel=\"noreferrer noopener\" class=\"ek-link\">Google Maps<\/a><\/p>\n<\/div>\n<\/div>\n\n\n<div class=\"wp-block-ub-divider ub_divider ub-divider-orientation-horizontal\" id=\"ub_divider_680ffd45-0a02-4c6b-aaaf-d9eaf065b0a4\"><div class=\"ub_divider_wrapper\" style=\"position: relative; margin-bottom: 2px; width: 100%; height: 2px; \" data-divider-alignment=\"center\"><div class=\"ub_divider_line\" style=\"border-top: 2px solid #ccc; margin-top: 2px; \"><\/div><\/div><\/div>\n\n\n<h4 class=\"wp-block-heading\" id=\"ca-doro\"><strong><strong>Ca&#8217; d&#8217;Oro<\/strong><\/strong><\/h4>\n\n\n\n<p class=\"translation-block\">La Ca\u2019 d\u2019Oro \u00e8 un capolavoro dell'architettura gotica del quindicesimo secolo e uno dei palazzi pi\u00f9 elaborati ed emblematici tra quelli che si affacciano sul Canal Grande di Venezia. Le sue sale riccamente decorate ospitano la <strong>Galleria Giorgio Franchetti alla Ca d'Oro<\/strong>, un museo che ospita una collezione di bronzi, statue, medaglie, dipinti e altre opere d'arte che attraversano diversi secoli.<\/p>\n\n\n\n<div class=\"wp-block-columns is-layout-flex wp-container-core-columns-is-layout-9d6595d7 wp-block-columns-is-layout-flex\">\n<div class=\"wp-block-column is-layout-flow wp-block-column-is-layout-flow\" style=\"flex-basis:85%\">\n<p>Indirizzo: Calle Ca\u2019 d\u2019Oro, 3934, 30121 Venezia VE<br>Coordinate: 45.4409, 12.3339<\/p>\n<\/div>\n\n\n\n<div class=\"wp-block-column is-layout-flow wp-block-column-is-layout-flow\" style=\"flex-basis:15%\">\n<p class=\"has-text-align-right\"><a href=\"https:\/\/goo.gl\/maps\/b2ae2u6VmpYeppCDA\" target=\"_blank\" aria-label=\" (opens in a new tab)\" rel=\"noreferrer noopener\" class=\"ek-link\">Google Maps<\/a><\/p>\n<\/div>\n<\/div>\n\n\n<div class=\"wp-block-ub-divider ub_divider ub-divider-orientation-horizontal\" id=\"ub_divider_79cd5d92-cde3-4de5-9ea9-1acab425b17f\"><div class=\"ub_divider_wrapper\" style=\"position: relative; margin-bottom: 2px; width: 100%; height: 2px; \" data-divider-alignment=\"center\"><div class=\"ub_divider_line\" style=\"border-top: 2px solid #ccc; margin-top: 2px; \"><\/div><\/div><\/div>\n\n\n<h4 class=\"wp-block-heading\" id=\"church-of-santa-maria-dei-miracoli\"><strong><strong>Chiesa di Santa Maria dei Miracoli<\/strong><\/strong><\/h4>\n\n\n\n<p>La Chiesa di Santa Maria dei Miracoli fu costruita tra il 1481 e il 1489 ed \u00e8 uno dei primi esempi di arte rinascimentale a Venezia. La facciata di questa chiesa \u00e8 molto peculiare, ma il vero capolavoro \u00e8 la bellissima volta, dominata dalle decorazioni in marmi policromi che ornano tutte le pareti.<\/p>\n\n\n\n<div class=\"wp-block-columns is-layout-flex wp-container-core-columns-is-layout-9d6595d7 wp-block-columns-is-layout-flex\">\n<div class=\"wp-block-column is-layout-flow wp-block-column-is-layout-flow\" style=\"flex-basis:85%\">\n<p>Indirizzo: Campiello dei Miracoli, 30121 Venezia VE<br>Coordinate: 45.4394, 12.3392<\/p>\n<\/div>\n\n\n\n<div class=\"wp-block-column is-layout-flow wp-block-column-is-layout-flow\" style=\"flex-basis:15%\">\n<p class=\"has-text-align-right\"><a href=\"https:\/\/goo.gl\/maps\/eYS7KDdqwbYj7GRs7\" target=\"_blank\" aria-label=\" (opens in a new tab)\" rel=\"noreferrer noopener\" class=\"ek-link\">Google Maps<\/a><\/p>\n<\/div>\n<\/div>\n\n\n<div class=\"wp-block-ub-divider ub_divider ub-divider-orientation-horizontal\" id=\"ub_divider_bc669af3-305c-4acd-9c6f-ddd0682f3f59\"><div class=\"ub_divider_wrapper\" style=\"position: relative; margin-bottom: 2px; width: 100%; height: 2px; \" data-divider-alignment=\"center\"><div class=\"ub_divider_line\" style=\"border-top: 2px solid #ccc; margin-top: 2px; \"><\/div><\/div><\/div>\n\n\n<h4 class=\"wp-block-heading\" id=\"church-of-the-scalzi\"><strong><strong>Chiesa degli Scalzi<\/strong><\/strong><\/h4>\n\n\n\n<p class=\"has-text-align-left\">Anche nota come: Chiesa di Santa Maria di Nazareth<\/p>\n\n\n\n<p>La Chiesa degli Scalzi si trova accanto alla stazione ferroviaria di Venezia Santa Lucia e fu eretta tra il 1672 e il 1680 con una facciata barocca molto elaborata progettata da Baldassarre Longhena. L'interno \u00e8 ancora pi\u00f9 splendido, ricco di magnifiche decorazioni, dipinti e sculture. La chiesa fu gravemente danneggiata durante la prima guerra mondiale e alcuni degli affreschi originali di Tiepolo furono distrutti e riparati dopo la fine della guerra. Dietro la chiesa si trova un bel giardino noto come <strong>Giardino Mistico<\/strong>.<\/p>\n\n\n\n<div class=\"wp-block-columns is-layout-flex wp-container-core-columns-is-layout-9d6595d7 wp-block-columns-is-layout-flex\">\n<div class=\"wp-block-column is-layout-flow wp-block-column-is-layout-flow\" style=\"flex-basis:85%\">\n<p>Indirizzo: Cannaregio, 54, 30121 Venezia VE<br>Coordinate: 45.4413, 12.3221<\/p>\n<\/div>\n\n\n\n<div class=\"wp-block-column is-layout-flow wp-block-column-is-layout-flow\" style=\"flex-basis:15%\">\n<p class=\"has-text-align-right\"><a href=\"https:\/\/goo.gl\/maps\/GZnifjhiZN24oj5t7\" target=\"_blank\" aria-label=\"Google Maps (opens in a new tab)\" rel=\"noreferrer noopener\" class=\"ek-link\">Google Maps<\/a><\/p>\n<\/div>\n<\/div>\n\n\n<div class=\"wp-block-ub-divider ub_divider ub-divider-orientation-horizontal\" id=\"ub_divider_c25899db-e95b-400e-8f53-f207cefbe7dd\"><div class=\"ub_divider_wrapper\" style=\"position: relative; margin-bottom: 2px; width: 100%; height: 2px; \" data-divider-alignment=\"center\"><div class=\"ub_divider_line\" style=\"border-top: 2px solid #ccc; margin-top: 2px; \"><\/div><\/div><\/div>\n\n\n<h4 class=\"wp-block-heading\" id=\"church-of-san-geremia\"><strong><strong>Chiesa di San Geremia<\/strong><\/strong><\/h4>\n\n\n\n<p class=\"has-text-align-left\">Anche nota come: Santuario di Santa Lucia<\/p>\n\n\n\n<p>La Chiesa di San Geremia \u00e8 una chiesa medievale pi\u00f9 volte ricostruita nel corso dei secoli. Tra le varie opere d'arte, ospita le reliquie di Santa Lucia, una delle sante pi\u00f9 venerate della cristianit\u00e0. Queste reliquie si trovavano originariamente a Siracusa, citt\u00e0 natale della santa, prima di essere trafugate e portate a Costantinopoli dai Bizantini. Quando i Veneziani saccheggiarono la citt\u00e0 nel 1204, presero le reliquie e le deposero nella Chiesa di Santa Lucia. Questa chiesa fu in seguito demolita e il corpo fu traslato nella sua attuale sede nella Chiesa di San Geremia, oggi nota anche come Santuario di Santa Lucia.<\/p>\n\n\n\n<div class=\"wp-block-columns is-layout-flex wp-container-core-columns-is-layout-9d6595d7 wp-block-columns-is-layout-flex\">\n<div class=\"wp-block-column is-layout-flow wp-block-column-is-layout-flow\" style=\"flex-basis:85%\">\n<p>Indirizzo: Campo San Geremia, 334, 30121 Venezia VE<br>Coordinate: 45.4427, 12.3254<\/p>\n<\/div>\n\n\n\n<div class=\"wp-block-column is-layout-flow wp-block-column-is-layout-flow\" style=\"flex-basis:15%\">\n<p class=\"has-text-align-right\"><a href=\"https:\/\/goo.gl\/maps\/RoRSoynGT5Msqm518\" target=\"_blank\" aria-label=\" (opens in a new tab)\" rel=\"noreferrer noopener\" class=\"ek-link\">Google Maps<\/a><\/p>\n<\/div>\n<\/div>\n\n\n<div class=\"wp-block-ub-divider ub_divider ub-divider-orientation-horizontal\" id=\"ub_divider_ab67a8fd-ae58-4ab8-9f11-7904734e2788\"><div class=\"ub_divider_wrapper\" style=\"position: relative; margin-bottom: 2px; width: 100%; height: 2px; \" data-divider-alignment=\"center\"><div class=\"ub_divider_line\" style=\"border-top: 2px solid #ccc; margin-top: 2px; \"><\/div><\/div><\/div>\n\n\n<h4 class=\"wp-block-heading\" id=\"church-of-santalvise\"><strong><strong>Chiesa di Sant\u2019Alvise<\/strong><\/strong><\/h4>\n\n\n\n<p>La Chiesa di Sant'Alvise \u00e8 una chiesa gotica del quattordicesimo secolo con una facciata in mattoni molto semplice che contrasta con gli interni estremamente elaborati. All'interno, la chiesa presenta ricche decorazioni seicentesche, la pi\u00f9 notevole delle quali \u00e8 l'intricato affresco del soffitto.<\/p>\n\n\n\n<div class=\"wp-block-columns is-layout-flex wp-container-core-columns-is-layout-9d6595d7 wp-block-columns-is-layout-flex\">\n<div class=\"wp-block-column is-layout-flow wp-block-column-is-layout-flow\" style=\"flex-basis:85%\">\n<p>Indirizzo: Campo Sant\u2019Alvise, 3205, 30121 Venezia VE<br>Coordinate: 45.4474, 12.3291<\/p>\n<\/div>\n\n\n\n<div class=\"wp-block-column is-layout-flow wp-block-column-is-layout-flow\" style=\"flex-basis:15%\">\n<p class=\"has-text-align-right\"><a href=\"https:\/\/goo.gl\/maps\/XnUV9B1NeKeCxGuV6\" target=\"_blank\" aria-label=\" (opens in a new tab)\" rel=\"noreferrer noopener\" class=\"ek-link\">Google Maps<\/a><\/p>\n<\/div>\n<\/div>\n\n\n<div class=\"wp-block-ub-divider ub_divider ub-divider-orientation-horizontal\" id=\"ub_divider_af54247d-660a-4293-a5b2-e911561de077\"><div class=\"ub_divider_wrapper\" style=\"position: relative; margin-bottom: 2px; width: 100%; height: 2px; \" data-divider-alignment=\"center\"><div class=\"ub_divider_line\" style=\"border-top: 2px solid #ccc; margin-top: 2px; \"><\/div><\/div><\/div>\n\n\n<h4 class=\"wp-block-heading\" id=\"church-of-madonna-dellorto\"><strong><strong>Chiesa della Madonna dell\u2019Orto<\/strong><\/strong><\/h4>\n\n\n\n<p>La Chiesa della Madonna dell'Orto \u00e8 una chiesa gotica costruita nel quattordicesimo secolo. Si distingue soprattutto per ospitare la tomba di Tintoretto, tra vari dipinti dell'artista e numerose altre interessanti opere d'arte ed elaborati monumenti.<\/p>\n\n\n\n<div class=\"wp-block-columns is-layout-flex wp-container-core-columns-is-layout-9d6595d7 wp-block-columns-is-layout-flex\">\n<div class=\"wp-block-column is-layout-flow wp-block-column-is-layout-flow\" style=\"flex-basis:85%\">\n<p>Indirizzo: Cannareggio, 3512, 30121 Venezia VE<br>Coordinate: 45.4465, 12.3325<\/p>\n<\/div>\n\n\n\n<div class=\"wp-block-column is-layout-flow wp-block-column-is-layout-flow\" style=\"flex-basis:15%\">\n<p class=\"has-text-align-right\"><a href=\"https:\/\/goo.gl\/maps\/nk8zuLHx33T7yccm8\" target=\"_blank\" aria-label=\" (opens in a new tab)\" rel=\"noreferrer noopener\" class=\"ek-link\">Google Maps<\/a><\/p>\n<\/div>\n<\/div>\n\n\n<div class=\"wp-block-ub-divider ub_divider ub-divider-orientation-horizontal\" id=\"ub_divider_ec894931-3b81-40bc-ae48-f2c589a17e60\"><div class=\"ub_divider_wrapper\" style=\"position: relative; margin-bottom: 2px; width: 100%; height: 2px; \" data-divider-alignment=\"center\"><div class=\"ub_divider_line\" style=\"border-top: 2px solid #ccc; margin-top: 2px; \"><\/div><\/div><\/div>\n\n\n<h4 class=\"wp-block-heading\" id=\"church-of-the-gesuiti\"><strong><strong>Chiesa dei Gesuiti<\/strong><\/strong><\/h4>\n\n\n\n<p>Anche nota come: Chiesa di Santa Maria Assunta<\/p>\n\n\n\n<p>La Chiesa dei Gesuiti fu costruita tra il 1715 e il 1729 ed \u00e8 uno dei pi\u00f9 notevoli esempi di arte rococ\u00f2 a Venezia. Presenta una facciata barocca ornata di statue, ma le vere opere d'arte mozzafiato sono all'interno della chiesa. Gli interni sono tutti riccamente decorati da cima a fondo con sculture elaborate, monumenti, affreschi e varie altre decorazioni che culminano in un altare estremamente complesso.<\/p>\n\n\n\n<div class=\"wp-block-columns is-layout-flex wp-container-core-columns-is-layout-9d6595d7 wp-block-columns-is-layout-flex\">\n<div class=\"wp-block-column is-layout-flow wp-block-column-is-layout-flow\" style=\"flex-basis:85%\">\n<p>Indirizzo: Salizada dei Spechieri, 4877, 30121 Venezia VE<br>Coordinate: 45.4434, 12.3388<\/p>\n<\/div>\n\n\n\n<div class=\"wp-block-column is-layout-flow wp-block-column-is-layout-flow\" style=\"flex-basis:15%\">\n<p class=\"has-text-align-right\"><a href=\"https:\/\/goo.gl\/maps\/nzip8R4vceWSdAH17\" target=\"_blank\" aria-label=\" (opens in a new tab)\" rel=\"noreferrer noopener\" class=\"ek-link\">Google Maps<\/a><\/p>\n<\/div>\n<\/div>\n\n\n<div class=\"wp-block-ub-divider ub_divider ub-divider-orientation-horizontal\" id=\"ub_divider_2db7ee67-988d-41f1-8d6d-0ef1a447facb\"><div class=\"ub_divider_wrapper\" style=\"position: relative; margin-bottom: 2px; width: 100%; height: 2px; \" data-divider-alignment=\"center\"><div class=\"ub_divider_line\" style=\"border-top: 2px solid #ccc; margin-top: 2px; \"><\/div><\/div><\/div>\n\n\n<h4 class=\"wp-block-heading\" id=\"ca-vendramin-calergi\"><strong><strong>Ca&#8217; Vendramin Calergi<\/strong><\/strong><\/h4>\n\n\n\n<p class=\"translation-block\">Ca' Vendramin Calergi \u00e8 un elaborato palazzo rinascimentale affacciato sul Canal Grande di Venezia e costruito tra il 1481 e il 1509. Questo \u00e8 il luogo in cui Richard Wagner mor\u00ec nel 1883 e ora ospita il <strong>Museo Wagner<\/strong>, una mostra dedicata al compositore. Il piano superiore ospita invece il <strong>Casin\u00f2 di Venezia<\/strong>.<\/p>\n\n\n\n<div class=\"wp-block-columns is-layout-flex wp-container-core-columns-is-layout-9d6595d7 wp-block-columns-is-layout-flex\">\n<div class=\"wp-block-column is-layout-flow wp-block-column-is-layout-flow\" style=\"flex-basis:85%\">\n<p>Indirizzo: Cannaregio, 2040, 30121 Venezia VE<br>Coordinate: 45.4425, 12.3297<\/p>\n<\/div>\n\n\n\n<div class=\"wp-block-column is-layout-flow wp-block-column-is-layout-flow\" style=\"flex-basis:15%\">\n<p class=\"has-text-align-right\"><a href=\"https:\/\/goo.gl\/maps\/5GBm38hPryUfGqDr5\" target=\"_blank\" aria-label=\" (opens in a new tab)\" rel=\"noreferrer noopener\" class=\"ek-link\">Google Maps<\/a><\/p>\n<\/div>\n<\/div>","protected":false},"excerpt":{"rendered":"<p>&lt;&lt; Venice Cannaregio is the northernmost sestriere of Venice, and it is connected to the mainland via the railway station of Venezia Santa Lucia. This part of the city is quieter and less oriented toward tourism, but still hosts churches, museums, and various other attractions worth a visit. \u272a Ghetto The Jewish Ghetto of Venice is a large area of Cannaregio in which Jews were segregated for centuries starting in 1516. Today it is still the center of the Jewish community in the city and it hosts various attractions. The history of the Ghetto and Jews in Venice is showcased in the Jewish Museum of Venice (Museo Ebraico di Venezia), which features a rich collection of books and objects. The five historic synagogues of the city built during the 16th century are all located nearby. The Great German Synagogue (Scola Grande Tedesca), the Canton Synagogue (Scola Canton), and the Italian Synagogue (Scola Italiana) are in the Ghetto Nuovo, facing the same square as the museum, while the Levantine Synagogue (Scola Levantina), and the Spanish Synagogue (Scola Spagnola) are situated in the older area of the Ghetto Vecchio. Also close the museum is the Banco Rosso, the oldest pawn shop in Venice. Address: Cl. Ghetto Vecchio, 1139, 30121 Venezia VECoordinates: 45.4443, 12.3253 Google Maps Ca&#8217; d&#8217;Oro Ca&#8217; d&#8217;Oro is a masterpiece of Gothic architecture from the 15th century and one of the most elaborate and iconic palaces facing the Grand Canal of Venice. Its richly adorned halls host the Galleria Giorgio Franchetti alla Ca&#8217; d&#8217;Oro, a museum hosting a collection of bronzes, statues, medals, paintings, and other artworks spanning several centuries. Address: Calle Ca&#8217; d&#8217;Oro, 3934, 30121 Venezia VECoordinates: 45.4409, 12.3339 Google Maps Church of Santa Maria dei Miracoli The Church of Santa Maria dei Miracoli was built between 1481 and 1489 and it is one of the earliest examples of Renaissance art in Venice. The facade of this church is very peculiar, but the true masterpiece here is the beautiful vaulted, dominated by the polychrome marble decorations that adorn all the walls. Address: Campiello dei Miracoli, 30121 Venezia VECoordinates: 45.4394, 12.3392 Google Maps Church of the Scalzi Also known as: Church of Santa Maria di Nazareth The Church of the Scalzi is located next to the Venezia Santa Lucia railway station and it was erected between 1672 and 1680 with a really elaborate Baroque facade designed by Baldassarre Longhena. The interior is even more splendid, filled with magnificent decorations, paintings, and sculptures. The church was badly damaged during World War, and some of the original frescoes by Tiepolo were destroyed and repaired after the end of the war. Behind the church there is a nice garden known as Giardino Mistico. Address: Cannaregio, 54, 30121 Venezia VECoordinates: 45.4413, 12.3221 Google Maps Church of San Geremia Also known as: Sanctuary of Santa Lucia The Church of San Geremia is a medieval church that was rebuilt several times over the centuries. Among various artworks, it hosts the relics of Saint Lucy, one of the most venerated saints in Christianity. These relics were originally in Syracuse, birthplace of the saint, before being stolen and brought to Costantinople by the Byzantines. When the Venetians sacked the city in 1204, they took the relics and placed them in the Church of Santa Lucia. This church was later demolished and the body was moved to its current place in the Church of San Geremia, now known also as Sanctuary of Santa Lucia. Address: Campo San Geremia, 334, 30121 Venezia VECoordinates: 45.4427, 12.3254 Google Maps Church of Sant&#8217;Alvise The Church of Sant&#8217;Alvise is a 14th-century Gothic church with a very simple brick facade that contrasts with the extremely elaborate interiors. Inside, the church features rich 17th-century decorations, the most notable of which is the intricate ceiling fresco. Address: Campo Sant&#8217;Alvise, 3205, 30121 Venezia VECoordinates: 45.4474, 12.3291 Google Maps Church of Madonna dell&#8217;Orto The Church of Madonna dell&#8217;Orto is a Gothic church built during the 14th century. It is mostly notable for hosting the tomb of Tintoretto, among various paintings by the artist and numerous other interesting artworks and elaborate monuments. Address: Cannareggio, 3512, 30121 Venezia VECoordinates: 45.4465, 12.3325 Google Maps Church of the Gesuiti Also known as: Church of Santa Maria Assunta The Church of the Gesuiti was built between 1715 and 1729 and it is one of the most remarkable examples of Rococo art in Venice. It features a Baroque facade adorned with statues, but the true breathtaking artworks are inside the church. The interiors are all lavishly decorated top to bottom with elaborate sculptures, monuments, frescoes, and various other decorations that culminate in the extremely intricate altar. Address: Salizada dei Spechieri, 4877, 30121 Venezia VECoordinates: 45.4434, 12.3388 Google Maps Ca&#8217; Vendramin Calergi Ca&#8217; Vendramin Calergi is an elaborate Renaissance palace facing the Grand Canal of Venice and built between 1481 and 1509. This was the place where Richard Wagner died in 1883 and now it hosts the Wagner Museum, an exhibition dedicated to the composer. Meanwhile, the upper floor houses the Venice Casino. Address: Cannaregio, 2040, 30121 Venezia VECoordinates: 45.4425, 12.3297 Google Maps<\/p>","protected":false},"author":1,"featured_media":0,"parent":1240,"menu_order":0,"comment_status":"closed","ping_status":"closed","template":"","meta":{"_editorskit_title_hidden":false,"_editorskit_reading_time":3,"_editorskit_is_block_options_detached":false,"_editorskit_block_options_position":"{}","om_disable_all_campaigns":false,"_uag_custom_page_level_css":"","advgb_blocks_editor_width":"","advgb_blocks_columns_visual_guide":"","_monsterinsights_skip_tracking":false,"_monsterinsights_sitenote_active":false,"_monsterinsights_sitenote_note":"","_monsterinsights_sitenote_category":0,"footnotes":""},"class_list":["post-1247","page","type-page","status-publish","hentry"],"aioseo_notices":[],"featured_image_src":null,"uagb_featured_image_src":{"full":false,"thumbnail":false,"medium":false,"medium_large":false,"large":false,"1536x1536":false,"2048x2048":false,"trp-custom-language-flag":false,"xs-thumb":false,"post-thumbnail":false,"minimalistblogger-grid":false,"minimalistblogger-slider":false,"minimalistblogger-small":false},"uagb_author_info":{"display_name":"Stefano Cammisa","author_link":"https:\/\/www.cosmundus.com\/it\/author\/stefano-cammisa\/"},"uagb_comment_info":0,"uagb_excerpt":"&lt;&lt; Venice Cannaregio is the northernmost sestriere of Venice, and it is connected to the mainland via the railway station of Venezia Santa Lucia. This part of the city is quieter and less oriented toward tourism, but still hosts churches, museums, and various other attractions worth a visit. \u272a Ghetto The Jewish Ghetto of Venice&hellip;","coauthors":[],"author_meta":{"author_link":"https:\/\/www.cosmundus.com\/it\/author\/stefano-cammisa\/","display_name":"Stefano Cammisa"},"relative_dates":{"created":"Pubblicato 3 anni fa","modified":"Aggiornato 2 anni fa"},"absolute_dates":{"created":"Pubblicato il 7 Dicembre 2022","modified":"Aggiornato il 20 Febbraio 2024"},"absolute_dates_time":{"created":"Pubblicato il 7 Dicembre 2022 4:55 pm","modified":"Aggiornato il 20 Febbraio 2024 12:08 pm"},"featured_img_caption":"","featured_img":false,"series_order":"","_links":{"self":[{"href":"https:\/\/www.cosmundus.com\/it\/wp-json\/wp\/v2\/pages\/1247","targetHints":{"allow":["GET"]}}],"collection":[{"href":"https:\/\/www.cosmundus.com\/it\/wp-json\/wp\/v2\/pages"}],"about":[{"href":"https:\/\/www.cosmundus.com\/it\/wp-json\/wp\/v2\/types\/page"}],"author":[{"embeddable":true,"href":"https:\/\/www.cosmundus.com\/it\/wp-json\/wp\/v2\/users\/1"}],"replies":[{"embeddable":true,"href":"https:\/\/www.cosmundus.com\/it\/wp-json\/wp\/v2\/comments?post=1247"}],"version-history":[{"count":20,"href":"https:\/\/www.cosmundus.com\/it\/wp-json\/wp\/v2\/pages\/1247\/revisions"}],"predecessor-version":[{"id":9138,"href":"https:\/\/www.cosmundus.com\/it\/wp-json\/wp\/v2\/pages\/1247\/revisions\/9138"}],"up":[{"embeddable":true,"href":"https:\/\/www.cosmundus.com\/it\/wp-json\/wp\/v2\/pages\/1240"}],"wp:attachment":[{"href":"https:\/\/www.cosmundus.com\/it\/wp-json\/wp\/v2\/media?parent=1247"}],"curies":[{"name":"wp","href":"https:\/\/api.w.org\/{rel}","templated":true}]}}