{"id":12445,"date":"2026-02-02T13:44:13","date_gmt":"2026-02-02T12:44:13","guid":{"rendered":"https:\/\/www.cosmundus.com\/?page_id=12445"},"modified":"2026-02-18T12:33:28","modified_gmt":"2026-02-18T11:33:28","slug":"co-ed-groups","status":"publish","type":"page","link":"https:\/\/www.cosmundus.com\/it\/kpop-groups-explained\/co-ed-groups\/","title":{"rendered":"Una semplice guida introduttiva al K-Pop per principianti: gruppi misti spiegati"},"content":{"rendered":"<p class=\"has-text-align-right\">&lt;&lt;&nbsp;<a href=\"https:\/\/www.cosmundus.com\/it\/kpop-groups-explained\/\" title=\"\">Gruppi K-Pop spiegati: una semplice guida introduttiva per principianti<\/a><\/p>\n\n\n\n<p class=\"translation-block\">Questa \u00e8 un'estensione della precedente guida introduttiva ai gruppi K-Pop, che puoi leggere <a href=\"https:\/\/www.cosmundus.com\/it\/kpop-groups-explained\/\" title=\"\" target=\"_self\">qui<\/a>. Lo stesso formato verr\u00e0 utilizzato in questa guida, che presenter\u00e0 altri artisti, concentrandosi sui gruppi misti (gruppi che hanno come membri sia uomini che donne). Si tratta di un lavoro in corso, e altri artisti verranno aggiunti nel tempo. Tutti gli artisti sono elencati in ordine alfabetico.<\/p>\n\n\n\n<p>Vedi anche:<br><a href=\"https:\/\/www.cosmundus.com\/it\/kpop-groups-explained\/girl-groups\/\">Introduzione ai gruppi femminili K-Pop<\/a><br><a href=\"https:\/\/www.cosmundus.com\/it\/kpop-groups-explained\/boy-groups\/\">Introduzione ai gruppi maschili K-Pop<\/a><br><a href=\"https:\/\/www.cosmundus.com\/it\/kpop-groups-explained\/female-soloists\/\">Introduzione alle soliste femminili K-Pop<\/a><br><a href=\"https:\/\/www.cosmundus.com\/it\/kpop-groups-explained\/male-soloists\/\">Introduzione ai solisti maschili K-Pop<\/a><\/p>\n\n\n\n<p>Se vuoi sapere da dove provengono i nomi di questi artisti e il loro significato, leggi questo: <a href=\"https:\/\/www.cosmundus.com\/it\/origin-of-k-pop-names\/co-ed-groups\/\">L'origine e il significato dei nomi dei gruppi misti K-Pop<\/a>.<\/p>\n\n\n<div style=\"border: 1px solid #8ed1fc; border-radius: 0%; background-color: inherit; \" class=\"ub-styled-box ub-bordered-box wp-block-ub-styled-box\" id=\"ub-styled-box-670a8317-03bf-4abf-90c9-92ac1f676b75\">\n<p class=\"has-medium-font-size\" id=\"ub-styled-box-bordered-content-427ccd0f-2f04-4033-9642-066a2c646fc9\">Lista di artisti<\/p>\n\n\n<div class=\"wp-block-aioseo-table-of-contents\"><ul><li><a class=\"aioseo-toc-item\" href=\"#akmu\">AKMU<\/a><\/li><li><a class=\"aioseo-toc-item\" href=\"#kard\">Kard<\/a><\/li><\/ul><\/div>\n\n<\/div>\n\n\n<h2 class=\"wp-block-heading advgb-dyn-f056090d\" id=\"akmu\">AKMU<\/h2>\n\n\n\n<p><strong>Nome precedente:<\/strong> Akdong Musician (2014-2019)<br><strong>Compagnia:<\/strong> YG Entertainment (2014-2025), Fountain of Inspiration (2026-oggi)<br><strong>Debutto:<\/strong> 2014<br><strong>Membri:<\/strong> Lee Chanhyuk, Lee Suhyun<br><strong>Fandom:<\/strong> Akkademy<\/p>\n\n\n\n<p><strong>Introduzione:<\/strong><br>Gli AKMU sono tutt'altro che un tipico gruppo K-Pop, dato che il duo di fratello e sorella Lee Chanhyuk e Lee Suhyun si \u00e8 spinto oltre i confini ordinari del genere fin dal loro debutto. Piuttosto che brani ispirati alla danza e coreografie complesse, sono caratterizzati da calore acustico, testi letterari e una scrittura musicale che fonde diversi generi. Il duo scrive, compone e arrangia la propria musica, e sono stati universalmente elogiati e considerati geni musicali fin da quando erano solo adolescenti. Il loro suono fonde pop acustico, folk, jazz, soft rock e narrazione sperimentale, spesso costruita attorno alla scrittura introspettiva di Chanhyuk e alla voce espressiva di Suhyun. Incentrando la loro musica sulla narrazione piuttosto che sullo spettacolo, le canzoni degli AKMU esplorano spesso temi come la giovinezza, la fiducia, la solitudine, la famiglia e le silenziose complessit\u00e0 della vita quotidiana. Allo stesso tempo, le loro esibizioni sono intime, i loro video musicali sono spesso minimalisti o simbolici e la loro identit\u00e0 artistica \u00e8 radicata nella sincerit\u00e0, il che li rende molto coinvolgenti.<\/p>\n\n\n\n<div class=\"wp-block-columns tight-stack8 is-layout-flex wp-container-core-columns-is-layout-9d6595d7 wp-block-columns-is-layout-flex\">\n<div class=\"wp-block-column is-layout-flow wp-block-column-is-layout-flow\">\n<p class=\"tight-stack3 advgb-dyn-b94743fd\"><strong>Canzoni da provare:<\/strong><\/p>\n\n\n\n<ul class=\"wp-block-list has-16-font-size\">\n<li class=\"advgb-dyn-d2ddf6af\">\u201c200%\u201d<\/li>\n\n\n\n<li class=\"has-16-font-size advgb-dyn-e0a4bf8f\">\u201cDinosaur\u201d<\/li>\n\n\n\n<li class=\"has-16-font-size advgb-dyn-4681782d\">\u201cHow Can I Love the Heartbreak, You&#8217;re the One I Love\u201d<\/li>\n<\/ul>\n\n\n\n<p><strong>Album da provare:<\/strong><br><em><em>Sailing<\/em><\/em> (2019)<\/p>\n<\/div>\n\n\n\n<div class=\"wp-block-column is-layout-flow wp-block-column-is-layout-flow\">\n<p class=\"tight-stack3\"><strong>Vai pi\u00f9 a fondo:<\/strong><br>Se vuoi approfondire, ascolta queste canzoni<\/p>\n\n\n\n<ul class=\"wp-block-list\">\n<li>\u201cGive Love\u201d<\/li>\n\n\n\n<li>\u201cRe-Bye\u201d<\/li>\n\n\n\n<li>\u201cNakka\u201d (with <a href=\"https:\/\/www.cosmundus.com\/it\/kpop-groups-explained\/female-soloists\/#iu\" title=\"\">IU<\/a>)<\/li>\n\n\n\n<li>\u201cLove Lee\u201d<\/li>\n\n\n\n<li>\u201cFry&#8217;s Dream\u201d<\/li>\n<\/ul>\n<\/div>\n<\/div>\n\n\n\n<p><strong>Listen to AKMU if you like:<\/strong><br>Pop acustico con elementi jazz, folk e pop-rock, armonie calde e testi introspettivi e poetici.<\/p>\n\n\n\n<hr class=\"wp-block-separator has-alpha-channel-opacity\"\/>\n\n\n\n<h2 class=\"wp-block-heading advgb-dyn-81cd82d9\" id=\"kard\">Kard<\/h2>\n\n\n\n<p><strong>Compagnia:<\/strong> DSP Media<br><strong>Debutto:<\/strong> 2017<br><strong>Membri:<\/strong> J.Seph, BM, Somin, Jiwoo<br><strong>Fandom:<\/strong> Hidden Kard<\/p>\n\n\n\n<p><strong>Introduzione:<\/strong><br>In un momento in cui i gruppi misti faticavano a ottenere un minimo di riconoscimento nel mondo del K-Pop, i Kard arrivarono come una ventata di aria fresca, infrangendo gli stereotipi e riuscendo dove molti altri avevano fallito. Con due uomini e due donne, i Kard hanno una dinamica unica nel settore, e questo si riflette nella loro musica, che \u00e8 immediatamente riconoscibile. Il loro suono attinge ampiamente al pop latino, all'EDM e all'hip-hop, creando uno stile ritmico accattivante che rimane facilmente fissato in testa. Dopo aver iniziato il loro progetto di pre-debutto alla fine del 2016, il gruppo ha debuttato ufficialmente pochi mesi dopo, raccogliendo rapidamente un ampio seguito internazionale, soprattutto in America Latina. Sfoggiando uno stile completamente diverso da quello degli altri artisti coreani dell'epoca, i Kard sono diventati immediatamente l'emblema del genere tropical house nel K-Pop, sebbene in seguito abbiano ampliato la loro gamma. Nel frattempo, l'interazione tra voci maschili e femminili, le linee rap incisive e le coreografie equilibrate li hanno fatti risaltare ancora di pi\u00f9.<\/p>\n\n\n\n<div class=\"wp-block-columns tight-stack8 is-layout-flex wp-container-core-columns-is-layout-9d6595d7 wp-block-columns-is-layout-flex\">\n<div class=\"wp-block-column is-layout-flow wp-block-column-is-layout-flow\">\n<p class=\"tight-stack3 advgb-dyn-b94743fd\"><strong>Canzoni da provare:<\/strong><\/p>\n\n\n\n<ul class=\"wp-block-list has-16-font-size\">\n<li class=\"advgb-dyn-7614db86\">\u201cOh NaNa\u201d (feat. Hur Young-ji)<\/li>\n\n\n\n<li class=\"has-16-font-size advgb-dyn-01093ad5\">\u201cDon&#8217;t Recall\u201d<\/li>\n\n\n\n<li class=\"has-16-font-size advgb-dyn-da283725\">\u201cBomb Bomb\u201d<\/li>\n<\/ul>\n\n\n\n<p><strong>Album da provare:<\/strong><br><em><em>You &amp; Me<\/em><\/em> (2017)<\/p>\n<\/div>\n\n\n\n<div class=\"wp-block-column is-layout-flow wp-block-column-is-layout-flow\">\n<p class=\"tight-stack3\"><strong>Vai pi\u00f9 a fondo:<\/strong><br>Se vuoi approfondire, ascolta queste canzoni<\/p>\n\n\n\n<ul class=\"wp-block-list\">\n<li>\u201cRumor\u201d<\/li>\n\n\n\n<li>\u201cHola Hola\u201d<\/li>\n\n\n\n<li>\u201cRide on the Wind\u201d<\/li>\n\n\n\n<li>\u201cDumb Litty\u201d<\/li>\n\n\n\n<li>\u201cRing the Alarm\u201d<\/li>\n<\/ul>\n<\/div>\n<\/div>\n\n\n\n<p><strong>Ascolta i Kard se ti piacciono:<\/strong><br>Pop di ispirazione latina, tropical house, EDM ritmica con influenze reggaeton, e musica dal suono audace e internazionale.<\/p>","protected":false},"excerpt":{"rendered":"<p>&lt;&lt;&nbsp;K\u2011Pop groups explained: a simple starter guide for beginners This is an extension of the earlier introductory guide to K-Pop groups, which you can read about here. The same format will be used in this guide, which will introduce additional artists, focusing on co-ed groups (groups with both male and female members). This is a work in progress, and more artists will be added over time. All artists are listed in alphabetical order. See also:Introduction to K-Pop girl groupsIntroduction to K-Pop boy groupsIntroduction to K-Pop female soloistsIntroduction to K-Pop male soloists If you want to know where the names of these artists come from and their meaning, read this: The origin and meaning of the names of K-Pop co-ed groups. AKMU Former name: Akdong Musician (2014-2019)Company: YG Entertainment (2014-2025), Fountain of Inspiration (2026-present)Debut: 2014Members: Lee Chanhyuk, Lee SuhyunFandom: Akkademy Introduction:AKMU is anything but a typical K-Pop group, as the duo of siblings Lee Chanhyuk and Lee Suhyun has stood beyond the ordinary boundaries of the genre since their debut. Rather than dance-inspired tracks and complex choreographies, they are defined by acoustic warmth, literary lyricism, and genre\u2011fluid songwriting. The duo writes, composes, and arranges their own music, and they were universally praised and regarded as musical geniuses since they were just teenagers. Their sound blends acoustic pop, folk, jazz, soft rock, and experimental storytelling, often built around Chanhyuk\u2019s introspective writing and Suhyun\u2019s expressive vocals. Centering their music on narrative rather than spectacle, AKMU&#8217;s songs often explore themes like youth, faith, loneliness, family, and the quiet complexities of everyday life. Meanwhile their performances are intimate, their music videos are often minimalistic or symbolic, and their artistic identity is rooted in sincerity, which makes them feel very relatable. Songs to try: Album to try:Sailing (2019) Dig deeper:If you want to explore more, listen to these songs Listen to AKMU if you like:Acoustic pop with elements of jazz, folk, and pop-rock, warm harmonies, and introspective songwriting with poetic lyrics. Kard Company: DSP MediaDebut: 2017Members: J.Seph, BM, Somin, JiwooFandom: Hidden Kard Introduction:At a time when co-ed groups struggled to get any recognition in the K-Pop world, Kard came in like a breath of fresh air, breaking stereotypes and succeeding where many others had failed. With two male members and two female members, Kard has a dynamic that&#8217;s unlike anything else in the industry, and this is reflected in their music, which is instantly recognizable. Their sound draws heavily from Latin pop, EDM, and hip\u2011hop, creating a catchy rhythmic style that easily gets stuck in your head. After starting their pre-debut project in late 2016, the group made their official debut a few months later, quickly gathering a large international following, especially in Latin America. Showing off a style completely different from what other Korean artists were doing at the time, Kard istantly became the emblem of the tropical house genre in K-Pop, although they later expanded their range. Meanwhile, the interplay between male and female vocals, the strong rap lines, and the balanced choreographies made them stand out even more. Songs to try: Album to try:You &amp; Me (2017) Dig deeper:If you want to explore more, listen to these songs Listen to Kard if you like:Latin\u2011inspired pop, tropical house, rhythmic EDM with reggaeton influences, and music with a bold and international sound.<\/p>","protected":false},"author":1,"featured_media":0,"parent":12368,"menu_order":0,"comment_status":"closed","ping_status":"closed","template":"","meta":{"_editorskit_title_hidden":false,"_editorskit_reading_time":0,"_editorskit_is_block_options_detached":false,"_editorskit_block_options_position":"{}","om_disable_all_campaigns":false,"_uag_custom_page_level_css":"","advgb_blocks_editor_width":"","advgb_blocks_columns_visual_guide":"","_monsterinsights_skip_tracking":false,"_monsterinsights_sitenote_active":false,"_monsterinsights_sitenote_note":"","_monsterinsights_sitenote_category":0,"footnotes":""},"class_list":["post-12445","page","type-page","status-publish","hentry"],"aioseo_notices":[],"featured_image_src":null,"uagb_featured_image_src":{"full":false,"thumbnail":false,"medium":false,"medium_large":false,"large":false,"1536x1536":false,"2048x2048":false,"trp-custom-language-flag":false,"xs-thumb":false,"post-thumbnail":false,"minimalistblogger-grid":false,"minimalistblogger-slider":false,"minimalistblogger-small":false},"uagb_author_info":{"display_name":"Stefano Cammisa","author_link":"https:\/\/www.cosmundus.com\/it\/author\/stefano-cammisa\/"},"uagb_comment_info":0,"uagb_excerpt":"&lt;&lt;&nbsp;K\u2011Pop groups explained: a simple starter guide for beginners This is an extension of the earlier introductory guide to K-Pop groups, which you can read about here. The same format will be used in this guide, which will introduce additional artists, focusing on co-ed groups (groups with both male and female members). This is a&hellip;","coauthors":[],"author_meta":{"author_link":"https:\/\/www.cosmundus.com\/it\/author\/stefano-cammisa\/","display_name":"Stefano Cammisa"},"relative_dates":{"created":"Pubblicato 3 mesi fa","modified":"Aggiornato 2 mesi fa"},"absolute_dates":{"created":"Pubblicato il 2 Febbraio 2026","modified":"Aggiornato il 18 Febbraio 2026"},"absolute_dates_time":{"created":"Pubblicato il 2 Febbraio 2026 1:44 pm","modified":"Aggiornato il 18 Febbraio 2026 12:33 pm"},"featured_img_caption":"","featured_img":false,"series_order":"","_links":{"self":[{"href":"https:\/\/www.cosmundus.com\/it\/wp-json\/wp\/v2\/pages\/12445","targetHints":{"allow":["GET"]}}],"collection":[{"href":"https:\/\/www.cosmundus.com\/it\/wp-json\/wp\/v2\/pages"}],"about":[{"href":"https:\/\/www.cosmundus.com\/it\/wp-json\/wp\/v2\/types\/page"}],"author":[{"embeddable":true,"href":"https:\/\/www.cosmundus.com\/it\/wp-json\/wp\/v2\/users\/1"}],"replies":[{"embeddable":true,"href":"https:\/\/www.cosmundus.com\/it\/wp-json\/wp\/v2\/comments?post=12445"}],"version-history":[{"count":13,"href":"https:\/\/www.cosmundus.com\/it\/wp-json\/wp\/v2\/pages\/12445\/revisions"}],"predecessor-version":[{"id":13236,"href":"https:\/\/www.cosmundus.com\/it\/wp-json\/wp\/v2\/pages\/12445\/revisions\/13236"}],"up":[{"embeddable":true,"href":"https:\/\/www.cosmundus.com\/it\/wp-json\/wp\/v2\/pages\/12368"}],"wp:attachment":[{"href":"https:\/\/www.cosmundus.com\/it\/wp-json\/wp\/v2\/media?parent=12445"}],"curies":[{"name":"wp","href":"https:\/\/api.w.org\/{rel}","templated":true}]}}