{"id":1240,"date":"2022-12-07T16:51:24","date_gmt":"2022-12-07T15:51:24","guid":{"rendered":"https:\/\/www.cosmundus.com\/?page_id=1240"},"modified":"2023-03-17T20:12:42","modified_gmt":"2023-03-17T19:12:42","slug":"venice","status":"publish","type":"page","link":"https:\/\/www.cosmundus.com\/it\/destinations\/venice\/","title":{"rendered":"Venezia"},"content":{"rendered":"<p class=\"has-text-align-right\">&lt;&lt; <a href=\"https:\/\/www.cosmundus.com\/it\/atlas\/europe\/southern-europe\/italy\/northeast-italy\/veneto\/\" class=\"ek-link\">Veneto<\/a><\/p>\n\n\n\n<p class=\"translation-block\">Venezia \u00e8 unica, ed \u00e8 giustamente considerata tra le citt\u00e0 pi\u00f9 belle del mondo. Situata al centro della <a href=\"https:\/\/www.cosmundus.com\/it\/destinations\/venetian-lagoon\/\" class=\"ek-link\" target=\"_self\">Laguna di Venezia<\/a>, si trova su un gruppo di isolotti separati da canali e collegati tra loro da ponti. La citt\u00e0 fu fondata da gente in fuga dalle invasioni germaniche e unne della terraferma durante gli ultimi decenni dell'Impero Romano d'Occidente, e divenne importante prima sotto il dominio bizantino e poi come stato indipendente. A partire dal nono secolo e durante l'Alto Medioevo, i domini di Venezia si estesero nelle regioni circostanti e in tutto il Mediterraneo orientale, facendo della citt\u00e0 una delle pi\u00f9 ricche del mondo, capitale di una fiorente repubblica marinara. Durante questo periodo, Venezia non era solo il centro del commercio europeo, ma anche uno dei suoi pi\u00f9 importanti centri artistici e culturali. Quando le principali rotte commerciali europee si spostarono fuori dal Mediterraneo, l'importanza di Venezia sulla scena mondiale diminu\u00ec, ma rimase per secoli un notevole centro culturale e politico. La Repubblica di Venezia cadde nel 1797 dopo l'invasione napoleonica, e la regione fu successivamente governata dall'Austria prima di entrare a far parte dell'Italia nel 1866. Venezia \u00e8 oggi una delle mete turistiche pi\u00f9 popolari al mondo ed \u00e8 famosa anche per il suo Carnevale, la mostra d'arte della Biennale e la Mostra del Cinema di Venezia. Passeggiando per le calli si notano molte chiese e palazzi riccamente decorati, pieni di opere d'arte incredibili e avvolti da un fascino particolare e un'atmosfera romantica.<\/p>\n\n\n\n<h3 class=\"wp-block-heading\">Suddivisioni di Venezia<\/h3>\n\n\n\n<ul class=\"wp-block-list\">\n<li><a href=\"https:\/\/www.cosmundus.com\/it\/destinations\/venice\/cannaregio\/\" class=\"ek-link\">Cannaregio<\/a><\/li>\n\n\n\n<li><a href=\"https:\/\/www.cosmundus.com\/it\/destinations\/venice\/castello\/\" class=\"ek-link\">Castello<\/a><\/li>\n\n\n\n<li><a href=\"https:\/\/www.cosmundus.com\/it\/destinations\/venice\/dorsoduro\/\" class=\"ek-link\">Dorsoduro<\/a><\/li>\n\n\n\n<li><a href=\"https:\/\/www.cosmundus.com\/it\/destinations\/venice\/san-marco\/\" class=\"ek-link\">San Marco<\/a><\/li>\n\n\n\n<li><a href=\"https:\/\/www.cosmundus.com\/it\/destinations\/venice\/san-polo\/\" class=\"ek-link\">San Polo<\/a><\/li>\n\n\n\n<li><a href=\"https:\/\/www.cosmundus.com\/it\/destinations\/venice\/santa-croce\/\" class=\"ek-link\">Santa Croce<\/a><\/li>\n<\/ul>\n\n\n\n<div style=\"height:20px\" aria-hidden=\"true\" class=\"wp-block-spacer\"><\/div>\n\n\n\n<h4 class=\"has-text-align-center wp-block-heading\"><strong>Mappa di Venezia<\/strong><\/h4>\n\n\n\n<figure class=\"wp-block-image size-large\"><a href=\"https:\/\/www.cosmundus.com\/wp-content\/uploads\/2023\/03\/Venice.png\"><img fetchpriority=\"high\" decoding=\"async\" width=\"1024\" height=\"537\" src=\"https:\/\/www.cosmundus.com\/wp-content\/uploads\/2023\/03\/Venice-1024x537.png\" alt=\"\" class=\"wp-image-3956\" srcset=\"https:\/\/www.cosmundus.com\/wp-content\/uploads\/2023\/03\/Venice-1024x537.png 1024w, https:\/\/www.cosmundus.com\/wp-content\/uploads\/2023\/03\/Venice-300x157.png 300w, https:\/\/www.cosmundus.com\/wp-content\/uploads\/2023\/03\/Venice-768x403.png 768w, https:\/\/www.cosmundus.com\/wp-content\/uploads\/2023\/03\/Venice-18x9.png 18w, https:\/\/www.cosmundus.com\/wp-content\/uploads\/2023\/03\/Venice-850x446.png 850w, https:\/\/www.cosmundus.com\/wp-content\/uploads\/2023\/03\/Venice.png 1507w\" sizes=\"(max-width: 1024px) 100vw, 1024px\" \/><\/a><\/figure>","protected":false},"excerpt":{"rendered":"<p>&lt;&lt; Veneto Venice (Venezia) is unique and rightfully ranks among the most beautiful cities in the world. Located in the middle of the Venetian Lagoon, it is built on a group of small islands separated by canals and connected with each other by bridges. The city was founded by people fleeing from the Germanic and Huns invasions of the mainland during the last decades of the Western Roman Empire, and it grew to prominence first under the Byzantine rule and then as an independent state. Since the 9th century and during the Late Middle Ages, the domains of Venice expanded throughout the surrounding regions and all the Eastern Mediterranean, making the city one of the richest ones in the world, as capital of a flourishing maritime republic. During this time, Venice was not only the center of European commerce, but also one of its most important hubs of art and culture. With the main European trading routes moving away from the Mediterranean, the importance of Venice on the world stage declined, but it remained a major cultural and political center for centuries. The Republic of Venice fell to Napoleon in 1797 and the region was later ruled by Austria before becoming part of Italy in 1866. Venice is now one of the most popular tourist destinations in the world and it is also famous for its Carnival, the Biennale art exhibition, and the Venice Film Festival. Walking through the narrow streets reveals many richly adorned churches and palaces filled with impressive artworks, and enveloped in a peculiar charm and a romantic atmosphere. Subdivisions of Venice Map of Venice<\/p>","protected":false},"author":1,"featured_media":0,"parent":932,"menu_order":0,"comment_status":"closed","ping_status":"closed","template":"","meta":{"_editorskit_title_hidden":false,"_editorskit_reading_time":1,"_editorskit_is_block_options_detached":false,"_editorskit_block_options_position":"{}","om_disable_all_campaigns":false,"_uag_custom_page_level_css":"","advgb_blocks_editor_width":"","advgb_blocks_columns_visual_guide":"","_monsterinsights_skip_tracking":false,"_monsterinsights_sitenote_active":false,"_monsterinsights_sitenote_note":"","_monsterinsights_sitenote_category":0,"footnotes":""},"class_list":["post-1240","page","type-page","status-publish","hentry"],"aioseo_notices":[],"featured_image_src":null,"uagb_featured_image_src":{"full":false,"thumbnail":false,"medium":false,"medium_large":false,"large":false,"1536x1536":false,"2048x2048":false,"trp-custom-language-flag":false,"xs-thumb":false,"post-thumbnail":false,"minimalistblogger-grid":false,"minimalistblogger-slider":false,"minimalistblogger-small":false},"uagb_author_info":{"display_name":"Stefano Cammisa","author_link":"https:\/\/www.cosmundus.com\/it\/author\/stefano-cammisa\/"},"uagb_comment_info":0,"uagb_excerpt":"&lt;&lt; Veneto Venice (Venezia) is unique and rightfully ranks among the most beautiful cities in the world. Located in the middle of the Venetian Lagoon, it is built on a group of small islands separated by canals and connected with each other by bridges. The city was founded by people fleeing from the Germanic and&hellip;","coauthors":[],"author_meta":{"author_link":"https:\/\/www.cosmundus.com\/it\/author\/stefano-cammisa\/","display_name":"Stefano Cammisa"},"relative_dates":{"created":"Pubblicato 3 anni fa","modified":"Aggiornato 3 anni fa"},"absolute_dates":{"created":"Pubblicato il 7 Dicembre 2022","modified":"Aggiornato il 17 Marzo 2023"},"absolute_dates_time":{"created":"Pubblicato il 7 Dicembre 2022 4:51 pm","modified":"Aggiornato il 17 Marzo 2023 8:12 pm"},"featured_img_caption":"","featured_img":false,"series_order":"","_links":{"self":[{"href":"https:\/\/www.cosmundus.com\/it\/wp-json\/wp\/v2\/pages\/1240","targetHints":{"allow":["GET"]}}],"collection":[{"href":"https:\/\/www.cosmundus.com\/it\/wp-json\/wp\/v2\/pages"}],"about":[{"href":"https:\/\/www.cosmundus.com\/it\/wp-json\/wp\/v2\/types\/page"}],"author":[{"embeddable":true,"href":"https:\/\/www.cosmundus.com\/it\/wp-json\/wp\/v2\/users\/1"}],"replies":[{"embeddable":true,"href":"https:\/\/www.cosmundus.com\/it\/wp-json\/wp\/v2\/comments?post=1240"}],"version-history":[{"count":14,"href":"https:\/\/www.cosmundus.com\/it\/wp-json\/wp\/v2\/pages\/1240\/revisions"}],"predecessor-version":[{"id":3958,"href":"https:\/\/www.cosmundus.com\/it\/wp-json\/wp\/v2\/pages\/1240\/revisions\/3958"}],"up":[{"embeddable":true,"href":"https:\/\/www.cosmundus.com\/it\/wp-json\/wp\/v2\/pages\/932"}],"wp:attachment":[{"href":"https:\/\/www.cosmundus.com\/it\/wp-json\/wp\/v2\/media?parent=1240"}],"curies":[{"name":"wp","href":"https:\/\/api.w.org\/{rel}","templated":true}]}}