{"id":11382,"date":"2024-10-07T11:02:16","date_gmt":"2024-10-07T09:02:16","guid":{"rendered":"https:\/\/www.cosmundus.com\/?page_id=11382"},"modified":"2024-10-07T11:02:16","modified_gmt":"2024-10-07T09:02:16","slug":"la-maddalena","status":"publish","type":"page","link":"https:\/\/www.cosmundus.com\/it\/destinations\/la-maddalena\/","title":{"rendered":"La Maddalena"},"content":{"rendered":"<p class=\"has-text-align-right\">&lt;&lt; <a href=\"https:\/\/www.cosmundus.com\/it\/atlas\/europe\/southern-europe\/italy\/insular-italy\/sardinia\/\" class=\"ek-link\">Sardegna<\/a><\/p>\n\n\n\n<p>La Maddalena \u00e8 un comune che comprende l'arcipelago omonimo, che consiste di varie isole situate al largo della costa nord-orientale della Sardegna. L'intero arcipelago fa parte di un parco nazionale ed \u00e8 una famosa destinazione turistica, nota per le sue acque limpide, le bellissime spiagge e l'ambiente in gran parte incontaminato.<\/p>\n\n\n\n<div class=\"wp-block-group\"><div class=\"wp-block-group__inner-container is-layout-constrained wp-block-group-is-layout-constrained\"><div style=\"border: 1px solid #8ed1fc; border-radius: 0%; background-color: inherit; \" class=\"ub-styled-box ub-bordered-box wp-block-ub-styled-box\" id=\"ub-styled-box-8254ee16-b716-49eb-b2e9-347f923c933c\">\n<p class=\"has-medium-font-size\" id=\"ub-styled-box-bordered-content-cb7bb688-67c7-484b-9ba6-a3d285f1d8dc\">Posti da vedere a La Maddalena<\/p>\n\n\n<div class=\"wp-block-aioseo-table-of-contents\"><ul><li><a class=\"aioseo-toc-item\" href=\"#la-maddalena-island\">\u272a Isola La Maddalena<\/a><\/li><li><a class=\"aioseo-toc-item\" href=\"#caprera\">\u272a Caprera<\/a><\/li><li><a class=\"aioseo-toc-item\" href=\"#santo-stefano-island\">Isola di Santo Stefano<\/a><\/li><li><a class=\"aioseo-toc-item\" href=\"#spargi-island\">Isola Spargi<\/a><\/li><li><a class=\"aioseo-toc-item\" href=\"#budelli-island\">Isola Budelli<\/a><\/li><li><a class=\"aioseo-toc-item\" href=\"#piazza-del-ferrarese\">Isola Santa Maria<\/a><\/li><li><a class=\"aioseo-toc-item\" href=\"#razzoli-island\">Isola Razzoli<\/a><\/li><\/ul><\/div>\n\n<\/div><\/div><\/div>\n\n\n\n<h4 class=\"wp-block-heading\" id=\"la-maddalena-island\"><strong>\u272a Isola La Maddalena<\/strong><\/h4>\n\n\n\n<p class=\"translation-block\">L'Isola La Maddalena \u00e8 l'isola principale dell'arcipelago e l'unica che ospita un grande insediamento. L'isola presenta una costa frastagliata con diverse spiagge e alcune piccole localit\u00e0 balneari, mentre l'entroterra ospita un ambiente meraviglioso. La citt\u00e0 di La Maddalena \u00e8 considerata uno dei borghi pi\u00f9 belli d'Italia.<\/p>\n\n\n\n<div class=\"wp-block-columns is-layout-flex wp-container-core-columns-is-layout-9d6595d7 wp-block-columns-is-layout-flex\">\n<div class=\"wp-block-column is-layout-flow wp-block-column-is-layout-flow\" style=\"flex-basis:85%\">\n<p>Indirizzo: 07024 La Maddalena SS<br>Coordinate: 41.2315, 9.4063<\/p>\n<\/div>\n\n\n\n<div class=\"wp-block-column is-layout-flow wp-block-column-is-layout-flow\" style=\"flex-basis:15%\">\n<p class=\"has-text-align-right\"><a href=\"https:\/\/maps.app.goo.gl\/BGRBKtkfiYZH7FgD8\" target=\"_blank\" aria-label=\" (opens in a new tab)\" rel=\"noreferrer noopener\" class=\"ek-link\">Google Maps<\/a><\/p>\n<\/div>\n<\/div>\n\n\n<div class=\"wp-block-ub-divider ub_divider ub-divider-orientation-horizontal\" id=\"ub_divider_848341d9-6b31-4e38-abe7-1deafc59f377\"><div class=\"ub_divider_wrapper\" style=\"position: relative; margin-bottom: 2px; width: 100%; height: 2px; \" data-divider-alignment=\"center\"><div class=\"ub_divider_line\" style=\"border-top: 2px solid #ccc; margin-top: 2px; \"><\/div><\/div><\/div>\n\n\n<h4 class=\"wp-block-heading\" id=\"caprera\"><strong>\u272a Caprera<\/strong><\/h4>\n\n\n\n<p class=\"translation-block\">Caprera \u00e8 un'isola situata appena a est dell'Isola La Maddalena. L'isola ha varie spiagge e presenta una delle aree marine pi\u00f9 incontaminate d'Italia. Caprera \u00e8 anche nota per essere stata la residenza di Giuseppe Garibaldi, che acquist\u00f2 parte dell'isola nel 1855 e vi mor\u00ec nel 1882. L'area in cui visse, nota come <strong>Compendio Garibaldino<\/strong>, \u00e8 ora un museo. Questo complesso comprende la sua casa e la sua tomba e ospita numerosi oggetti appartenuti a Garibaldi.<\/p>\n\n\n\n<div class=\"wp-block-columns is-layout-flex wp-container-core-columns-is-layout-9d6595d7 wp-block-columns-is-layout-flex\">\n<div class=\"wp-block-column is-layout-flow wp-block-column-is-layout-flow\" style=\"flex-basis:85%\">\n<p>Indirizzo: Caprera, 07024 La Maddalena SS<br>Coordinate: 41.2110, 9.4634<\/p>\n<\/div>\n\n\n\n<div class=\"wp-block-column is-layout-flow wp-block-column-is-layout-flow\" style=\"flex-basis:15%\">\n<p class=\"has-text-align-right\"><a aria-label=\" (opens in a new tab)\" href=\"https:\/\/goo.gl\/maps\/4TrQbFa9jkf9APjs6\" target=\"_blank\" rel=\"noreferrer noopener\" class=\"ek-link\"><\/a><a href=\"https:\/\/maps.app.goo.gl\/aAVsFsVdArppikEW8\" target=\"_blank\" aria-label=\" (opens in a new tab)\" rel=\"noreferrer noopener\" class=\"ek-link\">Google Maps<\/a><\/p>\n<\/div>\n<\/div>\n\n\n<div class=\"wp-block-ub-divider ub_divider ub-divider-orientation-horizontal\" id=\"ub_divider_2d3cd5eb-33ff-419b-886b-c7a3f8d8f0d0\"><div class=\"ub_divider_wrapper\" style=\"position: relative; margin-bottom: 2px; width: 100%; height: 2px; \" data-divider-alignment=\"center\"><div class=\"ub_divider_line\" style=\"border-top: 2px solid #ccc; margin-top: 2px; \"><\/div><\/div><\/div>\n\n\n<h4 class=\"wp-block-heading\" id=\"santo-stefano-island\"><strong>Isola di Santo Stefano<\/strong><\/h4>\n\n\n\n<p class=\"translation-block\">L'Isola Santo Stefano \u00e8 un'isola situata appena a sud dell'Isola La Maddalena. Abitata fin dall'antichit\u00e0, l'isola ha diverse antiche fortificazioni e fino al 2008 ha ospitato una base militare. Ora nuovamente aperta ai turisti, ospita un resort e alcune spiagge.<\/p>\n\n\n\n<div class=\"wp-block-columns is-layout-flex wp-container-core-columns-is-layout-9d6595d7 wp-block-columns-is-layout-flex\">\n<div class=\"wp-block-column is-layout-flow wp-block-column-is-layout-flow\" style=\"flex-basis:85%\">\n<p>Indirizzo: Isola Santo Stefano, 07024 La Maddalena SS<br>Coordinate: 41.1978, 9.4130<\/p>\n<\/div>\n\n\n\n<div class=\"wp-block-column is-layout-flow wp-block-column-is-layout-flow\" style=\"flex-basis:15%\">\n<p class=\"has-text-align-right\"><a aria-label=\" (opens in a new tab)\" href=\"https:\/\/goo.gl\/maps\/4TrQbFa9jkf9APjs6\" target=\"_blank\" rel=\"noreferrer noopener\" class=\"ek-link\"><\/a><a href=\"https:\/\/maps.app.goo.gl\/etMjt7H9F8YnNizP9\" target=\"_blank\" aria-label=\" (opens in a new tab)\" rel=\"noreferrer noopener\" class=\"ek-link\">Google Maps<\/a><\/p>\n<\/div>\n<\/div>\n\n\n<div class=\"wp-block-ub-divider ub_divider ub-divider-orientation-horizontal\" id=\"ub_divider_0fd6fc85-e296-4dcb-99b8-73ae0053d7d6\"><div class=\"ub_divider_wrapper\" style=\"position: relative; margin-bottom: 2px; width: 100%; height: 2px; \" data-divider-alignment=\"center\"><div class=\"ub_divider_line\" style=\"border-top: 2px solid #ccc; margin-top: 2px; \"><\/div><\/div><\/div>\n\n\n<h4 class=\"wp-block-heading\" id=\"spargi-island\"><strong>Isola Spargi<\/strong><\/h4>\n\n\n\n<p class=\"translation-block\">L'Isola Spargi \u00e8 un'isola situata a est dell'Isola La Maddalena. L'isola \u00e8 disabitata e prevalentemente rocciosa, e ospita numerose specie di uccelli. Lungo la costa dell'isola si trovano diverse bellissime spiagge.<\/p>\n\n\n\n<div class=\"wp-block-columns is-layout-flex wp-container-core-columns-is-layout-9d6595d7 wp-block-columns-is-layout-flex\">\n<div class=\"wp-block-column is-layout-flow wp-block-column-is-layout-flow\" style=\"flex-basis:85%\">\n<p>Indirizzo: Isola Spargi, 07024 La Maddalena SS<br>Coordinate: 41.2408, 9.3452<\/p>\n<\/div>\n\n\n\n<div class=\"wp-block-column is-layout-flow wp-block-column-is-layout-flow\" style=\"flex-basis:15%\">\n<p class=\"has-text-align-right\"><a aria-label=\" (opens in a new tab)\" href=\"https:\/\/goo.gl\/maps\/4TrQbFa9jkf9APjs6\" target=\"_blank\" rel=\"noreferrer noopener\" class=\"ek-link\"><\/a><a href=\"https:\/\/maps.app.goo.gl\/64gVaAJvFRW5AiRn8\" target=\"_blank\" aria-label=\" (opens in a new tab)\" rel=\"noreferrer noopener\" class=\"ek-link\">Google Maps<\/a><\/p>\n<\/div>\n<\/div>\n\n\n<div class=\"wp-block-ub-divider ub_divider ub-divider-orientation-horizontal\" id=\"ub_divider_d6606f9f-4934-422e-864d-2e76f094d477\"><div class=\"ub_divider_wrapper\" style=\"position: relative; margin-bottom: 2px; width: 100%; height: 2px; \" data-divider-alignment=\"center\"><div class=\"ub_divider_line\" style=\"border-top: 2px solid #ccc; margin-top: 2px; \"><\/div><\/div><\/div>\n\n\n<h4 class=\"wp-block-heading\" id=\"budelli-island\"><strong>Isola Budelli<\/strong><\/h4>\n\n\n\n<p class=\"translation-block\">L'Isola Budelli \u00e8 una delle isole dell'arcipelago di La Maddalena. L'isola \u00e8 disabitata e in gran parte incontaminata, ed \u00e8 nota soprattutto per una spiaggia nota come <strong>Spiaggia Rosa<\/strong>, che ha preso questo nome per la particolare tonalit\u00e0 rosa della sua sabbia.<\/p>\n\n\n\n<div class=\"wp-block-columns is-layout-flex wp-container-core-columns-is-layout-9d6595d7 wp-block-columns-is-layout-flex\">\n<div class=\"wp-block-column is-layout-flow wp-block-column-is-layout-flow\" style=\"flex-basis:85%\">\n<p>Indirizzo: Isola di Budelli, 07024 La Maddalena SS<br>Coordinate: 41.2831, 9.3454<\/p>\n<\/div>\n\n\n\n<div class=\"wp-block-column is-layout-flow wp-block-column-is-layout-flow\" style=\"flex-basis:15%\">\n<p class=\"has-text-align-right\"><a aria-label=\" (opens in a new tab)\" href=\"https:\/\/goo.gl\/maps\/4TrQbFa9jkf9APjs6\" target=\"_blank\" rel=\"noreferrer noopener\" class=\"ek-link\"><\/a><a href=\"https:\/\/maps.app.goo.gl\/sJ5d4twmB27RSM2WA\" target=\"_blank\" aria-label=\" (opens in a new tab)\" rel=\"noreferrer noopener\" class=\"ek-link\">Google Maps<\/a><\/p>\n<\/div>\n<\/div>\n\n\n<div class=\"wp-block-ub-divider ub_divider ub-divider-orientation-horizontal\" id=\"ub_divider_ebc19709-a986-4556-a908-06b487f07e60\"><div class=\"ub_divider_wrapper\" style=\"position: relative; margin-bottom: 2px; width: 100%; height: 2px; \" data-divider-alignment=\"center\"><div class=\"ub_divider_line\" style=\"border-top: 2px solid #ccc; margin-top: 2px; \"><\/div><\/div><\/div>\n\n\n<h4 class=\"wp-block-heading\" id=\"piazza-del-ferrarese\"><strong>Isola Santa Maria<\/strong><\/h4>\n\n\n\n<p class=\"translation-block\">L'Isola Santa Maria \u00e8 un'isola nella parte nord-occidentale dell'arcipelago di La Maddalena. L'isola ha una manciata di abitanti e delle strutture, ma \u00e8 ancora in gran parte incontaminata e ha alcune bellissime spiagge.<\/p>\n\n\n\n<div class=\"wp-block-columns is-layout-flex wp-container-core-columns-is-layout-9d6595d7 wp-block-columns-is-layout-flex\">\n<div class=\"wp-block-column is-layout-flow wp-block-column-is-layout-flow\" style=\"flex-basis:85%\">\n<p>Indirizzo: Isola Santa Maria, 07024 La Maddalena SS<br>Coordinate: 41.2977, 9.3745<\/p>\n<\/div>\n\n\n\n<div class=\"wp-block-column is-layout-flow wp-block-column-is-layout-flow\" style=\"flex-basis:15%\">\n<p class=\"has-text-align-right\"><a aria-label=\" (opens in a new tab)\" href=\"https:\/\/goo.gl\/maps\/4TrQbFa9jkf9APjs6\" target=\"_blank\" rel=\"noreferrer noopener\" class=\"ek-link\"><\/a><a href=\"https:\/\/maps.app.goo.gl\/SgVARUiyK64oMEMn8\" target=\"_blank\" aria-label=\" (opens in a new tab)\" rel=\"noreferrer noopener\" class=\"ek-link\">Google Maps<\/a><\/p>\n<\/div>\n<\/div>\n\n\n<div class=\"wp-block-ub-divider ub_divider ub-divider-orientation-horizontal\" id=\"ub_divider_24f098de-7144-4847-92ba-55e2c04d98fe\"><div class=\"ub_divider_wrapper\" style=\"position: relative; margin-bottom: 2px; width: 100%; height: 2px; \" data-divider-alignment=\"center\"><div class=\"ub_divider_line\" style=\"border-top: 2px solid #ccc; margin-top: 2px; \"><\/div><\/div><\/div>\n\n\n<h4 class=\"wp-block-heading\" id=\"razzoli-island\"><strong>Isola Razzoli<\/strong><\/h4>\n\n\n\n<p class=\"translation-block\">L'Isola Razzoli \u00e8 l'isola pi\u00f9 a nord-ovest dell'arcipelago di La Maddalena. L'isola \u00e8 frastagliata e quasi interamente incontaminata, e presenta un faro che guarda verso la Corsica, che si trova a pochi chilometri di distanza.<\/p>\n\n\n\n<div class=\"wp-block-columns is-layout-flex wp-container-core-columns-is-layout-9d6595d7 wp-block-columns-is-layout-flex\">\n<div class=\"wp-block-column is-layout-flow wp-block-column-is-layout-flow\" style=\"flex-basis:85%\">\n<p>Indirizzo: Isola Razzoli, 07024 La Maddalena SS<br>Coordinate: 41.3013, 9.3475<\/p>\n<\/div>\n\n\n\n<div class=\"wp-block-column is-layout-flow wp-block-column-is-layout-flow\" style=\"flex-basis:15%\">\n<p class=\"has-text-align-right\"><a aria-label=\" (opens in a new tab)\" href=\"https:\/\/goo.gl\/maps\/4TrQbFa9jkf9APjs6\" target=\"_blank\" rel=\"noreferrer noopener\" class=\"ek-link\"><\/a><a href=\"https:\/\/maps.app.goo.gl\/mj6YH6CB1ZbfM76t9\" target=\"_blank\" aria-label=\" (opens in a new tab)\" rel=\"noreferrer noopener\" class=\"ek-link\">Google Maps<\/a><\/p>\n<\/div>\n<\/div>","protected":false},"excerpt":{"rendered":"<p>&lt;&lt; Sardinia La Maddalena is a municipality that includes an archipelago of the same name, which consists of various islands located off the northeastern coast of Sardinia. The entire archipelago is part of a national park, and it is a famous tourist destination, known for its clear waters, beautiful beaches, and mostly pristine environment. \u272a La Maddalena Island La Maddalena Island (Isola La Maddalena) is the main island of the archipelago, and the only one that houses a large settlement. The island features a rugged coast with several beaches and some small seaside resorts, while the interior houses a gorgeous environment. The town of La Maddalena is regarded as one of the most beautiful villages in Italy. Address: 07024 La Maddalena SSCoordinates: 41.2315, 9.4063 Google Maps \u272a Caprera Caprera is an island located just east of La Maddalena Island. The island has various beaches, and features one of the most uncontaminated marine areas in Italy. Caprera is also known for having been the residence of Giuseppe Garibaldi, who bought part of the island in 1855 and died here in 1882. The area where he lived, known as Compendio Garibaldino, is now a museum. This complex includes his house and his tomb, and hosts numerous objects who belonged to Garibaldi. Address: Caprera, 07024 La Maddalena SSCoordinates: 41.2110, 9.4634 Google Maps Santo Stefano Island Santo Stefano Island (Isola Santo Stefano) is an island located just south of La Maddalena Island. Inhabited since ancient times, the island has various ancient fortifications, and until 2008 it hosted a military base. Now once again open to tourists, it features a resort and some beaches. Address: Isola Santo Stefano, 07024 La Maddalena SSCoordinates: 41.1978, 9.4130 Google Maps Spargi Island Spargi Island (Isola Spargi) is an island located east of La Maddalena Island. The island is unhinabited and mostly rocky, and houses numerous species of birds. Various beautiful beaches are located along the coast of the island. Address: Isola Spargi, 07024 La Maddalena SSCoordinates: 41.2408, 9.3452 Google Maps Budelli Island Budelli Island (Isola Budelli) is one of the islands of the archipelago of La Maddalena. The island is uninhabited and mostly pristine, and it is known especially for a beach known as Spiaggia Rosa (&#8220;Pink Beach&#8221;), which got this name because of the unique pink shade of its sand. Address: Isola di Budelli, 07024 La Maddalena SSCoordinates: 41.2831, 9.3454 Google Maps Santa Maria Island Santa Maria Island (Isola Santa Maria) is an island in the northwestern part of the archipelago of La Maddalena. The island has a few inhabitants and some structures, but it still mostly untouched and has some beautiful beaches. Address: Isola Santa Maria, 07024 La Maddalena SSCoordinates: 41.2977, 9.3745 Google Maps Razzoli Island Razzoli Island (Isola Razzoli) is the northwesternmost island of the archipelago of La Maddalena. The island is rugged and almost entirely pristine, and features a lighthouse that looks towards Corsica, which is located just a few kilometers away. Address: Isola Razzoli, 07024 La Maddalena SSCoordinates: 41.3013, 9.3475 Google Maps<\/p>","protected":false},"author":1,"featured_media":0,"parent":932,"menu_order":0,"comment_status":"closed","ping_status":"closed","template":"","meta":{"_editorskit_title_hidden":false,"_editorskit_reading_time":0,"_editorskit_is_block_options_detached":false,"_editorskit_block_options_position":"{}","om_disable_all_campaigns":false,"_uag_custom_page_level_css":"","advgb_blocks_editor_width":"","advgb_blocks_columns_visual_guide":"","_monsterinsights_skip_tracking":false,"_monsterinsights_sitenote_active":false,"_monsterinsights_sitenote_note":"","_monsterinsights_sitenote_category":0,"footnotes":""},"class_list":["post-11382","page","type-page","status-publish","hentry"],"aioseo_notices":[],"featured_image_src":null,"uagb_featured_image_src":{"full":false,"thumbnail":false,"medium":false,"medium_large":false,"large":false,"1536x1536":false,"2048x2048":false,"trp-custom-language-flag":false,"xs-thumb":false,"post-thumbnail":false,"minimalistblogger-grid":false,"minimalistblogger-slider":false,"minimalistblogger-small":false},"uagb_author_info":{"display_name":"Stefano Cammisa","author_link":"https:\/\/www.cosmundus.com\/it\/author\/stefano-cammisa\/"},"uagb_comment_info":0,"uagb_excerpt":"&lt;&lt; Sardinia La Maddalena is a municipality that includes an archipelago of the same name, which consists of various islands located off the northeastern coast of Sardinia. The entire archipelago is part of a national park, and it is a famous tourist destination, known for its clear waters, beautiful beaches, and mostly pristine environment. \u272a&hellip;","coauthors":[],"author_meta":{"author_link":"https:\/\/www.cosmundus.com\/it\/author\/stefano-cammisa\/","display_name":"Stefano Cammisa"},"relative_dates":{"created":"Pubblicato 2 anni fa","modified":"Aggiornato 2 anni fa"},"absolute_dates":{"created":"Pubblicato il 7 Ottobre 2024","modified":"Aggiornato il 7 Ottobre 2024"},"absolute_dates_time":{"created":"Pubblicato il 7 Ottobre 2024 11:02 am","modified":"Aggiornato il 7 Ottobre 2024 11:02 am"},"featured_img_caption":"","featured_img":false,"series_order":"","_links":{"self":[{"href":"https:\/\/www.cosmundus.com\/it\/wp-json\/wp\/v2\/pages\/11382","targetHints":{"allow":["GET"]}}],"collection":[{"href":"https:\/\/www.cosmundus.com\/it\/wp-json\/wp\/v2\/pages"}],"about":[{"href":"https:\/\/www.cosmundus.com\/it\/wp-json\/wp\/v2\/types\/page"}],"author":[{"embeddable":true,"href":"https:\/\/www.cosmundus.com\/it\/wp-json\/wp\/v2\/users\/1"}],"replies":[{"embeddable":true,"href":"https:\/\/www.cosmundus.com\/it\/wp-json\/wp\/v2\/comments?post=11382"}],"version-history":[{"count":6,"href":"https:\/\/www.cosmundus.com\/it\/wp-json\/wp\/v2\/pages\/11382\/revisions"}],"predecessor-version":[{"id":11939,"href":"https:\/\/www.cosmundus.com\/it\/wp-json\/wp\/v2\/pages\/11382\/revisions\/11939"}],"up":[{"embeddable":true,"href":"https:\/\/www.cosmundus.com\/it\/wp-json\/wp\/v2\/pages\/932"}],"wp:attachment":[{"href":"https:\/\/www.cosmundus.com\/it\/wp-json\/wp\/v2\/media?parent=11382"}],"curies":[{"name":"wp","href":"https:\/\/api.w.org\/{rel}","templated":true}]}}