{"id":11381,"date":"2024-10-07T10:59:09","date_gmt":"2024-10-07T08:59:09","guid":{"rendered":"https:\/\/www.cosmundus.com\/?page_id=11381"},"modified":"2024-10-07T10:59:10","modified_gmt":"2024-10-07T08:59:10","slug":"alghero","status":"publish","type":"page","link":"https:\/\/www.cosmundus.com\/it\/destinations\/alghero\/","title":{"rendered":"Alghero"},"content":{"rendered":"<p class=\"has-text-align-right\">&lt;&lt; <a href=\"https:\/\/www.cosmundus.com\/it\/atlas\/europe\/southern-europe\/italy\/insular-italy\/sardinia\/\" class=\"ek-link\">Sardegna<\/a><\/p>\n\n\n\n<p class=\"translation-block\">Alghero \u00e8 una citt\u00e0 situata sul Mar Mediterraneo nella <a href=\"https:\/\/www.cosmundus.com\/it\/destinations\/northwestern-sardinia\/\" target=\"_self\">Sardegna Nord-Occidentale<\/a>. La zona \u00e8 stata abitata fin dall'antichit\u00e0, ma la citt\u00e0 fu fondata solo nel dodicesimo secolo e crebbe rapidamente fino a diventare uno dei principali centri della regione. Dopo essere stata presa dagli Aragonesi, molte persone dalla Catalogna vennero a vivere ad Alghero e la lingua catalana sopravvive ancora oggi. Alghero \u00e8 ora una destinazione turistica con varie attrazioni storiche, nota per la sua comunit\u00e0 catalana.<\/p>\n\n\n\n<div class=\"wp-block-group\"><div class=\"wp-block-group__inner-container is-layout-constrained wp-block-group-is-layout-constrained\"><div style=\"border: 1px solid #8ed1fc; border-radius: 0%; background-color: inherit; \" class=\"ub-styled-box ub-bordered-box wp-block-ub-styled-box\" id=\"ub-styled-box-8a3d4d1e-2d8c-4583-b8ee-f5f039e8b32e\">\n<p class=\"has-medium-font-size\" id=\"ub-styled-box-bordered-content-0a5ac054-25e6-4068-837f-d9cad9d6acaf\">Posti da vedere ad Alghero<\/p>\n\n\n<div class=\"wp-block-aioseo-table-of-contents\"><ul><li><a class=\"aioseo-toc-item\" href=\"#alghero-cathedral\">Cattedrale di Alghero<\/a><\/li><li><a class=\"aioseo-toc-item\" href=\"#walls-of-alghero\">Mura di Alghero<\/a><\/li><li><a class=\"aioseo-toc-item\" href=\"#church-of-san-francesco\">Chiesa di San Francesco<\/a><\/li><li><a class=\"aioseo-toc-item\" href=\"#archaeological-museum-of-alghero\">Museo Archeologico di Alghero<\/a><\/li><li><a class=\"aioseo-toc-item\" href=\"#coral-museum-of-alghero\">Museo del Corallo di Alghero<\/a><\/li><li><a class=\"aioseo-toc-item\" href=\"#necropolis-of-anghelu-ruju\">Necropoli di Anghelu Ruju<\/a><\/li><li><a class=\"aioseo-toc-item\" href=\"#nuragic-complex-of-palmavera\">Complesso Nuragico di Palmavera<\/a><\/li><li><a class=\"aioseo-toc-item\" href=\"#porto-conte\">Porto Conte<\/a><\/li><li><a class=\"aioseo-toc-item\" href=\"#neptunes-grotto\">Grotte di Nettuno<\/a><\/li><\/ul><\/div>\n\n<\/div><\/div><\/div>\n\n\n\n<h4 class=\"wp-block-heading\" id=\"alghero-cathedral\"><strong>Cattedrale di Alghero<\/strong><\/h4>\n\n\n\n<p>La Cattedrale di Alghero \u00e8 la chiesa principale della citt\u00e0, situata nel centro storico. La chiesa fu costruita in stile gotico catalano nel sedicesimo secolo e in seguito fu rimaneggiata con l'aggiunta di una grande facciata neoclassica. La chiesa presenta varie opere d'arte e decorazioni ed \u00e8 anche nota per il suo imponente campanile del sedicesimo secolo.<\/p>\n\n\n\n<div class=\"wp-block-columns is-layout-flex wp-container-core-columns-is-layout-9d6595d7 wp-block-columns-is-layout-flex\">\n<div class=\"wp-block-column is-layout-flow wp-block-column-is-layout-flow\" style=\"flex-basis:85%\">\n<p>Indirizzo: Piazza Duomo, 2, 07041 Alghero SS<br>Coordinate: 40.5592, 8.3127<\/p>\n<\/div>\n\n\n\n<div class=\"wp-block-column is-layout-flow wp-block-column-is-layout-flow\" style=\"flex-basis:15%\">\n<p class=\"has-text-align-right\"><a href=\"https:\/\/maps.app.goo.gl\/NuLrCuMVaJBfP51eA\" target=\"_blank\" aria-label=\" (opens in a new tab)\" rel=\"noreferrer noopener\" class=\"ek-link\">Google Maps<\/a><\/p>\n<\/div>\n<\/div>\n\n\n<div class=\"wp-block-ub-divider ub_divider ub-divider-orientation-horizontal\" id=\"ub_divider_f47822fd-31d1-4495-8cef-cc5cd0a9620d\"><div class=\"ub_divider_wrapper\" style=\"position: relative; margin-bottom: 2px; width: 100%; height: 2px; \" data-divider-alignment=\"center\"><div class=\"ub_divider_line\" style=\"border-top: 2px solid #ccc; margin-top: 2px; \"><\/div><\/div><\/div>\n\n\n<h4 class=\"wp-block-heading\" id=\"walls-of-alghero\"><strong>Mura di Alghero<\/strong><\/h4>\n\n\n\n<p>Il centro storico di Alghero, situato sul mare, \u00e8 ancora in gran parte circondato da una serie di antiche fortificazioni. La maggior parte delle fortificazioni fu costruita durante il periodo della dominazione aragonese e spagnola sulla citt\u00e0, e comprende diversi bastioni e torri lungo la costa e che si affacciano sul mare. <\/p>\n\n\n\n<div class=\"wp-block-columns is-layout-flex wp-container-core-columns-is-layout-9d6595d7 wp-block-columns-is-layout-flex\">\n<div class=\"wp-block-column is-layout-flow wp-block-column-is-layout-flow\" style=\"flex-basis:85%\">\n<p>Indirizzo: Bastioni Pigafetta, 6, 07041 Alghero SS<br>Coordinate: 40.5606, 8.3117<\/p>\n<\/div>\n\n\n\n<div class=\"wp-block-column is-layout-flow wp-block-column-is-layout-flow\" style=\"flex-basis:15%\">\n<p class=\"has-text-align-right\"><a aria-label=\" (opens in a new tab)\" href=\"https:\/\/goo.gl\/maps\/4TrQbFa9jkf9APjs6\" target=\"_blank\" rel=\"noreferrer noopener\" class=\"ek-link\"><\/a><a href=\"https:\/\/maps.app.goo.gl\/EZXB7Ra28rY3vwd28\" target=\"_blank\" aria-label=\" (opens in a new tab)\" rel=\"noreferrer noopener\" class=\"ek-link\">Google Maps<\/a><\/p>\n<\/div>\n<\/div>\n\n\n<div class=\"wp-block-ub-divider ub_divider ub-divider-orientation-horizontal\" id=\"ub_divider_544bfe9f-ec3c-41e4-8883-15cb8af3e70f\"><div class=\"ub_divider_wrapper\" style=\"position: relative; margin-bottom: 2px; width: 100%; height: 2px; \" data-divider-alignment=\"center\"><div class=\"ub_divider_line\" style=\"border-top: 2px solid #ccc; margin-top: 2px; \"><\/div><\/div><\/div>\n\n\n<h4 class=\"wp-block-heading\" id=\"church-of-san-francesco\"><strong>Chiesa di San Francesco<\/strong><\/h4>\n\n\n\n<p>La Chiesa di San Francesco \u00e8 una chiesa storica nel centro storico di Alghero. La chiesa fu costruita in stile gotico catalano tra il quindicesimo e il sedicesimo secolo e presenta una struttura imponente. All'interno della chiesa sono ospitate varie opere d'arte e decorazioni.<\/p>\n\n\n\n<div class=\"wp-block-columns is-layout-flex wp-container-core-columns-is-layout-9d6595d7 wp-block-columns-is-layout-flex\">\n<div class=\"wp-block-column is-layout-flow wp-block-column-is-layout-flow\" style=\"flex-basis:85%\">\n<p>Indirizzo: Via Carlo Alberto, 46, 07041 Alghero SS<br>Coordinate: 40.5583, 8.3138<\/p>\n<\/div>\n\n\n\n<div class=\"wp-block-column is-layout-flow wp-block-column-is-layout-flow\" style=\"flex-basis:15%\">\n<p class=\"has-text-align-right\"><a aria-label=\" (opens in a new tab)\" href=\"https:\/\/goo.gl\/maps\/4TrQbFa9jkf9APjs6\" target=\"_blank\" rel=\"noreferrer noopener\" class=\"ek-link\"><\/a><a href=\"https:\/\/maps.app.goo.gl\/Ly2GsuKzbSt6634E6\" target=\"_blank\" aria-label=\" (opens in a new tab)\" rel=\"noreferrer noopener\" class=\"ek-link\">Google Maps<\/a><\/p>\n<\/div>\n<\/div>\n\n\n<div class=\"wp-block-ub-divider ub_divider ub-divider-orientation-horizontal\" id=\"ub_divider_d77fa2f6-b854-4d58-9bdf-72ed9278cc18\"><div class=\"ub_divider_wrapper\" style=\"position: relative; margin-bottom: 2px; width: 100%; height: 2px; \" data-divider-alignment=\"center\"><div class=\"ub_divider_line\" style=\"border-top: 2px solid #ccc; margin-top: 2px; \"><\/div><\/div><\/div>\n\n\n<h4 class=\"wp-block-heading\" id=\"archaeological-museum-of-alghero\"><strong>Museo Archeologico di Alghero<\/strong><\/h4>\n\n\n\n<p class=\"translation-block\">Il Museo Archeologico di Alghero \u00e8 un museo archeologico situato adiacente alla barocca <strong>Chiesa di San Michele<\/strong> ad Alghero. Il museo ospita mostre dedicate alla storia locale, con vari reperti archeologici rinvenuti attorno alla citt\u00e0.<\/p>\n\n\n\n<div class=\"wp-block-columns is-layout-flex wp-container-core-columns-is-layout-9d6595d7 wp-block-columns-is-layout-flex\">\n<div class=\"wp-block-column is-layout-flow wp-block-column-is-layout-flow\" style=\"flex-basis:85%\">\n<p>Indirizzo: Via Carlo Alberto, 72, 07041 Alghero SS<br>Coordinate: 40.5573, 8.3142<\/p>\n<\/div>\n\n\n\n<div class=\"wp-block-column is-layout-flow wp-block-column-is-layout-flow\" style=\"flex-basis:15%\">\n<p class=\"has-text-align-right\"><a aria-label=\" (opens in a new tab)\" href=\"https:\/\/goo.gl\/maps\/4TrQbFa9jkf9APjs6\" target=\"_blank\" rel=\"noreferrer noopener\" class=\"ek-link\"><\/a><a href=\"https:\/\/maps.app.goo.gl\/fCtGgMnrWUex76x66\" target=\"_blank\" aria-label=\" (opens in a new tab)\" rel=\"noreferrer noopener\" class=\"ek-link\">Google Maps<\/a><\/p>\n<\/div>\n<\/div>\n\n\n<div class=\"wp-block-ub-divider ub_divider ub-divider-orientation-horizontal\" id=\"ub_divider_fb1d0fb5-1a78-4bf2-8a1a-1a188df5a76a\"><div class=\"ub_divider_wrapper\" style=\"position: relative; margin-bottom: 2px; width: 100%; height: 2px; \" data-divider-alignment=\"center\"><div class=\"ub_divider_line\" style=\"border-top: 2px solid #ccc; margin-top: 2px; \"><\/div><\/div><\/div>\n\n\n<h4 class=\"wp-block-heading\" id=\"coral-museum-of-alghero\"><strong>Museo del Corallo di Alghero<\/strong><\/h4>\n\n\n\n<p class=\"translation-block\">Il Museo del Corallo di Alghero \u00e8 un museo di Alghero, dedicato al corallo locale e alla lunga tradizione del commercio del corallo nella citt\u00e0. Il museo ospita mostre sul corallo e vari pezzi di gioielleria storica.<\/p>\n\n\n\n<div class=\"wp-block-columns is-layout-flex wp-container-core-columns-is-layout-9d6595d7 wp-block-columns-is-layout-flex\">\n<div class=\"wp-block-column is-layout-flow wp-block-column-is-layout-flow\" style=\"flex-basis:85%\">\n<p>Indirizzo: Via XX Settembre, 8, 07041 Alghero SS<br>Coordinate: 40.5572, 8.3162<\/p>\n<\/div>\n\n\n\n<div class=\"wp-block-column is-layout-flow wp-block-column-is-layout-flow\" style=\"flex-basis:15%\">\n<p class=\"has-text-align-right\"><a aria-label=\" (opens in a new tab)\" href=\"https:\/\/goo.gl\/maps\/4TrQbFa9jkf9APjs6\" target=\"_blank\" rel=\"noreferrer noopener\" class=\"ek-link\"><\/a><a href=\"https:\/\/maps.app.goo.gl\/N4SjX8zACV6TRTst9\" target=\"_blank\" aria-label=\" (opens in a new tab)\" rel=\"noreferrer noopener\" class=\"ek-link\">Google Maps<\/a><\/p>\n<\/div>\n<\/div>\n\n\n<div class=\"wp-block-ub-divider ub_divider ub-divider-orientation-horizontal\" id=\"ub_divider_a84e7902-e803-487c-84fd-b34b5ca59b81\"><div class=\"ub_divider_wrapper\" style=\"position: relative; margin-bottom: 2px; width: 100%; height: 2px; \" data-divider-alignment=\"center\"><div class=\"ub_divider_line\" style=\"border-top: 2px solid #ccc; margin-top: 2px; \"><\/div><\/div><\/div>\n\n\n<h4 class=\"wp-block-heading\" id=\"necropolis-of-anghelu-ruju\"><strong>Necropoli di Anghelu Ruju<\/strong><\/h4>\n\n\n\n<p>La Necropoli di Anghelu Ruju \u00e8 un'antica necropoli situata nella campagna a nord di Alghero. Questa \u00e8 la pi\u00f9 grande necropoli prenuragica della Sardegna e ospita numerose tombe preistoriche datate tra il Neolitico e l'Et\u00e0 del bronzo. Qui sono stati rinvenuti diversi reperti archeologici.<\/p>\n\n\n\n<div class=\"wp-block-columns is-layout-flex wp-container-core-columns-is-layout-9d6595d7 wp-block-columns-is-layout-flex\">\n<div class=\"wp-block-column is-layout-flow wp-block-column-is-layout-flow\" style=\"flex-basis:85%\">\n<p>Indirizzo: SP 42 dei Due Mari, 07041 Alghero SS<br>Coordinate: 40.6330, 8.3264<\/p>\n<\/div>\n\n\n\n<div class=\"wp-block-column is-layout-flow wp-block-column-is-layout-flow\" style=\"flex-basis:15%\">\n<p class=\"has-text-align-right\"><a aria-label=\" (opens in a new tab)\" href=\"https:\/\/goo.gl\/maps\/4TrQbFa9jkf9APjs6\" target=\"_blank\" rel=\"noreferrer noopener\" class=\"ek-link\"><\/a><a href=\"https:\/\/maps.app.goo.gl\/iiZtg6EADjaUr69R8\" target=\"_blank\" aria-label=\" (opens in a new tab)\" rel=\"noreferrer noopener\" class=\"ek-link\">Google Maps<\/a><\/p>\n<\/div>\n<\/div>\n\n\n<div class=\"wp-block-ub-divider ub_divider ub-divider-orientation-horizontal\" id=\"ub_divider_ed0fe5d5-bd1e-449a-a3fa-4d61448b06fa\"><div class=\"ub_divider_wrapper\" style=\"position: relative; margin-bottom: 2px; width: 100%; height: 2px; \" data-divider-alignment=\"center\"><div class=\"ub_divider_line\" style=\"border-top: 2px solid #ccc; margin-top: 2px; \"><\/div><\/div><\/div>\n\n\n<h4 class=\"wp-block-heading\" id=\"nuragic-complex-of-palmavera\"><strong>Complesso Nuragico di Palmavera<\/strong><\/h4>\n\n\n\n<p class=\"translation-block\">Il Complesso Nuragico di Palmavera \u00e8 un sito archeologico situato a ovest di Alghero. Questo villaggio preistorico fu costruito dalla civilt\u00e0 nuragica a partire dal quindicesimo secolo a.C. e fu abitato fino all'ottavo secolo a.C.. Il complesso comprende una struttura centrale fortificata circondata da vari altri edifici.<\/p>\n\n\n\n<div class=\"wp-block-columns is-layout-flex wp-container-core-columns-is-layout-9d6595d7 wp-block-columns-is-layout-flex\">\n<div class=\"wp-block-column is-layout-flow wp-block-column-is-layout-flow\" style=\"flex-basis:85%\">\n<p>Indirizzo: SS127bis, 07041 Alghero SS<br>Coordinate: 40.5950, 8.2428<\/p>\n<\/div>\n\n\n\n<div class=\"wp-block-column is-layout-flow wp-block-column-is-layout-flow\" style=\"flex-basis:15%\">\n<p class=\"has-text-align-right\"><a aria-label=\" (opens in a new tab)\" href=\"https:\/\/goo.gl\/maps\/4TrQbFa9jkf9APjs6\" target=\"_blank\" rel=\"noreferrer noopener\" class=\"ek-link\"><\/a><a href=\"https:\/\/maps.app.goo.gl\/LLnyRShy7aVPok4u7\" target=\"_blank\" aria-label=\" (opens in a new tab)\" rel=\"noreferrer noopener\" class=\"ek-link\">Google Maps<\/a><\/p>\n<\/div>\n<\/div>\n\n\n<div class=\"wp-block-ub-divider ub_divider ub-divider-orientation-horizontal\" id=\"ub_divider_9cff68d7-a66a-488f-a587-57b0ceb32b36\"><div class=\"ub_divider_wrapper\" style=\"position: relative; margin-bottom: 2px; width: 100%; height: 2px; \" data-divider-alignment=\"center\"><div class=\"ub_divider_line\" style=\"border-top: 2px solid #ccc; margin-top: 2px; \"><\/div><\/div><\/div>\n\n\n<h4 class=\"wp-block-heading\" id=\"porto-conte\"><strong>Porto Conte<\/strong><\/h4>\n\n\n\n<p>Porto Conte \u00e8 una baia situata lungo la costa nord-occidentale della Sardegna a ovest di Alghero. Questa zona, nota per il suo splendido ambiente naturale, ha una ricca flora e fauna, e fa parte di una riserva naturale. Porto Conte \u00e8 anche famosa per le sue spiagge e le sue acque limpide.<\/p>\n\n\n\n<div class=\"wp-block-columns is-layout-flex wp-container-core-columns-is-layout-9d6595d7 wp-block-columns-is-layout-flex\">\n<div class=\"wp-block-column is-layout-flow wp-block-column-is-layout-flow\" style=\"flex-basis:85%\">\n<p>Indirizzo: Via Porto Conte, 07041 Maristella SS<br>Coordinate: 40.5937, 8.2043<\/p>\n<\/div>\n\n\n\n<div class=\"wp-block-column is-layout-flow wp-block-column-is-layout-flow\" style=\"flex-basis:15%\">\n<p class=\"has-text-align-right\"><a aria-label=\" (opens in a new tab)\" href=\"https:\/\/goo.gl\/maps\/4TrQbFa9jkf9APjs6\" target=\"_blank\" rel=\"noreferrer noopener\" class=\"ek-link\"><\/a><a href=\"https:\/\/maps.app.goo.gl\/daBgVUErqYYtoaG18\" target=\"_blank\" aria-label=\" (opens in a new tab)\" rel=\"noreferrer noopener\" class=\"ek-link\">Google Maps<\/a><\/p>\n<\/div>\n<\/div>\n\n\n<div class=\"wp-block-ub-divider ub_divider ub-divider-orientation-horizontal\" id=\"ub_divider_cecc9cf9-454e-491f-a72f-0472c54824c7\"><div class=\"ub_divider_wrapper\" style=\"position: relative; margin-bottom: 2px; width: 100%; height: 2px; \" data-divider-alignment=\"center\"><div class=\"ub_divider_line\" style=\"border-top: 2px solid #ccc; margin-top: 2px; \"><\/div><\/div><\/div>\n\n\n<h4 class=\"wp-block-heading\" id=\"neptunes-grotto\"><strong>Grotte di Nettuno<\/strong><\/h4>\n\n\n\n<p class=\"translation-block\">Le Grotte di Nettuno sono una grotta naturale sul mare situata quasi all'estremit\u00e0 meridionale del lungo promontorio roccioso di <strong>Capo Caccia<\/strong>. Questo promontorio \u00e8 noto per la sua bellezza e le Grotte di Nettuno sono l'attrazione principale della zona, grazie alle sue peculiari formazioni rocciose e ai suoi laghi.<\/p>\n\n\n\n<div class=\"wp-block-columns is-layout-flex wp-container-core-columns-is-layout-9d6595d7 wp-block-columns-is-layout-flex\">\n<div class=\"wp-block-column is-layout-flow wp-block-column-is-layout-flow\" style=\"flex-basis:85%\">\n<p>Indirizzo: Grotte di Nettuno, 07041 Alghero SS<br>Coordinate: 40.5651, 8.1604<\/p>\n<\/div>\n\n\n\n<div class=\"wp-block-column is-layout-flow wp-block-column-is-layout-flow\" style=\"flex-basis:15%\">\n<p class=\"has-text-align-right\"><a aria-label=\" (opens in a new tab)\" href=\"https:\/\/goo.gl\/maps\/4TrQbFa9jkf9APjs6\" target=\"_blank\" rel=\"noreferrer noopener\" class=\"ek-link\"><\/a><a href=\"https:\/\/maps.app.goo.gl\/nZBgz9oeKfUh67JL9\" target=\"_blank\" aria-label=\" (opens in a new tab)\" rel=\"noreferrer noopener\" class=\"ek-link\">Google Maps<\/a><\/p>\n<\/div>\n<\/div>","protected":false},"excerpt":{"rendered":"<p>&lt;&lt; Sardinia Alghero is a city located on the Mediterranean Sea in Northwestern Sardinia. The area has been inhabited since ancient times, but the city was only founded in the 12th century, and quickly grew to become one of the main centers in the region. After being taken by the Aragonese, many people from Catalonia came to live in Alghero, and the Catalan language still survives here to this day. Alghero is now a tourist destination with various historic attractions, known for its Catalan community. Alghero Cathedral The Alghero Cathedral is the main church of the city located in the middle of the old town. The church was built in Catalan Gothic style during the 16th century, and was later reworked with the addition of a large Neoclassical facade. The church features various artworks and decorations, and is also known for its imposing 16th-century bell tower. Address: Piazza Duomo, 2, 07041 Alghero SSCoordinates: 40.5592, 8.3127 Google Maps Walls of Alghero The old town of Alghero, located on the sea, is still mostly surrounded by a series of ancient fortifications. Most of the fortifications were built during the period of Aragonese and Spanish domination over the city, and include several bastions and towers along the coast and overlooking the sea. Address: Bastioni Pigafetta, 6, 07041 Alghero SSCoordinates: 40.5606, 8.3117 Google Maps Church of San Francesco The Church of San Francesco is a historic church in the old town of Alghero. The church was built in Catalan Gothic style between the 15th and 16th century, and features an imposing structure. Various artworks and decorations are housed inside the church. Address: Via Carlo Alberto, 46, 07041 Alghero SSCoordinates: 40.5583, 8.3138 Google Maps Archaeological Museum of Alghero The Archaeological Museum of Alghero (Museo Archeologico di Alghero) is an archaeological museum located adjacent to the Baroque Church of San Michele in Alghero. The museum houses exhibitions dedicated on local history, with various archaeological findings unearthed around the city. Address: Via Carlo Alberto, 72, 07041 Alghero SSCoordinates: 40.5573, 8.3142 Google Maps Coral Museum of Alghero The Coral Museum of Alghero (Museo del Corallo di Alghero) is a museum in Alghero, dedicated to the local coral and the long tradition of coral trade in the city. The museum houses exhibitions on coral, and various pieces of historic jewellery. Address: Via XX Settembre, 8, 07041 Alghero SSCoordinates: 40.5572, 8.3162 Google Maps Necropolis of Anghelu Ruju The Necropolis of Anghelu Ruju is an ancient necropolis located in the countryside north of Alghero. This is the largest pre-Nuragic necropolis in Sardinia, and houses numerous prehistoric tombs dating between the Neolithic and the Bronze Age. Several archaeological findings have been unearthed here. Address: SP 42 dei Due Mari, 07041 Alghero SSCoordinates: 40.6330, 8.3264 Google Maps Nuragic Complex of Palmavera The Nuragic Complex of Palmavera (Complesso Nuragico di Palmavera) is an archaeological site located west of Alghero. This prehistoric village was built by the Nuragic civilization starting from the 15th century BCE, and was inhabited until the 8th century BCE. The complex includes a central fortified structure surrounded by various other buildings. Address: SS127bis, 07041 Alghero SSCoordinates: 40.5950, 8.2428 Google Maps Porto Conte Porto Conte is a bay located along the northwestern coast of Sardinia west of Alghero. This area, known for its beautiful natural environment, has a rich flora and fauna, and is part of a nature reserve. Porto Conte is also famous for its beaches and clear waters. Address: Via Porto Conte, 07041 Maristella SSCoordinates: 40.5937, 8.2043 Google Maps Neptune&#8217;s Grotto Neptune&#8217;s Grotto (Grotte di Nettuno) is a natural cave on the sea located almost at the southern end of the long rocky promontory of Cape Caccia (Capo Caccia). This promontory is known for its beauty, and Neptune&#8217;s Grotto is the main attraction in the area, thanks to its peculiar rock formations and lakes. Address: Grotte di Nettuno, 07041 Alghero SSCoordinates: 40.5651, 8.1604 Google Maps<\/p>","protected":false},"author":1,"featured_media":0,"parent":932,"menu_order":0,"comment_status":"closed","ping_status":"closed","template":"","meta":{"_editorskit_title_hidden":false,"_editorskit_reading_time":0,"_editorskit_is_block_options_detached":false,"_editorskit_block_options_position":"{}","om_disable_all_campaigns":false,"_uag_custom_page_level_css":"","advgb_blocks_editor_width":"","advgb_blocks_columns_visual_guide":"","_monsterinsights_skip_tracking":false,"_monsterinsights_sitenote_active":false,"_monsterinsights_sitenote_note":"","_monsterinsights_sitenote_category":0,"footnotes":""},"class_list":["post-11381","page","type-page","status-publish","hentry"],"aioseo_notices":[],"featured_image_src":null,"uagb_featured_image_src":{"full":false,"thumbnail":false,"medium":false,"medium_large":false,"large":false,"1536x1536":false,"2048x2048":false,"trp-custom-language-flag":false,"xs-thumb":false,"post-thumbnail":false,"minimalistblogger-grid":false,"minimalistblogger-slider":false,"minimalistblogger-small":false},"uagb_author_info":{"display_name":"Stefano Cammisa","author_link":"https:\/\/www.cosmundus.com\/it\/author\/stefano-cammisa\/"},"uagb_comment_info":0,"uagb_excerpt":"&lt;&lt; Sardinia Alghero is a city located on the Mediterranean Sea in Northwestern Sardinia. The area has been inhabited since ancient times, but the city was only founded in the 12th century, and quickly grew to become one of the main centers in the region. After being taken by the Aragonese, many people from Catalonia&hellip;","coauthors":[],"author_meta":{"author_link":"https:\/\/www.cosmundus.com\/it\/author\/stefano-cammisa\/","display_name":"Stefano Cammisa"},"relative_dates":{"created":"Pubblicato 2 anni fa","modified":"Aggiornato 2 anni fa"},"absolute_dates":{"created":"Pubblicato il 7 Ottobre 2024","modified":"Aggiornato il 7 Ottobre 2024"},"absolute_dates_time":{"created":"Pubblicato il 7 Ottobre 2024 10:59 am","modified":"Aggiornato il 7 Ottobre 2024 10:59 am"},"featured_img_caption":"","featured_img":false,"series_order":"","_links":{"self":[{"href":"https:\/\/www.cosmundus.com\/it\/wp-json\/wp\/v2\/pages\/11381","targetHints":{"allow":["GET"]}}],"collection":[{"href":"https:\/\/www.cosmundus.com\/it\/wp-json\/wp\/v2\/pages"}],"about":[{"href":"https:\/\/www.cosmundus.com\/it\/wp-json\/wp\/v2\/types\/page"}],"author":[{"embeddable":true,"href":"https:\/\/www.cosmundus.com\/it\/wp-json\/wp\/v2\/users\/1"}],"replies":[{"embeddable":true,"href":"https:\/\/www.cosmundus.com\/it\/wp-json\/wp\/v2\/comments?post=11381"}],"version-history":[{"count":6,"href":"https:\/\/www.cosmundus.com\/it\/wp-json\/wp\/v2\/pages\/11381\/revisions"}],"predecessor-version":[{"id":11936,"href":"https:\/\/www.cosmundus.com\/it\/wp-json\/wp\/v2\/pages\/11381\/revisions\/11936"}],"up":[{"embeddable":true,"href":"https:\/\/www.cosmundus.com\/it\/wp-json\/wp\/v2\/pages\/932"}],"wp:attachment":[{"href":"https:\/\/www.cosmundus.com\/it\/wp-json\/wp\/v2\/media?parent=11381"}],"curies":[{"name":"wp","href":"https:\/\/api.w.org\/{rel}","templated":true}]}}